{"id":839,"date":"2020-06-03T13:40:23","date_gmt":"2020-06-03T11:40:23","guid":{"rendered":"https:\/\/mollers.libelnet.nl\/?page_id=839"},"modified":"2026-03-30T20:30:13","modified_gmt":"2026-03-30T18:30:13","slug":"health-claims","status":"publish","type":"page","link":"https:\/\/mollersomega3.nl\/en\/health-claims\/","title":{"rendered":"Health claims"},"content":{"rendered":"<h2>What are the health claims and benefits of M\u00f6ller&#8217;s?<\/h2>\n<p><span title=\"\">One spoonful of M\u00f6ller&#8217;s Omega-3 is full of healthy nutrients: omega-3, vitamins A, D and E. M\u00f6ller&#8217;s has many scientifically proven health benefits.<\/span> <span title=\"\">These claims are strictly regulated and monitored by the European Food Safety Authority (EFSA).<\/span> <span title=\"\">Due to this strict control, a food product cannot simply claim that it is health-promoting.<\/span> <span title=\"\">This means that all listed health effects of M\u00f6ller\u2019s Omega-3 have been proven scientifically.<\/span> <span title=\"\">M\u00f6ller\u2019s can carry the widest range of health claims in the omega-3 supplement segment.<\/span><\/p>\n<h2>M\u00f6ller&#8217;s Omega-3 is good for<\/h2>\n<div class=\"menu\"><ul>\n<li class=\"page_item page-item-851\"><a href=\"https:\/\/mollersomega3.nl\/en\/about-us\/\">About us<\/a><\/li>\n<li class=\"page_item page-item-923\"><a href=\"https:\/\/mollersomega3.nl\/en\/cart\/\">Cart<\/a><\/li>\n<li class=\"page_item page-item-4340\"><a href=\"https:\/\/mollersomega3.nl\/en\/cart-2\/\">Cart<\/a><\/li>\n<li class=\"page_item page-item-201\"><a href=\"https:\/\/mollersomega3.nl\/en\/checkout\/\">Checkout<\/a><\/li>\n<li class=\"page_item page-item-4343\"><a href=\"https:\/\/mollersomega3.nl\/en\/checkout-2\/\">Checkout<\/a><\/li>\n<li class=\"page_item page-item-732\"><a href=\"https:\/\/mollersomega3.nl\/en\/cod-liver-oil-the-differences-with-regular-fish-oil\/\">Cod Liver Oil vs. Fish Oil: What are the differences and which is better for you?<\/a><\/li>\n<li class=\"page_item page-item-845\"><a href=\"https:\/\/mollersomega3.nl\/en\/superior-taste-award-for-mollers-cod-liver-oil\/\">Cod Liver Oil with the Best Taste<\/a><\/li>\n<li class=\"page_item page-item-1007591\"><a href=\"https:\/\/mollersomega3.nl\/en\/current-mollers-omega-3-offers\/\">Current M\u00f6ller&#8217;s Omega-3 Offers<\/a><\/li>\n<li class=\"page_item page-item-842\"><a href=\"https:\/\/mollersomega3.nl\/en\/customer-service\/\">Customer service<\/a><\/li>\n<li class=\"page_item page-item-593\"><a href=\"https:\/\/mollersomega3.nl\/en\/disclaimer\/\">Disclaimer<\/a><\/li>\n<li class=\"page_item page-item-861\"><a href=\"https:\/\/mollersomega3.nl\/en\/frequently-asked-questions-concerning-cod-liver-oil\/\">Frequently asked questions<\/a><\/li>\n<li class=\"page_item page-item-596\"><a href=\"https:\/\/mollersomega3.nl\/en\/friend-of-the-sea-sustainability-label\/\">Friend of the Sea: the sustainability label on all M\u00f6ller\u2019s Omega-3 products<\/a><\/li>\n<li class=\"page_item page-item-839\"><a href=\"https:\/\/mollersomega3.nl\/en\/health-claims\/\">Health claims<\/a><\/li>\n<li class=\"page_item page-item-204\"><a href=\"https:\/\/mollersomega3.nl\/en\/\">Home<\/a><\/li>\n<li class=\"page_item page-item-865\"><a href=\"https:\/\/mollersomega3.nl\/en\/for-whom\/\">Is Cod Liver Oil Healthy?<\/a><\/li>\n<li class=\"page_item page-item-1005674\"><a href=\"https:\/\/mollersomega3.nl\/en\/mollers-fully-commits-to-cod-liver-oil\/\">M\u00f6ller&#8217;s Fully Commits to Cod Liver Oil<\/a><\/li>\n<li class=\"page_item page-item-918\"><a href=\"https:\/\/mollersomega3.nl\/en\/my-account\/\">My Account<\/a><\/li>\n<li class=\"page_item page-item-879\"><a href=\"https:\/\/mollersomega3.nl\/en\/development-of-children\/\">Omega 3 and Child Development<\/a><\/li>\n<li class=\"page_item page-item-239\"><a href=\"https:\/\/mollersomega3.nl\/en\/omega-3-and-the-heart\/\">Omega-3 and the Heart<\/a><\/li>\n<li class=\"page_item page-item-576\"><a href=\"https:\/\/mollersomega3.nl\/en\/omega-3-and-vitamin-a-for-the-skin\/\">Omega-3 and Vitamin A for the Skin<\/a><\/li>\n<li class=\"page_item page-item-491\"><a href=\"https:\/\/mollersomega3.nl\/en\/omega-3-dha-and-functioning-brain\/\">Omega-3 DHA and functioning Brain<\/a><\/li>\n<li class=\"page_item page-item-520\"><a href=\"https:\/\/mollersomega3.nl\/en\/omega-3-vitamin-a-and-vision\/\">Omega-3, Vitamin A and Vision<\/a><\/li>\n<li class=\"page_item page-item-831\"><a href=\"https:\/\/mollersomega3.nl\/en\/order-return\/\">Ordering  Returns<\/a><\/li>\n<li class=\"page_item page-item-854\"><a href=\"https:\/\/mollersomega3.nl\/en\/privacy-statement\/\">Privacy statement<\/a><\/li>\n<li class=\"page_item page-item-962\"><a href=\"https:\/\/mollersomega3.nl\/en\/products\/\">Products<\/a><\/li>\n<li class=\"page_item page-item-848\"><a href=\"https:\/\/mollersomega3.nl\/en\/norwegian-quality-and-purity\/\">Quality and Purity from Norway<\/a><\/li>\n<li class=\"page_item page-item-1005692\"><a href=\"https:\/\/mollersomega3.nl\/en\/scientific-information-for-professionals\/\">Scientific Information for Professionals<\/a><\/li>\n<li class=\"page_item page-item-921\"><a href=\"https:\/\/mollersomega3.nl\/en\/search\/\">Search<\/a><\/li>\n<li class=\"page_item page-item-1005682\"><a href=\"https:\/\/mollersomega3.nl\/en\/support-your-childrens-growth-with-just-one-spoon-of-mollers-omega-3-per-day\/\">Support your Children&#8217;s Growth with just one Spoon of M\u00f6ller&#8217;s Omega-3 per Day!<\/a><\/li>\n<li class=\"page_item page-item-1005679\"><a href=\"https:\/\/mollersomega3.nl\/en\/take-good-care-of-yourself-with-mollers-omega-3-cod-liver-oil\/\">Take Good Care of Yourself with M\u00f6ller&#8217;s Omega-3 Cod Liver Oil!<\/a><\/li>\n<li class=\"page_item page-item-590\"><a href=\"https:\/\/mollersomega3.nl\/en\/terms-and-conditions\/\">Terms and Conditions<\/a><\/li>\n<li class=\"page_item page-item-492\"><a href=\"https:\/\/mollersomega3.nl\/en\/vitamin-a-and-d-in-mollers-omega-3\/\">Vitamin A and D in M\u00f6ller&#8217;s Omega-3 benefit the Immune System<\/a><\/li>\n<li class=\"page_item page-item-522\"><a href=\"https:\/\/mollersomega3.nl\/en\/vitamin-d-for-muscles-and-bones\/\">Vitamin D for Muscles and Bones<\/a><\/li>\n<li class=\"page_item page-item-874\"><a href=\"https:\/\/mollersomega3.nl\/en\/what-are-vitamins-a-d-and-e\/\">What are Vitamins a, D and E?<\/a><\/li>\n<li class=\"page_item page-item-871\"><a href=\"https:\/\/mollersomega3.nl\/en\/omega-3-fatty-acids\/\">What is Omega-3?<\/a><\/li>\n<li class=\"page_item page-item-868\"><a href=\"https:\/\/mollersomega3.nl\/en\/where-to-buy\/\">Where to buy<\/a><\/li>\n<li class=\"page_item page-item-707\"><a href=\"https:\/\/mollersomega3.nl\/en\/why-mollers\/\">Why M\u00f6ller&#8217;s<\/a><\/li>\n<\/ul><\/div>\n\n","protected":false},"excerpt":{"rendered":"<p>What are the health claims and benefits of M\u00f6ller&#8217;s? One spoonful of M\u00f6ller&#8217;s Omega-3 is full of healthy nutrients: omega-3, vitamins A, D and E. M\u00f6ller&#8217;s has many scientifically proven health benefits. These claims are strictly regulated and monitored by the European Food Safety Authority (EFSA). Due to this strict control, a food product cannot [&hellip;]<\/p>\n","protected":false},"author":2,"featured_media":0,"parent":0,"menu_order":0,"comment_status":"closed","ping_status":"closed","template":"","meta":{"_yoast_wpseo_focuskw":"Health claims","_yoast_wpseo_title":"Health Claims: Omega-3 and Vitamins | Moller's","_yoast_wpseo_metadesc":"Overview of EFSA-approved health claims for omega-3 (EPA, DHA), vitamin D, vitamin A, and vitamin E in Moller's Omega-3 cod liver oil.","_monsterinsights_skip_tracking":false,"_monsterinsights_sitenote_active":false,"_monsterinsights_sitenote_note":"","_monsterinsights_sitenote_category":0,"footnotes":""},"class_list":["post-839","page","type-page","status-publish","hentry"],"yoast_head":"<!-- This site is optimized with the Yoast SEO Premium plugin v25.1 (Yoast SEO v25.1) - https:\/\/yoast.com\/wordpress\/plugins\/seo\/ -->\n<title>Health Claims: Omega-3 and Vitamins | Moller&#039;s<\/title>\n<meta name=\"description\" content=\"Overview of EFSA-approved health claims for omega-3 (EPA, DHA), vitamin D, vitamin A, and vitamin E in Moller&#039;s Omega-3 cod liver oil.\" \/>\n<meta name=\"robots\" content=\"index, follow, max-snippet:-1, max-image-preview:large, max-video-preview:-1\" \/>\n<link rel=\"canonical\" href=\"https:\/\/mollersomega3.nl\/gezondheidsvoordelen-omega-3\/\" \/>\n<meta property=\"og:locale\" content=\"en_US\" \/>\n<meta property=\"og:type\" content=\"article\" \/>\n<meta property=\"og:title\" content=\"Health claims\" \/>\n<meta property=\"og:description\" content=\"Overview of EFSA-approved health claims for omega-3 (EPA, DHA), vitamin D, vitamin A, and vitamin E in Moller&#039;s Omega-3 cod liver oil.\" \/>\n<meta property=\"og:url\" content=\"https:\/\/mollersomega3.nl\/gezondheidsvoordelen-omega-3\/\" \/>\n<meta property=\"og:site_name\" content=\"M\u00f6llers Omega-3\" \/>\n<meta property=\"article:publisher\" content=\"https:\/\/www.facebook.com\/mollersomega3nl\" \/>\n<meta property=\"article:modified_time\" content=\"2026-03-30T18:30:13+00:00\" \/>\n<meta property=\"og:image\" content=\"https:\/\/mollersomega3.nl\/wp-content\/uploads\/2020\/12\/Mollers_logo_Flag_omega3_ENG_vertical_641x589_300PPI.png\" \/>\n\t<meta property=\"og:image:width\" content=\"641\" \/>\n\t<meta property=\"og:image:height\" content=\"589\" \/>\n\t<meta property=\"og:image:type\" content=\"image\/png\" \/>\n<meta name=\"twitter:card\" content=\"summary_large_image\" \/>\n<meta name=\"twitter:site\" content=\"@mollersomega3nl\" \/>\n<meta name=\"twitter:label1\" content=\"Est. reading time\" \/>\n\t<meta name=\"twitter:data1\" content=\"1 minute\" \/>\n<script type=\"application\/ld+json\" class=\"yoast-schema-graph\">{\"@context\":\"https:\/\/schema.org\",\"@graph\":[{\"@type\":\"WebPage\",\"@id\":\"https:\/\/mollersomega3.nl\/gezondheidsvoordelen-omega-3\/\",\"url\":\"https:\/\/mollersomega3.nl\/gezondheidsvoordelen-omega-3\/\",\"name\":\"Health Claims: Omega-3 and Vitamins | Moller's\",\"isPartOf\":{\"@id\":\"https:\/\/mollersomega3.nl\/#website\"},\"datePublished\":\"2020-06-03T11:40:23+00:00\",\"dateModified\":\"2026-03-30T18:30:13+00:00\",\"description\":\"Overview of EFSA-approved health claims for omega-3 (EPA, DHA), vitamin D, vitamin A, and vitamin E in Moller's Omega-3 cod liver oil.\",\"breadcrumb\":{\"@id\":\"https:\/\/mollersomega3.nl\/gezondheidsvoordelen-omega-3\/#breadcrumb\"},\"inLanguage\":\"en-US\",\"potentialAction\":[{\"@type\":\"ReadAction\",\"target\":[\"https:\/\/mollersomega3.nl\/gezondheidsvoordelen-omega-3\/\"]}]},{\"@type\":\"BreadcrumbList\",\"@id\":\"https:\/\/mollersomega3.nl\/gezondheidsvoordelen-omega-3\/#breadcrumb\",\"itemListElement\":[{\"@type\":\"ListItem\",\"position\":1,\"name\":\"Home\",\"item\":\"https:\/\/mollersomega3.nl\/en\/\"},{\"@type\":\"ListItem\",\"position\":2,\"name\":\"Health claims\"}]},{\"@type\":\"WebSite\",\"@id\":\"https:\/\/mollersomega3.nl\/#website\",\"url\":\"https:\/\/mollersomega3.nl\/\",\"name\":\"M\u00f6llers Omega-3\",\"description\":\"A Spoonful of Life since 1854\",\"publisher\":{\"@id\":\"https:\/\/mollersomega3.nl\/#organization\"},\"potentialAction\":[{\"@type\":\"SearchAction\",\"target\":{\"@type\":\"EntryPoint\",\"urlTemplate\":\"https:\/\/mollersomega3.nl\/?s={search_term_string}\"},\"query-input\":{\"@type\":\"PropertyValueSpecification\",\"valueRequired\":true,\"valueName\":\"search_term_string\"}}],\"inLanguage\":\"en-US\"},{\"@type\":\"Organization\",\"@id\":\"https:\/\/mollersomega3.nl\/#organization\",\"name\":\"M\u00f6llers Omega-3\",\"url\":\"https:\/\/mollersomega3.nl\/\",\"logo\":{\"@type\":\"ImageObject\",\"inLanguage\":\"en-US\",\"@id\":\"https:\/\/mollersomega3.nl\/#\/schema\/logo\/image\/\",\"url\":\"https:\/\/mollersomega3.nl\/wp-content\/uploads\/2020\/07\/mollers-logo-bestellingen.png\",\"contentUrl\":\"https:\/\/mollersomega3.nl\/wp-content\/uploads\/2020\/07\/mollers-logo-bestellingen.png\",\"width\":250,\"height\":86,\"caption\":\"M\u00f6llers Omega-3\"},\"image\":{\"@id\":\"https:\/\/mollersomega3.nl\/#\/schema\/logo\/image\/\"},\"sameAs\":[\"https:\/\/www.facebook.com\/MollersOmega3NL\",\"https:\/\/www.instagram.com\/mollersomega3nl\/\",\"https:\/\/nl.linkedin.com\/company\/good-life-international\",\"https:\/\/www.bol.com\/nl\/nl\/m\/mollers\/\",\"https:\/\/mollersomega3.nl\/en\/\"],\"foundingDate\":\"1854\",\"areaServed\":[\"GB\",\"IE\",\"US\",\"CA\",\"AU\",\"NZ\",\"NL\"],\"knowsAbout\":[\"omega-3\",\"cod liver oil\",\"fish oil\",\"DHA\",\"EPA\",\"vitamin D\"],\"description\":\"Norwegian premium omega-3 brand since 1854. Cod liver oil and fish oil supplements with omega-3, vitamins A, D and E.\"}]}<\/script>\n<!-- \/ Yoast SEO Premium plugin. -->","yoast_head_json":{"title":"Health Claims: Omega-3 and Vitamins | Moller's","description":"Overview of EFSA-approved health claims for omega-3 (EPA, DHA), vitamin D, vitamin A, and vitamin E in Moller's Omega-3 cod liver oil.","robots":{"index":"index","follow":"follow","max-snippet":"max-snippet:-1","max-image-preview":"max-image-preview:large","max-video-preview":"max-video-preview:-1"},"canonical":"https:\/\/mollersomega3.nl\/gezondheidsvoordelen-omega-3\/","og_locale":"en_US","og_type":"article","og_title":"Health claims","og_description":"Overview of EFSA-approved health claims for omega-3 (EPA, DHA), vitamin D, vitamin A, and vitamin E in Moller's Omega-3 cod liver oil.","og_url":"https:\/\/mollersomega3.nl\/gezondheidsvoordelen-omega-3\/","og_site_name":"M\u00f6llers Omega-3","article_publisher":"https:\/\/www.facebook.com\/mollersomega3nl","article_modified_time":"2026-03-30T18:30:13+00:00","og_image":[{"width":641,"height":589,"url":"https:\/\/mollersomega3.nl\/wp-content\/uploads\/2020\/12\/Mollers_logo_Flag_omega3_ENG_vertical_641x589_300PPI.png","type":"image\/png"}],"twitter_card":"summary_large_image","twitter_site":"@mollersomega3nl","twitter_misc":{"Est. reading time":"1 minute"},"schema":{"@context":"https:\/\/schema.org","@graph":[{"@type":"WebPage","@id":"https:\/\/mollersomega3.nl\/gezondheidsvoordelen-omega-3\/","url":"https:\/\/mollersomega3.nl\/gezondheidsvoordelen-omega-3\/","name":"Health Claims: Omega-3 and Vitamins | Moller's","isPartOf":{"@id":"https:\/\/mollersomega3.nl\/#website"},"datePublished":"2020-06-03T11:40:23+00:00","dateModified":"2026-03-30T18:30:13+00:00","description":"Overview of EFSA-approved health claims for omega-3 (EPA, DHA), vitamin D, vitamin A, and vitamin E in Moller's Omega-3 cod liver oil.","breadcrumb":{"@id":"https:\/\/mollersomega3.nl\/gezondheidsvoordelen-omega-3\/#breadcrumb"},"inLanguage":"en-US","potentialAction":[{"@type":"ReadAction","target":["https:\/\/mollersomega3.nl\/gezondheidsvoordelen-omega-3\/"]}]},{"@type":"BreadcrumbList","@id":"https:\/\/mollersomega3.nl\/gezondheidsvoordelen-omega-3\/#breadcrumb","itemListElement":[{"@type":"ListItem","position":1,"name":"Home","item":"https:\/\/mollersomega3.nl\/en\/"},{"@type":"ListItem","position":2,"name":"Health claims"}]},{"@type":"WebSite","@id":"https:\/\/mollersomega3.nl\/#website","url":"https:\/\/mollersomega3.nl\/","name":"M\u00f6llers Omega-3","description":"A Spoonful of Life since 1854","publisher":{"@id":"https:\/\/mollersomega3.nl\/#organization"},"potentialAction":[{"@type":"SearchAction","target":{"@type":"EntryPoint","urlTemplate":"https:\/\/mollersomega3.nl\/?s={search_term_string}"},"query-input":{"@type":"PropertyValueSpecification","valueRequired":true,"valueName":"search_term_string"}}],"inLanguage":"en-US"},{"@type":"Organization","@id":"https:\/\/mollersomega3.nl\/#organization","name":"M\u00f6llers Omega-3","url":"https:\/\/mollersomega3.nl\/","logo":{"@type":"ImageObject","inLanguage":"en-US","@id":"https:\/\/mollersomega3.nl\/#\/schema\/logo\/image\/","url":"https:\/\/mollersomega3.nl\/wp-content\/uploads\/2020\/07\/mollers-logo-bestellingen.png","contentUrl":"https:\/\/mollersomega3.nl\/wp-content\/uploads\/2020\/07\/mollers-logo-bestellingen.png","width":250,"height":86,"caption":"M\u00f6llers Omega-3"},"image":{"@id":"https:\/\/mollersomega3.nl\/#\/schema\/logo\/image\/"},"sameAs":["https:\/\/www.facebook.com\/MollersOmega3NL","https:\/\/www.instagram.com\/mollersomega3nl\/","https:\/\/nl.linkedin.com\/company\/good-life-international","https:\/\/www.bol.com\/nl\/nl\/m\/mollers\/","https:\/\/mollersomega3.nl\/en\/"],"foundingDate":"1854","areaServed":["GB","IE","US","CA","AU","NZ","NL"],"knowsAbout":["omega-3","cod liver oil","fish oil","DHA","EPA","vitamin D"],"description":"Norwegian premium omega-3 brand since 1854. Cod liver oil and fish oil supplements with omega-3, vitamins A, D and E."}]}},"_links":{"self":[{"href":"https:\/\/mollersomega3.nl\/en\/wp-json\/wp\/v2\/pages\/839","targetHints":{"allow":["GET"]}}],"collection":[{"href":"https:\/\/mollersomega3.nl\/en\/wp-json\/wp\/v2\/pages"}],"about":[{"href":"https:\/\/mollersomega3.nl\/en\/wp-json\/wp\/v2\/types\/page"}],"author":[{"embeddable":true,"href":"https:\/\/mollersomega3.nl\/en\/wp-json\/wp\/v2\/users\/2"}],"replies":[{"embeddable":true,"href":"https:\/\/mollersomega3.nl\/en\/wp-json\/wp\/v2\/comments?post=839"}],"version-history":[{"count":0,"href":"https:\/\/mollersomega3.nl\/en\/wp-json\/wp\/v2\/pages\/839\/revisions"}],"wp:attachment":[{"href":"https:\/\/mollersomega3.nl\/en\/wp-json\/wp\/v2\/media?parent=839"}],"curies":[{"name":"wp","href":"https:\/\/api.w.org\/{rel}","templated":true}]}}