{"id":1004577,"date":"2025-02-17T16:26:47","date_gmt":"2025-02-17T15:26:47","guid":{"rendered":"https:\/\/mollersomega3.nl\/?post_type=product&#038;p=1004577"},"modified":"2026-01-13T15:26:19","modified_gmt":"2026-01-13T14:26:19","slug":"testpakket","status":"publish","type":"product","link":"https:\/\/mollersomega3.nl\/en\/product\/testpakket\/","title":{"rendered":"M\u00f6ller&#8217;s Omega-3 Testpakket &#8211; 4 x 5ml"},"content":{"rendered":"<h2 data-start=\"180\" data-end=\"262\">Krijg jij genoeg omega-3 binnen?<\/h2>\n<p data-start=\"264\" data-end=\"604\">Krijg jij (en je gezin) voldoende omega-3 binnen? Eet je twee keer per week vette vis zoals zalm, makreel of haring? Mooi! Dan zit je goed. Zo niet, dan is een kwalitatief supplement een slimme keuze.<\/p>\n<p data-start=\"1029\" data-end=\"1128\">Meer dan 80% van de Nederlanders eet te weinig vette vis. Dat betekent vaak een tekort aan omega-3, terwijl omega-3 essentieel is voor:<\/p>\n<p data-start=\"1130\" data-end=\"1500\">\u2714 <strong data-start=\"1132\" data-end=\"1159\">Hersenen &amp; concentratie: <\/strong>helpt bij cognitieve functies en ontwikkeling bij kinderen<br data-start=\"1220\" data-end=\"1223\" \/>\u2714 <strong data-start=\"1225\" data-end=\"1246\">Hart &amp; bloedvaten: <\/strong>draagt bij aan een normale hartfunctie<br data-start=\"1287\" data-end=\"1290\" \/>\u2714 <strong data-start=\"1292\" data-end=\"1300\">Ogen: <\/strong>ondersteunt een gezond gezichtsvermogen<br data-start=\"1342\" data-end=\"1345\" \/>\u2714 <strong data-start=\"1347\" data-end=\"1364\">Immuunsysteem:\u00a0<\/strong>draagt bij aan een gezond immuunsysteem<br data-start=\"1406\" data-end=\"1409\" \/>\u2714 <strong data-start=\"1411\" data-end=\"1438\">Gewrichten &amp; mobiliteit: <\/strong>helpt gewrichten en spieren soepel te houden en vermindert stijfheid<br \/>\n\u2714 <strong data-start=\"1411\" data-end=\"1438\">Groei &amp; ontwikkeling:\u00a0<\/strong>ondersteunt de ontwikkeling van kinderen<\/p>\n<h2 data-start=\"180\" data-end=\"262\"><strong data-start=\"184\" data-end=\"260\">Probeer de pure kracht van omega-3<\/strong><\/h2>\n<p data-start=\"264\" data-end=\"604\">Wil je ontdekken wat M\u00f6ller\u2019s Omega-3 voor je doet? Dit proefpakket is de perfecte manier om kennis te maken met onze bekroonde, 100% pure Noorse levertraan, rijk aan omega-3 vetzuren (DHA &amp; EPA) en vitamines A, D en E.<\/p>\n<p>\u2705 <strong data-start=\"608\" data-end=\"676\">Makkelijk te proberen zonder meteen een grote fles aan te schaffen<\/strong><br data-start=\"676\" data-end=\"679\" \/>\u2705 <strong data-start=\"681\" data-end=\"757\">Geschikt voor jong en oud \u2013 ondersteunt de gezondheid in elke levensfase<\/strong><br data-start=\"838\" data-end=\"841\" \/>\u2705 <strong data-start=\"843\" data-end=\"901\">Superieure smaak, bekroond met de Superior Taste Award<\/strong><br data-start=\"901\" data-end=\"904\" \/>\u2705 <strong data-start=\"906\" data-end=\"982\">Vloeibare vorm \u2013 gemakkelijk in te nemen, slechts 5 ml (\u00e9\u00e9n dessertlepel) per dag<\/strong><\/p>\n<p>Dit pakket bevat <strong data-start=\"514\" data-end=\"543\">vier handige 5 ml sachets <\/strong>in twee heerlijke smaken: <strong data-start=\"570\" data-end=\"581\">citroen<\/strong> en <strong data-start=\"585\" data-end=\"601\">tutti frutti<\/strong>.<\/p>\n<h2 data-start=\"1806\" data-end=\"1852\"><strong data-start=\"1810\" data-end=\"1850\">Waarom kiezen voor M\u00f6ller\u2019s Omega-3?<\/strong><\/h2>\n<p data-start=\"1853\" data-end=\"2328\">\u2714 <strong data-start=\"1855\" data-end=\"1895\">Bekroond met de Superior Taste Award<\/strong> dankzij de natuurlijke, lekkere smaken<br data-start=\"1941\" data-end=\"1944\" \/>\u2714 <strong data-start=\"1946\" data-end=\"1984\">100% van wilde Arctische kabeljauw<\/strong>, duurzaam gevangen bij de Lofoten in Noorwegen<br data-start=\"2030\" data-end=\"2033\" \/>\u2714 <strong data-start=\"2035\" data-end=\"2094\">Verse visolie met zeer lage oxidatiewaarde (totox &lt; 5): <\/strong>uitzonderlijk vers en puur<br data-start=\"2123\" data-end=\"2126\" \/>\u2714 <strong>O<\/strong><strong data-start=\"2128\" data-end=\"2176\">mega-3 in zijn natuurlijke triglyceridevorm<\/strong> voor betere opname in het lichaam dan synthetische vormen<br data-start=\"2235\" data-end=\"2238\" \/>\u2714 <strong data-start=\"2240\" data-end=\"2277\">Compleet met vitamines A, D3 en E<\/strong> voor een sterk immuunsysteem en gezonde botten<br \/>\n\u2714 <b>Vloeibaar,\u00a0<\/b>waardoor gemakkelijk in te nemen voor jong en oud<\/p>\n<h3>Waarom is het proefpakket niet gratis?<\/h3>\n<p>We willen zoveel mogelijk mensen de kans geven om M\u00f6ller\u2019s Omega-3 zelf te ervaren. Toch vragen we een kleine bijdrage van \u20ac2,50. Dit bedrag helpt ons de verzendkosten te dekken, die voor kleine pakketten relatief hoog zijn. Zo kunnen we dit proefpakket blijven aanbieden zonder concessies te doen aan kwaliteit en service. We hopen op je begrip en waarderen je interesse in een gezondere levensstijl!<\/p>\n<h2><strong>Ingredi\u00ebnten<\/strong><\/h2>\n<h3 data-start=\"2376\" data-end=\"2410\"><strong data-start=\"2380\" data-end=\"2408\">M\u00f6ller\u2019s Omega-3 Citroen<\/strong><\/h3>\n<p data-start=\"2411\" data-end=\"2600\"><strong data-start=\"2411\" data-end=\"2428\">Ingredi\u00ebnten:<\/strong> Levertraan afkomstig van duurzaam gevangen Arctische kabeljauw (vis), natuurlijk citroenaroma, dl-\u03b1-tocoferylacetaat (vitamine E) en natuurlijke tocoferol (antioxidant).<\/p>\n<h3 data-start=\"2602\" data-end=\"2641\"><strong data-start=\"2606\" data-end=\"2639\">M\u00f6ller\u2019s Omega-3 Tutti Frutti<\/strong><\/h3>\n<p data-start=\"2642\" data-end=\"2837\"><strong data-start=\"2642\" data-end=\"2659\">Ingredi\u00ebnten:<\/strong> Levertraan afkomstig van duurzaam gevangen Arctische kabeljauw (vis), natuurlijk fruitaroma, dl-\u03b1-tocoferylacetaat (vitamine E) en natuurlijke tocoferol (antioxidant).<\/p>\n<p data-start=\"2839\" data-end=\"2967\"><strong data-start=\"2839\" data-end=\"2965\">M\u00f6ller\u2019s Omega-3 bevat g\u00e9\u00e9n conserveringsmiddelen, g\u00e9\u00e9n kunstmatige kleur- of smaakstoffen en g\u00e9\u00e9n suikers of zoetstoffen.<\/strong><\/p>\n<h2 data-start=\"2969\" data-end=\"3033\"><strong data-start=\"2973\" data-end=\"3031\">Voedingswaarden per 5 ml<\/strong><\/h2>\n<table data-start=\"3034\" data-end=\"3531\">\n<thead data-start=\"3034\" data-end=\"3097\">\n<tr data-start=\"3034\" data-end=\"3097\">\n<th data-start=\"3034\" data-end=\"3055\"><\/th>\n<th data-start=\"3055\" data-end=\"3069\">Citroen<\/th>\n<th data-start=\"3069\" data-end=\"3097\">Tutti Frutti<\/th>\n<\/tr>\n<\/thead>\n<tbody data-start=\"3160\" data-end=\"3531\">\n<tr data-start=\"3160\" data-end=\"3221\">\n<td>Omega-3 vetzuren<\/td>\n<td>1110 mg<\/td>\n<td>1120 mg<\/td>\n<\/tr>\n<tr data-start=\"3222\" data-end=\"3283\">\n<td>\u2013 DHA<\/td>\n<td>500 mg<\/td>\n<td>510 mg<\/td>\n<\/tr>\n<tr data-start=\"3284\" data-end=\"3345\">\n<td>\u2013 EPA<\/td>\n<td>360 mg<\/td>\n<td>370 mg<\/td>\n<\/tr>\n<tr data-start=\"3346\" data-end=\"3407\">\n<td>Vitamine D<\/td>\n<td>10 mcg (200%*)<\/td>\n<td>10 mcg (200%*)<\/td>\n<\/tr>\n<tr data-start=\"3408\" data-end=\"3469\">\n<td>Vitamine A<\/td>\n<td>250 mcg (31%*)<\/td>\n<td>250 mcg (31%*)<\/td>\n<\/tr>\n<tr data-start=\"3470\" data-end=\"3531\">\n<td>Vitamine E<\/td>\n<td>3 mg (25%*)<\/td>\n<td>3 mg (25%*)<\/td>\n<\/tr>\n<\/tbody>\n<\/table>\n<p data-start=\"3533\" data-end=\"3558\">* Van referentie-inname<\/p>\n<h2 data-start=\"3565\" data-end=\"3607\"><strong data-start=\"3568\" data-end=\"3605\">Hoe gebruik je het?<\/strong><\/h2>\n<h3 data-start=\"3609\" data-end=\"3660\"><strong data-start=\"3613\" data-end=\"3658\">Voor volwassenen en kinderen vanaf 3 jaar<\/strong><\/h3>\n<ul>\n<li data-start=\"3661\" data-end=\"3898\"><strong data-start=\"3663\" data-end=\"3687\">Dagelijkse dosering:<\/strong> 5 ml (= 1 dessertlepel).<\/li>\n<li data-start=\"3661\" data-end=\"3898\"><strong data-start=\"3717\" data-end=\"3792\">Ook aanbevolen voor zwangere vrouwen en vrouwen die borstvoeding geven.<\/strong><\/li>\n<li data-start=\"3661\" data-end=\"3898\"><strong data-start=\"3797\" data-end=\"3847\">Neem de olie bij voorkeur tijdens een maaltijd<\/strong> voor een optimale opname van de voedingsstoffen.<\/li>\n<\/ul>\n<h3 data-start=\"3900\" data-end=\"3939\"><strong data-start=\"3904\" data-end=\"3937\">Voor kinderen vanaf 6 maanden<\/strong><\/h3>\n<ul>\n<li data-start=\"3940\" data-end=\"4289\"><strong data-start=\"3942\" data-end=\"3966\">Dagelijkse dosering:<\/strong> 2,5 ml (= 1\/2 dessertlepel).<\/li>\n<li data-start=\"3940\" data-end=\"4289\">Begin met een halve dessertlepel per dag en bouw geleidelijk op naar <strong data-start=\"4069\" data-end=\"4095\">1 dessertlepel per dag<\/strong>.<\/li>\n<li data-start=\"3940\" data-end=\"4289\"><strong data-start=\"4101\" data-end=\"4220\">Omega-3 (DHA) is een essenti\u00eble bouwsteen voor de hersenen en ondersteunt de ontwikkeling van het gezichtsvermogen.<\/strong><\/li>\n<li data-start=\"3940\" data-end=\"4289\"><strong data-start=\"4225\" data-end=\"4287\">Vitamine D helpt bij een gezonde bot- en tandontwikkeling.<\/strong><\/li>\n<\/ul>\n<p data-start=\"4291\" data-end=\"4368\">De <strong data-start=\"4294\" data-end=\"4340\">Gezondheidsraad adviseert extra vitamine D<\/strong> voor kinderen tot 4 jaar.<\/p>\n<h2 data-start=\"4375\" data-end=\"4415\"><strong data-start=\"4379\" data-end=\"4413\">Wat zit er in het proefpakket?<\/strong><\/h2>\n<p data-start=\"4416\" data-end=\"4530\"><strong data-start=\"4418\" data-end=\"4468\">\u2714 2 x 5 ml M\u00f6ller&#8217;s Omega-3 Levertraan \u2013 Citroen<\/strong><br data-start=\"4468\" data-end=\"4471\" \/><strong data-start=\"4473\" data-end=\"4528\">\u2714 2 x 5 ml M\u00f6ller&#8217;s Omega-3 Levertraan \u2013 Tutti Frutti<\/strong><\/p>\n<p data-start=\"4532\" data-end=\"4619\">Met dit proefpakket ervaar je zelf hoe gemakkelijk en lekker omega-3 kan zijn!<\/p>\n<h2 data-start=\"4621\" data-end=\"4666\"><strong data-start=\"4625\" data-end=\"4664\">Een gezonde gewoonte, vroeger en nu<\/strong><\/h2>\n<p data-start=\"4667\" data-end=\"5053\">Vroeger was het heel normaal om elke dag een lepel visolie te nemen. Het was d\u00e9 manier om weerstand op te bouwen en gezond te blijven. Tegenwoordig lijkt deze gewoonte verdwenen, terwijl omega-3 nog steeds onmisbaar is voor een gezond lichaam.<\/p>\n<p data-start=\"4667\" data-end=\"5053\">Maak het jezelf makkelijk. <strong data-start=\"5027\" data-end=\"5149\">Met M\u00f6ller\u2019s Omega-3 krijg jij (en je gezin) dagelijks voldoende omega-3 binnen \u2013 zonder gedoe, op een lekkere manier.<\/strong><\/p>\n","protected":false},"excerpt":{"rendered":"<p>Wil je kennismaken met M\u00f6ller&#8217;s Omega-3? Dit proefpakket bestaat uit onze twee favoriete smaken voor jong en oud: <strong>C<\/strong><strong data-start=\"200\" data-end=\"227\">itroen en Tutti Frutti<\/strong> (4 x 5 ml). Rijk aan omega-3 vetzuren (DHA &amp; EPA) en vitamines A, D en E, ondersteunt het hart, hersenen en immuunsysteem. Ontdek zelf de zachte smaak en hoogwaardige kwaliteit van Noorse levertraan!<\/p>\n<p><strong>Let op:<\/strong> Dit proefpakket kunnen we uitsluitend aanbieden binnen Nederland en Belgi\u00eb. Maximaal 1 per klant. Dit product is niet in combinatie met andere producten te bestellen.<\/p>\n","protected":false},"featured_media":1004610,"comment_status":"open","ping_status":"closed","template":"","meta":{"_yoast_wpseo_focuskw":"M\u00f6ller's proberen","_yoast_wpseo_title":"","_yoast_wpseo_metadesc":"Probeer M\u00f6ller's Omega-3 met dit proefpakket! Vier handige 5 ml sachets, rijk aan omega-3 en vitamines A, D en E. Ontdek jouw favoriete smaak!","_monsterinsights_skip_tracking":false,"_monsterinsights_sitenote_active":false,"_monsterinsights_sitenote_note":"","_monsterinsights_sitenote_category":0},"product_brand":[],"product_cat":[512],"product_tag":[],"class_list":{"0":"post-1004577","1":"product","2":"type-product","3":"status-publish","4":"has-post-thumbnail","6":"product_cat-testpakket","7":"product_shipping_class-brievenbuspost","9":"first","10":"instock","11":"sale","12":"sold-individually","13":"purchasable","14":"product-type-simple"},"wcpa_form_fields":null,"yoast_head":"<!-- This site is optimized with the Yoast SEO Premium plugin v25.1 (Yoast SEO v25.1) - https:\/\/yoast.com\/wordpress\/plugins\/seo\/ -->\n<title>M\u00f6ller&#039;s Omega-3 Testpakket - 4 x 5ml - M\u00f6llers Omega-3<\/title>\n<meta name=\"description\" content=\"Probeer M\u00f6ller&#039;s Omega-3 met dit proefpakket! Vier handige 5 ml sachets, rijk aan omega-3 en vitamines A, D en E. Ontdek jouw favoriete smaak!\" \/>\n<meta name=\"robots\" content=\"index, follow, max-snippet:-1, max-image-preview:large, max-video-preview:-1\" \/>\n<link rel=\"canonical\" href=\"https:\/\/mollersomega3.nl\/en\/product\/testpakket\/\" \/>\n<meta property=\"og:locale\" content=\"en_US\" \/>\n<meta property=\"og:type\" content=\"article\" \/>\n<meta property=\"og:title\" content=\"M\u00f6ller&#039;s Omega-3 Testpakket - 4 x 5ml\" \/>\n<meta property=\"og:description\" content=\"Probeer M\u00f6ller&#039;s Omega-3 met dit proefpakket! Vier handige 5 ml sachets, rijk aan omega-3 en vitamines A, D en E. Ontdek jouw favoriete smaak!\" \/>\n<meta property=\"og:url\" content=\"https:\/\/mollersomega3.nl\/en\/product\/testpakket\/\" \/>\n<meta property=\"og:site_name\" content=\"M\u00f6llers Omega-3\" \/>\n<meta property=\"article:publisher\" content=\"https:\/\/www.facebook.com\/mollersomega3nl\" \/>\n<meta property=\"article:modified_time\" content=\"2026-01-13T14:26:19+00:00\" \/>\n<meta property=\"og:image\" content=\"https:\/\/mollersomega3.nl\/wp-content\/uploads\/2025\/02\/basisdoc-packshots-samples_1000x1000.png\" \/>\n\t<meta property=\"og:image:width\" content=\"1000\" \/>\n\t<meta property=\"og:image:height\" content=\"1000\" \/>\n\t<meta property=\"og:image:type\" content=\"image\/png\" \/>\n<meta name=\"twitter:card\" content=\"summary_large_image\" \/>\n<meta name=\"twitter:site\" content=\"@mollersomega3nl\" \/>\n<meta name=\"twitter:label1\" content=\"Est. reading time\" \/>\n\t<meta name=\"twitter:data1\" content=\"4 minutes\" \/>\n<script type=\"application\/ld+json\" class=\"yoast-schema-graph\">{\"@context\":\"https:\/\/schema.org\",\"@graph\":[{\"@type\":\"WebPage\",\"@id\":\"https:\/\/mollersomega3.nl\/en\/product\/testpakket\/\",\"url\":\"https:\/\/mollersomega3.nl\/en\/product\/testpakket\/\",\"name\":\"M\u00f6ller's Omega-3 Testpakket - 4 x 5ml - M\u00f6llers Omega-3\",\"isPartOf\":{\"@id\":\"https:\/\/mollersomega3.nl\/#website\"},\"primaryImageOfPage\":{\"@id\":\"https:\/\/mollersomega3.nl\/en\/product\/testpakket\/#primaryimage\"},\"image\":{\"@id\":\"https:\/\/mollersomega3.nl\/en\/product\/testpakket\/#primaryimage\"},\"thumbnailUrl\":\"https:\/\/mollersomega3.nl\/wp-content\/uploads\/2025\/02\/basisdoc-packshots-samples_1000x1000.png\",\"datePublished\":\"2025-02-17T15:26:47+00:00\",\"dateModified\":\"2026-01-13T14:26:19+00:00\",\"description\":\"Probeer M\u00f6ller's Omega-3 met dit proefpakket! Vier handige 5 ml sachets, rijk aan omega-3 en vitamines A, D en E. Ontdek jouw favoriete smaak!\",\"breadcrumb\":{\"@id\":\"https:\/\/mollersomega3.nl\/en\/product\/testpakket\/#breadcrumb\"},\"inLanguage\":\"en-US\",\"potentialAction\":[{\"@type\":\"ReadAction\",\"target\":[\"https:\/\/mollersomega3.nl\/en\/product\/testpakket\/\"]}]},{\"@type\":\"ImageObject\",\"inLanguage\":\"en-US\",\"@id\":\"https:\/\/mollersomega3.nl\/en\/product\/testpakket\/#primaryimage\",\"url\":\"https:\/\/mollersomega3.nl\/wp-content\/uploads\/2025\/02\/basisdoc-packshots-samples_1000x1000.png\",\"contentUrl\":\"https:\/\/mollersomega3.nl\/wp-content\/uploads\/2025\/02\/basisdoc-packshots-samples_1000x1000.png\",\"width\":1000,\"height\":1000},{\"@type\":\"BreadcrumbList\",\"@id\":\"https:\/\/mollersomega3.nl\/en\/product\/testpakket\/#breadcrumb\",\"itemListElement\":[{\"@type\":\"ListItem\",\"position\":1,\"name\":\"Home\",\"item\":\"https:\/\/mollersomega3.nl\/en\/\"},{\"@type\":\"ListItem\",\"position\":2,\"name\":\"Products\",\"item\":\"https:\/\/mollersomega3.nl\/en\/products\/\"},{\"@type\":\"ListItem\",\"position\":3,\"name\":\"M\u00f6ller&#8217;s Omega-3 Testpakket &#8211; 4 x 5ml\"}]},{\"@type\":\"WebSite\",\"@id\":\"https:\/\/mollersomega3.nl\/#website\",\"url\":\"https:\/\/mollersomega3.nl\/\",\"name\":\"M\u00f6llers Omega-3\",\"description\":\"A Spoonful of Life since 1854\",\"publisher\":{\"@id\":\"https:\/\/mollersomega3.nl\/#organization\"},\"potentialAction\":[{\"@type\":\"SearchAction\",\"target\":{\"@type\":\"EntryPoint\",\"urlTemplate\":\"https:\/\/mollersomega3.nl\/?s={search_term_string}\"},\"query-input\":{\"@type\":\"PropertyValueSpecification\",\"valueRequired\":true,\"valueName\":\"search_term_string\"}}],\"inLanguage\":\"en-US\"},{\"@type\":\"Organization\",\"@id\":\"https:\/\/mollersomega3.nl\/#organization\",\"name\":\"M\u00f6llers Omega-3\",\"url\":\"https:\/\/mollersomega3.nl\/\",\"logo\":{\"@type\":\"ImageObject\",\"inLanguage\":\"en-US\",\"@id\":\"https:\/\/mollersomega3.nl\/#\/schema\/logo\/image\/\",\"url\":\"https:\/\/mollersomega3.nl\/wp-content\/uploads\/2020\/07\/mollers-logo-bestellingen.png\",\"contentUrl\":\"https:\/\/mollersomega3.nl\/wp-content\/uploads\/2020\/07\/mollers-logo-bestellingen.png\",\"width\":250,\"height\":86,\"caption\":\"M\u00f6llers Omega-3\"},\"image\":{\"@id\":\"https:\/\/mollersomega3.nl\/#\/schema\/logo\/image\/\"},\"sameAs\":[\"https:\/\/www.facebook.com\/MollersOmega3NL\",\"https:\/\/www.instagram.com\/mollersomega3nl\/\",\"https:\/\/nl.linkedin.com\/company\/good-life-international\",\"https:\/\/www.bol.com\/nl\/nl\/m\/mollers\/\",\"https:\/\/mollersomega3.nl\/en\/\"],\"foundingDate\":\"1854\",\"areaServed\":[\"GB\",\"IE\",\"US\",\"CA\",\"AU\",\"NZ\",\"NL\"],\"knowsAbout\":[\"omega-3\",\"cod liver oil\",\"fish oil\",\"DHA\",\"EPA\",\"vitamin D\"],\"description\":\"Norwegian premium omega-3 brand since 1854. Cod liver oil and fish oil supplements with omega-3, vitamins A, D and E.\"}]}<\/script>\n<!-- \/ Yoast SEO Premium plugin. -->","yoast_head_json":{"title":"M\u00f6ller's Omega-3 Testpakket - 4 x 5ml - M\u00f6llers Omega-3","description":"Probeer M\u00f6ller's Omega-3 met dit proefpakket! Vier handige 5 ml sachets, rijk aan omega-3 en vitamines A, D en E. Ontdek jouw favoriete smaak!","robots":{"index":"index","follow":"follow","max-snippet":"max-snippet:-1","max-image-preview":"max-image-preview:large","max-video-preview":"max-video-preview:-1"},"canonical":"https:\/\/mollersomega3.nl\/en\/product\/testpakket\/","og_locale":"en_US","og_type":"article","og_title":"M\u00f6ller's Omega-3 Testpakket - 4 x 5ml","og_description":"Probeer M\u00f6ller's Omega-3 met dit proefpakket! Vier handige 5 ml sachets, rijk aan omega-3 en vitamines A, D en E. Ontdek jouw favoriete smaak!","og_url":"https:\/\/mollersomega3.nl\/en\/product\/testpakket\/","og_site_name":"M\u00f6llers Omega-3","article_publisher":"https:\/\/www.facebook.com\/mollersomega3nl","article_modified_time":"2026-01-13T14:26:19+00:00","og_image":[{"width":1000,"height":1000,"url":"https:\/\/mollersomega3.nl\/wp-content\/uploads\/2025\/02\/basisdoc-packshots-samples_1000x1000.png","type":"image\/png"}],"twitter_card":"summary_large_image","twitter_site":"@mollersomega3nl","twitter_misc":{"Est. reading time":"4 minutes"},"schema":{"@context":"https:\/\/schema.org","@graph":[{"@type":"WebPage","@id":"https:\/\/mollersomega3.nl\/en\/product\/testpakket\/","url":"https:\/\/mollersomega3.nl\/en\/product\/testpakket\/","name":"M\u00f6ller's Omega-3 Testpakket - 4 x 5ml - M\u00f6llers Omega-3","isPartOf":{"@id":"https:\/\/mollersomega3.nl\/#website"},"primaryImageOfPage":{"@id":"https:\/\/mollersomega3.nl\/en\/product\/testpakket\/#primaryimage"},"image":{"@id":"https:\/\/mollersomega3.nl\/en\/product\/testpakket\/#primaryimage"},"thumbnailUrl":"https:\/\/mollersomega3.nl\/wp-content\/uploads\/2025\/02\/basisdoc-packshots-samples_1000x1000.png","datePublished":"2025-02-17T15:26:47+00:00","dateModified":"2026-01-13T14:26:19+00:00","description":"Probeer M\u00f6ller's Omega-3 met dit proefpakket! Vier handige 5 ml sachets, rijk aan omega-3 en vitamines A, D en E. Ontdek jouw favoriete smaak!","breadcrumb":{"@id":"https:\/\/mollersomega3.nl\/en\/product\/testpakket\/#breadcrumb"},"inLanguage":"en-US","potentialAction":[{"@type":"ReadAction","target":["https:\/\/mollersomega3.nl\/en\/product\/testpakket\/"]}]},{"@type":"ImageObject","inLanguage":"en-US","@id":"https:\/\/mollersomega3.nl\/en\/product\/testpakket\/#primaryimage","url":"https:\/\/mollersomega3.nl\/wp-content\/uploads\/2025\/02\/basisdoc-packshots-samples_1000x1000.png","contentUrl":"https:\/\/mollersomega3.nl\/wp-content\/uploads\/2025\/02\/basisdoc-packshots-samples_1000x1000.png","width":1000,"height":1000},{"@type":"BreadcrumbList","@id":"https:\/\/mollersomega3.nl\/en\/product\/testpakket\/#breadcrumb","itemListElement":[{"@type":"ListItem","position":1,"name":"Home","item":"https:\/\/mollersomega3.nl\/en\/"},{"@type":"ListItem","position":2,"name":"Products","item":"https:\/\/mollersomega3.nl\/en\/products\/"},{"@type":"ListItem","position":3,"name":"M\u00f6ller&#8217;s Omega-3 Testpakket &#8211; 4 x 5ml"}]},{"@type":"WebSite","@id":"https:\/\/mollersomega3.nl\/#website","url":"https:\/\/mollersomega3.nl\/","name":"M\u00f6llers Omega-3","description":"A Spoonful of Life since 1854","publisher":{"@id":"https:\/\/mollersomega3.nl\/#organization"},"potentialAction":[{"@type":"SearchAction","target":{"@type":"EntryPoint","urlTemplate":"https:\/\/mollersomega3.nl\/?s={search_term_string}"},"query-input":{"@type":"PropertyValueSpecification","valueRequired":true,"valueName":"search_term_string"}}],"inLanguage":"en-US"},{"@type":"Organization","@id":"https:\/\/mollersomega3.nl\/#organization","name":"M\u00f6llers Omega-3","url":"https:\/\/mollersomega3.nl\/","logo":{"@type":"ImageObject","inLanguage":"en-US","@id":"https:\/\/mollersomega3.nl\/#\/schema\/logo\/image\/","url":"https:\/\/mollersomega3.nl\/wp-content\/uploads\/2020\/07\/mollers-logo-bestellingen.png","contentUrl":"https:\/\/mollersomega3.nl\/wp-content\/uploads\/2020\/07\/mollers-logo-bestellingen.png","width":250,"height":86,"caption":"M\u00f6llers Omega-3"},"image":{"@id":"https:\/\/mollersomega3.nl\/#\/schema\/logo\/image\/"},"sameAs":["https:\/\/www.facebook.com\/MollersOmega3NL","https:\/\/www.instagram.com\/mollersomega3nl\/","https:\/\/nl.linkedin.com\/company\/good-life-international","https:\/\/www.bol.com\/nl\/nl\/m\/mollers\/","https:\/\/mollersomega3.nl\/en\/"],"foundingDate":"1854","areaServed":["GB","IE","US","CA","AU","NZ","NL"],"knowsAbout":["omega-3","cod liver oil","fish oil","DHA","EPA","vitamin D"],"description":"Norwegian premium omega-3 brand since 1854. Cod liver oil and fish oil supplements with omega-3, vitamins A, D and E."}]}},"_links":{"self":[{"href":"https:\/\/mollersomega3.nl\/en\/wp-json\/wp\/v2\/product\/1004577","targetHints":{"allow":["GET"]}}],"collection":[{"href":"https:\/\/mollersomega3.nl\/en\/wp-json\/wp\/v2\/product"}],"about":[{"href":"https:\/\/mollersomega3.nl\/en\/wp-json\/wp\/v2\/types\/product"}],"replies":[{"embeddable":true,"href":"https:\/\/mollersomega3.nl\/en\/wp-json\/wp\/v2\/comments?post=1004577"}],"wp:featuredmedia":[{"embeddable":true,"href":"https:\/\/mollersomega3.nl\/en\/wp-json\/wp\/v2\/media\/1004610"}],"wp:attachment":[{"href":"https:\/\/mollersomega3.nl\/en\/wp-json\/wp\/v2\/media?parent=1004577"}],"wp:term":[{"taxonomy":"product_brand","embeddable":true,"href":"https:\/\/mollersomega3.nl\/en\/wp-json\/wp\/v2\/product_brand?post=1004577"},{"taxonomy":"product_cat","embeddable":true,"href":"https:\/\/mollersomega3.nl\/en\/wp-json\/wp\/v2\/product_cat?post=1004577"},{"taxonomy":"product_tag","embeddable":true,"href":"https:\/\/mollersomega3.nl\/en\/wp-json\/wp\/v2\/product_tag?post=1004577"}],"curies":[{"name":"wp","href":"https:\/\/api.w.org\/{rel}","templated":true}]}}