{"id":1005695,"date":"2024-08-27T16:11:07","date_gmt":"2024-08-27T14:11:07","guid":{"rendered":"https:\/\/mollersomega3.nl\/product\/mollers-omega-3-family-value-pack-3x-250ml-cod-liver-oil-capsules\/"},"modified":"2025-10-14T12:59:28","modified_gmt":"2025-10-14T10:59:28","slug":"mollers-omega-3-family-value-pack-3x-250ml-cod-liver-oil-capsules","status":"publish","type":"product","link":"https:\/\/mollersomega3.nl\/en\/product\/mollers-omega-3-family-value-pack-3x-250ml-cod-liver-oil-capsules\/","title":{"rendered":"M\u00f6ller&#8217;s Omega-3 Family Value Pack 3x 250ml + Cod Liver Oil Capsules"},"content":{"rendered":"<p><strong>Omega-3 is good for your immunity, heart, and brain. And for children, good omega-3 is extra important! It ensures, for example, good development of their brains. That&#8217;s why the Health Council advises eating fatty fish 1-2 times a week. But&#8230; that&#8217;s not always possible. <\/strong><\/p>\n<p>This pack contains three bottles of M\u00f6ller&#8217;s Omega-3 high-quality fish oil, full of omega-3 fatty acids and vitamins A, D, and E, and as an extra, you receive a jar of cod liver oil capsules. These capsules are ideal for on-the-go and if you prefer not to take liquid oil, so you can always and everywhere benefit from the health advantages of M\u00f6ller&#8217;s.<\/p>\n<h3>Contents of the M\u00f6ller&#8217;s Omega-3 Family Value Pack<\/h3>\n<ul>\n<li>3 bottles in flavor of choice: natural, lemon, tutti frutti, apple<\/li>\n<li>M\u00f6ller&#8217;s Omega-3 Cod Liver Oil Capsules<\/li>\n<\/ul>\n<h2>Why Omega-3 for My Family?<\/h2>\n<p><strong>M\u00f6ller&#8217;s Omega-3 supports your child&#8217;s development:<\/strong><\/p>\n<ul>\n<li>Essential building blocks for the brain<\/li>\n<li>Development of sharp eyesight<\/li>\n<li>A significant boost for immunity<\/li>\n<\/ul>\n<p><strong>Also your daily spoonful of energy and immunity:<\/strong><\/p>\n<ul>\n<li>Brain food for the mind<\/li>\n<li>Healthy heart function and blood vessels<\/li>\n<li>Strong immune system<\/li>\n<\/ul>\n<p><em>Daily intake of 250 mg DHA and EPA supports brain, heart, and eyes. Vitamin D supports the maintenance of healthy immunity and strong bones, teeth, and muscles. <\/em><\/p>\n<h2>What is M\u00f6ller&#8217;s Omega-3?<\/h2>\n<p><img decoding=\"async\" class=\"wp-image-811 alignright\" style=\"margin: 0.5em 0px 0.5em 1em; height: 39px; text-align: left; color: #333333; text-transform: none; text-indent: 0px; letter-spacing: normal; font-size: 16px; font-style: normal; font-variant: normal; font-weight: 400; text-decoration: none; max-width: 100%; float: right;\" src=\"https:\/\/mollersomega3.nl\/wp-content\/uploads\/2020\/06\/noorse-vlag.png\" alt=\"\" width=\"54\" height=\"59\" \/>M\u00f6ller&#8217;s Omega-3 is pure Norwegian fish oil. A unique combination of natural omega-3 (900 mg DHA and EPA per dessert spoon) and vitamins A, D, and E.<\/p>\n<ul>\n<li>Pure cod liver oil with a naturally mild fish taste (Natural), a fresh lemon taste (Lemon), a mild Apple taste (Apple) or a delicious fruit taste (Tutti Frutti); all flavors are awarded with <a href=\"https:\/\/mollersomega3.nl\/en\/superior-taste-award-for-mollers-cod-liver-oil\/\">Superior Taste Award<\/a> for exceptionally good taste.<\/li>\n<li>100% from wild Arctic cod, sustainably caught near Lofoten in Norway.<\/li>\n<li>High-quality omega-3 in its purest form, complete with vitamins A, D3, and E.<\/li>\n<li>Fresh fish oil with very low oxidation value (totox &lt; 5); therefore does not cause reflux.<\/li>\n<li>The omega-3 fatty acids are in their natural triglyceride form, making them better absorbed by the body than ethyl esters.<\/li>\n<li>Liquid, making it easy to take; just one dessert spoon per day.<\/li>\n<\/ul>\n<p>The oil from M\u00f6ller \u201cs is of very high quality, partly due to a very unique and careful <a href=\"https:\/\/mollersomega3.nl\/en\/norwegian-quality-and-purity\/\">production process<\/a>. M\u00f6ller\u201d s Omega-3 is available in <a href=\"https:\/\/mollersomega3.nl\/producten\/\">4 flavors<\/a> and in <a href=\"https:\/\/mollersomega3.nl\/producten\/\">capsules<\/a>.<\/p>\n<h3>Contents 1 Bottle<\/h3>\n<p>One bottle of M\u00f6ller&#8217;s Omega-3 contains 250 ml = 50 daily portions.<\/p>\n<h3>Ingredients<\/h3>\n<p>Cod liver oil from sustainably caught Arctic cod (<strong>fish<\/strong>), dl-\u03b1-tocopheryl acetate (vitamin E) and natural tocopherol (antioxidant).<\/p>\n<p>M\u00f6ller \u201cs Omega-3 Lemon contains natural lemon flavor. M\u00f6ller&#8217;s Omega-3 Apple contains natural apple flavor. M\u00f6ller\u201d s Omega-3 Tutti Frutti contains natural fruit flavor.<\/p>\n<p>M\u00f6ller&#8217;s Omega-3 contains no preservatives, no artificial colors or flavors, and no sugars or sweeteners.<\/p>\n<table dir=\"ltr\" border=\"2\" rules=\"all\" cellspacing=\"2\" cellpadding=\"1\">\n<tbody>\n<tr align=\"left\" valign=\"top\">\n<td align=\"left\" valign=\"middle\">\n<h3>Nutritional value<\/h3>\n<\/td>\n<td align=\"left\" valign=\"middle\">\n<h3>Per 5 ml<\/h3>\n<\/td>\n<\/tr>\n<tr align=\"left\" valign=\"top\">\n<td align=\"left\" valign=\"middle\">Omega-3 fatty acids<\/td>\n<td align=\"left\" valign=\"middle\">1.1 g<\/td>\n<\/tr>\n<tr align=\"left\" valign=\"top\">\n<td align=\"left\" valign=\"middle\">\u2013 DHA<\/td>\n<td align=\"left\" valign=\"middle\">0.5 g<\/td>\n<\/tr>\n<tr align=\"left\" valign=\"top\">\n<td align=\"left\" valign=\"middle\">\u2013 EPA<\/td>\n<td align=\"left\" valign=\"middle\">0.4 g<\/td>\n<\/tr>\n<tr align=\"left\" valign=\"top\">\n<td align=\"left\" valign=\"middle\">Vitamin D<\/td>\n<td align=\"left\" valign=\"middle\">10 mcg (200%*)<\/td>\n<\/tr>\n<tr align=\"left\" valign=\"top\">\n<td align=\"left\" valign=\"middle\">Vitamin A<\/td>\n<td align=\"left\" valign=\"middle\">250 mcg (31%*)<\/td>\n<\/tr>\n<tr align=\"left\" valign=\"top\">\n<td align=\"left\" valign=\"middle\">Vitamin E<\/td>\n<td align=\"left\" valign=\"middle\">3 mg (25%*)<\/td>\n<\/tr>\n<\/tbody>\n<\/table>\n<p>* Of reference intake.<\/p>\n<h3>Recommended Daily Amount<\/h3>\n<h4>Recommended Amount for Adults and Children from 3 Years<\/h4>\n<p>Recommended daily amount for children from 3 years and adults: <strong>5 ml<\/strong> (= 1 dessert spoon).<br \/>\nAlso recommended for pregnant women and women who are breastfeeding.<\/p>\n<p>Preferably take the oil with meals for optimal absorption of the nutrients.<\/p>\n<h3>Store in Refrigerator<\/h3>\n<p>We advise storing the <span style=\"text-decoration: underline;\">unopened<\/span> bottle at room temperature.<br \/>\nFor an optimal fresh taste, store the <span style=\"text-decoration: underline;\">opened<\/span> bottle in the refrigerator. After opening, M\u00f6ller&#8217;s can be kept for 3 months. It is always wise to store food supplements out of reach of young children.<\/p>\n<p><em><strong>For the nutritional values and ingredients of the Cod Liver Oil Capsules: <a href=\"https:\/\/mollersomega3.nl\/en\/product\/mollers-omega-3-cod-liver-oil-capsules\/\">click here<\/a>.<\/strong><\/em><\/p>\n","protected":false},"excerpt":{"rendered":"<p>Is your family getting enough omega-3? Omega-3 is important for a healthy brain, heart, and immune system and contributes to the growth and development of children. With this M\u00f6ller&#8217;s Family Value Pack, you&#8217;re all set!<\/p>\n<p><strong>Step 1: <\/strong>Via the selection menu below, you can indicate which flavors you would like to receive. <strong>Choose a total of 3 bottles<\/strong>.<\/p>\n<p><strong>Step 2: <\/strong>When 3 bottles are selected, the \u201cAdd to cart\u201d button will turn <strong>dark green<\/strong>. You can now add it to your shopping cart!<\/p>\n","protected":false},"featured_media":1007287,"comment_status":"open","ping_status":"closed","template":"","meta":{"_yoast_wpseo_focuskw":"M\u00f6ller's omega-3 family value pack","_yoast_wpseo_title":"M\u00f6ller's Omega-3 Family Value Pack","_yoast_wpseo_metadesc":"Take good care of yourself and your family. M\u00f6ller's is pure omega-3 with vitamin D for brain, heart, and immunity. Now enjoy over \u20ac40 in savings!","_monsterinsights_skip_tracking":false,"_monsterinsights_sitenote_active":false,"_monsterinsights_sitenote_note":"","_monsterinsights_sitenote_category":0},"product_brand":[],"product_cat":[304],"product_tag":[519],"class_list":{"0":"post-1005695","1":"product","2":"type-product","3":"status-publish","4":"has-post-thumbnail","6":"product_cat-pakketten-en","7":"product_tag-liver","9":"first","10":"instock","11":"sale","12":"taxable","13":"shipping-taxable","14":"purchasable","15":"product-type-woosb"},"wcpa_form_fields":null,"yoast_head":"<!-- This site is optimized with the Yoast SEO Premium plugin v25.1 (Yoast SEO v25.1) - https:\/\/yoast.com\/wordpress\/plugins\/seo\/ -->\n<title>M\u00f6ller&#039;s Omega-3 Family Value Pack<\/title>\n<meta name=\"description\" content=\"Take good care of yourself and your family. M\u00f6ller&#039;s is pure omega-3 with vitamin D for brain, heart, and immunity. Now enjoy over \u20ac40 in savings!\" \/>\n<meta name=\"robots\" content=\"index, follow, max-snippet:-1, max-image-preview:large, max-video-preview:-1\" \/>\n<link rel=\"canonical\" href=\"https:\/\/mollersomega3.nl\/product\/mollers-omega-3-familie-voordeelpakket-3x-250ml-levertraancapsules\/\" \/>\n<meta property=\"og:locale\" content=\"en_US\" \/>\n<meta property=\"og:type\" content=\"article\" \/>\n<meta property=\"og:title\" content=\"M\u00f6ller&#039;s Omega-3 Family Value Pack 3x 250ml + Cod Liver Oil Capsules\" \/>\n<meta property=\"og:description\" content=\"Take good care of yourself and your family. M\u00f6ller&#039;s is pure omega-3 with vitamin D for brain, heart, and immunity. Now enjoy over \u20ac40 in savings!\" \/>\n<meta property=\"og:url\" content=\"https:\/\/mollersomega3.nl\/product\/mollers-omega-3-familie-voordeelpakket-3x-250ml-levertraancapsules\/\" \/>\n<meta property=\"og:site_name\" content=\"M\u00f6llers Omega-3\" \/>\n<meta property=\"article:publisher\" content=\"https:\/\/www.facebook.com\/mollersomega3nl\" \/>\n<meta property=\"article:modified_time\" content=\"2025-10-14T10:59:28+00:00\" \/>\n<meta property=\"og:image\" content=\"https:\/\/mollersomega3.nl\/wp-content\/uploads\/2024\/08\/Mollers_familiepakket_1000x1000.jpg\" \/>\n\t<meta property=\"og:image:width\" content=\"1000\" \/>\n\t<meta property=\"og:image:height\" content=\"1000\" \/>\n\t<meta property=\"og:image:type\" content=\"image\/jpeg\" \/>\n<meta name=\"twitter:card\" content=\"summary_large_image\" \/>\n<meta name=\"twitter:site\" content=\"@mollersomega3nl\" \/>\n<meta name=\"twitter:label1\" content=\"Est. reading time\" \/>\n\t<meta name=\"twitter:data1\" content=\"4 minutes\" \/>\n<script type=\"application\/ld+json\" class=\"yoast-schema-graph\">{\"@context\":\"https:\/\/schema.org\",\"@graph\":[{\"@type\":\"WebPage\",\"@id\":\"https:\/\/mollersomega3.nl\/product\/mollers-omega-3-familie-voordeelpakket-3x-250ml-levertraancapsules\/\",\"url\":\"https:\/\/mollersomega3.nl\/product\/mollers-omega-3-familie-voordeelpakket-3x-250ml-levertraancapsules\/\",\"name\":\"M\u00f6ller's Omega-3 Family Value Pack\",\"isPartOf\":{\"@id\":\"https:\/\/mollersomega3.nl\/#website\"},\"primaryImageOfPage\":{\"@id\":\"https:\/\/mollersomega3.nl\/product\/mollers-omega-3-familie-voordeelpakket-3x-250ml-levertraancapsules\/#primaryimage\"},\"image\":{\"@id\":\"https:\/\/mollersomega3.nl\/product\/mollers-omega-3-familie-voordeelpakket-3x-250ml-levertraancapsules\/#primaryimage\"},\"thumbnailUrl\":\"https:\/\/mollersomega3.nl\/wp-content\/uploads\/2024\/08\/Mollers_familiepakket_1000x1000.jpg\",\"datePublished\":\"2024-08-27T14:11:07+00:00\",\"dateModified\":\"2025-10-14T10:59:28+00:00\",\"description\":\"Take good care of yourself and your family. M\u00f6ller's is pure omega-3 with vitamin D for brain, heart, and immunity. Now enjoy over \u20ac40 in savings!\",\"breadcrumb\":{\"@id\":\"https:\/\/mollersomega3.nl\/product\/mollers-omega-3-familie-voordeelpakket-3x-250ml-levertraancapsules\/#breadcrumb\"},\"inLanguage\":\"en-US\",\"potentialAction\":[{\"@type\":\"ReadAction\",\"target\":[\"https:\/\/mollersomega3.nl\/product\/mollers-omega-3-familie-voordeelpakket-3x-250ml-levertraancapsules\/\"]}]},{\"@type\":\"ImageObject\",\"inLanguage\":\"en-US\",\"@id\":\"https:\/\/mollersomega3.nl\/product\/mollers-omega-3-familie-voordeelpakket-3x-250ml-levertraancapsules\/#primaryimage\",\"url\":\"https:\/\/mollersomega3.nl\/wp-content\/uploads\/2024\/08\/Mollers_familiepakket_1000x1000.jpg\",\"contentUrl\":\"https:\/\/mollersomega3.nl\/wp-content\/uploads\/2024\/08\/Mollers_familiepakket_1000x1000.jpg\",\"width\":1000,\"height\":1000},{\"@type\":\"BreadcrumbList\",\"@id\":\"https:\/\/mollersomega3.nl\/product\/mollers-omega-3-familie-voordeelpakket-3x-250ml-levertraancapsules\/#breadcrumb\",\"itemListElement\":[{\"@type\":\"ListItem\",\"position\":1,\"name\":\"Home\",\"item\":\"https:\/\/mollersomega3.nl\/en\/\"},{\"@type\":\"ListItem\",\"position\":2,\"name\":\"Products\",\"item\":\"https:\/\/mollersomega3.nl\/en\/products\/\"},{\"@type\":\"ListItem\",\"position\":3,\"name\":\"M\u00f6ller&#8217;s Omega-3 Family Value Pack 3x 250ml + Cod Liver Oil Capsules\"}]},{\"@type\":\"WebSite\",\"@id\":\"https:\/\/mollersomega3.nl\/#website\",\"url\":\"https:\/\/mollersomega3.nl\/\",\"name\":\"M\u00f6llers Omega-3\",\"description\":\"A Spoonful of Life since 1854\",\"publisher\":{\"@id\":\"https:\/\/mollersomega3.nl\/#organization\"},\"potentialAction\":[{\"@type\":\"SearchAction\",\"target\":{\"@type\":\"EntryPoint\",\"urlTemplate\":\"https:\/\/mollersomega3.nl\/?s={search_term_string}\"},\"query-input\":{\"@type\":\"PropertyValueSpecification\",\"valueRequired\":true,\"valueName\":\"search_term_string\"}}],\"inLanguage\":\"en-US\"},{\"@type\":\"Organization\",\"@id\":\"https:\/\/mollersomega3.nl\/#organization\",\"name\":\"M\u00f6llers Omega-3\",\"url\":\"https:\/\/mollersomega3.nl\/\",\"logo\":{\"@type\":\"ImageObject\",\"inLanguage\":\"en-US\",\"@id\":\"https:\/\/mollersomega3.nl\/#\/schema\/logo\/image\/\",\"url\":\"https:\/\/mollersomega3.nl\/wp-content\/uploads\/2020\/07\/mollers-logo-bestellingen.png\",\"contentUrl\":\"https:\/\/mollersomega3.nl\/wp-content\/uploads\/2020\/07\/mollers-logo-bestellingen.png\",\"width\":250,\"height\":86,\"caption\":\"M\u00f6llers Omega-3\"},\"image\":{\"@id\":\"https:\/\/mollersomega3.nl\/#\/schema\/logo\/image\/\"},\"sameAs\":[\"https:\/\/www.facebook.com\/MollersOmega3NL\",\"https:\/\/www.instagram.com\/mollersomega3nl\/\",\"https:\/\/nl.linkedin.com\/company\/good-life-international\",\"https:\/\/www.bol.com\/nl\/nl\/m\/mollers\/\",\"https:\/\/mollersomega3.nl\/en\/\"],\"foundingDate\":\"1854\",\"areaServed\":[\"GB\",\"IE\",\"US\",\"CA\",\"AU\",\"NZ\",\"NL\"],\"knowsAbout\":[\"omega-3\",\"cod liver oil\",\"fish oil\",\"DHA\",\"EPA\",\"vitamin D\"],\"description\":\"Norwegian premium omega-3 brand since 1854. Cod liver oil and fish oil supplements with omega-3, vitamins A, D and E.\"}]}<\/script>\n<!-- \/ Yoast SEO Premium plugin. -->","yoast_head_json":{"title":"M\u00f6ller's Omega-3 Family Value Pack","description":"Take good care of yourself and your family. M\u00f6ller's is pure omega-3 with vitamin D for brain, heart, and immunity. Now enjoy over \u20ac40 in savings!","robots":{"index":"index","follow":"follow","max-snippet":"max-snippet:-1","max-image-preview":"max-image-preview:large","max-video-preview":"max-video-preview:-1"},"canonical":"https:\/\/mollersomega3.nl\/product\/mollers-omega-3-familie-voordeelpakket-3x-250ml-levertraancapsules\/","og_locale":"en_US","og_type":"article","og_title":"M\u00f6ller's Omega-3 Family Value Pack 3x 250ml + Cod Liver Oil Capsules","og_description":"Take good care of yourself and your family. M\u00f6ller's is pure omega-3 with vitamin D for brain, heart, and immunity. Now enjoy over \u20ac40 in savings!","og_url":"https:\/\/mollersomega3.nl\/product\/mollers-omega-3-familie-voordeelpakket-3x-250ml-levertraancapsules\/","og_site_name":"M\u00f6llers Omega-3","article_publisher":"https:\/\/www.facebook.com\/mollersomega3nl","article_modified_time":"2025-10-14T10:59:28+00:00","og_image":[{"width":1000,"height":1000,"url":"https:\/\/mollersomega3.nl\/wp-content\/uploads\/2024\/08\/Mollers_familiepakket_1000x1000.jpg","type":"image\/jpeg"}],"twitter_card":"summary_large_image","twitter_site":"@mollersomega3nl","twitter_misc":{"Est. reading time":"4 minutes"},"schema":{"@context":"https:\/\/schema.org","@graph":[{"@type":"WebPage","@id":"https:\/\/mollersomega3.nl\/product\/mollers-omega-3-familie-voordeelpakket-3x-250ml-levertraancapsules\/","url":"https:\/\/mollersomega3.nl\/product\/mollers-omega-3-familie-voordeelpakket-3x-250ml-levertraancapsules\/","name":"M\u00f6ller's Omega-3 Family Value Pack","isPartOf":{"@id":"https:\/\/mollersomega3.nl\/#website"},"primaryImageOfPage":{"@id":"https:\/\/mollersomega3.nl\/product\/mollers-omega-3-familie-voordeelpakket-3x-250ml-levertraancapsules\/#primaryimage"},"image":{"@id":"https:\/\/mollersomega3.nl\/product\/mollers-omega-3-familie-voordeelpakket-3x-250ml-levertraancapsules\/#primaryimage"},"thumbnailUrl":"https:\/\/mollersomega3.nl\/wp-content\/uploads\/2024\/08\/Mollers_familiepakket_1000x1000.jpg","datePublished":"2024-08-27T14:11:07+00:00","dateModified":"2025-10-14T10:59:28+00:00","description":"Take good care of yourself and your family. M\u00f6ller's is pure omega-3 with vitamin D for brain, heart, and immunity. Now enjoy over \u20ac40 in savings!","breadcrumb":{"@id":"https:\/\/mollersomega3.nl\/product\/mollers-omega-3-familie-voordeelpakket-3x-250ml-levertraancapsules\/#breadcrumb"},"inLanguage":"en-US","potentialAction":[{"@type":"ReadAction","target":["https:\/\/mollersomega3.nl\/product\/mollers-omega-3-familie-voordeelpakket-3x-250ml-levertraancapsules\/"]}]},{"@type":"ImageObject","inLanguage":"en-US","@id":"https:\/\/mollersomega3.nl\/product\/mollers-omega-3-familie-voordeelpakket-3x-250ml-levertraancapsules\/#primaryimage","url":"https:\/\/mollersomega3.nl\/wp-content\/uploads\/2024\/08\/Mollers_familiepakket_1000x1000.jpg","contentUrl":"https:\/\/mollersomega3.nl\/wp-content\/uploads\/2024\/08\/Mollers_familiepakket_1000x1000.jpg","width":1000,"height":1000},{"@type":"BreadcrumbList","@id":"https:\/\/mollersomega3.nl\/product\/mollers-omega-3-familie-voordeelpakket-3x-250ml-levertraancapsules\/#breadcrumb","itemListElement":[{"@type":"ListItem","position":1,"name":"Home","item":"https:\/\/mollersomega3.nl\/en\/"},{"@type":"ListItem","position":2,"name":"Products","item":"https:\/\/mollersomega3.nl\/en\/products\/"},{"@type":"ListItem","position":3,"name":"M\u00f6ller&#8217;s Omega-3 Family Value Pack 3x 250ml + Cod Liver Oil Capsules"}]},{"@type":"WebSite","@id":"https:\/\/mollersomega3.nl\/#website","url":"https:\/\/mollersomega3.nl\/","name":"M\u00f6llers Omega-3","description":"A Spoonful of Life since 1854","publisher":{"@id":"https:\/\/mollersomega3.nl\/#organization"},"potentialAction":[{"@type":"SearchAction","target":{"@type":"EntryPoint","urlTemplate":"https:\/\/mollersomega3.nl\/?s={search_term_string}"},"query-input":{"@type":"PropertyValueSpecification","valueRequired":true,"valueName":"search_term_string"}}],"inLanguage":"en-US"},{"@type":"Organization","@id":"https:\/\/mollersomega3.nl\/#organization","name":"M\u00f6llers Omega-3","url":"https:\/\/mollersomega3.nl\/","logo":{"@type":"ImageObject","inLanguage":"en-US","@id":"https:\/\/mollersomega3.nl\/#\/schema\/logo\/image\/","url":"https:\/\/mollersomega3.nl\/wp-content\/uploads\/2020\/07\/mollers-logo-bestellingen.png","contentUrl":"https:\/\/mollersomega3.nl\/wp-content\/uploads\/2020\/07\/mollers-logo-bestellingen.png","width":250,"height":86,"caption":"M\u00f6llers Omega-3"},"image":{"@id":"https:\/\/mollersomega3.nl\/#\/schema\/logo\/image\/"},"sameAs":["https:\/\/www.facebook.com\/MollersOmega3NL","https:\/\/www.instagram.com\/mollersomega3nl\/","https:\/\/nl.linkedin.com\/company\/good-life-international","https:\/\/www.bol.com\/nl\/nl\/m\/mollers\/","https:\/\/mollersomega3.nl\/en\/"],"foundingDate":"1854","areaServed":["GB","IE","US","CA","AU","NZ","NL"],"knowsAbout":["omega-3","cod liver oil","fish oil","DHA","EPA","vitamin D"],"description":"Norwegian premium omega-3 brand since 1854. Cod liver oil and fish oil supplements with omega-3, vitamins A, D and E."}]}},"_links":{"self":[{"href":"https:\/\/mollersomega3.nl\/en\/wp-json\/wp\/v2\/product\/1005695","targetHints":{"allow":["GET"]}}],"collection":[{"href":"https:\/\/mollersomega3.nl\/en\/wp-json\/wp\/v2\/product"}],"about":[{"href":"https:\/\/mollersomega3.nl\/en\/wp-json\/wp\/v2\/types\/product"}],"replies":[{"embeddable":true,"href":"https:\/\/mollersomega3.nl\/en\/wp-json\/wp\/v2\/comments?post=1005695"}],"wp:featuredmedia":[{"embeddable":true,"href":"https:\/\/mollersomega3.nl\/en\/wp-json\/wp\/v2\/media\/1007287"}],"wp:attachment":[{"href":"https:\/\/mollersomega3.nl\/en\/wp-json\/wp\/v2\/media?parent=1005695"}],"wp:term":[{"taxonomy":"product_brand","embeddable":true,"href":"https:\/\/mollersomega3.nl\/en\/wp-json\/wp\/v2\/product_brand?post=1005695"},{"taxonomy":"product_cat","embeddable":true,"href":"https:\/\/mollersomega3.nl\/en\/wp-json\/wp\/v2\/product_cat?post=1005695"},{"taxonomy":"product_tag","embeddable":true,"href":"https:\/\/mollersomega3.nl\/en\/wp-json\/wp\/v2\/product_tag?post=1005695"}],"curies":[{"name":"wp","href":"https:\/\/api.w.org\/{rel}","templated":true}]}}