{"id":1633,"date":"2020-11-02T16:55:26","date_gmt":"2020-11-02T15:55:26","guid":{"rendered":"http:\/\/mollersomega3.nl\/?post_type=product&#038;p=1633"},"modified":"2025-03-18T14:58:47","modified_gmt":"2025-03-18T13:58:47","slug":"mollers-immunity-booster-pack-2x-250ml","status":"publish","type":"product","link":"https:\/\/mollersomega3.nl\/en\/product\/mollers-immunity-booster-pack-2x-250ml\/","title":{"rendered":"M\u00f6ller&#8217;s Immunity Booster Pack 2x 250ml"},"content":{"rendered":"<h2>Omega-3 and vitamin D boost your immunity!<\/h2>\n<p>This M\u00f6ller&#8217;s Immunity Booster Pack contains 2 bottles M\u00f6ller&#8217;s Omega-3 in flavors of your choice: Natural, Lemon, Tutti Frutti and Apple.<\/p>\n<h2>What is M\u00f6ller\u2019s Omega-3?<\/h2>\n<p><img decoding=\"async\" class=\"wp-image-811 alignright\" src=\"https:\/\/mollersomega3.nl\/wp-content\/uploads\/2020\/06\/noorse-vlag.png\" alt=\"\" width=\"54\" height=\"59\" \/><span style=\"float: none; background-color: #ffffff; color: #333333; cursor: text; font-family: Georgia,'Times New Roman','Bitstream Charter',Times,serif; font-size: 16px; font-style: normal; font-variant: normal; font-weight: 400; letter-spacing: normal; text-align: left; text-decoration: none; text-indent: 0px; text-transform: none;\">M\u00f6ller\u2019s Omega-3 is pure Norwegian fish oil. A unique combination of natural omega-3 (1.000 mg DHA and EPA per dessert spoon) and vitamins A, D and E.<\/span><\/p>\n<ul>\n<li>Pure cod liver oil with a naturally mild fish flavour (Natural), lemon flavour (Lemon), apple flavour (Apple) or fruit flavour (Tutti Frutti).<\/li>\n<li>100% from wild Arctic cod, sustainably caught.<\/li>\n<li>Oil is separated by a unique steaming process for good taste and high quality.<\/li>\n<li>Offers a unique combination of natural omega-3 (1.000 mg DHA + EPA) and <span style=\"float: none; background-color: #ffffff; color: #333333; cursor: text; font-family: Georgia,'Times New Roman','Bitstream Charter',Times,serif; font-size: 16px; font-style: normal; font-variant: normal; font-weight: 400; letter-spacing: normal; text-align: left; text-decoration: none; text-indent: 0px; text-transform: none;\">vitamins A, D and E.<\/span><\/li>\n<li>The omega-3 fatty acids are present in their natural triglyceride form, for better absorption in the body.<\/li>\n<li>Awarded with Superior Taste Award for remarkable good taste. Available in 4 flavors.<\/li>\n<\/ul>\n<h3>Content 1 bottle<\/h3>\n<p>250 ml = 50 daily portions.<\/p>\n<h3>Ingredients<\/h3>\n<p>Cod liver oil obtained from sustainably caught Arctic cod (<strong>fish<\/strong>), dl-\u03b1-tocopherol acetate (vitamin E) and natural tocopherol (antioxidant). M\u00f6ller&#8217;s cod liver oil Lemon contains natural lemon aroma. M\u00f6ller&#8217;s cod liver oil Apple contains natural apple aroma. M\u00f6ller&#8217;s cod liver oil Tutti Frutti contains natural tutti frutti aroma. <span style=\"float: none; background-color: #ffffff; color: #333333; cursor: text; font-family: Georgia,'Times New Roman','Bitstream Charter',Times,serif; font-size: 16px; font-style: normal; font-variant: normal; font-weight: 400; letter-spacing: normal; text-align: left; text-decoration: none; text-indent: 0px; text-transform: none;\">M\u00f6ller\u2019s Omega-3 does not contain any preservatives, artificial colouring or flavouring additives or sugars or sweeteners.<\/span><\/p>\n<table dir=\"ltr\" border=\"2\" rules=\"all\" cellspacing=\"2\" cellpadding=\"1\">\n<tbody>\n<tr align=\"left\" valign=\"top\">\n<td align=\"left\" valign=\"middle\">\n<h3>Nutrition declaration<\/h3>\n<\/td>\n<td align=\"left\" valign=\"middle\">\n<h3>Per 5 ml<\/h3>\n<\/td>\n<\/tr>\n<tr align=\"left\" valign=\"top\">\n<td align=\"left\" valign=\"middle\">Omega-3 fatty acids<\/td>\n<td align=\"left\" valign=\"middle\">1,2 g<\/td>\n<\/tr>\n<tr align=\"left\" valign=\"top\">\n<td align=\"left\" valign=\"middle\">&#8211; DHA<\/td>\n<td align=\"left\" valign=\"middle\">0,6 g<\/td>\n<\/tr>\n<tr align=\"left\" valign=\"top\">\n<td align=\"left\" valign=\"middle\">&#8211; EPA<\/td>\n<td align=\"left\" valign=\"middle\">0,4 g<\/td>\n<\/tr>\n<tr align=\"left\" valign=\"top\">\n<td align=\"left\" valign=\"middle\">Vitamin D<\/td>\n<td align=\"left\" valign=\"middle\">10 mcg (200%*)<\/td>\n<\/tr>\n<tr align=\"left\" valign=\"top\">\n<td align=\"left\" valign=\"middle\">Vitamin A<\/td>\n<td align=\"left\" valign=\"middle\">250 mcg (31%*)<\/td>\n<\/tr>\n<tr align=\"left\" valign=\"top\">\n<td align=\"left\" valign=\"middle\">Vitamin E<\/td>\n<td align=\"left\" valign=\"middle\">3 mg (25%*)<\/td>\n<\/tr>\n<\/tbody>\n<\/table>\n<p>* Of reference intake.<\/p>\n<h3>Recommended daily intake<\/h3>\n<p>Recommended daily intake for children from 3 years and adults: <strong>5 ml <\/strong>(= 1 dessert spoon). Also recommended for pregnant women and when breastfeeding.<\/p>\n<h3>Store in the refrigerator<\/h3>\n<p>Keep the opened bottle in the refrigerator for optimal fresh taste. After opening M\u00f6ller\u2019s is 3 months preservable. It is always wise to keep food supplements out of reach for young children.<\/p>\n","protected":false},"excerpt":{"rendered":"<ul>\n<li><span class=\"JLqJ4b ChMk0b\" data-language-for-alternatives=\"en\" data-language-to-translate-into=\"nl\" data-phrase-index=\"0\" data-number-of-phrases=\"5\"><span class=\"Q4iAWc\">Package deal with 2 bottles in flavor of your choice<\/span><\/span><\/li>\n<li><span class=\"JLqJ4b ChMk0b\" data-language-for-alternatives=\"en\" data-language-to-translate-into=\"nl\" data-phrase-index=\"2\" data-number-of-phrases=\"5\"><span class=\"Q4iAWc\">15% discount<\/span><\/span><\/li>\n<li><span class=\"JLqJ4b ChMk0b\" data-language-for-alternatives=\"en\" data-language-to-translate-into=\"nl\" data-phrase-index=\"4\" data-number-of-phrases=\"5\"><span class=\"Q4iAWc\">Boost your immunity<\/span><\/span><\/li>\n<\/ul>\n","protected":false},"featured_media":6805,"comment_status":"open","ping_status":"closed","template":"","meta":{"_yoast_wpseo_focuskw":"M\u00f6ller's Immunity Booster Pack 2x 250ml","_yoast_wpseo_title":"","_yoast_wpseo_metadesc":"This M\u00f6ller's Immunity Booster Pack contains 2 bottles M\u00f6ller's Omega-3 in flavors of your choice: Natural, Lemon, Tutti Frutti.","_monsterinsights_skip_tracking":false,"_monsterinsights_sitenote_active":false,"_monsterinsights_sitenote_note":"","_monsterinsights_sitenote_category":0},"product_brand":[],"product_cat":[304],"product_tag":[],"class_list":{"0":"post-1633","1":"product","2":"type-product","3":"status-publish","4":"has-post-thumbnail","6":"product_cat-pakketten-en","8":"first","9":"instock","10":"sale","11":"taxable","12":"shipping-taxable","13":"purchasable","14":"product-type-woosb"},"wcpa_form_fields":null,"yoast_head":"<!-- This site is optimized with the Yoast SEO Premium plugin v25.1 (Yoast SEO v25.1) - https:\/\/yoast.com\/wordpress\/plugins\/seo\/ -->\n<title>M\u00f6ller&#039;s Immunity Booster Pack 2x 250ml - M\u00f6llers Omega-3<\/title>\n<meta name=\"description\" content=\"This M\u00f6ller&#039;s Immunity Booster Pack contains 2 bottles M\u00f6ller&#039;s Omega-3 in flavors of your choice: Natural, Lemon, Tutti Frutti.\" \/>\n<meta name=\"robots\" content=\"index, follow, max-snippet:-1, max-image-preview:large, max-video-preview:-1\" \/>\n<link rel=\"canonical\" href=\"https:\/\/mollersomega3.nl\/en\/product\/mollers-immunity-booster-pack-2x-250ml\/\" \/>\n<meta property=\"og:locale\" content=\"en_US\" \/>\n<meta property=\"og:type\" content=\"article\" \/>\n<meta property=\"og:title\" content=\"M\u00f6ller&#039;s Immunity Booster Pack 2x 250ml\" \/>\n<meta property=\"og:description\" content=\"This M\u00f6ller&#039;s Immunity Booster Pack contains 2 bottles M\u00f6ller&#039;s Omega-3 in flavors of your choice: Natural, Lemon, Tutti Frutti.\" \/>\n<meta property=\"og:url\" content=\"https:\/\/mollersomega3.nl\/en\/product\/mollers-immunity-booster-pack-2x-250ml\/\" \/>\n<meta property=\"og:site_name\" content=\"M\u00f6llers Omega-3\" \/>\n<meta property=\"article:publisher\" content=\"https:\/\/www.facebook.com\/mollersomega3nl\" \/>\n<meta property=\"article:modified_time\" content=\"2025-03-18T13:58:47+00:00\" \/>\n<meta property=\"og:image\" content=\"https:\/\/mollersomega3.nl\/wp-content\/uploads\/2020\/11\/Mollers-weerstandbooster_2x_citroen_RGB_600x600-1.png\" \/>\n\t<meta property=\"og:image:width\" content=\"600\" \/>\n\t<meta property=\"og:image:height\" content=\"600\" \/>\n\t<meta property=\"og:image:type\" content=\"image\/png\" \/>\n<meta name=\"twitter:card\" content=\"summary_large_image\" \/>\n<meta name=\"twitter:site\" content=\"@mollersomega3nl\" \/>\n<meta name=\"twitter:label1\" content=\"Est. reading time\" \/>\n\t<meta name=\"twitter:data1\" content=\"2 minutes\" \/>\n<script type=\"application\/ld+json\" class=\"yoast-schema-graph\">{\"@context\":\"https:\/\/schema.org\",\"@graph\":[{\"@type\":\"WebPage\",\"@id\":\"https:\/\/mollersomega3.nl\/en\/product\/mollers-immunity-booster-pack-2x-250ml\/\",\"url\":\"https:\/\/mollersomega3.nl\/en\/product\/mollers-immunity-booster-pack-2x-250ml\/\",\"name\":\"M\u00f6ller's Immunity Booster Pack 2x 250ml - M\u00f6llers Omega-3\",\"isPartOf\":{\"@id\":\"https:\/\/mollersomega3.nl\/#website\"},\"primaryImageOfPage\":{\"@id\":\"https:\/\/mollersomega3.nl\/en\/product\/mollers-immunity-booster-pack-2x-250ml\/#primaryimage\"},\"image\":{\"@id\":\"https:\/\/mollersomega3.nl\/en\/product\/mollers-immunity-booster-pack-2x-250ml\/#primaryimage\"},\"thumbnailUrl\":\"https:\/\/mollersomega3.nl\/wp-content\/uploads\/2020\/11\/Mollers-weerstandbooster_2x_citroen_RGB_600x600-1.png\",\"datePublished\":\"2020-11-02T15:55:26+00:00\",\"dateModified\":\"2025-03-18T13:58:47+00:00\",\"description\":\"This M\u00f6ller's Immunity Booster Pack contains 2 bottles M\u00f6ller's Omega-3 in flavors of your choice: Natural, Lemon, Tutti Frutti.\",\"breadcrumb\":{\"@id\":\"https:\/\/mollersomega3.nl\/en\/product\/mollers-immunity-booster-pack-2x-250ml\/#breadcrumb\"},\"inLanguage\":\"en-US\",\"potentialAction\":[{\"@type\":\"ReadAction\",\"target\":[\"https:\/\/mollersomega3.nl\/en\/product\/mollers-immunity-booster-pack-2x-250ml\/\"]}]},{\"@type\":\"ImageObject\",\"inLanguage\":\"en-US\",\"@id\":\"https:\/\/mollersomega3.nl\/en\/product\/mollers-immunity-booster-pack-2x-250ml\/#primaryimage\",\"url\":\"https:\/\/mollersomega3.nl\/wp-content\/uploads\/2020\/11\/Mollers-weerstandbooster_2x_citroen_RGB_600x600-1.png\",\"contentUrl\":\"https:\/\/mollersomega3.nl\/wp-content\/uploads\/2020\/11\/Mollers-weerstandbooster_2x_citroen_RGB_600x600-1.png\",\"width\":600,\"height\":600,\"caption\":\"M\u00f6ller's Immunity Booster Pack 2x 250ml\"},{\"@type\":\"BreadcrumbList\",\"@id\":\"https:\/\/mollersomega3.nl\/en\/product\/mollers-immunity-booster-pack-2x-250ml\/#breadcrumb\",\"itemListElement\":[{\"@type\":\"ListItem\",\"position\":1,\"name\":\"Home\",\"item\":\"https:\/\/mollersomega3.nl\/en\/\"},{\"@type\":\"ListItem\",\"position\":2,\"name\":\"Products\",\"item\":\"https:\/\/mollersomega3.nl\/en\/products\/\"},{\"@type\":\"ListItem\",\"position\":3,\"name\":\"M\u00f6ller&#8217;s Immunity Booster Pack 2x 250ml\"}]},{\"@type\":\"WebSite\",\"@id\":\"https:\/\/mollersomega3.nl\/#website\",\"url\":\"https:\/\/mollersomega3.nl\/\",\"name\":\"M\u00f6llers Omega-3\",\"description\":\"A Spoonful of Life since 1854\",\"publisher\":{\"@id\":\"https:\/\/mollersomega3.nl\/#organization\"},\"potentialAction\":[{\"@type\":\"SearchAction\",\"target\":{\"@type\":\"EntryPoint\",\"urlTemplate\":\"https:\/\/mollersomega3.nl\/?s={search_term_string}\"},\"query-input\":{\"@type\":\"PropertyValueSpecification\",\"valueRequired\":true,\"valueName\":\"search_term_string\"}}],\"inLanguage\":\"en-US\"},{\"@type\":\"Organization\",\"@id\":\"https:\/\/mollersomega3.nl\/#organization\",\"name\":\"M\u00f6llers Omega-3\",\"url\":\"https:\/\/mollersomega3.nl\/\",\"logo\":{\"@type\":\"ImageObject\",\"inLanguage\":\"en-US\",\"@id\":\"https:\/\/mollersomega3.nl\/#\/schema\/logo\/image\/\",\"url\":\"https:\/\/mollersomega3.nl\/wp-content\/uploads\/2020\/07\/mollers-logo-bestellingen.png\",\"contentUrl\":\"https:\/\/mollersomega3.nl\/wp-content\/uploads\/2020\/07\/mollers-logo-bestellingen.png\",\"width\":250,\"height\":86,\"caption\":\"M\u00f6llers Omega-3\"},\"image\":{\"@id\":\"https:\/\/mollersomega3.nl\/#\/schema\/logo\/image\/\"},\"sameAs\":[\"https:\/\/www.facebook.com\/MollersOmega3NL\",\"https:\/\/www.instagram.com\/mollersomega3nl\/\",\"https:\/\/nl.linkedin.com\/company\/good-life-international\",\"https:\/\/www.bol.com\/nl\/nl\/m\/mollers\/\",\"https:\/\/mollersomega3.nl\/en\/\"],\"foundingDate\":\"1854\",\"areaServed\":[\"GB\",\"IE\",\"US\",\"CA\",\"AU\",\"NZ\",\"NL\"],\"knowsAbout\":[\"omega-3\",\"cod liver oil\",\"fish oil\",\"DHA\",\"EPA\",\"vitamin D\"],\"description\":\"Norwegian premium omega-3 brand since 1854. Cod liver oil and fish oil supplements with omega-3, vitamins A, D and E.\"}]}<\/script>\n<!-- \/ Yoast SEO Premium plugin. -->","yoast_head_json":{"title":"M\u00f6ller's Immunity Booster Pack 2x 250ml - M\u00f6llers Omega-3","description":"This M\u00f6ller's Immunity Booster Pack contains 2 bottles M\u00f6ller's Omega-3 in flavors of your choice: Natural, Lemon, Tutti Frutti.","robots":{"index":"index","follow":"follow","max-snippet":"max-snippet:-1","max-image-preview":"max-image-preview:large","max-video-preview":"max-video-preview:-1"},"canonical":"https:\/\/mollersomega3.nl\/en\/product\/mollers-immunity-booster-pack-2x-250ml\/","og_locale":"en_US","og_type":"article","og_title":"M\u00f6ller's Immunity Booster Pack 2x 250ml","og_description":"This M\u00f6ller's Immunity Booster Pack contains 2 bottles M\u00f6ller's Omega-3 in flavors of your choice: Natural, Lemon, Tutti Frutti.","og_url":"https:\/\/mollersomega3.nl\/en\/product\/mollers-immunity-booster-pack-2x-250ml\/","og_site_name":"M\u00f6llers Omega-3","article_publisher":"https:\/\/www.facebook.com\/mollersomega3nl","article_modified_time":"2025-03-18T13:58:47+00:00","og_image":[{"width":600,"height":600,"url":"https:\/\/mollersomega3.nl\/wp-content\/uploads\/2020\/11\/Mollers-weerstandbooster_2x_citroen_RGB_600x600-1.png","type":"image\/png"}],"twitter_card":"summary_large_image","twitter_site":"@mollersomega3nl","twitter_misc":{"Est. reading time":"2 minutes"},"schema":{"@context":"https:\/\/schema.org","@graph":[{"@type":"WebPage","@id":"https:\/\/mollersomega3.nl\/en\/product\/mollers-immunity-booster-pack-2x-250ml\/","url":"https:\/\/mollersomega3.nl\/en\/product\/mollers-immunity-booster-pack-2x-250ml\/","name":"M\u00f6ller's Immunity Booster Pack 2x 250ml - M\u00f6llers Omega-3","isPartOf":{"@id":"https:\/\/mollersomega3.nl\/#website"},"primaryImageOfPage":{"@id":"https:\/\/mollersomega3.nl\/en\/product\/mollers-immunity-booster-pack-2x-250ml\/#primaryimage"},"image":{"@id":"https:\/\/mollersomega3.nl\/en\/product\/mollers-immunity-booster-pack-2x-250ml\/#primaryimage"},"thumbnailUrl":"https:\/\/mollersomega3.nl\/wp-content\/uploads\/2020\/11\/Mollers-weerstandbooster_2x_citroen_RGB_600x600-1.png","datePublished":"2020-11-02T15:55:26+00:00","dateModified":"2025-03-18T13:58:47+00:00","description":"This M\u00f6ller's Immunity Booster Pack contains 2 bottles M\u00f6ller's Omega-3 in flavors of your choice: Natural, Lemon, Tutti Frutti.","breadcrumb":{"@id":"https:\/\/mollersomega3.nl\/en\/product\/mollers-immunity-booster-pack-2x-250ml\/#breadcrumb"},"inLanguage":"en-US","potentialAction":[{"@type":"ReadAction","target":["https:\/\/mollersomega3.nl\/en\/product\/mollers-immunity-booster-pack-2x-250ml\/"]}]},{"@type":"ImageObject","inLanguage":"en-US","@id":"https:\/\/mollersomega3.nl\/en\/product\/mollers-immunity-booster-pack-2x-250ml\/#primaryimage","url":"https:\/\/mollersomega3.nl\/wp-content\/uploads\/2020\/11\/Mollers-weerstandbooster_2x_citroen_RGB_600x600-1.png","contentUrl":"https:\/\/mollersomega3.nl\/wp-content\/uploads\/2020\/11\/Mollers-weerstandbooster_2x_citroen_RGB_600x600-1.png","width":600,"height":600,"caption":"M\u00f6ller's Immunity Booster Pack 2x 250ml"},{"@type":"BreadcrumbList","@id":"https:\/\/mollersomega3.nl\/en\/product\/mollers-immunity-booster-pack-2x-250ml\/#breadcrumb","itemListElement":[{"@type":"ListItem","position":1,"name":"Home","item":"https:\/\/mollersomega3.nl\/en\/"},{"@type":"ListItem","position":2,"name":"Products","item":"https:\/\/mollersomega3.nl\/en\/products\/"},{"@type":"ListItem","position":3,"name":"M\u00f6ller&#8217;s Immunity Booster Pack 2x 250ml"}]},{"@type":"WebSite","@id":"https:\/\/mollersomega3.nl\/#website","url":"https:\/\/mollersomega3.nl\/","name":"M\u00f6llers Omega-3","description":"A Spoonful of Life since 1854","publisher":{"@id":"https:\/\/mollersomega3.nl\/#organization"},"potentialAction":[{"@type":"SearchAction","target":{"@type":"EntryPoint","urlTemplate":"https:\/\/mollersomega3.nl\/?s={search_term_string}"},"query-input":{"@type":"PropertyValueSpecification","valueRequired":true,"valueName":"search_term_string"}}],"inLanguage":"en-US"},{"@type":"Organization","@id":"https:\/\/mollersomega3.nl\/#organization","name":"M\u00f6llers Omega-3","url":"https:\/\/mollersomega3.nl\/","logo":{"@type":"ImageObject","inLanguage":"en-US","@id":"https:\/\/mollersomega3.nl\/#\/schema\/logo\/image\/","url":"https:\/\/mollersomega3.nl\/wp-content\/uploads\/2020\/07\/mollers-logo-bestellingen.png","contentUrl":"https:\/\/mollersomega3.nl\/wp-content\/uploads\/2020\/07\/mollers-logo-bestellingen.png","width":250,"height":86,"caption":"M\u00f6llers Omega-3"},"image":{"@id":"https:\/\/mollersomega3.nl\/#\/schema\/logo\/image\/"},"sameAs":["https:\/\/www.facebook.com\/MollersOmega3NL","https:\/\/www.instagram.com\/mollersomega3nl\/","https:\/\/nl.linkedin.com\/company\/good-life-international","https:\/\/www.bol.com\/nl\/nl\/m\/mollers\/","https:\/\/mollersomega3.nl\/en\/"],"foundingDate":"1854","areaServed":["GB","IE","US","CA","AU","NZ","NL"],"knowsAbout":["omega-3","cod liver oil","fish oil","DHA","EPA","vitamin D"],"description":"Norwegian premium omega-3 brand since 1854. Cod liver oil and fish oil supplements with omega-3, vitamins A, D and E."}]}},"_links":{"self":[{"href":"https:\/\/mollersomega3.nl\/en\/wp-json\/wp\/v2\/product\/1633","targetHints":{"allow":["GET"]}}],"collection":[{"href":"https:\/\/mollersomega3.nl\/en\/wp-json\/wp\/v2\/product"}],"about":[{"href":"https:\/\/mollersomega3.nl\/en\/wp-json\/wp\/v2\/types\/product"}],"replies":[{"embeddable":true,"href":"https:\/\/mollersomega3.nl\/en\/wp-json\/wp\/v2\/comments?post=1633"}],"wp:featuredmedia":[{"embeddable":true,"href":"https:\/\/mollersomega3.nl\/en\/wp-json\/wp\/v2\/media\/6805"}],"wp:attachment":[{"href":"https:\/\/mollersomega3.nl\/en\/wp-json\/wp\/v2\/media?parent=1633"}],"wp:term":[{"taxonomy":"product_brand","embeddable":true,"href":"https:\/\/mollersomega3.nl\/en\/wp-json\/wp\/v2\/product_brand?post=1633"},{"taxonomy":"product_cat","embeddable":true,"href":"https:\/\/mollersomega3.nl\/en\/wp-json\/wp\/v2\/product_cat?post=1633"},{"taxonomy":"product_tag","embeddable":true,"href":"https:\/\/mollersomega3.nl\/en\/wp-json\/wp\/v2\/product_tag?post=1633"}],"curies":[{"name":"wp","href":"https:\/\/api.w.org\/{rel}","templated":true}]}}