{"id":5782,"date":"2022-06-21T15:05:33","date_gmt":"2022-06-21T13:05:33","guid":{"rendered":"https:\/\/mollersomega3.nl\/product\/mollers-maatlepel\/"},"modified":"2022-12-07T14:06:17","modified_gmt":"2022-12-07T13:06:17","slug":"mollers-measuring-spoon","status":"publish","type":"product","link":"https:\/\/mollersomega3.nl\/en\/product\/mollers-measuring-spoon\/","title":{"rendered":"M\u00f6ller&#8217;s Measuring Spoon"},"content":{"rendered":"<p><strong><span class=\"JLqJ4b ChMk0b\" data-language-for-alternatives=\"en\" data-language-to-translate-into=\"nl\" data-phrase-index=\"0\" data-number-of-phrases=\"3\"><span class=\"Q4iAWc\">This measuring spoon for 5 ml is ideal for easily dosing M\u00f6ller&#8217;s Omega-3 Cod liver oil.<\/span><\/span> <span class=\"JLqJ4b ChMk0b\" data-language-for-alternatives=\"en\" data-language-to-translate-into=\"nl\" data-phrase-index=\"1\" data-number-of-phrases=\"3\"><span class=\"Q4iAWc\">Fill the spoon up to the mark with 5 ml and you are guaranteed to get the right amount of omega-3 fatty acids.<\/span><\/span> <span class=\"JLqJ4b ChMk0b\" data-language-for-alternatives=\"en\" data-language-to-translate-into=\"nl\" data-phrase-index=\"2\" data-number-of-phrases=\"3\"><span class=\"Q4iAWc\">The recommended daily dose of <a href=\"https:\/\/mollersomega3.nl\/en\/products\/\">M\u00f6ller&#8217;s Omega-3 Cod Liver Oil<\/a> is 5 ml.<\/span><\/span><\/strong><\/p>\n<h2>Dosage<\/h2>\n<p><span class=\"JLqJ4b ChMk0b\" data-language-for-alternatives=\"en\" data-language-to-translate-into=\"nl\" data-phrase-index=\"0\" data-number-of-phrases=\"8\"><span class=\"Q4iAWc\">Recommended amount for adults and children from 3 years: <strong>5 ml<\/strong><\/span><\/span><\/p>\n<p><span class=\"JLqJ4b ChMk0b\" data-language-for-alternatives=\"en\" data-language-to-translate-into=\"nl\" data-phrase-index=\"2\" data-number-of-phrases=\"8\"><span class=\"Q4iAWc\">Recommended amount for children from 6 months:\u00a0<strong>2.5 ml<\/strong><\/span><\/span><br \/>\n<em><span class=\"JLqJ4b ChMk0b\" data-language-for-alternatives=\"en\" data-language-to-translate-into=\"nl\" data-phrase-index=\"4\" data-number-of-phrases=\"8\"><span class=\"Q4iAWc\">The advice is to start with half a dessert spoon per day.<\/span><\/span> <span class=\"JLqJ4b ChMk0b\" data-language-for-alternatives=\"en\" data-language-to-translate-into=\"nl\" data-phrase-index=\"5\" data-number-of-phrases=\"8\"><span class=\"Q4iAWc\">Once the child is used to the oil, this amount can be increased to 5 ml per day.<\/span><\/span><\/em><\/p>\n<p><span class=\"JLqJ4b ChMk0b\" data-language-for-alternatives=\"en\" data-language-to-translate-into=\"nl\" data-phrase-index=\"7\" data-number-of-phrases=\"8\"><span class=\"Q4iAWc\">This measuring spoon also makes it easy to dose 2.5 ml.<\/span><\/span><\/p>\n<h2>Specifications<\/h2>\n<ul>\n<li>Stripe at 0.5 ml, 2.5 ml and 5 ml.<\/li>\n<li><span class=\"JLqJ4b ChMk0b\" data-language-for-alternatives=\"en\" data-language-to-translate-into=\"nl\" data-phrase-index=\"2\" data-number-of-phrases=\"3\"><span class=\"Q4iAWc\">Material is PP (polypropylene).<\/span><\/span><\/li>\n<\/ul>\n","protected":false},"excerpt":{"rendered":"<ul>\n<li><span class=\"JLqJ4b ChMk0b\" data-language-for-alternatives=\"en\" data-language-to-translate-into=\"nl\" data-phrase-index=\"0\" data-number-of-phrases=\"8\"><span class=\"Q4iAWc\">Ideal for easy dosing of M\u00f6ller&#8217;s<\/span><\/span><\/li>\n<li><span class=\"JLqJ4b ChMk0b\" data-language-for-alternatives=\"en\" data-language-to-translate-into=\"nl\" data-phrase-index=\"2\" data-number-of-phrases=\"8\"><span class=\"Q4iAWc\">Suitable for doses of 2.5 and 5 ml<\/span><\/span><\/li>\n<li><span class=\"JLqJ4b ChMk0b\" data-language-for-alternatives=\"en\" data-language-to-translate-into=\"nl\" data-phrase-index=\"4\" data-number-of-phrases=\"8\"><span class=\"Q4iAWc\">Guaranteed the right amount of omega-3<\/span><\/span><\/li>\n<\/ul>\n<p><strong><span class=\"JLqJ4b ChMk0b\" data-language-for-alternatives=\"en\" data-language-to-translate-into=\"nl\" data-phrase-index=\"0\" data-number-of-phrases=\"2\"><span class=\"Q4iAWc\">With this measuring spoon you can properly measure the daily dose of M\u00f6ller&#8217;s Omega-3 Cod liver oil.<\/span><\/span> <span class=\"JLqJ4b ChMk0b\" data-language-for-alternatives=\"en\" data-language-to-translate-into=\"nl\" data-phrase-index=\"1\" data-number-of-phrases=\"2\"><span class=\"Q4iAWc\">Both 2.5 and 5 ml are easy to dose in this way.<\/span><\/span><\/strong><\/p>\n","protected":false},"featured_media":6819,"comment_status":"open","ping_status":"closed","template":"","meta":{"_yoast_wpseo_focuskw":"measuring spoon","_yoast_wpseo_title":"","_yoast_wpseo_metadesc":"With this measuring spoon you can properly measure the daily dose of M\u00f6ller's Omega-3 Cod Liver Oil. Easy to dose both 2.5 and 5 ml.","_monsterinsights_skip_tracking":false,"_monsterinsights_sitenote_active":false,"_monsterinsights_sitenote_note":"","_monsterinsights_sitenote_category":0},"product_brand":[],"product_cat":[302],"product_tag":[],"class_list":{"0":"post-5782","1":"product","2":"type-product","3":"status-publish","4":"has-post-thumbnail","6":"product_cat-accessoires-en","8":"first","9":"instock","10":"taxable","11":"shipping-taxable","12":"purchasable","13":"product-type-simple"},"wcpa_form_fields":null,"yoast_head":"<!-- This site is optimized with the Yoast SEO Premium plugin v25.1 (Yoast SEO v25.1) - https:\/\/yoast.com\/wordpress\/plugins\/seo\/ -->\n<title>M\u00f6ller&#039;s Measuring Spoon - M\u00f6llers Omega-3<\/title>\n<meta name=\"description\" content=\"With this measuring spoon you can properly measure the daily dose of M\u00f6ller&#039;s Omega-3 Cod Liver Oil. Easy to dose both 2.5 and 5 ml.\" \/>\n<meta name=\"robots\" content=\"index, follow, max-snippet:-1, max-image-preview:large, max-video-preview:-1\" \/>\n<link rel=\"canonical\" href=\"https:\/\/mollersomega3.nl\/en\/product\/mollers-measuring-spoon\/\" \/>\n<meta property=\"og:locale\" content=\"en_US\" \/>\n<meta property=\"og:type\" content=\"article\" \/>\n<meta property=\"og:title\" content=\"M\u00f6ller&#039;s Measuring Spoon\" \/>\n<meta property=\"og:description\" content=\"With this measuring spoon you can properly measure the daily dose of M\u00f6ller&#039;s Omega-3 Cod Liver Oil. Easy to dose both 2.5 and 5 ml.\" \/>\n<meta property=\"og:url\" content=\"https:\/\/mollersomega3.nl\/en\/product\/mollers-measuring-spoon\/\" \/>\n<meta property=\"og:site_name\" content=\"M\u00f6llers Omega-3\" \/>\n<meta property=\"article:publisher\" content=\"https:\/\/www.facebook.com\/mollersomega3nl\" \/>\n<meta property=\"article:modified_time\" content=\"2022-12-07T13:06:17+00:00\" \/>\n<meta property=\"og:image\" content=\"https:\/\/mollersomega3.nl\/wp-content\/uploads\/2022\/06\/Maatlepel-transparant-2.png\" \/>\n\t<meta property=\"og:image:width\" content=\"744\" \/>\n\t<meta property=\"og:image:height\" content=\"744\" \/>\n\t<meta property=\"og:image:type\" content=\"image\/png\" \/>\n<meta name=\"twitter:card\" content=\"summary_large_image\" \/>\n<meta name=\"twitter:site\" content=\"@mollersomega3nl\" \/>\n<meta name=\"twitter:label1\" content=\"Est. reading time\" \/>\n\t<meta name=\"twitter:data1\" content=\"1 minute\" \/>\n<script type=\"application\/ld+json\" class=\"yoast-schema-graph\">{\"@context\":\"https:\/\/schema.org\",\"@graph\":[{\"@type\":\"WebPage\",\"@id\":\"https:\/\/mollersomega3.nl\/en\/product\/mollers-measuring-spoon\/\",\"url\":\"https:\/\/mollersomega3.nl\/en\/product\/mollers-measuring-spoon\/\",\"name\":\"M\u00f6ller's Measuring Spoon - M\u00f6llers Omega-3\",\"isPartOf\":{\"@id\":\"https:\/\/mollersomega3.nl\/#website\"},\"primaryImageOfPage\":{\"@id\":\"https:\/\/mollersomega3.nl\/en\/product\/mollers-measuring-spoon\/#primaryimage\"},\"image\":{\"@id\":\"https:\/\/mollersomega3.nl\/en\/product\/mollers-measuring-spoon\/#primaryimage\"},\"thumbnailUrl\":\"https:\/\/mollersomega3.nl\/wp-content\/uploads\/2022\/06\/Maatlepel-transparant-2.png\",\"datePublished\":\"2022-06-21T13:05:33+00:00\",\"dateModified\":\"2022-12-07T13:06:17+00:00\",\"description\":\"With this measuring spoon you can properly measure the daily dose of M\u00f6ller's Omega-3 Cod Liver Oil. Easy to dose both 2.5 and 5 ml.\",\"breadcrumb\":{\"@id\":\"https:\/\/mollersomega3.nl\/en\/product\/mollers-measuring-spoon\/#breadcrumb\"},\"inLanguage\":\"en-US\",\"potentialAction\":[{\"@type\":\"ReadAction\",\"target\":[\"https:\/\/mollersomega3.nl\/en\/product\/mollers-measuring-spoon\/\"]}]},{\"@type\":\"ImageObject\",\"inLanguage\":\"en-US\",\"@id\":\"https:\/\/mollersomega3.nl\/en\/product\/mollers-measuring-spoon\/#primaryimage\",\"url\":\"https:\/\/mollersomega3.nl\/wp-content\/uploads\/2022\/06\/Maatlepel-transparant-2.png\",\"contentUrl\":\"https:\/\/mollersomega3.nl\/wp-content\/uploads\/2022\/06\/Maatlepel-transparant-2.png\",\"width\":744,\"height\":744,\"caption\":\"Measuring spoon 5 ml\"},{\"@type\":\"BreadcrumbList\",\"@id\":\"https:\/\/mollersomega3.nl\/en\/product\/mollers-measuring-spoon\/#breadcrumb\",\"itemListElement\":[{\"@type\":\"ListItem\",\"position\":1,\"name\":\"Home\",\"item\":\"https:\/\/mollersomega3.nl\/en\/\"},{\"@type\":\"ListItem\",\"position\":2,\"name\":\"Products\",\"item\":\"https:\/\/mollersomega3.nl\/en\/products\/\"},{\"@type\":\"ListItem\",\"position\":3,\"name\":\"M\u00f6ller&#8217;s Measuring Spoon\"}]},{\"@type\":\"WebSite\",\"@id\":\"https:\/\/mollersomega3.nl\/#website\",\"url\":\"https:\/\/mollersomega3.nl\/\",\"name\":\"M\u00f6llers Omega-3\",\"description\":\"A Spoonful of Life since 1854\",\"publisher\":{\"@id\":\"https:\/\/mollersomega3.nl\/#organization\"},\"potentialAction\":[{\"@type\":\"SearchAction\",\"target\":{\"@type\":\"EntryPoint\",\"urlTemplate\":\"https:\/\/mollersomega3.nl\/?s={search_term_string}\"},\"query-input\":{\"@type\":\"PropertyValueSpecification\",\"valueRequired\":true,\"valueName\":\"search_term_string\"}}],\"inLanguage\":\"en-US\"},{\"@type\":\"Organization\",\"@id\":\"https:\/\/mollersomega3.nl\/#organization\",\"name\":\"M\u00f6llers Omega-3\",\"url\":\"https:\/\/mollersomega3.nl\/\",\"logo\":{\"@type\":\"ImageObject\",\"inLanguage\":\"en-US\",\"@id\":\"https:\/\/mollersomega3.nl\/#\/schema\/logo\/image\/\",\"url\":\"https:\/\/mollersomega3.nl\/wp-content\/uploads\/2020\/07\/mollers-logo-bestellingen.png\",\"contentUrl\":\"https:\/\/mollersomega3.nl\/wp-content\/uploads\/2020\/07\/mollers-logo-bestellingen.png\",\"width\":250,\"height\":86,\"caption\":\"M\u00f6llers Omega-3\"},\"image\":{\"@id\":\"https:\/\/mollersomega3.nl\/#\/schema\/logo\/image\/\"},\"sameAs\":[\"https:\/\/www.facebook.com\/MollersOmega3NL\",\"https:\/\/www.instagram.com\/mollersomega3nl\/\",\"https:\/\/nl.linkedin.com\/company\/good-life-international\",\"https:\/\/www.bol.com\/nl\/nl\/m\/mollers\/\",\"https:\/\/mollersomega3.nl\/en\/\"],\"foundingDate\":\"1854\",\"areaServed\":[\"GB\",\"IE\",\"US\",\"CA\",\"AU\",\"NZ\",\"NL\"],\"knowsAbout\":[\"omega-3\",\"cod liver oil\",\"fish oil\",\"DHA\",\"EPA\",\"vitamin D\"],\"description\":\"Norwegian premium omega-3 brand since 1854. Cod liver oil and fish oil supplements with omega-3, vitamins A, D and E.\"}]}<\/script>\n<!-- \/ Yoast SEO Premium plugin. -->","yoast_head_json":{"title":"M\u00f6ller's Measuring Spoon - M\u00f6llers Omega-3","description":"With this measuring spoon you can properly measure the daily dose of M\u00f6ller's Omega-3 Cod Liver Oil. Easy to dose both 2.5 and 5 ml.","robots":{"index":"index","follow":"follow","max-snippet":"max-snippet:-1","max-image-preview":"max-image-preview:large","max-video-preview":"max-video-preview:-1"},"canonical":"https:\/\/mollersomega3.nl\/en\/product\/mollers-measuring-spoon\/","og_locale":"en_US","og_type":"article","og_title":"M\u00f6ller's Measuring Spoon","og_description":"With this measuring spoon you can properly measure the daily dose of M\u00f6ller's Omega-3 Cod Liver Oil. Easy to dose both 2.5 and 5 ml.","og_url":"https:\/\/mollersomega3.nl\/en\/product\/mollers-measuring-spoon\/","og_site_name":"M\u00f6llers Omega-3","article_publisher":"https:\/\/www.facebook.com\/mollersomega3nl","article_modified_time":"2022-12-07T13:06:17+00:00","og_image":[{"width":744,"height":744,"url":"https:\/\/mollersomega3.nl\/wp-content\/uploads\/2022\/06\/Maatlepel-transparant-2.png","type":"image\/png"}],"twitter_card":"summary_large_image","twitter_site":"@mollersomega3nl","twitter_misc":{"Est. reading time":"1 minute"},"schema":{"@context":"https:\/\/schema.org","@graph":[{"@type":"WebPage","@id":"https:\/\/mollersomega3.nl\/en\/product\/mollers-measuring-spoon\/","url":"https:\/\/mollersomega3.nl\/en\/product\/mollers-measuring-spoon\/","name":"M\u00f6ller's Measuring Spoon - M\u00f6llers Omega-3","isPartOf":{"@id":"https:\/\/mollersomega3.nl\/#website"},"primaryImageOfPage":{"@id":"https:\/\/mollersomega3.nl\/en\/product\/mollers-measuring-spoon\/#primaryimage"},"image":{"@id":"https:\/\/mollersomega3.nl\/en\/product\/mollers-measuring-spoon\/#primaryimage"},"thumbnailUrl":"https:\/\/mollersomega3.nl\/wp-content\/uploads\/2022\/06\/Maatlepel-transparant-2.png","datePublished":"2022-06-21T13:05:33+00:00","dateModified":"2022-12-07T13:06:17+00:00","description":"With this measuring spoon you can properly measure the daily dose of M\u00f6ller's Omega-3 Cod Liver Oil. Easy to dose both 2.5 and 5 ml.","breadcrumb":{"@id":"https:\/\/mollersomega3.nl\/en\/product\/mollers-measuring-spoon\/#breadcrumb"},"inLanguage":"en-US","potentialAction":[{"@type":"ReadAction","target":["https:\/\/mollersomega3.nl\/en\/product\/mollers-measuring-spoon\/"]}]},{"@type":"ImageObject","inLanguage":"en-US","@id":"https:\/\/mollersomega3.nl\/en\/product\/mollers-measuring-spoon\/#primaryimage","url":"https:\/\/mollersomega3.nl\/wp-content\/uploads\/2022\/06\/Maatlepel-transparant-2.png","contentUrl":"https:\/\/mollersomega3.nl\/wp-content\/uploads\/2022\/06\/Maatlepel-transparant-2.png","width":744,"height":744,"caption":"Measuring spoon 5 ml"},{"@type":"BreadcrumbList","@id":"https:\/\/mollersomega3.nl\/en\/product\/mollers-measuring-spoon\/#breadcrumb","itemListElement":[{"@type":"ListItem","position":1,"name":"Home","item":"https:\/\/mollersomega3.nl\/en\/"},{"@type":"ListItem","position":2,"name":"Products","item":"https:\/\/mollersomega3.nl\/en\/products\/"},{"@type":"ListItem","position":3,"name":"M\u00f6ller&#8217;s Measuring Spoon"}]},{"@type":"WebSite","@id":"https:\/\/mollersomega3.nl\/#website","url":"https:\/\/mollersomega3.nl\/","name":"M\u00f6llers Omega-3","description":"A Spoonful of Life since 1854","publisher":{"@id":"https:\/\/mollersomega3.nl\/#organization"},"potentialAction":[{"@type":"SearchAction","target":{"@type":"EntryPoint","urlTemplate":"https:\/\/mollersomega3.nl\/?s={search_term_string}"},"query-input":{"@type":"PropertyValueSpecification","valueRequired":true,"valueName":"search_term_string"}}],"inLanguage":"en-US"},{"@type":"Organization","@id":"https:\/\/mollersomega3.nl\/#organization","name":"M\u00f6llers Omega-3","url":"https:\/\/mollersomega3.nl\/","logo":{"@type":"ImageObject","inLanguage":"en-US","@id":"https:\/\/mollersomega3.nl\/#\/schema\/logo\/image\/","url":"https:\/\/mollersomega3.nl\/wp-content\/uploads\/2020\/07\/mollers-logo-bestellingen.png","contentUrl":"https:\/\/mollersomega3.nl\/wp-content\/uploads\/2020\/07\/mollers-logo-bestellingen.png","width":250,"height":86,"caption":"M\u00f6llers Omega-3"},"image":{"@id":"https:\/\/mollersomega3.nl\/#\/schema\/logo\/image\/"},"sameAs":["https:\/\/www.facebook.com\/MollersOmega3NL","https:\/\/www.instagram.com\/mollersomega3nl\/","https:\/\/nl.linkedin.com\/company\/good-life-international","https:\/\/www.bol.com\/nl\/nl\/m\/mollers\/","https:\/\/mollersomega3.nl\/en\/"],"foundingDate":"1854","areaServed":["GB","IE","US","CA","AU","NZ","NL"],"knowsAbout":["omega-3","cod liver oil","fish oil","DHA","EPA","vitamin D"],"description":"Norwegian premium omega-3 brand since 1854. Cod liver oil and fish oil supplements with omega-3, vitamins A, D and E."}]}},"_links":{"self":[{"href":"https:\/\/mollersomega3.nl\/en\/wp-json\/wp\/v2\/product\/5782","targetHints":{"allow":["GET"]}}],"collection":[{"href":"https:\/\/mollersomega3.nl\/en\/wp-json\/wp\/v2\/product"}],"about":[{"href":"https:\/\/mollersomega3.nl\/en\/wp-json\/wp\/v2\/types\/product"}],"replies":[{"embeddable":true,"href":"https:\/\/mollersomega3.nl\/en\/wp-json\/wp\/v2\/comments?post=5782"}],"wp:featuredmedia":[{"embeddable":true,"href":"https:\/\/mollersomega3.nl\/en\/wp-json\/wp\/v2\/media\/6819"}],"wp:attachment":[{"href":"https:\/\/mollersomega3.nl\/en\/wp-json\/wp\/v2\/media?parent=5782"}],"wp:term":[{"taxonomy":"product_brand","embeddable":true,"href":"https:\/\/mollersomega3.nl\/en\/wp-json\/wp\/v2\/product_brand?post=5782"},{"taxonomy":"product_cat","embeddable":true,"href":"https:\/\/mollersomega3.nl\/en\/wp-json\/wp\/v2\/product_cat?post=5782"},{"taxonomy":"product_tag","embeddable":true,"href":"https:\/\/mollersomega3.nl\/en\/wp-json\/wp\/v2\/product_tag?post=5782"}],"curies":[{"name":"wp","href":"https:\/\/api.w.org\/{rel}","templated":true}]}}