{"id":1005924,"date":"2020-05-30T15:22:40","date_gmt":"2020-05-30T13:22:40","guid":{"rendered":"https:\/\/mollersomega3.nl\/a-propos-de-nous\/"},"modified":"2025-07-04T09:09:22","modified_gmt":"2025-07-04T07:09:22","slug":"a-propos-de-nous","status":"publish","type":"page","link":"https:\/\/mollersomega3.nl\/fr\/a-propos-de-nous\/","title":{"rendered":"\u00c0 propos de nous"},"content":{"rendered":"<p><\/p><h1 class=\"wp-block-heading\" id=\"h-over-moller-s-omega-3\">\u00c0 propos de M\u00f6ller&#8217;s Om\u00e9ga-3<\/h1><h2 class=\"wp-block-heading\" id=\"h-pure-omega-3-uit-noorwegen\">Om\u00e9ga-3 pur de Norv\u00e8ge <img decoding=\"async\" width=\"32\" height=\"23\" class=\"alignnone wp-image-597\" src=\"https:\/\/mollersomega3.nl\/wp-content\/uploads\/2020\/07\/noorse-vlag.png\" alt=\"Om&#xE9;ga-3 pur de Norv&#xE8;ge\" srcset=\"https:\/\/mollersomega3.nl\/wp-content\/uploads\/2020\/07\/noorse-vlag.png 2560w, https:\/\/mollersomega3.nl\/wp-content\/uploads\/2020\/07\/noorse-vlag-768x559.png 768w, https:\/\/mollersomega3.nl\/wp-content\/uploads\/2020\/07\/noorse-vlag-1536x1117.png 1536w, https:\/\/mollersomega3.nl\/wp-content\/uploads\/2020\/07\/noorse-vlag-2048x1490.png 2048w, https:\/\/mollersomega3.nl\/wp-content\/uploads\/2020\/07\/noorse-vlag-300x218.png 300w, https:\/\/mollersomega3.nl\/wp-content\/uploads\/2020\/07\/noorse-vlag-600x436.png 600w\" sizes=\"(max-width: 32px) 100vw, 32px\" \/><\/h2><p>M\u00f6ller&#8217;s est la marque d&#8217;om\u00e9ga-3 n\u00b01 en Scandinavie. L&#8217;Autorit\u00e9 sanitaire norv\u00e9gienne le recommande comme \u00e9l\u00e9ment standard de l&#8217;alimentation quotidienne. Om\u00e9ga-3 liquide pur dans la bouteille verte !  <\/p><h2 class=\"wp-block-heading\" id=\"h-geschiedenis-van-levertraan\">Histoire de l&#8217;huile de foie de morue<\/h2><p>Les Norv\u00e9giens produisent, exportent et utilisent l&#8217;huile de foie de morue depuis plus de 1 000 ans. Initialement, cette huile de poisson saine \u00e9tait utilis\u00e9e comme huile de lampe et pour impr\u00e9gner le bois et le cuir. D\u00e8s 1645, on a d\u00e9couvert que l&#8217;huile de foie de morue \u00e9tait b\u00e9n\u00e9fique pour pr\u00e9venir et gu\u00e9rir les maladies. Le premier article scientifique publi\u00e9 pour \u00e9tayer cela date de la fin du 18e si\u00e8cle.   <\/p><p>L&#8217;huile de foie de morue a une longue histoire. Selon la l\u00e9gende, les Vikings l&#8217;utilisaient d\u00e9j\u00e0. Ils n&#8217;\u00e9taient donc pas si fous !  <\/p><p>\u00ab Une cuill\u00e8re d&#8217;huile de foie de morue par jour \u00bb \u00e9tait aussi la tradition des N\u00e9erlandais il y a un demi-si\u00e8cle. \u00c0 l&#8217;\u00e9poque, l&#8217;huile de foie de morue avait un go\u00fbt d\u00e9sagr\u00e9able et \u00e9tait souvent de qualit\u00e9 variable. Gr\u00e2ce \u00e0 des <a href=\"https:\/\/mollersomega3.nl\/noorse-kwaliteit-en-zuiverheid\/\" target=\"_blank\" rel=\"noreferrer noopener\">techniques de production<\/a> am\u00e9lior\u00e9es, M\u00f6ller&#8217;s Om\u00e9ga-3 a un go\u00fbt doux et frais et est disponible, en plus de la variante Nature, dans des saveurs fra\u00eeches de Citron, Pomme ou Tutti Frutti.  <\/p><h3 class=\"wp-block-heading\" id=\"h-pure-omega-3-expertise-sinds-1854\">Om\u00e9ga-3 pur ; expertise depuis 1854<\/h3><p>Au milieu du 19e si\u00e8cle, le pharmacien norv\u00e9gien Peter M\u00f6ller a constat\u00e9 que les personnes vivant le long de la c\u00f4te qui consommaient r\u00e9guli\u00e8rement de l&#8217;huile de foie de morue tombaient rarement malades. Il s&#8217;est ensuite consacr\u00e9 \u00e0 trouver une bonne m\u00e9thode de production pour ce liquide sain. Convaincu qu&#8217;une vie saine commence par une bonne alimentation, Peter M\u00f6ller a fond\u00e9 la marque M\u00f6ller&#8217;s en 1854. Il \u00e9tait d\u00e9j\u00e0 convaincu \u00e0 l&#8217;\u00e9poque des importants avantages de l&#8217;huile de foie de morue pour la sant\u00e9. Nous avons maintenant plus de 165 ans d&#8217;expertise dans la production d&#8217;huile de foie de morue de haute qualit\u00e9 et pure.    <\/p><p>M\u00f6ller \u00ab s est le seul producteur au monde qui produit de l&#8217;huile de foie de morue depuis plus de 165 ans. Depuis sa fondation en 1854, son histoire est caract\u00e9ris\u00e9e par des d\u00e9veloppements continus de la production qui ont constamment am\u00e9lior\u00e9 la qualit\u00e9, la puret\u00e9 et le go\u00fbt de M\u00f6ller \u00bb s Om\u00e9ga-3. <\/p><h2 class=\"wp-block-heading\" id=\"h-moller-s-omega-3-in-nederland-amp-belgie\">M\u00f6ller&#8217;s Om\u00e9ga-3 aux Pays-Bas et en Belgique<\/h2><p>M\u00f6ller&#8217;s a \u00e9t\u00e9 introduit aux Pays-Bas et en Belgique en 2013. Depuis, de nombreux th\u00e9rapeutes et professionnels de la sant\u00e9 recommandent les produits M\u00f6ller&#8217;s. De plus, ils font partie de l&#8217;assortiment de nombreux magasins de sant\u00e9, pharmacies et magasins de produits naturels. Le nombre de fans qui utilisent M\u00f6ller&#8217;s fid\u00e8lement chaque jour ne cesse d&#8217;augmenter.   <\/p><p>M\u00f6ller \u00ab s prouve \u00e0 maintes reprises qu&#8217;il est la marque d&#8217;om\u00e9ga-3 n\u00b01. M\u00f6ller \u00bb s est synonyme de <a href=\"https:\/\/mollersomega3.nl\/waarom-mollers\/\" target=\"_blank\" rel=\"noreferrer noopener\">qualit\u00e9, durabilit\u00e9 et nature pure<\/a> ! Les produits sont r\u00e9compens\u00e9s ann\u00e9e apr\u00e8s ann\u00e9e par le <a href=\"https:\/\/mollersomega3.nl\/superior-taste-award\/\" target=\"_blank\" rel=\"noreferrer noopener\">Superior Taste Award<\/a>. De plus, ils peuvent arborer le label Friend of the Sea pour une p\u00eache durable.  <\/p><p>\u00cates-vous \u00e9galement int\u00e9ress\u00e9 par la vente ou la recommandation des produits M\u00f6ller&#8217;s ? Vous souhaitez plus d&#8217;informations ? <a href=\"https:\/\/mollersomega3.nl\/klantenservice\/\" target=\"_blank\" rel=\"noreferrer noopener\">Contactez<\/a>-nous.  <\/p><h1 class=\"wp-block-heading\" id=\"h-moller-s-omega-3-is-onderdeel-van-good-life-international\">M\u00f6ller&#8217;s Om\u00e9ga-3 fait partie de Good Life International<\/h1><p><a href=\"http:\/\/www.goodlifeinternational.nl\" target=\"_blank\" rel=\"noopener\">Good Life International BV<\/a> est sp\u00e9cialis\u00e9e dans l&#8217;alimentation fonctionnelle depuis plus de 30 ans. Nous sommes une organisation de marketing et de vente ax\u00e9e sur le consommateur conscient et actif. Nous sommes passionn\u00e9s par une bonne alimentation que nous osons donner sans limite \u00e0 nos enfants.  <\/p><h2 class=\"wp-block-heading\" id=\"h-where-the-good-life-begins\">Where the good life begins<\/h2><p><em>\u00ab Quelle est l&#8217;utilit\u00e9 de la nourriture si elle n&#8217;est pas saine ? C&#8217;\u00e9tait la question que je me posais lorsque j&#8217;ai jet\u00e9 les bases de Good Life International en 1998. Plus il y a de produits et d&#8217;id\u00e9es sains, plus l&#8217;impact sur le monde sera grand, telle \u00e9tait ma conviction. Plusieurs ann\u00e9es se sont \u00e9coul\u00e9es depuis et nous avons acquis une vaste expertise dans le d\u00e9veloppement et la commercialisation d&#8217;aliments fonctionnels sains sous diff\u00e9rentes marques (propres). Notre mission est de rendre le mode de vie des jeunes et des moins jeunes plus nutritif, afin que leur vie soit plus confortable. Nous avons une large distribution et travaillons avec de grands d\u00e9taillants, mais nous tirons \u00e9galement beaucoup d&#8217;\u00e9nergie des petits entrepreneurs et des boutiques en ligne. Nous livrons d&#8217;Etos \u00e0 Holland  Barrett et de Vitaminstore \u00e0 Ekoplaza. Nous sommes devenus une entreprise d&#8217;inspiration alimentaire et soutenons un mode de vie sain pour augmenter la vitalit\u00e9 et le bien-\u00eatre des gens. Nous ne fabriquons que des produits que nous osons donner sans limite \u00e0 nos enfants et nous obtenons nos produits et ingr\u00e9dients aussi pr\u00e8s de chez nous que possible pour garantir la qualit\u00e9 et minimiser l&#8217;impact sur l&#8217;environnement. Cela fait simplement du bien ! \u00bb<\/em><\/p><p>Paul Vaessen<br\/>Fondateur de Good Life International BV<\/p>","protected":false},"excerpt":{"rendered":"<p>\u00c0 propos de M\u00f6ller&#8217;s Om\u00e9ga-3 Om\u00e9ga-3 pur de Norv\u00e8ge M\u00f6ller&#8217;s est la marque d&#8217;om\u00e9ga-3 n\u00b01 en Scandinavie. L&#8217;Autorit\u00e9 sanitaire norv\u00e9gienne le recommande comme \u00e9l\u00e9ment standard de l&#8217;alimentation quotidienne. Om\u00e9ga-3 liquide pur dans la bouteille verte ! Histoire de l&#8217;huile de foie de morue Les Norv\u00e9giens produisent, exportent et utilisent l&#8217;huile de foie de morue depuis [&hellip;]<\/p>\n","protected":false},"author":1,"featured_media":0,"parent":0,"menu_order":0,"comment_status":"closed","ping_status":"closed","template":"","meta":{"_yoast_wpseo_focuskw":"Om\u00e9ga-3 pur","_yoast_wpseo_title":"Om\u00e9ga-3 pur de Norv\u00e8ge %%sep%% %%title%% %%page%% %%sep%% %%sitename%%","_yoast_wpseo_metadesc":"Om\u00e9ga-3 pur de Norv\u00e8ge. M\u00f6ller's, n\u00b01 des om\u00e9ga-3 en Scandinavie. Partie int\u00e9grante de l'alimentation quotidienne. Om\u00e9ga-3 pur dans la bouteille verte !","_monsterinsights_skip_tracking":false,"_monsterinsights_sitenote_active":false,"_monsterinsights_sitenote_note":"","_monsterinsights_sitenote_category":0,"footnotes":""},"class_list":["post-1005924","page","type-page","status-publish","hentry"],"yoast_head":"<!-- This site is optimized with the Yoast SEO Premium plugin v25.1 (Yoast SEO v25.1) - https:\/\/yoast.com\/wordpress\/plugins\/seo\/ -->\n<title>Om\u00e9ga-3 pur de Norv\u00e8ge - \u00c0 propos de nous - M\u00f6llers Omega-3<\/title>\n<meta name=\"description\" content=\"Om\u00e9ga-3 pur de Norv\u00e8ge. M\u00f6ller&#039;s, n\u00b01 des om\u00e9ga-3 en Scandinavie. Partie int\u00e9grante de l&#039;alimentation quotidienne. Om\u00e9ga-3 pur dans la bouteille verte !\" \/>\n<meta name=\"robots\" content=\"index, follow, max-snippet:-1, max-image-preview:large, max-video-preview:-1\" \/>\n<link rel=\"canonical\" href=\"https:\/\/mollersomega3.nl\/over-ons\/\" \/>\n<meta property=\"og:locale\" content=\"fr_FR\" \/>\n<meta property=\"og:type\" content=\"article\" \/>\n<meta property=\"og:title\" content=\"\u00c0 propos de nous\" \/>\n<meta property=\"og:description\" content=\"Om\u00e9ga-3 pur de Norv\u00e8ge. M\u00f6ller&#039;s, n\u00b01 des om\u00e9ga-3 en Scandinavie. Partie int\u00e9grante de l&#039;alimentation quotidienne. Om\u00e9ga-3 pur dans la bouteille verte !\" \/>\n<meta property=\"og:url\" content=\"https:\/\/mollersomega3.nl\/over-ons\/\" \/>\n<meta property=\"og:site_name\" content=\"M\u00f6llers Omega-3\" \/>\n<meta property=\"article:publisher\" content=\"https:\/\/www.facebook.com\/mollersomega3nl\" \/>\n<meta property=\"article:modified_time\" content=\"2025-07-04T07:09:22+00:00\" \/>\n<meta property=\"og:image\" content=\"https:\/\/mollersomega3.nl\/wp-content\/uploads\/2020\/07\/noorse-vlag.png\" \/>\n<meta name=\"twitter:card\" content=\"summary_large_image\" \/>\n<meta name=\"twitter:site\" content=\"@mollersomega3nl\" \/>\n<meta name=\"twitter:label1\" content=\"Est. reading time\" \/>\n\t<meta name=\"twitter:data1\" content=\"4 minutes\" \/>\n<script type=\"application\/ld+json\" class=\"yoast-schema-graph\">{\"@context\":\"https:\/\/schema.org\",\"@graph\":[{\"@type\":\"WebPage\",\"@id\":\"https:\/\/mollersomega3.nl\/over-ons\/\",\"url\":\"https:\/\/mollersomega3.nl\/over-ons\/\",\"name\":\"Om\u00e9ga-3 pur de Norv\u00e8ge - \u00c0 propos de nous - M\u00f6llers Omega-3\",\"isPartOf\":{\"@id\":\"https:\/\/mollersomega3.nl\/#website\"},\"primaryImageOfPage\":{\"@id\":\"https:\/\/mollersomega3.nl\/over-ons\/#primaryimage\"},\"image\":{\"@id\":\"https:\/\/mollersomega3.nl\/over-ons\/#primaryimage\"},\"thumbnailUrl\":\"https:\/\/mollersomega3.nl\/wp-content\/uploads\/2020\/07\/noorse-vlag.png\",\"datePublished\":\"2020-05-30T13:22:40+00:00\",\"dateModified\":\"2025-07-04T07:09:22+00:00\",\"description\":\"Om\u00e9ga-3 pur de Norv\u00e8ge. M\u00f6ller's, n\u00b01 des om\u00e9ga-3 en Scandinavie. Partie int\u00e9grante de l'alimentation quotidienne. Om\u00e9ga-3 pur dans la bouteille verte !\",\"breadcrumb\":{\"@id\":\"https:\/\/mollersomega3.nl\/over-ons\/#breadcrumb\"},\"inLanguage\":\"fr-FR\",\"potentialAction\":[{\"@type\":\"ReadAction\",\"target\":[\"https:\/\/mollersomega3.nl\/over-ons\/\"]}]},{\"@type\":\"ImageObject\",\"inLanguage\":\"fr-FR\",\"@id\":\"https:\/\/mollersomega3.nl\/over-ons\/#primaryimage\",\"url\":\"https:\/\/mollersomega3.nl\/wp-content\/uploads\/2020\/07\/noorse-vlag.png\",\"contentUrl\":\"https:\/\/mollersomega3.nl\/wp-content\/uploads\/2020\/07\/noorse-vlag.png\"},{\"@type\":\"BreadcrumbList\",\"@id\":\"https:\/\/mollersomega3.nl\/over-ons\/#breadcrumb\",\"itemListElement\":[{\"@type\":\"ListItem\",\"position\":1,\"name\":\"Accueil\",\"item\":\"https:\/\/mollersomega3.nl\/fr\/\"},{\"@type\":\"ListItem\",\"position\":2,\"name\":\"\u00c0 propos de nous\"}]},{\"@type\":\"WebSite\",\"@id\":\"https:\/\/mollersomega3.nl\/#website\",\"url\":\"https:\/\/mollersomega3.nl\/\",\"name\":\"M\u00f6llers Omega-3\",\"description\":\"A Spoonful of Life since 1854\",\"publisher\":{\"@id\":\"https:\/\/mollersomega3.nl\/#organization\"},\"potentialAction\":[{\"@type\":\"SearchAction\",\"target\":{\"@type\":\"EntryPoint\",\"urlTemplate\":\"https:\/\/mollersomega3.nl\/?s={search_term_string}\"},\"query-input\":{\"@type\":\"PropertyValueSpecification\",\"valueRequired\":true,\"valueName\":\"search_term_string\"}}],\"inLanguage\":\"fr-FR\"},{\"@type\":\"Organization\",\"@id\":\"https:\/\/mollersomega3.nl\/#organization\",\"name\":\"M\u00f6llers Omega-3\",\"url\":\"https:\/\/mollersomega3.nl\/\",\"logo\":{\"@type\":\"ImageObject\",\"inLanguage\":\"fr-FR\",\"@id\":\"https:\/\/mollersomega3.nl\/#\/schema\/logo\/image\/\",\"url\":\"https:\/\/mollersomega3.nl\/wp-content\/uploads\/2020\/07\/mollers-logo-bestellingen.png\",\"contentUrl\":\"https:\/\/mollersomega3.nl\/wp-content\/uploads\/2020\/07\/mollers-logo-bestellingen.png\",\"width\":250,\"height\":86,\"caption\":\"M\u00f6llers Omega-3\"},\"image\":{\"@id\":\"https:\/\/mollersomega3.nl\/#\/schema\/logo\/image\/\"},\"sameAs\":[\"https:\/\/www.facebook.com\/MollersOmega3NL\",\"https:\/\/www.instagram.com\/mollersomega3nl\/\",\"https:\/\/nl.linkedin.com\/company\/good-life-international\",\"https:\/\/www.bol.com\/nl\/nl\/m\/mollers\/\",\"https:\/\/mollersomega3.nl\/en\/\"],\"foundingDate\":\"1854\",\"areaServed\":[\"GB\",\"IE\",\"US\",\"CA\",\"AU\",\"NZ\",\"NL\"],\"knowsAbout\":[\"omega-3\",\"cod liver oil\",\"fish oil\",\"DHA\",\"EPA\",\"vitamin D\"],\"description\":\"Norwegian premium omega-3 brand since 1854. Cod liver oil and fish oil supplements with omega-3, vitamins A, D and E.\"}]}<\/script>\n<!-- \/ Yoast SEO Premium plugin. -->","yoast_head_json":{"title":"Om\u00e9ga-3 pur de Norv\u00e8ge - \u00c0 propos de nous - M\u00f6llers Omega-3","description":"Om\u00e9ga-3 pur de Norv\u00e8ge. M\u00f6ller's, n\u00b01 des om\u00e9ga-3 en Scandinavie. Partie int\u00e9grante de l'alimentation quotidienne. Om\u00e9ga-3 pur dans la bouteille verte !","robots":{"index":"index","follow":"follow","max-snippet":"max-snippet:-1","max-image-preview":"max-image-preview:large","max-video-preview":"max-video-preview:-1"},"canonical":"https:\/\/mollersomega3.nl\/over-ons\/","og_locale":"fr_FR","og_type":"article","og_title":"\u00c0 propos de nous","og_description":"Om\u00e9ga-3 pur de Norv\u00e8ge. M\u00f6ller's, n\u00b01 des om\u00e9ga-3 en Scandinavie. Partie int\u00e9grante de l'alimentation quotidienne. Om\u00e9ga-3 pur dans la bouteille verte !","og_url":"https:\/\/mollersomega3.nl\/over-ons\/","og_site_name":"M\u00f6llers Omega-3","article_publisher":"https:\/\/www.facebook.com\/mollersomega3nl","article_modified_time":"2025-07-04T07:09:22+00:00","og_image":[{"url":"https:\/\/mollersomega3.nl\/wp-content\/uploads\/2020\/07\/noorse-vlag.png","type":"","width":"","height":""}],"twitter_card":"summary_large_image","twitter_site":"@mollersomega3nl","twitter_misc":{"Est. reading time":"4 minutes"},"schema":{"@context":"https:\/\/schema.org","@graph":[{"@type":"WebPage","@id":"https:\/\/mollersomega3.nl\/over-ons\/","url":"https:\/\/mollersomega3.nl\/over-ons\/","name":"Om\u00e9ga-3 pur de Norv\u00e8ge - \u00c0 propos de nous - M\u00f6llers Omega-3","isPartOf":{"@id":"https:\/\/mollersomega3.nl\/#website"},"primaryImageOfPage":{"@id":"https:\/\/mollersomega3.nl\/over-ons\/#primaryimage"},"image":{"@id":"https:\/\/mollersomega3.nl\/over-ons\/#primaryimage"},"thumbnailUrl":"https:\/\/mollersomega3.nl\/wp-content\/uploads\/2020\/07\/noorse-vlag.png","datePublished":"2020-05-30T13:22:40+00:00","dateModified":"2025-07-04T07:09:22+00:00","description":"Om\u00e9ga-3 pur de Norv\u00e8ge. M\u00f6ller's, n\u00b01 des om\u00e9ga-3 en Scandinavie. Partie int\u00e9grante de l'alimentation quotidienne. Om\u00e9ga-3 pur dans la bouteille verte !","breadcrumb":{"@id":"https:\/\/mollersomega3.nl\/over-ons\/#breadcrumb"},"inLanguage":"fr-FR","potentialAction":[{"@type":"ReadAction","target":["https:\/\/mollersomega3.nl\/over-ons\/"]}]},{"@type":"ImageObject","inLanguage":"fr-FR","@id":"https:\/\/mollersomega3.nl\/over-ons\/#primaryimage","url":"https:\/\/mollersomega3.nl\/wp-content\/uploads\/2020\/07\/noorse-vlag.png","contentUrl":"https:\/\/mollersomega3.nl\/wp-content\/uploads\/2020\/07\/noorse-vlag.png"},{"@type":"BreadcrumbList","@id":"https:\/\/mollersomega3.nl\/over-ons\/#breadcrumb","itemListElement":[{"@type":"ListItem","position":1,"name":"Accueil","item":"https:\/\/mollersomega3.nl\/fr\/"},{"@type":"ListItem","position":2,"name":"\u00c0 propos de nous"}]},{"@type":"WebSite","@id":"https:\/\/mollersomega3.nl\/#website","url":"https:\/\/mollersomega3.nl\/","name":"M\u00f6llers Omega-3","description":"A Spoonful of Life since 1854","publisher":{"@id":"https:\/\/mollersomega3.nl\/#organization"},"potentialAction":[{"@type":"SearchAction","target":{"@type":"EntryPoint","urlTemplate":"https:\/\/mollersomega3.nl\/?s={search_term_string}"},"query-input":{"@type":"PropertyValueSpecification","valueRequired":true,"valueName":"search_term_string"}}],"inLanguage":"fr-FR"},{"@type":"Organization","@id":"https:\/\/mollersomega3.nl\/#organization","name":"M\u00f6llers Omega-3","url":"https:\/\/mollersomega3.nl\/","logo":{"@type":"ImageObject","inLanguage":"fr-FR","@id":"https:\/\/mollersomega3.nl\/#\/schema\/logo\/image\/","url":"https:\/\/mollersomega3.nl\/wp-content\/uploads\/2020\/07\/mollers-logo-bestellingen.png","contentUrl":"https:\/\/mollersomega3.nl\/wp-content\/uploads\/2020\/07\/mollers-logo-bestellingen.png","width":250,"height":86,"caption":"M\u00f6llers Omega-3"},"image":{"@id":"https:\/\/mollersomega3.nl\/#\/schema\/logo\/image\/"},"sameAs":["https:\/\/www.facebook.com\/MollersOmega3NL","https:\/\/www.instagram.com\/mollersomega3nl\/","https:\/\/nl.linkedin.com\/company\/good-life-international","https:\/\/www.bol.com\/nl\/nl\/m\/mollers\/","https:\/\/mollersomega3.nl\/en\/"],"foundingDate":"1854","areaServed":["GB","IE","US","CA","AU","NZ","NL"],"knowsAbout":["omega-3","cod liver oil","fish oil","DHA","EPA","vitamin D"],"description":"Norwegian premium omega-3 brand since 1854. Cod liver oil and fish oil supplements with omega-3, vitamins A, D and E."}]}},"_links":{"self":[{"href":"https:\/\/mollersomega3.nl\/fr\/wp-json\/wp\/v2\/pages\/1005924","targetHints":{"allow":["GET"]}}],"collection":[{"href":"https:\/\/mollersomega3.nl\/fr\/wp-json\/wp\/v2\/pages"}],"about":[{"href":"https:\/\/mollersomega3.nl\/fr\/wp-json\/wp\/v2\/types\/page"}],"author":[{"embeddable":true,"href":"https:\/\/mollersomega3.nl\/fr\/wp-json\/wp\/v2\/users\/1"}],"replies":[{"embeddable":true,"href":"https:\/\/mollersomega3.nl\/fr\/wp-json\/wp\/v2\/comments?post=1005924"}],"version-history":[{"count":0,"href":"https:\/\/mollersomega3.nl\/fr\/wp-json\/wp\/v2\/pages\/1005924\/revisions"}],"wp:attachment":[{"href":"https:\/\/mollersomega3.nl\/fr\/wp-json\/wp\/v2\/media?parent=1005924"}],"curies":[{"name":"wp","href":"https:\/\/api.w.org\/{rel}","templated":true}]}}