{"id":1005929,"date":"2020-06-10T10:57:03","date_gmt":"2020-06-10T08:57:03","guid":{"rendered":"https:\/\/mollersomega3.nl\/omega-3-vitamine-a-et-la-peau\/"},"modified":"2020-06-10T10:57:03","modified_gmt":"2020-06-10T08:57:03","slug":"omega-3-vitamine-a-et-la-peau","status":"publish","type":"page","link":"https:\/\/mollersomega3.nl\/fr\/omega-3-vitamine-a-et-la-peau\/","title":{"rendered":"Om\u00e9ga-3, vitamine A et la peau"},"content":{"rendered":"<h2>L&#8217;Om\u00e9ga-3 de M\u00f6ller&#8217;s assure une belle peau de l&#8217;int\u00e9rieur !<\/h2>\n<p>La peau est notre plus grand organe. Diff\u00e9rents nutriments ont des effets positifs scientifiquement prouv\u00e9s sur la peau. Il existe par exemple un lien entre la vitamine A et la peau.  <\/p>\n<ul>\n<li>Vitamine A et la peau : la vitamine A est n\u00e9cessaire \u00e0 la formation des cellules de la peau et assure un bon \u00e9tat de la peau.<\/li>\n<li>Les antioxydants sont essentiels pour prot\u00e9ger vos cellules contre les radicaux libres. Ce sont des substances nocives qui acc\u00e9l\u00e8rent le vieillissement de la peau. Les antioxydants, comme les vitamines C et E, permettent d&#8217;\u00e9liminer ces radicaux libres.  <\/li>\n<li>Les vitamines B sont \u00e9galement indispensables pour une peau saine, en particulier B2, B3 et B8.<\/li>\n<li>Un nutriment tr\u00e8s important pour la peau est l&#8217;om\u00e9ga-3. La recherche scientifique montre des effets positifs sur les probl\u00e8mes de peau, comme l&#8217;ecz\u00e9ma et l&#8217;acn\u00e9. L&#8217;om\u00e9ga-3 maintient les cellules souples et agit comme anti-inflammatoire. Vous pouvez \u00e9galement lutter contre la peau s\u00e8che avec les acides gras om\u00e9ga-3.   <\/li>\n<\/ul>\n<h3>Om\u00e9ga-3 : vitamine A et la peau<\/h3>\n<p>Les fid\u00e8les utilisateurs de l&#8217;Om\u00e9ga-3 de M\u00f6ller&#8217;s sont tr\u00e8s satisfaits de l&#8217;effet sur leur peau. Un aper\u00e7u des avis : <\/p>\n<p><strong>\u00ab J&#8217;ai commenc\u00e9 avec l&#8217;<em>huile de foie de morue<\/em> \u00e0 cause d&#8217;une peau \u00e0 probl\u00e8mes. Je vois et sens certainement une diff\u00e9rence. \u00bb <\/strong><\/p>\n<p><em><strong>\u00ab Mon m\u00e9decin orthmol\u00e9culaire m&#8217;a conseill\u00e9 d&#8217;utiliser l&#8217;Huile de foie de morue Citron de M\u00f6ller&#8217;s, j&#8217;ai imm\u00e9diatement achet\u00e9 ce produit et l&#8217;utilise maintenant depuis environ 3\/4 de mois. J&#8217;ai rapidement remarqu\u00e9 une diff\u00e9rence, notamment ma peau est devenue beaucoup moins s\u00e8che. \u00bb<\/strong><\/em><\/p>\n<p><img decoding=\"async\" class=\"alignnone wp-image-458\" src=\"https:\/\/mollersomega3.nl\/wp-content\/uploads\/2020\/06\/icoontjes-groen-los_huid.png\" alt=\"Vitamine A et la Peau\" width=\"150\" height=\"150\" srcset=\"https:\/\/mollersomega3.nl\/wp-content\/uploads\/2020\/06\/icoontjes-groen-los_huid.png 418w, https:\/\/mollersomega3.nl\/wp-content\/uploads\/2020\/06\/icoontjes-groen-los_huid-300x300.png 300w, https:\/\/mollersomega3.nl\/wp-content\/uploads\/2020\/06\/icoontjes-groen-los_huid-100x100.png 100w\" sizes=\"(max-width: 150px) 100vw, 150px\" \/><\/p>\n<p><strong>Saviez-vous que&#8230; dans la peau, la <a href=\"https:\/\/mollersomega3.nl\/vitamine-d-voor-botten-tanden-spieren\/\">vitamine D<\/a> est produite lorsqu&#8217;elle est expos\u00e9e \u00e0 la lumi\u00e8re du soleil ?<\/strong><\/p>\n","protected":false},"excerpt":{"rendered":"<p>L&#8217;Om\u00e9ga-3 de M\u00f6ller&#8217;s assure une belle peau de l&#8217;int\u00e9rieur ! La peau est notre plus grand organe. Diff\u00e9rents nutriments ont des effets positifs scientifiquement prouv\u00e9s sur la peau. Il existe par exemple un lien entre la vitamine A et la peau. Vitamine A et la peau : la vitamine A est n\u00e9cessaire \u00e0 la formation [&hellip;]<\/p>\n","protected":false},"author":1,"featured_media":0,"parent":0,"menu_order":0,"comment_status":"closed","ping_status":"closed","template":"","meta":{"_yoast_wpseo_focuskw":"Vitamine A et la peau","_yoast_wpseo_title":"","_yoast_wpseo_metadesc":"Vitamine A et la peau. Les nutriments ont un effet sur la peau. L'Om\u00e9ga-3 de M\u00f6ller's assure une belle peau de l'int\u00e9rieur !","_monsterinsights_skip_tracking":false,"_monsterinsights_sitenote_active":false,"_monsterinsights_sitenote_note":"","_monsterinsights_sitenote_category":0,"footnotes":""},"class_list":["post-1005929","page","type-page","status-publish","hentry"],"yoast_head":"<!-- This site is optimized with the Yoast SEO Premium plugin v25.1 (Yoast SEO v25.1) - https:\/\/yoast.com\/wordpress\/plugins\/seo\/ -->\n<title>Om\u00e9ga-3, vitamine A et la peau - M\u00f6llers Omega-3<\/title>\n<meta name=\"description\" content=\"Vitamine A et la peau. Les nutriments ont un effet sur la peau. L&#039;Om\u00e9ga-3 de M\u00f6ller&#039;s assure une belle peau de l&#039;int\u00e9rieur !\" \/>\n<meta name=\"robots\" content=\"index, follow, max-snippet:-1, max-image-preview:large, max-video-preview:-1\" \/>\n<link rel=\"canonical\" href=\"https:\/\/mollersomega3.nl\/vitamine-a-en-de-huid\/\" \/>\n<meta property=\"og:locale\" content=\"fr_FR\" \/>\n<meta property=\"og:type\" content=\"article\" \/>\n<meta property=\"og:title\" content=\"Om\u00e9ga-3, vitamine A et la peau\" \/>\n<meta property=\"og:description\" content=\"Vitamine A et la peau. Les nutriments ont un effet sur la peau. L&#039;Om\u00e9ga-3 de M\u00f6ller&#039;s assure une belle peau de l&#039;int\u00e9rieur !\" \/>\n<meta property=\"og:url\" content=\"https:\/\/mollersomega3.nl\/vitamine-a-en-de-huid\/\" \/>\n<meta property=\"og:site_name\" content=\"M\u00f6llers Omega-3\" \/>\n<meta property=\"article:publisher\" content=\"https:\/\/www.facebook.com\/mollersomega3nl\" \/>\n<meta property=\"og:image\" content=\"https:\/\/mollersomega3.nl\/wp-content\/uploads\/2020\/06\/icoontjes-groen-los_huid.png\" \/>\n<meta name=\"twitter:card\" content=\"summary_large_image\" \/>\n<meta name=\"twitter:site\" content=\"@mollersomega3nl\" \/>\n<meta name=\"twitter:label1\" content=\"Est. reading time\" \/>\n\t<meta name=\"twitter:data1\" content=\"1 minute\" \/>\n<script type=\"application\/ld+json\" class=\"yoast-schema-graph\">{\"@context\":\"https:\/\/schema.org\",\"@graph\":[{\"@type\":\"WebPage\",\"@id\":\"https:\/\/mollersomega3.nl\/vitamine-a-en-de-huid\/\",\"url\":\"https:\/\/mollersomega3.nl\/vitamine-a-en-de-huid\/\",\"name\":\"Om\u00e9ga-3, vitamine A et la peau - M\u00f6llers Omega-3\",\"isPartOf\":{\"@id\":\"https:\/\/mollersomega3.nl\/#website\"},\"primaryImageOfPage\":{\"@id\":\"https:\/\/mollersomega3.nl\/vitamine-a-en-de-huid\/#primaryimage\"},\"image\":{\"@id\":\"https:\/\/mollersomega3.nl\/vitamine-a-en-de-huid\/#primaryimage\"},\"thumbnailUrl\":\"https:\/\/mollersomega3.nl\/wp-content\/uploads\/2020\/06\/icoontjes-groen-los_huid.png\",\"datePublished\":\"2020-06-10T08:57:03+00:00\",\"description\":\"Vitamine A et la peau. Les nutriments ont un effet sur la peau. L'Om\u00e9ga-3 de M\u00f6ller's assure une belle peau de l'int\u00e9rieur !\",\"breadcrumb\":{\"@id\":\"https:\/\/mollersomega3.nl\/vitamine-a-en-de-huid\/#breadcrumb\"},\"inLanguage\":\"fr-FR\",\"potentialAction\":[{\"@type\":\"ReadAction\",\"target\":[\"https:\/\/mollersomega3.nl\/vitamine-a-en-de-huid\/\"]}]},{\"@type\":\"ImageObject\",\"inLanguage\":\"fr-FR\",\"@id\":\"https:\/\/mollersomega3.nl\/vitamine-a-en-de-huid\/#primaryimage\",\"url\":\"https:\/\/mollersomega3.nl\/wp-content\/uploads\/2020\/06\/icoontjes-groen-los_huid.png\",\"contentUrl\":\"https:\/\/mollersomega3.nl\/wp-content\/uploads\/2020\/06\/icoontjes-groen-los_huid.png\"},{\"@type\":\"BreadcrumbList\",\"@id\":\"https:\/\/mollersomega3.nl\/vitamine-a-en-de-huid\/#breadcrumb\",\"itemListElement\":[{\"@type\":\"ListItem\",\"position\":1,\"name\":\"Accueil\",\"item\":\"https:\/\/mollersomega3.nl\/fr\/\"},{\"@type\":\"ListItem\",\"position\":2,\"name\":\"Om\u00e9ga-3, vitamine A et la peau\"}]},{\"@type\":\"WebSite\",\"@id\":\"https:\/\/mollersomega3.nl\/#website\",\"url\":\"https:\/\/mollersomega3.nl\/\",\"name\":\"M\u00f6llers Omega-3\",\"description\":\"A Spoonful of Life since 1854\",\"publisher\":{\"@id\":\"https:\/\/mollersomega3.nl\/#organization\"},\"potentialAction\":[{\"@type\":\"SearchAction\",\"target\":{\"@type\":\"EntryPoint\",\"urlTemplate\":\"https:\/\/mollersomega3.nl\/?s={search_term_string}\"},\"query-input\":{\"@type\":\"PropertyValueSpecification\",\"valueRequired\":true,\"valueName\":\"search_term_string\"}}],\"inLanguage\":\"fr-FR\"},{\"@type\":\"Organization\",\"@id\":\"https:\/\/mollersomega3.nl\/#organization\",\"name\":\"M\u00f6llers Omega-3\",\"url\":\"https:\/\/mollersomega3.nl\/\",\"logo\":{\"@type\":\"ImageObject\",\"inLanguage\":\"fr-FR\",\"@id\":\"https:\/\/mollersomega3.nl\/#\/schema\/logo\/image\/\",\"url\":\"https:\/\/mollersomega3.nl\/wp-content\/uploads\/2020\/07\/mollers-logo-bestellingen.png\",\"contentUrl\":\"https:\/\/mollersomega3.nl\/wp-content\/uploads\/2020\/07\/mollers-logo-bestellingen.png\",\"width\":250,\"height\":86,\"caption\":\"M\u00f6llers Omega-3\"},\"image\":{\"@id\":\"https:\/\/mollersomega3.nl\/#\/schema\/logo\/image\/\"},\"sameAs\":[\"https:\/\/www.facebook.com\/MollersOmega3NL\",\"https:\/\/www.instagram.com\/mollersomega3nl\/\",\"https:\/\/nl.linkedin.com\/company\/good-life-international\",\"https:\/\/www.bol.com\/nl\/nl\/m\/mollers\/\",\"https:\/\/mollersomega3.nl\/en\/\"],\"foundingDate\":\"1854\",\"areaServed\":[\"GB\",\"IE\",\"US\",\"CA\",\"AU\",\"NZ\",\"NL\"],\"knowsAbout\":[\"omega-3\",\"cod liver oil\",\"fish oil\",\"DHA\",\"EPA\",\"vitamin D\"],\"description\":\"Norwegian premium omega-3 brand since 1854. Cod liver oil and fish oil supplements with omega-3, vitamins A, D and E.\"}]}<\/script>\n<!-- \/ Yoast SEO Premium plugin. -->","yoast_head_json":{"title":"Om\u00e9ga-3, vitamine A et la peau - M\u00f6llers Omega-3","description":"Vitamine A et la peau. Les nutriments ont un effet sur la peau. L'Om\u00e9ga-3 de M\u00f6ller's assure une belle peau de l'int\u00e9rieur !","robots":{"index":"index","follow":"follow","max-snippet":"max-snippet:-1","max-image-preview":"max-image-preview:large","max-video-preview":"max-video-preview:-1"},"canonical":"https:\/\/mollersomega3.nl\/vitamine-a-en-de-huid\/","og_locale":"fr_FR","og_type":"article","og_title":"Om\u00e9ga-3, vitamine A et la peau","og_description":"Vitamine A et la peau. Les nutriments ont un effet sur la peau. L'Om\u00e9ga-3 de M\u00f6ller's assure une belle peau de l'int\u00e9rieur !","og_url":"https:\/\/mollersomega3.nl\/vitamine-a-en-de-huid\/","og_site_name":"M\u00f6llers Omega-3","article_publisher":"https:\/\/www.facebook.com\/mollersomega3nl","og_image":[{"url":"https:\/\/mollersomega3.nl\/wp-content\/uploads\/2020\/06\/icoontjes-groen-los_huid.png","type":"","width":"","height":""}],"twitter_card":"summary_large_image","twitter_site":"@mollersomega3nl","twitter_misc":{"Est. reading time":"1 minute"},"schema":{"@context":"https:\/\/schema.org","@graph":[{"@type":"WebPage","@id":"https:\/\/mollersomega3.nl\/vitamine-a-en-de-huid\/","url":"https:\/\/mollersomega3.nl\/vitamine-a-en-de-huid\/","name":"Om\u00e9ga-3, vitamine A et la peau - M\u00f6llers Omega-3","isPartOf":{"@id":"https:\/\/mollersomega3.nl\/#website"},"primaryImageOfPage":{"@id":"https:\/\/mollersomega3.nl\/vitamine-a-en-de-huid\/#primaryimage"},"image":{"@id":"https:\/\/mollersomega3.nl\/vitamine-a-en-de-huid\/#primaryimage"},"thumbnailUrl":"https:\/\/mollersomega3.nl\/wp-content\/uploads\/2020\/06\/icoontjes-groen-los_huid.png","datePublished":"2020-06-10T08:57:03+00:00","description":"Vitamine A et la peau. Les nutriments ont un effet sur la peau. L'Om\u00e9ga-3 de M\u00f6ller's assure une belle peau de l'int\u00e9rieur !","breadcrumb":{"@id":"https:\/\/mollersomega3.nl\/vitamine-a-en-de-huid\/#breadcrumb"},"inLanguage":"fr-FR","potentialAction":[{"@type":"ReadAction","target":["https:\/\/mollersomega3.nl\/vitamine-a-en-de-huid\/"]}]},{"@type":"ImageObject","inLanguage":"fr-FR","@id":"https:\/\/mollersomega3.nl\/vitamine-a-en-de-huid\/#primaryimage","url":"https:\/\/mollersomega3.nl\/wp-content\/uploads\/2020\/06\/icoontjes-groen-los_huid.png","contentUrl":"https:\/\/mollersomega3.nl\/wp-content\/uploads\/2020\/06\/icoontjes-groen-los_huid.png"},{"@type":"BreadcrumbList","@id":"https:\/\/mollersomega3.nl\/vitamine-a-en-de-huid\/#breadcrumb","itemListElement":[{"@type":"ListItem","position":1,"name":"Accueil","item":"https:\/\/mollersomega3.nl\/fr\/"},{"@type":"ListItem","position":2,"name":"Om\u00e9ga-3, vitamine A et la peau"}]},{"@type":"WebSite","@id":"https:\/\/mollersomega3.nl\/#website","url":"https:\/\/mollersomega3.nl\/","name":"M\u00f6llers Omega-3","description":"A Spoonful of Life since 1854","publisher":{"@id":"https:\/\/mollersomega3.nl\/#organization"},"potentialAction":[{"@type":"SearchAction","target":{"@type":"EntryPoint","urlTemplate":"https:\/\/mollersomega3.nl\/?s={search_term_string}"},"query-input":{"@type":"PropertyValueSpecification","valueRequired":true,"valueName":"search_term_string"}}],"inLanguage":"fr-FR"},{"@type":"Organization","@id":"https:\/\/mollersomega3.nl\/#organization","name":"M\u00f6llers Omega-3","url":"https:\/\/mollersomega3.nl\/","logo":{"@type":"ImageObject","inLanguage":"fr-FR","@id":"https:\/\/mollersomega3.nl\/#\/schema\/logo\/image\/","url":"https:\/\/mollersomega3.nl\/wp-content\/uploads\/2020\/07\/mollers-logo-bestellingen.png","contentUrl":"https:\/\/mollersomega3.nl\/wp-content\/uploads\/2020\/07\/mollers-logo-bestellingen.png","width":250,"height":86,"caption":"M\u00f6llers Omega-3"},"image":{"@id":"https:\/\/mollersomega3.nl\/#\/schema\/logo\/image\/"},"sameAs":["https:\/\/www.facebook.com\/MollersOmega3NL","https:\/\/www.instagram.com\/mollersomega3nl\/","https:\/\/nl.linkedin.com\/company\/good-life-international","https:\/\/www.bol.com\/nl\/nl\/m\/mollers\/","https:\/\/mollersomega3.nl\/en\/"],"foundingDate":"1854","areaServed":["GB","IE","US","CA","AU","NZ","NL"],"knowsAbout":["omega-3","cod liver oil","fish oil","DHA","EPA","vitamin D"],"description":"Norwegian premium omega-3 brand since 1854. Cod liver oil and fish oil supplements with omega-3, vitamins A, D and E."}]}},"_links":{"self":[{"href":"https:\/\/mollersomega3.nl\/fr\/wp-json\/wp\/v2\/pages\/1005929","targetHints":{"allow":["GET"]}}],"collection":[{"href":"https:\/\/mollersomega3.nl\/fr\/wp-json\/wp\/v2\/pages"}],"about":[{"href":"https:\/\/mollersomega3.nl\/fr\/wp-json\/wp\/v2\/types\/page"}],"author":[{"embeddable":true,"href":"https:\/\/mollersomega3.nl\/fr\/wp-json\/wp\/v2\/users\/1"}],"replies":[{"embeddable":true,"href":"https:\/\/mollersomega3.nl\/fr\/wp-json\/wp\/v2\/comments?post=1005929"}],"version-history":[{"count":0,"href":"https:\/\/mollersomega3.nl\/fr\/wp-json\/wp\/v2\/pages\/1005929\/revisions"}],"wp:attachment":[{"href":"https:\/\/mollersomega3.nl\/fr\/wp-json\/wp\/v2\/media?parent=1005929"}],"curies":[{"name":"wp","href":"https:\/\/api.w.org\/{rel}","templated":true}]}}