{"id":1005930,"date":"2020-06-06T19:35:29","date_gmt":"2020-06-06T17:35:29","guid":{"rendered":"https:\/\/mollersomega3.nl\/yeux\/"},"modified":"2020-06-06T19:35:29","modified_gmt":"2020-06-06T17:35:29","slug":"yeux","status":"publish","type":"page","link":"https:\/\/mollersomega3.nl\/fr\/yeux\/","title":{"rendered":"Yeux"},"content":{"rendered":"<h2>Acides gras om\u00e9ga-3 et vitamine A pour les yeux<\/h2>\n<h3>La r\u00e9tine est l&#8217;organe avec la plus forte concentration d&#8217;acides gras om\u00e9ga-3 DHA<\/h3>\n<p>Dans la r\u00e9tine des yeux se trouvent des photor\u00e9cepteurs complexes. Nous les appelons aussi b\u00e2tonnets et c\u00f4nes. Gr\u00e2ce \u00e0 eux, nous pouvons voir les couleurs et distinguer les nuances de gris. Dans les premi\u00e8res phases de la vie, nous pouvons voir de plus en plus nettement. En vieillissant, notre vue se d\u00e9t\u00e9riore. Cela est d\u00fb au fait que la sensibilit\u00e9 des r\u00e9cepteurs diminue progressivement.     <\/p>\n<p>L&#8217;acide gras om\u00e9ga-3 DHA est un composant important de la r\u00e9tine. Il contribue au d\u00e9veloppement de la vision chez les enfants. \u00c0 un \u00e2ge plus avanc\u00e9, il contribue au maintien d&#8217;une bonne vision.  <\/p>\n<h3>Donnez aussi \u00e0 votre enfant un bon regard sur le monde<span style=\"font-weight: 400;\"> <\/span><\/h3>\n<p><span style=\"font-weight: 400;\">La puissance des om\u00e9ga-3 s&#8217;\u00e9tend \u00e9galement aux yeux, o\u00f9 ils contribuent au d\u00e9veloppement des yeux et favorisent une vision saine chez les enfants. Ainsi, ils peuvent bien percevoir le monde qui les entoure !  <\/span><\/p>\n<h3>M\u00f6ller&#8217;s Omega-3 soutient la vision<\/h3>\n<p>Les b\u00e2tonnets et c\u00f4nes de la r\u00e9tine contiennent la plus forte concentration de DHA de toutes les cellules du corps. C&#8217;est pourquoi l&#8217;acide gras DHA est un \u00e9l\u00e9ment constitutif important de la r\u00e9tine.<br \/>\nDe plus, cet acide gras prot\u00e8ge la r\u00e9tine contre le stress oxydatif. Le stress oxydatif est notamment li\u00e9 \u00e0 la d\u00e9g\u00e9n\u00e9rescence maculaire. Cela signifie donc que le DHA r\u00e9duit le risque de d\u00e9t\u00e9rioration de la vue en vieillissant. Un effet b\u00e9n\u00e9fique est obtenu avec un apport quotidien de 250 mg de DHA. M\u00f6ller&#8217;s Omega-3 contient 600 mg d&#8217;acides gras DHA par portion quotidienne.     <\/p>\n<p>La vitamine A dans M\u00f6ller&#8217;s Omega-3 est \u00e9galement importante pour la vision. Elle permet aux yeux de s&#8217;adapter \u00e0 la p\u00e9nombre. Une carence peut conduire \u00e0 la c\u00e9cit\u00e9 nocturne. Et cela peut \u00e9ventuellement entra\u00eener la c\u00e9cit\u00e9. La vitamine A est aussi appel\u00e9e r\u00e9tinol.    <\/p>\n<p><img decoding=\"async\" class=\"alignnone wp-image-460\" src=\"https:\/\/mollersomega3.nl\/wp-content\/uploads\/2020\/06\/icoontjes-groen-los_ogen.png\" alt=\"yeux \" width=\"150\" height=\"150\" srcset=\"https:\/\/mollersomega3.nl\/wp-content\/uploads\/2020\/06\/icoontjes-groen-los_ogen.png 417w, https:\/\/mollersomega3.nl\/wp-content\/uploads\/2020\/06\/icoontjes-groen-los_ogen-300x301.png 300w, https:\/\/mollersomega3.nl\/wp-content\/uploads\/2020\/06\/icoontjes-groen-los_ogen-100x100.png 100w\" sizes=\"(max-width: 150px) 100vw, 150px\" \/><\/p>\n<p><strong>Saviez-vous que&#8230; les muscles autour des yeux sont les muscles les plus actifs du corps ?<\/strong><\/p>\n","protected":false},"excerpt":{"rendered":"<p>Acides gras om\u00e9ga-3 et vitamine A pour les yeux La r\u00e9tine est l&#8217;organe avec la plus forte concentration d&#8217;acides gras om\u00e9ga-3 DHA Dans la r\u00e9tine des yeux se trouvent des photor\u00e9cepteurs complexes. Nous les appelons aussi b\u00e2tonnets et c\u00f4nes. Gr\u00e2ce \u00e0 eux, nous pouvons voir les couleurs et distinguer les nuances de gris. Dans les [&hellip;]<\/p>\n","protected":false},"author":1,"featured_media":0,"parent":0,"menu_order":0,"comment_status":"closed","ping_status":"closed","template":"","meta":{"_yoast_wpseo_focuskw":"yeux","_yoast_wpseo_title":"%%title%% %%sep%% DHA et vision %%sep%% %%sitename%%","_yoast_wpseo_metadesc":"Yeux et om\u00e9ga-3. Le DHA contribue au d\u00e9veloppement de la vision chez les enfants et \u00e0 son maintien \u00e0 un \u00e2ge plus avanc\u00e9.","_monsterinsights_skip_tracking":false,"_monsterinsights_sitenote_active":false,"_monsterinsights_sitenote_note":"","_monsterinsights_sitenote_category":0,"footnotes":""},"class_list":["post-1005930","page","type-page","status-publish","hentry"],"yoast_head":"<!-- This site is optimized with the Yoast SEO Premium plugin v25.1 (Yoast SEO v25.1) - https:\/\/yoast.com\/wordpress\/plugins\/seo\/ -->\n<title>Yeux - DHA et vision - M\u00f6llers Omega-3<\/title>\n<meta name=\"description\" content=\"Yeux et om\u00e9ga-3. Le DHA contribue au d\u00e9veloppement de la vision chez les enfants et \u00e0 son maintien \u00e0 un \u00e2ge plus avanc\u00e9.\" \/>\n<meta name=\"robots\" content=\"index, follow, max-snippet:-1, max-image-preview:large, max-video-preview:-1\" \/>\n<link rel=\"canonical\" href=\"https:\/\/mollersomega3.nl\/ogen\/\" \/>\n<meta property=\"og:locale\" content=\"fr_FR\" \/>\n<meta property=\"og:type\" content=\"article\" \/>\n<meta property=\"og:title\" content=\"Yeux\" \/>\n<meta property=\"og:description\" content=\"Yeux et om\u00e9ga-3. Le DHA contribue au d\u00e9veloppement de la vision chez les enfants et \u00e0 son maintien \u00e0 un \u00e2ge plus avanc\u00e9.\" \/>\n<meta property=\"og:url\" content=\"https:\/\/mollersomega3.nl\/ogen\/\" \/>\n<meta property=\"og:site_name\" content=\"M\u00f6llers Omega-3\" \/>\n<meta property=\"article:publisher\" content=\"https:\/\/www.facebook.com\/mollersomega3nl\" \/>\n<meta property=\"og:image\" content=\"https:\/\/mollersomega3.nl\/wp-content\/uploads\/2020\/06\/icoontjes-groen-los_ogen.png\" \/>\n<meta name=\"twitter:card\" content=\"summary_large_image\" \/>\n<meta name=\"twitter:site\" content=\"@mollersomega3nl\" \/>\n<meta name=\"twitter:label1\" content=\"Est. reading time\" \/>\n\t<meta name=\"twitter:data1\" content=\"2 minutes\" \/>\n<script type=\"application\/ld+json\" class=\"yoast-schema-graph\">{\"@context\":\"https:\/\/schema.org\",\"@graph\":[{\"@type\":\"WebPage\",\"@id\":\"https:\/\/mollersomega3.nl\/ogen\/\",\"url\":\"https:\/\/mollersomega3.nl\/ogen\/\",\"name\":\"Yeux - DHA et vision - M\u00f6llers Omega-3\",\"isPartOf\":{\"@id\":\"https:\/\/mollersomega3.nl\/#website\"},\"primaryImageOfPage\":{\"@id\":\"https:\/\/mollersomega3.nl\/ogen\/#primaryimage\"},\"image\":{\"@id\":\"https:\/\/mollersomega3.nl\/ogen\/#primaryimage\"},\"thumbnailUrl\":\"https:\/\/mollersomega3.nl\/wp-content\/uploads\/2020\/06\/icoontjes-groen-los_ogen.png\",\"datePublished\":\"2020-06-06T17:35:29+00:00\",\"description\":\"Yeux et om\u00e9ga-3. Le DHA contribue au d\u00e9veloppement de la vision chez les enfants et \u00e0 son maintien \u00e0 un \u00e2ge plus avanc\u00e9.\",\"breadcrumb\":{\"@id\":\"https:\/\/mollersomega3.nl\/ogen\/#breadcrumb\"},\"inLanguage\":\"fr-FR\",\"potentialAction\":[{\"@type\":\"ReadAction\",\"target\":[\"https:\/\/mollersomega3.nl\/ogen\/\"]}]},{\"@type\":\"ImageObject\",\"inLanguage\":\"fr-FR\",\"@id\":\"https:\/\/mollersomega3.nl\/ogen\/#primaryimage\",\"url\":\"https:\/\/mollersomega3.nl\/wp-content\/uploads\/2020\/06\/icoontjes-groen-los_ogen.png\",\"contentUrl\":\"https:\/\/mollersomega3.nl\/wp-content\/uploads\/2020\/06\/icoontjes-groen-los_ogen.png\"},{\"@type\":\"BreadcrumbList\",\"@id\":\"https:\/\/mollersomega3.nl\/ogen\/#breadcrumb\",\"itemListElement\":[{\"@type\":\"ListItem\",\"position\":1,\"name\":\"Accueil\",\"item\":\"https:\/\/mollersomega3.nl\/fr\/\"},{\"@type\":\"ListItem\",\"position\":2,\"name\":\"Yeux\"}]},{\"@type\":\"WebSite\",\"@id\":\"https:\/\/mollersomega3.nl\/#website\",\"url\":\"https:\/\/mollersomega3.nl\/\",\"name\":\"M\u00f6llers Omega-3\",\"description\":\"A Spoonful of Life since 1854\",\"publisher\":{\"@id\":\"https:\/\/mollersomega3.nl\/#organization\"},\"potentialAction\":[{\"@type\":\"SearchAction\",\"target\":{\"@type\":\"EntryPoint\",\"urlTemplate\":\"https:\/\/mollersomega3.nl\/?s={search_term_string}\"},\"query-input\":{\"@type\":\"PropertyValueSpecification\",\"valueRequired\":true,\"valueName\":\"search_term_string\"}}],\"inLanguage\":\"fr-FR\"},{\"@type\":\"Organization\",\"@id\":\"https:\/\/mollersomega3.nl\/#organization\",\"name\":\"M\u00f6llers Omega-3\",\"url\":\"https:\/\/mollersomega3.nl\/\",\"logo\":{\"@type\":\"ImageObject\",\"inLanguage\":\"fr-FR\",\"@id\":\"https:\/\/mollersomega3.nl\/#\/schema\/logo\/image\/\",\"url\":\"https:\/\/mollersomega3.nl\/wp-content\/uploads\/2020\/07\/mollers-logo-bestellingen.png\",\"contentUrl\":\"https:\/\/mollersomega3.nl\/wp-content\/uploads\/2020\/07\/mollers-logo-bestellingen.png\",\"width\":250,\"height\":86,\"caption\":\"M\u00f6llers Omega-3\"},\"image\":{\"@id\":\"https:\/\/mollersomega3.nl\/#\/schema\/logo\/image\/\"},\"sameAs\":[\"https:\/\/www.facebook.com\/MollersOmega3NL\",\"https:\/\/www.instagram.com\/mollersomega3nl\/\",\"https:\/\/nl.linkedin.com\/company\/good-life-international\",\"https:\/\/www.bol.com\/nl\/nl\/m\/mollers\/\",\"https:\/\/mollersomega3.nl\/en\/\"],\"foundingDate\":\"1854\",\"areaServed\":[\"GB\",\"IE\",\"US\",\"CA\",\"AU\",\"NZ\",\"NL\"],\"knowsAbout\":[\"omega-3\",\"cod liver oil\",\"fish oil\",\"DHA\",\"EPA\",\"vitamin D\"],\"description\":\"Norwegian premium omega-3 brand since 1854. Cod liver oil and fish oil supplements with omega-3, vitamins A, D and E.\"}]}<\/script>\n<!-- \/ Yoast SEO Premium plugin. -->","yoast_head_json":{"title":"Yeux - DHA et vision - M\u00f6llers Omega-3","description":"Yeux et om\u00e9ga-3. Le DHA contribue au d\u00e9veloppement de la vision chez les enfants et \u00e0 son maintien \u00e0 un \u00e2ge plus avanc\u00e9.","robots":{"index":"index","follow":"follow","max-snippet":"max-snippet:-1","max-image-preview":"max-image-preview:large","max-video-preview":"max-video-preview:-1"},"canonical":"https:\/\/mollersomega3.nl\/ogen\/","og_locale":"fr_FR","og_type":"article","og_title":"Yeux","og_description":"Yeux et om\u00e9ga-3. Le DHA contribue au d\u00e9veloppement de la vision chez les enfants et \u00e0 son maintien \u00e0 un \u00e2ge plus avanc\u00e9.","og_url":"https:\/\/mollersomega3.nl\/ogen\/","og_site_name":"M\u00f6llers Omega-3","article_publisher":"https:\/\/www.facebook.com\/mollersomega3nl","og_image":[{"url":"https:\/\/mollersomega3.nl\/wp-content\/uploads\/2020\/06\/icoontjes-groen-los_ogen.png","type":"","width":"","height":""}],"twitter_card":"summary_large_image","twitter_site":"@mollersomega3nl","twitter_misc":{"Est. reading time":"2 minutes"},"schema":{"@context":"https:\/\/schema.org","@graph":[{"@type":"WebPage","@id":"https:\/\/mollersomega3.nl\/ogen\/","url":"https:\/\/mollersomega3.nl\/ogen\/","name":"Yeux - DHA et vision - M\u00f6llers Omega-3","isPartOf":{"@id":"https:\/\/mollersomega3.nl\/#website"},"primaryImageOfPage":{"@id":"https:\/\/mollersomega3.nl\/ogen\/#primaryimage"},"image":{"@id":"https:\/\/mollersomega3.nl\/ogen\/#primaryimage"},"thumbnailUrl":"https:\/\/mollersomega3.nl\/wp-content\/uploads\/2020\/06\/icoontjes-groen-los_ogen.png","datePublished":"2020-06-06T17:35:29+00:00","description":"Yeux et om\u00e9ga-3. Le DHA contribue au d\u00e9veloppement de la vision chez les enfants et \u00e0 son maintien \u00e0 un \u00e2ge plus avanc\u00e9.","breadcrumb":{"@id":"https:\/\/mollersomega3.nl\/ogen\/#breadcrumb"},"inLanguage":"fr-FR","potentialAction":[{"@type":"ReadAction","target":["https:\/\/mollersomega3.nl\/ogen\/"]}]},{"@type":"ImageObject","inLanguage":"fr-FR","@id":"https:\/\/mollersomega3.nl\/ogen\/#primaryimage","url":"https:\/\/mollersomega3.nl\/wp-content\/uploads\/2020\/06\/icoontjes-groen-los_ogen.png","contentUrl":"https:\/\/mollersomega3.nl\/wp-content\/uploads\/2020\/06\/icoontjes-groen-los_ogen.png"},{"@type":"BreadcrumbList","@id":"https:\/\/mollersomega3.nl\/ogen\/#breadcrumb","itemListElement":[{"@type":"ListItem","position":1,"name":"Accueil","item":"https:\/\/mollersomega3.nl\/fr\/"},{"@type":"ListItem","position":2,"name":"Yeux"}]},{"@type":"WebSite","@id":"https:\/\/mollersomega3.nl\/#website","url":"https:\/\/mollersomega3.nl\/","name":"M\u00f6llers Omega-3","description":"A Spoonful of Life since 1854","publisher":{"@id":"https:\/\/mollersomega3.nl\/#organization"},"potentialAction":[{"@type":"SearchAction","target":{"@type":"EntryPoint","urlTemplate":"https:\/\/mollersomega3.nl\/?s={search_term_string}"},"query-input":{"@type":"PropertyValueSpecification","valueRequired":true,"valueName":"search_term_string"}}],"inLanguage":"fr-FR"},{"@type":"Organization","@id":"https:\/\/mollersomega3.nl\/#organization","name":"M\u00f6llers Omega-3","url":"https:\/\/mollersomega3.nl\/","logo":{"@type":"ImageObject","inLanguage":"fr-FR","@id":"https:\/\/mollersomega3.nl\/#\/schema\/logo\/image\/","url":"https:\/\/mollersomega3.nl\/wp-content\/uploads\/2020\/07\/mollers-logo-bestellingen.png","contentUrl":"https:\/\/mollersomega3.nl\/wp-content\/uploads\/2020\/07\/mollers-logo-bestellingen.png","width":250,"height":86,"caption":"M\u00f6llers Omega-3"},"image":{"@id":"https:\/\/mollersomega3.nl\/#\/schema\/logo\/image\/"},"sameAs":["https:\/\/www.facebook.com\/MollersOmega3NL","https:\/\/www.instagram.com\/mollersomega3nl\/","https:\/\/nl.linkedin.com\/company\/good-life-international","https:\/\/www.bol.com\/nl\/nl\/m\/mollers\/","https:\/\/mollersomega3.nl\/en\/"],"foundingDate":"1854","areaServed":["GB","IE","US","CA","AU","NZ","NL"],"knowsAbout":["omega-3","cod liver oil","fish oil","DHA","EPA","vitamin D"],"description":"Norwegian premium omega-3 brand since 1854. Cod liver oil and fish oil supplements with omega-3, vitamins A, D and E."}]}},"_links":{"self":[{"href":"https:\/\/mollersomega3.nl\/fr\/wp-json\/wp\/v2\/pages\/1005930","targetHints":{"allow":["GET"]}}],"collection":[{"href":"https:\/\/mollersomega3.nl\/fr\/wp-json\/wp\/v2\/pages"}],"about":[{"href":"https:\/\/mollersomega3.nl\/fr\/wp-json\/wp\/v2\/types\/page"}],"author":[{"embeddable":true,"href":"https:\/\/mollersomega3.nl\/fr\/wp-json\/wp\/v2\/users\/1"}],"replies":[{"embeddable":true,"href":"https:\/\/mollersomega3.nl\/fr\/wp-json\/wp\/v2\/comments?post=1005930"}],"version-history":[{"count":0,"href":"https:\/\/mollersomega3.nl\/fr\/wp-json\/wp\/v2\/pages\/1005930\/revisions"}],"wp:attachment":[{"href":"https:\/\/mollersomega3.nl\/fr\/wp-json\/wp\/v2\/media?parent=1005930"}],"curies":[{"name":"wp","href":"https:\/\/api.w.org\/{rel}","templated":true}]}}