{"id":1005932,"date":"2020-06-06T18:52:19","date_gmt":"2020-06-06T16:52:19","guid":{"rendered":"https:\/\/mollersomega3.nl\/systeme-immunitaire\/"},"modified":"2020-06-06T18:52:19","modified_gmt":"2020-06-06T16:52:19","slug":"systeme-immunitaire","status":"publish","type":"page","link":"https:\/\/mollersomega3.nl\/fr\/systeme-immunitaire\/","title":{"rendered":"Syst\u00e8me immunitaire"},"content":{"rendered":"<h2>Les vitamines A et D dans M\u00f6ller&#8217;s Omega-3 contribuent \u00e0 une bonne immunit\u00e9<\/h2>\n<p>Le corps humain est \u00e9quip\u00e9 d&#8217;un fantastique syst\u00e8me immunitaire qui nous prot\u00e8ge contre les maladies. Il est capable de lutter contre les intrus ind\u00e9sirables. M\u00f6ller \u00ab s Omega-3 contient des vitamines A et D, qui maintiennent largement le syst\u00e8me immunitaire en bonne condition. Les enfants comme les adultes b\u00e9n\u00e9ficieront de la consommation de M\u00f6ller \u00bb s tout au long de l&#8217;ann\u00e9e.   <\/p>\n<p>M\u00f6ller&#8217;s Omega-3 contient les <a href=\"https:\/\/mollersomega3.nl\/wat-zijn-vitamine-a-d-en-e\/\">vitamines A et D pour l&#8217;immunit\u00e9<\/a>. Elles donnent \u00e0 votre syst\u00e8me immunitaire ce petit coup de pouce suppl\u00e9mentaire. De plus, la vitamine D est l&#8217;une des vitamines dont beaucoup de gens peuvent b\u00e9n\u00e9ficier d&#8217;un compl\u00e9ment alimentaire. Nous absorbons la vitamine D gr\u00e2ce \u00e0 la <a href=\"https:\/\/mollersomega3.nl\/insmeren-en-vitamine-d-aanmaak\/\">lumi\u00e8re du soleil<\/a> sur notre peau. Cependant, une carence en vitamine D est relativement courante, car nous n&#8217;en absorbons pas toujours suffisamment par le soleil.    <\/p>\n<h3>Un bouclier contre les agents pathog\u00e8nes<\/h3>\n<p><span style=\"font-weight: 400;\">La vitamine D est un ami indispensable du syst\u00e8me immunitaire, y compris chez les enfants. Ce nutriment important aide \u00e0 renforcer et \u00e0 stimuler les d\u00e9fenses, nous rendant moins vuln\u00e9rables aux maladies et aux infections. C&#8217;est comme construire un bouclier qui prot\u00e8ge le corps contre les agents pathog\u00e8nes.  &nbsp; <\/span><\/p>\n<h2>La vitamine D soutient le syst\u00e8me immunitaire dans la protection contre les infections respiratoires<\/h2>\n<p>La vitamine D est particuli\u00e8rement importante en ce moment.<\/p>\n<ul>\n<li>La vitamine D renforce le syst\u00e8me immunitaire, ce qui permet de lutter contre les <a href=\"https:\/\/mollersomega3.nl\/vitamine-d-is-juist-nu-heel-belangrijk\/\">infections<\/a>. Selon les experts, le risque de contracter une infection est ainsi r\u00e9duit. <\/li>\n<li>La vitamine D inhibe la r\u00e9action inflammatoire qui accompagne une infection. Si vous avez quand m\u00eame contract\u00e9 une infection virale, les sympt\u00f4mes peuvent \u00eatre moins s\u00e9v\u00e8res et l&#8217;\u00e9volution de la maladie peut \u00eatre moins grave. <\/li>\n<\/ul>\n<p><em>\u00ab L&#8217;ann\u00e9e derni\u00e8re, mon mari a utilis\u00e9 l&#8217;huile de foie de morue M\u00f6ller \u201cs\u201d pendant tous les mois avec un \u201cR\u201d. Contrairement aux ann\u00e9es pr\u00e9c\u00e9dentes, il n&#8217;a pas \u00e9t\u00e9 malade un seul jour l&#8217;automne et l&#8217;hiver derniers ! Et ce, alors que 40 % de ses coll\u00e8gues \u00e9taient malades \u00e0 la maison. Aucun vaccin contre la grippe ne peut rivaliser avec cette huile de foie de morue. Notre m\u00e9decin g\u00e9n\u00e9raliste aimerait que les gens recommencent \u00e0 utiliser massivement l&#8217;huile de foie de morue, comme autrefois. \u00bb \u2013 Carla.<\/em><\/p>\n<p><em>\u00ab C&#8217;est bon pour votre corps, vos cheveux et votre cerveau. Je me sens plus \u00e9nergique et j&#8217;ai une bien meilleure immunit\u00e9. Je le recommande. \u00bb \u2013 Flore<\/em><\/p>\n<p><img decoding=\"async\" class=\"alignnone wp-image-459\" src=\"https:\/\/mollersomega3.nl\/wp-content\/uploads\/2020\/06\/icoontjes-groen-los_immuun.png\" alt=\"syst\u00e8me immunitaire\" width=\"150\" height=\"150\" srcset=\"https:\/\/mollersomega3.nl\/wp-content\/uploads\/2020\/06\/icoontjes-groen-los_immuun.png 418w, https:\/\/mollersomega3.nl\/wp-content\/uploads\/2020\/06\/icoontjes-groen-los_immuun-300x300.png 300w, https:\/\/mollersomega3.nl\/wp-content\/uploads\/2020\/06\/icoontjes-groen-los_immuun-100x100.png 100w\" sizes=\"(max-width: 150px) 100vw, 150px\" \/><\/p>\n<p><strong>Saviez-vous que&#8230; un manque de sommeil affaiblit le syst\u00e8me immunitaire ?<\/strong><\/p>\n","protected":false},"excerpt":{"rendered":"<p>Les vitamines A et D dans M\u00f6ller&#8217;s Omega-3 contribuent \u00e0 une bonne immunit\u00e9 Le corps humain est \u00e9quip\u00e9 d&#8217;un fantastique syst\u00e8me immunitaire qui nous prot\u00e8ge contre les maladies. Il est capable de lutter contre les intrus ind\u00e9sirables. M\u00f6ller \u00ab s Omega-3 contient des vitamines A et D, qui maintiennent largement le syst\u00e8me immunitaire en bonne [&hellip;]<\/p>\n","protected":false},"author":1,"featured_media":0,"parent":0,"menu_order":0,"comment_status":"closed","ping_status":"closed","template":"","meta":{"_yoast_wpseo_focuskw":"syst\u00e8me immunitaire","_yoast_wpseo_title":"%%title%% en bonne condition %%page%% avec %%sitename%%","_yoast_wpseo_metadesc":"Syst\u00e8me immunitaire en bonne condition gr\u00e2ce \u00e0 M\u00f6ller's Omega-3. M\u00f6ller's contient naturellement les vitamines A et D, pour ce petit coup de pouce suppl\u00e9mentaire.","_monsterinsights_skip_tracking":false,"_monsterinsights_sitenote_active":false,"_monsterinsights_sitenote_note":"","_monsterinsights_sitenote_category":0,"footnotes":""},"class_list":["post-1005932","page","type-page","status-publish","hentry"],"yoast_head":"<!-- This site is optimized with the Yoast SEO Premium plugin v25.1 (Yoast SEO v25.1) - https:\/\/yoast.com\/wordpress\/plugins\/seo\/ -->\n<title>Syst\u00e8me immunitaire en bonne condition avec M\u00f6llers Omega-3<\/title>\n<meta name=\"description\" content=\"Syst\u00e8me immunitaire en bonne condition gr\u00e2ce \u00e0 M\u00f6ller&#039;s Omega-3. M\u00f6ller&#039;s contient naturellement les vitamines A et D, pour ce petit coup de pouce suppl\u00e9mentaire.\" \/>\n<meta name=\"robots\" content=\"index, follow, max-snippet:-1, max-image-preview:large, max-video-preview:-1\" \/>\n<link rel=\"canonical\" href=\"https:\/\/mollersomega3.nl\/immuunsysteem\/\" \/>\n<meta property=\"og:locale\" content=\"fr_FR\" \/>\n<meta property=\"og:type\" content=\"article\" \/>\n<meta property=\"og:title\" content=\"Syst\u00e8me immunitaire\" \/>\n<meta property=\"og:description\" content=\"Syst\u00e8me immunitaire en bonne condition gr\u00e2ce \u00e0 M\u00f6ller&#039;s Omega-3. M\u00f6ller&#039;s contient naturellement les vitamines A et D, pour ce petit coup de pouce suppl\u00e9mentaire.\" \/>\n<meta property=\"og:url\" content=\"https:\/\/mollersomega3.nl\/immuunsysteem\/\" \/>\n<meta property=\"og:site_name\" content=\"M\u00f6llers Omega-3\" \/>\n<meta property=\"article:publisher\" content=\"https:\/\/www.facebook.com\/mollersomega3nl\" \/>\n<meta property=\"og:image\" content=\"https:\/\/mollersomega3.nl\/wp-content\/uploads\/2020\/06\/icoontjes-groen-los_immuun.png\" \/>\n<meta name=\"twitter:card\" content=\"summary_large_image\" \/>\n<meta name=\"twitter:site\" content=\"@mollersomega3nl\" \/>\n<meta name=\"twitter:label1\" content=\"Est. reading time\" \/>\n\t<meta name=\"twitter:data1\" content=\"2 minutes\" \/>\n<script type=\"application\/ld+json\" class=\"yoast-schema-graph\">{\"@context\":\"https:\/\/schema.org\",\"@graph\":[{\"@type\":\"WebPage\",\"@id\":\"https:\/\/mollersomega3.nl\/immuunsysteem\/\",\"url\":\"https:\/\/mollersomega3.nl\/immuunsysteem\/\",\"name\":\"Syst\u00e8me immunitaire en bonne condition avec M\u00f6llers Omega-3\",\"isPartOf\":{\"@id\":\"https:\/\/mollersomega3.nl\/#website\"},\"primaryImageOfPage\":{\"@id\":\"https:\/\/mollersomega3.nl\/immuunsysteem\/#primaryimage\"},\"image\":{\"@id\":\"https:\/\/mollersomega3.nl\/immuunsysteem\/#primaryimage\"},\"thumbnailUrl\":\"https:\/\/mollersomega3.nl\/wp-content\/uploads\/2020\/06\/icoontjes-groen-los_immuun.png\",\"datePublished\":\"2020-06-06T16:52:19+00:00\",\"description\":\"Syst\u00e8me immunitaire en bonne condition gr\u00e2ce \u00e0 M\u00f6ller's Omega-3. M\u00f6ller's contient naturellement les vitamines A et D, pour ce petit coup de pouce suppl\u00e9mentaire.\",\"breadcrumb\":{\"@id\":\"https:\/\/mollersomega3.nl\/immuunsysteem\/#breadcrumb\"},\"inLanguage\":\"fr-FR\",\"potentialAction\":[{\"@type\":\"ReadAction\",\"target\":[\"https:\/\/mollersomega3.nl\/immuunsysteem\/\"]}]},{\"@type\":\"ImageObject\",\"inLanguage\":\"fr-FR\",\"@id\":\"https:\/\/mollersomega3.nl\/immuunsysteem\/#primaryimage\",\"url\":\"https:\/\/mollersomega3.nl\/wp-content\/uploads\/2020\/06\/icoontjes-groen-los_immuun.png\",\"contentUrl\":\"https:\/\/mollersomega3.nl\/wp-content\/uploads\/2020\/06\/icoontjes-groen-los_immuun.png\"},{\"@type\":\"BreadcrumbList\",\"@id\":\"https:\/\/mollersomega3.nl\/immuunsysteem\/#breadcrumb\",\"itemListElement\":[{\"@type\":\"ListItem\",\"position\":1,\"name\":\"Accueil\",\"item\":\"https:\/\/mollersomega3.nl\/fr\/\"},{\"@type\":\"ListItem\",\"position\":2,\"name\":\"Syst\u00e8me immunitaire\"}]},{\"@type\":\"WebSite\",\"@id\":\"https:\/\/mollersomega3.nl\/#website\",\"url\":\"https:\/\/mollersomega3.nl\/\",\"name\":\"M\u00f6llers Omega-3\",\"description\":\"A Spoonful of Life since 1854\",\"publisher\":{\"@id\":\"https:\/\/mollersomega3.nl\/#organization\"},\"potentialAction\":[{\"@type\":\"SearchAction\",\"target\":{\"@type\":\"EntryPoint\",\"urlTemplate\":\"https:\/\/mollersomega3.nl\/?s={search_term_string}\"},\"query-input\":{\"@type\":\"PropertyValueSpecification\",\"valueRequired\":true,\"valueName\":\"search_term_string\"}}],\"inLanguage\":\"fr-FR\"},{\"@type\":\"Organization\",\"@id\":\"https:\/\/mollersomega3.nl\/#organization\",\"name\":\"M\u00f6llers Omega-3\",\"url\":\"https:\/\/mollersomega3.nl\/\",\"logo\":{\"@type\":\"ImageObject\",\"inLanguage\":\"fr-FR\",\"@id\":\"https:\/\/mollersomega3.nl\/#\/schema\/logo\/image\/\",\"url\":\"https:\/\/mollersomega3.nl\/wp-content\/uploads\/2020\/07\/mollers-logo-bestellingen.png\",\"contentUrl\":\"https:\/\/mollersomega3.nl\/wp-content\/uploads\/2020\/07\/mollers-logo-bestellingen.png\",\"width\":250,\"height\":86,\"caption\":\"M\u00f6llers Omega-3\"},\"image\":{\"@id\":\"https:\/\/mollersomega3.nl\/#\/schema\/logo\/image\/\"},\"sameAs\":[\"https:\/\/www.facebook.com\/MollersOmega3NL\",\"https:\/\/www.instagram.com\/mollersomega3nl\/\",\"https:\/\/nl.linkedin.com\/company\/good-life-international\",\"https:\/\/www.bol.com\/nl\/nl\/m\/mollers\/\",\"https:\/\/mollersomega3.nl\/en\/\"],\"foundingDate\":\"1854\",\"areaServed\":[\"GB\",\"IE\",\"US\",\"CA\",\"AU\",\"NZ\",\"NL\"],\"knowsAbout\":[\"omega-3\",\"cod liver oil\",\"fish oil\",\"DHA\",\"EPA\",\"vitamin D\"],\"description\":\"Norwegian premium omega-3 brand since 1854. Cod liver oil and fish oil supplements with omega-3, vitamins A, D and E.\"}]}<\/script>\n<!-- \/ Yoast SEO Premium plugin. -->","yoast_head_json":{"title":"Syst\u00e8me immunitaire en bonne condition avec M\u00f6llers Omega-3","description":"Syst\u00e8me immunitaire en bonne condition gr\u00e2ce \u00e0 M\u00f6ller's Omega-3. M\u00f6ller's contient naturellement les vitamines A et D, pour ce petit coup de pouce suppl\u00e9mentaire.","robots":{"index":"index","follow":"follow","max-snippet":"max-snippet:-1","max-image-preview":"max-image-preview:large","max-video-preview":"max-video-preview:-1"},"canonical":"https:\/\/mollersomega3.nl\/immuunsysteem\/","og_locale":"fr_FR","og_type":"article","og_title":"Syst\u00e8me immunitaire","og_description":"Syst\u00e8me immunitaire en bonne condition gr\u00e2ce \u00e0 M\u00f6ller's Omega-3. M\u00f6ller's contient naturellement les vitamines A et D, pour ce petit coup de pouce suppl\u00e9mentaire.","og_url":"https:\/\/mollersomega3.nl\/immuunsysteem\/","og_site_name":"M\u00f6llers Omega-3","article_publisher":"https:\/\/www.facebook.com\/mollersomega3nl","og_image":[{"url":"https:\/\/mollersomega3.nl\/wp-content\/uploads\/2020\/06\/icoontjes-groen-los_immuun.png","type":"","width":"","height":""}],"twitter_card":"summary_large_image","twitter_site":"@mollersomega3nl","twitter_misc":{"Est. reading time":"2 minutes"},"schema":{"@context":"https:\/\/schema.org","@graph":[{"@type":"WebPage","@id":"https:\/\/mollersomega3.nl\/immuunsysteem\/","url":"https:\/\/mollersomega3.nl\/immuunsysteem\/","name":"Syst\u00e8me immunitaire en bonne condition avec M\u00f6llers Omega-3","isPartOf":{"@id":"https:\/\/mollersomega3.nl\/#website"},"primaryImageOfPage":{"@id":"https:\/\/mollersomega3.nl\/immuunsysteem\/#primaryimage"},"image":{"@id":"https:\/\/mollersomega3.nl\/immuunsysteem\/#primaryimage"},"thumbnailUrl":"https:\/\/mollersomega3.nl\/wp-content\/uploads\/2020\/06\/icoontjes-groen-los_immuun.png","datePublished":"2020-06-06T16:52:19+00:00","description":"Syst\u00e8me immunitaire en bonne condition gr\u00e2ce \u00e0 M\u00f6ller's Omega-3. M\u00f6ller's contient naturellement les vitamines A et D, pour ce petit coup de pouce suppl\u00e9mentaire.","breadcrumb":{"@id":"https:\/\/mollersomega3.nl\/immuunsysteem\/#breadcrumb"},"inLanguage":"fr-FR","potentialAction":[{"@type":"ReadAction","target":["https:\/\/mollersomega3.nl\/immuunsysteem\/"]}]},{"@type":"ImageObject","inLanguage":"fr-FR","@id":"https:\/\/mollersomega3.nl\/immuunsysteem\/#primaryimage","url":"https:\/\/mollersomega3.nl\/wp-content\/uploads\/2020\/06\/icoontjes-groen-los_immuun.png","contentUrl":"https:\/\/mollersomega3.nl\/wp-content\/uploads\/2020\/06\/icoontjes-groen-los_immuun.png"},{"@type":"BreadcrumbList","@id":"https:\/\/mollersomega3.nl\/immuunsysteem\/#breadcrumb","itemListElement":[{"@type":"ListItem","position":1,"name":"Accueil","item":"https:\/\/mollersomega3.nl\/fr\/"},{"@type":"ListItem","position":2,"name":"Syst\u00e8me immunitaire"}]},{"@type":"WebSite","@id":"https:\/\/mollersomega3.nl\/#website","url":"https:\/\/mollersomega3.nl\/","name":"M\u00f6llers Omega-3","description":"A Spoonful of Life since 1854","publisher":{"@id":"https:\/\/mollersomega3.nl\/#organization"},"potentialAction":[{"@type":"SearchAction","target":{"@type":"EntryPoint","urlTemplate":"https:\/\/mollersomega3.nl\/?s={search_term_string}"},"query-input":{"@type":"PropertyValueSpecification","valueRequired":true,"valueName":"search_term_string"}}],"inLanguage":"fr-FR"},{"@type":"Organization","@id":"https:\/\/mollersomega3.nl\/#organization","name":"M\u00f6llers Omega-3","url":"https:\/\/mollersomega3.nl\/","logo":{"@type":"ImageObject","inLanguage":"fr-FR","@id":"https:\/\/mollersomega3.nl\/#\/schema\/logo\/image\/","url":"https:\/\/mollersomega3.nl\/wp-content\/uploads\/2020\/07\/mollers-logo-bestellingen.png","contentUrl":"https:\/\/mollersomega3.nl\/wp-content\/uploads\/2020\/07\/mollers-logo-bestellingen.png","width":250,"height":86,"caption":"M\u00f6llers Omega-3"},"image":{"@id":"https:\/\/mollersomega3.nl\/#\/schema\/logo\/image\/"},"sameAs":["https:\/\/www.facebook.com\/MollersOmega3NL","https:\/\/www.instagram.com\/mollersomega3nl\/","https:\/\/nl.linkedin.com\/company\/good-life-international","https:\/\/www.bol.com\/nl\/nl\/m\/mollers\/","https:\/\/mollersomega3.nl\/en\/"],"foundingDate":"1854","areaServed":["GB","IE","US","CA","AU","NZ","NL"],"knowsAbout":["omega-3","cod liver oil","fish oil","DHA","EPA","vitamin D"],"description":"Norwegian premium omega-3 brand since 1854. Cod liver oil and fish oil supplements with omega-3, vitamins A, D and E."}]}},"_links":{"self":[{"href":"https:\/\/mollersomega3.nl\/fr\/wp-json\/wp\/v2\/pages\/1005932","targetHints":{"allow":["GET"]}}],"collection":[{"href":"https:\/\/mollersomega3.nl\/fr\/wp-json\/wp\/v2\/pages"}],"about":[{"href":"https:\/\/mollersomega3.nl\/fr\/wp-json\/wp\/v2\/types\/page"}],"author":[{"embeddable":true,"href":"https:\/\/mollersomega3.nl\/fr\/wp-json\/wp\/v2\/users\/1"}],"replies":[{"embeddable":true,"href":"https:\/\/mollersomega3.nl\/fr\/wp-json\/wp\/v2\/comments?post=1005932"}],"version-history":[{"count":0,"href":"https:\/\/mollersomega3.nl\/fr\/wp-json\/wp\/v2\/pages\/1005932\/revisions"}],"wp:attachment":[{"href":"https:\/\/mollersomega3.nl\/fr\/wp-json\/wp\/v2\/media?parent=1005932"}],"curies":[{"name":"wp","href":"https:\/\/api.w.org\/{rel}","templated":true}]}}