{"id":1005933,"date":"2020-06-06T19:35:19","date_gmt":"2020-06-06T17:35:19","guid":{"rendered":"https:\/\/mollersomega3.nl\/cerveau\/"},"modified":"2020-06-06T19:35:19","modified_gmt":"2020-06-06T17:35:19","slug":"cerveau","status":"publish","type":"page","link":"https:\/\/mollersomega3.nl\/fr\/cerveau\/","title":{"rendered":"Cerveau"},"content":{"rendered":"<h2>Pourquoi devrions-nous prendre des acides gras om\u00e9ga-3 pour notre cerveau ?<\/h2>\n<p>Notre cerveau est riche en acide gras om\u00e9ga-3 DHA. La quantit\u00e9 de cet acide gras augmente pendant la croissance et le d\u00e9veloppement du cerveau et diminue avec l&#8217;\u00e2ge. Dans le monde entier, les scientifiques \u00e9tudient les effets du DHA sur le fonctionnement des m\u00e9canismes c\u00e9r\u00e9braux complexes. Les preuves recueillies jusqu&#8217;\u00e0 pr\u00e9sent sont si convaincantes que les autorit\u00e9s europ\u00e9ennes de s\u00e9curit\u00e9 alimentaire d\u00e9clarent qu&#8217;un apport quotidien de 250 mg de DHA contribue au fonctionnement normal du cerveau.   <\/p>\n<h3>La consommation quotidienne de 250 mg de DHA om\u00e9ga-3, par exemple en prenant de l&#8217;huile de poisson, contribue \u00e0 de bonnes fonctions c\u00e9r\u00e9brales.<\/h3>\n<p>Une bonne fonction c\u00e9r\u00e9brale est importante pour votre fonctionnement quotidien. Il est scientifiquement prouv\u00e9 qu&#8217;un apport suffisant en om\u00e9ga-3 a une influence positive sur vos capacit\u00e9s cognitives. &nbsp;<em>Notre capacit\u00e9 cognitive est la capacit\u00e9 de penser, de m\u00e9moriser et de r\u00e9cup\u00e9rer des informations de notre m\u00e9moire. Les fonctions cognitives sont tous les processus impliqu\u00e9s dans l&#8217;absorption et le traitement de l&#8217;information. &nbsp;<\/em>Le DHA est donc essentiel pour le d\u00e9veloppement et le fonctionnement optimal du cerveau. Cet effet b\u00e9n\u00e9fique est obtenu avec un apport quotidien de 250 mg de DHA. M\u00f6ller&#8217;s Om\u00e9ga-3 contient 600 mg de DHA par portion quotidienne.  <\/p>\n<h2>Une cuill\u00e8re quotidienne de nutriments essentiels<\/h2>\n<p>Notre cerveau d\u00e9pend \u00e0 la fois d&#8217;une bonne nutrition et d&#8217;une stimulation mentale pour se d\u00e9velopper et fonctionner correctement. C&#8217;est pourquoi il est important d&#8217;accorder de l&#8217;importance \u00e0 une bonne nutrition pour votre enfant d\u00e8s le plus jeune \u00e2ge, m\u00eame pendant la grossesse. L&#8217;om\u00e9ga-3 joue un r\u00f4le important \u00e0 cet \u00e9gard.  <\/p>\n<h2>Cerveau intelligent<span style=\"font-weight: 400;\">&nbsp;<\/span><\/h2>\n<p><span style=\"font-weight: 400;\">L&#8217;om\u00e9ga-3 est extr\u00eamement important pour le d\u00e9veloppement et le fonctionnement du cerveau de nos enfants. Il aide \u00e0 am\u00e9liorer la capacit\u00e9 de r\u00e9flexion et la concentration et permet au cerveau de se d\u00e9velopper de mani\u00e8re optimale. L&#8217;om\u00e9ga-3 peut donc \u00eatre consid\u00e9r\u00e9 comme l&#8217;ingr\u00e9dient magique pour le d\u00e9veloppement c\u00e9r\u00e9bral des enfants.   <\/span><\/p>\n<h2>5 faits sur le d\u00e9veloppement du cerveau<\/h2>\n<h4>1. 25 ans pour atteindre la maturit\u00e9<\/h4>\n<p>Le cerveau n&#8217;est pas compl\u00e8tement d\u00e9velopp\u00e9 \u00e0 la naissance. Il faut pas moins de 25 ans pour que le cerveau soit compl\u00e8tement d\u00e9velopp\u00e9. <\/p>\n<h4>2. La passionnante deuxi\u00e8me ann\u00e9e<\/h4>\n<p>Au cours de la deuxi\u00e8me ann\u00e9e, le langage se d\u00e9veloppe tr\u00e8s rapidement. La plupart des <a href=\"https:\/\/mollersomega3.nl\/ontwikkeling-van-kinderen\/\">enfants<\/a> traversent une sorte de course aux mots, o\u00f9 leur vocabulaire s&#8217;enrichit tr\u00e8s rapidement en quelques mois seulement. Une condition pr\u00e9alable \u00e0 ce d\u00e9veloppement est le bon fonctionnement du centre du langage dans le cerveau, car la formation de la voix et le contr\u00f4le de l&#8217;intensit\u00e9 et de la hauteur sont d\u00e9termin\u00e9s par une interaction pr\u00e9cise entre le cerveau et l&#8217;audition.  <\/p>\n<h4>3. Ce qui se passe dans le cerveau lorsque vous apprenez quelque chose de nouveau<\/h4>\n<p>L&#8217;apprentissage est le processus de formation de nouvelles connexions entre les cellules c\u00e9r\u00e9brales. Lorsque vous vivez une exp\u00e9rience ou lisez quelque chose, un souvenir se forme dans votre cerveau en connectant des milliers de cellules c\u00e9r\u00e9brales. Lorsque vous vous souvenez plus tard de cette situation, ces connexions sont r\u00e9activ\u00e9es.  <\/p>\n<h4>4. L&#8217;acide gras om\u00e9ga-3 DHA est bon pour le d\u00e9veloppement du cerveau<\/h4>\n<p>L&#8217;apport en acides gras DHA de la m\u00e8re pendant la grossesse contribue au d\u00e9veloppement normal du cerveau du f\u0153tus*.<\/p>\n<h4>5. Gardez votre cerveau en forme<\/h4>\n<p>Le neuroscientifique Andreas Engvig a d\u00e9montr\u00e9 que l&#8217;entra\u00eenement quotidien de la m\u00e9moire mentale a un effet mesurable sur le cerveau. Le cerveau devient visiblement plus grand gr\u00e2ce \u00e0 l&#8217;entra\u00eenement, comme un muscle. Mais pour obtenir un effet r\u00e9el, l&#8217;entra\u00eenement doit \u00eatre per\u00e7u comme agr\u00e9able.  <\/p>\n<h2>L&#8217;acide gras DHA om\u00e9ga-3 est un composant essentiel de votre cerveau<\/h2>\n<p><strong>Saviez-vous que&#8230; l&#8217;\u00eatre humain cesse de produire des cellules nerveuses \u00e0 partir de l&#8217;\u00e2ge de 2 ans ?<\/strong><\/p>\n<p>Apr\u00e8s avoir atteint l&#8217;\u00e2ge de 2 ans, le cerveau humain se d\u00e9veloppe en cr\u00e9ant des connexions entre les cellules nerveuses individuelles, mais la production de ces cellules nerveuses s&#8217;arr\u00eate. Le cerveau d&#8217;un nouveau-n\u00e9 p\u00e8se environ 380 grammes, celui d&#8217;un enfant de deux ans 1,1 kg. Le cerveau d&#8217;un adulte p\u00e8se 1,3 kg et est principalement compos\u00e9 de graisse. Une caract\u00e9ristique unique du cerveau est l&#8217;absorption s\u00e9lective des acides gras DHA om\u00e9ga-3 parmi les graisses que nous consommons. La communication entre les cellules c\u00e9r\u00e9brales et le reste du corps se fait gr\u00e2ce \u00e0 des millions de signaux produits chaque seconde. Plus le signal se d\u00e9place rapidement d&#8217;une cellule \u00e0 l&#8217;autre, plus nos processus cognitifs fonctionnent rapidement, nous permettant par exemple de comprendre diff\u00e9rentes choses ou de former des mots \u00e0 partir de lettres et des phrases \u00e0 partir de mots.     <\/p>\n<p>La recherche a montr\u00e9 qu&#8217;il existe une association entre la consommation d&#8217;acides gras DHA om\u00e9ga-3 par la m\u00e8re et le bon d\u00e9veloppement du cerveau de l&#8217;enfant*. Cela permet \u00e0 l&#8217;enfant de d\u00e9velopper une base pour tous les d\u00e9fis qui l&#8217;attendent en grandissant. <\/p>\n<p>Notre corps ne produit pas d&#8217;acides gras om\u00e9ga-3, nous devons donc les obtenir par l&#8217;alimentation. M\u00f6ller&#8217;s Om\u00e9ga-3 contient une grande quantit\u00e9 d&#8217;acides gras om\u00e9ga-3 naturels de haute qualit\u00e9, dont le DHA, obtenus \u00e0 partir de poisson frais. <\/p>\n<p>*L&#8217;effet b\u00e9n\u00e9fique est obtenu avec une consommation de 250 mg d&#8217;EPA et DHA + 200 mg de DHA.<\/p>\n<p><img decoding=\"async\" class=\"alignnone wp-image-457\" src=\"https:\/\/mollersomega3.nl\/wp-content\/uploads\/2020\/06\/icoontjes-groen-los_hersenen.png\" alt=\"cerveau\" width=\"150\" height=\"150\" srcset=\"https:\/\/mollersomega3.nl\/wp-content\/uploads\/2020\/06\/icoontjes-groen-los_hersenen.png 418w, https:\/\/mollersomega3.nl\/wp-content\/uploads\/2020\/06\/icoontjes-groen-los_hersenen-300x300.png 300w, https:\/\/mollersomega3.nl\/wp-content\/uploads\/2020\/06\/icoontjes-groen-los_hersenen-100x100.png 100w\" sizes=\"(max-width: 150px) 100vw, 150px\" \/><\/p>\n<p><strong>Saviez-vous que&#8230; le cerveau est compos\u00e9 \u00e0 60 % de graisse ?<\/strong><\/p>\n","protected":false},"excerpt":{"rendered":"<p>Pourquoi devrions-nous prendre des acides gras om\u00e9ga-3 pour notre cerveau ? Notre cerveau est riche en acide gras om\u00e9ga-3 DHA. La quantit\u00e9 de cet acide gras augmente pendant la croissance et le d\u00e9veloppement du cerveau et diminue avec l&#8217;\u00e2ge. Dans le monde entier, les scientifiques \u00e9tudient les effets du DHA sur le fonctionnement des m\u00e9canismes [&hellip;]<\/p>\n","protected":false},"author":1,"featured_media":0,"parent":0,"menu_order":0,"comment_status":"closed","ping_status":"closed","template":"","meta":{"_yoast_wpseo_focuskw":"Om\u00e9ga 3 DHA","_yoast_wpseo_title":"%%title%% et acide gras om\u00e9ga-3 DHA %%sep%% %%sitename%%","_yoast_wpseo_metadesc":"Curieux de conna\u00eetre la relation entre le cerveau et l'acide gras om\u00e9ga-3 DHA ? Consultez cette page !","_monsterinsights_skip_tracking":false,"_monsterinsights_sitenote_active":false,"_monsterinsights_sitenote_note":"","_monsterinsights_sitenote_category":0,"footnotes":""},"class_list":["post-1005933","page","type-page","status-publish","hentry"],"yoast_head":"<!-- This site is optimized with the Yoast SEO Premium plugin v25.1 (Yoast SEO v25.1) - https:\/\/yoast.com\/wordpress\/plugins\/seo\/ -->\n<title>Cerveau et acide gras om\u00e9ga-3 DHA - M\u00f6llers Omega-3<\/title>\n<meta name=\"description\" content=\"Curieux de conna\u00eetre la relation entre le cerveau et l&#039;acide gras om\u00e9ga-3 DHA ? Consultez cette page !\" \/>\n<meta name=\"robots\" content=\"index, follow, max-snippet:-1, max-image-preview:large, max-video-preview:-1\" \/>\n<link rel=\"canonical\" href=\"https:\/\/mollersomega3.nl\/hersenen-en-omega-3-vetzuur-dha\/\" \/>\n<meta property=\"og:locale\" content=\"fr_FR\" \/>\n<meta property=\"og:type\" content=\"article\" \/>\n<meta property=\"og:title\" content=\"Cerveau\" \/>\n<meta property=\"og:description\" content=\"Curieux de conna\u00eetre la relation entre le cerveau et l&#039;acide gras om\u00e9ga-3 DHA ? Consultez cette page !\" \/>\n<meta property=\"og:url\" content=\"https:\/\/mollersomega3.nl\/hersenen-en-omega-3-vetzuur-dha\/\" \/>\n<meta property=\"og:site_name\" content=\"M\u00f6llers Omega-3\" \/>\n<meta property=\"article:publisher\" content=\"https:\/\/www.facebook.com\/mollersomega3nl\" \/>\n<meta property=\"og:image\" content=\"https:\/\/mollersomega3.nl\/wp-content\/uploads\/2020\/06\/icoontjes-groen-los_hersenen.png\" \/>\n<meta name=\"twitter:card\" content=\"summary_large_image\" \/>\n<meta name=\"twitter:site\" content=\"@mollersomega3nl\" \/>\n<meta name=\"twitter:label1\" content=\"Est. reading time\" \/>\n\t<meta name=\"twitter:data1\" content=\"5 minutes\" \/>\n<script type=\"application\/ld+json\" class=\"yoast-schema-graph\">{\"@context\":\"https:\/\/schema.org\",\"@graph\":[{\"@type\":\"WebPage\",\"@id\":\"https:\/\/mollersomega3.nl\/hersenen-en-omega-3-vetzuur-dha\/\",\"url\":\"https:\/\/mollersomega3.nl\/hersenen-en-omega-3-vetzuur-dha\/\",\"name\":\"Cerveau et acide gras om\u00e9ga-3 DHA - M\u00f6llers Omega-3\",\"isPartOf\":{\"@id\":\"https:\/\/mollersomega3.nl\/#website\"},\"primaryImageOfPage\":{\"@id\":\"https:\/\/mollersomega3.nl\/hersenen-en-omega-3-vetzuur-dha\/#primaryimage\"},\"image\":{\"@id\":\"https:\/\/mollersomega3.nl\/hersenen-en-omega-3-vetzuur-dha\/#primaryimage\"},\"thumbnailUrl\":\"https:\/\/mollersomega3.nl\/wp-content\/uploads\/2020\/06\/icoontjes-groen-los_hersenen.png\",\"datePublished\":\"2020-06-06T17:35:19+00:00\",\"description\":\"Curieux de conna\u00eetre la relation entre le cerveau et l'acide gras om\u00e9ga-3 DHA ? Consultez cette page !\",\"breadcrumb\":{\"@id\":\"https:\/\/mollersomega3.nl\/hersenen-en-omega-3-vetzuur-dha\/#breadcrumb\"},\"inLanguage\":\"fr-FR\",\"potentialAction\":[{\"@type\":\"ReadAction\",\"target\":[\"https:\/\/mollersomega3.nl\/hersenen-en-omega-3-vetzuur-dha\/\"]}]},{\"@type\":\"ImageObject\",\"inLanguage\":\"fr-FR\",\"@id\":\"https:\/\/mollersomega3.nl\/hersenen-en-omega-3-vetzuur-dha\/#primaryimage\",\"url\":\"https:\/\/mollersomega3.nl\/wp-content\/uploads\/2020\/06\/icoontjes-groen-los_hersenen.png\",\"contentUrl\":\"https:\/\/mollersomega3.nl\/wp-content\/uploads\/2020\/06\/icoontjes-groen-los_hersenen.png\"},{\"@type\":\"BreadcrumbList\",\"@id\":\"https:\/\/mollersomega3.nl\/hersenen-en-omega-3-vetzuur-dha\/#breadcrumb\",\"itemListElement\":[{\"@type\":\"ListItem\",\"position\":1,\"name\":\"Accueil\",\"item\":\"https:\/\/mollersomega3.nl\/fr\/\"},{\"@type\":\"ListItem\",\"position\":2,\"name\":\"Cerveau\"}]},{\"@type\":\"WebSite\",\"@id\":\"https:\/\/mollersomega3.nl\/#website\",\"url\":\"https:\/\/mollersomega3.nl\/\",\"name\":\"M\u00f6llers Omega-3\",\"description\":\"A Spoonful of Life since 1854\",\"publisher\":{\"@id\":\"https:\/\/mollersomega3.nl\/#organization\"},\"potentialAction\":[{\"@type\":\"SearchAction\",\"target\":{\"@type\":\"EntryPoint\",\"urlTemplate\":\"https:\/\/mollersomega3.nl\/?s={search_term_string}\"},\"query-input\":{\"@type\":\"PropertyValueSpecification\",\"valueRequired\":true,\"valueName\":\"search_term_string\"}}],\"inLanguage\":\"fr-FR\"},{\"@type\":\"Organization\",\"@id\":\"https:\/\/mollersomega3.nl\/#organization\",\"name\":\"M\u00f6llers Omega-3\",\"url\":\"https:\/\/mollersomega3.nl\/\",\"logo\":{\"@type\":\"ImageObject\",\"inLanguage\":\"fr-FR\",\"@id\":\"https:\/\/mollersomega3.nl\/#\/schema\/logo\/image\/\",\"url\":\"https:\/\/mollersomega3.nl\/wp-content\/uploads\/2020\/07\/mollers-logo-bestellingen.png\",\"contentUrl\":\"https:\/\/mollersomega3.nl\/wp-content\/uploads\/2020\/07\/mollers-logo-bestellingen.png\",\"width\":250,\"height\":86,\"caption\":\"M\u00f6llers Omega-3\"},\"image\":{\"@id\":\"https:\/\/mollersomega3.nl\/#\/schema\/logo\/image\/\"},\"sameAs\":[\"https:\/\/www.facebook.com\/MollersOmega3NL\",\"https:\/\/www.instagram.com\/mollersomega3nl\/\",\"https:\/\/nl.linkedin.com\/company\/good-life-international\",\"https:\/\/www.bol.com\/nl\/nl\/m\/mollers\/\",\"https:\/\/mollersomega3.nl\/en\/\"],\"foundingDate\":\"1854\",\"areaServed\":[\"GB\",\"IE\",\"US\",\"CA\",\"AU\",\"NZ\",\"NL\"],\"knowsAbout\":[\"omega-3\",\"cod liver oil\",\"fish oil\",\"DHA\",\"EPA\",\"vitamin D\"],\"description\":\"Norwegian premium omega-3 brand since 1854. Cod liver oil and fish oil supplements with omega-3, vitamins A, D and E.\"}]}<\/script>\n<!-- \/ Yoast SEO Premium plugin. -->","yoast_head_json":{"title":"Cerveau et acide gras om\u00e9ga-3 DHA - M\u00f6llers Omega-3","description":"Curieux de conna\u00eetre la relation entre le cerveau et l'acide gras om\u00e9ga-3 DHA ? Consultez cette page !","robots":{"index":"index","follow":"follow","max-snippet":"max-snippet:-1","max-image-preview":"max-image-preview:large","max-video-preview":"max-video-preview:-1"},"canonical":"https:\/\/mollersomega3.nl\/hersenen-en-omega-3-vetzuur-dha\/","og_locale":"fr_FR","og_type":"article","og_title":"Cerveau","og_description":"Curieux de conna\u00eetre la relation entre le cerveau et l'acide gras om\u00e9ga-3 DHA ? Consultez cette page !","og_url":"https:\/\/mollersomega3.nl\/hersenen-en-omega-3-vetzuur-dha\/","og_site_name":"M\u00f6llers Omega-3","article_publisher":"https:\/\/www.facebook.com\/mollersomega3nl","og_image":[{"url":"https:\/\/mollersomega3.nl\/wp-content\/uploads\/2020\/06\/icoontjes-groen-los_hersenen.png","type":"","width":"","height":""}],"twitter_card":"summary_large_image","twitter_site":"@mollersomega3nl","twitter_misc":{"Est. reading time":"5 minutes"},"schema":{"@context":"https:\/\/schema.org","@graph":[{"@type":"WebPage","@id":"https:\/\/mollersomega3.nl\/hersenen-en-omega-3-vetzuur-dha\/","url":"https:\/\/mollersomega3.nl\/hersenen-en-omega-3-vetzuur-dha\/","name":"Cerveau et acide gras om\u00e9ga-3 DHA - M\u00f6llers Omega-3","isPartOf":{"@id":"https:\/\/mollersomega3.nl\/#website"},"primaryImageOfPage":{"@id":"https:\/\/mollersomega3.nl\/hersenen-en-omega-3-vetzuur-dha\/#primaryimage"},"image":{"@id":"https:\/\/mollersomega3.nl\/hersenen-en-omega-3-vetzuur-dha\/#primaryimage"},"thumbnailUrl":"https:\/\/mollersomega3.nl\/wp-content\/uploads\/2020\/06\/icoontjes-groen-los_hersenen.png","datePublished":"2020-06-06T17:35:19+00:00","description":"Curieux de conna\u00eetre la relation entre le cerveau et l'acide gras om\u00e9ga-3 DHA ? Consultez cette page !","breadcrumb":{"@id":"https:\/\/mollersomega3.nl\/hersenen-en-omega-3-vetzuur-dha\/#breadcrumb"},"inLanguage":"fr-FR","potentialAction":[{"@type":"ReadAction","target":["https:\/\/mollersomega3.nl\/hersenen-en-omega-3-vetzuur-dha\/"]}]},{"@type":"ImageObject","inLanguage":"fr-FR","@id":"https:\/\/mollersomega3.nl\/hersenen-en-omega-3-vetzuur-dha\/#primaryimage","url":"https:\/\/mollersomega3.nl\/wp-content\/uploads\/2020\/06\/icoontjes-groen-los_hersenen.png","contentUrl":"https:\/\/mollersomega3.nl\/wp-content\/uploads\/2020\/06\/icoontjes-groen-los_hersenen.png"},{"@type":"BreadcrumbList","@id":"https:\/\/mollersomega3.nl\/hersenen-en-omega-3-vetzuur-dha\/#breadcrumb","itemListElement":[{"@type":"ListItem","position":1,"name":"Accueil","item":"https:\/\/mollersomega3.nl\/fr\/"},{"@type":"ListItem","position":2,"name":"Cerveau"}]},{"@type":"WebSite","@id":"https:\/\/mollersomega3.nl\/#website","url":"https:\/\/mollersomega3.nl\/","name":"M\u00f6llers Omega-3","description":"A Spoonful of Life since 1854","publisher":{"@id":"https:\/\/mollersomega3.nl\/#organization"},"potentialAction":[{"@type":"SearchAction","target":{"@type":"EntryPoint","urlTemplate":"https:\/\/mollersomega3.nl\/?s={search_term_string}"},"query-input":{"@type":"PropertyValueSpecification","valueRequired":true,"valueName":"search_term_string"}}],"inLanguage":"fr-FR"},{"@type":"Organization","@id":"https:\/\/mollersomega3.nl\/#organization","name":"M\u00f6llers Omega-3","url":"https:\/\/mollersomega3.nl\/","logo":{"@type":"ImageObject","inLanguage":"fr-FR","@id":"https:\/\/mollersomega3.nl\/#\/schema\/logo\/image\/","url":"https:\/\/mollersomega3.nl\/wp-content\/uploads\/2020\/07\/mollers-logo-bestellingen.png","contentUrl":"https:\/\/mollersomega3.nl\/wp-content\/uploads\/2020\/07\/mollers-logo-bestellingen.png","width":250,"height":86,"caption":"M\u00f6llers Omega-3"},"image":{"@id":"https:\/\/mollersomega3.nl\/#\/schema\/logo\/image\/"},"sameAs":["https:\/\/www.facebook.com\/MollersOmega3NL","https:\/\/www.instagram.com\/mollersomega3nl\/","https:\/\/nl.linkedin.com\/company\/good-life-international","https:\/\/www.bol.com\/nl\/nl\/m\/mollers\/","https:\/\/mollersomega3.nl\/en\/"],"foundingDate":"1854","areaServed":["GB","IE","US","CA","AU","NZ","NL"],"knowsAbout":["omega-3","cod liver oil","fish oil","DHA","EPA","vitamin D"],"description":"Norwegian premium omega-3 brand since 1854. Cod liver oil and fish oil supplements with omega-3, vitamins A, D and E."}]}},"_links":{"self":[{"href":"https:\/\/mollersomega3.nl\/fr\/wp-json\/wp\/v2\/pages\/1005933","targetHints":{"allow":["GET"]}}],"collection":[{"href":"https:\/\/mollersomega3.nl\/fr\/wp-json\/wp\/v2\/pages"}],"about":[{"href":"https:\/\/mollersomega3.nl\/fr\/wp-json\/wp\/v2\/types\/page"}],"author":[{"embeddable":true,"href":"https:\/\/mollersomega3.nl\/fr\/wp-json\/wp\/v2\/users\/1"}],"replies":[{"embeddable":true,"href":"https:\/\/mollersomega3.nl\/fr\/wp-json\/wp\/v2\/comments?post=1005933"}],"version-history":[{"count":0,"href":"https:\/\/mollersomega3.nl\/fr\/wp-json\/wp\/v2\/pages\/1005933\/revisions"}],"wp:attachment":[{"href":"https:\/\/mollersomega3.nl\/fr\/wp-json\/wp\/v2\/media?parent=1005933"}],"curies":[{"name":"wp","href":"https:\/\/api.w.org\/{rel}","templated":true}]}}