{"id":1005935,"date":"2020-06-10T10:56:55","date_gmt":"2020-06-10T08:56:55","guid":{"rendered":"https:\/\/mollersomega3.nl\/vitamine-d-pour-les-os-les-dents-et-les-muscles\/"},"modified":"2020-06-10T10:56:55","modified_gmt":"2020-06-10T08:56:55","slug":"vitamine-d-pour-les-os-les-dents-et-les-muscles","status":"publish","type":"page","link":"https:\/\/mollersomega3.nl\/fr\/vitamine-d-pour-les-os-les-dents-et-les-muscles\/","title":{"rendered":"Vitamine D pour les os, les dents et les muscles"},"content":{"rendered":"<div class=\"columns\">\n<div class=\"column main\">\n<div class=\"category-view\">\n<div class=\"category-cms\">\n<p>M\u00f6ller&#8217;s Omega-3 est riche en vitamine D3. Cette vitamine D est essentielle pour maintenir des os, des dents et des muscles solides. <\/p>\n<h2>Muscles<\/h2>\n<p>La vitamine D contenue dans M\u00f6ller&#8217;s Omega-3 favorise une meilleure absorption du calcium. Nos muscles ne peuvent fonctionner correctement que si nous recevons suffisamment de vitamine D par la lumi\u00e8re du soleil ou l&#8217;alimentation. Une <a href=\"https:\/\/mollersomega3.nl\/wat-betekent-een-vitamine-d-tekort-voor-mijn-lichaam\/\">carence en vitamine D<\/a> peut provoquer une faiblesse musculaire et des crampes. La vitamine D stimule le d\u00e9veloppement et la fonction musculaire.   <\/p>\n<h2>Os &amp; dents<\/h2>\n<p>Le squelette humain est compos\u00e9 de nombreux types d&#8217;os diff\u00e9rents, 206 au total pour \u00eatre pr\u00e9cis. Notre dentition adulte compte 32 dents que nous souhaitons maintenir saines et solides le plus longtemps possible. La vitamine D est importante pour maintenir des os et des dents solides. Elle permet en effet une meilleure absorption des min\u00e9raux comme le calcium dans les intestins. Le calcium est essentiel pour la formation des os et pour une densit\u00e9 osseuse \u00e9lev\u00e9e, donc des os solides.    <\/p>\n<p><img decoding=\"async\" class=\"alignnone wp-image-462\" src=\"https:\/\/mollersomega3.nl\/wp-content\/uploads\/2020\/06\/icoontjes-groen-los_botten.png\" alt=\"Vitamine D pour les os\" width=\"150\" height=\"150\" srcset=\"https:\/\/mollersomega3.nl\/wp-content\/uploads\/2020\/06\/icoontjes-groen-los_botten.png 417w, https:\/\/mollersomega3.nl\/wp-content\/uploads\/2020\/06\/icoontjes-groen-los_botten-300x301.png 300w, https:\/\/mollersomega3.nl\/wp-content\/uploads\/2020\/06\/icoontjes-groen-los_botten-100x100.png 100w\" sizes=\"(max-width: 150px) 100vw, 150px\" \/> <img decoding=\"async\" class=\"alignnone wp-image-461\" src=\"https:\/\/mollersomega3.nl\/wp-content\/uploads\/2020\/06\/icoontjes-groen-los_tand.png\" alt=\"Vitamine D - os dents muscles\" width=\"150\" height=\"150\" srcset=\"https:\/\/mollersomega3.nl\/wp-content\/uploads\/2020\/06\/icoontjes-groen-los_tand.png 417w, https:\/\/mollersomega3.nl\/wp-content\/uploads\/2020\/06\/icoontjes-groen-los_tand-300x301.png 300w, https:\/\/mollersomega3.nl\/wp-content\/uploads\/2020\/06\/icoontjes-groen-los_tand-100x100.png 100w\" sizes=\"(max-width: 150px) 100vw, 150px\" \/><\/p>\n<p><strong>Saviez-vous qu&#8217;un b\u00e9b\u00e9 a plus d&#8217;os qu&#8217;un adulte ?<\/strong> <strong>En vieillissant, certains os se soudent entre eux.<\/strong><\/p>\n<\/div>\n<\/div>\n<\/div>\n<\/div>\n","protected":false},"excerpt":{"rendered":"<p>M\u00f6ller&#8217;s Omega-3 est riche en vitamine D3. Cette vitamine D est essentielle pour maintenir des os, des dents et des muscles solides. Muscles La vitamine D contenue dans M\u00f6ller&#8217;s Omega-3 favorise une meilleure absorption du calcium. Nos muscles ne peuvent fonctionner correctement que si nous recevons suffisamment de vitamine D par la lumi\u00e8re du soleil [&hellip;]<\/p>\n","protected":false},"author":1,"featured_media":0,"parent":0,"menu_order":0,"comment_status":"closed","ping_status":"closed","template":"","meta":{"_yoast_wpseo_focuskw":"Vitamine D pour les os","_yoast_wpseo_title":"","_yoast_wpseo_metadesc":"Vitamine D pour les os, les dents et les muscles. M\u00f6ller's Omega-3 favorise une meilleure absorption du calcium. Essentiel pour des os et des dents solides.","_monsterinsights_skip_tracking":false,"_monsterinsights_sitenote_active":false,"_monsterinsights_sitenote_note":"","_monsterinsights_sitenote_category":0,"footnotes":""},"class_list":["post-1005935","page","type-page","status-publish","hentry"],"yoast_head":"<!-- This site is optimized with the Yoast SEO Premium plugin v25.1 (Yoast SEO v25.1) - https:\/\/yoast.com\/wordpress\/plugins\/seo\/ -->\n<title>Vitamine D pour les os, les dents et les muscles - M\u00f6llers Omega-3<\/title>\n<meta name=\"description\" content=\"Vitamine D pour les os, les dents et les muscles. M\u00f6ller&#039;s Omega-3 favorise une meilleure absorption du calcium. Essentiel pour des os et des dents solides.\" \/>\n<meta name=\"robots\" content=\"index, follow, max-snippet:-1, max-image-preview:large, max-video-preview:-1\" \/>\n<link rel=\"canonical\" href=\"https:\/\/mollersomega3.nl\/vitamine-d-voor-botten-tanden-spieren\/\" \/>\n<meta property=\"og:locale\" content=\"fr_FR\" \/>\n<meta property=\"og:type\" content=\"article\" \/>\n<meta property=\"og:title\" content=\"Vitamine D pour les os, les dents et les muscles\" \/>\n<meta property=\"og:description\" content=\"Vitamine D pour les os, les dents et les muscles. M\u00f6ller&#039;s Omega-3 favorise une meilleure absorption du calcium. Essentiel pour des os et des dents solides.\" \/>\n<meta property=\"og:url\" content=\"https:\/\/mollersomega3.nl\/vitamine-d-voor-botten-tanden-spieren\/\" \/>\n<meta property=\"og:site_name\" content=\"M\u00f6llers Omega-3\" \/>\n<meta property=\"article:publisher\" content=\"https:\/\/www.facebook.com\/mollersomega3nl\" \/>\n<meta property=\"og:image\" content=\"https:\/\/mollersomega3.nl\/wp-content\/uploads\/2020\/06\/icoontjes-groen-los_botten.png\" \/>\n<meta name=\"twitter:card\" content=\"summary_large_image\" \/>\n<meta name=\"twitter:site\" content=\"@mollersomega3nl\" \/>\n<meta name=\"twitter:label1\" content=\"Est. reading time\" \/>\n\t<meta name=\"twitter:data1\" content=\"1 minute\" \/>\n<script type=\"application\/ld+json\" class=\"yoast-schema-graph\">{\"@context\":\"https:\/\/schema.org\",\"@graph\":[{\"@type\":\"WebPage\",\"@id\":\"https:\/\/mollersomega3.nl\/vitamine-d-voor-botten-tanden-spieren\/\",\"url\":\"https:\/\/mollersomega3.nl\/vitamine-d-voor-botten-tanden-spieren\/\",\"name\":\"Vitamine D pour les os, les dents et les muscles - M\u00f6llers Omega-3\",\"isPartOf\":{\"@id\":\"https:\/\/mollersomega3.nl\/#website\"},\"primaryImageOfPage\":{\"@id\":\"https:\/\/mollersomega3.nl\/vitamine-d-voor-botten-tanden-spieren\/#primaryimage\"},\"image\":{\"@id\":\"https:\/\/mollersomega3.nl\/vitamine-d-voor-botten-tanden-spieren\/#primaryimage\"},\"thumbnailUrl\":\"https:\/\/mollersomega3.nl\/wp-content\/uploads\/2020\/06\/icoontjes-groen-los_botten.png\",\"datePublished\":\"2020-06-10T08:56:55+00:00\",\"description\":\"Vitamine D pour les os, les dents et les muscles. M\u00f6ller's Omega-3 favorise une meilleure absorption du calcium. Essentiel pour des os et des dents solides.\",\"breadcrumb\":{\"@id\":\"https:\/\/mollersomega3.nl\/vitamine-d-voor-botten-tanden-spieren\/#breadcrumb\"},\"inLanguage\":\"fr-FR\",\"potentialAction\":[{\"@type\":\"ReadAction\",\"target\":[\"https:\/\/mollersomega3.nl\/vitamine-d-voor-botten-tanden-spieren\/\"]}]},{\"@type\":\"ImageObject\",\"inLanguage\":\"fr-FR\",\"@id\":\"https:\/\/mollersomega3.nl\/vitamine-d-voor-botten-tanden-spieren\/#primaryimage\",\"url\":\"https:\/\/mollersomega3.nl\/wp-content\/uploads\/2020\/06\/icoontjes-groen-los_botten.png\",\"contentUrl\":\"https:\/\/mollersomega3.nl\/wp-content\/uploads\/2020\/06\/icoontjes-groen-los_botten.png\"},{\"@type\":\"BreadcrumbList\",\"@id\":\"https:\/\/mollersomega3.nl\/vitamine-d-voor-botten-tanden-spieren\/#breadcrumb\",\"itemListElement\":[{\"@type\":\"ListItem\",\"position\":1,\"name\":\"Accueil\",\"item\":\"https:\/\/mollersomega3.nl\/fr\/\"},{\"@type\":\"ListItem\",\"position\":2,\"name\":\"Vitamine D pour les os, les dents et les muscles\"}]},{\"@type\":\"WebSite\",\"@id\":\"https:\/\/mollersomega3.nl\/#website\",\"url\":\"https:\/\/mollersomega3.nl\/\",\"name\":\"M\u00f6llers Omega-3\",\"description\":\"A Spoonful of Life since 1854\",\"publisher\":{\"@id\":\"https:\/\/mollersomega3.nl\/#organization\"},\"potentialAction\":[{\"@type\":\"SearchAction\",\"target\":{\"@type\":\"EntryPoint\",\"urlTemplate\":\"https:\/\/mollersomega3.nl\/?s={search_term_string}\"},\"query-input\":{\"@type\":\"PropertyValueSpecification\",\"valueRequired\":true,\"valueName\":\"search_term_string\"}}],\"inLanguage\":\"fr-FR\"},{\"@type\":\"Organization\",\"@id\":\"https:\/\/mollersomega3.nl\/#organization\",\"name\":\"M\u00f6llers Omega-3\",\"url\":\"https:\/\/mollersomega3.nl\/\",\"logo\":{\"@type\":\"ImageObject\",\"inLanguage\":\"fr-FR\",\"@id\":\"https:\/\/mollersomega3.nl\/#\/schema\/logo\/image\/\",\"url\":\"https:\/\/mollersomega3.nl\/wp-content\/uploads\/2020\/07\/mollers-logo-bestellingen.png\",\"contentUrl\":\"https:\/\/mollersomega3.nl\/wp-content\/uploads\/2020\/07\/mollers-logo-bestellingen.png\",\"width\":250,\"height\":86,\"caption\":\"M\u00f6llers Omega-3\"},\"image\":{\"@id\":\"https:\/\/mollersomega3.nl\/#\/schema\/logo\/image\/\"},\"sameAs\":[\"https:\/\/www.facebook.com\/MollersOmega3NL\",\"https:\/\/www.instagram.com\/mollersomega3nl\/\",\"https:\/\/nl.linkedin.com\/company\/good-life-international\",\"https:\/\/www.bol.com\/nl\/nl\/m\/mollers\/\",\"https:\/\/mollersomega3.nl\/en\/\"],\"foundingDate\":\"1854\",\"areaServed\":[\"GB\",\"IE\",\"US\",\"CA\",\"AU\",\"NZ\",\"NL\"],\"knowsAbout\":[\"omega-3\",\"cod liver oil\",\"fish oil\",\"DHA\",\"EPA\",\"vitamin D\"],\"description\":\"Norwegian premium omega-3 brand since 1854. Cod liver oil and fish oil supplements with omega-3, vitamins A, D and E.\"}]}<\/script>\n<!-- \/ Yoast SEO Premium plugin. -->","yoast_head_json":{"title":"Vitamine D pour les os, les dents et les muscles - M\u00f6llers Omega-3","description":"Vitamine D pour les os, les dents et les muscles. M\u00f6ller's Omega-3 favorise une meilleure absorption du calcium. Essentiel pour des os et des dents solides.","robots":{"index":"index","follow":"follow","max-snippet":"max-snippet:-1","max-image-preview":"max-image-preview:large","max-video-preview":"max-video-preview:-1"},"canonical":"https:\/\/mollersomega3.nl\/vitamine-d-voor-botten-tanden-spieren\/","og_locale":"fr_FR","og_type":"article","og_title":"Vitamine D pour les os, les dents et les muscles","og_description":"Vitamine D pour les os, les dents et les muscles. M\u00f6ller's Omega-3 favorise une meilleure absorption du calcium. Essentiel pour des os et des dents solides.","og_url":"https:\/\/mollersomega3.nl\/vitamine-d-voor-botten-tanden-spieren\/","og_site_name":"M\u00f6llers Omega-3","article_publisher":"https:\/\/www.facebook.com\/mollersomega3nl","og_image":[{"url":"https:\/\/mollersomega3.nl\/wp-content\/uploads\/2020\/06\/icoontjes-groen-los_botten.png","type":"","width":"","height":""}],"twitter_card":"summary_large_image","twitter_site":"@mollersomega3nl","twitter_misc":{"Est. reading time":"1 minute"},"schema":{"@context":"https:\/\/schema.org","@graph":[{"@type":"WebPage","@id":"https:\/\/mollersomega3.nl\/vitamine-d-voor-botten-tanden-spieren\/","url":"https:\/\/mollersomega3.nl\/vitamine-d-voor-botten-tanden-spieren\/","name":"Vitamine D pour les os, les dents et les muscles - M\u00f6llers Omega-3","isPartOf":{"@id":"https:\/\/mollersomega3.nl\/#website"},"primaryImageOfPage":{"@id":"https:\/\/mollersomega3.nl\/vitamine-d-voor-botten-tanden-spieren\/#primaryimage"},"image":{"@id":"https:\/\/mollersomega3.nl\/vitamine-d-voor-botten-tanden-spieren\/#primaryimage"},"thumbnailUrl":"https:\/\/mollersomega3.nl\/wp-content\/uploads\/2020\/06\/icoontjes-groen-los_botten.png","datePublished":"2020-06-10T08:56:55+00:00","description":"Vitamine D pour les os, les dents et les muscles. M\u00f6ller's Omega-3 favorise une meilleure absorption du calcium. Essentiel pour des os et des dents solides.","breadcrumb":{"@id":"https:\/\/mollersomega3.nl\/vitamine-d-voor-botten-tanden-spieren\/#breadcrumb"},"inLanguage":"fr-FR","potentialAction":[{"@type":"ReadAction","target":["https:\/\/mollersomega3.nl\/vitamine-d-voor-botten-tanden-spieren\/"]}]},{"@type":"ImageObject","inLanguage":"fr-FR","@id":"https:\/\/mollersomega3.nl\/vitamine-d-voor-botten-tanden-spieren\/#primaryimage","url":"https:\/\/mollersomega3.nl\/wp-content\/uploads\/2020\/06\/icoontjes-groen-los_botten.png","contentUrl":"https:\/\/mollersomega3.nl\/wp-content\/uploads\/2020\/06\/icoontjes-groen-los_botten.png"},{"@type":"BreadcrumbList","@id":"https:\/\/mollersomega3.nl\/vitamine-d-voor-botten-tanden-spieren\/#breadcrumb","itemListElement":[{"@type":"ListItem","position":1,"name":"Accueil","item":"https:\/\/mollersomega3.nl\/fr\/"},{"@type":"ListItem","position":2,"name":"Vitamine D pour les os, les dents et les muscles"}]},{"@type":"WebSite","@id":"https:\/\/mollersomega3.nl\/#website","url":"https:\/\/mollersomega3.nl\/","name":"M\u00f6llers Omega-3","description":"A Spoonful of Life since 1854","publisher":{"@id":"https:\/\/mollersomega3.nl\/#organization"},"potentialAction":[{"@type":"SearchAction","target":{"@type":"EntryPoint","urlTemplate":"https:\/\/mollersomega3.nl\/?s={search_term_string}"},"query-input":{"@type":"PropertyValueSpecification","valueRequired":true,"valueName":"search_term_string"}}],"inLanguage":"fr-FR"},{"@type":"Organization","@id":"https:\/\/mollersomega3.nl\/#organization","name":"M\u00f6llers Omega-3","url":"https:\/\/mollersomega3.nl\/","logo":{"@type":"ImageObject","inLanguage":"fr-FR","@id":"https:\/\/mollersomega3.nl\/#\/schema\/logo\/image\/","url":"https:\/\/mollersomega3.nl\/wp-content\/uploads\/2020\/07\/mollers-logo-bestellingen.png","contentUrl":"https:\/\/mollersomega3.nl\/wp-content\/uploads\/2020\/07\/mollers-logo-bestellingen.png","width":250,"height":86,"caption":"M\u00f6llers Omega-3"},"image":{"@id":"https:\/\/mollersomega3.nl\/#\/schema\/logo\/image\/"},"sameAs":["https:\/\/www.facebook.com\/MollersOmega3NL","https:\/\/www.instagram.com\/mollersomega3nl\/","https:\/\/nl.linkedin.com\/company\/good-life-international","https:\/\/www.bol.com\/nl\/nl\/m\/mollers\/","https:\/\/mollersomega3.nl\/en\/"],"foundingDate":"1854","areaServed":["GB","IE","US","CA","AU","NZ","NL"],"knowsAbout":["omega-3","cod liver oil","fish oil","DHA","EPA","vitamin D"],"description":"Norwegian premium omega-3 brand since 1854. Cod liver oil and fish oil supplements with omega-3, vitamins A, D and E."}]}},"_links":{"self":[{"href":"https:\/\/mollersomega3.nl\/fr\/wp-json\/wp\/v2\/pages\/1005935","targetHints":{"allow":["GET"]}}],"collection":[{"href":"https:\/\/mollersomega3.nl\/fr\/wp-json\/wp\/v2\/pages"}],"about":[{"href":"https:\/\/mollersomega3.nl\/fr\/wp-json\/wp\/v2\/types\/page"}],"author":[{"embeddable":true,"href":"https:\/\/mollersomega3.nl\/fr\/wp-json\/wp\/v2\/users\/1"}],"replies":[{"embeddable":true,"href":"https:\/\/mollersomega3.nl\/fr\/wp-json\/wp\/v2\/comments?post=1005935"}],"version-history":[{"count":0,"href":"https:\/\/mollersomega3.nl\/fr\/wp-json\/wp\/v2\/pages\/1005935\/revisions"}],"wp:attachment":[{"href":"https:\/\/mollersomega3.nl\/fr\/wp-json\/wp\/v2\/media?parent=1005935"}],"curies":[{"name":"wp","href":"https:\/\/api.w.org\/{rel}","templated":true}]}}