{"id":1005936,"date":"2020-06-06T13:37:47","date_gmt":"2020-06-06T11:37:47","guid":{"rendered":"https:\/\/mollersomega3.nl\/omega-3-coeur-et-vaisseaux-sanguins\/"},"modified":"2020-06-06T13:37:47","modified_gmt":"2020-06-06T11:37:47","slug":"omega-3-coeur-et-vaisseaux-sanguins","status":"publish","type":"page","link":"https:\/\/mollersomega3.nl\/fr\/omega-3-coeur-et-vaisseaux-sanguins\/","title":{"rendered":"Om\u00e9ga-3 : c\u0153ur et vaisseaux sanguins"},"content":{"rendered":"<h2>Om\u00e9ga-3 : c\u0153ur et vaisseaux sanguins<\/h2>\n<p>Les acides gras om\u00e9ga-3 <a href=\"https:\/\/mollersomega3.nl\/wat-is-omega-3\/\">DHA et EPA<\/a> ont un effet b\u00e9n\u00e9fique sur le fonctionnement des membranes cellulaires du c\u0153ur et des vaisseaux sanguins.<\/p>\n<h3>Pourquoi devrions-nous prendre des acides gras om\u00e9ga-3 ?<\/h3>\n<p>DHA  EPA sont importants pour le c\u0153ur et les vaisseaux sanguins, ils sont donc litt\u00e9ralement vitaux. Les acides gras om\u00e9ga-3 sont si importants que <a href=\"https:\/\/www.efsa.europa.eu\/\">les autorit\u00e9s europ\u00e9ennes de s\u00e9curit\u00e9 alimentaire<\/a> ont d\u00e9clar\u00e9 que la consommation quotidienne de 250 mg d&#8217;EPA et de DHA contribue \u00e0 une bonne fonction cardiaque et \u00e0 des vaisseaux sanguins sains. Le c\u0153ur bat environ 60 \u00e0 100 fois par minute, le matin comme le soir, en hiver comme en \u00e9t\u00e9, le c\u0153ur ne prend jamais de vacances. Le c\u0153ur travaille avec les poumons et veille \u00e0 ce que le sang riche en oxyg\u00e8ne circule dans tout le corps. Chaque cellule du corps re\u00e7oit ainsi suffisamment d&#8217;oxyg\u00e8ne.    <\/p>\n<h3>Les acides gras om\u00e9ga-3 contribuent au fonctionnement normal du c\u0153ur avec une consommation quotidienne minimale de 250 mg d&#8217;EPA et de DHA.<\/h3>\n<p>L&#8217;effet b\u00e9n\u00e9fique est obtenu avec un apport quotidien de 250 mg de DHA et d&#8217;EPA. M\u00f6ller \u00ab s Om\u00e9ga-3 contient 900 mg de DHA et d&#8217;EPA par portion quotidienne. M\u00f6ller \u00bb s Om\u00e9ga-3 est donc un soutien important pour maintenir une bonne fonction cardiaque.  <\/p>\n<p><img decoding=\"async\" class=\"alignnone wp-image-456\" src=\"https:\/\/mollersomega3.nl\/wp-content\/uploads\/2020\/06\/icoontjes-groen-los_hart.png\" alt=\"c\u0153ur et vaisseaux sanguins\" width=\"150\" height=\"150\" srcset=\"https:\/\/mollersomega3.nl\/wp-content\/uploads\/2020\/06\/icoontjes-groen-los_hart.png 418w, https:\/\/mollersomega3.nl\/wp-content\/uploads\/2020\/06\/icoontjes-groen-los_hart-300x300.png 300w, https:\/\/mollersomega3.nl\/wp-content\/uploads\/2020\/06\/icoontjes-groen-los_hart-100x100.png 100w\" sizes=\"(max-width: 150px) 100vw, 150px\" \/><\/p>\n<p><strong>Saviez-vous que&#8230; le c\u0153ur a \u00e0 peu pr\u00e8s la taille de votre poing ?<\/strong><\/p>\n","protected":false},"excerpt":{"rendered":"<p>Om\u00e9ga-3 : c\u0153ur et vaisseaux sanguins Les acides gras om\u00e9ga-3 DHA et EPA ont un effet b\u00e9n\u00e9fique sur le fonctionnement des membranes cellulaires du c\u0153ur et des vaisseaux sanguins. Pourquoi devrions-nous prendre des acides gras om\u00e9ga-3 ? DHA EPA sont importants pour le c\u0153ur et les vaisseaux sanguins, ils sont donc litt\u00e9ralement vitaux. Les acides [&hellip;]<\/p>\n","protected":false},"author":1,"featured_media":0,"parent":0,"menu_order":0,"comment_status":"closed","ping_status":"closed","template":"","meta":{"_yoast_wpseo_focuskw":"c\u0153ur et vaisseaux sanguins","_yoast_wpseo_title":"C\u0153ur et vaisseaux sanguins %%sep%% DHA EPA sont importants %%sep%% %%sitename%%","_yoast_wpseo_metadesc":"Om\u00e9ga-3 : c\u0153ur et vaisseaux sanguins. Les acides gras om\u00e9ga-3 DHA et EPA ont un effet b\u00e9n\u00e9fique sur le fonctionnement des membranes cellulaires du c\u0153ur et des vaisseaux sanguins.","_monsterinsights_skip_tracking":false,"_monsterinsights_sitenote_active":false,"_monsterinsights_sitenote_note":"","_monsterinsights_sitenote_category":0,"footnotes":""},"class_list":["post-1005936","page","type-page","status-publish","hentry"],"yoast_head":"<!-- This site is optimized with the Yoast SEO Premium plugin v25.1 (Yoast SEO v25.1) - https:\/\/yoast.com\/wordpress\/plugins\/seo\/ -->\n<title>C\u0153ur et vaisseaux sanguins - DHA EPA sont importants - M\u00f6llers Omega-3<\/title>\n<meta name=\"description\" content=\"Om\u00e9ga-3 : c\u0153ur et vaisseaux sanguins. Les acides gras om\u00e9ga-3 DHA et EPA ont un effet b\u00e9n\u00e9fique sur le fonctionnement des membranes cellulaires du c\u0153ur et des vaisseaux sanguins.\" \/>\n<meta name=\"robots\" content=\"index, follow, max-snippet:-1, max-image-preview:large, max-video-preview:-1\" \/>\n<link rel=\"canonical\" href=\"https:\/\/mollersomega3.nl\/omega-3-hart-en-bloedvaten\/\" \/>\n<meta property=\"og:locale\" content=\"fr_FR\" \/>\n<meta property=\"og:type\" content=\"article\" \/>\n<meta property=\"og:title\" content=\"Om\u00e9ga-3 : c\u0153ur et vaisseaux sanguins\" \/>\n<meta property=\"og:description\" content=\"Om\u00e9ga-3 : c\u0153ur et vaisseaux sanguins. Les acides gras om\u00e9ga-3 DHA et EPA ont un effet b\u00e9n\u00e9fique sur le fonctionnement des membranes cellulaires du c\u0153ur et des vaisseaux sanguins.\" \/>\n<meta property=\"og:url\" content=\"https:\/\/mollersomega3.nl\/omega-3-hart-en-bloedvaten\/\" \/>\n<meta property=\"og:site_name\" content=\"M\u00f6llers Omega-3\" \/>\n<meta property=\"article:publisher\" content=\"https:\/\/www.facebook.com\/mollersomega3nl\" \/>\n<meta property=\"og:image\" content=\"https:\/\/mollersomega3.nl\/wp-content\/uploads\/2020\/06\/icoontjes-groen-los_hart.png\" \/>\n<meta name=\"twitter:card\" content=\"summary_large_image\" \/>\n<meta name=\"twitter:site\" content=\"@mollersomega3nl\" \/>\n<meta name=\"twitter:label1\" content=\"Est. reading time\" \/>\n\t<meta name=\"twitter:data1\" content=\"1 minute\" \/>\n<script type=\"application\/ld+json\" class=\"yoast-schema-graph\">{\"@context\":\"https:\/\/schema.org\",\"@graph\":[{\"@type\":\"WebPage\",\"@id\":\"https:\/\/mollersomega3.nl\/omega-3-hart-en-bloedvaten\/\",\"url\":\"https:\/\/mollersomega3.nl\/omega-3-hart-en-bloedvaten\/\",\"name\":\"C\u0153ur et vaisseaux sanguins - DHA EPA sont importants - M\u00f6llers Omega-3\",\"isPartOf\":{\"@id\":\"https:\/\/mollersomega3.nl\/#website\"},\"primaryImageOfPage\":{\"@id\":\"https:\/\/mollersomega3.nl\/omega-3-hart-en-bloedvaten\/#primaryimage\"},\"image\":{\"@id\":\"https:\/\/mollersomega3.nl\/omega-3-hart-en-bloedvaten\/#primaryimage\"},\"thumbnailUrl\":\"https:\/\/mollersomega3.nl\/wp-content\/uploads\/2020\/06\/icoontjes-groen-los_hart.png\",\"datePublished\":\"2020-06-06T11:37:47+00:00\",\"description\":\"Om\u00e9ga-3 : c\u0153ur et vaisseaux sanguins. Les acides gras om\u00e9ga-3 DHA et EPA ont un effet b\u00e9n\u00e9fique sur le fonctionnement des membranes cellulaires du c\u0153ur et des vaisseaux sanguins.\",\"breadcrumb\":{\"@id\":\"https:\/\/mollersomega3.nl\/omega-3-hart-en-bloedvaten\/#breadcrumb\"},\"inLanguage\":\"fr-FR\",\"potentialAction\":[{\"@type\":\"ReadAction\",\"target\":[\"https:\/\/mollersomega3.nl\/omega-3-hart-en-bloedvaten\/\"]}]},{\"@type\":\"ImageObject\",\"inLanguage\":\"fr-FR\",\"@id\":\"https:\/\/mollersomega3.nl\/omega-3-hart-en-bloedvaten\/#primaryimage\",\"url\":\"https:\/\/mollersomega3.nl\/wp-content\/uploads\/2020\/06\/icoontjes-groen-los_hart.png\",\"contentUrl\":\"https:\/\/mollersomega3.nl\/wp-content\/uploads\/2020\/06\/icoontjes-groen-los_hart.png\"},{\"@type\":\"BreadcrumbList\",\"@id\":\"https:\/\/mollersomega3.nl\/omega-3-hart-en-bloedvaten\/#breadcrumb\",\"itemListElement\":[{\"@type\":\"ListItem\",\"position\":1,\"name\":\"Accueil\",\"item\":\"https:\/\/mollersomega3.nl\/fr\/\"},{\"@type\":\"ListItem\",\"position\":2,\"name\":\"Om\u00e9ga-3 : c\u0153ur et vaisseaux sanguins\"}]},{\"@type\":\"WebSite\",\"@id\":\"https:\/\/mollersomega3.nl\/#website\",\"url\":\"https:\/\/mollersomega3.nl\/\",\"name\":\"M\u00f6llers Omega-3\",\"description\":\"A Spoonful of Life since 1854\",\"publisher\":{\"@id\":\"https:\/\/mollersomega3.nl\/#organization\"},\"potentialAction\":[{\"@type\":\"SearchAction\",\"target\":{\"@type\":\"EntryPoint\",\"urlTemplate\":\"https:\/\/mollersomega3.nl\/?s={search_term_string}\"},\"query-input\":{\"@type\":\"PropertyValueSpecification\",\"valueRequired\":true,\"valueName\":\"search_term_string\"}}],\"inLanguage\":\"fr-FR\"},{\"@type\":\"Organization\",\"@id\":\"https:\/\/mollersomega3.nl\/#organization\",\"name\":\"M\u00f6llers Omega-3\",\"url\":\"https:\/\/mollersomega3.nl\/\",\"logo\":{\"@type\":\"ImageObject\",\"inLanguage\":\"fr-FR\",\"@id\":\"https:\/\/mollersomega3.nl\/#\/schema\/logo\/image\/\",\"url\":\"https:\/\/mollersomega3.nl\/wp-content\/uploads\/2020\/07\/mollers-logo-bestellingen.png\",\"contentUrl\":\"https:\/\/mollersomega3.nl\/wp-content\/uploads\/2020\/07\/mollers-logo-bestellingen.png\",\"width\":250,\"height\":86,\"caption\":\"M\u00f6llers Omega-3\"},\"image\":{\"@id\":\"https:\/\/mollersomega3.nl\/#\/schema\/logo\/image\/\"},\"sameAs\":[\"https:\/\/www.facebook.com\/MollersOmega3NL\",\"https:\/\/www.instagram.com\/mollersomega3nl\/\",\"https:\/\/nl.linkedin.com\/company\/good-life-international\",\"https:\/\/www.bol.com\/nl\/nl\/m\/mollers\/\",\"https:\/\/mollersomega3.nl\/en\/\"],\"foundingDate\":\"1854\",\"areaServed\":[\"GB\",\"IE\",\"US\",\"CA\",\"AU\",\"NZ\",\"NL\"],\"knowsAbout\":[\"omega-3\",\"cod liver oil\",\"fish oil\",\"DHA\",\"EPA\",\"vitamin D\"],\"description\":\"Norwegian premium omega-3 brand since 1854. Cod liver oil and fish oil supplements with omega-3, vitamins A, D and E.\"}]}<\/script>\n<!-- \/ Yoast SEO Premium plugin. -->","yoast_head_json":{"title":"C\u0153ur et vaisseaux sanguins - DHA EPA sont importants - M\u00f6llers Omega-3","description":"Om\u00e9ga-3 : c\u0153ur et vaisseaux sanguins. Les acides gras om\u00e9ga-3 DHA et EPA ont un effet b\u00e9n\u00e9fique sur le fonctionnement des membranes cellulaires du c\u0153ur et des vaisseaux sanguins.","robots":{"index":"index","follow":"follow","max-snippet":"max-snippet:-1","max-image-preview":"max-image-preview:large","max-video-preview":"max-video-preview:-1"},"canonical":"https:\/\/mollersomega3.nl\/omega-3-hart-en-bloedvaten\/","og_locale":"fr_FR","og_type":"article","og_title":"Om\u00e9ga-3 : c\u0153ur et vaisseaux sanguins","og_description":"Om\u00e9ga-3 : c\u0153ur et vaisseaux sanguins. Les acides gras om\u00e9ga-3 DHA et EPA ont un effet b\u00e9n\u00e9fique sur le fonctionnement des membranes cellulaires du c\u0153ur et des vaisseaux sanguins.","og_url":"https:\/\/mollersomega3.nl\/omega-3-hart-en-bloedvaten\/","og_site_name":"M\u00f6llers Omega-3","article_publisher":"https:\/\/www.facebook.com\/mollersomega3nl","og_image":[{"url":"https:\/\/mollersomega3.nl\/wp-content\/uploads\/2020\/06\/icoontjes-groen-los_hart.png","type":"","width":"","height":""}],"twitter_card":"summary_large_image","twitter_site":"@mollersomega3nl","twitter_misc":{"Est. reading time":"1 minute"},"schema":{"@context":"https:\/\/schema.org","@graph":[{"@type":"WebPage","@id":"https:\/\/mollersomega3.nl\/omega-3-hart-en-bloedvaten\/","url":"https:\/\/mollersomega3.nl\/omega-3-hart-en-bloedvaten\/","name":"C\u0153ur et vaisseaux sanguins - DHA EPA sont importants - M\u00f6llers Omega-3","isPartOf":{"@id":"https:\/\/mollersomega3.nl\/#website"},"primaryImageOfPage":{"@id":"https:\/\/mollersomega3.nl\/omega-3-hart-en-bloedvaten\/#primaryimage"},"image":{"@id":"https:\/\/mollersomega3.nl\/omega-3-hart-en-bloedvaten\/#primaryimage"},"thumbnailUrl":"https:\/\/mollersomega3.nl\/wp-content\/uploads\/2020\/06\/icoontjes-groen-los_hart.png","datePublished":"2020-06-06T11:37:47+00:00","description":"Om\u00e9ga-3 : c\u0153ur et vaisseaux sanguins. Les acides gras om\u00e9ga-3 DHA et EPA ont un effet b\u00e9n\u00e9fique sur le fonctionnement des membranes cellulaires du c\u0153ur et des vaisseaux sanguins.","breadcrumb":{"@id":"https:\/\/mollersomega3.nl\/omega-3-hart-en-bloedvaten\/#breadcrumb"},"inLanguage":"fr-FR","potentialAction":[{"@type":"ReadAction","target":["https:\/\/mollersomega3.nl\/omega-3-hart-en-bloedvaten\/"]}]},{"@type":"ImageObject","inLanguage":"fr-FR","@id":"https:\/\/mollersomega3.nl\/omega-3-hart-en-bloedvaten\/#primaryimage","url":"https:\/\/mollersomega3.nl\/wp-content\/uploads\/2020\/06\/icoontjes-groen-los_hart.png","contentUrl":"https:\/\/mollersomega3.nl\/wp-content\/uploads\/2020\/06\/icoontjes-groen-los_hart.png"},{"@type":"BreadcrumbList","@id":"https:\/\/mollersomega3.nl\/omega-3-hart-en-bloedvaten\/#breadcrumb","itemListElement":[{"@type":"ListItem","position":1,"name":"Accueil","item":"https:\/\/mollersomega3.nl\/fr\/"},{"@type":"ListItem","position":2,"name":"Om\u00e9ga-3 : c\u0153ur et vaisseaux sanguins"}]},{"@type":"WebSite","@id":"https:\/\/mollersomega3.nl\/#website","url":"https:\/\/mollersomega3.nl\/","name":"M\u00f6llers Omega-3","description":"A Spoonful of Life since 1854","publisher":{"@id":"https:\/\/mollersomega3.nl\/#organization"},"potentialAction":[{"@type":"SearchAction","target":{"@type":"EntryPoint","urlTemplate":"https:\/\/mollersomega3.nl\/?s={search_term_string}"},"query-input":{"@type":"PropertyValueSpecification","valueRequired":true,"valueName":"search_term_string"}}],"inLanguage":"fr-FR"},{"@type":"Organization","@id":"https:\/\/mollersomega3.nl\/#organization","name":"M\u00f6llers Omega-3","url":"https:\/\/mollersomega3.nl\/","logo":{"@type":"ImageObject","inLanguage":"fr-FR","@id":"https:\/\/mollersomega3.nl\/#\/schema\/logo\/image\/","url":"https:\/\/mollersomega3.nl\/wp-content\/uploads\/2020\/07\/mollers-logo-bestellingen.png","contentUrl":"https:\/\/mollersomega3.nl\/wp-content\/uploads\/2020\/07\/mollers-logo-bestellingen.png","width":250,"height":86,"caption":"M\u00f6llers Omega-3"},"image":{"@id":"https:\/\/mollersomega3.nl\/#\/schema\/logo\/image\/"},"sameAs":["https:\/\/www.facebook.com\/MollersOmega3NL","https:\/\/www.instagram.com\/mollersomega3nl\/","https:\/\/nl.linkedin.com\/company\/good-life-international","https:\/\/www.bol.com\/nl\/nl\/m\/mollers\/","https:\/\/mollersomega3.nl\/en\/"],"foundingDate":"1854","areaServed":["GB","IE","US","CA","AU","NZ","NL"],"knowsAbout":["omega-3","cod liver oil","fish oil","DHA","EPA","vitamin D"],"description":"Norwegian premium omega-3 brand since 1854. Cod liver oil and fish oil supplements with omega-3, vitamins A, D and E."}]}},"_links":{"self":[{"href":"https:\/\/mollersomega3.nl\/fr\/wp-json\/wp\/v2\/pages\/1005936","targetHints":{"allow":["GET"]}}],"collection":[{"href":"https:\/\/mollersomega3.nl\/fr\/wp-json\/wp\/v2\/pages"}],"about":[{"href":"https:\/\/mollersomega3.nl\/fr\/wp-json\/wp\/v2\/types\/page"}],"author":[{"embeddable":true,"href":"https:\/\/mollersomega3.nl\/fr\/wp-json\/wp\/v2\/users\/1"}],"replies":[{"embeddable":true,"href":"https:\/\/mollersomega3.nl\/fr\/wp-json\/wp\/v2\/comments?post=1005936"}],"version-history":[{"count":0,"href":"https:\/\/mollersomega3.nl\/fr\/wp-json\/wp\/v2\/pages\/1005936\/revisions"}],"wp:attachment":[{"href":"https:\/\/mollersomega3.nl\/fr\/wp-json\/wp\/v2\/media?parent=1005936"}],"curies":[{"name":"wp","href":"https:\/\/api.w.org\/{rel}","templated":true}]}}