{"id":1005943,"date":"2025-04-24T11:26:06","date_gmt":"2025-04-24T09:26:06","guid":{"rendered":"https:\/\/mollersomega3.nl\/mollers-opte-entierement-pour-lhuile-de-foie-de-morue\/"},"modified":"2026-03-25T11:50:24","modified_gmt":"2026-03-25T10:50:24","slug":"mollers-opte-entierement-pour-lhuile-de-foie-de-morue","status":"publish","type":"page","link":"https:\/\/mollersomega3.nl\/fr\/mollers-opte-entierement-pour-lhuile-de-foie-de-morue\/","title":{"rendered":"M\u00f6ller&#8217;s opte enti\u00e8rement pour l&#8217;huile de foie de morue"},"content":{"rendered":"<p>Depuis 1854, M\u00f6ller&#8217;s Omega-3 est r\u00e9put\u00e9 pour son om\u00e9ga-3 de haute qualit\u00e9 issu de l&#8217;huile de foie de morue. L&#8217;huile de foie de morue est l&#8217;huile de poisson la plus pure avec la plus haute teneur en om\u00e9ga-3 naturel et DHA\/EPA dans la bonne proportion. De plus, l&#8217;huile de foie de morue contient des vitamines A, D et E naturelles.  <\/p><p>M\u00f6ller \u00ab s Omega-3 a acquis une position unique dans le segment de l&#8217;huile de poisson avec l&#8217;huile de foie de morue. Pour renforcer davantage cette position et mettre encore plus l&#8217;accent sur la qualit\u00e9 de l&#8217;huile de foie de morue, nous avons d\u00e9cid\u00e9 de nous concentrer enti\u00e8rement sur l&#8217;huile de foie de morue de haute qualit\u00e9. Cela signifie que nous disons au revoir aux g\u00e9lules d&#8217;huile de poisson (112 pi\u00e8ces). L&#8217;alternative parfaite \u00e0 ce produit est M\u00f6ller \u00bb s Omega-3 G\u00e9lules d&#8217;huile de foie de morue (160 pi\u00e8ces), de l&#8217;huile de foie de morue pure et de haute qualit\u00e9 sous forme de g\u00e9lules.   <\/p><div class=\"wp-block-buttons is-content-justification-center is-layout-flex wp-container-core-buttons-is-layout-16018d1d wp-block-buttons-is-layout-flex\"><div class=\"wp-block-button\"><a class=\"wp-block-button__link has-luminous-vivid-amber-background-color has-background wp-element-button\" href=\"https:\/\/mollersomega3.nl\/en\/product\/mollers-omega-3-cod-liver-oil-capsules\/\">Vers les g\u00e9lules d&#8217;huile de foie de morue<\/a><\/div><\/div>","protected":false},"excerpt":{"rendered":"<p>Depuis 1854, M\u00f6ller&#8217;s Omega-3 est r\u00e9put\u00e9 pour son om\u00e9ga-3 de haute qualit\u00e9 issu de l&#8217;huile de foie de morue. L&#8217;huile de foie de morue est l&#8217;huile de poisson la plus pure avec la plus haute teneur en om\u00e9ga-3 naturel et DHA\/EPA dans la bonne proportion. De plus, l&#8217;huile de foie de morue contient des vitamines [&hellip;]<\/p>\n","protected":false},"author":3328,"featured_media":1007395,"parent":0,"menu_order":0,"comment_status":"closed","ping_status":"closed","template":"","meta":{"_yoast_wpseo_focuskw":"Huile de foie de morue","_yoast_wpseo_title":"%%title%%","_yoast_wpseo_metadesc":"Nous avons d\u00e9cid\u00e9 de nous concentrer enti\u00e8rement sur l'huile de foie de morue de haute qualit\u00e9. C'est pourquoi nous arr\u00eatons les g\u00e9lules d'huile de poisson.","_monsterinsights_skip_tracking":false,"_monsterinsights_sitenote_active":false,"_monsterinsights_sitenote_note":"","_monsterinsights_sitenote_category":0,"footnotes":""},"class_list":["post-1005943","page","type-page","status-publish","has-post-thumbnail","hentry"],"yoast_head":"<!-- This site is optimized with the Yoast SEO Premium plugin v25.1 (Yoast SEO v25.1) - https:\/\/yoast.com\/wordpress\/plugins\/seo\/ -->\n<title>M\u00f6ller&#039;s opte enti\u00e8rement pour l&#039;huile de foie de morue<\/title>\n<meta name=\"description\" content=\"Nous avons d\u00e9cid\u00e9 de nous concentrer enti\u00e8rement sur l&#039;huile de foie de morue de haute qualit\u00e9. C&#039;est pourquoi nous arr\u00eatons les g\u00e9lules d&#039;huile de poisson.\" \/>\n<meta name=\"robots\" content=\"index, follow, max-snippet:-1, max-image-preview:large, max-video-preview:-1\" \/>\n<link rel=\"canonical\" href=\"https:\/\/mollersomega3.nl\/?page_id=1005166\" \/>\n<meta property=\"og:locale\" content=\"fr_FR\" \/>\n<meta property=\"og:type\" content=\"article\" \/>\n<meta property=\"og:title\" content=\"M\u00f6ller&#039;s opte enti\u00e8rement pour l&#039;huile de foie de morue\" \/>\n<meta property=\"og:description\" content=\"Nous avons d\u00e9cid\u00e9 de nous concentrer enti\u00e8rement sur l&#039;huile de foie de morue de haute qualit\u00e9. C&#039;est pourquoi nous arr\u00eatons les g\u00e9lules d&#039;huile de poisson.\" \/>\n<meta property=\"og:url\" content=\"https:\/\/mollersomega3.nl\/?page_id=1005166\" \/>\n<meta property=\"og:site_name\" content=\"M\u00f6llers Omega-3\" \/>\n<meta property=\"article:publisher\" content=\"https:\/\/www.facebook.com\/mollersomega3nl\" \/>\n<meta property=\"article:modified_time\" content=\"2026-03-25T10:50:24+00:00\" \/>\n<meta property=\"og:image\" content=\"https:\/\/mollersomega3.nl\/wp-content\/uploads\/2025\/04\/visoliecaps-uit-assortiment.png\" \/>\n\t<meta property=\"og:image:width\" content=\"1024\" \/>\n\t<meta property=\"og:image:height\" content=\"499\" \/>\n\t<meta property=\"og:image:type\" content=\"image\/png\" \/>\n<meta name=\"twitter:card\" content=\"summary_large_image\" \/>\n<meta name=\"twitter:site\" content=\"@mollersomega3nl\" \/>\n<meta name=\"twitter:label1\" content=\"Est. reading time\" \/>\n\t<meta name=\"twitter:data1\" content=\"1 minute\" \/>\n<script type=\"application\/ld+json\" class=\"yoast-schema-graph\">{\"@context\":\"https:\/\/schema.org\",\"@graph\":[{\"@type\":\"WebPage\",\"@id\":\"https:\/\/mollersomega3.nl\/?page_id=1005166\",\"url\":\"https:\/\/mollersomega3.nl\/?page_id=1005166\",\"name\":\"M\u00f6ller's opte enti\u00e8rement pour l'huile de foie de morue\",\"isPartOf\":{\"@id\":\"https:\/\/mollersomega3.nl\/#website\"},\"primaryImageOfPage\":{\"@id\":\"https:\/\/mollersomega3.nl\/?page_id=1005166#primaryimage\"},\"image\":{\"@id\":\"https:\/\/mollersomega3.nl\/?page_id=1005166#primaryimage\"},\"thumbnailUrl\":\"https:\/\/mollersomega3.nl\/wp-content\/uploads\/2025\/04\/visoliecaps-uit-assortiment.png\",\"datePublished\":\"2025-04-24T09:26:06+00:00\",\"dateModified\":\"2026-03-25T10:50:24+00:00\",\"description\":\"Nous avons d\u00e9cid\u00e9 de nous concentrer enti\u00e8rement sur l'huile de foie de morue de haute qualit\u00e9. C'est pourquoi nous arr\u00eatons les g\u00e9lules d'huile de poisson.\",\"breadcrumb\":{\"@id\":\"https:\/\/mollersomega3.nl\/?page_id=1005166#breadcrumb\"},\"inLanguage\":\"fr-FR\",\"potentialAction\":[{\"@type\":\"ReadAction\",\"target\":[\"https:\/\/mollersomega3.nl\/?page_id=1005166\"]}]},{\"@type\":\"ImageObject\",\"inLanguage\":\"fr-FR\",\"@id\":\"https:\/\/mollersomega3.nl\/?page_id=1005166#primaryimage\",\"url\":\"https:\/\/mollersomega3.nl\/wp-content\/uploads\/2025\/04\/visoliecaps-uit-assortiment.png\",\"contentUrl\":\"https:\/\/mollersomega3.nl\/wp-content\/uploads\/2025\/04\/visoliecaps-uit-assortiment.png\",\"width\":1024,\"height\":499},{\"@type\":\"BreadcrumbList\",\"@id\":\"https:\/\/mollersomega3.nl\/?page_id=1005166#breadcrumb\",\"itemListElement\":[{\"@type\":\"ListItem\",\"position\":1,\"name\":\"Accueil\",\"item\":\"https:\/\/mollersomega3.nl\/fr\/\"},{\"@type\":\"ListItem\",\"position\":2,\"name\":\"M\u00f6ller&#8217;s opte enti\u00e8rement pour l&#8217;huile de foie de morue\"}]},{\"@type\":\"WebSite\",\"@id\":\"https:\/\/mollersomega3.nl\/#website\",\"url\":\"https:\/\/mollersomega3.nl\/\",\"name\":\"M\u00f6llers Omega-3\",\"description\":\"A Spoonful of Life since 1854\",\"publisher\":{\"@id\":\"https:\/\/mollersomega3.nl\/#organization\"},\"potentialAction\":[{\"@type\":\"SearchAction\",\"target\":{\"@type\":\"EntryPoint\",\"urlTemplate\":\"https:\/\/mollersomega3.nl\/?s={search_term_string}\"},\"query-input\":{\"@type\":\"PropertyValueSpecification\",\"valueRequired\":true,\"valueName\":\"search_term_string\"}}],\"inLanguage\":\"fr-FR\"},{\"@type\":\"Organization\",\"@id\":\"https:\/\/mollersomega3.nl\/#organization\",\"name\":\"M\u00f6llers Omega-3\",\"url\":\"https:\/\/mollersomega3.nl\/\",\"logo\":{\"@type\":\"ImageObject\",\"inLanguage\":\"fr-FR\",\"@id\":\"https:\/\/mollersomega3.nl\/#\/schema\/logo\/image\/\",\"url\":\"https:\/\/mollersomega3.nl\/wp-content\/uploads\/2020\/07\/mollers-logo-bestellingen.png\",\"contentUrl\":\"https:\/\/mollersomega3.nl\/wp-content\/uploads\/2020\/07\/mollers-logo-bestellingen.png\",\"width\":250,\"height\":86,\"caption\":\"M\u00f6llers Omega-3\"},\"image\":{\"@id\":\"https:\/\/mollersomega3.nl\/#\/schema\/logo\/image\/\"},\"sameAs\":[\"https:\/\/www.facebook.com\/MollersOmega3NL\",\"https:\/\/www.instagram.com\/mollersomega3nl\/\",\"https:\/\/nl.linkedin.com\/company\/good-life-international\",\"https:\/\/www.bol.com\/nl\/nl\/m\/mollers\/\",\"https:\/\/mollersomega3.nl\/en\/\"],\"foundingDate\":\"1854\",\"areaServed\":[\"GB\",\"IE\",\"US\",\"CA\",\"AU\",\"NZ\",\"NL\"],\"knowsAbout\":[\"omega-3\",\"cod liver oil\",\"fish oil\",\"DHA\",\"EPA\",\"vitamin D\"],\"description\":\"Norwegian premium omega-3 brand since 1854. Cod liver oil and fish oil supplements with omega-3, vitamins A, D and E.\"}]}<\/script>\n<!-- \/ Yoast SEO Premium plugin. -->","yoast_head_json":{"title":"M\u00f6ller's opte enti\u00e8rement pour l'huile de foie de morue","description":"Nous avons d\u00e9cid\u00e9 de nous concentrer enti\u00e8rement sur l'huile de foie de morue de haute qualit\u00e9. C'est pourquoi nous arr\u00eatons les g\u00e9lules d'huile de poisson.","robots":{"index":"index","follow":"follow","max-snippet":"max-snippet:-1","max-image-preview":"max-image-preview:large","max-video-preview":"max-video-preview:-1"},"canonical":"https:\/\/mollersomega3.nl\/?page_id=1005166","og_locale":"fr_FR","og_type":"article","og_title":"M\u00f6ller's opte enti\u00e8rement pour l'huile de foie de morue","og_description":"Nous avons d\u00e9cid\u00e9 de nous concentrer enti\u00e8rement sur l'huile de foie de morue de haute qualit\u00e9. C'est pourquoi nous arr\u00eatons les g\u00e9lules d'huile de poisson.","og_url":"https:\/\/mollersomega3.nl\/?page_id=1005166","og_site_name":"M\u00f6llers Omega-3","article_publisher":"https:\/\/www.facebook.com\/mollersomega3nl","article_modified_time":"2026-03-25T10:50:24+00:00","og_image":[{"width":1024,"height":499,"url":"https:\/\/mollersomega3.nl\/wp-content\/uploads\/2025\/04\/visoliecaps-uit-assortiment.png","type":"image\/png"}],"twitter_card":"summary_large_image","twitter_site":"@mollersomega3nl","twitter_misc":{"Est. reading time":"1 minute"},"schema":{"@context":"https:\/\/schema.org","@graph":[{"@type":"WebPage","@id":"https:\/\/mollersomega3.nl\/?page_id=1005166","url":"https:\/\/mollersomega3.nl\/?page_id=1005166","name":"M\u00f6ller's opte enti\u00e8rement pour l'huile de foie de morue","isPartOf":{"@id":"https:\/\/mollersomega3.nl\/#website"},"primaryImageOfPage":{"@id":"https:\/\/mollersomega3.nl\/?page_id=1005166#primaryimage"},"image":{"@id":"https:\/\/mollersomega3.nl\/?page_id=1005166#primaryimage"},"thumbnailUrl":"https:\/\/mollersomega3.nl\/wp-content\/uploads\/2025\/04\/visoliecaps-uit-assortiment.png","datePublished":"2025-04-24T09:26:06+00:00","dateModified":"2026-03-25T10:50:24+00:00","description":"Nous avons d\u00e9cid\u00e9 de nous concentrer enti\u00e8rement sur l'huile de foie de morue de haute qualit\u00e9. C'est pourquoi nous arr\u00eatons les g\u00e9lules d'huile de poisson.","breadcrumb":{"@id":"https:\/\/mollersomega3.nl\/?page_id=1005166#breadcrumb"},"inLanguage":"fr-FR","potentialAction":[{"@type":"ReadAction","target":["https:\/\/mollersomega3.nl\/?page_id=1005166"]}]},{"@type":"ImageObject","inLanguage":"fr-FR","@id":"https:\/\/mollersomega3.nl\/?page_id=1005166#primaryimage","url":"https:\/\/mollersomega3.nl\/wp-content\/uploads\/2025\/04\/visoliecaps-uit-assortiment.png","contentUrl":"https:\/\/mollersomega3.nl\/wp-content\/uploads\/2025\/04\/visoliecaps-uit-assortiment.png","width":1024,"height":499},{"@type":"BreadcrumbList","@id":"https:\/\/mollersomega3.nl\/?page_id=1005166#breadcrumb","itemListElement":[{"@type":"ListItem","position":1,"name":"Accueil","item":"https:\/\/mollersomega3.nl\/fr\/"},{"@type":"ListItem","position":2,"name":"M\u00f6ller&#8217;s opte enti\u00e8rement pour l&#8217;huile de foie de morue"}]},{"@type":"WebSite","@id":"https:\/\/mollersomega3.nl\/#website","url":"https:\/\/mollersomega3.nl\/","name":"M\u00f6llers Omega-3","description":"A Spoonful of Life since 1854","publisher":{"@id":"https:\/\/mollersomega3.nl\/#organization"},"potentialAction":[{"@type":"SearchAction","target":{"@type":"EntryPoint","urlTemplate":"https:\/\/mollersomega3.nl\/?s={search_term_string}"},"query-input":{"@type":"PropertyValueSpecification","valueRequired":true,"valueName":"search_term_string"}}],"inLanguage":"fr-FR"},{"@type":"Organization","@id":"https:\/\/mollersomega3.nl\/#organization","name":"M\u00f6llers Omega-3","url":"https:\/\/mollersomega3.nl\/","logo":{"@type":"ImageObject","inLanguage":"fr-FR","@id":"https:\/\/mollersomega3.nl\/#\/schema\/logo\/image\/","url":"https:\/\/mollersomega3.nl\/wp-content\/uploads\/2020\/07\/mollers-logo-bestellingen.png","contentUrl":"https:\/\/mollersomega3.nl\/wp-content\/uploads\/2020\/07\/mollers-logo-bestellingen.png","width":250,"height":86,"caption":"M\u00f6llers Omega-3"},"image":{"@id":"https:\/\/mollersomega3.nl\/#\/schema\/logo\/image\/"},"sameAs":["https:\/\/www.facebook.com\/MollersOmega3NL","https:\/\/www.instagram.com\/mollersomega3nl\/","https:\/\/nl.linkedin.com\/company\/good-life-international","https:\/\/www.bol.com\/nl\/nl\/m\/mollers\/","https:\/\/mollersomega3.nl\/en\/"],"foundingDate":"1854","areaServed":["GB","IE","US","CA","AU","NZ","NL"],"knowsAbout":["omega-3","cod liver oil","fish oil","DHA","EPA","vitamin D"],"description":"Norwegian premium omega-3 brand since 1854. Cod liver oil and fish oil supplements with omega-3, vitamins A, D and E."}]}},"_links":{"self":[{"href":"https:\/\/mollersomega3.nl\/fr\/wp-json\/wp\/v2\/pages\/1005943","targetHints":{"allow":["GET"]}}],"collection":[{"href":"https:\/\/mollersomega3.nl\/fr\/wp-json\/wp\/v2\/pages"}],"about":[{"href":"https:\/\/mollersomega3.nl\/fr\/wp-json\/wp\/v2\/types\/page"}],"author":[{"embeddable":true,"href":"https:\/\/mollersomega3.nl\/fr\/wp-json\/wp\/v2\/users\/3328"}],"replies":[{"embeddable":true,"href":"https:\/\/mollersomega3.nl\/fr\/wp-json\/wp\/v2\/comments?post=1005943"}],"version-history":[{"count":0,"href":"https:\/\/mollersomega3.nl\/fr\/wp-json\/wp\/v2\/pages\/1005943\/revisions"}],"wp:featuredmedia":[{"embeddable":true,"href":"https:\/\/mollersomega3.nl\/fr\/wp-json\/wp\/v2\/media\/1007395"}],"wp:attachment":[{"href":"https:\/\/mollersomega3.nl\/fr\/wp-json\/wp\/v2\/media?parent=1005943"}],"curies":[{"name":"wp","href":"https:\/\/api.w.org\/{rel}","templated":true}]}}