{"id":1005974,"date":"2024-07-16T14:46:24","date_gmt":"2024-07-16T12:46:24","guid":{"rendered":"https:\/\/mollersomega3.nl\/offres-actuelles-de-mollers-omega-3\/"},"modified":"2025-07-04T09:15:50","modified_gmt":"2025-07-04T07:15:50","slug":"offres-actuelles-de-mollers-omega-3","status":"publish","type":"page","link":"https:\/\/mollersomega3.nl\/fr\/offres-actuelles-de-mollers-omega-3\/","title":{"rendered":"Offres actuelles de M\u00f6ller&#8217;s Omega-3"},"content":{"rendered":"<p>Gardez un \u0153il sur cette page pour les offres actuelles de M\u00f6ller&#8217;s Omega-3. <\/p><div style=\"height:20px\" aria-hidden=\"true\" class=\"wp-block-spacer\"><\/div><h2 class=\"wp-block-heading has-text-align-center\" id=\"h-huidige-aanbieding-en\"><strong>Offre(s) actuelle(s)<\/strong><\/h2><div style=\"height:20px\" aria-hidden=\"true\" class=\"wp-block-spacer\"><\/div><div class=\"wp-block-media-text alignwide is-stacked-on-mobile\" style=\"grid-template-columns:25% auto\"><figure class=\"wp-block-media-text__media\"><a href=\"https:\/\/www.kruidvat.nl\/mollers\/b\/MOLLER\" target=\"_blank\" rel=\"noreferrer noopener\"><img decoding=\"async\" width=\"250\" height=\"250\" src=\"https:\/\/mollersomega3.nl\/wp-content\/uploads\/2024\/07\/Kruidvat-vierkant.jpg\" alt=\"\" class=\"wp-image-1003026 size-full\" srcset=\"https:\/\/mollersomega3.nl\/wp-content\/uploads\/2024\/07\/Kruidvat-vierkant.jpg 250w, https:\/\/mollersomega3.nl\/wp-content\/uploads\/2024\/07\/Kruidvat-vierkant-100x100.jpg 100w\" sizes=\"(max-width: 250px) 100vw, 250px\" \/><\/a><\/figure><div class=\"wp-block-media-text__content\"><h3 class=\"wp-block-heading\" id=\"h-nu-25-korting-bij-kruidvat\">Maintenant 25 % de r\u00e9duction chez Kruidvat<\/h3>\n\n<p>Offre valable jusqu&#8217;au 6 juillet 2025<\/p>\n\n<p><strong>Achetez maintenant :<\/strong> <a href=\"https:\/\/www.kruidvat.nl\/mollers\/b\/MOLLER\" target=\"_blank\" rel=\"noreferrer noopener nofollow\">Aller \u00e0 la boutique en ligne<\/a><\/p><\/div><\/div><div style=\"height:20px\" aria-hidden=\"true\" class=\"wp-block-spacer\"><\/div><div class=\"wp-block-media-text alignwide is-stacked-on-mobile\" style=\"grid-template-columns:25% auto\"><figure class=\"wp-block-media-text__media\"><a href=\"https:\/\/www.gezondheidswinkel.nl\/m\/mollers\" target=\"_blank\" rel=\"noreferrer noopener\"><img decoding=\"async\" width=\"250\" height=\"250\" src=\"https:\/\/mollersomega3.nl\/wp-content\/uploads\/2024\/07\/GW.jpg\" alt=\"\" class=\"wp-image-1003032 size-full\" srcset=\"https:\/\/mollersomega3.nl\/wp-content\/uploads\/2024\/07\/GW.jpg 250w, https:\/\/mollersomega3.nl\/wp-content\/uploads\/2024\/07\/GW-100x100.jpg 100w\" sizes=\"(max-width: 250px) 100vw, 250px\" \/><\/a><\/figure><div class=\"wp-block-media-text__content\"><h3 class=\"wp-block-heading\" id=\"h-nu-25-korting-bij-g-amp-w-gezondheidswinkel\">Maintenant 25 % de r\u00e9duction chez G Gezondheidswinkel<\/h3>\n\n<p>Offre valable jusqu&#8217;au 27 juillet 2025<\/p>\n\n<p><strong>Achetez maintenant :<\/strong> <a href=\"https:\/\/www.gezondheidswinkel.nl\/m\/mollers\" target=\"_blank\" rel=\"noreferrer noopener nofollow\">Aller \u00e0 la boutique en ligne<\/a><\/p><\/div><\/div><div style=\"height:20px\" aria-hidden=\"true\" class=\"wp-block-spacer\"><\/div><div style=\"height:0px\" aria-hidden=\"true\" class=\"wp-block-spacer\"><\/div><div class=\"wp-block-media-text alignwide is-stacked-on-mobile\" style=\"grid-template-columns:25% auto\"><figure class=\"wp-block-media-text__media\"><a href=\"https:\/\/mollersomega3.nl\/producten\/\"><img decoding=\"async\" width=\"250\" height=\"250\" src=\"https:\/\/mollersomega3.nl\/wp-content\/uploads\/2024\/07\/Mollers-logo-1.jpg\" alt=\"\" class=\"wp-image-1003049 size-full\" srcset=\"https:\/\/mollersomega3.nl\/wp-content\/uploads\/2024\/07\/Mollers-logo-1.jpg 250w, https:\/\/mollersomega3.nl\/wp-content\/uploads\/2024\/07\/Mollers-logo-1-100x100.jpg 100w\" sizes=\"(max-width: 250px) 100vw, 250px\" \/><\/a><\/figure><div class=\"wp-block-media-text__content\"><h3 class=\"wp-block-heading\" id=\"h-moller-s-omega-3-webshop\">Boutique en ligne M\u00f6ller&#8217;s Omega-3<strong> <\/strong><\/h3>\n\n<p><strong>Offre :<\/strong> <br\/>15 % de r\u00e9duction sur toute la gamme, \u00e0 l&#8217;achat de 2 produits. <br\/>20 % de r\u00e9duction sur toute la gamme, \u00e0 l&#8217;achat de 3+ produits. <\/p>\n\n<p><em>Articles sold\u00e9s exclus. <\/em><\/p>\n\n<p><strong>Acheter :<\/strong> <a href=\"https:\/\/mollersomega3.nl\/producten\/\">Aller \u00e0 la boutique en ligne<\/a> <\/p><\/div><\/div><div style=\"height:20px\" aria-hidden=\"true\" class=\"wp-block-spacer\"><\/div><div style=\"height:20px\" aria-hidden=\"true\" class=\"wp-block-spacer\"><\/div><h2 class=\"wp-block-heading has-text-align-center\" id=\"h-waar-te-koop\"><strong>O\u00f9 acheter<\/strong> <\/h2><div style=\"height:20px\" aria-hidden=\"true\" class=\"wp-block-spacer\"><\/div><div class=\"wp-block-media-text alignwide is-stacked-on-mobile\" style=\"grid-template-columns:25% auto\"><figure class=\"wp-block-media-text__media\"><a href=\"https:\/\/www.kruidvat.nl\/mollers\/b\/MOLLER\" target=\"_blank\" rel=\"noreferrer noopener\"><img decoding=\"async\" width=\"250\" height=\"250\" src=\"https:\/\/mollersomega3.nl\/wp-content\/uploads\/2024\/07\/Kruidvat-vierkant.jpg\" alt=\"\" class=\"wp-image-1003026 size-full\" srcset=\"https:\/\/mollersomega3.nl\/wp-content\/uploads\/2024\/07\/Kruidvat-vierkant.jpg 250w, https:\/\/mollersomega3.nl\/wp-content\/uploads\/2024\/07\/Kruidvat-vierkant-100x100.jpg 100w\" sizes=\"(max-width: 250px) 100vw, 250px\" \/><\/a><\/figure><div class=\"wp-block-media-text__content\"><h3 class=\"wp-block-heading\" id=\"h-kruidvat\">Kruidvat<\/h3>\n\n<p><\/p>\n\n<p><strong>Acheter :<\/strong> <a href=\"https:\/\/www.kruidvat.nl\/mollers\/b\/MOLLER\" target=\"_blank\" rel=\"noreferrer noopener nofollow\">Aller \u00e0 la boutique en ligne<\/a> <\/p><\/div><\/div><div style=\"height:20px\" aria-hidden=\"true\" class=\"wp-block-spacer\"><\/div><div class=\"wp-block-media-text alignwide is-stacked-on-mobile\" style=\"grid-template-columns:25% auto\"><figure class=\"wp-block-media-text__media\"><a href=\"https:\/\/www.etos.nl\/vitamines-mineralen-en-supplementen\/supplementen\/visolie-omega-3\/moller%E2%80%99s\/\" target=\"_blank\" rel=\"noreferrer noopener\"><img decoding=\"async\" width=\"250\" height=\"250\" src=\"https:\/\/mollersomega3.nl\/wp-content\/uploads\/2024\/07\/ETos.jpg\" alt=\"\" class=\"wp-image-1003028 size-full\" srcset=\"https:\/\/mollersomega3.nl\/wp-content\/uploads\/2024\/07\/ETos.jpg 250w, https:\/\/mollersomega3.nl\/wp-content\/uploads\/2024\/07\/ETos-100x100.jpg 100w\" sizes=\"(max-width: 250px) 100vw, 250px\" \/><\/a><\/figure><div class=\"wp-block-media-text__content\"><h3 class=\"wp-block-heading\" id=\"h-etos\">Etos<\/h3>\n\n<p><\/p>\n\n<p><strong>Acheter :<\/strong> <a href=\"https:\/\/www.etos.nl\/vitamines-mineralen-en-supplementen\/supplementen\/visolie-omega-3\/moller%E2%80%99s\/\" target=\"_blank\" rel=\"noreferrer noopener nofollow\">Aller \u00e0 la boutique en ligne<\/a> <\/p><\/div><\/div><div style=\"height:20px\" aria-hidden=\"true\" class=\"wp-block-spacer\"><\/div><div class=\"wp-block-media-text alignwide is-stacked-on-mobile\" style=\"grid-template-columns:25% auto\"><figure class=\"wp-block-media-text__media\"><a href=\"https:\/\/www.vitaminstore.nl\/merk\/mollers\" target=\"_blank\" rel=\"noreferrer noopener\"><img decoding=\"async\" width=\"250\" height=\"250\" src=\"https:\/\/mollersomega3.nl\/wp-content\/uploads\/2024\/07\/Vitamin-store.jpg\" alt=\"\" class=\"wp-image-1003030 size-full\" srcset=\"https:\/\/mollersomega3.nl\/wp-content\/uploads\/2024\/07\/Vitamin-store.jpg 250w, https:\/\/mollersomega3.nl\/wp-content\/uploads\/2024\/07\/Vitamin-store-100x100.jpg 100w\" sizes=\"(max-width: 250px) 100vw, 250px\" \/><\/a><\/figure><div class=\"wp-block-media-text__content\"><h3 class=\"wp-block-heading\" id=\"h-vitaminstore\">Vitaminstore<\/h3>\n\n<p><\/p>\n\n<p><strong>Acheter :<\/strong> <a href=\"https:\/\/www.vitaminstore.nl\/merk\/mollers\" target=\"_blank\" rel=\"noreferrer noopener nofollow\">Aller \u00e0 la boutique en ligne<\/a><\/p><\/div><\/div><div style=\"height:20px\" aria-hidden=\"true\" class=\"wp-block-spacer\"><\/div><div class=\"wp-block-media-text alignwide is-stacked-on-mobile\" style=\"grid-template-columns:25% auto\"><figure class=\"wp-block-media-text__media\"><a href=\"https:\/\/www.gezondheidswinkel.nl\/m\/mollers\" target=\"_blank\" rel=\"noreferrer noopener\"><img decoding=\"async\" width=\"250\" height=\"250\" src=\"https:\/\/mollersomega3.nl\/wp-content\/uploads\/2024\/07\/GW.jpg\" alt=\"\" class=\"wp-image-1003032 size-full\" srcset=\"https:\/\/mollersomega3.nl\/wp-content\/uploads\/2024\/07\/GW.jpg 250w, https:\/\/mollersomega3.nl\/wp-content\/uploads\/2024\/07\/GW-100x100.jpg 100w\" sizes=\"(max-width: 250px) 100vw, 250px\" \/><\/a><\/figure><div class=\"wp-block-media-text__content\"><h3 class=\"wp-block-heading\" id=\"h-g-amp-w-gezondheidswinkel\">G Gezondheidswinkel<\/h3>\n\n<p><\/p>\n\n<p><strong>Acheter :<\/strong> <a href=\"https:\/\/www.gezondheidswinkel.nl\/m\/mollers\" target=\"_blank\" rel=\"noreferrer noopener nofollow\">Aller \u00e0 la boutique en ligne<\/a><\/p><\/div><\/div><div style=\"height:20px\" aria-hidden=\"true\" class=\"wp-block-spacer\"><\/div><div class=\"wp-block-media-text alignwide is-stacked-on-mobile\" style=\"grid-template-columns:25% auto\"><figure class=\"wp-block-media-text__media\"><a href=\"https:\/\/www.hollandandbarrett.nl\/shop\/brands\/moller-s\/\"><img decoding=\"async\" width=\"250\" height=\"250\" src=\"https:\/\/mollersomega3.nl\/wp-content\/uploads\/2024\/07\/HB.jpg\" alt=\"\" class=\"wp-image-1003021 size-full\" srcset=\"https:\/\/mollersomega3.nl\/wp-content\/uploads\/2024\/07\/HB.jpg 250w, https:\/\/mollersomega3.nl\/wp-content\/uploads\/2024\/07\/HB-100x100.jpg 100w\" sizes=\"(max-width: 250px) 100vw, 250px\" \/><\/a><\/figure><div class=\"wp-block-media-text__content\"><h3 class=\"wp-block-heading\" id=\"h-holland-amp-barrett\">Holland  Barrett <\/h3>\n\n<p><\/p>\n\n<p><strong>Acheter :<\/strong> <a href=\"https:\/\/www.hollandandbarrett.nl\/shop\/brands\/moller-s\/\" target=\"_blank\" rel=\"noreferrer noopener nofollow\">Aller \u00e0 la boutique en ligne<\/a> <\/p><\/div><\/div><div style=\"height:20px\" aria-hidden=\"true\" class=\"wp-block-spacer\"><\/div><div class=\"wp-block-media-text alignwide is-stacked-on-mobile\" style=\"grid-template-columns:25% auto\"><figure class=\"wp-block-media-text__media\"><a href=\"https:\/\/www.erica.nl\/Zoek?q=mollers\" target=\"_blank\" rel=\"noreferrer noopener\"><img decoding=\"async\" width=\"250\" height=\"250\" src=\"https:\/\/mollersomega3.nl\/wp-content\/uploads\/2024\/07\/ERica.jpg\" alt=\"\" class=\"wp-image-1003035 size-full\" srcset=\"https:\/\/mollersomega3.nl\/wp-content\/uploads\/2024\/07\/ERica.jpg 250w, https:\/\/mollersomega3.nl\/wp-content\/uploads\/2024\/07\/ERica-100x100.jpg 100w\" sizes=\"(max-width: 250px) 100vw, 250px\" \/><\/a><\/figure><div class=\"wp-block-media-text__content\"><h3 class=\"wp-block-heading\" id=\"h-erica-kruiderijen\">Erica Kruiderijen<\/h3>\n\n<p><\/p>\n\n<p><strong>Acheter :<\/strong> <a href=\"https:\/\/www.erica.nl\/Zoek?q=mollers\" target=\"_blank\" rel=\"noreferrer noopener nofollow\">Aller \u00e0 la boutique en ligne<\/a><\/p><\/div><\/div><div style=\"height:20px\" aria-hidden=\"true\" class=\"wp-block-spacer\"><\/div><div class=\"wp-block-media-text alignwide is-stacked-on-mobile\" style=\"grid-template-columns:25% auto\"><figure class=\"wp-block-media-text__media\"><a href=\"https:\/\/www.leef.nl\/#sqr:(q[M%C3%B6ller],f194379[Mollers])\" target=\"_blank\" rel=\"noreferrer noopener\"><img decoding=\"async\" width=\"250\" height=\"250\" src=\"https:\/\/mollersomega3.nl\/wp-content\/uploads\/2024\/07\/bewustwinkelen-1.jpg\" alt=\"\" class=\"wp-image-1003037 size-full\" srcset=\"https:\/\/mollersomega3.nl\/wp-content\/uploads\/2024\/07\/bewustwinkelen-1.jpg 250w, https:\/\/mollersomega3.nl\/wp-content\/uploads\/2024\/07\/bewustwinkelen-1-100x100.jpg 100w\" sizes=\"(max-width: 250px) 100vw, 250px\" \/><\/a><\/figure><div class=\"wp-block-media-text__content\"><h3 class=\"wp-block-heading\" id=\"h-leef-nl\">Leef.nl<\/h3>\n\n<p><\/p>\n\n<p><strong>Acheter :<\/strong> <a href=\"https:\/\/www.leef.nl\/#sqr:(q%5BM%C3%B6ller%5D,f194379%5BMollers%5D)\" target=\"_blank\" rel=\"noreferrer noopener nofollow\">Aller \u00e0 la boutique en ligne<\/a><\/p><\/div><\/div><div style=\"height:20px\" aria-hidden=\"true\" class=\"wp-block-spacer\"><\/div><div class=\"wp-block-media-text alignwide is-stacked-on-mobile\" style=\"grid-template-columns:25% auto\"><figure class=\"wp-block-media-text__media\"><a href=\"https:\/\/www.ekoplaza.nl\/nl\/zoeken\/M%C3%B6ller's?merk=MOLLERS\" target=\"_blank\" rel=\"noreferrer noopener\"><img decoding=\"async\" width=\"250\" height=\"250\" src=\"https:\/\/mollersomega3.nl\/wp-content\/uploads\/2024\/07\/Ekoplaza.jpg\" alt=\"\" class=\"wp-image-1003038 size-full\" srcset=\"https:\/\/mollersomega3.nl\/wp-content\/uploads\/2024\/07\/Ekoplaza.jpg 250w, https:\/\/mollersomega3.nl\/wp-content\/uploads\/2024\/07\/Ekoplaza-100x100.jpg 100w\" sizes=\"(max-width: 250px) 100vw, 250px\" \/><\/a><\/figure><div class=\"wp-block-media-text__content\"><h3 class=\"wp-block-heading\" id=\"h-ekoplaza\">Ekoplaza<\/h3>\n\n<p><\/p>\n\n<p><strong>Acheter :<\/strong> <a href=\"https:\/\/www.ekoplaza.nl\/nl\/zoeken\/M%C3%B6ller's?merk=MOLLERS\" target=\"_blank\" rel=\"noreferrer noopener nofollow\">Aller \u00e0 la boutique en ligne<\/a><\/p><\/div><\/div>","protected":false},"excerpt":{"rendered":"<p>Gardez un \u0153il sur cette page pour les offres actuelles de M\u00f6ller&#8217;s Omega-3. Offre(s) actuelle(s) Maintenant 25 % de r\u00e9duction chez Kruidvat Offre valable jusqu&#8217;au 6 juillet 2025 Achetez maintenant : Aller \u00e0 la boutique en ligne Maintenant 25 % de r\u00e9duction chez G Gezondheidswinkel Offre valable jusqu&#8217;au 27 juillet 2025 Achetez maintenant : Aller [&hellip;]<\/p>\n","protected":false},"author":3328,"featured_media":0,"parent":0,"menu_order":0,"comment_status":"closed","ping_status":"closed","template":"","meta":{"_yoast_wpseo_focuskw":"Offres M\u00f6ller's","_yoast_wpseo_title":"Actuel %%title%% %%page%%","_yoast_wpseo_metadesc":"Gardez un \u0153il sur cette page pour toutes les offres actuelles de M\u00f6ller's. Aussi bien en ligne que chez votre pharmacien local !","_monsterinsights_skip_tracking":false,"_monsterinsights_sitenote_active":false,"_monsterinsights_sitenote_note":"","_monsterinsights_sitenote_category":0,"footnotes":""},"class_list":["post-1005974","page","type-page","status-publish","hentry"],"yoast_head":"<!-- This site is optimized with the Yoast SEO Premium plugin v25.1 (Yoast SEO v25.1) - https:\/\/yoast.com\/wordpress\/plugins\/seo\/ -->\n<title>Actuel Offres actuelles de M\u00f6ller&#039;s Omega-3<\/title>\n<meta name=\"description\" content=\"Gardez un \u0153il sur cette page pour toutes les offres actuelles de M\u00f6ller&#039;s. Aussi bien en ligne que chez votre pharmacien local !\" \/>\n<meta name=\"robots\" content=\"index, follow, max-snippet:-1, max-image-preview:large, max-video-preview:-1\" \/>\n<link rel=\"canonical\" href=\"https:\/\/mollersomega3.nl\/aanbiedingen\/\" \/>\n<meta property=\"og:locale\" content=\"fr_FR\" \/>\n<meta property=\"og:type\" content=\"article\" \/>\n<meta property=\"og:title\" content=\"Offres actuelles de M\u00f6ller&#039;s Omega-3\" \/>\n<meta property=\"og:description\" content=\"Gardez un \u0153il sur cette page pour toutes les offres actuelles de M\u00f6ller&#039;s. Aussi bien en ligne que chez votre pharmacien local !\" \/>\n<meta property=\"og:url\" content=\"https:\/\/mollersomega3.nl\/aanbiedingen\/\" \/>\n<meta property=\"og:site_name\" content=\"M\u00f6llers Omega-3\" \/>\n<meta property=\"article:publisher\" content=\"https:\/\/www.facebook.com\/mollersomega3nl\" \/>\n<meta property=\"article:modified_time\" content=\"2025-07-04T07:15:50+00:00\" \/>\n<meta property=\"og:image\" content=\"https:\/\/mollersomega3.nl\/wp-content\/uploads\/2024\/07\/Kruidvat-vierkant.jpg\" \/>\n<meta name=\"twitter:card\" content=\"summary_large_image\" \/>\n<meta name=\"twitter:site\" content=\"@mollersomega3nl\" \/>\n<meta name=\"twitter:label1\" content=\"Est. reading time\" \/>\n\t<meta name=\"twitter:data1\" content=\"1 minute\" \/>\n<script type=\"application\/ld+json\" class=\"yoast-schema-graph\">{\"@context\":\"https:\/\/schema.org\",\"@graph\":[{\"@type\":\"WebPage\",\"@id\":\"https:\/\/mollersomega3.nl\/aanbiedingen\/\",\"url\":\"https:\/\/mollersomega3.nl\/aanbiedingen\/\",\"name\":\"Actuel Offres actuelles de M\u00f6ller's Omega-3\",\"isPartOf\":{\"@id\":\"https:\/\/mollersomega3.nl\/#website\"},\"primaryImageOfPage\":{\"@id\":\"https:\/\/mollersomega3.nl\/aanbiedingen\/#primaryimage\"},\"image\":{\"@id\":\"https:\/\/mollersomega3.nl\/aanbiedingen\/#primaryimage\"},\"thumbnailUrl\":\"https:\/\/mollersomega3.nl\/wp-content\/uploads\/2024\/07\/Kruidvat-vierkant.jpg\",\"datePublished\":\"2024-07-16T12:46:24+00:00\",\"dateModified\":\"2025-07-04T07:15:50+00:00\",\"description\":\"Gardez un \u0153il sur cette page pour toutes les offres actuelles de M\u00f6ller's. Aussi bien en ligne que chez votre pharmacien local !\",\"breadcrumb\":{\"@id\":\"https:\/\/mollersomega3.nl\/aanbiedingen\/#breadcrumb\"},\"inLanguage\":\"fr-FR\",\"potentialAction\":[{\"@type\":\"ReadAction\",\"target\":[\"https:\/\/mollersomega3.nl\/aanbiedingen\/\"]}]},{\"@type\":\"ImageObject\",\"inLanguage\":\"fr-FR\",\"@id\":\"https:\/\/mollersomega3.nl\/aanbiedingen\/#primaryimage\",\"url\":\"https:\/\/mollersomega3.nl\/wp-content\/uploads\/2024\/07\/Kruidvat-vierkant.jpg\",\"contentUrl\":\"https:\/\/mollersomega3.nl\/wp-content\/uploads\/2024\/07\/Kruidvat-vierkant.jpg\"},{\"@type\":\"BreadcrumbList\",\"@id\":\"https:\/\/mollersomega3.nl\/aanbiedingen\/#breadcrumb\",\"itemListElement\":[{\"@type\":\"ListItem\",\"position\":1,\"name\":\"Accueil\",\"item\":\"https:\/\/mollersomega3.nl\/fr\/\"},{\"@type\":\"ListItem\",\"position\":2,\"name\":\"Offres actuelles de M\u00f6ller&#8217;s Omega-3\"}]},{\"@type\":\"WebSite\",\"@id\":\"https:\/\/mollersomega3.nl\/#website\",\"url\":\"https:\/\/mollersomega3.nl\/\",\"name\":\"M\u00f6llers Omega-3\",\"description\":\"A Spoonful of Life since 1854\",\"publisher\":{\"@id\":\"https:\/\/mollersomega3.nl\/#organization\"},\"potentialAction\":[{\"@type\":\"SearchAction\",\"target\":{\"@type\":\"EntryPoint\",\"urlTemplate\":\"https:\/\/mollersomega3.nl\/?s={search_term_string}\"},\"query-input\":{\"@type\":\"PropertyValueSpecification\",\"valueRequired\":true,\"valueName\":\"search_term_string\"}}],\"inLanguage\":\"fr-FR\"},{\"@type\":\"Organization\",\"@id\":\"https:\/\/mollersomega3.nl\/#organization\",\"name\":\"M\u00f6llers Omega-3\",\"url\":\"https:\/\/mollersomega3.nl\/\",\"logo\":{\"@type\":\"ImageObject\",\"inLanguage\":\"fr-FR\",\"@id\":\"https:\/\/mollersomega3.nl\/#\/schema\/logo\/image\/\",\"url\":\"https:\/\/mollersomega3.nl\/wp-content\/uploads\/2020\/07\/mollers-logo-bestellingen.png\",\"contentUrl\":\"https:\/\/mollersomega3.nl\/wp-content\/uploads\/2020\/07\/mollers-logo-bestellingen.png\",\"width\":250,\"height\":86,\"caption\":\"M\u00f6llers Omega-3\"},\"image\":{\"@id\":\"https:\/\/mollersomega3.nl\/#\/schema\/logo\/image\/\"},\"sameAs\":[\"https:\/\/www.facebook.com\/MollersOmega3NL\",\"https:\/\/www.instagram.com\/mollersomega3nl\/\",\"https:\/\/nl.linkedin.com\/company\/good-life-international\",\"https:\/\/www.bol.com\/nl\/nl\/m\/mollers\/\",\"https:\/\/mollersomega3.nl\/en\/\"],\"foundingDate\":\"1854\",\"areaServed\":[\"GB\",\"IE\",\"US\",\"CA\",\"AU\",\"NZ\",\"NL\"],\"knowsAbout\":[\"omega-3\",\"cod liver oil\",\"fish oil\",\"DHA\",\"EPA\",\"vitamin D\"],\"description\":\"Norwegian premium omega-3 brand since 1854. Cod liver oil and fish oil supplements with omega-3, vitamins A, D and E.\"}]}<\/script>\n<!-- \/ Yoast SEO Premium plugin. -->","yoast_head_json":{"title":"Actuel Offres actuelles de M\u00f6ller's Omega-3","description":"Gardez un \u0153il sur cette page pour toutes les offres actuelles de M\u00f6ller's. Aussi bien en ligne que chez votre pharmacien local !","robots":{"index":"index","follow":"follow","max-snippet":"max-snippet:-1","max-image-preview":"max-image-preview:large","max-video-preview":"max-video-preview:-1"},"canonical":"https:\/\/mollersomega3.nl\/aanbiedingen\/","og_locale":"fr_FR","og_type":"article","og_title":"Offres actuelles de M\u00f6ller's Omega-3","og_description":"Gardez un \u0153il sur cette page pour toutes les offres actuelles de M\u00f6ller's. Aussi bien en ligne que chez votre pharmacien local !","og_url":"https:\/\/mollersomega3.nl\/aanbiedingen\/","og_site_name":"M\u00f6llers Omega-3","article_publisher":"https:\/\/www.facebook.com\/mollersomega3nl","article_modified_time":"2025-07-04T07:15:50+00:00","og_image":[{"url":"https:\/\/mollersomega3.nl\/wp-content\/uploads\/2024\/07\/Kruidvat-vierkant.jpg","type":"","width":"","height":""}],"twitter_card":"summary_large_image","twitter_site":"@mollersomega3nl","twitter_misc":{"Est. reading time":"1 minute"},"schema":{"@context":"https:\/\/schema.org","@graph":[{"@type":"WebPage","@id":"https:\/\/mollersomega3.nl\/aanbiedingen\/","url":"https:\/\/mollersomega3.nl\/aanbiedingen\/","name":"Actuel Offres actuelles de M\u00f6ller's Omega-3","isPartOf":{"@id":"https:\/\/mollersomega3.nl\/#website"},"primaryImageOfPage":{"@id":"https:\/\/mollersomega3.nl\/aanbiedingen\/#primaryimage"},"image":{"@id":"https:\/\/mollersomega3.nl\/aanbiedingen\/#primaryimage"},"thumbnailUrl":"https:\/\/mollersomega3.nl\/wp-content\/uploads\/2024\/07\/Kruidvat-vierkant.jpg","datePublished":"2024-07-16T12:46:24+00:00","dateModified":"2025-07-04T07:15:50+00:00","description":"Gardez un \u0153il sur cette page pour toutes les offres actuelles de M\u00f6ller's. Aussi bien en ligne que chez votre pharmacien local !","breadcrumb":{"@id":"https:\/\/mollersomega3.nl\/aanbiedingen\/#breadcrumb"},"inLanguage":"fr-FR","potentialAction":[{"@type":"ReadAction","target":["https:\/\/mollersomega3.nl\/aanbiedingen\/"]}]},{"@type":"ImageObject","inLanguage":"fr-FR","@id":"https:\/\/mollersomega3.nl\/aanbiedingen\/#primaryimage","url":"https:\/\/mollersomega3.nl\/wp-content\/uploads\/2024\/07\/Kruidvat-vierkant.jpg","contentUrl":"https:\/\/mollersomega3.nl\/wp-content\/uploads\/2024\/07\/Kruidvat-vierkant.jpg"},{"@type":"BreadcrumbList","@id":"https:\/\/mollersomega3.nl\/aanbiedingen\/#breadcrumb","itemListElement":[{"@type":"ListItem","position":1,"name":"Accueil","item":"https:\/\/mollersomega3.nl\/fr\/"},{"@type":"ListItem","position":2,"name":"Offres actuelles de M\u00f6ller&#8217;s Omega-3"}]},{"@type":"WebSite","@id":"https:\/\/mollersomega3.nl\/#website","url":"https:\/\/mollersomega3.nl\/","name":"M\u00f6llers Omega-3","description":"A Spoonful of Life since 1854","publisher":{"@id":"https:\/\/mollersomega3.nl\/#organization"},"potentialAction":[{"@type":"SearchAction","target":{"@type":"EntryPoint","urlTemplate":"https:\/\/mollersomega3.nl\/?s={search_term_string}"},"query-input":{"@type":"PropertyValueSpecification","valueRequired":true,"valueName":"search_term_string"}}],"inLanguage":"fr-FR"},{"@type":"Organization","@id":"https:\/\/mollersomega3.nl\/#organization","name":"M\u00f6llers Omega-3","url":"https:\/\/mollersomega3.nl\/","logo":{"@type":"ImageObject","inLanguage":"fr-FR","@id":"https:\/\/mollersomega3.nl\/#\/schema\/logo\/image\/","url":"https:\/\/mollersomega3.nl\/wp-content\/uploads\/2020\/07\/mollers-logo-bestellingen.png","contentUrl":"https:\/\/mollersomega3.nl\/wp-content\/uploads\/2020\/07\/mollers-logo-bestellingen.png","width":250,"height":86,"caption":"M\u00f6llers Omega-3"},"image":{"@id":"https:\/\/mollersomega3.nl\/#\/schema\/logo\/image\/"},"sameAs":["https:\/\/www.facebook.com\/MollersOmega3NL","https:\/\/www.instagram.com\/mollersomega3nl\/","https:\/\/nl.linkedin.com\/company\/good-life-international","https:\/\/www.bol.com\/nl\/nl\/m\/mollers\/","https:\/\/mollersomega3.nl\/en\/"],"foundingDate":"1854","areaServed":["GB","IE","US","CA","AU","NZ","NL"],"knowsAbout":["omega-3","cod liver oil","fish oil","DHA","EPA","vitamin D"],"description":"Norwegian premium omega-3 brand since 1854. Cod liver oil and fish oil supplements with omega-3, vitamins A, D and E."}]}},"_links":{"self":[{"href":"https:\/\/mollersomega3.nl\/fr\/wp-json\/wp\/v2\/pages\/1005974","targetHints":{"allow":["GET"]}}],"collection":[{"href":"https:\/\/mollersomega3.nl\/fr\/wp-json\/wp\/v2\/pages"}],"about":[{"href":"https:\/\/mollersomega3.nl\/fr\/wp-json\/wp\/v2\/types\/page"}],"author":[{"embeddable":true,"href":"https:\/\/mollersomega3.nl\/fr\/wp-json\/wp\/v2\/users\/3328"}],"replies":[{"embeddable":true,"href":"https:\/\/mollersomega3.nl\/fr\/wp-json\/wp\/v2\/comments?post=1005974"}],"version-history":[{"count":0,"href":"https:\/\/mollersomega3.nl\/fr\/wp-json\/wp\/v2\/pages\/1005974\/revisions"}],"wp:attachment":[{"href":"https:\/\/mollersomega3.nl\/fr\/wp-json\/wp\/v2\/media?parent=1005974"}],"curies":[{"name":"wp","href":"https:\/\/api.w.org\/{rel}","templated":true}]}}