{"id":1005998,"date":"2023-10-12T08:18:08","date_gmt":"2023-10-12T06:18:08","guid":{"rendered":"https:\/\/mollersomega3.nl\/soutenez-la-croissance-de-vos-enfants-avec-une-seule-cuillere-de-mollers-omega-3-par-jour\/"},"modified":"2025-07-04T09:17:25","modified_gmt":"2025-07-04T07:17:25","slug":"soutenez-la-croissance-de-vos-enfants-avec-une-seule-cuillere-de-mollers-omega-3-par-jour","status":"publish","type":"page","link":"https:\/\/mollersomega3.nl\/fr\/soutenez-la-croissance-de-vos-enfants-avec-une-seule-cuillere-de-mollers-omega-3-par-jour\/","title":{"rendered":"Soutenez la croissance de vos enfants avec une seule cuill\u00e8re de M\u00f6ller&#8217;s Omega-3 par jour !"},"content":{"rendered":"<p>Les enfants sont en pleine croissance ! De la naissance jusqu&#8217;\u00e0 la pubert\u00e9, ils font d&#8217;\u00e9normes bonds. Pour grandir en bonne sant\u00e9, votre enfant a besoin <a href=\"https:\/\/mollersomega3.nl\/fr\/pourquoi-les-omega-3-sont-essentiels-pour-votre-enfant-et-comment-les-ajouter-facilement-a-votre-journee\/\">de diff\u00e9rents nutriments<\/a>, parmi lesquels l&#8217;om\u00e9ga-3 est un \u00e9l\u00e9ment essentiel et indispensable pour la croissance et le d\u00e9veloppement. De plus, le Conseil de la Sant\u00e9 recommande \u00e9galement de donner \u00e0 votre enfant de la vitamine D suppl\u00e9mentaire pour soutenir de fa\u00e7on optimale sa croissance et son d\u00e9veloppement.   <\/p><p>M\u00f6ller&#8217;s Omega-3 est reconnu pour sa riche source d&#8217;<strong>om\u00e9ga-3<\/strong> pur et de <strong>vitamines A-D-E<\/strong> et offre de nombreux avantages pour la sant\u00e9 <a href=\"https:\/\/mollersomega3.nl\/fr\/prenez-soin-de-vous-avec-lhuile-de-foie-de-morue-mollers-omega-3\/\" target=\"_blank\" rel=\"noreferrer noopener\">de nous-m\u00eames<\/a> et de nos enfants. D\u00e9couvrez lesquels ci-dessous. <\/p><div class=\"wp-block-media-text alignwide\" style=\"grid-template-columns:15% auto\"><figure class=\"wp-block-media-text__media\"><img decoding=\"async\" width=\"300\" height=\"300\" src=\"https:\/\/mollersomega3.nl\/wp-content\/uploads\/2024\/01\/Brain_Pictogram.jpg\" alt=\"\" class=\"wp-image-1001875 size-full\" srcset=\"https:\/\/mollersomega3.nl\/wp-content\/uploads\/2024\/01\/Brain_Pictogram.jpg 300w, https:\/\/mollersomega3.nl\/wp-content\/uploads\/2024\/01\/Brain_Pictogram-100x100.jpg 100w\" sizes=\"(max-width: 300px) 100vw, 300px\" \/><\/figure><div class=\"wp-block-media-text__content\"><h2 class=\"wp-block-heading has-text-align-left\" id=\"h-brainfood-voor-de-hersenen\"><strong>Aliment c\u00e9r\u00e9bral pour le cerveau<\/strong><\/h2><\/div><\/div><p><\/p><p>Les acides gras om\u00e9ga-3 jouent un r\u00f4le extr\u00eamement important dans la croissance et le d\u00e9veloppement du cerveau de nos enfants. Ils aident \u00e0 am\u00e9liorer les capacit\u00e9s cognitives et la concentration, et assurent que le cerveau puisse se d\u00e9velopper de mani\u00e8re optimale. Un apport quotidien de 250 mg de DHA soutient le d\u00e9veloppement du cerveau.  <\/p><div class=\"wp-block-media-text alignwide\" style=\"grid-template-columns:15% auto\"><figure class=\"wp-block-media-text__media\"><img decoding=\"async\" width=\"300\" height=\"300\" src=\"https:\/\/mollersomega3.nl\/wp-content\/uploads\/2024\/01\/Bones_Pictogram.jpg\" alt=\"\" class=\"wp-image-1001876 size-full\" srcset=\"https:\/\/mollersomega3.nl\/wp-content\/uploads\/2024\/01\/Bones_Pictogram.jpg 300w, https:\/\/mollersomega3.nl\/wp-content\/uploads\/2024\/01\/Bones_Pictogram-100x100.jpg 100w\" sizes=\"(max-width: 300px) 100vw, 300px\" \/><\/figure><div class=\"wp-block-media-text__content\"><h2 class=\"wp-block-heading has-text-align-left\" id=\"h-sterke-botten-en-tanden\"><strong>Des os et des dents solides<\/strong><\/h2><\/div><\/div><p><\/p><p>La vitamine D, <em>sous forme de vitamine D3<\/em>, est essentielle pour la croissance d&#8217;os et de dents sains chez les enfants. Elle assure une bonne absorption du calcium et du phosphore, ce qui est crucial pour le d\u00e9veloppement d&#8217;os solides et une bonne sant\u00e9 dentaire pendant leur croissance. Le Conseil de la Sant\u00e9 recommande un apport suppl\u00e9mentaire de vitamine D pour les enfants.  <\/p><div class=\"wp-block-media-text alignwide\" style=\"grid-template-columns:15% auto\"><figure class=\"wp-block-media-text__media\"><img decoding=\"async\" width=\"300\" height=\"300\" src=\"https:\/\/mollersomega3.nl\/wp-content\/uploads\/2024\/01\/Immune_system_Pictogram-300-x-300.jpg\" alt=\"\" class=\"wp-image-1001874 size-full\" srcset=\"https:\/\/mollersomega3.nl\/wp-content\/uploads\/2024\/01\/Immune_system_Pictogram-300-x-300.jpg 300w, https:\/\/mollersomega3.nl\/wp-content\/uploads\/2024\/01\/Immune_system_Pictogram-300-x-300-100x100.jpg 100w\" sizes=\"(max-width: 300px) 100vw, 300px\" \/><\/figure><div class=\"wp-block-media-text__content\"><h2 class=\"wp-block-heading has-text-align-left\" id=\"h-een-flinke-boost-voor-het-immuunsysteem\"><strong>Un bon coup de pouce pour le syst\u00e8me immunitaire<\/strong><\/h2><\/div><\/div><p><\/p><p>Le syst\u00e8me immunitaire de votre enfant est en d\u00e9veloppement constant et a besoin des nutriments ad\u00e9quats pour fonctionner de mani\u00e8re optimale. M\u00f6ller&#8217;s contient non seulement des om\u00e9ga-3 mais aussi des vitamines A et D qui jouent un r\u00f4le important dans le soutien de leur syst\u00e8me immunitaire et le renforcement de leur r\u00e9sistance contre les agents pathog\u00e8nes. De plus, les acides gras om\u00e9ga-3 aident \u00e0 r\u00e9duire les inflammations et \u00e0 combattre les infections. Cela signifie moins d&#8217;absences pour maladie et plus de temps de jeu pour vos enfants.   <\/p><div class=\"wp-block-media-text alignwide\" style=\"grid-template-columns:15% auto\"><figure class=\"wp-block-media-text__media\"><img decoding=\"async\" width=\"300\" height=\"300\" src=\"https:\/\/mollersomega3.nl\/wp-content\/uploads\/2024\/01\/Vision_Pictogram.jpg\" alt=\"\" class=\"wp-image-1001880 size-full\" srcset=\"https:\/\/mollersomega3.nl\/wp-content\/uploads\/2024\/01\/Vision_Pictogram.jpg 300w, https:\/\/mollersomega3.nl\/wp-content\/uploads\/2024\/01\/Vision_Pictogram-100x100.jpg 100w\" sizes=\"(max-width: 300px) 100vw, 300px\" \/><\/figure><div class=\"wp-block-media-text__content\"><h2 class=\"wp-block-heading has-text-align-left\" id=\"h-een-scherp-gezichtsvermogen\"><strong>Une vision aigu\u00eb<\/strong><\/h2><\/div><\/div><p><\/p><p>En outre, les om\u00e9ga-3 et la vitamine A contribuent au d\u00e9veloppement d&#8217;une vision aigu\u00eb. Ils assurent que leurs yeux fonctionnent bien, afin qu&#8217;ils puissent voir clairement le monde qui les entoure. <\/p><div class=\"wp-block-media-text alignwide\" style=\"grid-template-columns:15% auto\"><figure class=\"wp-block-media-text__media\"><img decoding=\"async\" width=\"300\" height=\"300\" src=\"https:\/\/mollersomega3.nl\/wp-content\/uploads\/2024\/01\/Heart_Pictogram.jpg\" alt=\"\" class=\"wp-image-1001877 size-full\" srcset=\"https:\/\/mollersomega3.nl\/wp-content\/uploads\/2024\/01\/Heart_Pictogram.jpg 300w, https:\/\/mollersomega3.nl\/wp-content\/uploads\/2024\/01\/Heart_Pictogram-100x100.jpg 100w\" sizes=\"(max-width: 300px) 100vw, 300px\" \/><\/figure><div class=\"wp-block-media-text__content\"><h2 class=\"wp-block-heading has-text-align-left\" id=\"h-hartverwarmende-bescherming\"><strong>Une protection r\u00e9confortante<\/strong><\/h2><\/div><\/div><p><\/p><p>Les acides gras om\u00e9ga-3 ne sont pas seulement importants pour le cerveau, mais aussi pour le c\u0153ur des enfants. Ils servent de bouclier protecteur et maintiennent ce petit c\u0153ur en bonne sant\u00e9, r\u00e9duisant ainsi le risque de probl\u00e8mes cardiaques, m\u00eame \u00e0 un \u00e2ge plus avanc\u00e9. <\/p><div class=\"wp-block-media-text alignwide\" style=\"grid-template-columns:15% auto\"><figure class=\"wp-block-media-text__media\"><img decoding=\"async\" width=\"300\" height=\"300\" src=\"https:\/\/mollersomega3.nl\/wp-content\/uploads\/2024\/01\/JointsPictogram.jpg\" alt=\"\" class=\"wp-image-1001878 size-full\" srcset=\"https:\/\/mollersomega3.nl\/wp-content\/uploads\/2024\/01\/JointsPictogram.jpg 300w, https:\/\/mollersomega3.nl\/wp-content\/uploads\/2024\/01\/JointsPictogram-100x100.jpg 100w\" sizes=\"(max-width: 300px) 100vw, 300px\" \/><\/figure><div class=\"wp-block-media-text__content\"><h2 class=\"wp-block-heading has-text-align-left\" id=\"h-een-nbsp-gezonde-huid\"><strong>Une peau saine<\/strong><\/h2><\/div><\/div><p><\/p><p>Les vitamines A et E sont comme des armes secr\u00e8tes pour une peau saine. La vitamine E prot\u00e8ge les cellules de la peau comme un puissant antioxydant contre les dommages, tandis que la vitamine A r\u00e9duit le risque de probl\u00e8mes cutan\u00e9s chez les enfants. Ainsi, une cuill\u00e8re de M\u00f6ller&#8217;s par jour peut prot\u00e9ger nos enfants contre la s\u00e9cheresse et les irritations.  <\/p><h2 class=\"wp-block-heading\" id=\"h-probeer-nu-moller-s-omega-3-nbsp\">Essayez maintenant M\u00f6ller&#8217;s Omega-3 !  <\/h2><p>En tant que parents, nous ne voulons rien de plus que prot\u00e9ger la sant\u00e9 de nos enfants. M\u00f6ller&#8217;s Omega-3 est de la plus haute qualit\u00e9 de Norv\u00e8ge, sp\u00e9cialement con\u00e7u pour soutenir la sant\u00e9 de vos petits. Avec 4 d\u00e9licieuses saveurs que vos enfants adoreront, une seule cuill\u00e8re par jour offre un dosage optimal d&#8217;om\u00e9ga-3 et de vitamines A, D et E. Donnez \u00e0 votre enfant le soutien optimal avec des om\u00e9ga-3 pour beaucoup de plaisir de jeu et un avenir prometteur !  <\/p><h2 class=\"wp-block-heading\" id=\"h-hoe-kan-ik-omega-3-aan-mijn-kind-geven\">Comment puis-je donner des om\u00e9ga-3 \u00e0 mon enfant ?<\/h2><p>Il existe diff\u00e9rentes fa\u00e7ons de donner des om\u00e9ga-3 \u00e0 votre enfant, comme des capsules, des suppl\u00e9ments liquides ou des aliments riches en acides gras om\u00e9ga-3, comme les poissons gras. En particulier, l&#8217;huile de poisson liquide <a href=\"https:\/\/mollersomega3.nl\/product\/mollers-omega-3-citroen\/\" target=\"_blank\" rel=\"noreferrer noopener\">M\u00f6ller \u00ab s Omega-3 Citron \u00bb<\/a> et <a href=\"https:\/\/mollersomega3.nl\/product\/mollers-omega-3-tutti-frutti\/\" target=\"_blank\" rel=\"noreferrer noopener\">M\u00f6llers Omega-3 Tutti Frutti<\/a> sont tr\u00e8s appr\u00e9ci\u00e9es par les enfants ! <\/p><p><strong>Donnez \u00e0 votre enfant le soutien optimal avec des om\u00e9ga-3 pour beaucoup de plaisir de jeu et un avenir prometteur !<\/strong><\/p>","protected":false},"excerpt":{"rendered":"<p>Les enfants sont en pleine croissance ! De la naissance jusqu&#8217;\u00e0 la pubert\u00e9, ils font d&#8217;\u00e9normes bonds. Pour grandir en bonne sant\u00e9, votre enfant a besoin de diff\u00e9rents nutriments, parmi lesquels l&#8217;om\u00e9ga-3 est un \u00e9l\u00e9ment essentiel et indispensable pour la croissance et le d\u00e9veloppement. De plus, le Conseil de la Sant\u00e9 recommande \u00e9galement de donner [&hellip;]<\/p>\n","protected":false},"author":3328,"featured_media":1007190,"parent":0,"menu_order":0,"comment_status":"closed","ping_status":"closed","template":"","meta":{"_yoast_wpseo_focuskw":"om\u00e9ga-3 pour les enfants","_yoast_wpseo_title":"Soutenez la Croissance de votre Enfant avec M\u00f6ller's Omega-3 !","_yoast_wpseo_metadesc":"Saviez-vous que l'Omega 3 est important pour la croissance de votre Enfant ? Avec une cuill\u00e8re de M\u00f6ller's, vous soutenez la croissance du cerveau et des os.","_monsterinsights_skip_tracking":false,"_monsterinsights_sitenote_active":false,"_monsterinsights_sitenote_note":"","_monsterinsights_sitenote_category":0,"footnotes":""},"class_list":["post-1005998","page","type-page","status-publish","has-post-thumbnail","hentry"],"yoast_head":"<!-- This site is optimized with the Yoast SEO Premium plugin v25.1 (Yoast SEO v25.1) - https:\/\/yoast.com\/wordpress\/plugins\/seo\/ -->\n<title>Soutenez la Croissance de votre Enfant avec M\u00f6ller&#039;s Omega-3 !<\/title>\n<meta name=\"description\" content=\"Saviez-vous que l&#039;Omega 3 est important pour la croissance de votre Enfant ? Avec une cuill\u00e8re de M\u00f6ller&#039;s, vous soutenez la croissance du cerveau et des os.\" \/>\n<meta name=\"robots\" content=\"index, follow, max-snippet:-1, max-image-preview:large, max-video-preview:-1\" \/>\n<link rel=\"canonical\" href=\"https:\/\/mollersomega3.nl\/ondersteun-de-groei-van-je-kinderen-met-mollers-omega-3\/\" \/>\n<meta property=\"og:locale\" content=\"fr_FR\" \/>\n<meta property=\"og:type\" content=\"article\" \/>\n<meta property=\"og:title\" content=\"Soutenez la croissance de vos enfants avec une seule cuill\u00e8re de M\u00f6ller&#039;s Omega-3 par jour !\" \/>\n<meta property=\"og:description\" content=\"Saviez-vous que l&#039;Omega 3 est important pour la croissance de votre Enfant ? Avec une cuill\u00e8re de M\u00f6ller&#039;s, vous soutenez la croissance du cerveau et des os.\" \/>\n<meta property=\"og:url\" content=\"https:\/\/mollersomega3.nl\/ondersteun-de-groei-van-je-kinderen-met-mollers-omega-3\/\" \/>\n<meta property=\"og:site_name\" content=\"M\u00f6llers Omega-3\" \/>\n<meta property=\"article:publisher\" content=\"https:\/\/www.facebook.com\/mollersomega3nl\" \/>\n<meta property=\"article:modified_time\" content=\"2025-07-04T07:17:25+00:00\" \/>\n<meta property=\"og:image\" content=\"https:\/\/mollersomega3.nl\/wp-content\/uploads\/2024\/01\/Zorg-voor-elkaar-Mollers-Omega-3-kids-nieuw.jpg\" \/>\n\t<meta property=\"og:image:width\" content=\"1200\" \/>\n\t<meta property=\"og:image:height\" content=\"500\" \/>\n\t<meta property=\"og:image:type\" content=\"image\/jpeg\" \/>\n<meta name=\"twitter:card\" content=\"summary_large_image\" \/>\n<meta name=\"twitter:site\" content=\"@mollersomega3nl\" \/>\n<meta name=\"twitter:label1\" content=\"Est. reading time\" \/>\n\t<meta name=\"twitter:data1\" content=\"4 minutes\" \/>\n<script type=\"application\/ld+json\" class=\"yoast-schema-graph\">{\"@context\":\"https:\/\/schema.org\",\"@graph\":[{\"@type\":\"WebPage\",\"@id\":\"https:\/\/mollersomega3.nl\/ondersteun-de-groei-van-je-kinderen-met-mollers-omega-3\/\",\"url\":\"https:\/\/mollersomega3.nl\/ondersteun-de-groei-van-je-kinderen-met-mollers-omega-3\/\",\"name\":\"Soutenez la Croissance de votre Enfant avec M\u00f6ller's Omega-3 !\",\"isPartOf\":{\"@id\":\"https:\/\/mollersomega3.nl\/#website\"},\"primaryImageOfPage\":{\"@id\":\"https:\/\/mollersomega3.nl\/ondersteun-de-groei-van-je-kinderen-met-mollers-omega-3\/#primaryimage\"},\"image\":{\"@id\":\"https:\/\/mollersomega3.nl\/ondersteun-de-groei-van-je-kinderen-met-mollers-omega-3\/#primaryimage\"},\"thumbnailUrl\":\"https:\/\/mollersomega3.nl\/wp-content\/uploads\/2024\/01\/Zorg-voor-elkaar-Mollers-Omega-3-kids-nieuw.jpg\",\"datePublished\":\"2023-10-12T06:18:08+00:00\",\"dateModified\":\"2025-07-04T07:17:25+00:00\",\"description\":\"Saviez-vous que l'Omega 3 est important pour la croissance de votre Enfant ? Avec une cuill\u00e8re de M\u00f6ller's, vous soutenez la croissance du cerveau et des os.\",\"breadcrumb\":{\"@id\":\"https:\/\/mollersomega3.nl\/ondersteun-de-groei-van-je-kinderen-met-mollers-omega-3\/#breadcrumb\"},\"inLanguage\":\"fr-FR\",\"potentialAction\":[{\"@type\":\"ReadAction\",\"target\":[\"https:\/\/mollersomega3.nl\/ondersteun-de-groei-van-je-kinderen-met-mollers-omega-3\/\"]}]},{\"@type\":\"ImageObject\",\"inLanguage\":\"fr-FR\",\"@id\":\"https:\/\/mollersomega3.nl\/ondersteun-de-groei-van-je-kinderen-met-mollers-omega-3\/#primaryimage\",\"url\":\"https:\/\/mollersomega3.nl\/wp-content\/uploads\/2024\/01\/Zorg-voor-elkaar-Mollers-Omega-3-kids-nieuw.jpg\",\"contentUrl\":\"https:\/\/mollersomega3.nl\/wp-content\/uploads\/2024\/01\/Zorg-voor-elkaar-Mollers-Omega-3-kids-nieuw.jpg\",\"width\":1200,\"height\":500},{\"@type\":\"BreadcrumbList\",\"@id\":\"https:\/\/mollersomega3.nl\/ondersteun-de-groei-van-je-kinderen-met-mollers-omega-3\/#breadcrumb\",\"itemListElement\":[{\"@type\":\"ListItem\",\"position\":1,\"name\":\"Accueil\",\"item\":\"https:\/\/mollersomega3.nl\/fr\/\"},{\"@type\":\"ListItem\",\"position\":2,\"name\":\"Soutenez la croissance de vos enfants avec une seule cuill\u00e8re de M\u00f6ller&#8217;s Omega-3 par jour !\"}]},{\"@type\":\"WebSite\",\"@id\":\"https:\/\/mollersomega3.nl\/#website\",\"url\":\"https:\/\/mollersomega3.nl\/\",\"name\":\"M\u00f6llers Omega-3\",\"description\":\"A Spoonful of Life since 1854\",\"publisher\":{\"@id\":\"https:\/\/mollersomega3.nl\/#organization\"},\"potentialAction\":[{\"@type\":\"SearchAction\",\"target\":{\"@type\":\"EntryPoint\",\"urlTemplate\":\"https:\/\/mollersomega3.nl\/?s={search_term_string}\"},\"query-input\":{\"@type\":\"PropertyValueSpecification\",\"valueRequired\":true,\"valueName\":\"search_term_string\"}}],\"inLanguage\":\"fr-FR\"},{\"@type\":\"Organization\",\"@id\":\"https:\/\/mollersomega3.nl\/#organization\",\"name\":\"M\u00f6llers Omega-3\",\"url\":\"https:\/\/mollersomega3.nl\/\",\"logo\":{\"@type\":\"ImageObject\",\"inLanguage\":\"fr-FR\",\"@id\":\"https:\/\/mollersomega3.nl\/#\/schema\/logo\/image\/\",\"url\":\"https:\/\/mollersomega3.nl\/wp-content\/uploads\/2020\/07\/mollers-logo-bestellingen.png\",\"contentUrl\":\"https:\/\/mollersomega3.nl\/wp-content\/uploads\/2020\/07\/mollers-logo-bestellingen.png\",\"width\":250,\"height\":86,\"caption\":\"M\u00f6llers Omega-3\"},\"image\":{\"@id\":\"https:\/\/mollersomega3.nl\/#\/schema\/logo\/image\/\"},\"sameAs\":[\"https:\/\/www.facebook.com\/MollersOmega3NL\",\"https:\/\/www.instagram.com\/mollersomega3nl\/\",\"https:\/\/nl.linkedin.com\/company\/good-life-international\",\"https:\/\/www.bol.com\/nl\/nl\/m\/mollers\/\",\"https:\/\/mollersomega3.nl\/en\/\"],\"foundingDate\":\"1854\",\"areaServed\":[\"GB\",\"IE\",\"US\",\"CA\",\"AU\",\"NZ\",\"NL\"],\"knowsAbout\":[\"omega-3\",\"cod liver oil\",\"fish oil\",\"DHA\",\"EPA\",\"vitamin D\"],\"description\":\"Norwegian premium omega-3 brand since 1854. Cod liver oil and fish oil supplements with omega-3, vitamins A, D and E.\"}]}<\/script>\n<!-- \/ Yoast SEO Premium plugin. -->","yoast_head_json":{"title":"Soutenez la Croissance de votre Enfant avec M\u00f6ller's Omega-3 !","description":"Saviez-vous que l'Omega 3 est important pour la croissance de votre Enfant ? Avec une cuill\u00e8re de M\u00f6ller's, vous soutenez la croissance du cerveau et des os.","robots":{"index":"index","follow":"follow","max-snippet":"max-snippet:-1","max-image-preview":"max-image-preview:large","max-video-preview":"max-video-preview:-1"},"canonical":"https:\/\/mollersomega3.nl\/ondersteun-de-groei-van-je-kinderen-met-mollers-omega-3\/","og_locale":"fr_FR","og_type":"article","og_title":"Soutenez la croissance de vos enfants avec une seule cuill\u00e8re de M\u00f6ller's Omega-3 par jour !","og_description":"Saviez-vous que l'Omega 3 est important pour la croissance de votre Enfant ? Avec une cuill\u00e8re de M\u00f6ller's, vous soutenez la croissance du cerveau et des os.","og_url":"https:\/\/mollersomega3.nl\/ondersteun-de-groei-van-je-kinderen-met-mollers-omega-3\/","og_site_name":"M\u00f6llers Omega-3","article_publisher":"https:\/\/www.facebook.com\/mollersomega3nl","article_modified_time":"2025-07-04T07:17:25+00:00","og_image":[{"width":1200,"height":500,"url":"https:\/\/mollersomega3.nl\/wp-content\/uploads\/2024\/01\/Zorg-voor-elkaar-Mollers-Omega-3-kids-nieuw.jpg","type":"image\/jpeg"}],"twitter_card":"summary_large_image","twitter_site":"@mollersomega3nl","twitter_misc":{"Est. reading time":"4 minutes"},"schema":{"@context":"https:\/\/schema.org","@graph":[{"@type":"WebPage","@id":"https:\/\/mollersomega3.nl\/ondersteun-de-groei-van-je-kinderen-met-mollers-omega-3\/","url":"https:\/\/mollersomega3.nl\/ondersteun-de-groei-van-je-kinderen-met-mollers-omega-3\/","name":"Soutenez la Croissance de votre Enfant avec M\u00f6ller's Omega-3 !","isPartOf":{"@id":"https:\/\/mollersomega3.nl\/#website"},"primaryImageOfPage":{"@id":"https:\/\/mollersomega3.nl\/ondersteun-de-groei-van-je-kinderen-met-mollers-omega-3\/#primaryimage"},"image":{"@id":"https:\/\/mollersomega3.nl\/ondersteun-de-groei-van-je-kinderen-met-mollers-omega-3\/#primaryimage"},"thumbnailUrl":"https:\/\/mollersomega3.nl\/wp-content\/uploads\/2024\/01\/Zorg-voor-elkaar-Mollers-Omega-3-kids-nieuw.jpg","datePublished":"2023-10-12T06:18:08+00:00","dateModified":"2025-07-04T07:17:25+00:00","description":"Saviez-vous que l'Omega 3 est important pour la croissance de votre Enfant ? Avec une cuill\u00e8re de M\u00f6ller's, vous soutenez la croissance du cerveau et des os.","breadcrumb":{"@id":"https:\/\/mollersomega3.nl\/ondersteun-de-groei-van-je-kinderen-met-mollers-omega-3\/#breadcrumb"},"inLanguage":"fr-FR","potentialAction":[{"@type":"ReadAction","target":["https:\/\/mollersomega3.nl\/ondersteun-de-groei-van-je-kinderen-met-mollers-omega-3\/"]}]},{"@type":"ImageObject","inLanguage":"fr-FR","@id":"https:\/\/mollersomega3.nl\/ondersteun-de-groei-van-je-kinderen-met-mollers-omega-3\/#primaryimage","url":"https:\/\/mollersomega3.nl\/wp-content\/uploads\/2024\/01\/Zorg-voor-elkaar-Mollers-Omega-3-kids-nieuw.jpg","contentUrl":"https:\/\/mollersomega3.nl\/wp-content\/uploads\/2024\/01\/Zorg-voor-elkaar-Mollers-Omega-3-kids-nieuw.jpg","width":1200,"height":500},{"@type":"BreadcrumbList","@id":"https:\/\/mollersomega3.nl\/ondersteun-de-groei-van-je-kinderen-met-mollers-omega-3\/#breadcrumb","itemListElement":[{"@type":"ListItem","position":1,"name":"Accueil","item":"https:\/\/mollersomega3.nl\/fr\/"},{"@type":"ListItem","position":2,"name":"Soutenez la croissance de vos enfants avec une seule cuill\u00e8re de M\u00f6ller&#8217;s Omega-3 par jour !"}]},{"@type":"WebSite","@id":"https:\/\/mollersomega3.nl\/#website","url":"https:\/\/mollersomega3.nl\/","name":"M\u00f6llers Omega-3","description":"A Spoonful of Life since 1854","publisher":{"@id":"https:\/\/mollersomega3.nl\/#organization"},"potentialAction":[{"@type":"SearchAction","target":{"@type":"EntryPoint","urlTemplate":"https:\/\/mollersomega3.nl\/?s={search_term_string}"},"query-input":{"@type":"PropertyValueSpecification","valueRequired":true,"valueName":"search_term_string"}}],"inLanguage":"fr-FR"},{"@type":"Organization","@id":"https:\/\/mollersomega3.nl\/#organization","name":"M\u00f6llers Omega-3","url":"https:\/\/mollersomega3.nl\/","logo":{"@type":"ImageObject","inLanguage":"fr-FR","@id":"https:\/\/mollersomega3.nl\/#\/schema\/logo\/image\/","url":"https:\/\/mollersomega3.nl\/wp-content\/uploads\/2020\/07\/mollers-logo-bestellingen.png","contentUrl":"https:\/\/mollersomega3.nl\/wp-content\/uploads\/2020\/07\/mollers-logo-bestellingen.png","width":250,"height":86,"caption":"M\u00f6llers Omega-3"},"image":{"@id":"https:\/\/mollersomega3.nl\/#\/schema\/logo\/image\/"},"sameAs":["https:\/\/www.facebook.com\/MollersOmega3NL","https:\/\/www.instagram.com\/mollersomega3nl\/","https:\/\/nl.linkedin.com\/company\/good-life-international","https:\/\/www.bol.com\/nl\/nl\/m\/mollers\/","https:\/\/mollersomega3.nl\/en\/"],"foundingDate":"1854","areaServed":["GB","IE","US","CA","AU","NZ","NL"],"knowsAbout":["omega-3","cod liver oil","fish oil","DHA","EPA","vitamin D"],"description":"Norwegian premium omega-3 brand since 1854. Cod liver oil and fish oil supplements with omega-3, vitamins A, D and E."}]}},"_links":{"self":[{"href":"https:\/\/mollersomega3.nl\/fr\/wp-json\/wp\/v2\/pages\/1005998","targetHints":{"allow":["GET"]}}],"collection":[{"href":"https:\/\/mollersomega3.nl\/fr\/wp-json\/wp\/v2\/pages"}],"about":[{"href":"https:\/\/mollersomega3.nl\/fr\/wp-json\/wp\/v2\/types\/page"}],"author":[{"embeddable":true,"href":"https:\/\/mollersomega3.nl\/fr\/wp-json\/wp\/v2\/users\/3328"}],"replies":[{"embeddable":true,"href":"https:\/\/mollersomega3.nl\/fr\/wp-json\/wp\/v2\/comments?post=1005998"}],"version-history":[{"count":0,"href":"https:\/\/mollersomega3.nl\/fr\/wp-json\/wp\/v2\/pages\/1005998\/revisions"}],"wp:featuredmedia":[{"embeddable":true,"href":"https:\/\/mollersomega3.nl\/fr\/wp-json\/wp\/v2\/media\/1007190"}],"wp:attachment":[{"href":"https:\/\/mollersomega3.nl\/fr\/wp-json\/wp\/v2\/media?parent=1005998"}],"curies":[{"name":"wp","href":"https:\/\/api.w.org\/{rel}","templated":true}]}}