{"id":1006003,"date":"2020-07-09T18:04:57","date_gmt":"2020-07-09T16:04:57","guid":{"rendered":"https:\/\/mollersomega3.nl\/ou-acheter\/"},"modified":"2025-07-04T09:17:55","modified_gmt":"2025-07-04T07:17:55","slug":"ou-acheter","status":"publish","type":"page","link":"https:\/\/mollersomega3.nl\/fr\/ou-acheter\/","title":{"rendered":"O\u00f9 acheter"},"content":{"rendered":"<h2>O\u00f9 acheter M\u00f6ller&#8217;s Omega-3 ?<\/h2>\n<p>Les produits M\u00f6ller&#8217;s Omega-3 sont disponibles dans la <a href=\"https:\/\/mollersomega3.nl\/producten\/\">boutique en ligne officielle.<\/a> De plus, M\u00f6ller&#8217;s est en vente dans les pharmacies, les magasins de vitamines, les magasins de produits naturels, les parapharmacies et via <a href=\"https:\/\/www.bewustwinkelen.nl\/zoeken\/mollers\">Bewustwinkelen.nl<\/a> et <a href=\"https:\/\/www.bol.com\/nl\/nl\/w\/moller-s-omega-3-artikelen-maxim-sportvoeding\/1234098\/4296492588\/?rating=all\">bol.com<\/a>.<br \/>\nM\u00f6ller&#8217;s Omega-3 est notamment en vente chez <a href=\"https:\/\/www.hollandandbarrett.nl\/shop\/vitamines-supplementen\/supplementen\/visolie-omega\/?t=brand_moller-s\">Holland&amp;Barrett<\/a>, <a href=\"https:\/\/www.etos.nl\/search\/?q=mollers\">Etos<\/a>, <a href=\"https:\/\/www.gezondheidswinkel.nl\/producten?q=moller\">G&amp;W Gezondheidswinkels<\/a>, <a href=\"https:\/\/www.erica.eu\/Zoek?q=mollers\">Erica Kruiderijen<\/a>, <a href=\"https:\/\/www.vitaminstore.nl\/search?SearchTerms=mollers\">Vitaminstore<\/a>, <a href=\"https:\/\/www.kruidvat.nl\/mollers\/b\/MOLLER\">Kruidvat<\/a>, <a href=\"https:\/\/www.ekoplaza.nl\/search\/?qry=mollers\">Ekoplaza<\/a> et <a href=\"https:\/\/www.koopjesdrogisterij.nl\/categorie\/gezondheid-vitamines\/vetzuren?merk=mollers\">Koopjesdrogisterij<\/a>.    <\/p>\n<p>Bien s\u00fbr, vous pouvez \u00e9galement visiter notre boutique en ligne officielle M\u00f6ller&#8217;s Omega-3 :<\/p>\n<p><a href=\"https:\/\/mollersomega3.nl\/voedingssupplementen\/\"><img decoding=\"async\" class=\"alignnone wp-image-2006\" src=\"https:\/\/mollersomega3.nl\/wp-content\/uploads\/2020\/12\/Mollers_logo_Flag_omega3_ENG_vertical_641x589_300PPI.png\" alt=\"o\u00f9 acheter\" width=\"200\" height=\"184\" srcset=\"https:\/\/mollersomega3.nl\/wp-content\/uploads\/2020\/12\/Mollers_logo_Flag_omega3_ENG_vertical_641x589_300PPI.png 641w, https:\/\/mollersomega3.nl\/wp-content\/uploads\/2020\/12\/Mollers_logo_Flag_omega3_ENG_vertical_641x589_300PPI-300x276.png 300w, https:\/\/mollersomega3.nl\/wp-content\/uploads\/2020\/12\/Mollers_logo_Flag_omega3_ENG_vertical_641x589_300PPI-600x551.png 600w\" sizes=\"(max-width: 200px) 100vw, 200px\" \/><\/a><\/p>\n<h2>Quelles sont les options d&#8217;achat pour les magasins et les professionnels ?<\/h2>\n<p>\u00cates-vous int\u00e9ress\u00e9 par la vente ou le conseil de M\u00f6ller \u00ab s Omega-3 dans votre magasin, cabinet ou boutique en ligne ? Nous collaborons avec diff\u00e9rents grossistes. Vous pouvez acheter des produits de la gamme M\u00f6ller \u00bb s ici : <a href=\"https:\/\/www.varuvo.nl\/nl\/assortiment\/zoeken\/?q=mollers\">Varuvo<\/a>, <a href=\"https:\/\/www.hollandpharma.nl\/nl\/assortiment\/zoeken\/?q=mollers\">Holland Pharma<\/a>, <a href=\"https:\/\/www.udea.nl\/search\/?qry=mollers\">Udea<\/a>, Naproz et <a href=\"https:\/\/customers.unipharma.nl\/nl\/products?query=mollers\">Unipharma<\/a>.  <\/p>\n<p>Contactez-nous pour toutes les options d&#8217;achat : <a href=\"mailto:info@mollersomega3.nl\" target=\"_blank\" rel=\"noopener\">info@mollersomega3.nl<\/a>.<\/p>\n<h2>Points de vente M\u00f6ller&#8217;s Omega-3<\/h2>\n<p><a title=\"Boutique en ligne Gezond &amp; Wel\" href=\"https:\/\/www.gezondheidswinkel.nl\/m\/mollers\" target=\"_blank\" rel=\"noopener noreferrer\"><img decoding=\"async\" class=\"alignnone\" title=\"G&amp;W\" src=\"https:\/\/mollersomega3.nl\/wp-content\/themes\/Mollers-theme\/images\/logos\/gw.jpg\" alt=\"G&amp;W  \" width=\"233\" height=\"93\"><\/a><\/p>\n<p><a title=\"Boutique en ligne Vitaminstore\" href=\"https:\/\/www.vitaminstore.nl\/search?SearchTerms=mollers\" target=\"_blank\" rel=\"noopener noreferrer\"><img decoding=\"async\" class=\"alignnone\" title=\"Vitaminstore M\u00f6ller's\" src=\"https:\/\/mollersomega3.nl\/wp-content\/themes\/Mollers-theme\/images\/logos\/vitaminstore.jpg\" alt=\"O\u00f9 acheter Vitaminstore M\u00f6ller's  \" width=\"300\" height=\"120\"><\/a><\/p>\n<p><a title=\"Bewustwinkelen M\u00f6ller's\" href=\"https:\/\/www.bewustwinkelen.nl\/zoeken\/mollers\" target=\"_blank\" rel=\"noopener noreferrer\"><img decoding=\"async\" class=\"alignnone\" title=\"Bewustwinkelen M\u00f6ller's\" src=\"https:\/\/mollersomega3.nl\/wp-content\/themes\/Mollers-theme\/images\/logos\/bewustwinkelen.jpg\" alt=\"O\u00f9 acheter Bewustwinkelen  \" width=\"300\" height=\"120\"><\/a><a title=\"Boutique en ligne Holland &amp; Barrett\" href=\"https:\/\/www.hollandandbarrett.nl\/shop\/brands\/moller-s\/\" target=\"_blank\" rel=\"noopener noreferrer\"><br \/>\n<\/a>    <a title=\"Boutique en ligne Erica\" href=\"https:\/\/www.erica.eu\/Zoek?q=mollers\" target=\"_blank\" rel=\"noopener noreferrer\"><img decoding=\"async\" class=\"alignnone\" title=\"Erica Kruiderijen\" src=\"https:\/\/mollersomega3.nl\/wp-content\/themes\/Mollers-theme\/images\/logos\/erica.jpg\" alt=\"Erica Kruiderijen  \"><\/a><\/p>\n<p><a title=\"Boutique en ligne Holland &amp; Barrett\" href=\"https:\/\/www.hollandandbarrett.nl\/shop\/vitamines-supplementen\/supplementen\/visolie-omega\/?t=brand%3Amoller-s\" target=\"_blank\" rel=\"noopener noreferrer\"><img decoding=\"async\" class=\"alignnone\" title=\"Holland Barrett M\u00f6ller's\" src=\"https:\/\/mollersomega3.nl\/wp-content\/themes\/Mollers-theme\/images\/logos\/hollandbarrett.jpg\" alt=\"O\u00f9 acheter Holland Barrett  \" width=\"300\" height=\"120\"><\/a><\/p><figure class=\"wp-block-image size-full is-resized\"><a href=\"https:\/\/www.kruidvat.nl\/mollers\/b\/MOLLER\"><img decoding=\"async\" class=\"wp-image-1002929\" src=\"https:\/\/mollersomega3.nl\/wp-content\/uploads\/2024\/06\/Kruidvat-logo.png\" alt=\"Kruidvat\" width=\"276\" height=\"72\" srcset=\"https:\/\/mollersomega3.nl\/wp-content\/uploads\/2024\/06\/Kruidvat-logo.png 1500w, https:\/\/mollersomega3.nl\/wp-content\/uploads\/2024\/06\/Kruidvat-logo-768x201.png 768w, https:\/\/mollersomega3.nl\/wp-content\/uploads\/2024\/06\/Kruidvat-logo-300x79.png 300w, https:\/\/mollersomega3.nl\/wp-content\/uploads\/2024\/06\/Kruidvat-logo-600x157.png 600w\" sizes=\"(max-width: 276px) 100vw, 276px\" \/><\/a><\/figure><p><a title=\"Boutique en ligne Ekoplaza\" href=\"https:\/\/www.ekoplaza.nl\/search\/?qry=mollers\" target=\"_blank\" rel=\"noopener noreferrer\"><img decoding=\"async\" class=\"alignnone\" title=\"Ekoplaza\" src=\"https:\/\/mollersomega3.nl\/wp-content\/themes\/Mollers-theme\/images\/logos\/ekoplaza.jpg\" alt=\"O\u00f9 acheter Ekoplaza  \"><\/a><\/p>\n<p><a title=\"Etos M\u00f6ller's\" href=\"https:\/\/www.etos.nl\/search\/?q=mollers\" target=\"_blank\" rel=\"noopener noreferrer\"><img decoding=\"async\" class=\"alignnone\" title=\"Etos M\u00f6ller's\" src=\"https:\/\/mollersomega3.nl\/wp-content\/themes\/Mollers-theme\/images\/logos\/etos.jpg\" alt=\"O\u00f9 acheter Etos M\u00f6ller's\" width=\"300\" height=\"120\"><\/a><\/p>\n<p><a href=\"https:\/\/www.drogistbewustbeter.nl\/\"><img decoding=\"async\" class=\"alignleft wp-image-2779\" src=\"https:\/\/mollersomega3.nl\/wp-content\/uploads\/2021\/02\/125939AC-F6B8-4C75-B0CA-63294DDD2A57.jpg\" alt=\"Drogist Bewust Beter\" width=\"300\" height=\"87\" srcset=\"https:\/\/mollersomega3.nl\/wp-content\/uploads\/2021\/02\/125939AC-F6B8-4C75-B0CA-63294DDD2A57.jpg 1280w, https:\/\/mollersomega3.nl\/wp-content\/uploads\/2021\/02\/125939AC-F6B8-4C75-B0CA-63294DDD2A57-768x223.jpg 768w, https:\/\/mollersomega3.nl\/wp-content\/uploads\/2021\/02\/125939AC-F6B8-4C75-B0CA-63294DDD2A57-300x87.jpg 300w, https:\/\/mollersomega3.nl\/wp-content\/uploads\/2021\/02\/125939AC-F6B8-4C75-B0CA-63294DDD2A57-600x174.jpg 600w\" sizes=\"(max-width: 300px) 100vw, 300px\" \/><\/a><\/p>","protected":false},"excerpt":{"rendered":"<p>O\u00f9 acheter M\u00f6ller&#8217;s Omega-3 ? Les produits M\u00f6ller&#8217;s Omega-3 sont disponibles dans la boutique en ligne officielle. De plus, M\u00f6ller&#8217;s est en vente dans les pharmacies, les magasins de vitamines, les magasins de produits naturels, les parapharmacies et via Bewustwinkelen.nl et bol.com. M\u00f6ller&#8217;s Omega-3 est notamment en vente chez Holland&amp;Barrett, Etos, G&amp;W Gezondheidswinkels, Erica Kruiderijen, [&hellip;]<\/p>\n","protected":false},"author":2,"featured_media":0,"parent":0,"menu_order":0,"comment_status":"closed","ping_status":"closed","template":"","meta":{"_yoast_wpseo_focuskw":"O\u00f9 acheter","_yoast_wpseo_title":"%%title%% %%sep%% Points de vente %%sep%% %%sitename%%","_yoast_wpseo_metadesc":"O\u00f9 acheter M\u00f6ller's Omega-3 ? Dans la boutique en ligne officielle, dans les pharmacies, les magasins de vitamines, les magasins de produits naturels, les parapharmacies.","_monsterinsights_skip_tracking":false,"_monsterinsights_sitenote_active":false,"_monsterinsights_sitenote_note":"","_monsterinsights_sitenote_category":0,"footnotes":""},"class_list":["post-1006003","page","type-page","status-publish","hentry"],"yoast_head":"<!-- This site is optimized with the Yoast SEO Premium plugin v25.1 (Yoast SEO v25.1) - https:\/\/yoast.com\/wordpress\/plugins\/seo\/ -->\n<title>O\u00f9 acheter - Points de vente - M\u00f6llers Omega-3<\/title>\n<meta name=\"description\" content=\"O\u00f9 acheter M\u00f6ller&#039;s Omega-3 ? Dans la boutique en ligne officielle, dans les pharmacies, les magasins de vitamines, les magasins de produits naturels, les parapharmacies.\" \/>\n<meta name=\"robots\" content=\"index, follow, max-snippet:-1, max-image-preview:large, max-video-preview:-1\" \/>\n<link rel=\"canonical\" href=\"https:\/\/mollersomega3.nl\/waar-te-koop\/\" \/>\n<meta property=\"og:locale\" content=\"fr_FR\" \/>\n<meta property=\"og:type\" content=\"article\" \/>\n<meta property=\"og:title\" content=\"O\u00f9 acheter\" \/>\n<meta property=\"og:description\" content=\"O\u00f9 acheter M\u00f6ller&#039;s Omega-3 ? Dans la boutique en ligne officielle, dans les pharmacies, les magasins de vitamines, les magasins de produits naturels, les parapharmacies.\" \/>\n<meta property=\"og:url\" content=\"https:\/\/mollersomega3.nl\/waar-te-koop\/\" \/>\n<meta property=\"og:site_name\" content=\"M\u00f6llers Omega-3\" \/>\n<meta property=\"article:publisher\" content=\"https:\/\/www.facebook.com\/mollersomega3nl\" \/>\n<meta property=\"article:modified_time\" content=\"2025-07-04T07:17:55+00:00\" \/>\n<meta property=\"og:image\" content=\"https:\/\/mollersomega3.nl\/wp-content\/uploads\/2020\/12\/Mollers_logo_Flag_omega3_ENG_vertical_641x589_300PPI.png\" \/>\n<meta name=\"twitter:card\" content=\"summary_large_image\" \/>\n<meta name=\"twitter:site\" content=\"@mollersomega3nl\" \/>\n<meta name=\"twitter:label1\" content=\"Est. reading time\" \/>\n\t<meta name=\"twitter:data1\" content=\"1 minute\" \/>\n<script type=\"application\/ld+json\" class=\"yoast-schema-graph\">{\"@context\":\"https:\/\/schema.org\",\"@graph\":[{\"@type\":\"WebPage\",\"@id\":\"https:\/\/mollersomega3.nl\/waar-te-koop\/\",\"url\":\"https:\/\/mollersomega3.nl\/waar-te-koop\/\",\"name\":\"O\u00f9 acheter - Points de vente - M\u00f6llers Omega-3\",\"isPartOf\":{\"@id\":\"https:\/\/mollersomega3.nl\/#website\"},\"primaryImageOfPage\":{\"@id\":\"https:\/\/mollersomega3.nl\/waar-te-koop\/#primaryimage\"},\"image\":{\"@id\":\"https:\/\/mollersomega3.nl\/waar-te-koop\/#primaryimage\"},\"thumbnailUrl\":\"https:\/\/mollersomega3.nl\/wp-content\/uploads\/2020\/12\/Mollers_logo_Flag_omega3_ENG_vertical_641x589_300PPI.png\",\"datePublished\":\"2020-07-09T16:04:57+00:00\",\"dateModified\":\"2025-07-04T07:17:55+00:00\",\"description\":\"O\u00f9 acheter M\u00f6ller's Omega-3 ? Dans la boutique en ligne officielle, dans les pharmacies, les magasins de vitamines, les magasins de produits naturels, les parapharmacies.\",\"breadcrumb\":{\"@id\":\"https:\/\/mollersomega3.nl\/waar-te-koop\/#breadcrumb\"},\"inLanguage\":\"fr-FR\",\"potentialAction\":[{\"@type\":\"ReadAction\",\"target\":[\"https:\/\/mollersomega3.nl\/waar-te-koop\/\"]}]},{\"@type\":\"ImageObject\",\"inLanguage\":\"fr-FR\",\"@id\":\"https:\/\/mollersomega3.nl\/waar-te-koop\/#primaryimage\",\"url\":\"https:\/\/mollersomega3.nl\/wp-content\/uploads\/2020\/12\/Mollers_logo_Flag_omega3_ENG_vertical_641x589_300PPI.png\",\"contentUrl\":\"https:\/\/mollersomega3.nl\/wp-content\/uploads\/2020\/12\/Mollers_logo_Flag_omega3_ENG_vertical_641x589_300PPI.png\"},{\"@type\":\"BreadcrumbList\",\"@id\":\"https:\/\/mollersomega3.nl\/waar-te-koop\/#breadcrumb\",\"itemListElement\":[{\"@type\":\"ListItem\",\"position\":1,\"name\":\"Accueil\",\"item\":\"https:\/\/mollersomega3.nl\/fr\/\"},{\"@type\":\"ListItem\",\"position\":2,\"name\":\"O\u00f9 acheter\"}]},{\"@type\":\"WebSite\",\"@id\":\"https:\/\/mollersomega3.nl\/#website\",\"url\":\"https:\/\/mollersomega3.nl\/\",\"name\":\"M\u00f6llers Omega-3\",\"description\":\"A Spoonful of Life since 1854\",\"publisher\":{\"@id\":\"https:\/\/mollersomega3.nl\/#organization\"},\"potentialAction\":[{\"@type\":\"SearchAction\",\"target\":{\"@type\":\"EntryPoint\",\"urlTemplate\":\"https:\/\/mollersomega3.nl\/?s={search_term_string}\"},\"query-input\":{\"@type\":\"PropertyValueSpecification\",\"valueRequired\":true,\"valueName\":\"search_term_string\"}}],\"inLanguage\":\"fr-FR\"},{\"@type\":\"Organization\",\"@id\":\"https:\/\/mollersomega3.nl\/#organization\",\"name\":\"M\u00f6llers Omega-3\",\"url\":\"https:\/\/mollersomega3.nl\/\",\"logo\":{\"@type\":\"ImageObject\",\"inLanguage\":\"fr-FR\",\"@id\":\"https:\/\/mollersomega3.nl\/#\/schema\/logo\/image\/\",\"url\":\"https:\/\/mollersomega3.nl\/wp-content\/uploads\/2020\/07\/mollers-logo-bestellingen.png\",\"contentUrl\":\"https:\/\/mollersomega3.nl\/wp-content\/uploads\/2020\/07\/mollers-logo-bestellingen.png\",\"width\":250,\"height\":86,\"caption\":\"M\u00f6llers Omega-3\"},\"image\":{\"@id\":\"https:\/\/mollersomega3.nl\/#\/schema\/logo\/image\/\"},\"sameAs\":[\"https:\/\/www.facebook.com\/MollersOmega3NL\",\"https:\/\/www.instagram.com\/mollersomega3nl\/\",\"https:\/\/nl.linkedin.com\/company\/good-life-international\",\"https:\/\/www.bol.com\/nl\/nl\/m\/mollers\/\",\"https:\/\/mollersomega3.nl\/en\/\"],\"foundingDate\":\"1854\",\"areaServed\":[\"GB\",\"IE\",\"US\",\"CA\",\"AU\",\"NZ\",\"NL\"],\"knowsAbout\":[\"omega-3\",\"cod liver oil\",\"fish oil\",\"DHA\",\"EPA\",\"vitamin D\"],\"description\":\"Norwegian premium omega-3 brand since 1854. Cod liver oil and fish oil supplements with omega-3, vitamins A, D and E.\"}]}<\/script>\n<!-- \/ Yoast SEO Premium plugin. -->","yoast_head_json":{"title":"O\u00f9 acheter - Points de vente - M\u00f6llers Omega-3","description":"O\u00f9 acheter M\u00f6ller's Omega-3 ? Dans la boutique en ligne officielle, dans les pharmacies, les magasins de vitamines, les magasins de produits naturels, les parapharmacies.","robots":{"index":"index","follow":"follow","max-snippet":"max-snippet:-1","max-image-preview":"max-image-preview:large","max-video-preview":"max-video-preview:-1"},"canonical":"https:\/\/mollersomega3.nl\/waar-te-koop\/","og_locale":"fr_FR","og_type":"article","og_title":"O\u00f9 acheter","og_description":"O\u00f9 acheter M\u00f6ller's Omega-3 ? Dans la boutique en ligne officielle, dans les pharmacies, les magasins de vitamines, les magasins de produits naturels, les parapharmacies.","og_url":"https:\/\/mollersomega3.nl\/waar-te-koop\/","og_site_name":"M\u00f6llers Omega-3","article_publisher":"https:\/\/www.facebook.com\/mollersomega3nl","article_modified_time":"2025-07-04T07:17:55+00:00","og_image":[{"url":"https:\/\/mollersomega3.nl\/wp-content\/uploads\/2020\/12\/Mollers_logo_Flag_omega3_ENG_vertical_641x589_300PPI.png","type":"","width":"","height":""}],"twitter_card":"summary_large_image","twitter_site":"@mollersomega3nl","twitter_misc":{"Est. reading time":"1 minute"},"schema":{"@context":"https:\/\/schema.org","@graph":[{"@type":"WebPage","@id":"https:\/\/mollersomega3.nl\/waar-te-koop\/","url":"https:\/\/mollersomega3.nl\/waar-te-koop\/","name":"O\u00f9 acheter - Points de vente - M\u00f6llers Omega-3","isPartOf":{"@id":"https:\/\/mollersomega3.nl\/#website"},"primaryImageOfPage":{"@id":"https:\/\/mollersomega3.nl\/waar-te-koop\/#primaryimage"},"image":{"@id":"https:\/\/mollersomega3.nl\/waar-te-koop\/#primaryimage"},"thumbnailUrl":"https:\/\/mollersomega3.nl\/wp-content\/uploads\/2020\/12\/Mollers_logo_Flag_omega3_ENG_vertical_641x589_300PPI.png","datePublished":"2020-07-09T16:04:57+00:00","dateModified":"2025-07-04T07:17:55+00:00","description":"O\u00f9 acheter M\u00f6ller's Omega-3 ? Dans la boutique en ligne officielle, dans les pharmacies, les magasins de vitamines, les magasins de produits naturels, les parapharmacies.","breadcrumb":{"@id":"https:\/\/mollersomega3.nl\/waar-te-koop\/#breadcrumb"},"inLanguage":"fr-FR","potentialAction":[{"@type":"ReadAction","target":["https:\/\/mollersomega3.nl\/waar-te-koop\/"]}]},{"@type":"ImageObject","inLanguage":"fr-FR","@id":"https:\/\/mollersomega3.nl\/waar-te-koop\/#primaryimage","url":"https:\/\/mollersomega3.nl\/wp-content\/uploads\/2020\/12\/Mollers_logo_Flag_omega3_ENG_vertical_641x589_300PPI.png","contentUrl":"https:\/\/mollersomega3.nl\/wp-content\/uploads\/2020\/12\/Mollers_logo_Flag_omega3_ENG_vertical_641x589_300PPI.png"},{"@type":"BreadcrumbList","@id":"https:\/\/mollersomega3.nl\/waar-te-koop\/#breadcrumb","itemListElement":[{"@type":"ListItem","position":1,"name":"Accueil","item":"https:\/\/mollersomega3.nl\/fr\/"},{"@type":"ListItem","position":2,"name":"O\u00f9 acheter"}]},{"@type":"WebSite","@id":"https:\/\/mollersomega3.nl\/#website","url":"https:\/\/mollersomega3.nl\/","name":"M\u00f6llers Omega-3","description":"A Spoonful of Life since 1854","publisher":{"@id":"https:\/\/mollersomega3.nl\/#organization"},"potentialAction":[{"@type":"SearchAction","target":{"@type":"EntryPoint","urlTemplate":"https:\/\/mollersomega3.nl\/?s={search_term_string}"},"query-input":{"@type":"PropertyValueSpecification","valueRequired":true,"valueName":"search_term_string"}}],"inLanguage":"fr-FR"},{"@type":"Organization","@id":"https:\/\/mollersomega3.nl\/#organization","name":"M\u00f6llers Omega-3","url":"https:\/\/mollersomega3.nl\/","logo":{"@type":"ImageObject","inLanguage":"fr-FR","@id":"https:\/\/mollersomega3.nl\/#\/schema\/logo\/image\/","url":"https:\/\/mollersomega3.nl\/wp-content\/uploads\/2020\/07\/mollers-logo-bestellingen.png","contentUrl":"https:\/\/mollersomega3.nl\/wp-content\/uploads\/2020\/07\/mollers-logo-bestellingen.png","width":250,"height":86,"caption":"M\u00f6llers Omega-3"},"image":{"@id":"https:\/\/mollersomega3.nl\/#\/schema\/logo\/image\/"},"sameAs":["https:\/\/www.facebook.com\/MollersOmega3NL","https:\/\/www.instagram.com\/mollersomega3nl\/","https:\/\/nl.linkedin.com\/company\/good-life-international","https:\/\/www.bol.com\/nl\/nl\/m\/mollers\/","https:\/\/mollersomega3.nl\/en\/"],"foundingDate":"1854","areaServed":["GB","IE","US","CA","AU","NZ","NL"],"knowsAbout":["omega-3","cod liver oil","fish oil","DHA","EPA","vitamin D"],"description":"Norwegian premium omega-3 brand since 1854. Cod liver oil and fish oil supplements with omega-3, vitamins A, D and E."}]}},"_links":{"self":[{"href":"https:\/\/mollersomega3.nl\/fr\/wp-json\/wp\/v2\/pages\/1006003","targetHints":{"allow":["GET"]}}],"collection":[{"href":"https:\/\/mollersomega3.nl\/fr\/wp-json\/wp\/v2\/pages"}],"about":[{"href":"https:\/\/mollersomega3.nl\/fr\/wp-json\/wp\/v2\/types\/page"}],"author":[{"embeddable":true,"href":"https:\/\/mollersomega3.nl\/fr\/wp-json\/wp\/v2\/users\/2"}],"replies":[{"embeddable":true,"href":"https:\/\/mollersomega3.nl\/fr\/wp-json\/wp\/v2\/comments?post=1006003"}],"version-history":[{"count":0,"href":"https:\/\/mollersomega3.nl\/fr\/wp-json\/wp\/v2\/pages\/1006003\/revisions"}],"wp:attachment":[{"href":"https:\/\/mollersomega3.nl\/fr\/wp-json\/wp\/v2\/media?parent=1006003"}],"curies":[{"name":"wp","href":"https:\/\/api.w.org\/{rel}","templated":true}]}}