{"id":1006009,"date":"2020-07-20T17:07:29","date_gmt":"2020-07-20T15:07:29","guid":{"rendered":"https:\/\/mollersomega3.nl\/omega-3-et-le-developpement-des-enfants\/"},"modified":"2020-07-20T17:07:29","modified_gmt":"2020-07-20T15:07:29","slug":"omega-3-et-le-developpement-des-enfants","status":"publish","type":"page","link":"https:\/\/mollersomega3.nl\/fr\/omega-3-et-le-developpement-des-enfants\/","title":{"rendered":"Om\u00e9ga 3 et le d\u00e9veloppement des enfants"},"content":{"rendered":"<h2>L&#8217;om\u00e9ga-3 est important pour le d\u00e9veloppement des enfants<\/h2>\n<p>L&#8217;Om\u00e9ga-3 de M\u00f6ller&#8217;s a un effet positif sur le d\u00e9veloppement des enfants. Les all\u00e9gations scientifiques sont les suivantes : d\u00e9veloppement des os, d\u00e9veloppement du cerveau et soutien du syst\u00e8me immunitaire. Super important donc ! Parce que chaque m\u00e8re veut le meilleur pour son enfant.   <\/p>\n<h3>D\u00e9veloppement du cerveau et des yeux<\/h3>\n<p>L&#8217;Om\u00e9ga-3 de M\u00f6ller&#8217;s a une forte concentration d&#8217;acide gras om\u00e9ga-3 DHA. Le DHA est un \u00e9l\u00e9ment constitutif important du <a href=\"https:\/\/mollersomega3.nl\/fr\/cerveau\/\">cerveau<\/a>*. De plus, il est bon pour la <a href=\"https:\/\/mollersomega3.nl\/fr\/yeux\/\">vision<\/a>*. Pour les jeunes enfants, un apport suppl\u00e9mentaire de DHA est recommand\u00e9. Cela peut en effet contribuer au d\u00e9veloppement de leur syst\u00e8me nerveux.    <\/p>\n<p>* L&#8217;effet b\u00e9n\u00e9fique est obtenu avec un apport quotidien de 250 mg de DHA.<\/p>\n<h3>D\u00e9veloppement des os et des dents<\/h3>\n<p>La vitamine D est n\u00e9cessaire au bon d\u00e9veloppement des <a href=\"https:\/\/mollersomega3.nl\/fr\/vitamine-d-pour-les-os-les-dents-et-les-muscles\/\">os et des dents<\/a>. Le Conseil n\u00e9erlandais de la sant\u00e9 recommande de donner aux enfants jusqu&#8217;\u00e0 4 ans 10 microgrammes de vitamine D suppl\u00e9mentaires par jour. La quantit\u00e9 quotidienne recommand\u00e9e d&#8217;Om\u00e9ga-3 de M\u00f6ller&#8217;s contient 10 microgrammes de vitamine D. Donnez 5 ml, soit 1 cuill\u00e8re \u00e0 dessert par jour.  <\/p>\n<p>De plus, la vitamine D soutient un syst\u00e8me immunitaire sain et une bonne fonction musculaire.<\/p>\n<h3>Syst\u00e8me immunitaire<\/h3>\n<p>Les vitamines A et D contenues dans l&#8217;Om\u00e9ga-3 de M\u00f6ller&#8217;s soutiennent le <a href=\"https:\/\/mollersomega3.nl\/fr\/systeme-immunitaire\/\">syst\u00e8me immunitaire<\/a>, y compris celui des enfants.<\/p>\n<h2>De plus, l&#8217;Om\u00e9ga-3 de M\u00f6ller&#8217;s est :<\/h2>\n<ul>\n<li>Tr\u00e8s facile \u00e0 prendre, gr\u00e2ce \u00e0 sa forme liquide. C&#8217;est donc une v\u00e9ritable solution pour les enfants qui ont du mal \u00e0 avaler des capsules. Cela vaut d&#8217;ailleurs aussi pour certains adultes.  <\/li>\n<li>Un compl\u00e9ment naturel. Ce n&#8217;est ni une pilule, ni une capsule. Il ne contient pas d&#8217;enveloppes de g\u00e9latine ni d&#8217;autres additifs inutiles. L&#8217;huile de foie de morue est naturellement riche en vitamines A et D. C&#8217;est le contraire de l&#8217;huile de poisson en capsules.   <\/li>\n<li>Exceptionnellement riche en acides gras om\u00e9ga-3 sains.<\/li>\n<li>Un compl\u00e9ment naturel pour toute la famille. <a href=\"https:\/\/mollersomega3.nl\/wat-is-omega-3\/\">Les om\u00e9ga-3<\/a> et <a href=\"https:\/\/mollersomega3.nl\/wat-zijn-vitamine-a-d-en-e\/\">les vitamines A et D<\/a> sont en effet \u00e9galement importants pour les adultes ! Notamment pour le cerveau, le c\u0153ur, la r\u00e9sistance, la peau, les yeux et la sant\u00e9 g\u00e9n\u00e9rale. <\/li>\n<li>Disponible en d\u00e9licieuses saveurs (citron, pomme et tutti frutti). Votre enfant vous en demandera lui-m\u00eame tous les jours ! <\/li>\n<li>Une cuill\u00e8re d&#8217;huile de foie de morue chaque jour. Ainsi, votre famille est assur\u00e9e d&#8217;avoir suffisamment d&#8217;om\u00e9ga-3 et de vitamine D, dont beaucoup manquent rapidement. <\/li>\n<\/ul>\n<p>En bref : un excellent compl\u00e9ment pour toute la famille !<\/p>\n<h2>L&#8217;Om\u00e9ga-3 de M\u00f6ller&#8217;s convient aux enfants \u00e0 partir de 6 mois<\/h2>\n<h3>Quantit\u00e9 recommand\u00e9e pour les enfants \u00e0 partir de 6 mois<\/h3>\n<p>Quantit\u00e9 quotidienne recommand\u00e9e pour les enfants \u00e0 partir de 6 mois : <strong>2,5 ml<\/strong> (= 1\/2 cuill\u00e8re \u00e0 dessert).<br \/>\nIl est conseill\u00e9 de commencer par une demi-cuill\u00e8re \u00e0 dessert par jour. D\u00e8s que l&#8217;enfant est habitu\u00e9 \u00e0 l&#8217;huile, cette quantit\u00e9 peut \u00eatre augment\u00e9e jusqu&#8217;\u00e0 1 cuill\u00e8re \u00e0 dessert (= 5 ml) par jour. <\/p>\n<p>Les enfants \u00e0 partir de 6 mois b\u00e9n\u00e9ficient \u00e9galement de l&#8217;huile de foie de morue. Les acides gras om\u00e9ga-3 sont n\u00e9cessaires \u00e0 la croissance et au d\u00e9veloppement normaux des enfants. L&#8217;om\u00e9ga-3 (DHA) est un \u00e9l\u00e9ment constitutif important du cerveau et soutient \u00e9galement le d\u00e9veloppement de la vision. La vitamine D est essentielle au bon d\u00e9veloppement des os et des dents. Le Conseil de la sant\u00e9 recommande de donner aux enfants jusqu&#8217;\u00e0 4 ans un suppl\u00e9ment de vitamine D.    <\/p>\n<h3>Quantit\u00e9 recommand\u00e9e pour les adultes et les enfants \u00e0 partir de 3 ans<\/h3>\n<p>Quantit\u00e9 quotidienne recommand\u00e9e pour les enfants \u00e0 partir de 3 ans et les adultes : <strong>5 ml<\/strong> (= 1 cuill\u00e8re \u00e0 dessert).<br \/>\n\u00c9galement recommand\u00e9 pour les femmes enceintes et les femmes qui allaitent.<\/p>\n<p>Prenez l&#8217;huile de pr\u00e9f\u00e9rence pendant le repas, pour une absorption optimale des nutriments.<\/p>\n<h2>M\u00f6ller&#8217;s Omega-3 Tutti Frutti est la saveur pr\u00e9f\u00e9r\u00e9e des enfants<\/h2>\n<p>Tutti Frutti est l&#8217;om\u00e9ga-3 que votre enfant prendra avec plaisir chaque jour. Le d\u00e9licieux go\u00fbt de fruit fait que de nombreux enfants demandent M\u00f6ller&#8217;s tous les jours. Riche en om\u00e9ga-3, en vitamine D et avec un go\u00fbt d\u00e9licieux. Tout pour la croissance et le d\u00e9veloppement de votre enfant !   <\/p>\n<div class=\"woocommerce columns-4 \"><ul class=\"products columns-4\">\n<li class=\"product type-product post-1006062 status-publish first instock product_cat-produits has-post-thumbnail taxable shipping-taxable purchasable product-type-simple\">\n\t<a href=\"https:\/\/mollersomega3.nl\/fr\/product\/mollers-omega-3-huile-de-foie-de-morue-citron-250ml\/\" class=\"woocommerce-LoopProduct-link woocommerce-loop-product__link\"><div class=\"thumbnail-wrapper\"><img decoding=\"async\" width=\"1584\" height=\"2792\" src=\"https:\/\/mollersomega3.nl\/wp-content\/uploads\/2020\/06\/Mollers_Citroen_TA25_moeest-gekozen.png\" class=\"attachment-shop_catalog size-shop_catalog wp-post-image\" alt=\"\" srcset=\"https:\/\/mollersomega3.nl\/wp-content\/uploads\/2020\/06\/Mollers_Citroen_TA25_moeest-gekozen.png 1584w, https:\/\/mollersomega3.nl\/wp-content\/uploads\/2020\/06\/Mollers_Citroen_TA25_moeest-gekozen-768x1354.png 768w, https:\/\/mollersomega3.nl\/wp-content\/uploads\/2020\/06\/Mollers_Citroen_TA25_moeest-gekozen-871x1536.png 871w, https:\/\/mollersomega3.nl\/wp-content\/uploads\/2020\/06\/Mollers_Citroen_TA25_moeest-gekozen-1162x2048.png 1162w, https:\/\/mollersomega3.nl\/wp-content\/uploads\/2020\/06\/Mollers_Citroen_TA25_moeest-gekozen-300x529.png 300w, https:\/\/mollersomega3.nl\/wp-content\/uploads\/2020\/06\/Mollers_Citroen_TA25_moeest-gekozen-600x1058.png 600w\" sizes=\"(max-width: 1584px) 100vw, 1584px\" data-xooWscFly=\"fly\" \/><\/div><h2 class=\"woocommerce-loop-product__title\">M\u00f6ller&#8217;s Om\u00e9ga-3 Huile de Foie de Morue Citron \u2013 250ml<\/h2><div class=\"star-rating\" role=\"img\" aria-label=\"Note 4.85 sur 5\"><span style=\"width:97%\">Note <strong class=\"rating\">4.85<\/strong> sur 5<\/span><\/div>\n\t<span class=\"price\"><span class=\"woocommerce-Price-amount amount\"><bdi><span class=\"woocommerce-Price-currencySymbol\">&euro;<\/span>28,30<\/bdi><\/span><span class=\"price-suffix\"><\/span><\/span>\n<\/a><a href=\"?add-to-cart=1006062\" aria-describedby=\"woocommerce_loop_add_to_cart_link_describedby_1006062\" data-quantity=\"1\" class=\"button product_type_simple add_to_cart_button ajax_add_to_cart\" data-product_id=\"1006062\" data-product_sku=\"ML1003\" aria-label=\"Ajouter au panier\u00a0: &ldquo;M\u00f6ller&#039;s Om\u00e9ga-3 Huile de Foie de Morue Citron - 250ml&rdquo;\" rel=\"nofollow\" data-success_message=\"\u00ab\u00a0M\u00f6ller&#039;s Om\u00e9ga-3 Huile de Foie de Morue Citron - 250ml\u00a0\u00bb a \u00e9t\u00e9 ajout\u00e9 \u00e0 votre panier\">Ajouter au panier<\/a>\t<span id=\"woocommerce_loop_add_to_cart_link_describedby_1006062\" class=\"screen-reader-text\">\n\t\t\t<\/span>\n<span class=\"gtm4wp_productdata\" style=\"display:none; visibility:hidden;\" data-gtm4wp_product_data=\"{&quot;internal_id&quot;:1006062,&quot;item_id&quot;:&quot;ML1003&quot;,&quot;item_name&quot;:&quot;M\\u00f6ller&#039;s Om\\u00e9ga-3 Huile de Foie de Morue Citron - 250ml&quot;,&quot;sku&quot;:&quot;ML1003&quot;,&quot;price&quot;:28.3,&quot;stocklevel&quot;:null,&quot;stockstatus&quot;:&quot;instock&quot;,&quot;google_business_vertical&quot;:&quot;retail&quot;,&quot;item_category&quot;:&quot;Produits&quot;,&quot;id&quot;:&quot;ML1003&quot;,&quot;productlink&quot;:&quot;https:\\\/\\\/mollersomega3.nl\\\/fr\\\/product\\\/mollers-omega-3-huile-de-foie-de-morue-citron-250ml\\\/&quot;,&quot;item_list_name&quot;:&quot;General Product List&quot;,&quot;index&quot;:1,&quot;product_type&quot;:&quot;simple&quot;,&quot;item_brand&quot;:&quot;&quot;}\"><\/span><\/li>\n<li class=\"product type-product post-1006076 status-publish instock product_cat-produits has-post-thumbnail taxable shipping-taxable purchasable product-type-simple\">\n\t<a href=\"https:\/\/mollersomega3.nl\/fr\/product\/mollers-omega-3-huile-de-foie-de-morue-pomme-250ml\/\" class=\"woocommerce-LoopProduct-link woocommerce-loop-product__link\"><div class=\"thumbnail-wrapper\"><img decoding=\"async\" width=\"1584\" height=\"2792\" src=\"https:\/\/mollersomega3.nl\/wp-content\/uploads\/2021\/03\/Mollers_Appel_TA25.png\" class=\"attachment-shop_catalog size-shop_catalog wp-post-image\" alt=\"\" srcset=\"https:\/\/mollersomega3.nl\/wp-content\/uploads\/2021\/03\/Mollers_Appel_TA25.png 1584w, https:\/\/mollersomega3.nl\/wp-content\/uploads\/2021\/03\/Mollers_Appel_TA25-768x1354.png 768w, https:\/\/mollersomega3.nl\/wp-content\/uploads\/2021\/03\/Mollers_Appel_TA25-871x1536.png 871w, https:\/\/mollersomega3.nl\/wp-content\/uploads\/2021\/03\/Mollers_Appel_TA25-1162x2048.png 1162w, https:\/\/mollersomega3.nl\/wp-content\/uploads\/2021\/03\/Mollers_Appel_TA25-300x529.png 300w, https:\/\/mollersomega3.nl\/wp-content\/uploads\/2021\/03\/Mollers_Appel_TA25-600x1058.png 600w\" sizes=\"(max-width: 1584px) 100vw, 1584px\" data-xooWscFly=\"fly\" \/><\/div><h2 class=\"woocommerce-loop-product__title\">M\u00f6ller&#8217;s Om\u00e9ga-3 Huile de Foie de Morue Pomme \u2013 250ml<\/h2><div class=\"star-rating\" role=\"img\" aria-label=\"Note 4.71 sur 5\"><span style=\"width:94.2%\">Note <strong class=\"rating\">4.71<\/strong> sur 5<\/span><\/div>\n\t<span class=\"price\"><span class=\"woocommerce-Price-amount amount\"><bdi><span class=\"woocommerce-Price-currencySymbol\">&euro;<\/span>28,30<\/bdi><\/span><span class=\"price-suffix\"><\/span><\/span>\n<\/a><a href=\"?add-to-cart=1006076\" aria-describedby=\"woocommerce_loop_add_to_cart_link_describedby_1006076\" data-quantity=\"1\" class=\"button product_type_simple add_to_cart_button ajax_add_to_cart\" data-product_id=\"1006076\" data-product_sku=\"ML1004\" aria-label=\"Ajouter au panier\u00a0: &ldquo;M\u00f6ller&#039;s Om\u00e9ga-3 Huile de Foie de Morue Pomme - 250ml&rdquo;\" rel=\"nofollow\" data-success_message=\"\u00ab\u00a0M\u00f6ller&#039;s Om\u00e9ga-3 Huile de Foie de Morue Pomme - 250ml\u00a0\u00bb a \u00e9t\u00e9 ajout\u00e9 \u00e0 votre panier\">Ajouter au panier<\/a>\t<span id=\"woocommerce_loop_add_to_cart_link_describedby_1006076\" class=\"screen-reader-text\">\n\t\t\t<\/span>\n<span class=\"gtm4wp_productdata\" style=\"display:none; visibility:hidden;\" data-gtm4wp_product_data=\"{&quot;internal_id&quot;:1006076,&quot;item_id&quot;:&quot;ML1004&quot;,&quot;item_name&quot;:&quot;M\\u00f6ller&#039;s Om\\u00e9ga-3 Huile de Foie de Morue Pomme - 250ml&quot;,&quot;sku&quot;:&quot;ML1004&quot;,&quot;price&quot;:28.3,&quot;stocklevel&quot;:null,&quot;stockstatus&quot;:&quot;instock&quot;,&quot;google_business_vertical&quot;:&quot;retail&quot;,&quot;item_category&quot;:&quot;Produits&quot;,&quot;id&quot;:&quot;ML1004&quot;,&quot;productlink&quot;:&quot;https:\\\/\\\/mollersomega3.nl\\\/fr\\\/product\\\/mollers-omega-3-huile-de-foie-de-morue-pomme-250ml\\\/&quot;,&quot;item_list_name&quot;:&quot;General Product List&quot;,&quot;index&quot;:2,&quot;product_type&quot;:&quot;simple&quot;,&quot;item_brand&quot;:&quot;&quot;}\"><\/span><\/li>\n<li class=\"product type-product post-1006057 status-publish instock product_cat-produits has-post-thumbnail taxable shipping-taxable purchasable product-type-simple\">\n\t<a href=\"https:\/\/mollersomega3.nl\/fr\/product\/mollers-omega-3-huile-de-foie-de-morue-tutti-frutti-250ml-favori-des-enfants\/\" class=\"woocommerce-LoopProduct-link woocommerce-loop-product__link\"><div class=\"thumbnail-wrapper\"><img decoding=\"async\" width=\"1584\" height=\"2792\" src=\"https:\/\/mollersomega3.nl\/wp-content\/uploads\/2020\/06\/Mollers_TF_TA25_favoriet-van-kinderen.png\" class=\"attachment-shop_catalog size-shop_catalog wp-post-image\" alt=\"\" srcset=\"https:\/\/mollersomega3.nl\/wp-content\/uploads\/2020\/06\/Mollers_TF_TA25_favoriet-van-kinderen.png 1584w, https:\/\/mollersomega3.nl\/wp-content\/uploads\/2020\/06\/Mollers_TF_TA25_favoriet-van-kinderen-768x1354.png 768w, https:\/\/mollersomega3.nl\/wp-content\/uploads\/2020\/06\/Mollers_TF_TA25_favoriet-van-kinderen-871x1536.png 871w, https:\/\/mollersomega3.nl\/wp-content\/uploads\/2020\/06\/Mollers_TF_TA25_favoriet-van-kinderen-1162x2048.png 1162w, https:\/\/mollersomega3.nl\/wp-content\/uploads\/2020\/06\/Mollers_TF_TA25_favoriet-van-kinderen-300x529.png 300w, https:\/\/mollersomega3.nl\/wp-content\/uploads\/2020\/06\/Mollers_TF_TA25_favoriet-van-kinderen-600x1058.png 600w\" sizes=\"(max-width: 1584px) 100vw, 1584px\" data-xooWscFly=\"fly\" \/><\/div><h2 class=\"woocommerce-loop-product__title\">M\u00f6ller&#8217;s Omega-3 Huile de foie de morue Tutti Frutti \u2013 250ml \u2013 Favori des enfants<\/h2><div class=\"star-rating\" role=\"img\" aria-label=\"Note 4.96 sur 5\"><span style=\"width:99.2%\">Note <strong class=\"rating\">4.96<\/strong> sur 5<\/span><\/div>\n\t<span class=\"price\"><span class=\"woocommerce-Price-amount amount\"><bdi><span class=\"woocommerce-Price-currencySymbol\">&euro;<\/span>28,30<\/bdi><\/span><span class=\"price-suffix\"><\/span><\/span>\n<\/a><a href=\"?add-to-cart=1006057\" aria-describedby=\"woocommerce_loop_add_to_cart_link_describedby_1006057\" data-quantity=\"1\" class=\"button product_type_simple add_to_cart_button ajax_add_to_cart\" data-product_id=\"1006057\" data-product_sku=\"ML1005\" aria-label=\"Ajouter au panier\u00a0: &ldquo;M\u00f6ller&#039;s Omega-3 Huile de foie de morue Tutti Frutti - 250ml - Favori des enfants&rdquo;\" rel=\"nofollow\" data-success_message=\"\u00ab\u00a0M\u00f6ller&#039;s Omega-3 Huile de foie de morue Tutti Frutti - 250ml - Favori des enfants\u00a0\u00bb a \u00e9t\u00e9 ajout\u00e9 \u00e0 votre panier\">Ajouter au panier<\/a>\t<span id=\"woocommerce_loop_add_to_cart_link_describedby_1006057\" class=\"screen-reader-text\">\n\t\t\t<\/span>\n<span class=\"gtm4wp_productdata\" style=\"display:none; visibility:hidden;\" data-gtm4wp_product_data=\"{&quot;internal_id&quot;:1006057,&quot;item_id&quot;:&quot;ML1005&quot;,&quot;item_name&quot;:&quot;M\\u00f6ller&#039;s Omega-3 Huile de foie de morue Tutti Frutti - 250ml - Favori des enfants&quot;,&quot;sku&quot;:&quot;ML1005&quot;,&quot;price&quot;:28.3,&quot;stocklevel&quot;:null,&quot;stockstatus&quot;:&quot;instock&quot;,&quot;google_business_vertical&quot;:&quot;retail&quot;,&quot;item_category&quot;:&quot;Produits&quot;,&quot;id&quot;:&quot;ML1005&quot;,&quot;productlink&quot;:&quot;https:\\\/\\\/mollersomega3.nl\\\/fr\\\/product\\\/mollers-omega-3-huile-de-foie-de-morue-tutti-frutti-250ml-favori-des-enfants\\\/&quot;,&quot;item_list_name&quot;:&quot;General Product List&quot;,&quot;index&quot;:3,&quot;product_type&quot;:&quot;simple&quot;,&quot;item_brand&quot;:&quot;&quot;}\"><\/span><\/li>\n<\/ul>\n<\/div>\n","protected":false},"excerpt":{"rendered":"<p>L&#8217;om\u00e9ga-3 est important pour le d\u00e9veloppement des enfants L&#8217;Om\u00e9ga-3 de M\u00f6ller&#8217;s a un effet positif sur le d\u00e9veloppement des enfants. Les all\u00e9gations scientifiques sont les suivantes : d\u00e9veloppement des os, d\u00e9veloppement du cerveau et soutien du syst\u00e8me immunitaire. Super important donc ! Parce que chaque m\u00e8re veut le meilleur pour son enfant. D\u00e9veloppement du cerveau [&hellip;]<\/p>\n","protected":false},"author":2,"featured_media":0,"parent":0,"menu_order":0,"comment_status":"closed","ping_status":"closed","template":"","meta":{"_yoast_wpseo_focuskw":"Le d\u00e9veloppement des enfants","_yoast_wpseo_title":"%%title%%","_yoast_wpseo_metadesc":"Le d\u00e9veloppement des enfants. L'Om\u00e9ga-3 de M\u00f6ller's a un effet positif sur le d\u00e9veloppement des os, le d\u00e9veloppement du cerveau et le syst\u00e8me immunitaire.","_monsterinsights_skip_tracking":false,"_monsterinsights_sitenote_active":false,"_monsterinsights_sitenote_note":"","_monsterinsights_sitenote_category":0,"footnotes":""},"class_list":["post-1006009","page","type-page","status-publish","hentry"],"yoast_head":"<!-- This site is optimized with the Yoast SEO Premium plugin v25.1 (Yoast SEO v25.1) - https:\/\/yoast.com\/wordpress\/plugins\/seo\/ -->\n<title>Om\u00e9ga 3 et le d\u00e9veloppement des enfants<\/title>\n<meta name=\"description\" content=\"Le d\u00e9veloppement des enfants. L&#039;Om\u00e9ga-3 de M\u00f6ller&#039;s a un effet positif sur le d\u00e9veloppement des os, le d\u00e9veloppement du cerveau et le syst\u00e8me immunitaire.\" \/>\n<meta name=\"robots\" content=\"index, follow, max-snippet:-1, max-image-preview:large, max-video-preview:-1\" \/>\n<link rel=\"canonical\" href=\"https:\/\/mollersomega3.nl\/?page_id=877\" \/>\n<meta property=\"og:locale\" content=\"fr_FR\" \/>\n<meta property=\"og:type\" content=\"article\" \/>\n<meta property=\"og:title\" content=\"Om\u00e9ga 3 et le d\u00e9veloppement des enfants\" \/>\n<meta property=\"og:description\" content=\"Le d\u00e9veloppement des enfants. L&#039;Om\u00e9ga-3 de M\u00f6ller&#039;s a un effet positif sur le d\u00e9veloppement des os, le d\u00e9veloppement du cerveau et le syst\u00e8me immunitaire.\" \/>\n<meta property=\"og:url\" content=\"https:\/\/mollersomega3.nl\/?page_id=877\" \/>\n<meta property=\"og:site_name\" content=\"M\u00f6llers Omega-3\" \/>\n<meta property=\"article:publisher\" content=\"https:\/\/www.facebook.com\/mollersomega3nl\" \/>\n<meta property=\"og:image\" content=\"https:\/\/mollersomega3.nl\/wp-content\/uploads\/2020\/12\/Mollers_logo_Flag_omega3_ENG_vertical_641x589_300PPI.png\" \/>\n\t<meta property=\"og:image:width\" content=\"641\" \/>\n\t<meta property=\"og:image:height\" content=\"589\" \/>\n\t<meta property=\"og:image:type\" content=\"image\/png\" \/>\n<meta name=\"twitter:card\" content=\"summary_large_image\" \/>\n<meta name=\"twitter:site\" content=\"@mollersomega3nl\" \/>\n<meta name=\"twitter:label1\" content=\"Est. reading time\" \/>\n\t<meta name=\"twitter:data1\" content=\"4 minutes\" \/>\n<script type=\"application\/ld+json\" class=\"yoast-schema-graph\">{\"@context\":\"https:\/\/schema.org\",\"@graph\":[{\"@type\":\"WebPage\",\"@id\":\"https:\/\/mollersomega3.nl\/?page_id=877\",\"url\":\"https:\/\/mollersomega3.nl\/?page_id=877\",\"name\":\"Om\u00e9ga 3 et le d\u00e9veloppement des enfants\",\"isPartOf\":{\"@id\":\"https:\/\/mollersomega3.nl\/#website\"},\"datePublished\":\"2020-07-20T15:07:29+00:00\",\"description\":\"Le d\u00e9veloppement des enfants. L'Om\u00e9ga-3 de M\u00f6ller's a un effet positif sur le d\u00e9veloppement des os, le d\u00e9veloppement du cerveau et le syst\u00e8me immunitaire.\",\"breadcrumb\":{\"@id\":\"https:\/\/mollersomega3.nl\/?page_id=877#breadcrumb\"},\"inLanguage\":\"fr-FR\",\"potentialAction\":[{\"@type\":\"ReadAction\",\"target\":[\"https:\/\/mollersomega3.nl\/?page_id=877\"]}]},{\"@type\":\"BreadcrumbList\",\"@id\":\"https:\/\/mollersomega3.nl\/?page_id=877#breadcrumb\",\"itemListElement\":[{\"@type\":\"ListItem\",\"position\":1,\"name\":\"Accueil\",\"item\":\"https:\/\/mollersomega3.nl\/fr\/\"},{\"@type\":\"ListItem\",\"position\":2,\"name\":\"Om\u00e9ga 3 et le d\u00e9veloppement des enfants\"}]},{\"@type\":\"WebSite\",\"@id\":\"https:\/\/mollersomega3.nl\/#website\",\"url\":\"https:\/\/mollersomega3.nl\/\",\"name\":\"M\u00f6llers Omega-3\",\"description\":\"A Spoonful of Life since 1854\",\"publisher\":{\"@id\":\"https:\/\/mollersomega3.nl\/#organization\"},\"potentialAction\":[{\"@type\":\"SearchAction\",\"target\":{\"@type\":\"EntryPoint\",\"urlTemplate\":\"https:\/\/mollersomega3.nl\/?s={search_term_string}\"},\"query-input\":{\"@type\":\"PropertyValueSpecification\",\"valueRequired\":true,\"valueName\":\"search_term_string\"}}],\"inLanguage\":\"fr-FR\"},{\"@type\":\"Organization\",\"@id\":\"https:\/\/mollersomega3.nl\/#organization\",\"name\":\"M\u00f6llers Omega-3\",\"url\":\"https:\/\/mollersomega3.nl\/\",\"logo\":{\"@type\":\"ImageObject\",\"inLanguage\":\"fr-FR\",\"@id\":\"https:\/\/mollersomega3.nl\/#\/schema\/logo\/image\/\",\"url\":\"https:\/\/mollersomega3.nl\/wp-content\/uploads\/2020\/07\/mollers-logo-bestellingen.png\",\"contentUrl\":\"https:\/\/mollersomega3.nl\/wp-content\/uploads\/2020\/07\/mollers-logo-bestellingen.png\",\"width\":250,\"height\":86,\"caption\":\"M\u00f6llers Omega-3\"},\"image\":{\"@id\":\"https:\/\/mollersomega3.nl\/#\/schema\/logo\/image\/\"},\"sameAs\":[\"https:\/\/www.facebook.com\/MollersOmega3NL\",\"https:\/\/www.instagram.com\/mollersomega3nl\/\",\"https:\/\/nl.linkedin.com\/company\/good-life-international\",\"https:\/\/www.bol.com\/nl\/nl\/m\/mollers\/\",\"https:\/\/mollersomega3.nl\/en\/\"],\"foundingDate\":\"1854\",\"areaServed\":[\"GB\",\"IE\",\"US\",\"CA\",\"AU\",\"NZ\",\"NL\"],\"knowsAbout\":[\"omega-3\",\"cod liver oil\",\"fish oil\",\"DHA\",\"EPA\",\"vitamin D\"],\"description\":\"Norwegian premium omega-3 brand since 1854. Cod liver oil and fish oil supplements with omega-3, vitamins A, D and E.\"}]}<\/script>\n<!-- \/ Yoast SEO Premium plugin. -->","yoast_head_json":{"title":"Om\u00e9ga 3 et le d\u00e9veloppement des enfants","description":"Le d\u00e9veloppement des enfants. L'Om\u00e9ga-3 de M\u00f6ller's a un effet positif sur le d\u00e9veloppement des os, le d\u00e9veloppement du cerveau et le syst\u00e8me immunitaire.","robots":{"index":"index","follow":"follow","max-snippet":"max-snippet:-1","max-image-preview":"max-image-preview:large","max-video-preview":"max-video-preview:-1"},"canonical":"https:\/\/mollersomega3.nl\/?page_id=877","og_locale":"fr_FR","og_type":"article","og_title":"Om\u00e9ga 3 et le d\u00e9veloppement des enfants","og_description":"Le d\u00e9veloppement des enfants. L'Om\u00e9ga-3 de M\u00f6ller's a un effet positif sur le d\u00e9veloppement des os, le d\u00e9veloppement du cerveau et le syst\u00e8me immunitaire.","og_url":"https:\/\/mollersomega3.nl\/?page_id=877","og_site_name":"M\u00f6llers Omega-3","article_publisher":"https:\/\/www.facebook.com\/mollersomega3nl","og_image":[{"width":641,"height":589,"url":"https:\/\/mollersomega3.nl\/wp-content\/uploads\/2020\/12\/Mollers_logo_Flag_omega3_ENG_vertical_641x589_300PPI.png","type":"image\/png"}],"twitter_card":"summary_large_image","twitter_site":"@mollersomega3nl","twitter_misc":{"Est. reading time":"4 minutes"},"schema":{"@context":"https:\/\/schema.org","@graph":[{"@type":"WebPage","@id":"https:\/\/mollersomega3.nl\/?page_id=877","url":"https:\/\/mollersomega3.nl\/?page_id=877","name":"Om\u00e9ga 3 et le d\u00e9veloppement des enfants","isPartOf":{"@id":"https:\/\/mollersomega3.nl\/#website"},"datePublished":"2020-07-20T15:07:29+00:00","description":"Le d\u00e9veloppement des enfants. L'Om\u00e9ga-3 de M\u00f6ller's a un effet positif sur le d\u00e9veloppement des os, le d\u00e9veloppement du cerveau et le syst\u00e8me immunitaire.","breadcrumb":{"@id":"https:\/\/mollersomega3.nl\/?page_id=877#breadcrumb"},"inLanguage":"fr-FR","potentialAction":[{"@type":"ReadAction","target":["https:\/\/mollersomega3.nl\/?page_id=877"]}]},{"@type":"BreadcrumbList","@id":"https:\/\/mollersomega3.nl\/?page_id=877#breadcrumb","itemListElement":[{"@type":"ListItem","position":1,"name":"Accueil","item":"https:\/\/mollersomega3.nl\/fr\/"},{"@type":"ListItem","position":2,"name":"Om\u00e9ga 3 et le d\u00e9veloppement des enfants"}]},{"@type":"WebSite","@id":"https:\/\/mollersomega3.nl\/#website","url":"https:\/\/mollersomega3.nl\/","name":"M\u00f6llers Omega-3","description":"A Spoonful of Life since 1854","publisher":{"@id":"https:\/\/mollersomega3.nl\/#organization"},"potentialAction":[{"@type":"SearchAction","target":{"@type":"EntryPoint","urlTemplate":"https:\/\/mollersomega3.nl\/?s={search_term_string}"},"query-input":{"@type":"PropertyValueSpecification","valueRequired":true,"valueName":"search_term_string"}}],"inLanguage":"fr-FR"},{"@type":"Organization","@id":"https:\/\/mollersomega3.nl\/#organization","name":"M\u00f6llers Omega-3","url":"https:\/\/mollersomega3.nl\/","logo":{"@type":"ImageObject","inLanguage":"fr-FR","@id":"https:\/\/mollersomega3.nl\/#\/schema\/logo\/image\/","url":"https:\/\/mollersomega3.nl\/wp-content\/uploads\/2020\/07\/mollers-logo-bestellingen.png","contentUrl":"https:\/\/mollersomega3.nl\/wp-content\/uploads\/2020\/07\/mollers-logo-bestellingen.png","width":250,"height":86,"caption":"M\u00f6llers Omega-3"},"image":{"@id":"https:\/\/mollersomega3.nl\/#\/schema\/logo\/image\/"},"sameAs":["https:\/\/www.facebook.com\/MollersOmega3NL","https:\/\/www.instagram.com\/mollersomega3nl\/","https:\/\/nl.linkedin.com\/company\/good-life-international","https:\/\/www.bol.com\/nl\/nl\/m\/mollers\/","https:\/\/mollersomega3.nl\/en\/"],"foundingDate":"1854","areaServed":["GB","IE","US","CA","AU","NZ","NL"],"knowsAbout":["omega-3","cod liver oil","fish oil","DHA","EPA","vitamin D"],"description":"Norwegian premium omega-3 brand since 1854. Cod liver oil and fish oil supplements with omega-3, vitamins A, D and E."}]}},"_links":{"self":[{"href":"https:\/\/mollersomega3.nl\/fr\/wp-json\/wp\/v2\/pages\/1006009","targetHints":{"allow":["GET"]}}],"collection":[{"href":"https:\/\/mollersomega3.nl\/fr\/wp-json\/wp\/v2\/pages"}],"about":[{"href":"https:\/\/mollersomega3.nl\/fr\/wp-json\/wp\/v2\/types\/page"}],"author":[{"embeddable":true,"href":"https:\/\/mollersomega3.nl\/fr\/wp-json\/wp\/v2\/users\/2"}],"replies":[{"embeddable":true,"href":"https:\/\/mollersomega3.nl\/fr\/wp-json\/wp\/v2\/comments?post=1006009"}],"version-history":[{"count":0,"href":"https:\/\/mollersomega3.nl\/fr\/wp-json\/wp\/v2\/pages\/1006009\/revisions"}],"wp:attachment":[{"href":"https:\/\/mollersomega3.nl\/fr\/wp-json\/wp\/v2\/media?parent=1006009"}],"curies":[{"name":"wp","href":"https:\/\/api.w.org\/{rel}","templated":true}]}}