{"id":1006011,"date":"2021-02-09T18:21:25","date_gmt":"2021-02-09T17:21:25","guid":{"rendered":"https:\/\/mollersomega3.nl\/informations-scientifiques-pour-les-professionnels\/"},"modified":"2021-02-09T18:21:25","modified_gmt":"2021-02-09T17:21:25","slug":"informations-scientifiques-pour-les-professionnels","status":"publish","type":"page","link":"https:\/\/mollersomega3.nl\/fr\/informations-scientifiques-pour-les-professionnels\/","title":{"rendered":"Informations scientifiques pour les professionnels"},"content":{"rendered":"<p>Sp\u00e9cialement pour les professionnels, nous partageons ici les recherches scientifiques les plus r\u00e9centes avec les liens correspondants. M\u00f6ller&#8217;s Omega-3 est de l&#8217;huile de foie de morue pure, riche en acides gras om\u00e9ga-3 et en vitamines A, D et E. Les articles r\u00e9cents sur les om\u00e9ga-3, la vitamine D, l&#8217;huile de foie de morue, l&#8217;huile de poisson et la COVID-19 sont mentionn\u00e9s ici. Les all\u00e9gations de sant\u00e9 approuv\u00e9es par l&#8217;EFSA peuvent \u00eatre consult\u00e9es <a href=\"https:\/\/mollersomega3.nl\/voor-het-hele-lichaam\/\" target=\"_blank\" rel=\"noopener\">ici<\/a>.  <\/p>\n<h2>COVID-19<\/h2>\n<h3>Vitamine D3 et gravit\u00e9 de la maladie due \u00e0 la COVID-19<\/h3>\n<p><em>3 f\u00e9vrier 2022, lien vers l&#8217;article scientifique : <a href=\"https:\/\/journals.plos.org\/plosone\/article?id=10.1371\/journal.pone.0263069\" target=\"_blank\" rel=\"noopener\">Pre-infection 25-hydroxyvitamin D3 levels and association with severity of COVID-19 illness.<\/a><\/em><\/p>\n<p>Depuis le d\u00e9but de la pand\u00e9mie, de nombreux rapports de recherche ont \u00e9t\u00e9 publi\u00e9s sur le lien entre la vitamine D et la maladie caus\u00e9e par le virus COVID-19. La conclusion de cette \u00e9tude r\u00e9cente \u00e9tait : \u00ab Chez les patients hospitalis\u00e9s atteints de COVID-19, une carence en vitamine D pr\u00e9-infection \u00e9tait associ\u00e9e \u00e0 une augmentation de la gravit\u00e9 de la maladie et de la mortalit\u00e9. \u00bb <\/p>\n<h3 class=\"article-header__title\">Acides gras om\u00e9ga-3 et risque de d\u00e9c\u00e8s d\u00fb \u00e0 la COVID-19<\/h3>\n<p><em>20 janvier 2021, lien vers l&#8217;article scientifique : <a href=\"https:\/\/www.plefa.com\/article\/S0952-3278(21)00013-2\/fulltext\" target=\"_blank\" rel=\"noopener\">Blood omega-3 fatty acids and death from COVID-19: A pilot study<\/a><\/em><\/p>\n<p>Le 20 janvier 2021, une nouvelle \u00e9tude a \u00e9t\u00e9 publi\u00e9e sur le lien entre le niveau d&#8217;indice om\u00e9ga-3 et le risque de d\u00e9c\u00e8s d\u00fb \u00e0 la COVID-19. L&#8217;un des auteurs est le professeur William Harris, l&#8217;un des meilleurs scientifiques au monde dans le domaine de la recherche sur les om\u00e9ga-3. Il s&#8217;agit d&#8217;une \u00e9tude pilote portant sur 100 patients. Les r\u00e9sultats de cette recherche<span class=\"VIiyi\" lang=\"nl\"><span class=\"JLqJ4b ChMk0b\" data-language-for-alternatives=\"nl\" data-language-to-translate-into=\"auto\" data-phrase-index=\"0\"> sugg\u00e8rent que <strong>un indice om\u00e9ga-3 plus \u00e9lev\u00e9 peut r\u00e9duire le risque de d\u00e9c\u00e8s d\u00fb \u00e0 la COVID-19<\/strong>.<\/span><\/span>    <\/p>\n<p>C&#8217;est la premi\u00e8re preuve directe que des niveaux sanguins plus \u00e9lev\u00e9s d&#8217;om\u00e9ga-3 peuvent r\u00e9duire le risque de d\u00e9c\u00e8s d\u00fb \u00e0 l&#8217;infection par la COVID-19. L&#8217;article a \u00e9t\u00e9 publi\u00e9 le 20 janvier 2021 dans la revue <span class=\"VIiyi\" lang=\"nl\"><span class=\"JLqJ4b ChMk0b\" data-language-for-alternatives=\"nl\" data-language-to-translate-into=\"auto\" data-phrase-index=\"1\">Prostaglandins, Leukotrienes and Essential Fatty Acids.<\/span><\/span> <\/p>\n<h3>Acides gras om\u00e9ga-3, vitamine D et COVID-19<\/h3>\n<p><em>30 novembre 2020, lien vers l&#8217;article scientifique : <\/em><em><a href=\"https:\/\/www.medrxiv.org\/content\/10.1101\/2020.11.27.20239087v1\" target=\"_blank\" rel=\"noopener\">Dietary supplements during the COVID-19 pandemic: insights from 1.4M users of the COVID Symptom Study app \u2013 a longitudinal app-based community survey<\/a><\/em><\/p>\n<p>Depuis le d\u00e9but de la pand\u00e9mie, environ 1,4 million de personnes ont particip\u00e9 \u00e0 une enqu\u00eate sur l&#8217;utilisation de compl\u00e9ments alimentaires. Des r\u00e9sidents du Royaume-Uni, des \u00c9tats-Unis et de la Su\u00e8de faisaient partie de la population \u00e9tudi\u00e9e. Ces r\u00e9sultats ont \u00e9t\u00e9 publi\u00e9s fin 2020.  <\/p>\n<p>Dans cette \u00e9tude observationnelle, <strong>une association modeste mais significative a \u00e9t\u00e9 observ\u00e9e entre l&#8217;utilisation de probiotiques, d&#8217;acides gras om\u00e9ga-3, de suppl\u00e9ments multivitamin\u00e9s ou de vitamine D et un risque plus faible de tester positif au SARS-CoV-2 chez les femmes<\/strong>. Aucun avantage clair n&#8217;a \u00e9t\u00e9 observ\u00e9 pour les hommes, ni aucun effet de la vitamine C, de l&#8217;ail ou du zinc pour les hommes ou les femmes. <\/p>\n<h2>Cerveau<\/h2>\n<p>GOED (Global Organization for EPA and DHA omega-3) a cr\u00e9\u00e9 un aper\u00e7u des \u00e9tudes les plus int\u00e9ressantes sur les om\u00e9ga-3 et les troubles c\u00e9r\u00e9braux.<\/p>\n<p>L&#8217;aper\u00e7u (en anglais) peut \u00eatre t\u00e9l\u00e9charg\u00e9 ici : <a href=\"https:\/\/mollersomega3.nl\/wp-content\/uploads\/2021\/03\/Brain-Health-Monograph.pdf\" target=\"_blank\" rel=\"noopener\">Brain Health Monograph<\/a><\/p>\n<h3>Moins de migraines avec une alimentation riche en om\u00e9ga-3<\/h3>\n<p><em>1er juillet 2021, lien vers l&#8217;article scientifique :<\/em> <a href=\"https:\/\/www.bmj.com\/content\/374\/bmj.n1448\" target=\"_blank\" rel=\"noopener\"><em>Dietary alteration of n-3 and n-6 fatty acids for headache reduction in adults with migraine: randomized controlled trial.<\/em><\/a><\/p>\n<p>Un r\u00e9gime riche en acides gras om\u00e9ga-3 r\u00e9duit la fr\u00e9quence et la gravit\u00e9 des maux de t\u00eate dans les migraines par rapport \u00e0 un r\u00e9gime avec un apport normal en acides gras om\u00e9ga-3 et om\u00e9ga-6.<\/p>\n<p>Cette recherche d\u00e9montre l&#8217;importance des acides gras om\u00e9ga-3 dans la migraine. Dans certains cas, l&#8217;intervention nutritionnelle \u00e9tait aussi efficace que les m\u00e9dicaments. <\/p>\n<h2>C\u0153ur<\/h2>\n<p>GOED (Global Organization for EPA and DHA omega-3) a cr\u00e9\u00e9 un aper\u00e7u des \u00e9tudes les plus int\u00e9ressantes sur les om\u00e9ga-3 et les maladies cardiaques.<\/p>\n<p>L&#8217;aper\u00e7u (en anglais) peut \u00eatre t\u00e9l\u00e9charg\u00e9 ici : <a href=\"https:\/\/mollersomega3.nl\/wp-content\/uploads\/2021\/03\/Cardiovascular-Health-Monograph.pdf\" target=\"_blank\" rel=\"noopener\">Cardiovascular Health Monograph<\/a><\/p>\n<h3>Un indice om\u00e9ga-3 plus \u00e9lev\u00e9 augmente l&#8217;esp\u00e9rance de vie de 5 ans<\/h3>\n<p><em>22 juillet 2021, lien vers l&#8217;article scientifique : <a href=\"https:\/\/academic.oup.com\/ajcn\/article\/114\/4\/1447\/6301120\" target=\"_blank\" rel=\"noopener\">Using an erythrocyte fatty acid fingerprint to predict risk of all-cause mortality: the Framingham Offspring Cohort.<\/a><\/em><\/p>\n<p>Le taux sanguin d&#8217;om\u00e9ga-3 s&#8217;av\u00e8re \u00eatre un bon pr\u00e9dicteur du risque de mortalit\u00e9. Des valeurs sanguines plus \u00e9lev\u00e9es d&#8217;om\u00e9ga-3 augmentent l&#8217;esp\u00e9rance de vie de pr\u00e8s de cinq ans. C&#8217;est comparable \u00e0 l&#8217;effet de l&#8217;arr\u00eat du tabac sur l&#8217;esp\u00e9rance de vie.  <\/p>\n<p>Une augmentation de 1 % d&#8217;om\u00e9ga-3 dans le sang est associ\u00e9e \u00e0 une r\u00e9duction du risque de mortalit\u00e9, comparable \u00e0 l&#8217;arr\u00eat du tabagisme.<\/p>\n<h3>Effet du dosage des om\u00e9ga-3 sur les param\u00e8tres cardiovasculaires et la pr\u00e9vention des maladies cardiovasculaires<\/h3>\n<p><em>17 septembre 2020, lien vers l&#8217;article scientifique : <a href=\"https:\/\/www.mayoclinicproceedings.org\/article\/S0025-6196(20)30985-X\/fulltext\" target=\"_blank\" rel=\"noopener\">Effect of Omega-3 Dosage on Cardiovascular Outcomes \u2013 <span class=\"article-header__sub-title\">An Updated Meta-Analysis and Meta-Regression of Interventional Trials<\/span><\/a><\/em><\/p>\n<p>La conclusion de cette \u00e9tude est : les maladies cardiovasculaires restent la principale cause de d\u00e9c\u00e8s dans le monde. La suppl\u00e9mentation en EPA et DHA est une strat\u00e9gie de mode de vie efficace pour la pr\u00e9vention des maladies cardiovasculaires, et l&#8217;effet protecteur augmente probablement avec le dosage. <\/p>\n<p>Un lien vers une infographie utile de cette recherche : <a href=\"https:\/\/www.goedomega3.com\/storage\/app\/media\/GOED%20Current%20assets\/2020%2009%20September\/GOED-Consumer-web.pdf\" target=\"_blank\" rel=\"noopener\">EPA and DHA omega-3s are associated with improved heart health. <\/a> <\/p>\n<p>Il est recommand\u00e9 de consommer au moins 1000 mg d&#8217;EPA + DHA par jour.<\/p>\n<h2>Yeux et vision<\/h2>\n<p>GOED (Global Organization for EPA and DHA omega-3) a cr\u00e9\u00e9 un aper\u00e7u des \u00e9tudes les plus int\u00e9ressantes sur les om\u00e9ga-3 et les affections oculaires.<\/p>\n<p>L&#8217;aper\u00e7u (en anglais) peut \u00eatre t\u00e9l\u00e9charg\u00e9 ici : <a href=\"https:\/\/mollersomega3.nl\/wp-content\/uploads\/2021\/03\/Eye-Health-Monograph.pdf\" target=\"_blank\" rel=\"noopener\">Eye Health Monograph<\/a><\/p>\n<h2>Articulations<\/h2>\n<p>GOED (Global Organization for EPA and DHA omega-3) a cr\u00e9\u00e9 un aper\u00e7u des \u00e9tudes les plus int\u00e9ressantes sur les om\u00e9ga-3 et les affections articulaires.<\/p>\n<p>L&#8217;aper\u00e7u (en anglais) peut \u00eatre t\u00e9l\u00e9charg\u00e9 ici : <a href=\"https:\/\/mollersomega3.nl\/wp-content\/uploads\/2021\/03\/Joint-Health-Monograph.pdf\" target=\"_blank\" rel=\"noopener\">Joint Health Monograph<\/a><\/p>\n<h2>Grossesse<\/h2>\n<h3>Le DHA r\u00e9duit le risque de naissance pr\u00e9matur\u00e9e<\/h3>\n<p><em>17 mai 2021, lien vers l&#8217;article scientifique : <\/em><a href=\"https:\/\/www.thelancet.com\/journals\/eclinm\/article\/PIIS2589-5370(21)00185-1\/fulltext\" target=\"_blank\" rel=\"noopener\"><em>Higher dose docosahexaenoic acid supplementation during pregnancy and early preterm birth: A randomised, double-blind, adaptive-design superiority trial<\/em><\/a><\/p>\n<p>L&#8217;\u00e9tude ADORE (Assessment of DHA on Reducing Early Preterm Birth) du Dr Susan Carlson et ses coll\u00e8gues a \u00e9t\u00e9 publi\u00e9e en mai 2021 : \u00ab Les r\u00e9sultats de cette \u00e9tude clinique randomis\u00e9e montrent qu&#8217;un suppl\u00e9ment quotidien de 1000 mg de DHA est probablement meilleur que 200 mg pour r\u00e9duire les naissances pr\u00e9matur\u00e9es (Early Preterm Birth) avant 34 semaines de grossesse, et tr\u00e8s probablement meilleur chez les femmes enceintes ayant un faible statut en DHA. \u00bb Un dosage plus \u00e9lev\u00e9 de DHA semble \u00eatre plus efficace dans la protection contre les naissances pr\u00e9matur\u00e9es.<\/p>\n","protected":false},"excerpt":{"rendered":"<p>Sp\u00e9cialement pour les professionnels, nous partageons ici les recherches scientifiques les plus r\u00e9centes avec les liens correspondants. M\u00f6ller&#8217;s Omega-3 est de l&#8217;huile de foie de morue pure, riche en acides gras om\u00e9ga-3 et en vitamines A, D et E. Les articles r\u00e9cents sur les om\u00e9ga-3, la vitamine D, l&#8217;huile de foie de morue, l&#8217;huile de [&hellip;]<\/p>\n","protected":false},"author":2,"featured_media":0,"parent":0,"menu_order":0,"comment_status":"closed","ping_status":"closed","template":"","meta":{"_yoast_wpseo_focuskw":"scientifiques","_yoast_wpseo_title":"","_yoast_wpseo_metadesc":"Sp\u00e9cialement pour les professionnels, nous partageons ici des recherches scientifiques r\u00e9centes. M\u00f6ller's Omega-3 est de l'huile de foie de morue contenant des om\u00e9ga-3, vitamines A-D-E.","_monsterinsights_skip_tracking":false,"_monsterinsights_sitenote_active":false,"_monsterinsights_sitenote_note":"","_monsterinsights_sitenote_category":0,"footnotes":""},"class_list":["post-1006011","page","type-page","status-publish","hentry"],"yoast_head":"<!-- This site is optimized with the Yoast SEO Premium plugin v25.1 (Yoast SEO v25.1) - https:\/\/yoast.com\/wordpress\/plugins\/seo\/ -->\n<title>Informations scientifiques pour les professionnels - M\u00f6llers Omega-3<\/title>\n<meta name=\"description\" content=\"Sp\u00e9cialement pour les professionnels, nous partageons ici des recherches scientifiques r\u00e9centes. M\u00f6ller&#039;s Omega-3 est de l&#039;huile de foie de morue contenant des om\u00e9ga-3, vitamines A-D-E.\" \/>\n<meta name=\"robots\" content=\"index, follow, max-snippet:-1, max-image-preview:large, max-video-preview:-1\" \/>\n<link rel=\"canonical\" href=\"https:\/\/mollersomega3.nl\/wetenschappelijke-informatie-voor-professionals\/\" \/>\n<meta property=\"og:locale\" content=\"fr_FR\" \/>\n<meta property=\"og:type\" content=\"article\" \/>\n<meta property=\"og:title\" content=\"Informations scientifiques pour les professionnels\" \/>\n<meta property=\"og:description\" content=\"Sp\u00e9cialement pour les professionnels, nous partageons ici des recherches scientifiques r\u00e9centes. M\u00f6ller&#039;s Omega-3 est de l&#039;huile de foie de morue contenant des om\u00e9ga-3, vitamines A-D-E.\" \/>\n<meta property=\"og:url\" content=\"https:\/\/mollersomega3.nl\/wetenschappelijke-informatie-voor-professionals\/\" \/>\n<meta property=\"og:site_name\" content=\"M\u00f6llers Omega-3\" \/>\n<meta property=\"article:publisher\" content=\"https:\/\/www.facebook.com\/mollersomega3nl\" \/>\n<meta property=\"og:image\" content=\"https:\/\/mollersomega3.nl\/wp-content\/uploads\/2020\/12\/Mollers_logo_Flag_omega3_ENG_vertical_641x589_300PPI.png\" \/>\n\t<meta property=\"og:image:width\" content=\"641\" \/>\n\t<meta property=\"og:image:height\" content=\"589\" \/>\n\t<meta property=\"og:image:type\" content=\"image\/png\" \/>\n<meta name=\"twitter:card\" content=\"summary_large_image\" \/>\n<meta name=\"twitter:site\" content=\"@mollersomega3nl\" \/>\n<meta name=\"twitter:label1\" content=\"Est. reading time\" \/>\n\t<meta name=\"twitter:data1\" content=\"6 minutes\" \/>\n<script type=\"application\/ld+json\" class=\"yoast-schema-graph\">{\"@context\":\"https:\/\/schema.org\",\"@graph\":[{\"@type\":\"WebPage\",\"@id\":\"https:\/\/mollersomega3.nl\/wetenschappelijke-informatie-voor-professionals\/\",\"url\":\"https:\/\/mollersomega3.nl\/wetenschappelijke-informatie-voor-professionals\/\",\"name\":\"Informations scientifiques pour les professionnels - M\u00f6llers Omega-3\",\"isPartOf\":{\"@id\":\"https:\/\/mollersomega3.nl\/#website\"},\"datePublished\":\"2021-02-09T17:21:25+00:00\",\"description\":\"Sp\u00e9cialement pour les professionnels, nous partageons ici des recherches scientifiques r\u00e9centes. M\u00f6ller's Omega-3 est de l'huile de foie de morue contenant des om\u00e9ga-3, vitamines A-D-E.\",\"breadcrumb\":{\"@id\":\"https:\/\/mollersomega3.nl\/wetenschappelijke-informatie-voor-professionals\/#breadcrumb\"},\"inLanguage\":\"fr-FR\",\"potentialAction\":[{\"@type\":\"ReadAction\",\"target\":[\"https:\/\/mollersomega3.nl\/wetenschappelijke-informatie-voor-professionals\/\"]}]},{\"@type\":\"BreadcrumbList\",\"@id\":\"https:\/\/mollersomega3.nl\/wetenschappelijke-informatie-voor-professionals\/#breadcrumb\",\"itemListElement\":[{\"@type\":\"ListItem\",\"position\":1,\"name\":\"Accueil\",\"item\":\"https:\/\/mollersomega3.nl\/fr\/\"},{\"@type\":\"ListItem\",\"position\":2,\"name\":\"Informations scientifiques pour les professionnels\"}]},{\"@type\":\"WebSite\",\"@id\":\"https:\/\/mollersomega3.nl\/#website\",\"url\":\"https:\/\/mollersomega3.nl\/\",\"name\":\"M\u00f6llers Omega-3\",\"description\":\"A Spoonful of Life since 1854\",\"publisher\":{\"@id\":\"https:\/\/mollersomega3.nl\/#organization\"},\"potentialAction\":[{\"@type\":\"SearchAction\",\"target\":{\"@type\":\"EntryPoint\",\"urlTemplate\":\"https:\/\/mollersomega3.nl\/?s={search_term_string}\"},\"query-input\":{\"@type\":\"PropertyValueSpecification\",\"valueRequired\":true,\"valueName\":\"search_term_string\"}}],\"inLanguage\":\"fr-FR\"},{\"@type\":\"Organization\",\"@id\":\"https:\/\/mollersomega3.nl\/#organization\",\"name\":\"M\u00f6llers Omega-3\",\"url\":\"https:\/\/mollersomega3.nl\/\",\"logo\":{\"@type\":\"ImageObject\",\"inLanguage\":\"fr-FR\",\"@id\":\"https:\/\/mollersomega3.nl\/#\/schema\/logo\/image\/\",\"url\":\"https:\/\/mollersomega3.nl\/wp-content\/uploads\/2020\/07\/mollers-logo-bestellingen.png\",\"contentUrl\":\"https:\/\/mollersomega3.nl\/wp-content\/uploads\/2020\/07\/mollers-logo-bestellingen.png\",\"width\":250,\"height\":86,\"caption\":\"M\u00f6llers Omega-3\"},\"image\":{\"@id\":\"https:\/\/mollersomega3.nl\/#\/schema\/logo\/image\/\"},\"sameAs\":[\"https:\/\/www.facebook.com\/MollersOmega3NL\",\"https:\/\/www.instagram.com\/mollersomega3nl\/\",\"https:\/\/nl.linkedin.com\/company\/good-life-international\",\"https:\/\/www.bol.com\/nl\/nl\/m\/mollers\/\",\"https:\/\/mollersomega3.nl\/en\/\"],\"foundingDate\":\"1854\",\"areaServed\":[\"GB\",\"IE\",\"US\",\"CA\",\"AU\",\"NZ\",\"NL\"],\"knowsAbout\":[\"omega-3\",\"cod liver oil\",\"fish oil\",\"DHA\",\"EPA\",\"vitamin D\"],\"description\":\"Norwegian premium omega-3 brand since 1854. Cod liver oil and fish oil supplements with omega-3, vitamins A, D and E.\"}]}<\/script>\n<!-- \/ Yoast SEO Premium plugin. -->","yoast_head_json":{"title":"Informations scientifiques pour les professionnels - M\u00f6llers Omega-3","description":"Sp\u00e9cialement pour les professionnels, nous partageons ici des recherches scientifiques r\u00e9centes. M\u00f6ller's Omega-3 est de l'huile de foie de morue contenant des om\u00e9ga-3, vitamines A-D-E.","robots":{"index":"index","follow":"follow","max-snippet":"max-snippet:-1","max-image-preview":"max-image-preview:large","max-video-preview":"max-video-preview:-1"},"canonical":"https:\/\/mollersomega3.nl\/wetenschappelijke-informatie-voor-professionals\/","og_locale":"fr_FR","og_type":"article","og_title":"Informations scientifiques pour les professionnels","og_description":"Sp\u00e9cialement pour les professionnels, nous partageons ici des recherches scientifiques r\u00e9centes. M\u00f6ller's Omega-3 est de l'huile de foie de morue contenant des om\u00e9ga-3, vitamines A-D-E.","og_url":"https:\/\/mollersomega3.nl\/wetenschappelijke-informatie-voor-professionals\/","og_site_name":"M\u00f6llers Omega-3","article_publisher":"https:\/\/www.facebook.com\/mollersomega3nl","og_image":[{"width":641,"height":589,"url":"https:\/\/mollersomega3.nl\/wp-content\/uploads\/2020\/12\/Mollers_logo_Flag_omega3_ENG_vertical_641x589_300PPI.png","type":"image\/png"}],"twitter_card":"summary_large_image","twitter_site":"@mollersomega3nl","twitter_misc":{"Est. reading time":"6 minutes"},"schema":{"@context":"https:\/\/schema.org","@graph":[{"@type":"WebPage","@id":"https:\/\/mollersomega3.nl\/wetenschappelijke-informatie-voor-professionals\/","url":"https:\/\/mollersomega3.nl\/wetenschappelijke-informatie-voor-professionals\/","name":"Informations scientifiques pour les professionnels - M\u00f6llers Omega-3","isPartOf":{"@id":"https:\/\/mollersomega3.nl\/#website"},"datePublished":"2021-02-09T17:21:25+00:00","description":"Sp\u00e9cialement pour les professionnels, nous partageons ici des recherches scientifiques r\u00e9centes. M\u00f6ller's Omega-3 est de l'huile de foie de morue contenant des om\u00e9ga-3, vitamines A-D-E.","breadcrumb":{"@id":"https:\/\/mollersomega3.nl\/wetenschappelijke-informatie-voor-professionals\/#breadcrumb"},"inLanguage":"fr-FR","potentialAction":[{"@type":"ReadAction","target":["https:\/\/mollersomega3.nl\/wetenschappelijke-informatie-voor-professionals\/"]}]},{"@type":"BreadcrumbList","@id":"https:\/\/mollersomega3.nl\/wetenschappelijke-informatie-voor-professionals\/#breadcrumb","itemListElement":[{"@type":"ListItem","position":1,"name":"Accueil","item":"https:\/\/mollersomega3.nl\/fr\/"},{"@type":"ListItem","position":2,"name":"Informations scientifiques pour les professionnels"}]},{"@type":"WebSite","@id":"https:\/\/mollersomega3.nl\/#website","url":"https:\/\/mollersomega3.nl\/","name":"M\u00f6llers Omega-3","description":"A Spoonful of Life since 1854","publisher":{"@id":"https:\/\/mollersomega3.nl\/#organization"},"potentialAction":[{"@type":"SearchAction","target":{"@type":"EntryPoint","urlTemplate":"https:\/\/mollersomega3.nl\/?s={search_term_string}"},"query-input":{"@type":"PropertyValueSpecification","valueRequired":true,"valueName":"search_term_string"}}],"inLanguage":"fr-FR"},{"@type":"Organization","@id":"https:\/\/mollersomega3.nl\/#organization","name":"M\u00f6llers Omega-3","url":"https:\/\/mollersomega3.nl\/","logo":{"@type":"ImageObject","inLanguage":"fr-FR","@id":"https:\/\/mollersomega3.nl\/#\/schema\/logo\/image\/","url":"https:\/\/mollersomega3.nl\/wp-content\/uploads\/2020\/07\/mollers-logo-bestellingen.png","contentUrl":"https:\/\/mollersomega3.nl\/wp-content\/uploads\/2020\/07\/mollers-logo-bestellingen.png","width":250,"height":86,"caption":"M\u00f6llers Omega-3"},"image":{"@id":"https:\/\/mollersomega3.nl\/#\/schema\/logo\/image\/"},"sameAs":["https:\/\/www.facebook.com\/MollersOmega3NL","https:\/\/www.instagram.com\/mollersomega3nl\/","https:\/\/nl.linkedin.com\/company\/good-life-international","https:\/\/www.bol.com\/nl\/nl\/m\/mollers\/","https:\/\/mollersomega3.nl\/en\/"],"foundingDate":"1854","areaServed":["GB","IE","US","CA","AU","NZ","NL"],"knowsAbout":["omega-3","cod liver oil","fish oil","DHA","EPA","vitamin D"],"description":"Norwegian premium omega-3 brand since 1854. Cod liver oil and fish oil supplements with omega-3, vitamins A, D and E."}]}},"_links":{"self":[{"href":"https:\/\/mollersomega3.nl\/fr\/wp-json\/wp\/v2\/pages\/1006011","targetHints":{"allow":["GET"]}}],"collection":[{"href":"https:\/\/mollersomega3.nl\/fr\/wp-json\/wp\/v2\/pages"}],"about":[{"href":"https:\/\/mollersomega3.nl\/fr\/wp-json\/wp\/v2\/types\/page"}],"author":[{"embeddable":true,"href":"https:\/\/mollersomega3.nl\/fr\/wp-json\/wp\/v2\/users\/2"}],"replies":[{"embeddable":true,"href":"https:\/\/mollersomega3.nl\/fr\/wp-json\/wp\/v2\/comments?post=1006011"}],"version-history":[{"count":0,"href":"https:\/\/mollersomega3.nl\/fr\/wp-json\/wp\/v2\/pages\/1006011\/revisions"}],"wp:attachment":[{"href":"https:\/\/mollersomega3.nl\/fr\/wp-json\/wp\/v2\/media?parent=1006011"}],"curies":[{"name":"wp","href":"https:\/\/api.w.org\/{rel}","templated":true}]}}