{"id":1006012,"date":"2021-02-25T13:37:01","date_gmt":"2021-02-25T12:37:01","guid":{"rendered":"https:\/\/mollersomega3.nl\/inscription-confirmee\/"},"modified":"2021-02-25T13:37:01","modified_gmt":"2021-02-25T12:37:01","slug":"inscription-confirmee","status":"publish","type":"page","link":"https:\/\/mollersomega3.nl\/fr\/inscription-confirmee\/","title":{"rendered":"Inscription confirm\u00e9e"},"content":{"rendered":"<p>Votre inscription \u00e0 la newsletter est confirm\u00e9e ! D\u00e9sormais, vous recevrez les derni\u00e8res nouvelles de M\u00f6ller&#8217;s Omega-3 dans votre bo\u00eete mail. ATTENTION ! Il est possible que cet e-mail se retrouve dans les spams. V\u00e9rifiez donc toujours votre dossier spam.    <\/p>\n<p>D\u00e9sormais, nous vous tiendrons inform\u00e9 par e-mail de :<\/p>\n<ul>\n<li>Les derni\u00e8res actualit\u00e9s<\/li>\n<li>Les recherches scientifiques les plus r\u00e9centes<\/li>\n<li>Les nouveaux produits<\/li>\n<li>Les nouveaux points de vente<\/li>\n<li>Des concours amusants<\/li>\n<li>Et&#8230; les meilleures offres et codes de r\u00e9duction<\/li>\n<\/ul>\n<p>Dans quelques minutes, vous recevrez un e-mail contenant un lien pour t\u00e9l\u00e9charger l&#8217;e-book \u00ab En forme et en bonne sant\u00e9, mais comment&#8230; \u00bb<\/p>\n<p><img decoding=\"async\" class=\"alignleft wp-image-2641\" src=\"https:\/\/mollersomega3.nl\/wp-content\/uploads\/2021\/02\/mollesomega3-kaft-ebook.png\" alt=\"M\u00f6ller's Omega-3 - En forme et en bonne sant\u00e9, mais comment ?\" width=\"200\" height=\"281\" srcset=\"https:\/\/mollersomega3.nl\/wp-content\/uploads\/2021\/02\/mollesomega3-kaft-ebook.png 800w, https:\/\/mollersomega3.nl\/wp-content\/uploads\/2021\/02\/mollesomega3-kaft-ebook-768x1077.png 768w, https:\/\/mollersomega3.nl\/wp-content\/uploads\/2021\/02\/mollesomega3-kaft-ebook-300x421.png 300w, https:\/\/mollersomega3.nl\/wp-content\/uploads\/2021\/02\/mollesomega3-kaft-ebook-600x842.png 600w\" sizes=\"(max-width: 200px) 100vw, 200px\" \/><\/p>\n","protected":false},"excerpt":{"rendered":"<p>Votre inscription \u00e0 la newsletter est confirm\u00e9e ! D\u00e9sormais, vous recevrez les derni\u00e8res nouvelles de M\u00f6ller&#8217;s Omega-3 dans votre bo\u00eete mail. ATTENTION ! Il est possible que cet e-mail se retrouve dans les spams. V\u00e9rifiez donc toujours votre dossier spam. D\u00e9sormais, nous vous tiendrons inform\u00e9 par e-mail de : Les derni\u00e8res actualit\u00e9s Les recherches scientifiques [&hellip;]<\/p>\n","protected":false},"author":2,"featured_media":0,"parent":0,"menu_order":0,"comment_status":"closed","ping_status":"closed","template":"","meta":{"_yoast_wpseo_focuskw":"inscription","_yoast_wpseo_title":"","_yoast_wpseo_metadesc":"Votre inscription \u00e0 la newsletter est confirm\u00e9e. D\u00e9sormais, vous recevrez les derni\u00e8res nouvelles de M\u00f6ller's Omega-3 dans votre bo\u00eete mail.","_monsterinsights_skip_tracking":false,"_monsterinsights_sitenote_active":false,"_monsterinsights_sitenote_note":"","_monsterinsights_sitenote_category":0,"footnotes":""},"class_list":["post-1006012","page","type-page","status-publish","hentry"],"yoast_head":"<!-- This site is optimized with the Yoast SEO Premium plugin v25.1 (Yoast SEO v25.1) - https:\/\/yoast.com\/wordpress\/plugins\/seo\/ -->\n<title>Inscription confirm\u00e9e - M\u00f6llers Omega-3<\/title>\n<meta name=\"description\" content=\"Votre inscription \u00e0 la newsletter est confirm\u00e9e. D\u00e9sormais, vous recevrez les derni\u00e8res nouvelles de M\u00f6ller&#039;s Omega-3 dans votre bo\u00eete mail.\" \/>\n<meta name=\"robots\" content=\"index, follow, max-snippet:-1, max-image-preview:large, max-video-preview:-1\" \/>\n<link rel=\"canonical\" href=\"https:\/\/mollersomega3.nl\/inschrijving-bevestigd\/\" \/>\n<meta property=\"og:locale\" content=\"fr_FR\" \/>\n<meta property=\"og:type\" content=\"article\" \/>\n<meta property=\"og:title\" content=\"Inscription confirm\u00e9e\" \/>\n<meta property=\"og:description\" content=\"Votre inscription \u00e0 la newsletter est confirm\u00e9e. D\u00e9sormais, vous recevrez les derni\u00e8res nouvelles de M\u00f6ller&#039;s Omega-3 dans votre bo\u00eete mail.\" \/>\n<meta property=\"og:url\" content=\"https:\/\/mollersomega3.nl\/inschrijving-bevestigd\/\" \/>\n<meta property=\"og:site_name\" content=\"M\u00f6llers Omega-3\" \/>\n<meta property=\"article:publisher\" content=\"https:\/\/www.facebook.com\/mollersomega3nl\" \/>\n<meta property=\"og:image\" content=\"https:\/\/mollersomega3.nl\/wp-content\/uploads\/2021\/02\/mollesomega3-kaft-ebook.png\" \/>\n<meta name=\"twitter:card\" content=\"summary_large_image\" \/>\n<meta name=\"twitter:site\" content=\"@mollersomega3nl\" \/>\n<meta name=\"twitter:label1\" content=\"Est. reading time\" \/>\n\t<meta name=\"twitter:data1\" content=\"1 minute\" \/>\n<script type=\"application\/ld+json\" class=\"yoast-schema-graph\">{\"@context\":\"https:\/\/schema.org\",\"@graph\":[{\"@type\":\"WebPage\",\"@id\":\"https:\/\/mollersomega3.nl\/inschrijving-bevestigd\/\",\"url\":\"https:\/\/mollersomega3.nl\/inschrijving-bevestigd\/\",\"name\":\"Inscription confirm\u00e9e - M\u00f6llers Omega-3\",\"isPartOf\":{\"@id\":\"https:\/\/mollersomega3.nl\/#website\"},\"primaryImageOfPage\":{\"@id\":\"https:\/\/mollersomega3.nl\/inschrijving-bevestigd\/#primaryimage\"},\"image\":{\"@id\":\"https:\/\/mollersomega3.nl\/inschrijving-bevestigd\/#primaryimage\"},\"thumbnailUrl\":\"https:\/\/mollersomega3.nl\/wp-content\/uploads\/2021\/02\/mollesomega3-kaft-ebook.png\",\"datePublished\":\"2021-02-25T12:37:01+00:00\",\"description\":\"Votre inscription \u00e0 la newsletter est confirm\u00e9e. D\u00e9sormais, vous recevrez les derni\u00e8res nouvelles de M\u00f6ller's Omega-3 dans votre bo\u00eete mail.\",\"breadcrumb\":{\"@id\":\"https:\/\/mollersomega3.nl\/inschrijving-bevestigd\/#breadcrumb\"},\"inLanguage\":\"fr-FR\",\"potentialAction\":[{\"@type\":\"ReadAction\",\"target\":[\"https:\/\/mollersomega3.nl\/inschrijving-bevestigd\/\"]}]},{\"@type\":\"ImageObject\",\"inLanguage\":\"fr-FR\",\"@id\":\"https:\/\/mollersomega3.nl\/inschrijving-bevestigd\/#primaryimage\",\"url\":\"https:\/\/mollersomega3.nl\/wp-content\/uploads\/2021\/02\/mollesomega3-kaft-ebook.png\",\"contentUrl\":\"https:\/\/mollersomega3.nl\/wp-content\/uploads\/2021\/02\/mollesomega3-kaft-ebook.png\"},{\"@type\":\"BreadcrumbList\",\"@id\":\"https:\/\/mollersomega3.nl\/inschrijving-bevestigd\/#breadcrumb\",\"itemListElement\":[{\"@type\":\"ListItem\",\"position\":1,\"name\":\"Accueil\",\"item\":\"https:\/\/mollersomega3.nl\/fr\/\"},{\"@type\":\"ListItem\",\"position\":2,\"name\":\"Inscription confirm\u00e9e\"}]},{\"@type\":\"WebSite\",\"@id\":\"https:\/\/mollersomega3.nl\/#website\",\"url\":\"https:\/\/mollersomega3.nl\/\",\"name\":\"M\u00f6llers Omega-3\",\"description\":\"A Spoonful of Life since 1854\",\"publisher\":{\"@id\":\"https:\/\/mollersomega3.nl\/#organization\"},\"potentialAction\":[{\"@type\":\"SearchAction\",\"target\":{\"@type\":\"EntryPoint\",\"urlTemplate\":\"https:\/\/mollersomega3.nl\/?s={search_term_string}\"},\"query-input\":{\"@type\":\"PropertyValueSpecification\",\"valueRequired\":true,\"valueName\":\"search_term_string\"}}],\"inLanguage\":\"fr-FR\"},{\"@type\":\"Organization\",\"@id\":\"https:\/\/mollersomega3.nl\/#organization\",\"name\":\"M\u00f6llers Omega-3\",\"url\":\"https:\/\/mollersomega3.nl\/\",\"logo\":{\"@type\":\"ImageObject\",\"inLanguage\":\"fr-FR\",\"@id\":\"https:\/\/mollersomega3.nl\/#\/schema\/logo\/image\/\",\"url\":\"https:\/\/mollersomega3.nl\/wp-content\/uploads\/2020\/07\/mollers-logo-bestellingen.png\",\"contentUrl\":\"https:\/\/mollersomega3.nl\/wp-content\/uploads\/2020\/07\/mollers-logo-bestellingen.png\",\"width\":250,\"height\":86,\"caption\":\"M\u00f6llers Omega-3\"},\"image\":{\"@id\":\"https:\/\/mollersomega3.nl\/#\/schema\/logo\/image\/\"},\"sameAs\":[\"https:\/\/www.facebook.com\/MollersOmega3NL\",\"https:\/\/www.instagram.com\/mollersomega3nl\/\",\"https:\/\/nl.linkedin.com\/company\/good-life-international\",\"https:\/\/www.bol.com\/nl\/nl\/m\/mollers\/\",\"https:\/\/mollersomega3.nl\/en\/\"],\"foundingDate\":\"1854\",\"areaServed\":[\"GB\",\"IE\",\"US\",\"CA\",\"AU\",\"NZ\",\"NL\"],\"knowsAbout\":[\"omega-3\",\"cod liver oil\",\"fish oil\",\"DHA\",\"EPA\",\"vitamin D\"],\"description\":\"Norwegian premium omega-3 brand since 1854. Cod liver oil and fish oil supplements with omega-3, vitamins A, D and E.\"}]}<\/script>\n<!-- \/ Yoast SEO Premium plugin. -->","yoast_head_json":{"title":"Inscription confirm\u00e9e - M\u00f6llers Omega-3","description":"Votre inscription \u00e0 la newsletter est confirm\u00e9e. D\u00e9sormais, vous recevrez les derni\u00e8res nouvelles de M\u00f6ller's Omega-3 dans votre bo\u00eete mail.","robots":{"index":"index","follow":"follow","max-snippet":"max-snippet:-1","max-image-preview":"max-image-preview:large","max-video-preview":"max-video-preview:-1"},"canonical":"https:\/\/mollersomega3.nl\/inschrijving-bevestigd\/","og_locale":"fr_FR","og_type":"article","og_title":"Inscription confirm\u00e9e","og_description":"Votre inscription \u00e0 la newsletter est confirm\u00e9e. D\u00e9sormais, vous recevrez les derni\u00e8res nouvelles de M\u00f6ller's Omega-3 dans votre bo\u00eete mail.","og_url":"https:\/\/mollersomega3.nl\/inschrijving-bevestigd\/","og_site_name":"M\u00f6llers Omega-3","article_publisher":"https:\/\/www.facebook.com\/mollersomega3nl","og_image":[{"url":"https:\/\/mollersomega3.nl\/wp-content\/uploads\/2021\/02\/mollesomega3-kaft-ebook.png","type":"","width":"","height":""}],"twitter_card":"summary_large_image","twitter_site":"@mollersomega3nl","twitter_misc":{"Est. reading time":"1 minute"},"schema":{"@context":"https:\/\/schema.org","@graph":[{"@type":"WebPage","@id":"https:\/\/mollersomega3.nl\/inschrijving-bevestigd\/","url":"https:\/\/mollersomega3.nl\/inschrijving-bevestigd\/","name":"Inscription confirm\u00e9e - M\u00f6llers Omega-3","isPartOf":{"@id":"https:\/\/mollersomega3.nl\/#website"},"primaryImageOfPage":{"@id":"https:\/\/mollersomega3.nl\/inschrijving-bevestigd\/#primaryimage"},"image":{"@id":"https:\/\/mollersomega3.nl\/inschrijving-bevestigd\/#primaryimage"},"thumbnailUrl":"https:\/\/mollersomega3.nl\/wp-content\/uploads\/2021\/02\/mollesomega3-kaft-ebook.png","datePublished":"2021-02-25T12:37:01+00:00","description":"Votre inscription \u00e0 la newsletter est confirm\u00e9e. D\u00e9sormais, vous recevrez les derni\u00e8res nouvelles de M\u00f6ller's Omega-3 dans votre bo\u00eete mail.","breadcrumb":{"@id":"https:\/\/mollersomega3.nl\/inschrijving-bevestigd\/#breadcrumb"},"inLanguage":"fr-FR","potentialAction":[{"@type":"ReadAction","target":["https:\/\/mollersomega3.nl\/inschrijving-bevestigd\/"]}]},{"@type":"ImageObject","inLanguage":"fr-FR","@id":"https:\/\/mollersomega3.nl\/inschrijving-bevestigd\/#primaryimage","url":"https:\/\/mollersomega3.nl\/wp-content\/uploads\/2021\/02\/mollesomega3-kaft-ebook.png","contentUrl":"https:\/\/mollersomega3.nl\/wp-content\/uploads\/2021\/02\/mollesomega3-kaft-ebook.png"},{"@type":"BreadcrumbList","@id":"https:\/\/mollersomega3.nl\/inschrijving-bevestigd\/#breadcrumb","itemListElement":[{"@type":"ListItem","position":1,"name":"Accueil","item":"https:\/\/mollersomega3.nl\/fr\/"},{"@type":"ListItem","position":2,"name":"Inscription confirm\u00e9e"}]},{"@type":"WebSite","@id":"https:\/\/mollersomega3.nl\/#website","url":"https:\/\/mollersomega3.nl\/","name":"M\u00f6llers Omega-3","description":"A Spoonful of Life since 1854","publisher":{"@id":"https:\/\/mollersomega3.nl\/#organization"},"potentialAction":[{"@type":"SearchAction","target":{"@type":"EntryPoint","urlTemplate":"https:\/\/mollersomega3.nl\/?s={search_term_string}"},"query-input":{"@type":"PropertyValueSpecification","valueRequired":true,"valueName":"search_term_string"}}],"inLanguage":"fr-FR"},{"@type":"Organization","@id":"https:\/\/mollersomega3.nl\/#organization","name":"M\u00f6llers Omega-3","url":"https:\/\/mollersomega3.nl\/","logo":{"@type":"ImageObject","inLanguage":"fr-FR","@id":"https:\/\/mollersomega3.nl\/#\/schema\/logo\/image\/","url":"https:\/\/mollersomega3.nl\/wp-content\/uploads\/2020\/07\/mollers-logo-bestellingen.png","contentUrl":"https:\/\/mollersomega3.nl\/wp-content\/uploads\/2020\/07\/mollers-logo-bestellingen.png","width":250,"height":86,"caption":"M\u00f6llers Omega-3"},"image":{"@id":"https:\/\/mollersomega3.nl\/#\/schema\/logo\/image\/"},"sameAs":["https:\/\/www.facebook.com\/MollersOmega3NL","https:\/\/www.instagram.com\/mollersomega3nl\/","https:\/\/nl.linkedin.com\/company\/good-life-international","https:\/\/www.bol.com\/nl\/nl\/m\/mollers\/","https:\/\/mollersomega3.nl\/en\/"],"foundingDate":"1854","areaServed":["GB","IE","US","CA","AU","NZ","NL"],"knowsAbout":["omega-3","cod liver oil","fish oil","DHA","EPA","vitamin D"],"description":"Norwegian premium omega-3 brand since 1854. Cod liver oil and fish oil supplements with omega-3, vitamins A, D and E."}]}},"_links":{"self":[{"href":"https:\/\/mollersomega3.nl\/fr\/wp-json\/wp\/v2\/pages\/1006012","targetHints":{"allow":["GET"]}}],"collection":[{"href":"https:\/\/mollersomega3.nl\/fr\/wp-json\/wp\/v2\/pages"}],"about":[{"href":"https:\/\/mollersomega3.nl\/fr\/wp-json\/wp\/v2\/types\/page"}],"author":[{"embeddable":true,"href":"https:\/\/mollersomega3.nl\/fr\/wp-json\/wp\/v2\/users\/2"}],"replies":[{"embeddable":true,"href":"https:\/\/mollersomega3.nl\/fr\/wp-json\/wp\/v2\/comments?post=1006012"}],"version-history":[{"count":0,"href":"https:\/\/mollersomega3.nl\/fr\/wp-json\/wp\/v2\/pages\/1006012\/revisions"}],"wp:attachment":[{"href":"https:\/\/mollersomega3.nl\/fr\/wp-json\/wp\/v2\/media?parent=1006012"}],"curies":[{"name":"wp","href":"https:\/\/api.w.org\/{rel}","templated":true}]}}