{"id":1006041,"date":"2020-06-01T11:02:23","date_gmt":"2020-06-01T09:02:23","guid":{"rendered":"https:\/\/mollersomega3.nl\/service-clientele\/"},"modified":"2020-06-01T11:02:23","modified_gmt":"2020-06-01T09:02:23","slug":"service-clientele","status":"publish","type":"page","link":"https:\/\/mollersomega3.nl\/fr\/service-clientele\/","title":{"rendered":"Service client\u00e8le"},"content":{"rendered":"<p><a href=\"https:\/\/mollersomega3.nl\/bestellen-retourneren\/\">Vous souhaitez effectuer un retour ?<\/a><br \/>\n<a href=\"https:\/\/mollersomega3.nl\/fr\/ou-acheter\/\">O\u00f9 pouvez-vous obtenir M\u00f6ller&#8217;s Omega-3 ?<\/a><\/p>\n<h2><img decoding=\"async\" class=\"alignnone wp-image-633\" src=\"https:\/\/mollersomega3.nl\/wp-content\/uploads\/2020\/07\/outline-fles-groen.png\" alt=\"Service client bouteille verte\" width=\"50\" height=\"50\" srcset=\"https:\/\/mollersomega3.nl\/wp-content\/uploads\/2020\/07\/outline-fles-groen.png 2560w, https:\/\/mollersomega3.nl\/wp-content\/uploads\/2020\/07\/outline-fles-groen-768x768.png 768w, https:\/\/mollersomega3.nl\/wp-content\/uploads\/2020\/07\/outline-fles-groen-1536x1536.png 1536w, https:\/\/mollersomega3.nl\/wp-content\/uploads\/2020\/07\/outline-fles-groen-2048x2048.png 2048w, https:\/\/mollersomega3.nl\/wp-content\/uploads\/2020\/07\/outline-fles-groen-300x300.png 300w, https:\/\/mollersomega3.nl\/wp-content\/uploads\/2020\/07\/outline-fles-groen-600x600.png 600w, https:\/\/mollersomega3.nl\/wp-content\/uploads\/2020\/07\/outline-fles-groen-100x100.png 100w\" sizes=\"(max-width: 50px) 100vw, 50px\" \/>Vous avez des questions ?<\/h2>\n<p>Vous avez des questions sur M\u00f6ller&#8217;s Omega-3 ou sur votre commande ? Contactez alors notre service client. Vous pouvez envoyer un e-mail \u00e0 <a href=\"mailto:info@mollersomega3.nl\">info@mollersomega3.nl<\/a>. Nous nous effor\u00e7ons d&#8217;y r\u00e9pondre dans un d\u00e9lai d&#8217;un jour ouvrable. Du lundi au vendredi, nous sommes \u00e9galement joignables par t\u00e9l\u00e9phone de 10h00 \u00e0 14h00.    <\/p>\n<p>Consultez \u00e9galement la <a href=\"https:\/\/mollersomega3.nl\/fr\/questions-frequemment-posees\/\">foire aux questions<\/a> pour les questions de contenu.<br \/>\nVous trouverez <a href=\"https:\/\/mollersomega3.nl\/bestellen-retourneren\/\">ici<\/a> des informations sur l&#8217;exp\u00e9dition et le retour de votre commande.<\/p>\n<h2><img decoding=\"async\" class=\"alignnone wp-image-633\" src=\"https:\/\/mollersomega3.nl\/wp-content\/uploads\/2020\/07\/outline-fles-groen.png\" alt=\"Service client bouteille verte\" width=\"50\" height=\"50\" srcset=\"https:\/\/mollersomega3.nl\/wp-content\/uploads\/2020\/07\/outline-fles-groen.png 2560w, https:\/\/mollersomega3.nl\/wp-content\/uploads\/2020\/07\/outline-fles-groen-768x768.png 768w, https:\/\/mollersomega3.nl\/wp-content\/uploads\/2020\/07\/outline-fles-groen-1536x1536.png 1536w, https:\/\/mollersomega3.nl\/wp-content\/uploads\/2020\/07\/outline-fles-groen-2048x2048.png 2048w, https:\/\/mollersomega3.nl\/wp-content\/uploads\/2020\/07\/outline-fles-groen-300x300.png 300w, https:\/\/mollersomega3.nl\/wp-content\/uploads\/2020\/07\/outline-fles-groen-600x600.png 600w, https:\/\/mollersomega3.nl\/wp-content\/uploads\/2020\/07\/outline-fles-groen-100x100.png 100w\" sizes=\"(max-width: 50px) 100vw, 50px\" \/>Contact\/service client<\/h2>\n<p>M\u00f6ller&#8217;s Omega-3<br \/>\nNedinscoplein 5<br \/>\n5912 AP Venlo<br \/>\nPays-Bas<\/p>\n<p>Envoyez un e-mail \u00e0 :<br \/>\n<a title=\"M\u00f6ller's Omega 3\" href=\"mailto:info@mollersomega3.nl\" target=\"_blank\" rel=\"noopener noreferrer\">info@mollersomega3.nl<\/a><\/p>\n<p>Ou appelez le :<br \/>\n+31 77 399 92 90<br \/>\n<em>(joignable du lundi au vendredi de 10h00 \u00e0 14h00)<\/em><\/p>\n<p>M\u00f6ller&#8217;s Omega-3 fait partie de Good Life International BV.<\/p>\n<h2>Suivez M\u00f6ller&#8217;s sur les r\u00e9seaux sociaux<\/h2>\n<p><a href=\"https:\/\/www.instagram.com\/mollersomega3nl\/\"><img decoding=\"async\" class=\"alignnone wp-image-754\" src=\"https:\/\/mollersomega3.nl\/wp-content\/uploads\/2020\/07\/Instagram-logo-e1594305839396.png\" alt=\"\" width=\"45\" height=\"45\"><\/a> &nbsp;<a href=\"https:\/\/www.facebook.com\/mollersnl\/\"><img decoding=\"async\" class=\"alignnone wp-image-755\" src=\"https:\/\/mollersomega3.nl\/wp-content\/uploads\/2020\/07\/fb-logo.png\" alt=\"service client\" width=\"45\" height=\"45\" srcset=\"https:\/\/mollersomega3.nl\/wp-content\/uploads\/2020\/07\/fb-logo.png 400w, https:\/\/mollersomega3.nl\/wp-content\/uploads\/2020\/07\/fb-logo-300x300.png 300w, https:\/\/mollersomega3.nl\/wp-content\/uploads\/2020\/07\/fb-logo-100x100.png 100w\" sizes=\"(max-width: 45px) 100vw, 45px\" \/><\/a><\/p>\n","protected":false},"excerpt":{"rendered":"<p>Vous souhaitez effectuer un retour ? O\u00f9 pouvez-vous obtenir M\u00f6ller&#8217;s Omega-3 ? Vous avez des questions ? Vous avez des questions sur M\u00f6ller&#8217;s Omega-3 ou sur votre commande ? Contactez alors notre service client. Vous pouvez envoyer un e-mail \u00e0 info@mollersomega3.nl. Nous nous effor\u00e7ons d&#8217;y r\u00e9pondre dans un d\u00e9lai d&#8217;un jour ouvrable. Du lundi au [&hellip;]<\/p>\n","protected":false},"author":1,"featured_media":0,"parent":0,"menu_order":0,"comment_status":"closed","ping_status":"closed","template":"","meta":{"_yoast_wpseo_focuskw":"service client","_yoast_wpseo_title":"Notre %%title%% est \u00e0 votre disposition%%page%% %%sep%% %%sitename%%","_yoast_wpseo_metadesc":"Des questions sur M\u00f6ller's Omega-3 ou sur votre commande ? Contactez notre service client. Nous sommes toujours ouverts aux retours !","_monsterinsights_skip_tracking":false,"_monsterinsights_sitenote_active":false,"_monsterinsights_sitenote_note":"","_monsterinsights_sitenote_category":0,"footnotes":""},"class_list":["post-1006041","page","type-page","status-publish","hentry"],"yoast_head":"<!-- This site is optimized with the Yoast SEO Premium plugin v25.1 (Yoast SEO v25.1) - https:\/\/yoast.com\/wordpress\/plugins\/seo\/ -->\n<title>Notre Service client\u00e8le est \u00e0 votre disposition - M\u00f6llers Omega-3<\/title>\n<meta name=\"description\" content=\"Des questions sur M\u00f6ller&#039;s Omega-3 ou sur votre commande ? Contactez notre service client. Nous sommes toujours ouverts aux retours !\" \/>\n<meta name=\"robots\" content=\"index, follow, max-snippet:-1, max-image-preview:large, max-video-preview:-1\" \/>\n<link rel=\"canonical\" href=\"https:\/\/mollersomega3.nl\/klantenservice\/\" \/>\n<meta property=\"og:locale\" content=\"fr_FR\" \/>\n<meta property=\"og:type\" content=\"article\" \/>\n<meta property=\"og:title\" content=\"Service client\u00e8le\" \/>\n<meta property=\"og:description\" content=\"Des questions sur M\u00f6ller&#039;s Omega-3 ou sur votre commande ? Contactez notre service client. Nous sommes toujours ouverts aux retours !\" \/>\n<meta property=\"og:url\" content=\"https:\/\/mollersomega3.nl\/klantenservice\/\" \/>\n<meta property=\"og:site_name\" content=\"M\u00f6llers Omega-3\" \/>\n<meta property=\"article:publisher\" content=\"https:\/\/www.facebook.com\/mollersomega3nl\" \/>\n<meta property=\"og:image\" content=\"https:\/\/mollersomega3.nl\/wp-content\/uploads\/2020\/07\/outline-fles-groen.png\" \/>\n<meta name=\"twitter:card\" content=\"summary_large_image\" \/>\n<meta name=\"twitter:site\" content=\"@mollersomega3nl\" \/>\n<meta name=\"twitter:label1\" content=\"Est. reading time\" \/>\n\t<meta name=\"twitter:data1\" content=\"1 minute\" \/>\n<script type=\"application\/ld+json\" class=\"yoast-schema-graph\">{\"@context\":\"https:\/\/schema.org\",\"@graph\":[{\"@type\":\"WebPage\",\"@id\":\"https:\/\/mollersomega3.nl\/klantenservice\/\",\"url\":\"https:\/\/mollersomega3.nl\/klantenservice\/\",\"name\":\"Notre Service client\u00e8le est \u00e0 votre disposition - M\u00f6llers Omega-3\",\"isPartOf\":{\"@id\":\"https:\/\/mollersomega3.nl\/#website\"},\"primaryImageOfPage\":{\"@id\":\"https:\/\/mollersomega3.nl\/klantenservice\/#primaryimage\"},\"image\":{\"@id\":\"https:\/\/mollersomega3.nl\/klantenservice\/#primaryimage\"},\"thumbnailUrl\":\"https:\/\/mollersomega3.nl\/wp-content\/uploads\/2020\/07\/outline-fles-groen.png\",\"datePublished\":\"2020-06-01T09:02:23+00:00\",\"description\":\"Des questions sur M\u00f6ller's Omega-3 ou sur votre commande ? Contactez notre service client. Nous sommes toujours ouverts aux retours !\",\"breadcrumb\":{\"@id\":\"https:\/\/mollersomega3.nl\/klantenservice\/#breadcrumb\"},\"inLanguage\":\"fr-FR\",\"potentialAction\":[{\"@type\":\"ReadAction\",\"target\":[\"https:\/\/mollersomega3.nl\/klantenservice\/\"]}]},{\"@type\":\"ImageObject\",\"inLanguage\":\"fr-FR\",\"@id\":\"https:\/\/mollersomega3.nl\/klantenservice\/#primaryimage\",\"url\":\"https:\/\/mollersomega3.nl\/wp-content\/uploads\/2020\/07\/outline-fles-groen.png\",\"contentUrl\":\"https:\/\/mollersomega3.nl\/wp-content\/uploads\/2020\/07\/outline-fles-groen.png\"},{\"@type\":\"BreadcrumbList\",\"@id\":\"https:\/\/mollersomega3.nl\/klantenservice\/#breadcrumb\",\"itemListElement\":[{\"@type\":\"ListItem\",\"position\":1,\"name\":\"Accueil\",\"item\":\"https:\/\/mollersomega3.nl\/fr\/\"},{\"@type\":\"ListItem\",\"position\":2,\"name\":\"Service client\u00e8le\"}]},{\"@type\":\"WebSite\",\"@id\":\"https:\/\/mollersomega3.nl\/#website\",\"url\":\"https:\/\/mollersomega3.nl\/\",\"name\":\"M\u00f6llers Omega-3\",\"description\":\"A Spoonful of Life since 1854\",\"publisher\":{\"@id\":\"https:\/\/mollersomega3.nl\/#organization\"},\"potentialAction\":[{\"@type\":\"SearchAction\",\"target\":{\"@type\":\"EntryPoint\",\"urlTemplate\":\"https:\/\/mollersomega3.nl\/?s={search_term_string}\"},\"query-input\":{\"@type\":\"PropertyValueSpecification\",\"valueRequired\":true,\"valueName\":\"search_term_string\"}}],\"inLanguage\":\"fr-FR\"},{\"@type\":\"Organization\",\"@id\":\"https:\/\/mollersomega3.nl\/#organization\",\"name\":\"M\u00f6llers Omega-3\",\"url\":\"https:\/\/mollersomega3.nl\/\",\"logo\":{\"@type\":\"ImageObject\",\"inLanguage\":\"fr-FR\",\"@id\":\"https:\/\/mollersomega3.nl\/#\/schema\/logo\/image\/\",\"url\":\"https:\/\/mollersomega3.nl\/wp-content\/uploads\/2020\/07\/mollers-logo-bestellingen.png\",\"contentUrl\":\"https:\/\/mollersomega3.nl\/wp-content\/uploads\/2020\/07\/mollers-logo-bestellingen.png\",\"width\":250,\"height\":86,\"caption\":\"M\u00f6llers Omega-3\"},\"image\":{\"@id\":\"https:\/\/mollersomega3.nl\/#\/schema\/logo\/image\/\"},\"sameAs\":[\"https:\/\/www.facebook.com\/MollersOmega3NL\",\"https:\/\/www.instagram.com\/mollersomega3nl\/\",\"https:\/\/nl.linkedin.com\/company\/good-life-international\",\"https:\/\/www.bol.com\/nl\/nl\/m\/mollers\/\",\"https:\/\/mollersomega3.nl\/en\/\"],\"foundingDate\":\"1854\",\"areaServed\":[\"GB\",\"IE\",\"US\",\"CA\",\"AU\",\"NZ\",\"NL\"],\"knowsAbout\":[\"omega-3\",\"cod liver oil\",\"fish oil\",\"DHA\",\"EPA\",\"vitamin D\"],\"description\":\"Norwegian premium omega-3 brand since 1854. Cod liver oil and fish oil supplements with omega-3, vitamins A, D and E.\"}]}<\/script>\n<!-- \/ Yoast SEO Premium plugin. -->","yoast_head_json":{"title":"Notre Service client\u00e8le est \u00e0 votre disposition - M\u00f6llers Omega-3","description":"Des questions sur M\u00f6ller's Omega-3 ou sur votre commande ? Contactez notre service client. Nous sommes toujours ouverts aux retours !","robots":{"index":"index","follow":"follow","max-snippet":"max-snippet:-1","max-image-preview":"max-image-preview:large","max-video-preview":"max-video-preview:-1"},"canonical":"https:\/\/mollersomega3.nl\/klantenservice\/","og_locale":"fr_FR","og_type":"article","og_title":"Service client\u00e8le","og_description":"Des questions sur M\u00f6ller's Omega-3 ou sur votre commande ? Contactez notre service client. Nous sommes toujours ouverts aux retours !","og_url":"https:\/\/mollersomega3.nl\/klantenservice\/","og_site_name":"M\u00f6llers Omega-3","article_publisher":"https:\/\/www.facebook.com\/mollersomega3nl","og_image":[{"url":"https:\/\/mollersomega3.nl\/wp-content\/uploads\/2020\/07\/outline-fles-groen.png","type":"","width":"","height":""}],"twitter_card":"summary_large_image","twitter_site":"@mollersomega3nl","twitter_misc":{"Est. reading time":"1 minute"},"schema":{"@context":"https:\/\/schema.org","@graph":[{"@type":"WebPage","@id":"https:\/\/mollersomega3.nl\/klantenservice\/","url":"https:\/\/mollersomega3.nl\/klantenservice\/","name":"Notre Service client\u00e8le est \u00e0 votre disposition - M\u00f6llers Omega-3","isPartOf":{"@id":"https:\/\/mollersomega3.nl\/#website"},"primaryImageOfPage":{"@id":"https:\/\/mollersomega3.nl\/klantenservice\/#primaryimage"},"image":{"@id":"https:\/\/mollersomega3.nl\/klantenservice\/#primaryimage"},"thumbnailUrl":"https:\/\/mollersomega3.nl\/wp-content\/uploads\/2020\/07\/outline-fles-groen.png","datePublished":"2020-06-01T09:02:23+00:00","description":"Des questions sur M\u00f6ller's Omega-3 ou sur votre commande ? Contactez notre service client. Nous sommes toujours ouverts aux retours !","breadcrumb":{"@id":"https:\/\/mollersomega3.nl\/klantenservice\/#breadcrumb"},"inLanguage":"fr-FR","potentialAction":[{"@type":"ReadAction","target":["https:\/\/mollersomega3.nl\/klantenservice\/"]}]},{"@type":"ImageObject","inLanguage":"fr-FR","@id":"https:\/\/mollersomega3.nl\/klantenservice\/#primaryimage","url":"https:\/\/mollersomega3.nl\/wp-content\/uploads\/2020\/07\/outline-fles-groen.png","contentUrl":"https:\/\/mollersomega3.nl\/wp-content\/uploads\/2020\/07\/outline-fles-groen.png"},{"@type":"BreadcrumbList","@id":"https:\/\/mollersomega3.nl\/klantenservice\/#breadcrumb","itemListElement":[{"@type":"ListItem","position":1,"name":"Accueil","item":"https:\/\/mollersomega3.nl\/fr\/"},{"@type":"ListItem","position":2,"name":"Service client\u00e8le"}]},{"@type":"WebSite","@id":"https:\/\/mollersomega3.nl\/#website","url":"https:\/\/mollersomega3.nl\/","name":"M\u00f6llers Omega-3","description":"A Spoonful of Life since 1854","publisher":{"@id":"https:\/\/mollersomega3.nl\/#organization"},"potentialAction":[{"@type":"SearchAction","target":{"@type":"EntryPoint","urlTemplate":"https:\/\/mollersomega3.nl\/?s={search_term_string}"},"query-input":{"@type":"PropertyValueSpecification","valueRequired":true,"valueName":"search_term_string"}}],"inLanguage":"fr-FR"},{"@type":"Organization","@id":"https:\/\/mollersomega3.nl\/#organization","name":"M\u00f6llers Omega-3","url":"https:\/\/mollersomega3.nl\/","logo":{"@type":"ImageObject","inLanguage":"fr-FR","@id":"https:\/\/mollersomega3.nl\/#\/schema\/logo\/image\/","url":"https:\/\/mollersomega3.nl\/wp-content\/uploads\/2020\/07\/mollers-logo-bestellingen.png","contentUrl":"https:\/\/mollersomega3.nl\/wp-content\/uploads\/2020\/07\/mollers-logo-bestellingen.png","width":250,"height":86,"caption":"M\u00f6llers Omega-3"},"image":{"@id":"https:\/\/mollersomega3.nl\/#\/schema\/logo\/image\/"},"sameAs":["https:\/\/www.facebook.com\/MollersOmega3NL","https:\/\/www.instagram.com\/mollersomega3nl\/","https:\/\/nl.linkedin.com\/company\/good-life-international","https:\/\/www.bol.com\/nl\/nl\/m\/mollers\/","https:\/\/mollersomega3.nl\/en\/"],"foundingDate":"1854","areaServed":["GB","IE","US","CA","AU","NZ","NL"],"knowsAbout":["omega-3","cod liver oil","fish oil","DHA","EPA","vitamin D"],"description":"Norwegian premium omega-3 brand since 1854. Cod liver oil and fish oil supplements with omega-3, vitamins A, D and E."}]}},"_links":{"self":[{"href":"https:\/\/mollersomega3.nl\/fr\/wp-json\/wp\/v2\/pages\/1006041","targetHints":{"allow":["GET"]}}],"collection":[{"href":"https:\/\/mollersomega3.nl\/fr\/wp-json\/wp\/v2\/pages"}],"about":[{"href":"https:\/\/mollersomega3.nl\/fr\/wp-json\/wp\/v2\/types\/page"}],"author":[{"embeddable":true,"href":"https:\/\/mollersomega3.nl\/fr\/wp-json\/wp\/v2\/users\/1"}],"replies":[{"embeddable":true,"href":"https:\/\/mollersomega3.nl\/fr\/wp-json\/wp\/v2\/comments?post=1006041"}],"version-history":[{"count":0,"href":"https:\/\/mollersomega3.nl\/fr\/wp-json\/wp\/v2\/pages\/1006041\/revisions"}],"wp:attachment":[{"href":"https:\/\/mollersomega3.nl\/fr\/wp-json\/wp\/v2\/media?parent=1006041"}],"curies":[{"name":"wp","href":"https:\/\/api.w.org\/{rel}","templated":true}]}}