{"id":1006096,"date":"2020-06-10T14:27:41","date_gmt":"2020-06-10T12:27:41","guid":{"rendered":"https:\/\/mollersomega3.nl\/clause-de-non-responsabilite\/"},"modified":"2020-06-10T14:27:41","modified_gmt":"2020-06-10T12:27:41","slug":"clause-de-non-responsabilite","status":"publish","type":"page","link":"https:\/\/mollersomega3.nl\/fr\/clause-de-non-responsabilite\/","title":{"rendered":"Clause de non-responsabilit\u00e9"},"content":{"rendered":"<h3>Protection des droits d&#8217;auteur<\/h3>\n<p>Ce site web est prot\u00e9g\u00e9 par des droits d&#8217;auteur. Toutes les marques verbales et figuratives sur ce site web sont la propri\u00e9t\u00e9 de Good Life International BV, sauf indication contraire. Cela signifie qu&#8217;il n&#8217;est pas permis d&#8217;utiliser ces marques sans autorisation \u00e9crite.  <\/p>\n<p>Le site web <a href=\"https:\/\/mollersomega3.nl\/fr\/\" target=\"_self\" rel=\"noopener noreferrer\">www.mollersomega3.nl<\/a> fournit des informations sur les produits M\u00f6ller&#8217;s. De plus, le site web offre des informations sur les acides gras om\u00e9ga-3 et les vitamines A, D et E. <\/p>\n<h3>Le site web a \u00e9t\u00e9 soigneusement \u00e9labor\u00e9<\/h3>\n<p>Le site web a \u00e9t\u00e9 soigneusement \u00e9labor\u00e9. Cependant, il n&#8217;est pas exclu, notamment en raison des d\u00e9veloppements dans les domaines m\u00e9dical et scientifique, que le site web contienne des inexactitudes. Les employ\u00e9s de Good Life International BV peuvent modifier les informations sur le site web sans pr\u00e9avis.  <\/p>\n<p>Good Life International BV ne peut en aucun cas garantir l&#8217;exactitude et l&#8217;exhaustivit\u00e9 des informations fournies. La soci\u00e9t\u00e9 et ses employ\u00e9s ne sont en aucun cas responsables des dommages, de quelque nature que ce soit, r\u00e9sultant d&#8217;actions bas\u00e9es sur les informations du site web. <\/p>\n<p>Good Life International BV s&#8217;efforce de maintenir le site constamment disponible. Nous n&#8217;acceptons aucune responsabilit\u00e9 pour les cons\u00e9quences \u00e9ventuelles de l&#8217;indisponibilit\u00e9 temporaire du site. <\/p>\n<p>Ce site web contient des liens externes vers d&#8217;autres sites web. Good Life International BV n&#8217;est en aucun cas responsable du contenu, de l&#8217;exhaustivit\u00e9 et de la l\u00e9galit\u00e9 de ces sites web. <\/p>\n<p>Les informations fournies ne remplacent pas les conseils d&#8217;experts. En cas de plaintes, il est toujours recommand\u00e9 de consulter un m\u00e9decin agr\u00e9\u00e9. Cela s&#8217;applique particuli\u00e8rement en cas de doute et de plaintes persistantes ou r\u00e9currentes. L&#8217;utilisation des informations sur le site web est donc enti\u00e8rement \u00e0 vos propres risques.<\/p>\n","protected":false},"excerpt":{"rendered":"<p>Protection des droits d&#8217;auteur Ce site web est prot\u00e9g\u00e9 par des droits d&#8217;auteur. Toutes les marques verbales et figuratives sur ce site web sont la propri\u00e9t\u00e9 de Good Life International BV, sauf indication contraire. Cela signifie qu&#8217;il n&#8217;est pas permis d&#8217;utiliser ces marques sans autorisation \u00e9crite. Le site web www.mollersomega3.nl fournit des informations sur les [&hellip;]<\/p>\n","protected":false},"author":1,"featured_media":0,"parent":0,"menu_order":0,"comment_status":"closed","ping_status":"closed","template":"","meta":{"_yoast_wpseo_focuskw":"Le site web a \u00e9t\u00e9 soigneusement \u00e9labor\u00e9","_yoast_wpseo_title":"%%title%% : ce site web a \u00e9t\u00e9 soigneusement \u00e9labor\u00e9 %%page%% %%sep%% %%sitename%%","_yoast_wpseo_metadesc":"Clause de non-responsabilit\u00e9 : le site web a \u00e9t\u00e9 soigneusement \u00e9labor\u00e9. Cependant, des inexactitudes ne peuvent \u00eatre exclues, en raison des progr\u00e8s scientifiques continus.","_monsterinsights_skip_tracking":false,"_monsterinsights_sitenote_active":false,"_monsterinsights_sitenote_note":"","_monsterinsights_sitenote_category":0,"footnotes":""},"class_list":["post-1006096","page","type-page","status-publish","hentry"],"yoast_head":"<!-- This site is optimized with the Yoast SEO Premium plugin v25.1 (Yoast SEO v25.1) - https:\/\/yoast.com\/wordpress\/plugins\/seo\/ -->\n<title>Clause de non-responsabilit\u00e9 : ce site web a \u00e9t\u00e9 soigneusement \u00e9labor\u00e9 - M\u00f6llers Omega-3<\/title>\n<meta name=\"description\" content=\"Clause de non-responsabilit\u00e9 : le site web a \u00e9t\u00e9 soigneusement \u00e9labor\u00e9. Cependant, des inexactitudes ne peuvent \u00eatre exclues, en raison des progr\u00e8s scientifiques continus.\" \/>\n<meta name=\"robots\" content=\"index, follow, max-snippet:-1, max-image-preview:large, max-video-preview:-1\" \/>\n<link rel=\"canonical\" href=\"https:\/\/mollersomega3.nl\/disclaimer\/\" \/>\n<meta property=\"og:locale\" content=\"fr_FR\" \/>\n<meta property=\"og:type\" content=\"article\" \/>\n<meta property=\"og:title\" content=\"Clause de non-responsabilit\u00e9\" \/>\n<meta property=\"og:description\" content=\"Clause de non-responsabilit\u00e9 : le site web a \u00e9t\u00e9 soigneusement \u00e9labor\u00e9. Cependant, des inexactitudes ne peuvent \u00eatre exclues, en raison des progr\u00e8s scientifiques continus.\" \/>\n<meta property=\"og:url\" content=\"https:\/\/mollersomega3.nl\/disclaimer\/\" \/>\n<meta property=\"og:site_name\" content=\"M\u00f6llers Omega-3\" \/>\n<meta property=\"article:publisher\" content=\"https:\/\/www.facebook.com\/mollersomega3nl\" \/>\n<meta property=\"og:image\" content=\"https:\/\/mollersomega3.nl\/wp-content\/uploads\/2020\/12\/Mollers_logo_Flag_omega3_ENG_vertical_641x589_300PPI.png\" \/>\n\t<meta property=\"og:image:width\" content=\"641\" \/>\n\t<meta property=\"og:image:height\" content=\"589\" \/>\n\t<meta property=\"og:image:type\" content=\"image\/png\" \/>\n<meta name=\"twitter:card\" content=\"summary_large_image\" \/>\n<meta name=\"twitter:site\" content=\"@mollersomega3nl\" \/>\n<meta name=\"twitter:label1\" content=\"Est. reading time\" \/>\n\t<meta name=\"twitter:data1\" content=\"1 minute\" \/>\n<script type=\"application\/ld+json\" class=\"yoast-schema-graph\">{\"@context\":\"https:\/\/schema.org\",\"@graph\":[{\"@type\":\"WebPage\",\"@id\":\"https:\/\/mollersomega3.nl\/disclaimer\/\",\"url\":\"https:\/\/mollersomega3.nl\/disclaimer\/\",\"name\":\"Clause de non-responsabilit\u00e9 : ce site web a \u00e9t\u00e9 soigneusement \u00e9labor\u00e9 - M\u00f6llers Omega-3\",\"isPartOf\":{\"@id\":\"https:\/\/mollersomega3.nl\/#website\"},\"datePublished\":\"2020-06-10T12:27:41+00:00\",\"description\":\"Clause de non-responsabilit\u00e9 : le site web a \u00e9t\u00e9 soigneusement \u00e9labor\u00e9. Cependant, des inexactitudes ne peuvent \u00eatre exclues, en raison des progr\u00e8s scientifiques continus.\",\"breadcrumb\":{\"@id\":\"https:\/\/mollersomega3.nl\/disclaimer\/#breadcrumb\"},\"inLanguage\":\"fr-FR\",\"potentialAction\":[{\"@type\":\"ReadAction\",\"target\":[\"https:\/\/mollersomega3.nl\/disclaimer\/\"]}]},{\"@type\":\"BreadcrumbList\",\"@id\":\"https:\/\/mollersomega3.nl\/disclaimer\/#breadcrumb\",\"itemListElement\":[{\"@type\":\"ListItem\",\"position\":1,\"name\":\"Accueil\",\"item\":\"https:\/\/mollersomega3.nl\/fr\/\"},{\"@type\":\"ListItem\",\"position\":2,\"name\":\"Clause de non-responsabilit\u00e9\"}]},{\"@type\":\"WebSite\",\"@id\":\"https:\/\/mollersomega3.nl\/#website\",\"url\":\"https:\/\/mollersomega3.nl\/\",\"name\":\"M\u00f6llers Omega-3\",\"description\":\"A Spoonful of Life since 1854\",\"publisher\":{\"@id\":\"https:\/\/mollersomega3.nl\/#organization\"},\"potentialAction\":[{\"@type\":\"SearchAction\",\"target\":{\"@type\":\"EntryPoint\",\"urlTemplate\":\"https:\/\/mollersomega3.nl\/?s={search_term_string}\"},\"query-input\":{\"@type\":\"PropertyValueSpecification\",\"valueRequired\":true,\"valueName\":\"search_term_string\"}}],\"inLanguage\":\"fr-FR\"},{\"@type\":\"Organization\",\"@id\":\"https:\/\/mollersomega3.nl\/#organization\",\"name\":\"M\u00f6llers Omega-3\",\"url\":\"https:\/\/mollersomega3.nl\/\",\"logo\":{\"@type\":\"ImageObject\",\"inLanguage\":\"fr-FR\",\"@id\":\"https:\/\/mollersomega3.nl\/#\/schema\/logo\/image\/\",\"url\":\"https:\/\/mollersomega3.nl\/wp-content\/uploads\/2020\/07\/mollers-logo-bestellingen.png\",\"contentUrl\":\"https:\/\/mollersomega3.nl\/wp-content\/uploads\/2020\/07\/mollers-logo-bestellingen.png\",\"width\":250,\"height\":86,\"caption\":\"M\u00f6llers Omega-3\"},\"image\":{\"@id\":\"https:\/\/mollersomega3.nl\/#\/schema\/logo\/image\/\"},\"sameAs\":[\"https:\/\/www.facebook.com\/MollersOmega3NL\",\"https:\/\/www.instagram.com\/mollersomega3nl\/\",\"https:\/\/nl.linkedin.com\/company\/good-life-international\",\"https:\/\/www.bol.com\/nl\/nl\/m\/mollers\/\",\"https:\/\/mollersomega3.nl\/en\/\"],\"foundingDate\":\"1854\",\"areaServed\":[\"GB\",\"IE\",\"US\",\"CA\",\"AU\",\"NZ\",\"NL\"],\"knowsAbout\":[\"omega-3\",\"cod liver oil\",\"fish oil\",\"DHA\",\"EPA\",\"vitamin D\"],\"description\":\"Norwegian premium omega-3 brand since 1854. Cod liver oil and fish oil supplements with omega-3, vitamins A, D and E.\"}]}<\/script>\n<!-- \/ Yoast SEO Premium plugin. -->","yoast_head_json":{"title":"Clause de non-responsabilit\u00e9 : ce site web a \u00e9t\u00e9 soigneusement \u00e9labor\u00e9 - M\u00f6llers Omega-3","description":"Clause de non-responsabilit\u00e9 : le site web a \u00e9t\u00e9 soigneusement \u00e9labor\u00e9. Cependant, des inexactitudes ne peuvent \u00eatre exclues, en raison des progr\u00e8s scientifiques continus.","robots":{"index":"index","follow":"follow","max-snippet":"max-snippet:-1","max-image-preview":"max-image-preview:large","max-video-preview":"max-video-preview:-1"},"canonical":"https:\/\/mollersomega3.nl\/disclaimer\/","og_locale":"fr_FR","og_type":"article","og_title":"Clause de non-responsabilit\u00e9","og_description":"Clause de non-responsabilit\u00e9 : le site web a \u00e9t\u00e9 soigneusement \u00e9labor\u00e9. Cependant, des inexactitudes ne peuvent \u00eatre exclues, en raison des progr\u00e8s scientifiques continus.","og_url":"https:\/\/mollersomega3.nl\/disclaimer\/","og_site_name":"M\u00f6llers Omega-3","article_publisher":"https:\/\/www.facebook.com\/mollersomega3nl","og_image":[{"width":641,"height":589,"url":"https:\/\/mollersomega3.nl\/wp-content\/uploads\/2020\/12\/Mollers_logo_Flag_omega3_ENG_vertical_641x589_300PPI.png","type":"image\/png"}],"twitter_card":"summary_large_image","twitter_site":"@mollersomega3nl","twitter_misc":{"Est. reading time":"1 minute"},"schema":{"@context":"https:\/\/schema.org","@graph":[{"@type":"WebPage","@id":"https:\/\/mollersomega3.nl\/disclaimer\/","url":"https:\/\/mollersomega3.nl\/disclaimer\/","name":"Clause de non-responsabilit\u00e9 : ce site web a \u00e9t\u00e9 soigneusement \u00e9labor\u00e9 - M\u00f6llers Omega-3","isPartOf":{"@id":"https:\/\/mollersomega3.nl\/#website"},"datePublished":"2020-06-10T12:27:41+00:00","description":"Clause de non-responsabilit\u00e9 : le site web a \u00e9t\u00e9 soigneusement \u00e9labor\u00e9. Cependant, des inexactitudes ne peuvent \u00eatre exclues, en raison des progr\u00e8s scientifiques continus.","breadcrumb":{"@id":"https:\/\/mollersomega3.nl\/disclaimer\/#breadcrumb"},"inLanguage":"fr-FR","potentialAction":[{"@type":"ReadAction","target":["https:\/\/mollersomega3.nl\/disclaimer\/"]}]},{"@type":"BreadcrumbList","@id":"https:\/\/mollersomega3.nl\/disclaimer\/#breadcrumb","itemListElement":[{"@type":"ListItem","position":1,"name":"Accueil","item":"https:\/\/mollersomega3.nl\/fr\/"},{"@type":"ListItem","position":2,"name":"Clause de non-responsabilit\u00e9"}]},{"@type":"WebSite","@id":"https:\/\/mollersomega3.nl\/#website","url":"https:\/\/mollersomega3.nl\/","name":"M\u00f6llers Omega-3","description":"A Spoonful of Life since 1854","publisher":{"@id":"https:\/\/mollersomega3.nl\/#organization"},"potentialAction":[{"@type":"SearchAction","target":{"@type":"EntryPoint","urlTemplate":"https:\/\/mollersomega3.nl\/?s={search_term_string}"},"query-input":{"@type":"PropertyValueSpecification","valueRequired":true,"valueName":"search_term_string"}}],"inLanguage":"fr-FR"},{"@type":"Organization","@id":"https:\/\/mollersomega3.nl\/#organization","name":"M\u00f6llers Omega-3","url":"https:\/\/mollersomega3.nl\/","logo":{"@type":"ImageObject","inLanguage":"fr-FR","@id":"https:\/\/mollersomega3.nl\/#\/schema\/logo\/image\/","url":"https:\/\/mollersomega3.nl\/wp-content\/uploads\/2020\/07\/mollers-logo-bestellingen.png","contentUrl":"https:\/\/mollersomega3.nl\/wp-content\/uploads\/2020\/07\/mollers-logo-bestellingen.png","width":250,"height":86,"caption":"M\u00f6llers Omega-3"},"image":{"@id":"https:\/\/mollersomega3.nl\/#\/schema\/logo\/image\/"},"sameAs":["https:\/\/www.facebook.com\/MollersOmega3NL","https:\/\/www.instagram.com\/mollersomega3nl\/","https:\/\/nl.linkedin.com\/company\/good-life-international","https:\/\/www.bol.com\/nl\/nl\/m\/mollers\/","https:\/\/mollersomega3.nl\/en\/"],"foundingDate":"1854","areaServed":["GB","IE","US","CA","AU","NZ","NL"],"knowsAbout":["omega-3","cod liver oil","fish oil","DHA","EPA","vitamin D"],"description":"Norwegian premium omega-3 brand since 1854. Cod liver oil and fish oil supplements with omega-3, vitamins A, D and E."}]}},"_links":{"self":[{"href":"https:\/\/mollersomega3.nl\/fr\/wp-json\/wp\/v2\/pages\/1006096","targetHints":{"allow":["GET"]}}],"collection":[{"href":"https:\/\/mollersomega3.nl\/fr\/wp-json\/wp\/v2\/pages"}],"about":[{"href":"https:\/\/mollersomega3.nl\/fr\/wp-json\/wp\/v2\/types\/page"}],"author":[{"embeddable":true,"href":"https:\/\/mollersomega3.nl\/fr\/wp-json\/wp\/v2\/users\/1"}],"replies":[{"embeddable":true,"href":"https:\/\/mollersomega3.nl\/fr\/wp-json\/wp\/v2\/comments?post=1006096"}],"version-history":[{"count":0,"href":"https:\/\/mollersomega3.nl\/fr\/wp-json\/wp\/v2\/pages\/1006096\/revisions"}],"wp:attachment":[{"href":"https:\/\/mollersomega3.nl\/fr\/wp-json\/wp\/v2\/media?parent=1006096"}],"curies":[{"name":"wp","href":"https:\/\/api.w.org\/{rel}","templated":true}]}}