{"id":1006097,"date":"2020-07-09T17:38:07","date_gmt":"2020-07-09T15:38:07","guid":{"rendered":"https:\/\/mollersomega3.nl\/commander-et-retourner\/"},"modified":"2025-09-23T15:44:27","modified_gmt":"2025-09-23T13:44:27","slug":"commander-et-retourner","status":"publish","type":"page","link":"https:\/\/mollersomega3.nl\/fr\/commander-et-retourner\/","title":{"rendered":"Commander et retourner"},"content":{"rendered":"<h2 class=\"wp-block-heading\" id=\"h-bestellen\"><strong>Commander<\/strong><\/h2><p>Commander tous les produits M\u00f6ller\u2019s Omega-3 est simple et rapide dans notre boutique en ligne. Un bouton de commande est pr\u00e9sent sur chaque page produit pour ajouter le produit au panier. Une fois le panier rempli, cliquez sur \u00ab Voir le panier \u00bb et suivez les \u00e9tapes pour passer une commande. Une fois la commande confirm\u00e9e, vous recevrez une confirmation par e-mail.   <\/p><h3 class=\"wp-block-heading\" id=\"h-betaalwijzen-bij-bestellen\"><strong>Modes de paiement pour la commande<\/strong><\/h3><p>Les modes de paiement suivants sont pris en charge\u00a0:<\/p><p>IDEAL<br\/>PayPal<br\/>Bancontact<br\/>Klarna \u2013 paiement diff\u00e9r\u00e9 (pour certains pays)<br\/>Carte de cr\u00e9dit<\/p><h3 class=\"wp-block-heading\" id=\"h-levertermijn\"><strong>D\u00e9lai de livraison<\/strong><\/h3><p>Le d\u00e9lai de livraison aux Pays-Bas est de 1 \u00e0 2 jours ouvrables. Pour les autres pays d&#8217;Europe, c&#8217;est jusqu&#8217;\u00e0 5 jours ouvrables. D\u00e8s que votre commande est exp\u00e9di\u00e9e, vous recevez un e-mail avec un code de suivi, qui vous permet de suivre la commande.<br\/>Veuillez noter qu&#8217;un d\u00e9lai de livraison plus long s&#8217;applique pendant les p\u00e9riodes de f\u00eates.  <\/p><p><strong>Attention lors de l&#8217;exp\u00e9dition aux Pays-Bas et en Belgique !<\/strong>  Cela se fait via PostNL. Si vous n&#8217;\u00eates pas chez vous, le colis va dans la plupart des cas au <a href=\"https:\/\/www.postnl.nl\/klantenservice\/postnl-punten\/dichtstbijzijnde-postnl-punten-openingstijden\/\">point PostNL<\/a> le plus proche. Le colis y est conserv\u00e9 au maximum 7 jours pour vous. Apr\u00e8s cela, il est retourn\u00e9 et nous sommes malheureusement contraints de facturer \u00e0 nouveau les frais d&#8217;exp\u00e9dition. Surveillez votre suivi, vous pouvez toujours y retrouver quand et o\u00f9 votre colis sera livr\u00e9.    <\/p><h3 class=\"wp-block-heading\" id=\"h-verzendkosten\"><strong>Frais d\u2019exp\u00e9dition<\/strong><\/h3><p>Pour une commande d&#8217;au moins 39 \u20ac, l&#8217;exp\u00e9dition aux Pays-Bas, en Belgique et en Allemagne est gratuite. Vous ne payez donc pas de frais d&#8217;exp\u00e9dition ! Voir le tableau ci-dessous pour les frais d&#8217;exp\u00e9dition vers d&#8217;autres pays d&#8217;Europe.  <\/p><h3 class=\"wp-block-heading\" id=\"h-retourneren\"><strong>Retours<\/strong><\/h3><p>Les produits peuvent \u00eatre retourn\u00e9s dans les 14 jours suivant la r\u00e9ception du colis, \u00e0 condition qu\u2019ils n\u2019aient pas \u00e9t\u00e9 ouverts. Les frais de retour sont \u00e0 votre charge. Le montant que vous avez pay\u00e9 sera rembours\u00e9. Si vous souhaitez retourner votre commande, veuillez nous <a href=\"https:\/\/mollersomega3.nl\/fr\/service-clientele\/\">contacter<\/a>.   <\/p><h3 class=\"wp-block-heading\" id=\"h-verzendkosten-per-land\"><strong>Frais d&#8217;exp\u00e9dition<\/strong> <strong>par pays<\/strong><\/h3><div class=\"wp-block-columns is-layout-flex wp-container-core-columns-is-layout-9d6595d7 wp-block-columns-is-layout-flex\"><div class=\"wp-block-column is-layout-flow wp-block-column-is-layout-flow\" style=\"flex-basis:100%\"><div class=\"wp-block-columns is-layout-flex wp-container-core-columns-is-layout-9d6595d7 wp-block-columns-is-layout-flex\"><div class=\"wp-block-column is-layout-flow wp-block-column-is-layout-flow\" style=\"flex-basis:100%\"><figure class=\"wp-block-table\"><table class=\"has-fixed-layout\"><tbody><tr><td><b>Pays<\/b><\/td><td><strong>Livraison gratuite \u00e0 partir de<\/strong><\/td><td><b>Frais<\/b> <strong>d&#8217;exp\u00e9dition<\/strong><\/td><\/tr><tr><td>Belgique<\/td><td>39 \u20ac<\/td><td>6,50 \u20ac<\/td><\/tr><tr><td>Bulgarie<\/td><td>150 \u20ac<\/td><td>20,50 \u20ac<\/td><\/tr><tr><td>Chypre<\/td><td>150 \u20ac<\/td><td>20,30 \u20ac<\/td><\/tr><tr><td>Danemark<\/td><td>150 \u20ac<\/td><td>19,95 \u20ac<\/td><\/tr><tr><td>Allemagne<\/td><td>39 \u20ac<\/td><td>6,50 \u20ac<\/td><\/tr><tr><td>Estonie<\/td><td>150 \u20ac<\/td><td>20,95 \u20ac<\/td><\/tr><tr><td>Finlande<\/td><td>150 \u20ac<\/td><td>25,95 \u20ac<\/td><\/tr><tr><td>France<\/td><td>110 \u20ac<\/td><td>11,75 \u20ac<\/td><\/tr><tr><td>Gr\u00e8ce<\/td><td>150 \u20ac<\/td><td>21,20 \u20ac<\/td><\/tr><tr><td>Hongrie<\/td><td>150 \u20ac<\/td><td>20,94 \u20ac<\/td><\/tr><tr><td>Irlande<\/td><td>110 \u20ac<\/td><td>19,50 \u20ac<\/td><\/tr><tr><td>Italie<\/td><td>110 \u20ac<\/td><td>9,95 \u20ac<\/td><\/tr><tr><td>Croatie<\/td><td>150 \u20ac<\/td><td>21,30 \u20ac<\/td><\/tr><tr><td>Lettonie<\/td><td>150 \u20ac<\/td><td>20,75 \u20ac<\/td><\/tr><tr><td>Lituanie<\/td><td>150 \u20ac<\/td><td>20,75 \u20ac<\/td><\/tr><tr><td>Luxembourg<\/td><td>110 \u20ac<\/td><td>18,70 \u20ac<\/td><\/tr><tr><td>Malte<\/td><td>150 \u20ac<\/td><td>20,30 \u20ac<\/td><\/tr><tr><td>Monaco<\/td><td>110 \u20ac<\/td><td>11,75 \u20ac<\/td><\/tr><tr><td>Pays-Bas<\/td><td>39 \u20ac<\/td><td>6,50 \u20ac<\/td><\/tr><tr><td>Norv\u00e8ge<\/td><td>200 \u20ac<\/td><td>30,95 \u20ac<\/td><\/tr><tr><td>Autriche<\/td><td>110 \u20ac<\/td><td>8,40 \u20ac<\/td><\/tr><tr><td>Pologne<\/td><td>110 \u20ac<\/td><td>7,82 \u20ac<\/td><\/tr><tr><td>Portugal<\/td><td>150 \u20ac<\/td><td>20,95 \u20ac<\/td><\/tr><tr><td>Roumanie<\/td><td>110 \u20ac<\/td><td>9,95 \u20ac<\/td><\/tr><tr><td>Slov\u00e9nie<\/td><td>110 \u20ac<\/td><td>18 \u20ac<\/td><\/tr><tr><td>Slovaquie<\/td><td>110 \u20ac<\/td><td>19,75 \u20ac<\/td><\/tr><tr><td>Espagne<\/td><td>110 \u20ac<\/td><td>10,95 \u20ac<\/td><\/tr><tr><td>Tch\u00e9quie<\/td><td>110 \u20ac<\/td><td>17,95 \u20ac<\/td><\/tr><tr><td>Su\u00e8de<\/td><td>150 \u20ac<\/td><td>24,75 \u20ac<\/td><\/tr><\/tbody><\/table><\/figure><\/div><\/div><\/div><\/div><p><\/p>","protected":false},"excerpt":{"rendered":"<p>Commander Commander tous les produits M\u00f6ller\u2019s Omega-3 est simple et rapide dans notre boutique en ligne. Un bouton de commande est pr\u00e9sent sur chaque page produit pour ajouter le produit au panier. Une fois le panier rempli, cliquez sur \u00ab Voir le panier \u00bb et suivez les \u00e9tapes pour passer une commande. Une fois la [&hellip;]<\/p>\n","protected":false},"author":2,"featured_media":0,"parent":0,"menu_order":0,"comment_status":"closed","ping_status":"closed","template":"","meta":{"_yoast_wpseo_focuskw":"Commander","_yoast_wpseo_title":"%%title%% des produits M\u00f6ller\u2019s %%sep%% %%sitename%%","_yoast_wpseo_metadesc":"Commander les produits M\u00f6ller\u2019s Omega-3 est simple et rapide dans notre boutique en ligne. Confirmation par e-mail. Livraison gratuite \u00e0 partir de 30 \u20ac.","_monsterinsights_skip_tracking":false,"_monsterinsights_sitenote_active":false,"_monsterinsights_sitenote_note":"","_monsterinsights_sitenote_category":0,"footnotes":""},"class_list":["post-1006097","page","type-page","status-publish","hentry"],"yoast_head":"<!-- This site is optimized with the Yoast SEO Premium plugin v25.1 (Yoast SEO v25.1) - https:\/\/yoast.com\/wordpress\/plugins\/seo\/ -->\n<title>Commander et retourner des produits M\u00f6ller\u2019s - M\u00f6llers Omega-3<\/title>\n<meta name=\"description\" content=\"Commander les produits M\u00f6ller\u2019s Omega-3 est simple et rapide dans notre boutique en ligne. Confirmation par e-mail. Livraison gratuite \u00e0 partir de 30 \u20ac.\" \/>\n<meta name=\"robots\" content=\"index, follow, max-snippet:-1, max-image-preview:large, max-video-preview:-1\" \/>\n<link rel=\"canonical\" href=\"https:\/\/mollersomega3.nl\/bestellen-retourneren\/\" \/>\n<meta property=\"og:locale\" content=\"fr_FR\" \/>\n<meta property=\"og:type\" content=\"article\" \/>\n<meta property=\"og:title\" content=\"Commander et retourner\" \/>\n<meta property=\"og:description\" content=\"Commander les produits M\u00f6ller\u2019s Omega-3 est simple et rapide dans notre boutique en ligne. Confirmation par e-mail. Livraison gratuite \u00e0 partir de 30 \u20ac.\" \/>\n<meta property=\"og:url\" content=\"https:\/\/mollersomega3.nl\/bestellen-retourneren\/\" \/>\n<meta property=\"og:site_name\" content=\"M\u00f6llers Omega-3\" \/>\n<meta property=\"article:publisher\" content=\"https:\/\/www.facebook.com\/mollersomega3nl\" \/>\n<meta property=\"article:modified_time\" content=\"2025-09-23T13:44:27+00:00\" \/>\n<meta property=\"og:image\" content=\"https:\/\/mollersomega3.nl\/wp-content\/uploads\/2020\/12\/Mollers_logo_Flag_omega3_ENG_vertical_641x589_300PPI.png\" \/>\n\t<meta property=\"og:image:width\" content=\"641\" \/>\n\t<meta property=\"og:image:height\" content=\"589\" \/>\n\t<meta property=\"og:image:type\" content=\"image\/png\" \/>\n<meta name=\"twitter:card\" content=\"summary_large_image\" \/>\n<meta name=\"twitter:site\" content=\"@mollersomega3nl\" \/>\n<meta name=\"twitter:label1\" content=\"Est. reading time\" \/>\n\t<meta name=\"twitter:data1\" content=\"2 minutes\" \/>\n<script type=\"application\/ld+json\" class=\"yoast-schema-graph\">{\"@context\":\"https:\/\/schema.org\",\"@graph\":[{\"@type\":\"WebPage\",\"@id\":\"https:\/\/mollersomega3.nl\/bestellen-retourneren\/\",\"url\":\"https:\/\/mollersomega3.nl\/bestellen-retourneren\/\",\"name\":\"Commander et retourner des produits M\u00f6ller\u2019s - M\u00f6llers Omega-3\",\"isPartOf\":{\"@id\":\"https:\/\/mollersomega3.nl\/#website\"},\"datePublished\":\"2020-07-09T15:38:07+00:00\",\"dateModified\":\"2025-09-23T13:44:27+00:00\",\"description\":\"Commander les produits M\u00f6ller\u2019s Omega-3 est simple et rapide dans notre boutique en ligne. Confirmation par e-mail. Livraison gratuite \u00e0 partir de 30 \u20ac.\",\"breadcrumb\":{\"@id\":\"https:\/\/mollersomega3.nl\/bestellen-retourneren\/#breadcrumb\"},\"inLanguage\":\"fr-FR\",\"potentialAction\":[{\"@type\":\"ReadAction\",\"target\":[\"https:\/\/mollersomega3.nl\/bestellen-retourneren\/\"]}]},{\"@type\":\"BreadcrumbList\",\"@id\":\"https:\/\/mollersomega3.nl\/bestellen-retourneren\/#breadcrumb\",\"itemListElement\":[{\"@type\":\"ListItem\",\"position\":1,\"name\":\"Accueil\",\"item\":\"https:\/\/mollersomega3.nl\/fr\/\"},{\"@type\":\"ListItem\",\"position\":2,\"name\":\"Commander et retourner\"}]},{\"@type\":\"WebSite\",\"@id\":\"https:\/\/mollersomega3.nl\/#website\",\"url\":\"https:\/\/mollersomega3.nl\/\",\"name\":\"M\u00f6llers Omega-3\",\"description\":\"A Spoonful of Life since 1854\",\"publisher\":{\"@id\":\"https:\/\/mollersomega3.nl\/#organization\"},\"potentialAction\":[{\"@type\":\"SearchAction\",\"target\":{\"@type\":\"EntryPoint\",\"urlTemplate\":\"https:\/\/mollersomega3.nl\/?s={search_term_string}\"},\"query-input\":{\"@type\":\"PropertyValueSpecification\",\"valueRequired\":true,\"valueName\":\"search_term_string\"}}],\"inLanguage\":\"fr-FR\"},{\"@type\":\"Organization\",\"@id\":\"https:\/\/mollersomega3.nl\/#organization\",\"name\":\"M\u00f6llers Omega-3\",\"url\":\"https:\/\/mollersomega3.nl\/\",\"logo\":{\"@type\":\"ImageObject\",\"inLanguage\":\"fr-FR\",\"@id\":\"https:\/\/mollersomega3.nl\/#\/schema\/logo\/image\/\",\"url\":\"https:\/\/mollersomega3.nl\/wp-content\/uploads\/2020\/07\/mollers-logo-bestellingen.png\",\"contentUrl\":\"https:\/\/mollersomega3.nl\/wp-content\/uploads\/2020\/07\/mollers-logo-bestellingen.png\",\"width\":250,\"height\":86,\"caption\":\"M\u00f6llers Omega-3\"},\"image\":{\"@id\":\"https:\/\/mollersomega3.nl\/#\/schema\/logo\/image\/\"},\"sameAs\":[\"https:\/\/www.facebook.com\/MollersOmega3NL\",\"https:\/\/www.instagram.com\/mollersomega3nl\/\",\"https:\/\/nl.linkedin.com\/company\/good-life-international\",\"https:\/\/www.bol.com\/nl\/nl\/m\/mollers\/\",\"https:\/\/mollersomega3.nl\/en\/\"],\"foundingDate\":\"1854\",\"areaServed\":[\"GB\",\"IE\",\"US\",\"CA\",\"AU\",\"NZ\",\"NL\"],\"knowsAbout\":[\"omega-3\",\"cod liver oil\",\"fish oil\",\"DHA\",\"EPA\",\"vitamin D\"],\"description\":\"Norwegian premium omega-3 brand since 1854. Cod liver oil and fish oil supplements with omega-3, vitamins A, D and E.\"}]}<\/script>\n<!-- \/ Yoast SEO Premium plugin. -->","yoast_head_json":{"title":"Commander et retourner des produits M\u00f6ller\u2019s - M\u00f6llers Omega-3","description":"Commander les produits M\u00f6ller\u2019s Omega-3 est simple et rapide dans notre boutique en ligne. Confirmation par e-mail. Livraison gratuite \u00e0 partir de 30 \u20ac.","robots":{"index":"index","follow":"follow","max-snippet":"max-snippet:-1","max-image-preview":"max-image-preview:large","max-video-preview":"max-video-preview:-1"},"canonical":"https:\/\/mollersomega3.nl\/bestellen-retourneren\/","og_locale":"fr_FR","og_type":"article","og_title":"Commander et retourner","og_description":"Commander les produits M\u00f6ller\u2019s Omega-3 est simple et rapide dans notre boutique en ligne. Confirmation par e-mail. Livraison gratuite \u00e0 partir de 30 \u20ac.","og_url":"https:\/\/mollersomega3.nl\/bestellen-retourneren\/","og_site_name":"M\u00f6llers Omega-3","article_publisher":"https:\/\/www.facebook.com\/mollersomega3nl","article_modified_time":"2025-09-23T13:44:27+00:00","og_image":[{"width":641,"height":589,"url":"https:\/\/mollersomega3.nl\/wp-content\/uploads\/2020\/12\/Mollers_logo_Flag_omega3_ENG_vertical_641x589_300PPI.png","type":"image\/png"}],"twitter_card":"summary_large_image","twitter_site":"@mollersomega3nl","twitter_misc":{"Est. reading time":"2 minutes"},"schema":{"@context":"https:\/\/schema.org","@graph":[{"@type":"WebPage","@id":"https:\/\/mollersomega3.nl\/bestellen-retourneren\/","url":"https:\/\/mollersomega3.nl\/bestellen-retourneren\/","name":"Commander et retourner des produits M\u00f6ller\u2019s - M\u00f6llers Omega-3","isPartOf":{"@id":"https:\/\/mollersomega3.nl\/#website"},"datePublished":"2020-07-09T15:38:07+00:00","dateModified":"2025-09-23T13:44:27+00:00","description":"Commander les produits M\u00f6ller\u2019s Omega-3 est simple et rapide dans notre boutique en ligne. Confirmation par e-mail. Livraison gratuite \u00e0 partir de 30 \u20ac.","breadcrumb":{"@id":"https:\/\/mollersomega3.nl\/bestellen-retourneren\/#breadcrumb"},"inLanguage":"fr-FR","potentialAction":[{"@type":"ReadAction","target":["https:\/\/mollersomega3.nl\/bestellen-retourneren\/"]}]},{"@type":"BreadcrumbList","@id":"https:\/\/mollersomega3.nl\/bestellen-retourneren\/#breadcrumb","itemListElement":[{"@type":"ListItem","position":1,"name":"Accueil","item":"https:\/\/mollersomega3.nl\/fr\/"},{"@type":"ListItem","position":2,"name":"Commander et retourner"}]},{"@type":"WebSite","@id":"https:\/\/mollersomega3.nl\/#website","url":"https:\/\/mollersomega3.nl\/","name":"M\u00f6llers Omega-3","description":"A Spoonful of Life since 1854","publisher":{"@id":"https:\/\/mollersomega3.nl\/#organization"},"potentialAction":[{"@type":"SearchAction","target":{"@type":"EntryPoint","urlTemplate":"https:\/\/mollersomega3.nl\/?s={search_term_string}"},"query-input":{"@type":"PropertyValueSpecification","valueRequired":true,"valueName":"search_term_string"}}],"inLanguage":"fr-FR"},{"@type":"Organization","@id":"https:\/\/mollersomega3.nl\/#organization","name":"M\u00f6llers Omega-3","url":"https:\/\/mollersomega3.nl\/","logo":{"@type":"ImageObject","inLanguage":"fr-FR","@id":"https:\/\/mollersomega3.nl\/#\/schema\/logo\/image\/","url":"https:\/\/mollersomega3.nl\/wp-content\/uploads\/2020\/07\/mollers-logo-bestellingen.png","contentUrl":"https:\/\/mollersomega3.nl\/wp-content\/uploads\/2020\/07\/mollers-logo-bestellingen.png","width":250,"height":86,"caption":"M\u00f6llers Omega-3"},"image":{"@id":"https:\/\/mollersomega3.nl\/#\/schema\/logo\/image\/"},"sameAs":["https:\/\/www.facebook.com\/MollersOmega3NL","https:\/\/www.instagram.com\/mollersomega3nl\/","https:\/\/nl.linkedin.com\/company\/good-life-international","https:\/\/www.bol.com\/nl\/nl\/m\/mollers\/","https:\/\/mollersomega3.nl\/en\/"],"foundingDate":"1854","areaServed":["GB","IE","US","CA","AU","NZ","NL"],"knowsAbout":["omega-3","cod liver oil","fish oil","DHA","EPA","vitamin D"],"description":"Norwegian premium omega-3 brand since 1854. Cod liver oil and fish oil supplements with omega-3, vitamins A, D and E."}]}},"_links":{"self":[{"href":"https:\/\/mollersomega3.nl\/fr\/wp-json\/wp\/v2\/pages\/1006097","targetHints":{"allow":["GET"]}}],"collection":[{"href":"https:\/\/mollersomega3.nl\/fr\/wp-json\/wp\/v2\/pages"}],"about":[{"href":"https:\/\/mollersomega3.nl\/fr\/wp-json\/wp\/v2\/types\/page"}],"author":[{"embeddable":true,"href":"https:\/\/mollersomega3.nl\/fr\/wp-json\/wp\/v2\/users\/2"}],"replies":[{"embeddable":true,"href":"https:\/\/mollersomega3.nl\/fr\/wp-json\/wp\/v2\/comments?post=1006097"}],"version-history":[{"count":0,"href":"https:\/\/mollersomega3.nl\/fr\/wp-json\/wp\/v2\/pages\/1006097\/revisions"}],"wp:attachment":[{"href":"https:\/\/mollersomega3.nl\/fr\/wp-json\/wp\/v2\/media?parent=1006097"}],"curies":[{"name":"wp","href":"https:\/\/api.w.org\/{rel}","templated":true}]}}