{"id":1006100,"date":"2020-07-06T13:11:41","date_gmt":"2020-07-06T11:11:41","guid":{"rendered":"https:\/\/mollersomega3.nl\/qualite-et-purete-de-norvege\/"},"modified":"2020-07-06T13:11:41","modified_gmt":"2020-07-06T11:11:41","slug":"qualite-et-purete-de-norvege","status":"publish","type":"page","link":"https:\/\/mollersomega3.nl\/fr\/qualite-et-purete-de-norvege\/","title":{"rendered":"Qualit\u00e9 et puret\u00e9 de Norv\u00e8ge"},"content":{"rendered":"<h2>Huile de foie de morue pure de Norv\u00e8ge<\/h2>\n<p>L&#8217;huile de foie de morue Omega-3 de M\u00f6ller est extraite du foie de morue arctique fra\u00eeche \u00e0 100 %. Celle-ci est p\u00each\u00e9e de mani\u00e8re durable dans les eaux propres et strictement r\u00e9glement\u00e9es des Lofoten, en Norv\u00e8ge. La durabilit\u00e9, la qualit\u00e9 et la puret\u00e9 sont des valeurs importantes pour nous.  <\/p>\n<p>M\u00f6ller&#8217;s est l&#8217;huile de foie de morue num\u00e9ro 1 en Scandinavie. En Norv\u00e8ge, l&#8217;huile de foie de morue fait partie int\u00e9grante de l&#8217;alimentation quotidienne. L&#8217;autorit\u00e9 sanitaire norv\u00e9gienne recommande m\u00eame une consommation quotidienne.  <\/p>\n<h4><a href=\"https:\/\/mollersomega3.nl\/fr\/a-propos-de-nous\/\">Un peu d&#8217;histoire sur l&#8217;huile de foie de morue&#8230;<\/a><\/h4>\n<h2>Poisson provenant de mers propres<\/h2>\n<p><img decoding=\"async\" class=\"alignleft wp-image-794\" style=\"color: #333333; float: right; quot;quot;quot;quot;,times,serif;font-size: 16px; font-style: normal; font-variant: normal; font-weight: 400; height: auto; letter-spacing: normal; max-width: 100%; text-align: left; text-decoration: none; text-indent: 0px; text-transform: none; margin: 0.5em 0px 0.5em 1em;\" src=\"https:\/\/mollersomega3.nl\/wp-content\/uploads\/2020\/07\/1594650633_tmp_shutterstock_Lofoten-min.jpg\" alt=\"qualit\u00e9 et puret\u00e9 de Norv\u00e8ge\" width=\"300\" height=\"200\" srcset=\"https:\/\/mollersomega3.nl\/wp-content\/uploads\/2020\/07\/1594650633_tmp_shutterstock_Lofoten-min.jpg 1440w, https:\/\/mollersomega3.nl\/wp-content\/uploads\/2020\/07\/1594650633_tmp_shutterstock_Lofoten-min-768x512.jpg 768w, https:\/\/mollersomega3.nl\/wp-content\/uploads\/2020\/07\/1594650633_tmp_shutterstock_Lofoten-min-300x200.jpg 300w, https:\/\/mollersomega3.nl\/wp-content\/uploads\/2020\/07\/1594650633_tmp_shutterstock_Lofoten-min-600x400.jpg 600w\" sizes=\"(max-width: 300px) 100vw, 300px\" \/>La morue arctique provient des mers les plus propres du monde, la mer Arctique pr\u00e8s des Lofoten, o\u00f9 les niveaux de substances toxiques et autres polluants environnementaux sont minimes. La p\u00eache durable de la morue est livr\u00e9e quotidiennement par la p\u00eache locale. Le foie de poisson a donc moins de 24 heures et est tr\u00e8s frais. Le foie de la morue arctique est naturellement tr\u00e8s concentr\u00e9 en om\u00e9ga-3 et en vitamines A et D, ce qui le rend extr\u00eamement appropri\u00e9 pour la production d&#8217;une huile de foie de morue de haute qualit\u00e9.   <\/p>\n<h2>Une m\u00e9thode de production unique garantit la qualit\u00e9 et la puret\u00e9<\/h2>\n<p>Apr\u00e8s la p\u00eache, le foie de la morue est utilis\u00e9 pour M\u00f6ller \u00ab s, le reste du poisson n&#8217;est pas jet\u00e9, mais \u00e9galement utilis\u00e9 pour la consommation. La m\u00e9thode de production de M\u00f6ller \u00bb s est unique. Peter M\u00f6ller, le fondateur de la marque, a introduit la m\u00e9thode M\u00f6ller&nbsp;: la s\u00e9paration de l&#8217;huile du foie de morue par chauffage \u00e0 la vapeur. Le foie est cuit \u00e0 la vapeur \u00e0 basse temp\u00e9rature, ce qui permet \u00e0 l&#8217;huile riche en om\u00e9ga-3 de se s\u00e9parer lentement et de conserver la forme naturelle des acides gras.   <\/p>\n<p>Cette m\u00e9thode de production de M\u00f6ller&#8217;s Omega-3 garantit un produit de tr\u00e8s haute qualit\u00e9. Le foie de la morue arctique est naturellement tr\u00e8s concentr\u00e9 en om\u00e9ga-3 et en vitamines A et D. Gr\u00e2ce \u00e0 la cuisson \u00e0 la vapeur \u00e0 basse temp\u00e9rature, la forme naturelle et l&#8217;efficacit\u00e9 des om\u00e9ga-3 sont pr\u00e9serv\u00e9es. Cette m\u00e9thode de production unique garantit une teneur \u00e9lev\u00e9e en om\u00e9ga-3. De plus, l&#8217;huile de foie de morue de M\u00f6ller&#8217;s est \u00e9galement riche en <a href=\"https:\/\/mollersomega3.nl\/wat-zijn-vitamine-a-d-en-e\/\">vitamines A, D et E<\/a>.   <\/p>\n<p>Depuis sa cr\u00e9ation en 1854, la m\u00e9thode de production a \u00e9t\u00e9 perfectionn\u00e9e, ce qui a permis d&#8217;am\u00e9liorer sans cesse la qualit\u00e9, la puret\u00e9 et le go\u00fbt de l&#8217;huile de foie de morue de M\u00f6ller&#8217;s. <a title=\"Boutique en ligne\" href=\"https:\/\/mollersomega3.nl\/producten\/\" target=\"_blank\" rel=\"noopener noreferrer\">Essayez M\u00f6ller&#8217;s maintenant&nbsp;!<\/a><\/p>\n<h2>Contr\u00f4les de qualit\u00e9<\/h2>\n<p>M\u00f6ller&#8217;s Omega-3 est un produit naturel et provient \u00e0 100&nbsp;% de la morue arctique sauvage. Le produit est soumis \u00e0 des contr\u00f4les de qualit\u00e9 stricts avant la mise en bouteille. <\/p>\n<p>Nos produits sont sans danger pour les enfants et les adultes. Les produits M\u00f6ller&#8217;s sont r\u00e9guli\u00e8rement test\u00e9s par des laboratoires ind\u00e9pendants pour v\u00e9rifier leur puret\u00e9 et leur fra\u00eecheur. Tous les produits respectent et d\u00e9passent m\u00eame les r\u00e9glementations internationales (y compris celles de l&#8217;organisation GOED&nbsp;: <a href=\"https:\/\/goedomega3.com\/\">Global Organization for EPA and DHA Omega-3<\/a>) en mati\u00e8re de puret\u00e9 des produits.  <\/p>\n<p>La production, la purification et les contr\u00f4les stricts de tous les produits sont effectu\u00e9s dans notre propre usine en Norv\u00e8ge.<\/p>\n<h3>Sans m\u00e9taux lourds<\/h3>\n<p>M\u00f6ller \u00ab s est synonyme de la meilleure qualit\u00e9 et d&#8217;une grande puret\u00e9. Des laboratoires ind\u00e9pendants contr\u00f4lent en permanence l&#8217;huile pour v\u00e9rifier la pr\u00e9sence de contaminants, de PCB \u00bb s, de m\u00e9taux lourds et de dioxines. Afin de garantir la puret\u00e9 des produits, un nettoyage doux mais efficace est effectu\u00e9 pour \u00e9liminer les mati\u00e8res ind\u00e9sirables. Tout cela sans utiliser de produits chimiques. Cette purification et ce contr\u00f4le de la qualit\u00e9 garantissent la plus haute puret\u00e9 de M\u00f6ller&#8217;s Omega-3. Ils sont exempts de teneurs d\u00e9tectables en mercure, cadmium, plomb, PCB \u00ab s et 28 autres substances potentiellement contaminantes. M\u00f6ller \u00bb s r\u00e9pond \u00e0 toutes les exigences de l&#8217;UE et aux normes GOED.      <\/p>\n<h3>Huile de poisson fra\u00eeche avec une faible valeur totox (&lt;5)<\/h3>\n<p>M\u00f6ller \u00ab s contient une tr\u00e8s forte teneur en acides gras om\u00e9ga-3 (DHA et EPA). Ces acides gras sains sont \u00e9galement les plus sensibles \u00e0 l&#8217;oxydation&nbsp;: d\u00e9gradation des acides gras lors de l&#8217;exposition \u00e0 l&#8217;oxyg\u00e8ne. Une qualit\u00e9 \u00e9lev\u00e9e n&#8217;est garantie que si l&#8217;huile est tr\u00e8s fra\u00eeche. M\u00f6ller \u00bb s Omega-3 limite l&#8217;oxydation des acides gras om\u00e9ga-3 gr\u00e2ce aux facteurs suivants&nbsp;:   <\/p>\n<ul>\n<li>Traitement rapide des foies de poisson, dans les 24&nbsp;heures suivant la p\u00eache.<\/li>\n<li>Production dans un environnement d&#8217;azote, celui-ci est exempt d&#8217;oxyg\u00e8ne.<\/li>\n<li>Ajout de vitamine&nbsp;E comme antioxydant pour prot\u00e9ger l&#8217;huile contre l&#8217;oxydation.<\/li>\n<li>Limitation de l&#8217;exposition \u00e0 la lumi\u00e8re en mettant l&#8217;huile en bouteille dans une bouteille en verre vert.<\/li>\n<li>Dur\u00e9e de conservation optimale en conservant l&#8217;huile de poisson au r\u00e9frig\u00e9rateur apr\u00e8s ouverture de la bouteille.<\/li>\n<\/ul>\n<p>Afin de prot\u00e9ger les propri\u00e9t\u00e9s des acides gras om\u00e9ga-3, de la vitamine&nbsp;E a \u00e9t\u00e9 ajout\u00e9e \u00e0 l&#8217;huile de foie de morue. La vitamine&nbsp;E prot\u00e8ge contre l&#8217;oxydation des om\u00e9ga-3, tant dans la bouteille que dans notre corps. Les acides gras om\u00e9ga-3 contenus dans notre huile de foie de morue conservent leur forme naturelle de triglyc\u00e9rides. Le processus de production se d\u00e9roule de mani\u00e8re pauvre en oxyg\u00e8ne. L&#8217;oxydation n&#8217;est donc pas possible et le go\u00fbt frais de l&#8217;huile de foie de morue est ainsi garanti. La lutte contre l&#8217;oxydation est \u00e9galement la raison de la bouteille verte. Cette couleur prot\u00e8ge mieux le contenu de la bouteille.      <\/p>\n<p>Le contr\u00f4le des valeurs d&#8217;oxydation a lieu \u00e0 chaque lot de production. Les valeurs diff\u00e8rent par lot, mais la valeur totox moyenne de M\u00f6ller&#8217;s Omega-3 directement apr\u00e8s la mise en bouteille est inf\u00e9rieure \u00e0&nbsp;5. Il s&#8217;agit d&#8217;une valeur fantastique. La norme \u00e9tablie par GOED (Global Organization for EPA and DHA Omega-3) est une valeur d&#8217;oxydation maximale de&nbsp;26. M\u00f6ller&#8217;s Omega-3 est donc largement conforme \u00e0 cette norme.<\/p>\n","protected":false},"excerpt":{"rendered":"<p>Huile de foie de morue pure de Norv\u00e8ge L&#8217;huile de foie de morue Omega-3 de M\u00f6ller est extraite du foie de morue arctique fra\u00eeche \u00e0 100 %. Celle-ci est p\u00each\u00e9e de mani\u00e8re durable dans les eaux propres et strictement r\u00e9glement\u00e9es des Lofoten, en Norv\u00e8ge. La durabilit\u00e9, la qualit\u00e9 et la puret\u00e9 sont des valeurs importantes [&hellip;]<\/p>\n","protected":false},"author":1,"featured_media":0,"parent":0,"menu_order":0,"comment_status":"closed","ping_status":"closed","template":"","meta":{"_yoast_wpseo_focuskw":"Qualit\u00e9 et puret\u00e9","_yoast_wpseo_title":"%%title%% %%page%% %%sep%% Huile de foie de morue %%sep%% %%sitename%%","_yoast_wpseo_metadesc":"La qualit\u00e9 et la puret\u00e9 sont des valeurs importantes pour nous. L'huile de foie de morue Omega-3 de M\u00f6ller provient de morue arctique fra\u00eeche \u00e0 100 % p\u00each\u00e9e en Norv\u00e8ge.","_monsterinsights_skip_tracking":false,"_monsterinsights_sitenote_active":false,"_monsterinsights_sitenote_note":"","_monsterinsights_sitenote_category":0,"footnotes":""},"class_list":["post-1006100","page","type-page","status-publish","hentry"],"yoast_head":"<!-- This site is optimized with the Yoast SEO Premium plugin v25.1 (Yoast SEO v25.1) - https:\/\/yoast.com\/wordpress\/plugins\/seo\/ -->\n<title>Qualit\u00e9 et puret\u00e9 de Norv\u00e8ge - Huile de foie de morue - M\u00f6llers Omega-3<\/title>\n<meta name=\"description\" content=\"La qualit\u00e9 et la puret\u00e9 sont des valeurs importantes pour nous. L&#039;huile de foie de morue Omega-3 de M\u00f6ller provient de morue arctique fra\u00eeche \u00e0 100 % p\u00each\u00e9e en Norv\u00e8ge.\" \/>\n<meta name=\"robots\" content=\"index, follow, max-snippet:-1, max-image-preview:large, max-video-preview:-1\" \/>\n<link rel=\"canonical\" href=\"https:\/\/mollersomega3.nl\/noorse-kwaliteit-en-zuiverheid\/\" \/>\n<meta property=\"og:locale\" content=\"fr_FR\" \/>\n<meta property=\"og:type\" content=\"article\" \/>\n<meta property=\"og:title\" content=\"Qualit\u00e9 et puret\u00e9 de Norv\u00e8ge\" \/>\n<meta property=\"og:description\" content=\"La qualit\u00e9 et la puret\u00e9 sont des valeurs importantes pour nous. L&#039;huile de foie de morue Omega-3 de M\u00f6ller provient de morue arctique fra\u00eeche \u00e0 100 % p\u00each\u00e9e en Norv\u00e8ge.\" \/>\n<meta property=\"og:url\" content=\"https:\/\/mollersomega3.nl\/noorse-kwaliteit-en-zuiverheid\/\" \/>\n<meta property=\"og:site_name\" content=\"M\u00f6llers Omega-3\" \/>\n<meta property=\"article:publisher\" content=\"https:\/\/www.facebook.com\/mollersomega3nl\" \/>\n<meta property=\"og:image\" content=\"https:\/\/mollersomega3.nl\/wp-content\/uploads\/2020\/07\/1594650633_tmp_shutterstock_Lofoten-min.jpg\" \/>\n<meta name=\"twitter:card\" content=\"summary_large_image\" \/>\n<meta name=\"twitter:site\" content=\"@mollersomega3nl\" \/>\n<meta name=\"twitter:label1\" content=\"Est. reading time\" \/>\n\t<meta name=\"twitter:data1\" content=\"5 minutes\" \/>\n<script type=\"application\/ld+json\" class=\"yoast-schema-graph\">{\"@context\":\"https:\/\/schema.org\",\"@graph\":[{\"@type\":\"WebPage\",\"@id\":\"https:\/\/mollersomega3.nl\/noorse-kwaliteit-en-zuiverheid\/\",\"url\":\"https:\/\/mollersomega3.nl\/noorse-kwaliteit-en-zuiverheid\/\",\"name\":\"Qualit\u00e9 et puret\u00e9 de Norv\u00e8ge - Huile de foie de morue - M\u00f6llers Omega-3\",\"isPartOf\":{\"@id\":\"https:\/\/mollersomega3.nl\/#website\"},\"primaryImageOfPage\":{\"@id\":\"https:\/\/mollersomega3.nl\/noorse-kwaliteit-en-zuiverheid\/#primaryimage\"},\"image\":{\"@id\":\"https:\/\/mollersomega3.nl\/noorse-kwaliteit-en-zuiverheid\/#primaryimage\"},\"thumbnailUrl\":\"https:\/\/mollersomega3.nl\/wp-content\/uploads\/2020\/07\/1594650633_tmp_shutterstock_Lofoten-min.jpg\",\"datePublished\":\"2020-07-06T11:11:41+00:00\",\"description\":\"La qualit\u00e9 et la puret\u00e9 sont des valeurs importantes pour nous. L'huile de foie de morue Omega-3 de M\u00f6ller provient de morue arctique fra\u00eeche \u00e0 100 % p\u00each\u00e9e en Norv\u00e8ge.\",\"breadcrumb\":{\"@id\":\"https:\/\/mollersomega3.nl\/noorse-kwaliteit-en-zuiverheid\/#breadcrumb\"},\"inLanguage\":\"fr-FR\",\"potentialAction\":[{\"@type\":\"ReadAction\",\"target\":[\"https:\/\/mollersomega3.nl\/noorse-kwaliteit-en-zuiverheid\/\"]}]},{\"@type\":\"ImageObject\",\"inLanguage\":\"fr-FR\",\"@id\":\"https:\/\/mollersomega3.nl\/noorse-kwaliteit-en-zuiverheid\/#primaryimage\",\"url\":\"https:\/\/mollersomega3.nl\/wp-content\/uploads\/2020\/07\/1594650633_tmp_shutterstock_Lofoten-min.jpg\",\"contentUrl\":\"https:\/\/mollersomega3.nl\/wp-content\/uploads\/2020\/07\/1594650633_tmp_shutterstock_Lofoten-min.jpg\"},{\"@type\":\"BreadcrumbList\",\"@id\":\"https:\/\/mollersomega3.nl\/noorse-kwaliteit-en-zuiverheid\/#breadcrumb\",\"itemListElement\":[{\"@type\":\"ListItem\",\"position\":1,\"name\":\"Accueil\",\"item\":\"https:\/\/mollersomega3.nl\/fr\/\"},{\"@type\":\"ListItem\",\"position\":2,\"name\":\"Qualit\u00e9 et puret\u00e9 de Norv\u00e8ge\"}]},{\"@type\":\"WebSite\",\"@id\":\"https:\/\/mollersomega3.nl\/#website\",\"url\":\"https:\/\/mollersomega3.nl\/\",\"name\":\"M\u00f6llers Omega-3\",\"description\":\"A Spoonful of Life since 1854\",\"publisher\":{\"@id\":\"https:\/\/mollersomega3.nl\/#organization\"},\"potentialAction\":[{\"@type\":\"SearchAction\",\"target\":{\"@type\":\"EntryPoint\",\"urlTemplate\":\"https:\/\/mollersomega3.nl\/?s={search_term_string}\"},\"query-input\":{\"@type\":\"PropertyValueSpecification\",\"valueRequired\":true,\"valueName\":\"search_term_string\"}}],\"inLanguage\":\"fr-FR\"},{\"@type\":\"Organization\",\"@id\":\"https:\/\/mollersomega3.nl\/#organization\",\"name\":\"M\u00f6llers Omega-3\",\"url\":\"https:\/\/mollersomega3.nl\/\",\"logo\":{\"@type\":\"ImageObject\",\"inLanguage\":\"fr-FR\",\"@id\":\"https:\/\/mollersomega3.nl\/#\/schema\/logo\/image\/\",\"url\":\"https:\/\/mollersomega3.nl\/wp-content\/uploads\/2020\/07\/mollers-logo-bestellingen.png\",\"contentUrl\":\"https:\/\/mollersomega3.nl\/wp-content\/uploads\/2020\/07\/mollers-logo-bestellingen.png\",\"width\":250,\"height\":86,\"caption\":\"M\u00f6llers Omega-3\"},\"image\":{\"@id\":\"https:\/\/mollersomega3.nl\/#\/schema\/logo\/image\/\"},\"sameAs\":[\"https:\/\/www.facebook.com\/MollersOmega3NL\",\"https:\/\/www.instagram.com\/mollersomega3nl\/\",\"https:\/\/nl.linkedin.com\/company\/good-life-international\",\"https:\/\/www.bol.com\/nl\/nl\/m\/mollers\/\",\"https:\/\/mollersomega3.nl\/en\/\"],\"foundingDate\":\"1854\",\"areaServed\":[\"GB\",\"IE\",\"US\",\"CA\",\"AU\",\"NZ\",\"NL\"],\"knowsAbout\":[\"omega-3\",\"cod liver oil\",\"fish oil\",\"DHA\",\"EPA\",\"vitamin D\"],\"description\":\"Norwegian premium omega-3 brand since 1854. Cod liver oil and fish oil supplements with omega-3, vitamins A, D and E.\"}]}<\/script>\n<!-- \/ Yoast SEO Premium plugin. -->","yoast_head_json":{"title":"Qualit\u00e9 et puret\u00e9 de Norv\u00e8ge - Huile de foie de morue - M\u00f6llers Omega-3","description":"La qualit\u00e9 et la puret\u00e9 sont des valeurs importantes pour nous. L'huile de foie de morue Omega-3 de M\u00f6ller provient de morue arctique fra\u00eeche \u00e0 100 % p\u00each\u00e9e en Norv\u00e8ge.","robots":{"index":"index","follow":"follow","max-snippet":"max-snippet:-1","max-image-preview":"max-image-preview:large","max-video-preview":"max-video-preview:-1"},"canonical":"https:\/\/mollersomega3.nl\/noorse-kwaliteit-en-zuiverheid\/","og_locale":"fr_FR","og_type":"article","og_title":"Qualit\u00e9 et puret\u00e9 de Norv\u00e8ge","og_description":"La qualit\u00e9 et la puret\u00e9 sont des valeurs importantes pour nous. L'huile de foie de morue Omega-3 de M\u00f6ller provient de morue arctique fra\u00eeche \u00e0 100 % p\u00each\u00e9e en Norv\u00e8ge.","og_url":"https:\/\/mollersomega3.nl\/noorse-kwaliteit-en-zuiverheid\/","og_site_name":"M\u00f6llers Omega-3","article_publisher":"https:\/\/www.facebook.com\/mollersomega3nl","og_image":[{"url":"https:\/\/mollersomega3.nl\/wp-content\/uploads\/2020\/07\/1594650633_tmp_shutterstock_Lofoten-min.jpg","type":"","width":"","height":""}],"twitter_card":"summary_large_image","twitter_site":"@mollersomega3nl","twitter_misc":{"Est. reading time":"5 minutes"},"schema":{"@context":"https:\/\/schema.org","@graph":[{"@type":"WebPage","@id":"https:\/\/mollersomega3.nl\/noorse-kwaliteit-en-zuiverheid\/","url":"https:\/\/mollersomega3.nl\/noorse-kwaliteit-en-zuiverheid\/","name":"Qualit\u00e9 et puret\u00e9 de Norv\u00e8ge - Huile de foie de morue - M\u00f6llers Omega-3","isPartOf":{"@id":"https:\/\/mollersomega3.nl\/#website"},"primaryImageOfPage":{"@id":"https:\/\/mollersomega3.nl\/noorse-kwaliteit-en-zuiverheid\/#primaryimage"},"image":{"@id":"https:\/\/mollersomega3.nl\/noorse-kwaliteit-en-zuiverheid\/#primaryimage"},"thumbnailUrl":"https:\/\/mollersomega3.nl\/wp-content\/uploads\/2020\/07\/1594650633_tmp_shutterstock_Lofoten-min.jpg","datePublished":"2020-07-06T11:11:41+00:00","description":"La qualit\u00e9 et la puret\u00e9 sont des valeurs importantes pour nous. L'huile de foie de morue Omega-3 de M\u00f6ller provient de morue arctique fra\u00eeche \u00e0 100 % p\u00each\u00e9e en Norv\u00e8ge.","breadcrumb":{"@id":"https:\/\/mollersomega3.nl\/noorse-kwaliteit-en-zuiverheid\/#breadcrumb"},"inLanguage":"fr-FR","potentialAction":[{"@type":"ReadAction","target":["https:\/\/mollersomega3.nl\/noorse-kwaliteit-en-zuiverheid\/"]}]},{"@type":"ImageObject","inLanguage":"fr-FR","@id":"https:\/\/mollersomega3.nl\/noorse-kwaliteit-en-zuiverheid\/#primaryimage","url":"https:\/\/mollersomega3.nl\/wp-content\/uploads\/2020\/07\/1594650633_tmp_shutterstock_Lofoten-min.jpg","contentUrl":"https:\/\/mollersomega3.nl\/wp-content\/uploads\/2020\/07\/1594650633_tmp_shutterstock_Lofoten-min.jpg"},{"@type":"BreadcrumbList","@id":"https:\/\/mollersomega3.nl\/noorse-kwaliteit-en-zuiverheid\/#breadcrumb","itemListElement":[{"@type":"ListItem","position":1,"name":"Accueil","item":"https:\/\/mollersomega3.nl\/fr\/"},{"@type":"ListItem","position":2,"name":"Qualit\u00e9 et puret\u00e9 de Norv\u00e8ge"}]},{"@type":"WebSite","@id":"https:\/\/mollersomega3.nl\/#website","url":"https:\/\/mollersomega3.nl\/","name":"M\u00f6llers Omega-3","description":"A Spoonful of Life since 1854","publisher":{"@id":"https:\/\/mollersomega3.nl\/#organization"},"potentialAction":[{"@type":"SearchAction","target":{"@type":"EntryPoint","urlTemplate":"https:\/\/mollersomega3.nl\/?s={search_term_string}"},"query-input":{"@type":"PropertyValueSpecification","valueRequired":true,"valueName":"search_term_string"}}],"inLanguage":"fr-FR"},{"@type":"Organization","@id":"https:\/\/mollersomega3.nl\/#organization","name":"M\u00f6llers Omega-3","url":"https:\/\/mollersomega3.nl\/","logo":{"@type":"ImageObject","inLanguage":"fr-FR","@id":"https:\/\/mollersomega3.nl\/#\/schema\/logo\/image\/","url":"https:\/\/mollersomega3.nl\/wp-content\/uploads\/2020\/07\/mollers-logo-bestellingen.png","contentUrl":"https:\/\/mollersomega3.nl\/wp-content\/uploads\/2020\/07\/mollers-logo-bestellingen.png","width":250,"height":86,"caption":"M\u00f6llers Omega-3"},"image":{"@id":"https:\/\/mollersomega3.nl\/#\/schema\/logo\/image\/"},"sameAs":["https:\/\/www.facebook.com\/MollersOmega3NL","https:\/\/www.instagram.com\/mollersomega3nl\/","https:\/\/nl.linkedin.com\/company\/good-life-international","https:\/\/www.bol.com\/nl\/nl\/m\/mollers\/","https:\/\/mollersomega3.nl\/en\/"],"foundingDate":"1854","areaServed":["GB","IE","US","CA","AU","NZ","NL"],"knowsAbout":["omega-3","cod liver oil","fish oil","DHA","EPA","vitamin D"],"description":"Norwegian premium omega-3 brand since 1854. Cod liver oil and fish oil supplements with omega-3, vitamins A, D and E."}]}},"_links":{"self":[{"href":"https:\/\/mollersomega3.nl\/fr\/wp-json\/wp\/v2\/pages\/1006100","targetHints":{"allow":["GET"]}}],"collection":[{"href":"https:\/\/mollersomega3.nl\/fr\/wp-json\/wp\/v2\/pages"}],"about":[{"href":"https:\/\/mollersomega3.nl\/fr\/wp-json\/wp\/v2\/types\/page"}],"author":[{"embeddable":true,"href":"https:\/\/mollersomega3.nl\/fr\/wp-json\/wp\/v2\/users\/1"}],"replies":[{"embeddable":true,"href":"https:\/\/mollersomega3.nl\/fr\/wp-json\/wp\/v2\/comments?post=1006100"}],"version-history":[{"count":0,"href":"https:\/\/mollersomega3.nl\/fr\/wp-json\/wp\/v2\/pages\/1006100\/revisions"}],"wp:attachment":[{"href":"https:\/\/mollersomega3.nl\/fr\/wp-json\/wp\/v2\/media?parent=1006100"}],"curies":[{"name":"wp","href":"https:\/\/api.w.org\/{rel}","templated":true}]}}