{"id":1006105,"date":"2020-06-10T14:27:19","date_gmt":"2020-06-10T12:27:19","guid":{"rendered":"https:\/\/mollersomega3.nl\/declaration-de-confidentialite\/"},"modified":"2025-07-04T09:27:09","modified_gmt":"2025-07-04T07:27:09","slug":"declaration-de-confidentialite","status":"publish","type":"page","link":"https:\/\/mollersomega3.nl\/fr\/declaration-de-confidentialite\/","title":{"rendered":"D\u00e9claration de confidentialit\u00e9"},"content":{"rendered":"<p>M\u00f6ller&#8217;s Omega-3 est une marque d\u00e9pos\u00e9e de Good Life International BV.<\/p><p>Good Life International BV a r\u00e9dig\u00e9 cette d\u00e9claration de confidentialit\u00e9 pour d\u00e9montrer que nous prenons votre vie priv\u00e9e tr\u00e8s au s\u00e9rieux. Ce qui suit explique comment nous traitons les informations personnelles sur le site web de M\u00f6ller&#8217;s Omega-3. Cela concerne les sites web suivants : <a href=\"https:\/\/www.mollersomega3.nl\/\" target=\"_self\" rel=\"noopener noreferrer\">www.mollersomega3.nl<\/a>  <\/p><p>Toutes les donn\u00e9es collect\u00e9es par Good Life International BV seront conserv\u00e9es de mani\u00e8re strictement confidentielle et ne seront ni pr\u00eat\u00e9es, ni lou\u00e9es, ni vendues, ni divulgu\u00e9es d&#8217;une quelconque mani\u00e8re. Les informations que vous fournissez \u00e0 Good Life International BV seront trait\u00e9es avec le plus grand soin. <\/p><p>L&#8217;objectif de l&#8217;enregistrement des donn\u00e9es personnelles par Good Life International BV est de pouvoir fournir des informations r\u00e9dactionnelles et commerciales personnalis\u00e9es \u00e0 nos visiteurs.<br\/>Nous utilisons votre adresse IP pour traiter les probl\u00e8mes li\u00e9s \u00e0 notre serveur et pour l&#8217;administration de nos sites web. L&#8217;adresse IP est \u00e9galement utilis\u00e9e pour identifier les visiteurs. <\/p><p>Nos sites web utilisent ce qu&#8217;on appelle des cookies. Les cookies font partie d&#8217;une technologie Internet standard qui nous permet de stocker et d&#8217;acc\u00e9der \u00e0 certaines informations de connexion sur le syst\u00e8me de l&#8217;utilisateur. Les cookies ne peuvent pas \u00eatre utilis\u00e9s pour identifier des personnes, mais uniquement des machines. Chaque visiteur peut configurer son ordinateur pour ne pas accepter les cookies.   <\/p><p>Nos formulaires d&#8217;inscription demandent aux utilisateurs de nous fournir des informations personnelles et professionnelles (comme le nom, l&#8217;adresse, l&#8217;e-mail et la fonction).<br\/>Nos sites web contiennent des liens vers d&#8217;autres sites web et des sites web de partenaires (commerciaux) qui n&#8217;appartiennent pas \u00e0 Good Life International BV. Nous ne sommes pas responsables des pratiques de confidentialit\u00e9 ni du contenu de ces sites. <\/p><p>Dans des cas exceptionnels, Good Life International BV partage des informations avec des partenaires soigneusement s\u00e9lectionn\u00e9s afin de mieux r\u00e9pondre \u00e0 vos besoins. Vous en serez toujours inform\u00e9. <\/p><p>Good Life International BV utilise des techniques de s\u00e9curit\u00e9 pour pr\u00e9venir la perte, l&#8217;alt\u00e9ration ou toute autre atteinte aux informations.<br\/>Good Life International BV supprimera de notre base de donn\u00e9es tout visiteur enregistr\u00e9 (et ses donn\u00e9es personnelles) sur demande. Le visiteur peut \u00e9galement modifier et mettre \u00e0 jour ses donn\u00e9es en ligne. <\/p><h2>Consentement pour l&#8217;utilisation des cookies.<\/h2><p>Pour assurer le bon fonctionnement de notre site web, nous utilisons des cookies. Pour obtenir votre consentement valide pour l&#8217;utilisation et le stockage de cookies dans le navigateur que vous utilisez pour visiter notre site web et pour bien documenter cela, nous utilisons une plateforme de gestion du consentement des cookies : CookieFirst. Cette technologie est fournie par Digital Data Solutions BV, Plantage Middenlaan 42a, 1018 DH, Amsterdam, Pays-Bas. Site web : <a href=\"https:\/\/cookiefirst.com\/nl\/cookie-consent\/\" title=\"Page de consentement des cookies CookieFirst\">Page de consentement des cookies CookieFirst<\/a> d\u00e9sign\u00e9e comme CookieFirst.   <\/p><p>Lorsque vous visitez notre site web, une connexion est \u00e9tablie avec le serveur de CookieFirst pour nous permettre d&#8217;obtenir votre consentement valide pour l&#8217;utilisation de certains cookies. CookieFirst enregistre ensuite un cookie dans votre navigateur pour n&#8217;activer que les cookies pour lesquels vous avez donn\u00e9 votre consentement et pour bien documenter cela. Les donn\u00e9es trait\u00e9es sont conserv\u00e9es jusqu&#8217;\u00e0 l&#8217;expiration de la p\u00e9riode de conservation pr\u00e9d\u00e9termin\u00e9e ou jusqu&#8217;\u00e0 ce que vous demandiez la suppression des donn\u00e9es. Nonobstant ce qui pr\u00e9c\u00e8de, certaines p\u00e9riodes de conservation l\u00e9gales obligatoires peuvent s&#8217;appliquer.   <\/p><p>CookieFirst est utilis\u00e9 pour obtenir le consentement l\u00e9galement requis pour l&#8217;utilisation des cookies. La base juridique est l&#8217;article 6(1)(c) du R\u00e8glement G\u00e9n\u00e9ral sur la Protection des Donn\u00e9es (RGPD). <\/p><h2>Accord de traitement des donn\u00e9es<\/h2><p>Nous avons conclu un accord de traitement des donn\u00e9es avec CookieFirst. Il s&#8217;agit d&#8217;un accord requis par la loi sur la protection des donn\u00e9es, qui garantit que les donn\u00e9es de nos visiteurs du site web ne sont trait\u00e9es que selon nos instructions et conform\u00e9ment au RGPD. <\/p><h2>Fichiers journaux du serveur<\/h2><p>Notre site web et CookieFirst collectent et conservent automatiquement des informations dans des fichiers journaux du serveur, que votre navigateur nous transmet automatiquement. Les donn\u00e9es suivantes sont collect\u00e9es :   <\/p><ul>Votre statut de consentement ou le retrait du consentement<li>Votre adresse IP anonymis\u00e9e<\/li><li>Informations sur votre navigateur<\/li><li>Informations sur votre appareil<\/li><li>La date et l&#8217;heure de votre visite sur notre site web<\/li><li>L&#8217;URL de la page web o\u00f9 vous avez enregistr\u00e9 ou mis \u00e0 jour vos pr\u00e9f\u00e9rences de consentement<\/li>\n<li>La localisation approximative de l&#8217;utilisateur qui a enregistr\u00e9 sa pr\u00e9f\u00e9rence de consentement<\/li>\n<li>Un identifiant unique universel (UUID) du visiteur du site web qui a cliqu\u00e9 sur la banni\u00e8re de cookies<\/li>\n<\/ul>","protected":false},"excerpt":{"rendered":"<p>M\u00f6ller&#8217;s Omega-3 est une marque d\u00e9pos\u00e9e de Good Life International BV. Good Life International BV a r\u00e9dig\u00e9 cette d\u00e9claration de confidentialit\u00e9 pour d\u00e9montrer que nous prenons votre vie priv\u00e9e tr\u00e8s au s\u00e9rieux. Ce qui suit explique comment nous traitons les informations personnelles sur le site web de M\u00f6ller&#8217;s Omega-3. Cela concerne les sites web suivants [&hellip;]<\/p>\n","protected":false},"author":1,"featured_media":0,"parent":0,"menu_order":0,"comment_status":"closed","ping_status":"closed","template":"","meta":{"_yoast_wpseo_focuskw":"","_yoast_wpseo_title":"","_yoast_wpseo_metadesc":"Good Life International BV a r\u00e9dig\u00e9 cette d\u00e9claration de confidentialit\u00e9 pour d\u00e9montrer que nous prenons votre vie priv\u00e9e tr\u00e8s au s\u00e9rieux.","_monsterinsights_skip_tracking":false,"_monsterinsights_sitenote_active":false,"_monsterinsights_sitenote_note":"","_monsterinsights_sitenote_category":0,"footnotes":""},"class_list":["post-1006105","page","type-page","status-publish","hentry"],"yoast_head":"<!-- This site is optimized with the Yoast SEO Premium plugin v25.1 (Yoast SEO v25.1) - https:\/\/yoast.com\/wordpress\/plugins\/seo\/ -->\n<title>D\u00e9claration de confidentialit\u00e9 - M\u00f6llers Omega-3<\/title>\n<meta name=\"description\" content=\"Good Life International BV a r\u00e9dig\u00e9 cette d\u00e9claration de confidentialit\u00e9 pour d\u00e9montrer que nous prenons votre vie priv\u00e9e tr\u00e8s au s\u00e9rieux.\" \/>\n<meta name=\"robots\" content=\"index, follow, max-snippet:-1, max-image-preview:large, max-video-preview:-1\" \/>\n<link rel=\"canonical\" href=\"https:\/\/mollersomega3.nl\/privacy-verklaring\/\" \/>\n<meta property=\"og:locale\" content=\"fr_FR\" \/>\n<meta property=\"og:type\" content=\"article\" \/>\n<meta property=\"og:title\" content=\"D\u00e9claration de confidentialit\u00e9\" \/>\n<meta property=\"og:description\" content=\"Good Life International BV a r\u00e9dig\u00e9 cette d\u00e9claration de confidentialit\u00e9 pour d\u00e9montrer que nous prenons votre vie priv\u00e9e tr\u00e8s au s\u00e9rieux.\" \/>\n<meta property=\"og:url\" content=\"https:\/\/mollersomega3.nl\/privacy-verklaring\/\" \/>\n<meta property=\"og:site_name\" content=\"M\u00f6llers Omega-3\" \/>\n<meta property=\"article:publisher\" content=\"https:\/\/www.facebook.com\/mollersomega3nl\" \/>\n<meta property=\"article:modified_time\" content=\"2025-07-04T07:27:09+00:00\" \/>\n<meta property=\"og:image\" content=\"https:\/\/mollersomega3.nl\/wp-content\/uploads\/2020\/12\/Mollers_logo_Flag_omega3_ENG_vertical_641x589_300PPI.png\" \/>\n\t<meta property=\"og:image:width\" content=\"641\" \/>\n\t<meta property=\"og:image:height\" content=\"589\" \/>\n\t<meta property=\"og:image:type\" content=\"image\/png\" \/>\n<meta name=\"twitter:card\" content=\"summary_large_image\" \/>\n<meta name=\"twitter:site\" content=\"@mollersomega3nl\" \/>\n<meta name=\"twitter:label1\" content=\"Est. reading time\" \/>\n\t<meta name=\"twitter:data1\" content=\"4 minutes\" \/>\n<script type=\"application\/ld+json\" class=\"yoast-schema-graph\">{\"@context\":\"https:\/\/schema.org\",\"@graph\":[{\"@type\":\"WebPage\",\"@id\":\"https:\/\/mollersomega3.nl\/privacy-verklaring\/\",\"url\":\"https:\/\/mollersomega3.nl\/privacy-verklaring\/\",\"name\":\"D\u00e9claration de confidentialit\u00e9 - M\u00f6llers Omega-3\",\"isPartOf\":{\"@id\":\"https:\/\/mollersomega3.nl\/#website\"},\"datePublished\":\"2020-06-10T12:27:19+00:00\",\"dateModified\":\"2025-07-04T07:27:09+00:00\",\"description\":\"Good Life International BV a r\u00e9dig\u00e9 cette d\u00e9claration de confidentialit\u00e9 pour d\u00e9montrer que nous prenons votre vie priv\u00e9e tr\u00e8s au s\u00e9rieux.\",\"breadcrumb\":{\"@id\":\"https:\/\/mollersomega3.nl\/privacy-verklaring\/#breadcrumb\"},\"inLanguage\":\"fr-FR\",\"potentialAction\":[{\"@type\":\"ReadAction\",\"target\":[\"https:\/\/mollersomega3.nl\/privacy-verklaring\/\"]}]},{\"@type\":\"BreadcrumbList\",\"@id\":\"https:\/\/mollersomega3.nl\/privacy-verklaring\/#breadcrumb\",\"itemListElement\":[{\"@type\":\"ListItem\",\"position\":1,\"name\":\"Accueil\",\"item\":\"https:\/\/mollersomega3.nl\/fr\/\"},{\"@type\":\"ListItem\",\"position\":2,\"name\":\"D\u00e9claration de confidentialit\u00e9\"}]},{\"@type\":\"WebSite\",\"@id\":\"https:\/\/mollersomega3.nl\/#website\",\"url\":\"https:\/\/mollersomega3.nl\/\",\"name\":\"M\u00f6llers Omega-3\",\"description\":\"A Spoonful of Life since 1854\",\"publisher\":{\"@id\":\"https:\/\/mollersomega3.nl\/#organization\"},\"potentialAction\":[{\"@type\":\"SearchAction\",\"target\":{\"@type\":\"EntryPoint\",\"urlTemplate\":\"https:\/\/mollersomega3.nl\/?s={search_term_string}\"},\"query-input\":{\"@type\":\"PropertyValueSpecification\",\"valueRequired\":true,\"valueName\":\"search_term_string\"}}],\"inLanguage\":\"fr-FR\"},{\"@type\":\"Organization\",\"@id\":\"https:\/\/mollersomega3.nl\/#organization\",\"name\":\"M\u00f6llers Omega-3\",\"url\":\"https:\/\/mollersomega3.nl\/\",\"logo\":{\"@type\":\"ImageObject\",\"inLanguage\":\"fr-FR\",\"@id\":\"https:\/\/mollersomega3.nl\/#\/schema\/logo\/image\/\",\"url\":\"https:\/\/mollersomega3.nl\/wp-content\/uploads\/2020\/07\/mollers-logo-bestellingen.png\",\"contentUrl\":\"https:\/\/mollersomega3.nl\/wp-content\/uploads\/2020\/07\/mollers-logo-bestellingen.png\",\"width\":250,\"height\":86,\"caption\":\"M\u00f6llers Omega-3\"},\"image\":{\"@id\":\"https:\/\/mollersomega3.nl\/#\/schema\/logo\/image\/\"},\"sameAs\":[\"https:\/\/www.facebook.com\/MollersOmega3NL\",\"https:\/\/www.instagram.com\/mollersomega3nl\/\",\"https:\/\/nl.linkedin.com\/company\/good-life-international\",\"https:\/\/www.bol.com\/nl\/nl\/m\/mollers\/\",\"https:\/\/mollersomega3.nl\/en\/\"],\"foundingDate\":\"1854\",\"areaServed\":[\"GB\",\"IE\",\"US\",\"CA\",\"AU\",\"NZ\",\"NL\"],\"knowsAbout\":[\"omega-3\",\"cod liver oil\",\"fish oil\",\"DHA\",\"EPA\",\"vitamin D\"],\"description\":\"Norwegian premium omega-3 brand since 1854. Cod liver oil and fish oil supplements with omega-3, vitamins A, D and E.\"}]}<\/script>\n<!-- \/ Yoast SEO Premium plugin. -->","yoast_head_json":{"title":"D\u00e9claration de confidentialit\u00e9 - M\u00f6llers Omega-3","description":"Good Life International BV a r\u00e9dig\u00e9 cette d\u00e9claration de confidentialit\u00e9 pour d\u00e9montrer que nous prenons votre vie priv\u00e9e tr\u00e8s au s\u00e9rieux.","robots":{"index":"index","follow":"follow","max-snippet":"max-snippet:-1","max-image-preview":"max-image-preview:large","max-video-preview":"max-video-preview:-1"},"canonical":"https:\/\/mollersomega3.nl\/privacy-verklaring\/","og_locale":"fr_FR","og_type":"article","og_title":"D\u00e9claration de confidentialit\u00e9","og_description":"Good Life International BV a r\u00e9dig\u00e9 cette d\u00e9claration de confidentialit\u00e9 pour d\u00e9montrer que nous prenons votre vie priv\u00e9e tr\u00e8s au s\u00e9rieux.","og_url":"https:\/\/mollersomega3.nl\/privacy-verklaring\/","og_site_name":"M\u00f6llers Omega-3","article_publisher":"https:\/\/www.facebook.com\/mollersomega3nl","article_modified_time":"2025-07-04T07:27:09+00:00","og_image":[{"width":641,"height":589,"url":"https:\/\/mollersomega3.nl\/wp-content\/uploads\/2020\/12\/Mollers_logo_Flag_omega3_ENG_vertical_641x589_300PPI.png","type":"image\/png"}],"twitter_card":"summary_large_image","twitter_site":"@mollersomega3nl","twitter_misc":{"Est. reading time":"4 minutes"},"schema":{"@context":"https:\/\/schema.org","@graph":[{"@type":"WebPage","@id":"https:\/\/mollersomega3.nl\/privacy-verklaring\/","url":"https:\/\/mollersomega3.nl\/privacy-verklaring\/","name":"D\u00e9claration de confidentialit\u00e9 - M\u00f6llers Omega-3","isPartOf":{"@id":"https:\/\/mollersomega3.nl\/#website"},"datePublished":"2020-06-10T12:27:19+00:00","dateModified":"2025-07-04T07:27:09+00:00","description":"Good Life International BV a r\u00e9dig\u00e9 cette d\u00e9claration de confidentialit\u00e9 pour d\u00e9montrer que nous prenons votre vie priv\u00e9e tr\u00e8s au s\u00e9rieux.","breadcrumb":{"@id":"https:\/\/mollersomega3.nl\/privacy-verklaring\/#breadcrumb"},"inLanguage":"fr-FR","potentialAction":[{"@type":"ReadAction","target":["https:\/\/mollersomega3.nl\/privacy-verklaring\/"]}]},{"@type":"BreadcrumbList","@id":"https:\/\/mollersomega3.nl\/privacy-verklaring\/#breadcrumb","itemListElement":[{"@type":"ListItem","position":1,"name":"Accueil","item":"https:\/\/mollersomega3.nl\/fr\/"},{"@type":"ListItem","position":2,"name":"D\u00e9claration de confidentialit\u00e9"}]},{"@type":"WebSite","@id":"https:\/\/mollersomega3.nl\/#website","url":"https:\/\/mollersomega3.nl\/","name":"M\u00f6llers Omega-3","description":"A Spoonful of Life since 1854","publisher":{"@id":"https:\/\/mollersomega3.nl\/#organization"},"potentialAction":[{"@type":"SearchAction","target":{"@type":"EntryPoint","urlTemplate":"https:\/\/mollersomega3.nl\/?s={search_term_string}"},"query-input":{"@type":"PropertyValueSpecification","valueRequired":true,"valueName":"search_term_string"}}],"inLanguage":"fr-FR"},{"@type":"Organization","@id":"https:\/\/mollersomega3.nl\/#organization","name":"M\u00f6llers Omega-3","url":"https:\/\/mollersomega3.nl\/","logo":{"@type":"ImageObject","inLanguage":"fr-FR","@id":"https:\/\/mollersomega3.nl\/#\/schema\/logo\/image\/","url":"https:\/\/mollersomega3.nl\/wp-content\/uploads\/2020\/07\/mollers-logo-bestellingen.png","contentUrl":"https:\/\/mollersomega3.nl\/wp-content\/uploads\/2020\/07\/mollers-logo-bestellingen.png","width":250,"height":86,"caption":"M\u00f6llers Omega-3"},"image":{"@id":"https:\/\/mollersomega3.nl\/#\/schema\/logo\/image\/"},"sameAs":["https:\/\/www.facebook.com\/MollersOmega3NL","https:\/\/www.instagram.com\/mollersomega3nl\/","https:\/\/nl.linkedin.com\/company\/good-life-international","https:\/\/www.bol.com\/nl\/nl\/m\/mollers\/","https:\/\/mollersomega3.nl\/en\/"],"foundingDate":"1854","areaServed":["GB","IE","US","CA","AU","NZ","NL"],"knowsAbout":["omega-3","cod liver oil","fish oil","DHA","EPA","vitamin D"],"description":"Norwegian premium omega-3 brand since 1854. Cod liver oil and fish oil supplements with omega-3, vitamins A, D and E."}]}},"_links":{"self":[{"href":"https:\/\/mollersomega3.nl\/fr\/wp-json\/wp\/v2\/pages\/1006105","targetHints":{"allow":["GET"]}}],"collection":[{"href":"https:\/\/mollersomega3.nl\/fr\/wp-json\/wp\/v2\/pages"}],"about":[{"href":"https:\/\/mollersomega3.nl\/fr\/wp-json\/wp\/v2\/types\/page"}],"author":[{"embeddable":true,"href":"https:\/\/mollersomega3.nl\/fr\/wp-json\/wp\/v2\/users\/1"}],"replies":[{"embeddable":true,"href":"https:\/\/mollersomega3.nl\/fr\/wp-json\/wp\/v2\/comments?post=1006105"}],"version-history":[{"count":0,"href":"https:\/\/mollersomega3.nl\/fr\/wp-json\/wp\/v2\/pages\/1006105\/revisions"}],"wp:attachment":[{"href":"https:\/\/mollersomega3.nl\/fr\/wp-json\/wp\/v2\/media?parent=1006105"}],"curies":[{"name":"wp","href":"https:\/\/api.w.org\/{rel}","templated":true}]}}