{"id":1006107,"date":"2020-07-09T11:36:45","date_gmt":"2020-07-09T09:36:45","guid":{"rendered":"https:\/\/mollersomega3.nl\/que-sont-les-vitamines-a-d-et-e\/"},"modified":"2020-07-09T11:36:45","modified_gmt":"2020-07-09T09:36:45","slug":"que-sont-les-vitamines-a-d-et-e","status":"publish","type":"page","link":"https:\/\/mollersomega3.nl\/fr\/que-sont-les-vitamines-a-d-et-e\/","title":{"rendered":"Que sont les vitamines A, D et E ?"},"content":{"rendered":"<h2>Vitamines A, D et E : des nutriments essentiels<\/h2>\n<p>Les vitamines A, D et E sont des nutriments essentiels pour notre corps. Elles sont importantes pour la croissance, la r\u00e9paration et le bon fonctionnement du corps, ainsi que pour le maintien de notre sant\u00e9. <\/p>\n<p>Les vitamines se trouvent naturellement dans notre alimentation, comme dans les fruits, les l\u00e9gumes et le pain. Le corps ne peut pas produire les vitamines lui-m\u00eame, ou pas en quantit\u00e9 suffisante. Pour obtenir suffisamment de vitamines chaque jour par l&#8217;alimentation, il est important de manger sainement et de fa\u00e7on vari\u00e9e.  <\/p>\n<p>Les produits M\u00f6ller&#8217;s Omega-3 sont riches en vitamines A, D et E (en plus des acides gras om\u00e9ga-3).<\/p>\n<h2>Vitamine A<\/h2>\n<p>La vitamine A, \u00e9galement connue sous le nom de r\u00e9tinol, est une vitamine liposoluble. Elle est importante pour une bonne <a href=\"https:\/\/mollersomega3.nl\/fr\/yeux\/\">vision<\/a>. De plus, la vitamine A est b\u00e9n\u00e9fique pour la <a href=\"https:\/\/mollersomega3.nl\/fr\/omega-3-vitamine-a-et-la-peau\/\">peau<\/a>, les gencives et les cheveux, et joue un r\u00f4le important dans la croissance et une bonne <a href=\"https:\/\/mollersomega3.nl\/fr\/systeme-immunitaire\/\">r\u00e9sistance<\/a>.  <\/p>\n<h3>Vitamine A pendant la grossesse<\/h3>\n<p>La vitamine A joue un r\u00f4le important dans la croissance. Un apport suffisant en vitamine A pendant la grossesse est donc important, mais un exc\u00e8s de cette vitamine doit \u00eatre \u00e9vit\u00e9. Ne mangez pas trop d&#8217;aliments riches en vitamine A pendant la grossesse, comme le foie, le p\u00e2t\u00e9 et le saucisson de foie. Une tranche de p\u00e2t\u00e9 de foie contient par exemple 350 microgrammes de vitamine A. L&#8217;apport journalier recommand\u00e9 (AJR) en vitamine A pendant la grossesse est de 1 000 microgrammes par jour (la dose maximale s\u00fbre pour les femmes enceintes est de 3 000 microgrammes par jour).   <\/p>\n<p>M\u00f6ller&#8217;s Omega-3 contient 250 microgrammes de vitamine A par cuill\u00e8re \u00e0 dessert, ce qui est donc une quantit\u00e9 s\u00fbre pendant la grossesse.<\/p>\n<h2>Vitamine D<\/h2>\n<p>La vitamine D est un groupe de vitamines liposolubles. Les deux formes les plus importantes sont la vitamine D2 (ergocalcif\u00e9rol, la forme v\u00e9g\u00e9tale) et la <strong>vitamine D3<\/strong> (chol\u00e9calcif\u00e9rol, la forme animale). Le corps peut la produire lui-m\u00eame. En effet, elle est form\u00e9e dans la peau sous l&#8217;influence de la lumi\u00e8re du soleil. De plus, le corps a \u00e9galement besoin de vitamine D provenant de l&#8217;alimentation.    <\/p>\n<h3>Que fait la vitamine D ?<\/h3>\n<p>La vitamine D est la vitamine la plus importante pour la r\u00e9sistance, elle assure un <a href=\"https:\/\/mollersomega3.nl\/fr\/systeme-immunitaire\/\">syst\u00e8me immunitaire<\/a> fort. De plus, cette vitamine, que votre corps produit en exposant suffisamment votre peau \u00e0 la lumi\u00e8re du soleil, est importante pour des <a href=\"https:\/\/mollersomega3.nl\/fr\/vitamine-d-pour-les-os-les-dents-et-les-muscles\/\">os et des dents<\/a> solides. Elle favorise l&#8217;absorption des min\u00e9raux calcium et phosphore dans notre corps. Les <a href=\"https:\/\/mollersomega3.nl\/fr\/vitamine-d-pour-les-os-les-dents-et-les-muscles\/\">muscles<\/a> b\u00e9n\u00e9ficient \u00e9galement d&#8217;un taux suffisant de vitamine D, car l&#8217;absorption du calcium est influenc\u00e9e par la vitamine D.   <\/p>\n<h3>Le soleil comme source<\/h3>\n<p>La lumi\u00e8re du soleil est importante pour la production de vitamine D. Le soleil n&#8217;est pas directement une source, mais le corps produit lui-m\u00eame de la vitamine D3 lorsque la peau est expos\u00e9e \u00e0 la lumi\u00e8re du soleil. Cependant, cette production d\u00e9pend d&#8217;une exposition suffisante au soleil sur de grandes parties de la peau. Et ce, pendant une p\u00e9riode allant jusqu&#8217;\u00e0 20 minutes par jour, selon la couleur de la peau. Plus la peau est fonc\u00e9e, plus votre corps a besoin d&#8217;exposition au soleil.   <\/p>\n<p><a href=\"https:\/\/mollersomega3.nl\/insmeren-en-vitamine-d-aanmaak\/\">Lisez ici quelle est l&#8217;influence de la cr\u00e8me solaire sur la production de vitamine D.<\/a><\/p>\n<h3>Aliments contenant de la vitamine D3<\/h3>\n<p>Peu d&#8217;aliments sont une bonne source de vitamine D. Les aliments qui en contiennent naturellement sont les poissons gras (comme le hareng, le saumon et le maquereau), l&#8217;huile de poisson (en particulier l&#8217;huile de foie de poisson, comme l&#8217;huile de foie de morue) et les jaunes d&#8217;\u0153ufs.<\/p>\n<h3>Votre taux de vitamine D est-il suffisant ?<\/h3>\n<p>Apr\u00e8s l&#8217;\u00e9t\u00e9, les jours deviennent de plus en plus courts et de moins en moins ensoleill\u00e9s, ce qui fait que notre peau n&#8217;est pas suffisamment expos\u00e9e \u00e0 la lumi\u00e8re du soleil. Le corps n&#8217;est alors pas capable de produire suffisamment de vitamine D. Une carence se d\u00e9veloppe alors, ce qui est loin d&#8217;\u00eatre sain. Il est scientifiquement prouv\u00e9 qu&#8217;un manque de lumi\u00e8re du soleil peut \u00e9galement entra\u00eener une apathie et une d\u00e9pression. En hiver, pr\u00e8s de 60 % des N\u00e9erlandais ont une carence. M\u00eame en \u00e9t\u00e9, ce pourcentage est encore de 35 %. Il est donc important de combler cette carence par l&#8217;alimentation ou des suppl\u00e9ments, comme M\u00f6ller&#8217;s Omega-3.     <\/p>\n<p>Pour les femmes enceintes, les <a href=\"https:\/\/mollersomega3.nl\/fr\/omega-3-et-le-developpement-des-enfants\/\">enfants jusqu&#8217;\u00e0 4 ans<\/a>, les personnes \u00e0 la peau fonc\u00e9e, les personnes \u00e2g\u00e9es et les personnes qui sortent peu, une suppl\u00e9mentation de 10 microgrammes de vitamine D par jour est de toute fa\u00e7on recommand\u00e9e.<\/p>\n<h2>Vitamine E<\/h2>\n<p>La vitamine E, \u00e9galement connue sous le nom de tocoph\u00e9rol, est une vitamine liposoluble et est importante pour le maintien de la r\u00e9sistance. C&#8217;est un antioxydant (= substance qui prot\u00e8ge le corps contre les radicaux libres). De plus, la vitamine E joue un r\u00f4le dans le maintien du tissu musculaire et la production de globules rouges.<\/p>\n","protected":false},"excerpt":{"rendered":"<p>Vitamines A, D et E : des nutriments essentiels Les vitamines A, D et E sont des nutriments essentiels pour notre corps. Elles sont importantes pour la croissance, la r\u00e9paration et le bon fonctionnement du corps, ainsi que pour le maintien de notre sant\u00e9. Les vitamines se trouvent naturellement dans notre alimentation, comme dans les [&hellip;]<\/p>\n","protected":false},"author":2,"featured_media":0,"parent":0,"menu_order":0,"comment_status":"closed","ping_status":"closed","template":"","meta":{"_yoast_wpseo_focuskw":"Vitamine D","_yoast_wpseo_title":"Que sont les vitamines D, A et E - M\u00f6ller's Omega-3","_yoast_wpseo_metadesc":"Les vitamines A, D et E sont toutes essentielles pour la croissance, la r\u00e9paration et le maintien de notre sant\u00e9.","_monsterinsights_skip_tracking":false,"_monsterinsights_sitenote_active":false,"_monsterinsights_sitenote_note":"","_monsterinsights_sitenote_category":0,"footnotes":""},"class_list":["post-1006107","page","type-page","status-publish","hentry"],"yoast_head":"<!-- This site is optimized with the Yoast SEO Premium plugin v25.1 (Yoast SEO v25.1) - https:\/\/yoast.com\/wordpress\/plugins\/seo\/ -->\n<title>Que sont les vitamines D, A et E - M\u00f6ller&#039;s Omega-3<\/title>\n<meta name=\"description\" content=\"Les vitamines A, D et E sont toutes essentielles pour la croissance, la r\u00e9paration et le maintien de notre sant\u00e9.\" \/>\n<meta name=\"robots\" content=\"index, follow, max-snippet:-1, max-image-preview:large, max-video-preview:-1\" \/>\n<link rel=\"canonical\" href=\"https:\/\/mollersomega3.nl\/wat-zijn-vitamine-a-d-en-e\/\" \/>\n<meta property=\"og:locale\" content=\"fr_FR\" \/>\n<meta property=\"og:type\" content=\"article\" \/>\n<meta property=\"og:title\" content=\"Que sont les vitamines A, D et E ?\" \/>\n<meta property=\"og:description\" content=\"Les vitamines A, D et E sont toutes essentielles pour la croissance, la r\u00e9paration et le maintien de notre sant\u00e9.\" \/>\n<meta property=\"og:url\" content=\"https:\/\/mollersomega3.nl\/wat-zijn-vitamine-a-d-en-e\/\" \/>\n<meta property=\"og:site_name\" content=\"M\u00f6llers Omega-3\" \/>\n<meta property=\"article:publisher\" content=\"https:\/\/www.facebook.com\/mollersomega3nl\" \/>\n<meta property=\"og:image\" content=\"https:\/\/mollersomega3.nl\/wp-content\/uploads\/2020\/12\/Mollers_logo_Flag_omega3_ENG_vertical_641x589_300PPI.png\" \/>\n\t<meta property=\"og:image:width\" content=\"641\" \/>\n\t<meta property=\"og:image:height\" content=\"589\" \/>\n\t<meta property=\"og:image:type\" content=\"image\/png\" \/>\n<meta name=\"twitter:card\" content=\"summary_large_image\" \/>\n<meta name=\"twitter:site\" content=\"@mollersomega3nl\" \/>\n<meta name=\"twitter:label1\" content=\"Est. reading time\" \/>\n\t<meta name=\"twitter:data1\" content=\"4 minutes\" \/>\n<script type=\"application\/ld+json\" class=\"yoast-schema-graph\">{\"@context\":\"https:\/\/schema.org\",\"@graph\":[{\"@type\":\"WebPage\",\"@id\":\"https:\/\/mollersomega3.nl\/wat-zijn-vitamine-a-d-en-e\/\",\"url\":\"https:\/\/mollersomega3.nl\/wat-zijn-vitamine-a-d-en-e\/\",\"name\":\"Que sont les vitamines D, A et E - M\u00f6ller's Omega-3\",\"isPartOf\":{\"@id\":\"https:\/\/mollersomega3.nl\/#website\"},\"datePublished\":\"2020-07-09T09:36:45+00:00\",\"description\":\"Les vitamines A, D et E sont toutes essentielles pour la croissance, la r\u00e9paration et le maintien de notre sant\u00e9.\",\"breadcrumb\":{\"@id\":\"https:\/\/mollersomega3.nl\/wat-zijn-vitamine-a-d-en-e\/#breadcrumb\"},\"inLanguage\":\"fr-FR\",\"potentialAction\":[{\"@type\":\"ReadAction\",\"target\":[\"https:\/\/mollersomega3.nl\/wat-zijn-vitamine-a-d-en-e\/\"]}]},{\"@type\":\"BreadcrumbList\",\"@id\":\"https:\/\/mollersomega3.nl\/wat-zijn-vitamine-a-d-en-e\/#breadcrumb\",\"itemListElement\":[{\"@type\":\"ListItem\",\"position\":1,\"name\":\"Accueil\",\"item\":\"https:\/\/mollersomega3.nl\/fr\/\"},{\"@type\":\"ListItem\",\"position\":2,\"name\":\"Que sont les vitamines A, D et E ?\"}]},{\"@type\":\"WebSite\",\"@id\":\"https:\/\/mollersomega3.nl\/#website\",\"url\":\"https:\/\/mollersomega3.nl\/\",\"name\":\"M\u00f6llers Omega-3\",\"description\":\"A Spoonful of Life since 1854\",\"publisher\":{\"@id\":\"https:\/\/mollersomega3.nl\/#organization\"},\"potentialAction\":[{\"@type\":\"SearchAction\",\"target\":{\"@type\":\"EntryPoint\",\"urlTemplate\":\"https:\/\/mollersomega3.nl\/?s={search_term_string}\"},\"query-input\":{\"@type\":\"PropertyValueSpecification\",\"valueRequired\":true,\"valueName\":\"search_term_string\"}}],\"inLanguage\":\"fr-FR\"},{\"@type\":\"Organization\",\"@id\":\"https:\/\/mollersomega3.nl\/#organization\",\"name\":\"M\u00f6llers Omega-3\",\"url\":\"https:\/\/mollersomega3.nl\/\",\"logo\":{\"@type\":\"ImageObject\",\"inLanguage\":\"fr-FR\",\"@id\":\"https:\/\/mollersomega3.nl\/#\/schema\/logo\/image\/\",\"url\":\"https:\/\/mollersomega3.nl\/wp-content\/uploads\/2020\/07\/mollers-logo-bestellingen.png\",\"contentUrl\":\"https:\/\/mollersomega3.nl\/wp-content\/uploads\/2020\/07\/mollers-logo-bestellingen.png\",\"width\":250,\"height\":86,\"caption\":\"M\u00f6llers Omega-3\"},\"image\":{\"@id\":\"https:\/\/mollersomega3.nl\/#\/schema\/logo\/image\/\"},\"sameAs\":[\"https:\/\/www.facebook.com\/MollersOmega3NL\",\"https:\/\/www.instagram.com\/mollersomega3nl\/\",\"https:\/\/nl.linkedin.com\/company\/good-life-international\",\"https:\/\/www.bol.com\/nl\/nl\/m\/mollers\/\",\"https:\/\/mollersomega3.nl\/en\/\"],\"foundingDate\":\"1854\",\"areaServed\":[\"GB\",\"IE\",\"US\",\"CA\",\"AU\",\"NZ\",\"NL\"],\"knowsAbout\":[\"omega-3\",\"cod liver oil\",\"fish oil\",\"DHA\",\"EPA\",\"vitamin D\"],\"description\":\"Norwegian premium omega-3 brand since 1854. Cod liver oil and fish oil supplements with omega-3, vitamins A, D and E.\"}]}<\/script>\n<!-- \/ Yoast SEO Premium plugin. -->","yoast_head_json":{"title":"Que sont les vitamines D, A et E - M\u00f6ller's Omega-3","description":"Les vitamines A, D et E sont toutes essentielles pour la croissance, la r\u00e9paration et le maintien de notre sant\u00e9.","robots":{"index":"index","follow":"follow","max-snippet":"max-snippet:-1","max-image-preview":"max-image-preview:large","max-video-preview":"max-video-preview:-1"},"canonical":"https:\/\/mollersomega3.nl\/wat-zijn-vitamine-a-d-en-e\/","og_locale":"fr_FR","og_type":"article","og_title":"Que sont les vitamines A, D et E ?","og_description":"Les vitamines A, D et E sont toutes essentielles pour la croissance, la r\u00e9paration et le maintien de notre sant\u00e9.","og_url":"https:\/\/mollersomega3.nl\/wat-zijn-vitamine-a-d-en-e\/","og_site_name":"M\u00f6llers Omega-3","article_publisher":"https:\/\/www.facebook.com\/mollersomega3nl","og_image":[{"width":641,"height":589,"url":"https:\/\/mollersomega3.nl\/wp-content\/uploads\/2020\/12\/Mollers_logo_Flag_omega3_ENG_vertical_641x589_300PPI.png","type":"image\/png"}],"twitter_card":"summary_large_image","twitter_site":"@mollersomega3nl","twitter_misc":{"Est. reading time":"4 minutes"},"schema":{"@context":"https:\/\/schema.org","@graph":[{"@type":"WebPage","@id":"https:\/\/mollersomega3.nl\/wat-zijn-vitamine-a-d-en-e\/","url":"https:\/\/mollersomega3.nl\/wat-zijn-vitamine-a-d-en-e\/","name":"Que sont les vitamines D, A et E - M\u00f6ller's Omega-3","isPartOf":{"@id":"https:\/\/mollersomega3.nl\/#website"},"datePublished":"2020-07-09T09:36:45+00:00","description":"Les vitamines A, D et E sont toutes essentielles pour la croissance, la r\u00e9paration et le maintien de notre sant\u00e9.","breadcrumb":{"@id":"https:\/\/mollersomega3.nl\/wat-zijn-vitamine-a-d-en-e\/#breadcrumb"},"inLanguage":"fr-FR","potentialAction":[{"@type":"ReadAction","target":["https:\/\/mollersomega3.nl\/wat-zijn-vitamine-a-d-en-e\/"]}]},{"@type":"BreadcrumbList","@id":"https:\/\/mollersomega3.nl\/wat-zijn-vitamine-a-d-en-e\/#breadcrumb","itemListElement":[{"@type":"ListItem","position":1,"name":"Accueil","item":"https:\/\/mollersomega3.nl\/fr\/"},{"@type":"ListItem","position":2,"name":"Que sont les vitamines A, D et E ?"}]},{"@type":"WebSite","@id":"https:\/\/mollersomega3.nl\/#website","url":"https:\/\/mollersomega3.nl\/","name":"M\u00f6llers Omega-3","description":"A Spoonful of Life since 1854","publisher":{"@id":"https:\/\/mollersomega3.nl\/#organization"},"potentialAction":[{"@type":"SearchAction","target":{"@type":"EntryPoint","urlTemplate":"https:\/\/mollersomega3.nl\/?s={search_term_string}"},"query-input":{"@type":"PropertyValueSpecification","valueRequired":true,"valueName":"search_term_string"}}],"inLanguage":"fr-FR"},{"@type":"Organization","@id":"https:\/\/mollersomega3.nl\/#organization","name":"M\u00f6llers Omega-3","url":"https:\/\/mollersomega3.nl\/","logo":{"@type":"ImageObject","inLanguage":"fr-FR","@id":"https:\/\/mollersomega3.nl\/#\/schema\/logo\/image\/","url":"https:\/\/mollersomega3.nl\/wp-content\/uploads\/2020\/07\/mollers-logo-bestellingen.png","contentUrl":"https:\/\/mollersomega3.nl\/wp-content\/uploads\/2020\/07\/mollers-logo-bestellingen.png","width":250,"height":86,"caption":"M\u00f6llers Omega-3"},"image":{"@id":"https:\/\/mollersomega3.nl\/#\/schema\/logo\/image\/"},"sameAs":["https:\/\/www.facebook.com\/MollersOmega3NL","https:\/\/www.instagram.com\/mollersomega3nl\/","https:\/\/nl.linkedin.com\/company\/good-life-international","https:\/\/www.bol.com\/nl\/nl\/m\/mollers\/","https:\/\/mollersomega3.nl\/en\/"],"foundingDate":"1854","areaServed":["GB","IE","US","CA","AU","NZ","NL"],"knowsAbout":["omega-3","cod liver oil","fish oil","DHA","EPA","vitamin D"],"description":"Norwegian premium omega-3 brand since 1854. Cod liver oil and fish oil supplements with omega-3, vitamins A, D and E."}]}},"_links":{"self":[{"href":"https:\/\/mollersomega3.nl\/fr\/wp-json\/wp\/v2\/pages\/1006107","targetHints":{"allow":["GET"]}}],"collection":[{"href":"https:\/\/mollersomega3.nl\/fr\/wp-json\/wp\/v2\/pages"}],"about":[{"href":"https:\/\/mollersomega3.nl\/fr\/wp-json\/wp\/v2\/types\/page"}],"author":[{"embeddable":true,"href":"https:\/\/mollersomega3.nl\/fr\/wp-json\/wp\/v2\/users\/2"}],"replies":[{"embeddable":true,"href":"https:\/\/mollersomega3.nl\/fr\/wp-json\/wp\/v2\/comments?post=1006107"}],"version-history":[{"count":0,"href":"https:\/\/mollersomega3.nl\/fr\/wp-json\/wp\/v2\/pages\/1006107\/revisions"}],"wp:attachment":[{"href":"https:\/\/mollersomega3.nl\/fr\/wp-json\/wp\/v2\/media?parent=1006107"}],"curies":[{"name":"wp","href":"https:\/\/api.w.org\/{rel}","templated":true}]}}