{"id":1005910,"date":"2022-06-21T15:05:33","date_gmt":"2022-06-21T13:05:33","guid":{"rendered":"https:\/\/mollersomega3.nl\/product\/cuillere-doseuse-mollers\/"},"modified":"2022-06-21T15:05:33","modified_gmt":"2022-06-21T13:05:33","slug":"cuillere-doseuse-mollers","status":"publish","type":"product","link":"https:\/\/mollersomega3.nl\/fr\/product\/cuillere-doseuse-mollers\/","title":{"rendered":"Cuill\u00e8re doseuse M\u00f6ller&#8217;s"},"content":{"rendered":"<p><strong>Cette cuill\u00e8re doseuse de 5 ml est id\u00e9ale pour doser facilement l&#8217;huile de foie de morue Omega-3 M\u00f6ller \u00ab s. Remplis la cuill\u00e8re jusqu&#8217;au trait de mesure de 5 ml et tu obtiendras \u00e0 coup s\u00fbr la bonne quantit\u00e9 d&#8217;acides gras om\u00e9ga-3. La dose quotidienne recommand\u00e9e d&#8217;<a href=\"https:\/\/mollersomega3.nl\/producten\/\">huile de foie de morue Omega-3 M\u00f6ller<\/a> \u00bb s est de 5 ml.  <\/strong><\/p>\n<h2>Dosage<\/h2>\n<p>Quantit\u00e9 conseill\u00e9e pour les adultes et enfants \u00e0 partir de 3 ans :<strong>  5 ml<\/strong><\/p>\n<p>Quantit\u00e9 conseill\u00e9e pour les enfants \u00e0 partir de 6 mois : <strong>2,5 ml<br \/>\n<\/strong><em>Il est conseill\u00e9 de commencer par une demi-cuill\u00e8re \u00e0 dessert par jour. Une fois que l&#8217;enfant s&#8217;est habitu\u00e9 \u00e0 l&#8217;huile, cette quantit\u00e9 peut \u00eatre augment\u00e9e progressivement jusqu&#8217;\u00e0 5 ml par jour. <\/em><\/p>\n<p>Avec cette cuill\u00e8re doseuse, 2,5 ml est \u00e9galement facile \u00e0 doser.<\/p>\n<h2>Sp\u00e9cifications<\/h2>\n<ul>\n<li>Trait de mesure \u00e0 0,5 ml, 2,5 ml et 5 ml.<\/li>\n<li>Le mat\u00e9riau est PP (polypropyl\u00e8ne).<\/li>\n<\/ul>\n","protected":false},"excerpt":{"rendered":"<ul>\n<li>Id\u00e9al pour doser facilement M\u00f6ller&#8217;s<\/li>\n<li>Adapt\u00e9 pour le dosage de 2,5 et 5 ml<\/li>\n<li>Garantit la bonne quantit\u00e9 d&#8217;om\u00e9ga-3<\/li>\n<\/ul>\n<p><strong>Avec cette petite cuill\u00e8re doseuse, tu peux bien mesurer la dose quotidienne d&#8217;huile de foie de morue Omega-3 M\u00f6ller&#8217;s. Aussi bien 2,5 que 5 ml est facile \u00e0 doser de cette mani\u00e8re. <\/strong><\/p>\n","protected":false},"featured_media":1006924,"comment_status":"open","ping_status":"closed","template":"","meta":{"_yoast_wpseo_focuskw":"cuill\u00e8re doseuse","_yoast_wpseo_title":"","_yoast_wpseo_metadesc":"Avec cette cuill\u00e8re doseuse, tu peux bien mesurer la dose quotidienne d'huile de foie de morue Omega-3 M\u00f6ller's. Pour un dosage facile de 2,5 et 5 ml.","_monsterinsights_skip_tracking":false,"_monsterinsights_sitenote_active":false,"_monsterinsights_sitenote_note":"","_monsterinsights_sitenote_category":0},"product_brand":[],"product_cat":[546],"product_tag":[],"class_list":{"0":"post-1005910","1":"product","2":"type-product","3":"status-publish","4":"has-post-thumbnail","6":"product_cat-accessoires-fr","8":"first","9":"instock","10":"taxable","11":"shipping-taxable","12":"purchasable","13":"product-type-simple"},"wcpa_form_fields":null,"yoast_head":"<!-- This site is optimized with the Yoast SEO Premium plugin v25.1 (Yoast SEO v25.1) - https:\/\/yoast.com\/wordpress\/plugins\/seo\/ -->\n<title>Cuill\u00e8re doseuse M\u00f6ller&#039;s - M\u00f6llers Omega-3<\/title>\n<meta name=\"description\" content=\"Avec cette cuill\u00e8re doseuse, tu peux bien mesurer la dose quotidienne d&#039;huile de foie de morue Omega-3 M\u00f6ller&#039;s. Pour un dosage facile de 2,5 et 5 ml.\" \/>\n<meta name=\"robots\" content=\"index, follow, max-snippet:-1, max-image-preview:large, max-video-preview:-1\" \/>\n<link rel=\"canonical\" href=\"https:\/\/mollersomega3.nl\/product\/mollers-maatlepel\/\" \/>\n<meta property=\"og:locale\" content=\"fr_FR\" \/>\n<meta property=\"og:type\" content=\"article\" \/>\n<meta property=\"og:title\" content=\"Cuill\u00e8re doseuse M\u00f6ller&#039;s\" \/>\n<meta property=\"og:description\" content=\"Avec cette cuill\u00e8re doseuse, tu peux bien mesurer la dose quotidienne d&#039;huile de foie de morue Omega-3 M\u00f6ller&#039;s. Pour un dosage facile de 2,5 et 5 ml.\" \/>\n<meta property=\"og:url\" content=\"https:\/\/mollersomega3.nl\/product\/mollers-maatlepel\/\" \/>\n<meta property=\"og:site_name\" content=\"M\u00f6llers Omega-3\" \/>\n<meta property=\"article:publisher\" content=\"https:\/\/www.facebook.com\/mollersomega3nl\" \/>\n<meta property=\"og:image\" content=\"https:\/\/mollersomega3.nl\/wp-content\/uploads\/2022\/06\/Maatlepel-transparant-1.png\" \/>\n\t<meta property=\"og:image:width\" content=\"744\" \/>\n\t<meta property=\"og:image:height\" content=\"744\" \/>\n\t<meta property=\"og:image:type\" content=\"image\/png\" \/>\n<meta name=\"twitter:card\" content=\"summary_large_image\" \/>\n<meta name=\"twitter:site\" content=\"@mollersomega3nl\" \/>\n<meta name=\"twitter:label1\" content=\"Est. reading time\" \/>\n\t<meta name=\"twitter:data1\" content=\"1 minute\" \/>\n<script type=\"application\/ld+json\" class=\"yoast-schema-graph\">{\"@context\":\"https:\/\/schema.org\",\"@graph\":[{\"@type\":\"WebPage\",\"@id\":\"https:\/\/mollersomega3.nl\/product\/mollers-maatlepel\/\",\"url\":\"https:\/\/mollersomega3.nl\/product\/mollers-maatlepel\/\",\"name\":\"Cuill\u00e8re doseuse M\u00f6ller's - M\u00f6llers Omega-3\",\"isPartOf\":{\"@id\":\"https:\/\/mollersomega3.nl\/#website\"},\"primaryImageOfPage\":{\"@id\":\"https:\/\/mollersomega3.nl\/product\/mollers-maatlepel\/#primaryimage\"},\"image\":{\"@id\":\"https:\/\/mollersomega3.nl\/product\/mollers-maatlepel\/#primaryimage\"},\"thumbnailUrl\":\"https:\/\/mollersomega3.nl\/wp-content\/uploads\/2022\/06\/Maatlepel-transparant-1.png\",\"datePublished\":\"2022-06-21T13:05:33+00:00\",\"description\":\"Avec cette cuill\u00e8re doseuse, tu peux bien mesurer la dose quotidienne d'huile de foie de morue Omega-3 M\u00f6ller's. Pour un dosage facile de 2,5 et 5 ml.\",\"breadcrumb\":{\"@id\":\"https:\/\/mollersomega3.nl\/product\/mollers-maatlepel\/#breadcrumb\"},\"inLanguage\":\"fr-FR\",\"potentialAction\":[{\"@type\":\"ReadAction\",\"target\":[\"https:\/\/mollersomega3.nl\/product\/mollers-maatlepel\/\"]}]},{\"@type\":\"ImageObject\",\"inLanguage\":\"fr-FR\",\"@id\":\"https:\/\/mollersomega3.nl\/product\/mollers-maatlepel\/#primaryimage\",\"url\":\"https:\/\/mollersomega3.nl\/wp-content\/uploads\/2022\/06\/Maatlepel-transparant-1.png\",\"contentUrl\":\"https:\/\/mollersomega3.nl\/wp-content\/uploads\/2022\/06\/Maatlepel-transparant-1.png\",\"width\":744,\"height\":744},{\"@type\":\"BreadcrumbList\",\"@id\":\"https:\/\/mollersomega3.nl\/product\/mollers-maatlepel\/#breadcrumb\",\"itemListElement\":[{\"@type\":\"ListItem\",\"position\":1,\"name\":\"Accueil\",\"item\":\"https:\/\/mollersomega3.nl\/fr\/\"},{\"@type\":\"ListItem\",\"position\":2,\"name\":\"Produits\",\"item\":\"https:\/\/mollersomega3.nl\/producten\/\"},{\"@type\":\"ListItem\",\"position\":3,\"name\":\"Cuill\u00e8re doseuse M\u00f6ller&#8217;s\"}]},{\"@type\":\"WebSite\",\"@id\":\"https:\/\/mollersomega3.nl\/#website\",\"url\":\"https:\/\/mollersomega3.nl\/\",\"name\":\"M\u00f6llers Omega-3\",\"description\":\"A Spoonful of Life since 1854\",\"publisher\":{\"@id\":\"https:\/\/mollersomega3.nl\/#organization\"},\"potentialAction\":[{\"@type\":\"SearchAction\",\"target\":{\"@type\":\"EntryPoint\",\"urlTemplate\":\"https:\/\/mollersomega3.nl\/?s={search_term_string}\"},\"query-input\":{\"@type\":\"PropertyValueSpecification\",\"valueRequired\":true,\"valueName\":\"search_term_string\"}}],\"inLanguage\":\"fr-FR\"},{\"@type\":\"Organization\",\"@id\":\"https:\/\/mollersomega3.nl\/#organization\",\"name\":\"M\u00f6llers Omega-3\",\"url\":\"https:\/\/mollersomega3.nl\/\",\"logo\":{\"@type\":\"ImageObject\",\"inLanguage\":\"fr-FR\",\"@id\":\"https:\/\/mollersomega3.nl\/#\/schema\/logo\/image\/\",\"url\":\"https:\/\/mollersomega3.nl\/wp-content\/uploads\/2020\/07\/mollers-logo-bestellingen.png\",\"contentUrl\":\"https:\/\/mollersomega3.nl\/wp-content\/uploads\/2020\/07\/mollers-logo-bestellingen.png\",\"width\":250,\"height\":86,\"caption\":\"M\u00f6llers Omega-3\"},\"image\":{\"@id\":\"https:\/\/mollersomega3.nl\/#\/schema\/logo\/image\/\"},\"sameAs\":[\"https:\/\/www.facebook.com\/MollersOmega3NL\",\"https:\/\/www.instagram.com\/mollersomega3nl\/\",\"https:\/\/nl.linkedin.com\/company\/good-life-international\",\"https:\/\/www.bol.com\/nl\/nl\/m\/mollers\/\",\"https:\/\/mollersomega3.nl\/en\/\"],\"foundingDate\":\"1854\",\"areaServed\":[\"GB\",\"IE\",\"US\",\"CA\",\"AU\",\"NZ\",\"NL\"],\"knowsAbout\":[\"omega-3\",\"cod liver oil\",\"fish oil\",\"DHA\",\"EPA\",\"vitamin D\"],\"description\":\"Norwegian premium omega-3 brand since 1854. Cod liver oil and fish oil supplements with omega-3, vitamins A, D and E.\"}]}<\/script>\n<!-- \/ Yoast SEO Premium plugin. -->","yoast_head_json":{"title":"Cuill\u00e8re doseuse M\u00f6ller's - M\u00f6llers Omega-3","description":"Avec cette cuill\u00e8re doseuse, tu peux bien mesurer la dose quotidienne d'huile de foie de morue Omega-3 M\u00f6ller's. Pour un dosage facile de 2,5 et 5 ml.","robots":{"index":"index","follow":"follow","max-snippet":"max-snippet:-1","max-image-preview":"max-image-preview:large","max-video-preview":"max-video-preview:-1"},"canonical":"https:\/\/mollersomega3.nl\/product\/mollers-maatlepel\/","og_locale":"fr_FR","og_type":"article","og_title":"Cuill\u00e8re doseuse M\u00f6ller's","og_description":"Avec cette cuill\u00e8re doseuse, tu peux bien mesurer la dose quotidienne d'huile de foie de morue Omega-3 M\u00f6ller's. Pour un dosage facile de 2,5 et 5 ml.","og_url":"https:\/\/mollersomega3.nl\/product\/mollers-maatlepel\/","og_site_name":"M\u00f6llers Omega-3","article_publisher":"https:\/\/www.facebook.com\/mollersomega3nl","og_image":[{"width":744,"height":744,"url":"https:\/\/mollersomega3.nl\/wp-content\/uploads\/2022\/06\/Maatlepel-transparant-1.png","type":"image\/png"}],"twitter_card":"summary_large_image","twitter_site":"@mollersomega3nl","twitter_misc":{"Est. reading time":"1 minute"},"schema":{"@context":"https:\/\/schema.org","@graph":[{"@type":"WebPage","@id":"https:\/\/mollersomega3.nl\/product\/mollers-maatlepel\/","url":"https:\/\/mollersomega3.nl\/product\/mollers-maatlepel\/","name":"Cuill\u00e8re doseuse M\u00f6ller's - M\u00f6llers Omega-3","isPartOf":{"@id":"https:\/\/mollersomega3.nl\/#website"},"primaryImageOfPage":{"@id":"https:\/\/mollersomega3.nl\/product\/mollers-maatlepel\/#primaryimage"},"image":{"@id":"https:\/\/mollersomega3.nl\/product\/mollers-maatlepel\/#primaryimage"},"thumbnailUrl":"https:\/\/mollersomega3.nl\/wp-content\/uploads\/2022\/06\/Maatlepel-transparant-1.png","datePublished":"2022-06-21T13:05:33+00:00","description":"Avec cette cuill\u00e8re doseuse, tu peux bien mesurer la dose quotidienne d'huile de foie de morue Omega-3 M\u00f6ller's. Pour un dosage facile de 2,5 et 5 ml.","breadcrumb":{"@id":"https:\/\/mollersomega3.nl\/product\/mollers-maatlepel\/#breadcrumb"},"inLanguage":"fr-FR","potentialAction":[{"@type":"ReadAction","target":["https:\/\/mollersomega3.nl\/product\/mollers-maatlepel\/"]}]},{"@type":"ImageObject","inLanguage":"fr-FR","@id":"https:\/\/mollersomega3.nl\/product\/mollers-maatlepel\/#primaryimage","url":"https:\/\/mollersomega3.nl\/wp-content\/uploads\/2022\/06\/Maatlepel-transparant-1.png","contentUrl":"https:\/\/mollersomega3.nl\/wp-content\/uploads\/2022\/06\/Maatlepel-transparant-1.png","width":744,"height":744},{"@type":"BreadcrumbList","@id":"https:\/\/mollersomega3.nl\/product\/mollers-maatlepel\/#breadcrumb","itemListElement":[{"@type":"ListItem","position":1,"name":"Accueil","item":"https:\/\/mollersomega3.nl\/fr\/"},{"@type":"ListItem","position":2,"name":"Produits","item":"https:\/\/mollersomega3.nl\/producten\/"},{"@type":"ListItem","position":3,"name":"Cuill\u00e8re doseuse M\u00f6ller&#8217;s"}]},{"@type":"WebSite","@id":"https:\/\/mollersomega3.nl\/#website","url":"https:\/\/mollersomega3.nl\/","name":"M\u00f6llers Omega-3","description":"A Spoonful of Life since 1854","publisher":{"@id":"https:\/\/mollersomega3.nl\/#organization"},"potentialAction":[{"@type":"SearchAction","target":{"@type":"EntryPoint","urlTemplate":"https:\/\/mollersomega3.nl\/?s={search_term_string}"},"query-input":{"@type":"PropertyValueSpecification","valueRequired":true,"valueName":"search_term_string"}}],"inLanguage":"fr-FR"},{"@type":"Organization","@id":"https:\/\/mollersomega3.nl\/#organization","name":"M\u00f6llers Omega-3","url":"https:\/\/mollersomega3.nl\/","logo":{"@type":"ImageObject","inLanguage":"fr-FR","@id":"https:\/\/mollersomega3.nl\/#\/schema\/logo\/image\/","url":"https:\/\/mollersomega3.nl\/wp-content\/uploads\/2020\/07\/mollers-logo-bestellingen.png","contentUrl":"https:\/\/mollersomega3.nl\/wp-content\/uploads\/2020\/07\/mollers-logo-bestellingen.png","width":250,"height":86,"caption":"M\u00f6llers Omega-3"},"image":{"@id":"https:\/\/mollersomega3.nl\/#\/schema\/logo\/image\/"},"sameAs":["https:\/\/www.facebook.com\/MollersOmega3NL","https:\/\/www.instagram.com\/mollersomega3nl\/","https:\/\/nl.linkedin.com\/company\/good-life-international","https:\/\/www.bol.com\/nl\/nl\/m\/mollers\/","https:\/\/mollersomega3.nl\/en\/"],"foundingDate":"1854","areaServed":["GB","IE","US","CA","AU","NZ","NL"],"knowsAbout":["omega-3","cod liver oil","fish oil","DHA","EPA","vitamin D"],"description":"Norwegian premium omega-3 brand since 1854. Cod liver oil and fish oil supplements with omega-3, vitamins A, D and E."}]}},"_links":{"self":[{"href":"https:\/\/mollersomega3.nl\/fr\/wp-json\/wp\/v2\/product\/1005910","targetHints":{"allow":["GET"]}}],"collection":[{"href":"https:\/\/mollersomega3.nl\/fr\/wp-json\/wp\/v2\/product"}],"about":[{"href":"https:\/\/mollersomega3.nl\/fr\/wp-json\/wp\/v2\/types\/product"}],"replies":[{"embeddable":true,"href":"https:\/\/mollersomega3.nl\/fr\/wp-json\/wp\/v2\/comments?post=1005910"}],"wp:featuredmedia":[{"embeddable":true,"href":"https:\/\/mollersomega3.nl\/fr\/wp-json\/wp\/v2\/media\/1006924"}],"wp:attachment":[{"href":"https:\/\/mollersomega3.nl\/fr\/wp-json\/wp\/v2\/media?parent=1005910"}],"wp:term":[{"taxonomy":"product_brand","embeddable":true,"href":"https:\/\/mollersomega3.nl\/fr\/wp-json\/wp\/v2\/product_brand?post=1005910"},{"taxonomy":"product_cat","embeddable":true,"href":"https:\/\/mollersomega3.nl\/fr\/wp-json\/wp\/v2\/product_cat?post=1005910"},{"taxonomy":"product_tag","embeddable":true,"href":"https:\/\/mollersomega3.nl\/fr\/wp-json\/wp\/v2\/product_tag?post=1005910"}],"curies":[{"name":"wp","href":"https:\/\/api.w.org\/{rel}","templated":true}]}}