{"id":1005911,"date":"2025-06-05T08:14:51","date_gmt":"2025-06-05T06:14:51","guid":{"rendered":"https:\/\/mollersomega3.nl\/product\/mollers-omega-3-huile-de-foie-de-morue-2-x-160-gelules-gelules-omega-3-gelules-dhuile-de-foie-de-morue-huile-de-foie-de-morue-au-gout-vanille\/"},"modified":"2025-06-05T08:14:51","modified_gmt":"2025-06-05T06:14:51","slug":"mollers-omega-3-huile-de-foie-de-morue-2-x-160-gelules-gelules-omega-3-gelules-dhuile-de-foie-de-morue-huile-de-foie-de-morue-au-gout-vanille","status":"publish","type":"product","link":"https:\/\/mollersomega3.nl\/fr\/product\/mollers-omega-3-huile-de-foie-de-morue-2-x-160-gelules-gelules-omega-3-gelules-dhuile-de-foie-de-morue-huile-de-foie-de-morue-au-gout-vanille\/","title":{"rendered":"M\u00f6ller&#8217;s Omega-3 Huile de foie de morue \u2013 2 x 160 g\u00e9lules \u2013 G\u00e9lules Omega-3 \u2013 G\u00e9lules d&#8217;huile de foie de morue \u2013 Huile de foie de morue au go\u00fbt vanille"},"content":{"rendered":"<h3><strong>G\u00e9lules d&#8217;huile de foie de morue M\u00f6ller&#8217;s : sentez-vous en forme avec 2 \u00e0 4 g\u00e9lules omega-3 d&#8217;huile de foie de morue par jour. Avec un l\u00e9ger go\u00fbt vanille ! <\/strong><\/h3>\n<p>Soutenez la sant\u00e9 de votre c\u0153ur, de votre cerveau et de votre syst\u00e8me immunitaire. Avec 2 \u00e0 4 g\u00e9lules omega-3 d&#8217;huile de foie de morue M\u00f6ller&#8217;s par jour, vous obtenez une combinaison unique d&#8217;acides gras essentiels de poisson et de vitamines. Fabriqu\u00e9 \u00e0 partir de cabillaud arctique norv\u00e9gien p\u00each\u00e9 de mani\u00e8re durable.  <\/p>\n<p><strong>Les avantages des g\u00e9lules d&#8217;huile de foie de morue M\u00f6ller&#8217;s :<\/strong><\/p>\n<ul>\n<li>Les acides gras Omega-3 sont bons pour votre c\u0153ur, votre cerveau et votre vision.<\/li>\n<li>La vitamine D assure un syst\u00e8me immunitaire fort et des os solides.<\/li>\n<li>La vitamine A soutient votre vision.<\/li>\n<li>La vitamine E prot\u00e8ge les cellules de votre corps.<\/li>\n<li>Les g\u00e9lules d&#8217;huile de foie de morue lisses s&#8217;avalent facilement et ont un l\u00e9ger go\u00fbt vanille.<\/li>\n<\/ul>\n<p><strong>Comment utiliser l&#8217;huile de foie de morue de M\u00f6ller&#8217;s sous forme de g\u00e9lules :<\/strong><\/p>\n<ul>\n<li>Prendre une fois par jour 2 \u00e0 4 g\u00e9lules d&#8217;huile de foie de morue avec de l&#8217;eau, de pr\u00e9f\u00e9rence pendant le repas.<\/li>\n<li>Convient aux adultes et aux enfants qui peuvent avaler les g\u00e9lules enti\u00e8res.<\/li>\n<li>\u00c9galement pour les femmes enceintes ou qui allaitent.<\/li>\n<\/ul>\n<p><strong>\u00c0 propos de M\u00f6ller&#8217;s : experts omega-3 depuis 1854<\/strong><\/p>\n<p>M\u00f6ller&#8217;s est LA marque omega-3 en Scandinavie. Depuis 1854, les sp\u00e9cialistes am\u00e9liorent continuellement la qualit\u00e9, la puret\u00e9, le go\u00fbt et la durabilit\u00e9 de leurs produits. L&#8217;Autorit\u00e9 sanitaire norv\u00e9gienne la recommande m\u00eame comme composant standard de l&#8217;alimentation quotidienne.  <\/p>\n<p>L&#8217;huile dans les g\u00e9lules d&#8217;huile de foie de morue de M\u00f6ller \u00ab s est de tr\u00e8s haute qualit\u00e9, notamment gr\u00e2ce \u00e0 un <a href=\"https:\/\/mollersomega3.nl\/fr\/qualite-et-purete-de-norvege\/\">processus de production<\/a> tr\u00e8s unique et minutieux. M\u00f6ller \u00bb s Omega-3 est \u00e9galement disponible en <a href=\"https:\/\/mollersomega3.nl\/producten\/\">huile de foie de morue liquide 4 saveurs<\/a>. <\/p>\n<h3>Contenu<\/h3>\n<p>2 x 160 g\u00e9lules<\/p>\n<h3>Ingr\u00e9dients<\/h3>\n<p><strong>Huile de foie de morue,<\/strong> g\u00e9latine bovine (g\u00e9lule), glyc\u00e9rol, dl-\u03b1-tocoph\u00e9rylac\u00e9tate (vitamine E), tocoph\u00e9rol naturel (antioxydant), ar\u00f4me vanille, palmitate de r\u00e9tinyle (vitamine A), chol\u00e9calcif\u00e9rol (vitamine D). <\/p>\n<p>Les g\u00e9lules d&#8217;huile de foie de morue Omega-3 M\u00f6ller&#8217;s ne contiennent pas de conservateurs, pas de colorants ou d&#8217;ar\u00f4mes artificiels et pas de sucres ou d&#8217;\u00e9dulcorants. La g\u00e9latine des g\u00e9lules est certifi\u00e9e halal. <\/p>\n<table dir=\"ltr\" border=\"2\" rules=\"all\" cellspacing=\"2\" cellpadding=\"1\">\n<tbody>\n<tr align=\"left\" valign=\"top\">\n<td align=\"left\" valign=\"middle\">\n<h3>Valeur nutritive<\/h3>\n<\/td>\n<td align=\"left\" valign=\"middle\">\n<h3>Pour 2 g\u00e9lules<\/h3>\n<\/td>\n<td align=\"left\" valign=\"middle\">\n<h3>Pour 4 g\u00e9lules<\/h3>\n<\/td>\n<\/tr>\n<tr align=\"left\" valign=\"top\">\n<td align=\"left\" valign=\"middle\">Acides gras Omega-3<\/td>\n<td align=\"left\" valign=\"middle\">310 mg<\/td>\n<td align=\"left\" valign=\"middle\">620 mg<\/td>\n<\/tr>\n<tr align=\"left\" valign=\"top\">\n<td align=\"left\" valign=\"middle\">\u2013 DHA<\/td>\n<td align=\"left\" valign=\"middle\">150 mg<\/td>\n<td align=\"left\" valign=\"middle\">300 mg<\/td>\n<\/tr>\n<tr align=\"left\" valign=\"top\">\n<td align=\"left\" valign=\"middle\">\u2013 EPA<\/td>\n<td align=\"left\" valign=\"middle\">100 mg<\/td>\n<td align=\"left\" valign=\"middle\">200 mg<\/td>\n<\/tr>\n<tr align=\"left\" valign=\"top\">\n<td align=\"left\" valign=\"middle\">Vitamine D<\/td>\n<td align=\"left\" valign=\"middle\">7,5 mcg (150 %*)<\/td>\n<td align=\"left\" valign=\"middle\">15 mcg (300 %*)<\/td>\n<\/tr>\n<tr align=\"left\" valign=\"top\">\n<td align=\"left\" valign=\"middle\">Vitamine A<\/td>\n<td align=\"left\" valign=\"middle\">125 mcg (16 %*)<\/td>\n<td align=\"left\" valign=\"middle\">250 mcg (31 %*)<\/td>\n<\/tr>\n<tr align=\"left\" valign=\"top\">\n<td align=\"left\" valign=\"middle\">Vitamine E<\/td>\n<td align=\"left\" valign=\"middle\">\u2013<\/td>\n<td align=\"left\" valign=\"middle\">3 mg (25 %*)<\/td>\n<\/tr>\n<\/tbody>\n<\/table>\n<p>* De l&#8217;apport de r\u00e9f\u00e9rence.<\/p>\n<p><em>Pour 2 g\u00e9lules, aucune vitamine E n&#8217;est indiqu\u00e9e, car cette teneur est inf\u00e9rieure \u00e0 15 % de l&#8217;apport de r\u00e9f\u00e9rence.<\/em><\/p>\n<h3>Quantit\u00e9 journali\u00e8re recommand\u00e9e<\/h3>\n<p>Prendre une fois par jour <strong>2 \u00e0 4 g\u00e9lules<\/strong> avec de l&#8217;eau et avaler, de pr\u00e9f\u00e9rence pendant le repas.<br \/>\nPour les adultes et les enfants qui peuvent avaler les g\u00e9lules enti\u00e8res. \u00c9galement recommand\u00e9 pour les femmes enceintes et les femmes qui allaitent. <\/p>\n<h3>Conserver au frais et au sec<\/h3>\n<p>Conserver au frais et au sec. Il est toujours prudent de garder les compl\u00e9ments alimentaires hors de port\u00e9e des jeunes enfants. <\/p>\n<h2>Quelle est la diff\u00e9rence entre les g\u00e9lules d&#8217;huile de foie de morue M\u00f6ller&#8217;s et les g\u00e9lules d&#8217;huile de poisson Omega-3 M\u00f6ller&#8217;s ?<\/h2>\n<p>La principale diff\u00e9rence entre ces deux produits est que les g\u00e9lules d&#8217;huile de foie de morue contiennent de l&#8217;<strong>huile de foie de morue<\/strong> et les g\u00e9lules Omega-3 contiennent de l&#8217;<strong>huile de poisson<\/strong>. Vous pouvez trouver les diff\u00e9rences entre l&#8217;huile de foie de morue et l&#8217;huile de poisson <a href=\"https:\/\/mollersomega3.nl\/fr\/huile-de-foie-de-morue-vs-huile-de-poisson-quelles-sont-les-differences-et-laquelle-est-meilleure-pour-vous\/\">ici<\/a>. <\/p>\n<p>Toutes les diff\u00e9rences sont :<\/p>\n<table dir=\"ltr\" border=\"2\" rules=\"all\" cellspacing=\"2\" cellpadding=\"1\">\n<tbody>\n<tr align=\"left\" valign=\"top\">\n<td align=\"left\" valign=\"middle\">\n<h3>G\u00e9lules d&#8217;huile de foie de morue Omega-3 M\u00f6ller&#8217;s<\/h3>\n<\/td>\n<td align=\"left\" valign=\"middle\">\n<h3>G\u00e9lules Omega-3 M\u00f6ller&#8217;s<\/h3>\n<\/td>\n<\/tr>\n<tr align=\"left\" valign=\"top\">\n<td align=\"left\" valign=\"middle\"><strong>Huile de foie de morue,<\/strong> provenant de cabillaud arctique sauvage de Norv\u00e8ge.<\/td>\n<td align=\"left\" valign=\"middle\"><strong>Huile de poisson,<\/strong> provenant de sardines et d&#8217;anchois des eaux propres du Pacifique Sud.<\/td>\n<\/tr>\n<tr align=\"left\" valign=\"top\">\n<td align=\"left\" valign=\"middle\">Huile de foie de morue pure avec une teneur en omega-3 de 155 mg par g\u00e9lule.<\/td>\n<td align=\"left\" valign=\"middle\">Huile de poisson tr\u00e8s concentr\u00e9e, ce qui rend la teneur en omega-3 par g\u00e9lule exceptionnellement \u00e9lev\u00e9e (320 mg).<\/td>\n<\/tr>\n<tr align=\"left\" valign=\"top\">\n<td align=\"left\" valign=\"middle\">Contient proportionnellement plus de DHA que d&#8217;EPA.<\/td>\n<td align=\"left\" valign=\"middle\">Contient proportionnellement plus d&#8217;EPA que de DHA.<\/td>\n<\/tr>\n<tr align=\"left\" valign=\"top\">\n<td align=\"left\" valign=\"middle\">Les vitamines A et D sont en partie naturellement pr\u00e9sentes dans l&#8217;huile, mais sont compl\u00e9t\u00e9es.<\/td>\n<td align=\"left\" valign=\"middle\">Ne contient naturellement pas de vitamines A et D, mais les vitamines A et D sont ajout\u00e9es.<\/td>\n<\/tr>\n<tr align=\"left\" valign=\"top\">\n<td align=\"left\" valign=\"middle\">160 g\u00e9lules par emballage.<\/td>\n<td align=\"left\" valign=\"middle\">112 g\u00e9lules par emballage.<\/td>\n<\/tr>\n<\/tbody>\n<\/table>\n<p>Les deux g\u00e9lules sont de haute qualit\u00e9, riches en omega-3 et riches en vitamines A, D et E. De plus, les g\u00e9lules sont de m\u00eame taille, toutes deux faciles \u00e0 prendre.<\/p>\n<p><a href=\"https:\/\/mollersomega3.nl\/wat-is-het-verschil-tussen-mollers-levertraancapsules-en-mollers-visoliecapsules\/\">Lisez ici plus sur les diff\u00e9rences entre les g\u00e9lules d&#8217;huile de foie de morue et les g\u00e9lules d&#8217;huile de poisson M\u00f6ller&#8217;s.<\/a><\/p>\n","protected":false},"excerpt":{"rendered":"<ul>\n<li>2 x 160 g\u00e9lules<\/li>\n<li>Huile de foie de morue sous forme de g\u00e9lules pratiques<\/li>\n<li>Pour tous ceux qui recherchent de l&#8217;huile de foie de morue, mais pr\u00e9f\u00e8rent les g\u00e9lules<\/li>\n<li>250 mg de DHA et EPA pour 2 g\u00e9lules<\/li>\n<li>Complet avec vitamines A, D3 et E<\/li>\n<\/ul>\n","protected":false},"featured_media":1007413,"comment_status":"open","ping_status":"closed","template":"","meta":{"_yoast_wpseo_focuskw":"g\u00e9lules d'huile de foie de morue","_yoast_wpseo_title":"M\u00f6ller's Omega-3 Huile de foie de morue - 2 x 160 g\u00e9lules au go\u00fbt vanille","_yoast_wpseo_metadesc":"Temporairement avec 25 % de r\u00e9duction ! Soutenez la sant\u00e9 de votre c\u0153ur, de votre cerveau et de votre syst\u00e8me immunitaire avec les g\u00e9lules d'huile de foie de morue Omega-3 de M\u00f6ller's.","_monsterinsights_skip_tracking":false,"_monsterinsights_sitenote_active":false,"_monsterinsights_sitenote_note":"","_monsterinsights_sitenote_category":0},"product_brand":[],"product_cat":[547],"product_tag":[],"class_list":{"0":"post-1005911","1":"product","2":"type-product","3":"status-publish","4":"has-post-thumbnail","6":"product_cat-gelules","8":"first","9":"instock","10":"sale","11":"taxable","12":"shipping-taxable","13":"purchasable","14":"product-type-simple"},"wcpa_form_fields":null,"yoast_head":"<!-- This site is optimized with the Yoast SEO Premium plugin v25.1 (Yoast SEO v25.1) - https:\/\/yoast.com\/wordpress\/plugins\/seo\/ -->\n<title>M\u00f6ller&#039;s Omega-3 Huile de foie de morue - 2 x 160 g\u00e9lules au go\u00fbt vanille<\/title>\n<meta name=\"description\" content=\"Temporairement avec 25 % de r\u00e9duction ! Soutenez la sant\u00e9 de votre c\u0153ur, de votre cerveau et de votre syst\u00e8me immunitaire avec les g\u00e9lules d&#039;huile de foie de morue Omega-3 de M\u00f6ller&#039;s.\" \/>\n<meta name=\"robots\" content=\"index, follow, max-snippet:-1, max-image-preview:large, max-video-preview:-1\" \/>\n<link rel=\"canonical\" href=\"https:\/\/mollersomega3.nl\/product\/levertraancapsules-2x-160-capsules\/\" \/>\n<meta property=\"og:locale\" content=\"fr_FR\" \/>\n<meta property=\"og:type\" content=\"article\" \/>\n<meta property=\"og:title\" content=\"M\u00f6ller&#039;s Omega-3 Huile de foie de morue - 2 x 160 g\u00e9lules - G\u00e9lules Omega-3 \u2013 G\u00e9lules d&#039;huile de foie de morue \u2013 Huile de foie de morue au go\u00fbt vanille\" \/>\n<meta property=\"og:description\" content=\"Temporairement avec 25 % de r\u00e9duction ! Soutenez la sant\u00e9 de votre c\u0153ur, de votre cerveau et de votre syst\u00e8me immunitaire avec les g\u00e9lules d&#039;huile de foie de morue Omega-3 de M\u00f6ller&#039;s.\" \/>\n<meta property=\"og:url\" content=\"https:\/\/mollersomega3.nl\/product\/levertraancapsules-2x-160-capsules\/\" \/>\n<meta property=\"og:site_name\" content=\"M\u00f6llers Omega-3\" \/>\n<meta property=\"article:publisher\" content=\"https:\/\/www.facebook.com\/mollersomega3nl\" \/>\n<meta property=\"og:image\" content=\"https:\/\/mollersomega3.nl\/wp-content\/uploads\/2025\/06\/mollers-2x-160-caps.png\" \/>\n\t<meta property=\"og:image:width\" content=\"1062\" \/>\n\t<meta property=\"og:image:height\" content=\"1594\" \/>\n\t<meta property=\"og:image:type\" content=\"image\/png\" \/>\n<meta name=\"twitter:card\" content=\"summary_large_image\" \/>\n<meta name=\"twitter:site\" content=\"@mollersomega3nl\" \/>\n<meta name=\"twitter:label1\" content=\"Est. reading time\" \/>\n\t<meta name=\"twitter:data1\" content=\"4 minutes\" \/>\n<script type=\"application\/ld+json\" class=\"yoast-schema-graph\">{\"@context\":\"https:\/\/schema.org\",\"@graph\":[{\"@type\":\"WebPage\",\"@id\":\"https:\/\/mollersomega3.nl\/product\/levertraancapsules-2x-160-capsules\/\",\"url\":\"https:\/\/mollersomega3.nl\/product\/levertraancapsules-2x-160-capsules\/\",\"name\":\"M\u00f6ller's Omega-3 Huile de foie de morue - 2 x 160 g\u00e9lules au go\u00fbt vanille\",\"isPartOf\":{\"@id\":\"https:\/\/mollersomega3.nl\/#website\"},\"primaryImageOfPage\":{\"@id\":\"https:\/\/mollersomega3.nl\/product\/levertraancapsules-2x-160-capsules\/#primaryimage\"},\"image\":{\"@id\":\"https:\/\/mollersomega3.nl\/product\/levertraancapsules-2x-160-capsules\/#primaryimage\"},\"thumbnailUrl\":\"https:\/\/mollersomega3.nl\/wp-content\/uploads\/2025\/06\/mollers-2x-160-caps.png\",\"datePublished\":\"2025-06-05T06:14:51+00:00\",\"description\":\"Temporairement avec 25 % de r\u00e9duction ! Soutenez la sant\u00e9 de votre c\u0153ur, de votre cerveau et de votre syst\u00e8me immunitaire avec les g\u00e9lules d'huile de foie de morue Omega-3 de M\u00f6ller's.\",\"breadcrumb\":{\"@id\":\"https:\/\/mollersomega3.nl\/product\/levertraancapsules-2x-160-capsules\/#breadcrumb\"},\"inLanguage\":\"fr-FR\",\"potentialAction\":[{\"@type\":\"ReadAction\",\"target\":[\"https:\/\/mollersomega3.nl\/product\/levertraancapsules-2x-160-capsules\/\"]}]},{\"@type\":\"ImageObject\",\"inLanguage\":\"fr-FR\",\"@id\":\"https:\/\/mollersomega3.nl\/product\/levertraancapsules-2x-160-capsules\/#primaryimage\",\"url\":\"https:\/\/mollersomega3.nl\/wp-content\/uploads\/2025\/06\/mollers-2x-160-caps.png\",\"contentUrl\":\"https:\/\/mollersomega3.nl\/wp-content\/uploads\/2025\/06\/mollers-2x-160-caps.png\",\"width\":1062,\"height\":1594},{\"@type\":\"BreadcrumbList\",\"@id\":\"https:\/\/mollersomega3.nl\/product\/levertraancapsules-2x-160-capsules\/#breadcrumb\",\"itemListElement\":[{\"@type\":\"ListItem\",\"position\":1,\"name\":\"Accueil\",\"item\":\"https:\/\/mollersomega3.nl\/fr\/\"},{\"@type\":\"ListItem\",\"position\":2,\"name\":\"Produits\",\"item\":\"https:\/\/mollersomega3.nl\/producten\/\"},{\"@type\":\"ListItem\",\"position\":3,\"name\":\"M\u00f6ller&#8217;s Omega-3 Huile de foie de morue \u2013 2 x 160 g\u00e9lules \u2013 G\u00e9lules Omega-3 \u2013 G\u00e9lules d&#8217;huile de foie de morue \u2013 Huile de foie de morue au go\u00fbt vanille\"}]},{\"@type\":\"WebSite\",\"@id\":\"https:\/\/mollersomega3.nl\/#website\",\"url\":\"https:\/\/mollersomega3.nl\/\",\"name\":\"M\u00f6llers Omega-3\",\"description\":\"A Spoonful of Life since 1854\",\"publisher\":{\"@id\":\"https:\/\/mollersomega3.nl\/#organization\"},\"potentialAction\":[{\"@type\":\"SearchAction\",\"target\":{\"@type\":\"EntryPoint\",\"urlTemplate\":\"https:\/\/mollersomega3.nl\/?s={search_term_string}\"},\"query-input\":{\"@type\":\"PropertyValueSpecification\",\"valueRequired\":true,\"valueName\":\"search_term_string\"}}],\"inLanguage\":\"fr-FR\"},{\"@type\":\"Organization\",\"@id\":\"https:\/\/mollersomega3.nl\/#organization\",\"name\":\"M\u00f6llers Omega-3\",\"url\":\"https:\/\/mollersomega3.nl\/\",\"logo\":{\"@type\":\"ImageObject\",\"inLanguage\":\"fr-FR\",\"@id\":\"https:\/\/mollersomega3.nl\/#\/schema\/logo\/image\/\",\"url\":\"https:\/\/mollersomega3.nl\/wp-content\/uploads\/2020\/07\/mollers-logo-bestellingen.png\",\"contentUrl\":\"https:\/\/mollersomega3.nl\/wp-content\/uploads\/2020\/07\/mollers-logo-bestellingen.png\",\"width\":250,\"height\":86,\"caption\":\"M\u00f6llers Omega-3\"},\"image\":{\"@id\":\"https:\/\/mollersomega3.nl\/#\/schema\/logo\/image\/\"},\"sameAs\":[\"https:\/\/www.facebook.com\/MollersOmega3NL\",\"https:\/\/www.instagram.com\/mollersomega3nl\/\",\"https:\/\/nl.linkedin.com\/company\/good-life-international\",\"https:\/\/www.bol.com\/nl\/nl\/m\/mollers\/\",\"https:\/\/mollersomega3.nl\/en\/\"],\"foundingDate\":\"1854\",\"areaServed\":[\"GB\",\"IE\",\"US\",\"CA\",\"AU\",\"NZ\",\"NL\"],\"knowsAbout\":[\"omega-3\",\"cod liver oil\",\"fish oil\",\"DHA\",\"EPA\",\"vitamin D\"],\"description\":\"Norwegian premium omega-3 brand since 1854. Cod liver oil and fish oil supplements with omega-3, vitamins A, D and E.\"}]}<\/script>\n<!-- \/ Yoast SEO Premium plugin. -->","yoast_head_json":{"title":"M\u00f6ller's Omega-3 Huile de foie de morue - 2 x 160 g\u00e9lules au go\u00fbt vanille","description":"Temporairement avec 25 % de r\u00e9duction ! Soutenez la sant\u00e9 de votre c\u0153ur, de votre cerveau et de votre syst\u00e8me immunitaire avec les g\u00e9lules d'huile de foie de morue Omega-3 de M\u00f6ller's.","robots":{"index":"index","follow":"follow","max-snippet":"max-snippet:-1","max-image-preview":"max-image-preview:large","max-video-preview":"max-video-preview:-1"},"canonical":"https:\/\/mollersomega3.nl\/product\/levertraancapsules-2x-160-capsules\/","og_locale":"fr_FR","og_type":"article","og_title":"M\u00f6ller's Omega-3 Huile de foie de morue - 2 x 160 g\u00e9lules - G\u00e9lules Omega-3 \u2013 G\u00e9lules d'huile de foie de morue \u2013 Huile de foie de morue au go\u00fbt vanille","og_description":"Temporairement avec 25 % de r\u00e9duction ! Soutenez la sant\u00e9 de votre c\u0153ur, de votre cerveau et de votre syst\u00e8me immunitaire avec les g\u00e9lules d'huile de foie de morue Omega-3 de M\u00f6ller's.","og_url":"https:\/\/mollersomega3.nl\/product\/levertraancapsules-2x-160-capsules\/","og_site_name":"M\u00f6llers Omega-3","article_publisher":"https:\/\/www.facebook.com\/mollersomega3nl","og_image":[{"width":1062,"height":1594,"url":"https:\/\/mollersomega3.nl\/wp-content\/uploads\/2025\/06\/mollers-2x-160-caps.png","type":"image\/png"}],"twitter_card":"summary_large_image","twitter_site":"@mollersomega3nl","twitter_misc":{"Est. reading time":"4 minutes"},"schema":{"@context":"https:\/\/schema.org","@graph":[{"@type":"WebPage","@id":"https:\/\/mollersomega3.nl\/product\/levertraancapsules-2x-160-capsules\/","url":"https:\/\/mollersomega3.nl\/product\/levertraancapsules-2x-160-capsules\/","name":"M\u00f6ller's Omega-3 Huile de foie de morue - 2 x 160 g\u00e9lules au go\u00fbt vanille","isPartOf":{"@id":"https:\/\/mollersomega3.nl\/#website"},"primaryImageOfPage":{"@id":"https:\/\/mollersomega3.nl\/product\/levertraancapsules-2x-160-capsules\/#primaryimage"},"image":{"@id":"https:\/\/mollersomega3.nl\/product\/levertraancapsules-2x-160-capsules\/#primaryimage"},"thumbnailUrl":"https:\/\/mollersomega3.nl\/wp-content\/uploads\/2025\/06\/mollers-2x-160-caps.png","datePublished":"2025-06-05T06:14:51+00:00","description":"Temporairement avec 25 % de r\u00e9duction ! Soutenez la sant\u00e9 de votre c\u0153ur, de votre cerveau et de votre syst\u00e8me immunitaire avec les g\u00e9lules d'huile de foie de morue Omega-3 de M\u00f6ller's.","breadcrumb":{"@id":"https:\/\/mollersomega3.nl\/product\/levertraancapsules-2x-160-capsules\/#breadcrumb"},"inLanguage":"fr-FR","potentialAction":[{"@type":"ReadAction","target":["https:\/\/mollersomega3.nl\/product\/levertraancapsules-2x-160-capsules\/"]}]},{"@type":"ImageObject","inLanguage":"fr-FR","@id":"https:\/\/mollersomega3.nl\/product\/levertraancapsules-2x-160-capsules\/#primaryimage","url":"https:\/\/mollersomega3.nl\/wp-content\/uploads\/2025\/06\/mollers-2x-160-caps.png","contentUrl":"https:\/\/mollersomega3.nl\/wp-content\/uploads\/2025\/06\/mollers-2x-160-caps.png","width":1062,"height":1594},{"@type":"BreadcrumbList","@id":"https:\/\/mollersomega3.nl\/product\/levertraancapsules-2x-160-capsules\/#breadcrumb","itemListElement":[{"@type":"ListItem","position":1,"name":"Accueil","item":"https:\/\/mollersomega3.nl\/fr\/"},{"@type":"ListItem","position":2,"name":"Produits","item":"https:\/\/mollersomega3.nl\/producten\/"},{"@type":"ListItem","position":3,"name":"M\u00f6ller&#8217;s Omega-3 Huile de foie de morue \u2013 2 x 160 g\u00e9lules \u2013 G\u00e9lules Omega-3 \u2013 G\u00e9lules d&#8217;huile de foie de morue \u2013 Huile de foie de morue au go\u00fbt vanille"}]},{"@type":"WebSite","@id":"https:\/\/mollersomega3.nl\/#website","url":"https:\/\/mollersomega3.nl\/","name":"M\u00f6llers Omega-3","description":"A Spoonful of Life since 1854","publisher":{"@id":"https:\/\/mollersomega3.nl\/#organization"},"potentialAction":[{"@type":"SearchAction","target":{"@type":"EntryPoint","urlTemplate":"https:\/\/mollersomega3.nl\/?s={search_term_string}"},"query-input":{"@type":"PropertyValueSpecification","valueRequired":true,"valueName":"search_term_string"}}],"inLanguage":"fr-FR"},{"@type":"Organization","@id":"https:\/\/mollersomega3.nl\/#organization","name":"M\u00f6llers Omega-3","url":"https:\/\/mollersomega3.nl\/","logo":{"@type":"ImageObject","inLanguage":"fr-FR","@id":"https:\/\/mollersomega3.nl\/#\/schema\/logo\/image\/","url":"https:\/\/mollersomega3.nl\/wp-content\/uploads\/2020\/07\/mollers-logo-bestellingen.png","contentUrl":"https:\/\/mollersomega3.nl\/wp-content\/uploads\/2020\/07\/mollers-logo-bestellingen.png","width":250,"height":86,"caption":"M\u00f6llers Omega-3"},"image":{"@id":"https:\/\/mollersomega3.nl\/#\/schema\/logo\/image\/"},"sameAs":["https:\/\/www.facebook.com\/MollersOmega3NL","https:\/\/www.instagram.com\/mollersomega3nl\/","https:\/\/nl.linkedin.com\/company\/good-life-international","https:\/\/www.bol.com\/nl\/nl\/m\/mollers\/","https:\/\/mollersomega3.nl\/en\/"],"foundingDate":"1854","areaServed":["GB","IE","US","CA","AU","NZ","NL"],"knowsAbout":["omega-3","cod liver oil","fish oil","DHA","EPA","vitamin D"],"description":"Norwegian premium omega-3 brand since 1854. Cod liver oil and fish oil supplements with omega-3, vitamins A, D and E."}]}},"_links":{"self":[{"href":"https:\/\/mollersomega3.nl\/fr\/wp-json\/wp\/v2\/product\/1005911","targetHints":{"allow":["GET"]}}],"collection":[{"href":"https:\/\/mollersomega3.nl\/fr\/wp-json\/wp\/v2\/product"}],"about":[{"href":"https:\/\/mollersomega3.nl\/fr\/wp-json\/wp\/v2\/types\/product"}],"replies":[{"embeddable":true,"href":"https:\/\/mollersomega3.nl\/fr\/wp-json\/wp\/v2\/comments?post=1005911"}],"wp:featuredmedia":[{"embeddable":true,"href":"https:\/\/mollersomega3.nl\/fr\/wp-json\/wp\/v2\/media\/1007413"}],"wp:attachment":[{"href":"https:\/\/mollersomega3.nl\/fr\/wp-json\/wp\/v2\/media?parent=1005911"}],"wp:term":[{"taxonomy":"product_brand","embeddable":true,"href":"https:\/\/mollersomega3.nl\/fr\/wp-json\/wp\/v2\/product_brand?post=1005911"},{"taxonomy":"product_cat","embeddable":true,"href":"https:\/\/mollersomega3.nl\/fr\/wp-json\/wp\/v2\/product_cat?post=1005911"},{"taxonomy":"product_tag","embeddable":true,"href":"https:\/\/mollersomega3.nl\/fr\/wp-json\/wp\/v2\/product_tag?post=1005911"}],"curies":[{"name":"wp","href":"https:\/\/api.w.org\/{rel}","templated":true}]}}