{"id":1005914,"date":"2020-11-03T15:21:53","date_gmt":"2020-11-03T14:21:53","guid":{"rendered":"https:\/\/mollersomega3.nl\/product\/cuillere-doree-mollers\/"},"modified":"2025-11-01T13:37:31","modified_gmt":"2025-11-01T12:37:31","slug":"cuillere-doree-mollers","status":"publish","type":"product","link":"https:\/\/mollersomega3.nl\/fr\/product\/cuillere-doree-mollers\/","title":{"rendered":"Cuill\u00e8re Dor\u00e9e M\u00f6ller&#8217;s"},"content":{"rendered":"<p><strong>Avec cette belle <a href=\"https:\/\/mollersomega3.nl\/heb-jij-al-een-gouden-lepel-voor-je-dagelijkse-portie-mollers\/\">cuill\u00e8re dor\u00e9e<\/a> dans votre tiroir \u00e0 couverts, vous pensez chaque jour \u00e0 <a href=\"https:\/\/mollersomega3.nl\/producten\/\">M\u00f6ller&#8217;s,<\/a> pour ne pas oublier votre portion quotidienne. La quantit\u00e9 quotidienne recommand\u00e9e est d&#8217;une cuill\u00e8re \u00e0 dessert. La cuill\u00e8re est l\u00e9g\u00e8rement plus grande qu&#8217;une cuill\u00e8re \u00e0 dessert, ce qui vous \u00e9vite de la remplir compl\u00e8tement et de renverser moins facilement.  <\/strong><\/p>\n<p>Mat\u00e9riau : acier inoxydable couleur or, r\u00e9sistant au lave-vaisselle.<\/p>\n<h2>La Cuill\u00e8re Dor\u00e9e pour M\u00f6ller&#8217;s Omega-3<\/h2>\n<p>M\u00f6ller&#8217;s <a href=\"https:\/\/mollersomega3.nl\/natuurlijke-omega-3\/\">Omega-3<\/a> est une <a href=\"https:\/\/mollersomega3.nl\/product\/voedingssupplementen-visolie\/\">huile de poisson<\/a> norv\u00e9gienne pure. Une combinaison unique d&#8217;omega-3 naturels (900 mg de DHA et EPA par cuill\u00e8re \u00e0 dessert) et de <a href=\"https:\/\/mollersomega3.nl\/wat-zijn-vitamine-a-d-en-e\/\">vitamines A, D et E.<\/a> <\/p>\n<p>M\u00f6ller&#8217;s Omega-3 est disponible en <a href=\"https:\/\/mollersomega3.nl\/producten\/\">4 saveurs<\/a> et en <a href=\"https:\/\/mollersomega3.nl\/producten\/\">capsules<\/a>.<\/p>\n","protected":false},"excerpt":{"rendered":"<ul>\n<li>Cuill\u00e8re dor\u00e9e pour votre portion quotidienne de M\u00f6ller&#8217;s<\/li>\n<li>La cuill\u00e8re dor\u00e9e dans votre tiroir \u00e0 couverts est votre aide-m\u00e9moire pour M\u00f6ller&#8217;s<\/li>\n<li>L\u00e9g\u00e8rement plus grande que la portion quotidienne, pour renverser moins facilement<\/li>\n<\/ul>\n<p><strong>Avec cette belle cuill\u00e8re dor\u00e9e dans votre tiroir \u00e0 couverts, vous pensez chaque jour \u00e0 M\u00f6ller&#8217;s, pour ne pas oublier votre portion quotidienne. Une cuill\u00e8re par jour ! <\/strong><\/p>\n","protected":false},"featured_media":1006487,"comment_status":"open","ping_status":"closed","template":"","meta":{"_yoast_wpseo_focuskw":"cuill\u00e8re dor\u00e9e","_yoast_wpseo_title":"%%title%% %%sep%% Aide-m\u00e9moire %%sep%% %%sitename%%","_yoast_wpseo_metadesc":"Avec cette belle cuill\u00e8re dor\u00e9e dans votre tiroir \u00e0 couverts, vous pensez chaque jour \u00e0 M\u00f6ller's, pour ne pas oublier votre portion quotidienne. Une cuill\u00e8re par jour !","_monsterinsights_skip_tracking":false,"_monsterinsights_sitenote_active":false,"_monsterinsights_sitenote_note":"","_monsterinsights_sitenote_category":0},"product_brand":[],"product_cat":[546],"product_tag":[],"class_list":{"0":"post-1005914","1":"product","2":"type-product","3":"status-publish","4":"has-post-thumbnail","6":"product_cat-accessoires-fr","8":"first","9":"instock","10":"taxable","11":"shipping-taxable","12":"purchasable","13":"product-type-simple"},"wcpa_form_fields":null,"yoast_head":"<!-- This site is optimized with the Yoast SEO Premium plugin v25.1 (Yoast SEO v25.1) - https:\/\/yoast.com\/wordpress\/plugins\/seo\/ -->\n<title>Cuill\u00e8re Dor\u00e9e M\u00f6ller&#039;s - Aide-m\u00e9moire - M\u00f6llers Omega-3<\/title>\n<meta name=\"description\" content=\"Avec cette belle cuill\u00e8re dor\u00e9e dans votre tiroir \u00e0 couverts, vous pensez chaque jour \u00e0 M\u00f6ller&#039;s, pour ne pas oublier votre portion quotidienne. Une cuill\u00e8re par jour !\" \/>\n<meta name=\"robots\" content=\"index, follow, max-snippet:-1, max-image-preview:large, max-video-preview:-1\" \/>\n<link rel=\"canonical\" href=\"https:\/\/mollersomega3.nl\/product\/mollers-omega-3-gouden-lepel\/\" \/>\n<meta property=\"og:locale\" content=\"fr_FR\" \/>\n<meta property=\"og:type\" content=\"article\" \/>\n<meta property=\"og:title\" content=\"Cuill\u00e8re Dor\u00e9e M\u00f6ller&#039;s\" \/>\n<meta property=\"og:description\" content=\"Avec cette belle cuill\u00e8re dor\u00e9e dans votre tiroir \u00e0 couverts, vous pensez chaque jour \u00e0 M\u00f6ller&#039;s, pour ne pas oublier votre portion quotidienne. Une cuill\u00e8re par jour !\" \/>\n<meta property=\"og:url\" content=\"https:\/\/mollersomega3.nl\/product\/mollers-omega-3-gouden-lepel\/\" \/>\n<meta property=\"og:site_name\" content=\"M\u00f6llers Omega-3\" \/>\n<meta property=\"article:publisher\" content=\"https:\/\/www.facebook.com\/mollersomega3nl\" \/>\n<meta property=\"article:modified_time\" content=\"2025-11-01T12:37:31+00:00\" \/>\n<meta property=\"og:image\" content=\"https:\/\/mollersomega3.nl\/wp-content\/uploads\/2020\/11\/Gouden-lepel.png\" \/>\n\t<meta property=\"og:image:width\" content=\"600\" \/>\n\t<meta property=\"og:image:height\" content=\"600\" \/>\n\t<meta property=\"og:image:type\" content=\"image\/png\" \/>\n<meta name=\"twitter:card\" content=\"summary_large_image\" \/>\n<meta name=\"twitter:site\" content=\"@mollersomega3nl\" \/>\n<meta name=\"twitter:label1\" content=\"Est. reading time\" \/>\n\t<meta name=\"twitter:data1\" content=\"1 minute\" \/>\n<script type=\"application\/ld+json\" class=\"yoast-schema-graph\">{\"@context\":\"https:\/\/schema.org\",\"@graph\":[{\"@type\":\"WebPage\",\"@id\":\"https:\/\/mollersomega3.nl\/product\/mollers-omega-3-gouden-lepel\/\",\"url\":\"https:\/\/mollersomega3.nl\/product\/mollers-omega-3-gouden-lepel\/\",\"name\":\"Cuill\u00e8re Dor\u00e9e M\u00f6ller's - Aide-m\u00e9moire - M\u00f6llers Omega-3\",\"isPartOf\":{\"@id\":\"https:\/\/mollersomega3.nl\/#website\"},\"primaryImageOfPage\":{\"@id\":\"https:\/\/mollersomega3.nl\/product\/mollers-omega-3-gouden-lepel\/#primaryimage\"},\"image\":{\"@id\":\"https:\/\/mollersomega3.nl\/product\/mollers-omega-3-gouden-lepel\/#primaryimage\"},\"thumbnailUrl\":\"https:\/\/mollersomega3.nl\/wp-content\/uploads\/2020\/11\/Gouden-lepel.png\",\"datePublished\":\"2020-11-03T14:21:53+00:00\",\"dateModified\":\"2025-11-01T12:37:31+00:00\",\"description\":\"Avec cette belle cuill\u00e8re dor\u00e9e dans votre tiroir \u00e0 couverts, vous pensez chaque jour \u00e0 M\u00f6ller's, pour ne pas oublier votre portion quotidienne. Une cuill\u00e8re par jour !\",\"breadcrumb\":{\"@id\":\"https:\/\/mollersomega3.nl\/product\/mollers-omega-3-gouden-lepel\/#breadcrumb\"},\"inLanguage\":\"fr-FR\",\"potentialAction\":[{\"@type\":\"ReadAction\",\"target\":[\"https:\/\/mollersomega3.nl\/product\/mollers-omega-3-gouden-lepel\/\"]}]},{\"@type\":\"ImageObject\",\"inLanguage\":\"fr-FR\",\"@id\":\"https:\/\/mollersomega3.nl\/product\/mollers-omega-3-gouden-lepel\/#primaryimage\",\"url\":\"https:\/\/mollersomega3.nl\/wp-content\/uploads\/2020\/11\/Gouden-lepel.png\",\"contentUrl\":\"https:\/\/mollersomega3.nl\/wp-content\/uploads\/2020\/11\/Gouden-lepel.png\",\"width\":600,\"height\":600},{\"@type\":\"BreadcrumbList\",\"@id\":\"https:\/\/mollersomega3.nl\/product\/mollers-omega-3-gouden-lepel\/#breadcrumb\",\"itemListElement\":[{\"@type\":\"ListItem\",\"position\":1,\"name\":\"Accueil\",\"item\":\"https:\/\/mollersomega3.nl\/fr\/\"},{\"@type\":\"ListItem\",\"position\":2,\"name\":\"Produits\",\"item\":\"https:\/\/mollersomega3.nl\/producten\/\"},{\"@type\":\"ListItem\",\"position\":3,\"name\":\"Cuill\u00e8re Dor\u00e9e M\u00f6ller&#8217;s\"}]},{\"@type\":\"WebSite\",\"@id\":\"https:\/\/mollersomega3.nl\/#website\",\"url\":\"https:\/\/mollersomega3.nl\/\",\"name\":\"M\u00f6llers Omega-3\",\"description\":\"A Spoonful of Life since 1854\",\"publisher\":{\"@id\":\"https:\/\/mollersomega3.nl\/#organization\"},\"potentialAction\":[{\"@type\":\"SearchAction\",\"target\":{\"@type\":\"EntryPoint\",\"urlTemplate\":\"https:\/\/mollersomega3.nl\/?s={search_term_string}\"},\"query-input\":{\"@type\":\"PropertyValueSpecification\",\"valueRequired\":true,\"valueName\":\"search_term_string\"}}],\"inLanguage\":\"fr-FR\"},{\"@type\":\"Organization\",\"@id\":\"https:\/\/mollersomega3.nl\/#organization\",\"name\":\"M\u00f6llers Omega-3\",\"url\":\"https:\/\/mollersomega3.nl\/\",\"logo\":{\"@type\":\"ImageObject\",\"inLanguage\":\"fr-FR\",\"@id\":\"https:\/\/mollersomega3.nl\/#\/schema\/logo\/image\/\",\"url\":\"https:\/\/mollersomega3.nl\/wp-content\/uploads\/2020\/07\/mollers-logo-bestellingen.png\",\"contentUrl\":\"https:\/\/mollersomega3.nl\/wp-content\/uploads\/2020\/07\/mollers-logo-bestellingen.png\",\"width\":250,\"height\":86,\"caption\":\"M\u00f6llers Omega-3\"},\"image\":{\"@id\":\"https:\/\/mollersomega3.nl\/#\/schema\/logo\/image\/\"},\"sameAs\":[\"https:\/\/www.facebook.com\/MollersOmega3NL\",\"https:\/\/www.instagram.com\/mollersomega3nl\/\",\"https:\/\/nl.linkedin.com\/company\/good-life-international\",\"https:\/\/www.bol.com\/nl\/nl\/m\/mollers\/\",\"https:\/\/mollersomega3.nl\/en\/\"],\"foundingDate\":\"1854\",\"areaServed\":[\"GB\",\"IE\",\"US\",\"CA\",\"AU\",\"NZ\",\"NL\"],\"knowsAbout\":[\"omega-3\",\"cod liver oil\",\"fish oil\",\"DHA\",\"EPA\",\"vitamin D\"],\"description\":\"Norwegian premium omega-3 brand since 1854. Cod liver oil and fish oil supplements with omega-3, vitamins A, D and E.\"}]}<\/script>\n<!-- \/ Yoast SEO Premium plugin. -->","yoast_head_json":{"title":"Cuill\u00e8re Dor\u00e9e M\u00f6ller's - Aide-m\u00e9moire - M\u00f6llers Omega-3","description":"Avec cette belle cuill\u00e8re dor\u00e9e dans votre tiroir \u00e0 couverts, vous pensez chaque jour \u00e0 M\u00f6ller's, pour ne pas oublier votre portion quotidienne. Une cuill\u00e8re par jour !","robots":{"index":"index","follow":"follow","max-snippet":"max-snippet:-1","max-image-preview":"max-image-preview:large","max-video-preview":"max-video-preview:-1"},"canonical":"https:\/\/mollersomega3.nl\/product\/mollers-omega-3-gouden-lepel\/","og_locale":"fr_FR","og_type":"article","og_title":"Cuill\u00e8re Dor\u00e9e M\u00f6ller's","og_description":"Avec cette belle cuill\u00e8re dor\u00e9e dans votre tiroir \u00e0 couverts, vous pensez chaque jour \u00e0 M\u00f6ller's, pour ne pas oublier votre portion quotidienne. Une cuill\u00e8re par jour !","og_url":"https:\/\/mollersomega3.nl\/product\/mollers-omega-3-gouden-lepel\/","og_site_name":"M\u00f6llers Omega-3","article_publisher":"https:\/\/www.facebook.com\/mollersomega3nl","article_modified_time":"2025-11-01T12:37:31+00:00","og_image":[{"width":600,"height":600,"url":"https:\/\/mollersomega3.nl\/wp-content\/uploads\/2020\/11\/Gouden-lepel.png","type":"image\/png"}],"twitter_card":"summary_large_image","twitter_site":"@mollersomega3nl","twitter_misc":{"Est. reading time":"1 minute"},"schema":{"@context":"https:\/\/schema.org","@graph":[{"@type":"WebPage","@id":"https:\/\/mollersomega3.nl\/product\/mollers-omega-3-gouden-lepel\/","url":"https:\/\/mollersomega3.nl\/product\/mollers-omega-3-gouden-lepel\/","name":"Cuill\u00e8re Dor\u00e9e M\u00f6ller's - Aide-m\u00e9moire - M\u00f6llers Omega-3","isPartOf":{"@id":"https:\/\/mollersomega3.nl\/#website"},"primaryImageOfPage":{"@id":"https:\/\/mollersomega3.nl\/product\/mollers-omega-3-gouden-lepel\/#primaryimage"},"image":{"@id":"https:\/\/mollersomega3.nl\/product\/mollers-omega-3-gouden-lepel\/#primaryimage"},"thumbnailUrl":"https:\/\/mollersomega3.nl\/wp-content\/uploads\/2020\/11\/Gouden-lepel.png","datePublished":"2020-11-03T14:21:53+00:00","dateModified":"2025-11-01T12:37:31+00:00","description":"Avec cette belle cuill\u00e8re dor\u00e9e dans votre tiroir \u00e0 couverts, vous pensez chaque jour \u00e0 M\u00f6ller's, pour ne pas oublier votre portion quotidienne. Une cuill\u00e8re par jour !","breadcrumb":{"@id":"https:\/\/mollersomega3.nl\/product\/mollers-omega-3-gouden-lepel\/#breadcrumb"},"inLanguage":"fr-FR","potentialAction":[{"@type":"ReadAction","target":["https:\/\/mollersomega3.nl\/product\/mollers-omega-3-gouden-lepel\/"]}]},{"@type":"ImageObject","inLanguage":"fr-FR","@id":"https:\/\/mollersomega3.nl\/product\/mollers-omega-3-gouden-lepel\/#primaryimage","url":"https:\/\/mollersomega3.nl\/wp-content\/uploads\/2020\/11\/Gouden-lepel.png","contentUrl":"https:\/\/mollersomega3.nl\/wp-content\/uploads\/2020\/11\/Gouden-lepel.png","width":600,"height":600},{"@type":"BreadcrumbList","@id":"https:\/\/mollersomega3.nl\/product\/mollers-omega-3-gouden-lepel\/#breadcrumb","itemListElement":[{"@type":"ListItem","position":1,"name":"Accueil","item":"https:\/\/mollersomega3.nl\/fr\/"},{"@type":"ListItem","position":2,"name":"Produits","item":"https:\/\/mollersomega3.nl\/producten\/"},{"@type":"ListItem","position":3,"name":"Cuill\u00e8re Dor\u00e9e M\u00f6ller&#8217;s"}]},{"@type":"WebSite","@id":"https:\/\/mollersomega3.nl\/#website","url":"https:\/\/mollersomega3.nl\/","name":"M\u00f6llers Omega-3","description":"A Spoonful of Life since 1854","publisher":{"@id":"https:\/\/mollersomega3.nl\/#organization"},"potentialAction":[{"@type":"SearchAction","target":{"@type":"EntryPoint","urlTemplate":"https:\/\/mollersomega3.nl\/?s={search_term_string}"},"query-input":{"@type":"PropertyValueSpecification","valueRequired":true,"valueName":"search_term_string"}}],"inLanguage":"fr-FR"},{"@type":"Organization","@id":"https:\/\/mollersomega3.nl\/#organization","name":"M\u00f6llers Omega-3","url":"https:\/\/mollersomega3.nl\/","logo":{"@type":"ImageObject","inLanguage":"fr-FR","@id":"https:\/\/mollersomega3.nl\/#\/schema\/logo\/image\/","url":"https:\/\/mollersomega3.nl\/wp-content\/uploads\/2020\/07\/mollers-logo-bestellingen.png","contentUrl":"https:\/\/mollersomega3.nl\/wp-content\/uploads\/2020\/07\/mollers-logo-bestellingen.png","width":250,"height":86,"caption":"M\u00f6llers Omega-3"},"image":{"@id":"https:\/\/mollersomega3.nl\/#\/schema\/logo\/image\/"},"sameAs":["https:\/\/www.facebook.com\/MollersOmega3NL","https:\/\/www.instagram.com\/mollersomega3nl\/","https:\/\/nl.linkedin.com\/company\/good-life-international","https:\/\/www.bol.com\/nl\/nl\/m\/mollers\/","https:\/\/mollersomega3.nl\/en\/"],"foundingDate":"1854","areaServed":["GB","IE","US","CA","AU","NZ","NL"],"knowsAbout":["omega-3","cod liver oil","fish oil","DHA","EPA","vitamin D"],"description":"Norwegian premium omega-3 brand since 1854. Cod liver oil and fish oil supplements with omega-3, vitamins A, D and E."}]}},"_links":{"self":[{"href":"https:\/\/mollersomega3.nl\/fr\/wp-json\/wp\/v2\/product\/1005914","targetHints":{"allow":["GET"]}}],"collection":[{"href":"https:\/\/mollersomega3.nl\/fr\/wp-json\/wp\/v2\/product"}],"about":[{"href":"https:\/\/mollersomega3.nl\/fr\/wp-json\/wp\/v2\/types\/product"}],"replies":[{"embeddable":true,"href":"https:\/\/mollersomega3.nl\/fr\/wp-json\/wp\/v2\/comments?post=1005914"}],"wp:featuredmedia":[{"embeddable":true,"href":"https:\/\/mollersomega3.nl\/fr\/wp-json\/wp\/v2\/media\/1006487"}],"wp:attachment":[{"href":"https:\/\/mollersomega3.nl\/fr\/wp-json\/wp\/v2\/media?parent=1005914"}],"wp:term":[{"taxonomy":"product_brand","embeddable":true,"href":"https:\/\/mollersomega3.nl\/fr\/wp-json\/wp\/v2\/product_brand?post=1005914"},{"taxonomy":"product_cat","embeddable":true,"href":"https:\/\/mollersomega3.nl\/fr\/wp-json\/wp\/v2\/product_cat?post=1005914"},{"taxonomy":"product_tag","embeddable":true,"href":"https:\/\/mollersomega3.nl\/fr\/wp-json\/wp\/v2\/product_tag?post=1005914"}],"curies":[{"name":"wp","href":"https:\/\/api.w.org\/{rel}","templated":true}]}}