{"id":1006056,"date":"2025-05-20T15:19:39","date_gmt":"2025-05-20T13:19:39","guid":{"rendered":"https:\/\/mollersomega3.nl\/product\/mollers-omega-3-to-go-tutti-frutti-7-x-5ml\/"},"modified":"2025-05-20T15:19:39","modified_gmt":"2025-05-20T13:19:39","slug":"mollers-omega-3-to-go-tutti-frutti-7-x-5ml","status":"publish","type":"product","link":"https:\/\/mollersomega3.nl\/fr\/product\/mollers-omega-3-to-go-tutti-frutti-7-x-5ml\/","title":{"rendered":"M\u00f6ller&#8217;s Omega-3 To-Go Tutti Frutti \u2013 7 x 5ml"},"content":{"rendered":"<p data-start=\"288\" data-end=\"454\"><strong>Vous partez en week-end ou en vacances avec toute votre famille ? Et vous souhaitez que vous et votre famille puissiez continuer \u00e0 prendre de l&#8217;huile de poisson pendant les vacances, sans avoir \u00e0 transporter la bouteille encombrante ? Alors M\u00f6ller&#8217;s Omega-3 To Go est exactement ce qu&#8217;il vous faut.  <\/strong><\/p>\n<p data-start=\"456\" data-end=\"715\">Le Pack Tutti Frutti To Go contient 7 portions journali\u00e8res de 5 ml d&#8217;huile de foie de morue norv\u00e9gienne pure avec un d\u00e9licieux go\u00fbt fruit\u00e9. Chaque portion est riche en acides gras om\u00e9ga-3 (DHA et EPA) et en vitamines A, D et E. Gr\u00e2ce \u00e0 son d\u00e9licieux go\u00fbt fruit\u00e9, plus de lutte avec vos enfants pour prendre de l&#8217;huile de poisson. <span class=\"relative -mx-px my-[-0.2rem] rounded px-px py-[0.2rem] transition-colors duration-100 ease-in-out\">Format de voyage id\u00e9al pour les vacances ou dans votre sac.<\/span>  <\/p>\n<h3>Utilisation<\/h3>\n<p>Un sachet contient une portion journali\u00e8re de 5 ml d&#8217;om\u00e9ga-3. Prenez l&#8217;huile avec un repas pour une absorption optimale des nutriments. Parfait pour les d\u00e9placements, dans votre valise ou cartable.  <\/p>\n<h3>Ingr\u00e9dients<\/h3>\n<p>Huile de foie de morue issue de cabillaud arctique p\u00each\u00e9 durablement (<strong>poisson<\/strong>), ar\u00f4me naturel de fruits, dl-\u03b1-tocoph\u00e9ryl ac\u00e9tate (vitamine E) et tocoph\u00e9rol naturel (antioxydant).<\/p>\n<p>M\u00f6ller&#8217;s Omega-3 ne contient pas de conservateurs, pas de colorants ou d&#8217;ar\u00f4mes artificiels et pas de sucres ou d&#8217;\u00e9dulcorants.<\/p>\n<table dir=\"ltr\" border=\"2\" rules=\"all\" cellspacing=\"2\" cellpadding=\"1\">\n<tbody>\n<tr align=\"left\" valign=\"top\">\n<td align=\"left\" valign=\"middle\">\n<h3>Valeurs nutritionnelles<\/h3>\n<\/td>\n<td align=\"left\" valign=\"middle\">\n<h3>Par 5 ml<\/h3>\n<\/td>\n<\/tr>\n<tr align=\"left\" valign=\"top\">\n<td align=\"left\" valign=\"middle\">Acides gras om\u00e9ga-3<\/td>\n<td align=\"left\" valign=\"middle\">1120 mg<\/td>\n<\/tr>\n<tr align=\"left\" valign=\"top\">\n<td align=\"left\" valign=\"middle\">\u2013 DHA<\/td>\n<td align=\"left\" valign=\"middle\">510 mg<\/td>\n<\/tr>\n<tr align=\"left\" valign=\"top\">\n<td align=\"left\" valign=\"middle\">\u2013 EPA<\/td>\n<td align=\"left\" valign=\"middle\">370 mg<\/td>\n<\/tr>\n<tr align=\"left\" valign=\"top\">\n<td align=\"left\" valign=\"middle\">Vitamine D<\/td>\n<td align=\"left\" valign=\"middle\">10 mcg (200%*)<\/td>\n<\/tr>\n<tr align=\"left\" valign=\"top\">\n<td align=\"left\" valign=\"middle\">Vitamine A<\/td>\n<td align=\"left\" valign=\"middle\">250 mcg (31%*)<\/td>\n<\/tr>\n<tr align=\"left\" valign=\"top\">\n<td align=\"left\" valign=\"middle\">Vitamine E<\/td>\n<td align=\"left\" valign=\"middle\">3 mg (25%*)<\/td>\n<\/tr>\n<\/tbody>\n<\/table>\n<p>* De l&#8217;apport de r\u00e9f\u00e9rence.<\/p>\n<h3>Quantit\u00e9 journali\u00e8re recommand\u00e9e<\/h3>\n<h4>Quantit\u00e9 recommand\u00e9e pour les adultes et les enfants \u00e0 partir de 3 ans<\/h4>\n<p>Quantit\u00e9 quotidienne recommand\u00e9e pour les enfants \u00e0 partir de 3 ans et les adultes : <strong>5 ml<\/strong> (= 1 cuill\u00e8re \u00e0 dessert).<br \/>\n\u00c9galement recommand\u00e9 pour les femmes enceintes et allaitantes.<\/p>\n<p>Il est pr\u00e9f\u00e9rable de prendre l&#8217;huile avec un repas, pour une absorption optimale des nutriments.<\/p>\n<h4>Quantit\u00e9 recommand\u00e9e pour les enfants \u00e0 partir de 6 mois<\/h4>\n<p>Quantit\u00e9 quotidienne recommand\u00e9e pour les enfants \u00e0 partir de 6 mois : <strong>2,5 ml<\/strong> (= 1\/2 cuill\u00e8re \u00e0 dessert).<br \/>\nIl est conseill\u00e9 de commencer par une demi-cuill\u00e8re \u00e0 dessert par jour. D\u00e8s que l&#8217;enfant s&#8217;est habitu\u00e9 \u00e0 l&#8217;huile, cette quantit\u00e9 peut \u00eatre augment\u00e9e jusqu&#8217;\u00e0 1 cuill\u00e8re \u00e0 dessert par jour. <\/p>\n<p>Les enfants \u00e0 partir de 6 mois b\u00e9n\u00e9ficient \u00e9galement de l&#8217;huile de foie de morue. Les acides gras om\u00e9ga-3 sont n\u00e9cessaires \u00e0 la croissance et au d\u00e9veloppement normaux des enfants. L&#8217;om\u00e9ga-3 (DHA) est un \u00e9l\u00e9ment constitutif important du cerveau et soutient \u00e9galement le d\u00e9veloppement de la vision. La vitamine D est essentielle au bon d\u00e9veloppement des os et des dents (voir \u00ab Pour qui \u00bb). Le Conseil de la Sant\u00e9 recommande de donner de la vitamine D suppl\u00e9mentaire aux enfants jusqu&#8217;\u00e0 4 ans.<\/p>\n","protected":false},"excerpt":{"rendered":"<p data-start=\"1156\" data-end=\"1365\">\u2714 Id\u00e9al pour les d\u00e9placements ou les vacances<br data-start=\"1221\" data-end=\"1224\">\u2714 Avec un d\u00e9licieux go\u00fbt fruit\u00e9<br \/>\n\u2714 Un seul sachet par jour (5 ml)<br \/>\n\u2714 Riche en om\u00e9ga-3 et vitamines A, D3 et E<br \/>\n\u2714 Sans sucre et sans \u00e9dulcorants<\/p>\n<p data-start=\"1367\" data-end=\"1488\"><strong data-start=\"1367\" data-end=\"1488\">Commandez maintenant le Pack Tutti Frutti To Go et emportez facilement votre portion quotidienne d&#8217;om\u00e9ga-3. Un sachet par jour est tout ce dont votre enfant a besoin. <\/strong><\/p>\n","protected":false},"featured_media":1007431,"comment_status":"open","ping_status":"closed","template":"","meta":{"_yoast_wpseo_focuskw":"emballage to go tutti frutti","_yoast_wpseo_title":"","_yoast_wpseo_metadesc":"Vous partez en week-end ou en vacances ? Alors M\u00f6ller's Omega-3 to-go est ce qu'il vous faut. 7 portions journali\u00e8res au go\u00fbt tutti frutti dans des sachets pratiques \u00e0 emporter.","_monsterinsights_skip_tracking":false,"_monsterinsights_sitenote_active":false,"_monsterinsights_sitenote_note":"","_monsterinsights_sitenote_category":0},"product_brand":[],"product_cat":[586],"product_tag":[],"class_list":{"0":"post-1006056","1":"product","2":"type-product","3":"status-publish","4":"has-post-thumbnail","6":"product_cat-packs","8":"first","9":"instock","10":"sale","11":"taxable","12":"shipping-taxable","13":"purchasable","14":"product-type-simple"},"wcpa_form_fields":null,"yoast_head":"<!-- This site is optimized with the Yoast SEO Premium plugin v25.1 (Yoast SEO v25.1) - https:\/\/yoast.com\/wordpress\/plugins\/seo\/ -->\n<title>M\u00f6ller&#039;s Omega-3 To-Go Tutti Frutti - 7 x 5ml - M\u00f6llers Omega-3<\/title>\n<meta name=\"description\" content=\"Vous partez en week-end ou en vacances ? Alors M\u00f6ller&#039;s Omega-3 to-go est ce qu&#039;il vous faut. 7 portions journali\u00e8res au go\u00fbt tutti frutti dans des sachets pratiques \u00e0 emporter.\" \/>\n<meta name=\"robots\" content=\"index, follow, max-snippet:-1, max-image-preview:large, max-video-preview:-1\" \/>\n<link rel=\"canonical\" href=\"https:\/\/mollersomega3.nl\/?post_type=product&p=1005387\" \/>\n<meta property=\"og:locale\" content=\"fr_FR\" \/>\n<meta property=\"og:type\" content=\"article\" \/>\n<meta property=\"og:title\" content=\"M\u00f6ller&#039;s Omega-3 To-Go Tutti Frutti - 7 x 5ml\" \/>\n<meta property=\"og:description\" content=\"Vous partez en week-end ou en vacances ? Alors M\u00f6ller&#039;s Omega-3 to-go est ce qu&#039;il vous faut. 7 portions journali\u00e8res au go\u00fbt tutti frutti dans des sachets pratiques \u00e0 emporter.\" \/>\n<meta property=\"og:url\" content=\"https:\/\/mollersomega3.nl\/?post_type=product&amp;p=1005387\" \/>\n<meta property=\"og:site_name\" content=\"M\u00f6llers Omega-3\" \/>\n<meta property=\"article:publisher\" content=\"https:\/\/www.facebook.com\/mollersomega3nl\" \/>\n<meta property=\"og:image\" content=\"https:\/\/mollersomega3.nl\/wp-content\/uploads\/2025\/05\/To-go-verpakking-tutti-frutti.png\" \/>\n\t<meta property=\"og:image:width\" content=\"1000\" \/>\n\t<meta property=\"og:image:height\" content=\"1000\" \/>\n\t<meta property=\"og:image:type\" content=\"image\/png\" \/>\n<meta name=\"twitter:card\" content=\"summary_large_image\" \/>\n<meta name=\"twitter:site\" content=\"@mollersomega3nl\" \/>\n<meta name=\"twitter:label1\" content=\"Est. reading time\" \/>\n\t<meta name=\"twitter:data1\" content=\"2 minutes\" \/>\n<script type=\"application\/ld+json\" class=\"yoast-schema-graph\">{\"@context\":\"https:\/\/schema.org\",\"@graph\":[{\"@type\":\"WebPage\",\"@id\":\"https:\/\/mollersomega3.nl\/?post_type=product&p=1005387\",\"url\":\"https:\/\/mollersomega3.nl\/?post_type=product&p=1005387\",\"name\":\"M\u00f6ller's Omega-3 To-Go Tutti Frutti - 7 x 5ml - M\u00f6llers Omega-3\",\"isPartOf\":{\"@id\":\"https:\/\/mollersomega3.nl\/#website\"},\"primaryImageOfPage\":{\"@id\":\"https:\/\/mollersomega3.nl\/?post_type=product&p=1005387#primaryimage\"},\"image\":{\"@id\":\"https:\/\/mollersomega3.nl\/?post_type=product&p=1005387#primaryimage\"},\"thumbnailUrl\":\"https:\/\/mollersomega3.nl\/wp-content\/uploads\/2025\/05\/To-go-verpakking-tutti-frutti.png\",\"datePublished\":\"2025-05-20T13:19:39+00:00\",\"description\":\"Vous partez en week-end ou en vacances ? Alors M\u00f6ller's Omega-3 to-go est ce qu'il vous faut. 7 portions journali\u00e8res au go\u00fbt tutti frutti dans des sachets pratiques \u00e0 emporter.\",\"breadcrumb\":{\"@id\":\"https:\/\/mollersomega3.nl\/?post_type=product&p=1005387#breadcrumb\"},\"inLanguage\":\"fr-FR\",\"potentialAction\":[{\"@type\":\"ReadAction\",\"target\":[\"https:\/\/mollersomega3.nl\/?post_type=product&p=1005387\"]}]},{\"@type\":\"ImageObject\",\"inLanguage\":\"fr-FR\",\"@id\":\"https:\/\/mollersomega3.nl\/?post_type=product&p=1005387#primaryimage\",\"url\":\"https:\/\/mollersomega3.nl\/wp-content\/uploads\/2025\/05\/To-go-verpakking-tutti-frutti.png\",\"contentUrl\":\"https:\/\/mollersomega3.nl\/wp-content\/uploads\/2025\/05\/To-go-verpakking-tutti-frutti.png\",\"width\":1000,\"height\":1000},{\"@type\":\"BreadcrumbList\",\"@id\":\"https:\/\/mollersomega3.nl\/?post_type=product&p=1005387#breadcrumb\",\"itemListElement\":[{\"@type\":\"ListItem\",\"position\":1,\"name\":\"Accueil\",\"item\":\"https:\/\/mollersomega3.nl\/fr\/\"},{\"@type\":\"ListItem\",\"position\":2,\"name\":\"Produits\",\"item\":\"https:\/\/mollersomega3.nl\/producten\/\"},{\"@type\":\"ListItem\",\"position\":3,\"name\":\"M\u00f6ller&#8217;s Omega-3 To-Go Tutti Frutti \u2013 7 x 5ml\"}]},{\"@type\":\"WebSite\",\"@id\":\"https:\/\/mollersomega3.nl\/#website\",\"url\":\"https:\/\/mollersomega3.nl\/\",\"name\":\"M\u00f6llers Omega-3\",\"description\":\"A Spoonful of Life since 1854\",\"publisher\":{\"@id\":\"https:\/\/mollersomega3.nl\/#organization\"},\"potentialAction\":[{\"@type\":\"SearchAction\",\"target\":{\"@type\":\"EntryPoint\",\"urlTemplate\":\"https:\/\/mollersomega3.nl\/?s={search_term_string}\"},\"query-input\":{\"@type\":\"PropertyValueSpecification\",\"valueRequired\":true,\"valueName\":\"search_term_string\"}}],\"inLanguage\":\"fr-FR\"},{\"@type\":\"Organization\",\"@id\":\"https:\/\/mollersomega3.nl\/#organization\",\"name\":\"M\u00f6llers Omega-3\",\"url\":\"https:\/\/mollersomega3.nl\/\",\"logo\":{\"@type\":\"ImageObject\",\"inLanguage\":\"fr-FR\",\"@id\":\"https:\/\/mollersomega3.nl\/#\/schema\/logo\/image\/\",\"url\":\"https:\/\/mollersomega3.nl\/wp-content\/uploads\/2020\/07\/mollers-logo-bestellingen.png\",\"contentUrl\":\"https:\/\/mollersomega3.nl\/wp-content\/uploads\/2020\/07\/mollers-logo-bestellingen.png\",\"width\":250,\"height\":86,\"caption\":\"M\u00f6llers Omega-3\"},\"image\":{\"@id\":\"https:\/\/mollersomega3.nl\/#\/schema\/logo\/image\/\"},\"sameAs\":[\"https:\/\/www.facebook.com\/MollersOmega3NL\",\"https:\/\/www.instagram.com\/mollersomega3nl\/\",\"https:\/\/nl.linkedin.com\/company\/good-life-international\",\"https:\/\/www.bol.com\/nl\/nl\/m\/mollers\/\",\"https:\/\/mollersomega3.nl\/en\/\"],\"foundingDate\":\"1854\",\"areaServed\":[\"GB\",\"IE\",\"US\",\"CA\",\"AU\",\"NZ\",\"NL\"],\"knowsAbout\":[\"omega-3\",\"cod liver oil\",\"fish oil\",\"DHA\",\"EPA\",\"vitamin D\"],\"description\":\"Norwegian premium omega-3 brand since 1854. Cod liver oil and fish oil supplements with omega-3, vitamins A, D and E.\"}]}<\/script>\n<!-- \/ Yoast SEO Premium plugin. -->","yoast_head_json":{"title":"M\u00f6ller's Omega-3 To-Go Tutti Frutti - 7 x 5ml - M\u00f6llers Omega-3","description":"Vous partez en week-end ou en vacances ? Alors M\u00f6ller's Omega-3 to-go est ce qu'il vous faut. 7 portions journali\u00e8res au go\u00fbt tutti frutti dans des sachets pratiques \u00e0 emporter.","robots":{"index":"index","follow":"follow","max-snippet":"max-snippet:-1","max-image-preview":"max-image-preview:large","max-video-preview":"max-video-preview:-1"},"canonical":"https:\/\/mollersomega3.nl\/?post_type=product&p=1005387","og_locale":"fr_FR","og_type":"article","og_title":"M\u00f6ller's Omega-3 To-Go Tutti Frutti - 7 x 5ml","og_description":"Vous partez en week-end ou en vacances ? Alors M\u00f6ller's Omega-3 to-go est ce qu'il vous faut. 7 portions journali\u00e8res au go\u00fbt tutti frutti dans des sachets pratiques \u00e0 emporter.","og_url":"https:\/\/mollersomega3.nl\/?post_type=product&p=1005387","og_site_name":"M\u00f6llers Omega-3","article_publisher":"https:\/\/www.facebook.com\/mollersomega3nl","og_image":[{"width":1000,"height":1000,"url":"https:\/\/mollersomega3.nl\/wp-content\/uploads\/2025\/05\/To-go-verpakking-tutti-frutti.png","type":"image\/png"}],"twitter_card":"summary_large_image","twitter_site":"@mollersomega3nl","twitter_misc":{"Est. reading time":"2 minutes"},"schema":{"@context":"https:\/\/schema.org","@graph":[{"@type":"WebPage","@id":"https:\/\/mollersomega3.nl\/?post_type=product&p=1005387","url":"https:\/\/mollersomega3.nl\/?post_type=product&p=1005387","name":"M\u00f6ller's Omega-3 To-Go Tutti Frutti - 7 x 5ml - M\u00f6llers Omega-3","isPartOf":{"@id":"https:\/\/mollersomega3.nl\/#website"},"primaryImageOfPage":{"@id":"https:\/\/mollersomega3.nl\/?post_type=product&p=1005387#primaryimage"},"image":{"@id":"https:\/\/mollersomega3.nl\/?post_type=product&p=1005387#primaryimage"},"thumbnailUrl":"https:\/\/mollersomega3.nl\/wp-content\/uploads\/2025\/05\/To-go-verpakking-tutti-frutti.png","datePublished":"2025-05-20T13:19:39+00:00","description":"Vous partez en week-end ou en vacances ? Alors M\u00f6ller's Omega-3 to-go est ce qu'il vous faut. 7 portions journali\u00e8res au go\u00fbt tutti frutti dans des sachets pratiques \u00e0 emporter.","breadcrumb":{"@id":"https:\/\/mollersomega3.nl\/?post_type=product&p=1005387#breadcrumb"},"inLanguage":"fr-FR","potentialAction":[{"@type":"ReadAction","target":["https:\/\/mollersomega3.nl\/?post_type=product&p=1005387"]}]},{"@type":"ImageObject","inLanguage":"fr-FR","@id":"https:\/\/mollersomega3.nl\/?post_type=product&p=1005387#primaryimage","url":"https:\/\/mollersomega3.nl\/wp-content\/uploads\/2025\/05\/To-go-verpakking-tutti-frutti.png","contentUrl":"https:\/\/mollersomega3.nl\/wp-content\/uploads\/2025\/05\/To-go-verpakking-tutti-frutti.png","width":1000,"height":1000},{"@type":"BreadcrumbList","@id":"https:\/\/mollersomega3.nl\/?post_type=product&p=1005387#breadcrumb","itemListElement":[{"@type":"ListItem","position":1,"name":"Accueil","item":"https:\/\/mollersomega3.nl\/fr\/"},{"@type":"ListItem","position":2,"name":"Produits","item":"https:\/\/mollersomega3.nl\/producten\/"},{"@type":"ListItem","position":3,"name":"M\u00f6ller&#8217;s Omega-3 To-Go Tutti Frutti \u2013 7 x 5ml"}]},{"@type":"WebSite","@id":"https:\/\/mollersomega3.nl\/#website","url":"https:\/\/mollersomega3.nl\/","name":"M\u00f6llers Omega-3","description":"A Spoonful of Life since 1854","publisher":{"@id":"https:\/\/mollersomega3.nl\/#organization"},"potentialAction":[{"@type":"SearchAction","target":{"@type":"EntryPoint","urlTemplate":"https:\/\/mollersomega3.nl\/?s={search_term_string}"},"query-input":{"@type":"PropertyValueSpecification","valueRequired":true,"valueName":"search_term_string"}}],"inLanguage":"fr-FR"},{"@type":"Organization","@id":"https:\/\/mollersomega3.nl\/#organization","name":"M\u00f6llers Omega-3","url":"https:\/\/mollersomega3.nl\/","logo":{"@type":"ImageObject","inLanguage":"fr-FR","@id":"https:\/\/mollersomega3.nl\/#\/schema\/logo\/image\/","url":"https:\/\/mollersomega3.nl\/wp-content\/uploads\/2020\/07\/mollers-logo-bestellingen.png","contentUrl":"https:\/\/mollersomega3.nl\/wp-content\/uploads\/2020\/07\/mollers-logo-bestellingen.png","width":250,"height":86,"caption":"M\u00f6llers Omega-3"},"image":{"@id":"https:\/\/mollersomega3.nl\/#\/schema\/logo\/image\/"},"sameAs":["https:\/\/www.facebook.com\/MollersOmega3NL","https:\/\/www.instagram.com\/mollersomega3nl\/","https:\/\/nl.linkedin.com\/company\/good-life-international","https:\/\/www.bol.com\/nl\/nl\/m\/mollers\/","https:\/\/mollersomega3.nl\/en\/"],"foundingDate":"1854","areaServed":["GB","IE","US","CA","AU","NZ","NL"],"knowsAbout":["omega-3","cod liver oil","fish oil","DHA","EPA","vitamin D"],"description":"Norwegian premium omega-3 brand since 1854. Cod liver oil and fish oil supplements with omega-3, vitamins A, D and E."}]}},"_links":{"self":[{"href":"https:\/\/mollersomega3.nl\/fr\/wp-json\/wp\/v2\/product\/1006056","targetHints":{"allow":["GET"]}}],"collection":[{"href":"https:\/\/mollersomega3.nl\/fr\/wp-json\/wp\/v2\/product"}],"about":[{"href":"https:\/\/mollersomega3.nl\/fr\/wp-json\/wp\/v2\/types\/product"}],"replies":[{"embeddable":true,"href":"https:\/\/mollersomega3.nl\/fr\/wp-json\/wp\/v2\/comments?post=1006056"}],"wp:featuredmedia":[{"embeddable":true,"href":"https:\/\/mollersomega3.nl\/fr\/wp-json\/wp\/v2\/media\/1007431"}],"wp:attachment":[{"href":"https:\/\/mollersomega3.nl\/fr\/wp-json\/wp\/v2\/media?parent=1006056"}],"wp:term":[{"taxonomy":"product_brand","embeddable":true,"href":"https:\/\/mollersomega3.nl\/fr\/wp-json\/wp\/v2\/product_brand?post=1006056"},{"taxonomy":"product_cat","embeddable":true,"href":"https:\/\/mollersomega3.nl\/fr\/wp-json\/wp\/v2\/product_cat?post=1006056"},{"taxonomy":"product_tag","embeddable":true,"href":"https:\/\/mollersomega3.nl\/fr\/wp-json\/wp\/v2\/product_tag?post=1006056"}],"curies":[{"name":"wp","href":"https:\/\/api.w.org\/{rel}","templated":true}]}}