{"id":1006057,"date":"2020-06-07T12:14:57","date_gmt":"2020-06-07T10:14:57","guid":{"rendered":"https:\/\/mollersomega3.nl\/product\/mollers-omega-3-huile-de-foie-de-morue-tutti-frutti-250ml-favori-des-enfants\/"},"modified":"2025-07-04T09:24:28","modified_gmt":"2025-07-04T07:24:28","slug":"mollers-omega-3-huile-de-foie-de-morue-tutti-frutti-250ml-favori-des-enfants","status":"publish","type":"product","link":"https:\/\/mollersomega3.nl\/fr\/product\/mollers-omega-3-huile-de-foie-de-morue-tutti-frutti-250ml-favori-des-enfants\/","title":{"rendered":"M\u00f6ller&#8217;s Omega-3 Huile de foie de morue Tutti Frutti \u2013 250ml \u2013 Favori des enfants"},"content":{"rendered":"<p><strong>Vous cherchez un om\u00e9ga-3 que votre enfant prendra avec plaisir chaque jour ?<\/strong><br \/>\n<strong>L&#8217;huile de poisson M\u00f6ller&#8217;s Omega-3 a un go\u00fbt d\u00e9licieux, est riche en om\u00e9ga-3 et en vitamine D. Tout pour le d\u00e9veloppement de votre enfant !<\/strong><\/p>\n<p>M\u00f6ller \u00ab s Omega-3 est la saveur pr\u00e9f\u00e9r\u00e9e des enfants. Les om\u00e9ga-3 et la vitamine D soutiennent la croissance et le d\u00e9veloppement des enfants. Vous pouvez commencer M\u00f6ller \u00bb s lorsque votre enfant a 6 mois.  <\/p>\n<h2>Qu&#8217;est-ce que M\u00f6ller&#8217;s Omega-3 Tutti Frutti ?<\/h2>\n<p><img decoding=\"async\" class=\"wp-image-811 alignright\" style=\"color: #333333; float: right; quot;quot;quot;quot;,times,serif;font-size: 16px; font-style: normal; font-variant: normal; font-weight: 400; height: auto; letter-spacing: normal; max-width: 100%; text-align: left; text-decoration: none; text-indent: 0px; text-transform: none; margin: 0.5em 0px 0.5em 1em;\" src=\"https:\/\/mollersomega3.nl\/wp-content\/uploads\/2020\/06\/noorse-vlag.png\" alt=\"\" width=\"54\" height=\"59\"><\/p>\n<p>M\u00f6ller&#8217;s Omega-3 Tutti Frutti est une huile de foie de morue norv\u00e9gienne pure avec un d\u00e9licieux go\u00fbt fruit\u00e9. Une combinaison unique d&#8217;om\u00e9ga-3 naturels (900 mg de DHA et EPA par cuill\u00e8re \u00e0 dessert) et de vitamines A, D et E. <\/p>\n<ul>\n<li>Huile de foie de morue pure avec un d\u00e9licieux go\u00fbt fruit\u00e9 ; r\u00e9compens\u00e9e par le <a href=\"https:\/\/mollersomega3.nl\/superior-taste-award\/\">Superior Taste Award<\/a> pour son go\u00fbt exceptionnellement bon. C&#8217;est la saveur pr\u00e9f\u00e9r\u00e9e des enfants ! Un ar\u00f4me naturel de fruits apporte un go\u00fbt fruit\u00e9. Aucun sucre ni \u00e9dulcorant n&#8217;a \u00e9t\u00e9 ajout\u00e9.   <\/li>\n<li>100% de cabillaud arctique sauvage, p\u00each\u00e9 durablement pr\u00e8s des \u00eeles Lofoten en Norv\u00e8ge.<\/li>\n<li>Om\u00e9ga-3 de haute qualit\u00e9 sous sa forme la plus pure, compl\u00e9t\u00e9 par les vitamines A, D3 et E.<\/li>\n<li>Huile de poisson fra\u00eeche avec une tr\u00e8s faible valeur d&#8217;oxydation (totox &lt; 5) ; ne provoque donc pas de remont\u00e9es acides.<\/li>\n<li>Les acides gras om\u00e9ga-3 conservent leur forme naturelle de triglyc\u00e9rides, ce qui les rend mieux absorb\u00e9s par le corps que les esters \u00e9thyliques.<\/li>\n<li>Liquide, donc facile \u00e0 prendre ; seulement une cuill\u00e8re \u00e0 dessert par jour.<\/li>\n<\/ul>\n<p>L&#8217;huile de M\u00f6ller \u00ab s est de tr\u00e8s haute qualit\u00e9, notamment gr\u00e2ce \u00e0 un <a href=\"https:\/\/mollersomega3.nl\/noorse-kwaliteit-en-zuiverheid\/\">processus de production<\/a> tr\u00e8s unique et soign\u00e9. M\u00f6ller \u00bb s Omega-3 est disponible en <a href=\"https:\/\/mollersomega3.nl\/producten\/\">4 saveurs<\/a> et en <a href=\"https:\/\/mollersomega3.nl\/producten\/\">g\u00e9lules<\/a>. <\/p>\n<h3>Contenu<\/h3>\n<p>250 ml = 50 portions quotidiennes.<\/p>\n<h3>Ingr\u00e9dients<\/h3>\n<p>Huile de foie de morue issue de cabillaud arctique p\u00each\u00e9 durablement (<strong>poisson<\/strong>), ar\u00f4me naturel de fruits, dl-\u03b1-tocoph\u00e9ryl ac\u00e9tate (vitamine E) et tocoph\u00e9rol naturel (antioxydant).<\/p>\n<p>M\u00f6ller&#8217;s Omega-3 ne contient pas de conservateurs, pas de colorants ni d&#8217;ar\u00f4mes artificiels, et pas de sucres ni d&#8217;\u00e9dulcorants.<\/p>\n<table dir=\"ltr\" border=\"2\" rules=\"all\" cellspacing=\"2\" cellpadding=\"1\">\n<tbody>\n<tr align=\"left\" valign=\"top\">\n<td align=\"left\" valign=\"middle\">\n<h3>Valeurs nutritionnelles<\/h3>\n<\/td>\n<td align=\"left\" valign=\"middle\">\n<h3>Pour 5 ml<\/h3>\n<\/td>\n<\/tr>\n<tr align=\"left\" valign=\"top\">\n<td align=\"left\" valign=\"middle\">Acides gras om\u00e9ga-3<\/td>\n<td align=\"left\" valign=\"middle\">1120 mg<\/td>\n<\/tr>\n<tr align=\"left\" valign=\"top\">\n<td align=\"left\" valign=\"middle\">\u2013 DHA<\/td>\n<td align=\"left\" valign=\"middle\">510 mg<\/td>\n<\/tr>\n<tr align=\"left\" valign=\"top\">\n<td align=\"left\" valign=\"middle\">\u2013 EPA<\/td>\n<td align=\"left\" valign=\"middle\">370 mg<\/td>\n<\/tr>\n<tr align=\"left\" valign=\"top\">\n<td align=\"left\" valign=\"middle\">Vitamine D<\/td>\n<td align=\"left\" valign=\"middle\">10 mcg (200%*)<\/td>\n<\/tr>\n<tr align=\"left\" valign=\"top\">\n<td align=\"left\" valign=\"middle\">Vitamine A<\/td>\n<td align=\"left\" valign=\"middle\">250 mcg (31%*)<\/td>\n<\/tr>\n<tr align=\"left\" valign=\"top\">\n<td align=\"left\" valign=\"middle\">Vitamine E<\/td>\n<td align=\"left\" valign=\"middle\">3 mg (25%*)<\/td>\n<\/tr>\n<\/tbody>\n<\/table>\n<p>* De l&#8217;apport de r\u00e9f\u00e9rence.<\/p>\n<h3>Quantit\u00e9 journali\u00e8re recommand\u00e9e<\/h3>\n<h4>Quantit\u00e9 recommand\u00e9e pour les adultes et les enfants \u00e0 partir de 3 ans<\/h4>\n<p>Quantit\u00e9 quotidienne recommand\u00e9e pour les enfants \u00e0 partir de 3 ans et les adultes : <strong>5 ml<\/strong> (= 1 cuill\u00e8re \u00e0 dessert).<br \/>\n\u00c9galement recommand\u00e9 pour les femmes enceintes et allaitantes.<\/p>\n<p>Il est pr\u00e9f\u00e9rable de prendre l&#8217;huile avec un repas, pour une absorption optimale des nutriments.<\/p>\n<h4>Quantit\u00e9 recommand\u00e9e pour les enfants \u00e0 partir de 6 mois<\/h4>\n<p>Quantit\u00e9 quotidienne recommand\u00e9e pour les enfants \u00e0 partir de 6 mois : <strong>2,5 ml<\/strong> (= 1\/2 cuill\u00e8re \u00e0 dessert).<br \/>\nIl est conseill\u00e9 de commencer par une demi-cuill\u00e8re \u00e0 dessert par jour. Une fois que l&#8217;enfant est habitu\u00e9 \u00e0 l&#8217;huile, cette quantit\u00e9 peut \u00eatre augment\u00e9e \u00e0 1 cuill\u00e8re \u00e0 dessert par jour. <\/p>\n<p>Les enfants \u00e0 partir de 6 mois b\u00e9n\u00e9ficient \u00e9galement de l&#8217;huile de foie de morue. Les acides gras om\u00e9ga-3 sont n\u00e9cessaires pour la croissance et le d\u00e9veloppement normaux des enfants. L&#8217;om\u00e9ga-3 (DHA) est un \u00e9l\u00e9ment essentiel pour le cerveau et soutient \u00e9galement le d\u00e9veloppement de la vision. La vitamine D est essentielle pour un bon d\u00e9veloppement des os et des dents (voir \u00ab Pour qui \u00bb). Le Conseil de la Sant\u00e9 recommande de donner un suppl\u00e9ment de vitamine D aux enfants jusqu&#8217;\u00e0 4 ans.    <\/p>\n<h3>Conserver au r\u00e9frig\u00e9rateur<\/h3>\n<p>Nous recommandons de conserver la bouteille <span style=\"text-decoration: underline;\">non ouverte<\/span> \u00e0 temp\u00e9rature ambiante.<br \/>\nPour un go\u00fbt optimal et frais, conservez la bouteille <span style=\"text-decoration: underline;\">ouverte<\/span> au r\u00e9frig\u00e9rateur. Apr\u00e8s ouverture, M\u00f6ller&#8217;s se conserve 3 mois. Il est toujours prudent de garder les compl\u00e9ments alimentaires hors de port\u00e9e des jeunes enfants.<\/p>\n","protected":false},"excerpt":{"rendered":"<ul>\n<li>Huile de poisson om\u00e9ga-3 pure et liquide au d\u00e9licieux go\u00fbt fruit\u00e9, favori des enfants<\/li>\n<li>900 mg de DHA et EPA par cuill\u00e8re quotidienne<\/li>\n<li>Compl\u00e9t\u00e9 avec les vitamines A, D3 et E<\/li>\n<li>Superior Taste Award pour le meilleur go\u00fbt<\/li>\n<\/ul>\n","protected":false},"featured_media":1007317,"comment_status":"open","ping_status":"closed","template":"","meta":{"_yoast_wpseo_focuskw":"tutti frutti","_yoast_wpseo_title":"Favori des enfants - M\u00f6ller's Omega-3 Tutti Frutti","_yoast_wpseo_metadesc":"M\u00f6ller's Omega-3 Tutti Frutti est une huile de poisson norv\u00e9gienne pure et liquide au go\u00fbt fruit\u00e9. Saveur pr\u00e9f\u00e9r\u00e9e des enfants. Riche en om\u00e9ga-3, vitamines A, D et E.","_monsterinsights_skip_tracking":false,"_monsterinsights_sitenote_active":false,"_monsterinsights_sitenote_note":"","_monsterinsights_sitenote_category":0},"product_brand":[],"product_cat":[587],"product_tag":[],"class_list":{"0":"post-1006057","1":"product","2":"type-product","3":"status-publish","4":"has-post-thumbnail","6":"product_cat-produits","8":"first","9":"instock","10":"taxable","11":"shipping-taxable","12":"purchasable","13":"product-type-simple"},"wcpa_form_fields":null,"yoast_head":"<!-- This site is optimized with the Yoast SEO Premium plugin v25.1 (Yoast SEO v25.1) - https:\/\/yoast.com\/wordpress\/plugins\/seo\/ -->\n<title>Favori des enfants - M\u00f6ller&#039;s Omega-3 Tutti Frutti<\/title>\n<meta name=\"description\" content=\"M\u00f6ller&#039;s Omega-3 Tutti Frutti est une huile de poisson norv\u00e9gienne pure et liquide au go\u00fbt fruit\u00e9. Saveur pr\u00e9f\u00e9r\u00e9e des enfants. Riche en om\u00e9ga-3, vitamines A, D et E.\" \/>\n<meta name=\"robots\" content=\"index, follow, max-snippet:-1, max-image-preview:large, max-video-preview:-1\" \/>\n<link rel=\"canonical\" href=\"https:\/\/mollersomega3.nl\/product\/mollers-omega-3-tutti-frutti-vloeibaar\/\" \/>\n<meta property=\"og:locale\" content=\"fr_FR\" \/>\n<meta property=\"og:type\" content=\"article\" \/>\n<meta property=\"og:title\" content=\"M\u00f6ller&#039;s Omega-3 Huile de foie de morue Tutti Frutti - 250ml - Favori des enfants\" \/>\n<meta property=\"og:description\" content=\"M\u00f6ller&#039;s Omega-3 Tutti Frutti est une huile de poisson norv\u00e9gienne pure et liquide au go\u00fbt fruit\u00e9. Saveur pr\u00e9f\u00e9r\u00e9e des enfants. Riche en om\u00e9ga-3, vitamines A, D et E.\" \/>\n<meta property=\"og:url\" content=\"https:\/\/mollersomega3.nl\/product\/mollers-omega-3-tutti-frutti-vloeibaar\/\" \/>\n<meta property=\"og:site_name\" content=\"M\u00f6llers Omega-3\" \/>\n<meta property=\"article:publisher\" content=\"https:\/\/www.facebook.com\/mollersomega3nl\" \/>\n<meta property=\"article:modified_time\" content=\"2025-07-04T07:24:28+00:00\" \/>\n<meta property=\"og:image\" content=\"https:\/\/mollersomega3.nl\/wp-content\/uploads\/2020\/06\/Mollers_TF_TA25_favoriet-van-kinderen.png\" \/>\n\t<meta property=\"og:image:width\" content=\"1584\" \/>\n\t<meta property=\"og:image:height\" content=\"2792\" \/>\n\t<meta property=\"og:image:type\" content=\"image\/png\" \/>\n<meta name=\"twitter:card\" content=\"summary_large_image\" \/>\n<meta name=\"twitter:site\" content=\"@mollersomega3nl\" \/>\n<meta name=\"twitter:label1\" content=\"Est. reading time\" \/>\n\t<meta name=\"twitter:data1\" content=\"3 minutes\" \/>\n<script type=\"application\/ld+json\" class=\"yoast-schema-graph\">{\"@context\":\"https:\/\/schema.org\",\"@graph\":[{\"@type\":\"WebPage\",\"@id\":\"https:\/\/mollersomega3.nl\/product\/mollers-omega-3-tutti-frutti-vloeibaar\/\",\"url\":\"https:\/\/mollersomega3.nl\/product\/mollers-omega-3-tutti-frutti-vloeibaar\/\",\"name\":\"Favori des enfants - M\u00f6ller's Omega-3 Tutti Frutti\",\"isPartOf\":{\"@id\":\"https:\/\/mollersomega3.nl\/#website\"},\"primaryImageOfPage\":{\"@id\":\"https:\/\/mollersomega3.nl\/product\/mollers-omega-3-tutti-frutti-vloeibaar\/#primaryimage\"},\"image\":{\"@id\":\"https:\/\/mollersomega3.nl\/product\/mollers-omega-3-tutti-frutti-vloeibaar\/#primaryimage\"},\"thumbnailUrl\":\"https:\/\/mollersomega3.nl\/wp-content\/uploads\/2020\/06\/Mollers_TF_TA25_favoriet-van-kinderen.png\",\"datePublished\":\"2020-06-07T10:14:57+00:00\",\"dateModified\":\"2025-07-04T07:24:28+00:00\",\"description\":\"M\u00f6ller's Omega-3 Tutti Frutti est une huile de poisson norv\u00e9gienne pure et liquide au go\u00fbt fruit\u00e9. Saveur pr\u00e9f\u00e9r\u00e9e des enfants. Riche en om\u00e9ga-3, vitamines A, D et E.\",\"breadcrumb\":{\"@id\":\"https:\/\/mollersomega3.nl\/product\/mollers-omega-3-tutti-frutti-vloeibaar\/#breadcrumb\"},\"inLanguage\":\"fr-FR\",\"potentialAction\":[{\"@type\":\"ReadAction\",\"target\":[\"https:\/\/mollersomega3.nl\/product\/mollers-omega-3-tutti-frutti-vloeibaar\/\"]}]},{\"@type\":\"ImageObject\",\"inLanguage\":\"fr-FR\",\"@id\":\"https:\/\/mollersomega3.nl\/product\/mollers-omega-3-tutti-frutti-vloeibaar\/#primaryimage\",\"url\":\"https:\/\/mollersomega3.nl\/wp-content\/uploads\/2020\/06\/Mollers_TF_TA25_favoriet-van-kinderen.png\",\"contentUrl\":\"https:\/\/mollersomega3.nl\/wp-content\/uploads\/2020\/06\/Mollers_TF_TA25_favoriet-van-kinderen.png\",\"width\":1584,\"height\":2792},{\"@type\":\"BreadcrumbList\",\"@id\":\"https:\/\/mollersomega3.nl\/product\/mollers-omega-3-tutti-frutti-vloeibaar\/#breadcrumb\",\"itemListElement\":[{\"@type\":\"ListItem\",\"position\":1,\"name\":\"Accueil\",\"item\":\"https:\/\/mollersomega3.nl\/fr\/\"},{\"@type\":\"ListItem\",\"position\":2,\"name\":\"Produits\",\"item\":\"https:\/\/mollersomega3.nl\/producten\/\"},{\"@type\":\"ListItem\",\"position\":3,\"name\":\"M\u00f6ller&#8217;s Omega-3 Huile de foie de morue Tutti Frutti \u2013 250ml \u2013 Favori des enfants\"}]},{\"@type\":\"WebSite\",\"@id\":\"https:\/\/mollersomega3.nl\/#website\",\"url\":\"https:\/\/mollersomega3.nl\/\",\"name\":\"M\u00f6llers Omega-3\",\"description\":\"A Spoonful of Life since 1854\",\"publisher\":{\"@id\":\"https:\/\/mollersomega3.nl\/#organization\"},\"potentialAction\":[{\"@type\":\"SearchAction\",\"target\":{\"@type\":\"EntryPoint\",\"urlTemplate\":\"https:\/\/mollersomega3.nl\/?s={search_term_string}\"},\"query-input\":{\"@type\":\"PropertyValueSpecification\",\"valueRequired\":true,\"valueName\":\"search_term_string\"}}],\"inLanguage\":\"fr-FR\"},{\"@type\":\"Organization\",\"@id\":\"https:\/\/mollersomega3.nl\/#organization\",\"name\":\"M\u00f6llers Omega-3\",\"url\":\"https:\/\/mollersomega3.nl\/\",\"logo\":{\"@type\":\"ImageObject\",\"inLanguage\":\"fr-FR\",\"@id\":\"https:\/\/mollersomega3.nl\/#\/schema\/logo\/image\/\",\"url\":\"https:\/\/mollersomega3.nl\/wp-content\/uploads\/2020\/07\/mollers-logo-bestellingen.png\",\"contentUrl\":\"https:\/\/mollersomega3.nl\/wp-content\/uploads\/2020\/07\/mollers-logo-bestellingen.png\",\"width\":250,\"height\":86,\"caption\":\"M\u00f6llers Omega-3\"},\"image\":{\"@id\":\"https:\/\/mollersomega3.nl\/#\/schema\/logo\/image\/\"},\"sameAs\":[\"https:\/\/www.facebook.com\/MollersOmega3NL\",\"https:\/\/www.instagram.com\/mollersomega3nl\/\",\"https:\/\/nl.linkedin.com\/company\/good-life-international\",\"https:\/\/www.bol.com\/nl\/nl\/m\/mollers\/\",\"https:\/\/mollersomega3.nl\/en\/\"],\"foundingDate\":\"1854\",\"areaServed\":[\"GB\",\"IE\",\"US\",\"CA\",\"AU\",\"NZ\",\"NL\"],\"knowsAbout\":[\"omega-3\",\"cod liver oil\",\"fish oil\",\"DHA\",\"EPA\",\"vitamin D\"],\"description\":\"Norwegian premium omega-3 brand since 1854. Cod liver oil and fish oil supplements with omega-3, vitamins A, D and E.\"}]}<\/script>\n<!-- \/ Yoast SEO Premium plugin. -->","yoast_head_json":{"title":"Favori des enfants - M\u00f6ller's Omega-3 Tutti Frutti","description":"M\u00f6ller's Omega-3 Tutti Frutti est une huile de poisson norv\u00e9gienne pure et liquide au go\u00fbt fruit\u00e9. Saveur pr\u00e9f\u00e9r\u00e9e des enfants. Riche en om\u00e9ga-3, vitamines A, D et E.","robots":{"index":"index","follow":"follow","max-snippet":"max-snippet:-1","max-image-preview":"max-image-preview:large","max-video-preview":"max-video-preview:-1"},"canonical":"https:\/\/mollersomega3.nl\/product\/mollers-omega-3-tutti-frutti-vloeibaar\/","og_locale":"fr_FR","og_type":"article","og_title":"M\u00f6ller's Omega-3 Huile de foie de morue Tutti Frutti - 250ml - Favori des enfants","og_description":"M\u00f6ller's Omega-3 Tutti Frutti est une huile de poisson norv\u00e9gienne pure et liquide au go\u00fbt fruit\u00e9. Saveur pr\u00e9f\u00e9r\u00e9e des enfants. Riche en om\u00e9ga-3, vitamines A, D et E.","og_url":"https:\/\/mollersomega3.nl\/product\/mollers-omega-3-tutti-frutti-vloeibaar\/","og_site_name":"M\u00f6llers Omega-3","article_publisher":"https:\/\/www.facebook.com\/mollersomega3nl","article_modified_time":"2025-07-04T07:24:28+00:00","og_image":[{"url":"https:\/\/mollersomega3.nl\/wp-content\/uploads\/2020\/06\/Mollers_TF_TA25_favoriet-van-kinderen.png","width":1584,"height":2792,"type":"image\/png"}],"twitter_card":"summary_large_image","twitter_site":"@mollersomega3nl","twitter_misc":{"Est. reading time":"3 minutes"},"schema":{"@context":"https:\/\/schema.org","@graph":[{"@type":"WebPage","@id":"https:\/\/mollersomega3.nl\/product\/mollers-omega-3-tutti-frutti-vloeibaar\/","url":"https:\/\/mollersomega3.nl\/product\/mollers-omega-3-tutti-frutti-vloeibaar\/","name":"Favori des enfants - M\u00f6ller's Omega-3 Tutti Frutti","isPartOf":{"@id":"https:\/\/mollersomega3.nl\/#website"},"primaryImageOfPage":{"@id":"https:\/\/mollersomega3.nl\/product\/mollers-omega-3-tutti-frutti-vloeibaar\/#primaryimage"},"image":{"@id":"https:\/\/mollersomega3.nl\/product\/mollers-omega-3-tutti-frutti-vloeibaar\/#primaryimage"},"thumbnailUrl":"https:\/\/mollersomega3.nl\/wp-content\/uploads\/2020\/06\/Mollers_TF_TA25_favoriet-van-kinderen.png","datePublished":"2020-06-07T10:14:57+00:00","dateModified":"2025-07-04T07:24:28+00:00","description":"M\u00f6ller's Omega-3 Tutti Frutti est une huile de poisson norv\u00e9gienne pure et liquide au go\u00fbt fruit\u00e9. Saveur pr\u00e9f\u00e9r\u00e9e des enfants. Riche en om\u00e9ga-3, vitamines A, D et E.","breadcrumb":{"@id":"https:\/\/mollersomega3.nl\/product\/mollers-omega-3-tutti-frutti-vloeibaar\/#breadcrumb"},"inLanguage":"fr-FR","potentialAction":[{"@type":"ReadAction","target":["https:\/\/mollersomega3.nl\/product\/mollers-omega-3-tutti-frutti-vloeibaar\/"]}]},{"@type":"ImageObject","inLanguage":"fr-FR","@id":"https:\/\/mollersomega3.nl\/product\/mollers-omega-3-tutti-frutti-vloeibaar\/#primaryimage","url":"https:\/\/mollersomega3.nl\/wp-content\/uploads\/2020\/06\/Mollers_TF_TA25_favoriet-van-kinderen.png","contentUrl":"https:\/\/mollersomega3.nl\/wp-content\/uploads\/2020\/06\/Mollers_TF_TA25_favoriet-van-kinderen.png","width":1584,"height":2792},{"@type":"BreadcrumbList","@id":"https:\/\/mollersomega3.nl\/product\/mollers-omega-3-tutti-frutti-vloeibaar\/#breadcrumb","itemListElement":[{"@type":"ListItem","position":1,"name":"Accueil","item":"https:\/\/mollersomega3.nl\/fr\/"},{"@type":"ListItem","position":2,"name":"Produits","item":"https:\/\/mollersomega3.nl\/producten\/"},{"@type":"ListItem","position":3,"name":"M\u00f6ller&#8217;s Omega-3 Huile de foie de morue Tutti Frutti \u2013 250ml \u2013 Favori des enfants"}]},{"@type":"WebSite","@id":"https:\/\/mollersomega3.nl\/#website","url":"https:\/\/mollersomega3.nl\/","name":"M\u00f6llers Omega-3","description":"A Spoonful of Life since 1854","publisher":{"@id":"https:\/\/mollersomega3.nl\/#organization"},"potentialAction":[{"@type":"SearchAction","target":{"@type":"EntryPoint","urlTemplate":"https:\/\/mollersomega3.nl\/?s={search_term_string}"},"query-input":{"@type":"PropertyValueSpecification","valueRequired":true,"valueName":"search_term_string"}}],"inLanguage":"fr-FR"},{"@type":"Organization","@id":"https:\/\/mollersomega3.nl\/#organization","name":"M\u00f6llers Omega-3","url":"https:\/\/mollersomega3.nl\/","logo":{"@type":"ImageObject","inLanguage":"fr-FR","@id":"https:\/\/mollersomega3.nl\/#\/schema\/logo\/image\/","url":"https:\/\/mollersomega3.nl\/wp-content\/uploads\/2020\/07\/mollers-logo-bestellingen.png","contentUrl":"https:\/\/mollersomega3.nl\/wp-content\/uploads\/2020\/07\/mollers-logo-bestellingen.png","width":250,"height":86,"caption":"M\u00f6llers Omega-3"},"image":{"@id":"https:\/\/mollersomega3.nl\/#\/schema\/logo\/image\/"},"sameAs":["https:\/\/www.facebook.com\/MollersOmega3NL","https:\/\/www.instagram.com\/mollersomega3nl\/","https:\/\/nl.linkedin.com\/company\/good-life-international","https:\/\/www.bol.com\/nl\/nl\/m\/mollers\/","https:\/\/mollersomega3.nl\/en\/"],"foundingDate":"1854","areaServed":["GB","IE","US","CA","AU","NZ","NL"],"knowsAbout":["omega-3","cod liver oil","fish oil","DHA","EPA","vitamin D"],"description":"Norwegian premium omega-3 brand since 1854. Cod liver oil and fish oil supplements with omega-3, vitamins A, D and E."}]}},"_links":{"self":[{"href":"https:\/\/mollersomega3.nl\/fr\/wp-json\/wp\/v2\/product\/1006057","targetHints":{"allow":["GET"]}}],"collection":[{"href":"https:\/\/mollersomega3.nl\/fr\/wp-json\/wp\/v2\/product"}],"about":[{"href":"https:\/\/mollersomega3.nl\/fr\/wp-json\/wp\/v2\/types\/product"}],"replies":[{"embeddable":true,"href":"https:\/\/mollersomega3.nl\/fr\/wp-json\/wp\/v2\/comments?post=1006057"}],"wp:featuredmedia":[{"embeddable":true,"href":"https:\/\/mollersomega3.nl\/fr\/wp-json\/wp\/v2\/media\/1007317"}],"wp:attachment":[{"href":"https:\/\/mollersomega3.nl\/fr\/wp-json\/wp\/v2\/media?parent=1006057"}],"wp:term":[{"taxonomy":"product_brand","embeddable":true,"href":"https:\/\/mollersomega3.nl\/fr\/wp-json\/wp\/v2\/product_brand?post=1006057"},{"taxonomy":"product_cat","embeddable":true,"href":"https:\/\/mollersomega3.nl\/fr\/wp-json\/wp\/v2\/product_cat?post=1006057"},{"taxonomy":"product_tag","embeddable":true,"href":"https:\/\/mollersomega3.nl\/fr\/wp-json\/wp\/v2\/product_tag?post=1006057"}],"curies":[{"name":"wp","href":"https:\/\/api.w.org\/{rel}","templated":true}]}}