{"id":1006078,"date":"2025-02-17T16:26:47","date_gmt":"2025-02-17T15:26:47","guid":{"rendered":"https:\/\/mollersomega3.nl\/product\/kit-dessai-mollers-omega-3-4x-5ml\/"},"modified":"2025-02-17T16:26:47","modified_gmt":"2025-02-17T15:26:47","slug":"kit-dessai-mollers-omega-3-4x-5ml","status":"publish","type":"product","link":"https:\/\/mollersomega3.nl\/fr\/product\/kit-dessai-mollers-omega-3-4x-5ml\/","title":{"rendered":"Kit d&#8217;essai M\u00f6ller&#8217;s Omega-3 4x 5ml"},"content":{"rendered":"<h2 data-start=\"180\" data-end=\"262\">Consommez-vous suffisamment d&#8217;om\u00e9ga-3 ?<\/h2>\n<p data-start=\"264\" data-end=\"604\">Consommez-vous (et votre famille) suffisamment d&#8217;om\u00e9ga-3 ? Mangez-vous du poisson gras comme le saumon, le maquereau ou le hareng deux fois par semaine ? Parfait ! Vous \u00eates sur la bonne voie. Sinon, un compl\u00e9ment de qualit\u00e9 est un choix judicieux.    <\/p>\n<p data-start=\"1029\" data-end=\"1128\">Plus de 80 % des N\u00e9erlandais ne mangent pas assez de poisson gras. Cela signifie souvent un manque d&#8217;om\u00e9ga-3, alors que les om\u00e9ga-3 sont essentiels pour : <\/p>\n<p data-start=\"1130\" data-end=\"1500\">\u2714 <strong data-start=\"1132\" data-end=\"1159\">Cerveau et concentration : <\/strong>aide aux fonctions cognitives et au d\u00e9veloppement chez les enfants<br data-start=\"1220\" data-end=\"1223\">\u2714 <strong data-start=\"1225\" data-end=\"1246\">C\u0153ur et vaisseaux sanguins : <\/strong>contribue \u00e0 une fonction cardiaque normale<br data-start=\"1287\" data-end=\"1290\">\u2714 <strong data-start=\"1292\" data-end=\"1300\">Yeux : <\/strong>soutient une vision saine<br data-start=\"1342\" data-end=\"1345\">\u2714 <strong data-start=\"1347\" data-end=\"1364\">Syst\u00e8me immunitaire : <\/strong>contribue \u00e0 un syst\u00e8me immunitaire sain<br data-start=\"1406\" data-end=\"1409\">\u2714 <strong data-start=\"1411\" data-end=\"1438\">Articulations et mobilit\u00e9 : <\/strong>aide \u00e0 maintenir la souplesse des articulations et des muscles et r\u00e9duit la raideur<br \/>\n\u2714 <strong data-start=\"1411\" data-end=\"1438\">Croissance et d\u00e9veloppement : <\/strong>soutient le d\u00e9veloppement des enfants<\/p>\n<h2 data-start=\"180\" data-end=\"262\"><strong data-start=\"184\" data-end=\"260\">Essayez la pure puissance des om\u00e9ga-3<\/strong><\/h2>\n<p data-start=\"264\" data-end=\"604\">Vous voulez d\u00e9couvrir ce que M\u00f6ller&#8217;s Omega-3 peut faire pour vous ? Ce kit d&#8217;essai est le moyen parfait de d\u00e9couvrir notre huile de foie de morue norv\u00e9gienne prim\u00e9e, 100 % pure, riche en acides gras om\u00e9ga-3 (DHA et EPA) et en vitamines A, D et E. <\/p>\n<p>\u2705 <strong data-start=\"608\" data-end=\"676\">Facile \u00e0 essayer sans acheter imm\u00e9diatement une grande bouteille<\/strong><br data-start=\"676\" data-end=\"679\">\u2705 <strong data-start=\"681\" data-end=\"757\">Convient aux jeunes et aux moins jeunes \u2013 soutient la sant\u00e9 \u00e0 chaque \u00e9tape de la vie<\/strong><br data-start=\"838\" data-end=\"841\">\u2705 <strong data-start=\"843\" data-end=\"901\">Go\u00fbt sup\u00e9rieur, r\u00e9compens\u00e9 par le Superior Taste Award<\/strong><br data-start=\"901\" data-end=\"904\">\u2705 <strong data-start=\"906\" data-end=\"982\">Forme liquide \u2013 facile \u00e0 prendre, seulement 5 ml (une cuill\u00e8re \u00e0 dessert) par jour<\/strong><\/p>\n<p>Ce kit contient <strong data-start=\"514\" data-end=\"543\">quatre sachets pratiques de 5 ml <\/strong>en deux saveurs d\u00e9licieuses : <strong data-start=\"570\" data-end=\"581\">citron<\/strong> et <strong data-start=\"585\" data-end=\"601\">tutti frutti<\/strong>.<\/p>\n<h2 data-start=\"1806\" data-end=\"1852\"><strong data-start=\"1810\" data-end=\"1850\">Pourquoi choisir M\u00f6ller&#8217;s Omega-3 ?<\/strong><\/h2>\n<p data-start=\"1853\" data-end=\"2328\">\u2714 <strong data-start=\"1855\" data-end=\"1895\">R\u00e9compens\u00e9 par le Superior Taste Award<\/strong> gr\u00e2ce \u00e0 ses saveurs naturelles et d\u00e9licieuses<br data-start=\"1941\" data-end=\"1944\">\u2714 <strong data-start=\"1946\" data-end=\"1984\">100 % de cabillaud arctique sauvage<\/strong>, p\u00each\u00e9 durablement pr\u00e8s des \u00eeles Lofoten en Norv\u00e8ge<br data-start=\"2030\" data-end=\"2033\">\u2714 <strong data-start=\"2035\" data-end=\"2094\">Huile de poisson fra\u00eeche avec une tr\u00e8s faible valeur d&#8217;oxydation (totox &lt; 5) : <\/strong>exceptionnellement fra\u00eeche et pure<br data-start=\"2123\" data-end=\"2126\">\u2714 <strong>O<\/strong><strong data-start=\"2128\" data-end=\"2176\">m\u00e9ga-3 sous sa forme naturelle de triglyc\u00e9rides<\/strong> pour une meilleure absorption dans le corps que les formes synth\u00e9tiques<br data-start=\"2235\" data-end=\"2238\">\u2714 <strong data-start=\"2240\" data-end=\"2277\">Complet avec les vitamines A, D3 et E<\/strong> pour un syst\u00e8me immunitaire fort et des os en bonne sant\u00e9<br \/>\n\u2714 <b>Liquide, <\/b>ce qui le rend facile \u00e0 prendre pour les jeunes et les moins jeunes<\/p>\n<h3>Pourquoi le kit d&#8217;essai n&#8217;est-il pas gratuit ?<\/h3>\n<p>Nous voulons donner \u00e0 autant de personnes que possible la chance d&#8217;exp\u00e9rimenter M\u00f6ller&#8217;s Omega-3 par elles-m\u00eames. Cependant, nous demandons une petite contribution de 2,50 \u20ac. Ce montant nous aide \u00e0 couvrir les frais d&#8217;exp\u00e9dition, qui sont relativement \u00e9lev\u00e9s pour les petits colis. Ainsi, nous pouvons continuer \u00e0 proposer ce kit d&#8217;essai sans faire de compromis sur la qualit\u00e9 et le service. Nous esp\u00e9rons que vous comprendrez et nous appr\u00e9cions votre int\u00e9r\u00eat pour un mode de vie plus sain !    <\/p>\n<h2><strong>Ingr\u00e9dients<\/strong><\/h2>\n<h3 data-start=\"2376\" data-end=\"2410\"><strong data-start=\"2380\" data-end=\"2408\">M\u00f6ller&#8217;s Omega-3 Citron<\/strong><\/h3>\n<p data-start=\"2411\" data-end=\"2600\"><strong data-start=\"2411\" data-end=\"2428\">Ingr\u00e9dients :<\/strong> Huile de foie de morue issue de cabillaud arctique p\u00each\u00e9 durablement (poisson), ar\u00f4me naturel de citron, ac\u00e9tate de dl-\u03b1-tocoph\u00e9ryle (vitamine E) et tocoph\u00e9rol naturel (antioxydant).<\/p>\n<h3 data-start=\"2602\" data-end=\"2641\"><strong data-start=\"2606\" data-end=\"2639\">M\u00f6ller&#8217;s Omega-3 Tutti Frutti<\/strong><\/h3>\n<p data-start=\"2642\" data-end=\"2837\"><strong data-start=\"2642\" data-end=\"2659\">Ingr\u00e9dients :<\/strong> Huile de foie de morue issue de cabillaud arctique p\u00each\u00e9 durablement (poisson), ar\u00f4me naturel de fruits, ac\u00e9tate de dl-\u03b1-tocoph\u00e9ryle (vitamine E) et tocoph\u00e9rol naturel (antioxydant).<\/p>\n<p data-start=\"2839\" data-end=\"2967\"><strong data-start=\"2839\" data-end=\"2965\">M\u00f6ller&#8217;s Omega-3 ne contient PAS de conservateurs, PAS de colorants ou d&#8217;ar\u00f4mes artificiels et PAS de sucres ou d&#8217;\u00e9dulcorants.<\/strong><\/p>\n<h2 data-start=\"2969\" data-end=\"3033\"><strong data-start=\"2973\" data-end=\"3031\">Valeurs nutritionnelles pour 5 ml<\/strong><\/h2>\n<table data-start=\"3034\" data-end=\"3531\">\n<thead data-start=\"3034\" data-end=\"3097\">\n<tr data-start=\"3034\" data-end=\"3097\">\n<th data-start=\"3034\" data-end=\"3055\"><\/th>\n<th data-start=\"3055\" data-end=\"3069\">Citron<\/th>\n<th data-start=\"3069\" data-end=\"3097\">Tutti Frutti<\/th>\n<\/tr>\n<\/thead>\n<tbody data-start=\"3160\" data-end=\"3531\">\n<tr data-start=\"3160\" data-end=\"3221\">\n<td>Acides gras om\u00e9ga-3<\/td>\n<td>1110 mg<\/td>\n<td>1120 mg<\/td>\n<\/tr>\n<tr data-start=\"3222\" data-end=\"3283\">\n<td>\u2013 DHA<\/td>\n<td>500 mg<\/td>\n<td>510 mg<\/td>\n<\/tr>\n<tr data-start=\"3284\" data-end=\"3345\">\n<td>\u2013 EPA<\/td>\n<td>360 mg<\/td>\n<td>370 mg<\/td>\n<\/tr>\n<tr data-start=\"3346\" data-end=\"3407\">\n<td>Vitamine D<\/td>\n<td>10 mcg (200 %*)<\/td>\n<td>10 mcg (200 %*)<\/td>\n<\/tr>\n<tr data-start=\"3408\" data-end=\"3469\">\n<td>Vitamine A<\/td>\n<td>250 mcg (31 %*)<\/td>\n<td>250 mcg (31 %*)<\/td>\n<\/tr>\n<tr data-start=\"3470\" data-end=\"3531\">\n<td>Vitamine E<\/td>\n<td>3 mg (25 %*)<\/td>\n<td>3 mg (25 %*)<\/td>\n<\/tr>\n<\/tbody>\n<\/table>\n<p data-start=\"3533\" data-end=\"3558\">* De l&#8217;apport de r\u00e9f\u00e9rence<\/p>\n<h2 data-start=\"3565\" data-end=\"3607\"><strong data-start=\"3568\" data-end=\"3605\">Comment l&#8217;utiliser ?<\/strong><\/h2>\n<h3 data-start=\"3609\" data-end=\"3660\"><strong data-start=\"3613\" data-end=\"3658\">Pour les adultes et les enfants \u00e0 partir de 3 ans<\/strong><\/h3>\n<ul>\n<li data-start=\"3661\" data-end=\"3898\"><strong data-start=\"3663\" data-end=\"3687\">Dosage quotidien :<\/strong> 5 ml (= 1 cuill\u00e8re \u00e0 dessert).<\/li>\n<li data-start=\"3661\" data-end=\"3898\"><strong data-start=\"3717\" data-end=\"3792\">\u00c9galement recommand\u00e9 pour les femmes enceintes et allaitantes.<\/strong><\/li>\n<li data-start=\"3661\" data-end=\"3898\"><strong data-start=\"3797\" data-end=\"3847\">Prenez l&#8217;huile de pr\u00e9f\u00e9rence pendant un repas<\/strong> pour une absorption optimale des nutriments.<\/li>\n<\/ul>\n<h3 data-start=\"3900\" data-end=\"3939\"><strong data-start=\"3904\" data-end=\"3937\">Pour les enfants \u00e0 partir de 6 mois<\/strong><\/h3>\n<ul>\n<li data-start=\"3940\" data-end=\"4289\"><strong data-start=\"3942\" data-end=\"3966\">Dosage quotidien :<\/strong> 2,5 ml (= 1\/2 cuill\u00e8re \u00e0 dessert).<\/li>\n<li data-start=\"3940\" data-end=\"4289\">Commencez par une demi-cuill\u00e8re \u00e0 dessert par jour et augmentez progressivement jusqu&#8217;\u00e0 <strong data-start=\"4069\" data-end=\"4095\">1 cuill\u00e8re \u00e0 dessert par jour<\/strong>.<\/li>\n<li data-start=\"3940\" data-end=\"4289\"><strong data-start=\"4101\" data-end=\"4220\">L&#8217;om\u00e9ga-3 (DHA) est un \u00e9l\u00e9ment essentiel pour le cerveau et soutient le d\u00e9veloppement de la vision.<\/strong><\/li>\n<li data-start=\"3940\" data-end=\"4289\"><strong data-start=\"4225\" data-end=\"4287\">La vitamine D aide au d\u00e9veloppement sain des os et des dents.<\/strong><\/li>\n<\/ul>\n<p data-start=\"4291\" data-end=\"4368\">Le <strong data-start=\"4294\" data-end=\"4340\">Conseil de la Sant\u00e9 recommande un suppl\u00e9ment de vitamine D<\/strong> pour les enfants jusqu&#8217;\u00e0 4 ans.<\/p>\n<h2 data-start=\"4375\" data-end=\"4415\"><strong data-start=\"4379\" data-end=\"4413\">Que contient le kit d&#8217;essai ?<\/strong><\/h2>\n<p data-start=\"4416\" data-end=\"4530\"><strong data-start=\"4418\" data-end=\"4468\">\u2714 2 x 5 ml d&#8217;huile de foie de morue M\u00f6ller \u00ab s Omega-3 \u2013 Citron \u00bb<\/strong><br data-start=\"4468\" data-end=\"4471\"><strong data-start=\"4473\" data-end=\"4528\">\u2714 2 x 5 ml d&#8217;huile de foie de morue M\u00f6llers Omega-3 \u2013 Tutti Frutti<\/strong><\/p>\n<p data-start=\"4532\" data-end=\"4619\">Avec ce kit d&#8217;essai, vous d\u00e9couvrirez par vous-m\u00eame \u00e0 quel point les om\u00e9ga-3 peuvent \u00eatre faciles et d\u00e9licieux !<\/p>\n<h2 data-start=\"4621\" data-end=\"4666\"><strong data-start=\"4625\" data-end=\"4664\">Une habitude saine, hier et aujourd&#8217;hui<\/strong><\/h2>\n<p data-start=\"4667\" data-end=\"5053\">Autrefois, il \u00e9tait tout \u00e0 fait normal de prendre une cuill\u00e8re d&#8217;huile de poisson chaque jour. C&#8217;\u00e9tait le moyen de renforcer la r\u00e9sistance et de rester en bonne sant\u00e9. Aujourd&#8217;hui, cette habitude semble avoir disparu, alors que les om\u00e9ga-3 sont toujours indispensables pour un corps sain.  <\/p>\n<p data-start=\"4667\" data-end=\"5053\">Facilitez-vous la vie. <strong data-start=\"5027\" data-end=\"5149\">Avec M\u00f6ller&#8217;s Omega-3, vous (et votre famille) obtenez suffisamment d&#8217;om\u00e9ga-3 chaque jour \u2013 sans tracas, de mani\u00e8re d\u00e9licieuse.<\/strong><\/p>\n","protected":false},"excerpt":{"rendered":"<p>Vous voulez d\u00e9couvrir M\u00f6ller&#8217;s Omega-3 ? Ce kit d&#8217;essai se compose de nos deux saveurs pr\u00e9f\u00e9r\u00e9es pour petits et grands : <strong>C<\/strong><strong data-start=\"200\" data-end=\"227\">itron et Tutti Frutti<\/strong> (4 x 5 ml). Riche en acides gras om\u00e9ga-3 (DHA et EPA) et en vitamines A, D et E, il soutient le c\u0153ur, le cerveau et le syst\u00e8me immunitaire. D\u00e9couvrez par vous-m\u00eame le go\u00fbt doux et la haute qualit\u00e9 de l&#8217;huile de foie de morue norv\u00e9gienne !   <\/p>\n<p><strong>Attention :<\/strong> Ce kit d&#8217;essai est disponible uniquement aux Pays-Bas et en Belgique. Maximum 1 par client. Ce produit ne peut pas \u00eatre command\u00e9 en combinaison avec d&#8217;autres produits.  <\/p>\n","protected":false},"featured_media":1007368,"comment_status":"open","ping_status":"closed","template":"","meta":{"_yoast_wpseo_focuskw":"Essayer M\u00f6ller's","_yoast_wpseo_title":"","_yoast_wpseo_metadesc":"Essayez M\u00f6ller's Omega-3 avec ce kit d'essai ! Quatre sachets pratiques de 5 ml, riches en om\u00e9ga-3 et en vitamines A, D et E. D\u00e9couvrez votre saveur pr\u00e9f\u00e9r\u00e9e !","_monsterinsights_skip_tracking":false,"_monsterinsights_sitenote_active":false,"_monsterinsights_sitenote_note":"","_monsterinsights_sitenote_category":0},"product_brand":[],"product_cat":[588],"product_tag":[],"class_list":{"0":"post-1006078","1":"product","2":"type-product","3":"status-publish","4":"has-post-thumbnail","6":"product_cat-kit-dessai","8":"first","9":"instock","10":"sale","11":"sold-individually","12":"purchasable","13":"product-type-simple"},"wcpa_form_fields":null,"yoast_head":"<!-- This site is optimized with the Yoast SEO Premium plugin v25.1 (Yoast SEO v25.1) - https:\/\/yoast.com\/wordpress\/plugins\/seo\/ -->\n<title>Kit d&#039;essai M\u00f6ller&#039;s Omega-3 4x 5ml - M\u00f6llers Omega-3<\/title>\n<meta name=\"description\" content=\"Essayez M\u00f6ller&#039;s Omega-3 avec ce kit d&#039;essai ! Quatre sachets pratiques de 5 ml, riches en om\u00e9ga-3 et en vitamines A, D et E. D\u00e9couvrez votre saveur pr\u00e9f\u00e9r\u00e9e !\" \/>\n<meta name=\"robots\" content=\"index, follow, max-snippet:-1, max-image-preview:large, max-video-preview:-1\" \/>\n<link rel=\"canonical\" href=\"https:\/\/mollersomega3.nl\/product\/testpakket\/\" \/>\n<meta property=\"og:locale\" content=\"fr_FR\" \/>\n<meta property=\"og:type\" content=\"article\" \/>\n<meta property=\"og:title\" content=\"Kit d&#039;essai M\u00f6ller&#039;s Omega-3 4x 5ml\" \/>\n<meta property=\"og:description\" content=\"Essayez M\u00f6ller&#039;s Omega-3 avec ce kit d&#039;essai ! Quatre sachets pratiques de 5 ml, riches en om\u00e9ga-3 et en vitamines A, D et E. D\u00e9couvrez votre saveur pr\u00e9f\u00e9r\u00e9e !\" \/>\n<meta property=\"og:url\" content=\"https:\/\/mollersomega3.nl\/product\/testpakket\/\" \/>\n<meta property=\"og:site_name\" content=\"M\u00f6llers Omega-3\" \/>\n<meta property=\"article:publisher\" content=\"https:\/\/www.facebook.com\/mollersomega3nl\" \/>\n<meta property=\"og:image\" content=\"https:\/\/mollersomega3.nl\/wp-content\/uploads\/2025\/02\/basisdoc-packshots-samples_1000x1000.png\" \/>\n\t<meta property=\"og:image:width\" content=\"1000\" \/>\n\t<meta property=\"og:image:height\" content=\"1000\" \/>\n\t<meta property=\"og:image:type\" content=\"image\/png\" \/>\n<meta name=\"twitter:card\" content=\"summary_large_image\" \/>\n<meta name=\"twitter:site\" content=\"@mollersomega3nl\" \/>\n<meta name=\"twitter:label1\" content=\"Est. reading time\" \/>\n\t<meta name=\"twitter:data1\" content=\"4 minutes\" \/>\n<script type=\"application\/ld+json\" class=\"yoast-schema-graph\">{\"@context\":\"https:\/\/schema.org\",\"@graph\":[{\"@type\":\"WebPage\",\"@id\":\"https:\/\/mollersomega3.nl\/product\/testpakket\/\",\"url\":\"https:\/\/mollersomega3.nl\/product\/testpakket\/\",\"name\":\"Kit d'essai M\u00f6ller's Omega-3 4x 5ml - M\u00f6llers Omega-3\",\"isPartOf\":{\"@id\":\"https:\/\/mollersomega3.nl\/#website\"},\"primaryImageOfPage\":{\"@id\":\"https:\/\/mollersomega3.nl\/product\/testpakket\/#primaryimage\"},\"image\":{\"@id\":\"https:\/\/mollersomega3.nl\/product\/testpakket\/#primaryimage\"},\"thumbnailUrl\":\"https:\/\/mollersomega3.nl\/wp-content\/uploads\/2025\/02\/basisdoc-packshots-samples_1000x1000.png\",\"datePublished\":\"2025-02-17T15:26:47+00:00\",\"description\":\"Essayez M\u00f6ller's Omega-3 avec ce kit d'essai ! Quatre sachets pratiques de 5 ml, riches en om\u00e9ga-3 et en vitamines A, D et E. D\u00e9couvrez votre saveur pr\u00e9f\u00e9r\u00e9e !\",\"breadcrumb\":{\"@id\":\"https:\/\/mollersomega3.nl\/product\/testpakket\/#breadcrumb\"},\"inLanguage\":\"fr-FR\",\"potentialAction\":[{\"@type\":\"ReadAction\",\"target\":[\"https:\/\/mollersomega3.nl\/product\/testpakket\/\"]}]},{\"@type\":\"ImageObject\",\"inLanguage\":\"fr-FR\",\"@id\":\"https:\/\/mollersomega3.nl\/product\/testpakket\/#primaryimage\",\"url\":\"https:\/\/mollersomega3.nl\/wp-content\/uploads\/2025\/02\/basisdoc-packshots-samples_1000x1000.png\",\"contentUrl\":\"https:\/\/mollersomega3.nl\/wp-content\/uploads\/2025\/02\/basisdoc-packshots-samples_1000x1000.png\",\"width\":1000,\"height\":1000},{\"@type\":\"BreadcrumbList\",\"@id\":\"https:\/\/mollersomega3.nl\/product\/testpakket\/#breadcrumb\",\"itemListElement\":[{\"@type\":\"ListItem\",\"position\":1,\"name\":\"Accueil\",\"item\":\"https:\/\/mollersomega3.nl\/fr\/\"},{\"@type\":\"ListItem\",\"position\":2,\"name\":\"Produits\",\"item\":\"https:\/\/mollersomega3.nl\/producten\/\"},{\"@type\":\"ListItem\",\"position\":3,\"name\":\"Kit d&#8217;essai M\u00f6ller&#8217;s Omega-3 4x 5ml\"}]},{\"@type\":\"WebSite\",\"@id\":\"https:\/\/mollersomega3.nl\/#website\",\"url\":\"https:\/\/mollersomega3.nl\/\",\"name\":\"M\u00f6llers Omega-3\",\"description\":\"A Spoonful of Life since 1854\",\"publisher\":{\"@id\":\"https:\/\/mollersomega3.nl\/#organization\"},\"potentialAction\":[{\"@type\":\"SearchAction\",\"target\":{\"@type\":\"EntryPoint\",\"urlTemplate\":\"https:\/\/mollersomega3.nl\/?s={search_term_string}\"},\"query-input\":{\"@type\":\"PropertyValueSpecification\",\"valueRequired\":true,\"valueName\":\"search_term_string\"}}],\"inLanguage\":\"fr-FR\"},{\"@type\":\"Organization\",\"@id\":\"https:\/\/mollersomega3.nl\/#organization\",\"name\":\"M\u00f6llers Omega-3\",\"url\":\"https:\/\/mollersomega3.nl\/\",\"logo\":{\"@type\":\"ImageObject\",\"inLanguage\":\"fr-FR\",\"@id\":\"https:\/\/mollersomega3.nl\/#\/schema\/logo\/image\/\",\"url\":\"https:\/\/mollersomega3.nl\/wp-content\/uploads\/2020\/07\/mollers-logo-bestellingen.png\",\"contentUrl\":\"https:\/\/mollersomega3.nl\/wp-content\/uploads\/2020\/07\/mollers-logo-bestellingen.png\",\"width\":250,\"height\":86,\"caption\":\"M\u00f6llers Omega-3\"},\"image\":{\"@id\":\"https:\/\/mollersomega3.nl\/#\/schema\/logo\/image\/\"},\"sameAs\":[\"https:\/\/www.facebook.com\/MollersOmega3NL\",\"https:\/\/www.instagram.com\/mollersomega3nl\/\",\"https:\/\/nl.linkedin.com\/company\/good-life-international\",\"https:\/\/www.bol.com\/nl\/nl\/m\/mollers\/\",\"https:\/\/mollersomega3.nl\/en\/\"],\"foundingDate\":\"1854\",\"areaServed\":[\"GB\",\"IE\",\"US\",\"CA\",\"AU\",\"NZ\",\"NL\"],\"knowsAbout\":[\"omega-3\",\"cod liver oil\",\"fish oil\",\"DHA\",\"EPA\",\"vitamin D\"],\"description\":\"Norwegian premium omega-3 brand since 1854. Cod liver oil and fish oil supplements with omega-3, vitamins A, D and E.\"}]}<\/script>\n<!-- \/ Yoast SEO Premium plugin. -->","yoast_head_json":{"title":"Kit d'essai M\u00f6ller's Omega-3 4x 5ml - M\u00f6llers Omega-3","description":"Essayez M\u00f6ller's Omega-3 avec ce kit d'essai ! Quatre sachets pratiques de 5 ml, riches en om\u00e9ga-3 et en vitamines A, D et E. D\u00e9couvrez votre saveur pr\u00e9f\u00e9r\u00e9e !","robots":{"index":"index","follow":"follow","max-snippet":"max-snippet:-1","max-image-preview":"max-image-preview:large","max-video-preview":"max-video-preview:-1"},"canonical":"https:\/\/mollersomega3.nl\/product\/testpakket\/","og_locale":"fr_FR","og_type":"article","og_title":"Kit d'essai M\u00f6ller's Omega-3 4x 5ml","og_description":"Essayez M\u00f6ller's Omega-3 avec ce kit d'essai ! Quatre sachets pratiques de 5 ml, riches en om\u00e9ga-3 et en vitamines A, D et E. D\u00e9couvrez votre saveur pr\u00e9f\u00e9r\u00e9e !","og_url":"https:\/\/mollersomega3.nl\/product\/testpakket\/","og_site_name":"M\u00f6llers Omega-3","article_publisher":"https:\/\/www.facebook.com\/mollersomega3nl","og_image":[{"width":1000,"height":1000,"url":"https:\/\/mollersomega3.nl\/wp-content\/uploads\/2025\/02\/basisdoc-packshots-samples_1000x1000.png","type":"image\/png"}],"twitter_card":"summary_large_image","twitter_site":"@mollersomega3nl","twitter_misc":{"Est. reading time":"4 minutes"},"schema":{"@context":"https:\/\/schema.org","@graph":[{"@type":"WebPage","@id":"https:\/\/mollersomega3.nl\/product\/testpakket\/","url":"https:\/\/mollersomega3.nl\/product\/testpakket\/","name":"Kit d'essai M\u00f6ller's Omega-3 4x 5ml - M\u00f6llers Omega-3","isPartOf":{"@id":"https:\/\/mollersomega3.nl\/#website"},"primaryImageOfPage":{"@id":"https:\/\/mollersomega3.nl\/product\/testpakket\/#primaryimage"},"image":{"@id":"https:\/\/mollersomega3.nl\/product\/testpakket\/#primaryimage"},"thumbnailUrl":"https:\/\/mollersomega3.nl\/wp-content\/uploads\/2025\/02\/basisdoc-packshots-samples_1000x1000.png","datePublished":"2025-02-17T15:26:47+00:00","description":"Essayez M\u00f6ller's Omega-3 avec ce kit d'essai ! Quatre sachets pratiques de 5 ml, riches en om\u00e9ga-3 et en vitamines A, D et E. D\u00e9couvrez votre saveur pr\u00e9f\u00e9r\u00e9e !","breadcrumb":{"@id":"https:\/\/mollersomega3.nl\/product\/testpakket\/#breadcrumb"},"inLanguage":"fr-FR","potentialAction":[{"@type":"ReadAction","target":["https:\/\/mollersomega3.nl\/product\/testpakket\/"]}]},{"@type":"ImageObject","inLanguage":"fr-FR","@id":"https:\/\/mollersomega3.nl\/product\/testpakket\/#primaryimage","url":"https:\/\/mollersomega3.nl\/wp-content\/uploads\/2025\/02\/basisdoc-packshots-samples_1000x1000.png","contentUrl":"https:\/\/mollersomega3.nl\/wp-content\/uploads\/2025\/02\/basisdoc-packshots-samples_1000x1000.png","width":1000,"height":1000},{"@type":"BreadcrumbList","@id":"https:\/\/mollersomega3.nl\/product\/testpakket\/#breadcrumb","itemListElement":[{"@type":"ListItem","position":1,"name":"Accueil","item":"https:\/\/mollersomega3.nl\/fr\/"},{"@type":"ListItem","position":2,"name":"Produits","item":"https:\/\/mollersomega3.nl\/producten\/"},{"@type":"ListItem","position":3,"name":"Kit d&#8217;essai M\u00f6ller&#8217;s Omega-3 4x 5ml"}]},{"@type":"WebSite","@id":"https:\/\/mollersomega3.nl\/#website","url":"https:\/\/mollersomega3.nl\/","name":"M\u00f6llers Omega-3","description":"A Spoonful of Life since 1854","publisher":{"@id":"https:\/\/mollersomega3.nl\/#organization"},"potentialAction":[{"@type":"SearchAction","target":{"@type":"EntryPoint","urlTemplate":"https:\/\/mollersomega3.nl\/?s={search_term_string}"},"query-input":{"@type":"PropertyValueSpecification","valueRequired":true,"valueName":"search_term_string"}}],"inLanguage":"fr-FR"},{"@type":"Organization","@id":"https:\/\/mollersomega3.nl\/#organization","name":"M\u00f6llers Omega-3","url":"https:\/\/mollersomega3.nl\/","logo":{"@type":"ImageObject","inLanguage":"fr-FR","@id":"https:\/\/mollersomega3.nl\/#\/schema\/logo\/image\/","url":"https:\/\/mollersomega3.nl\/wp-content\/uploads\/2020\/07\/mollers-logo-bestellingen.png","contentUrl":"https:\/\/mollersomega3.nl\/wp-content\/uploads\/2020\/07\/mollers-logo-bestellingen.png","width":250,"height":86,"caption":"M\u00f6llers Omega-3"},"image":{"@id":"https:\/\/mollersomega3.nl\/#\/schema\/logo\/image\/"},"sameAs":["https:\/\/www.facebook.com\/MollersOmega3NL","https:\/\/www.instagram.com\/mollersomega3nl\/","https:\/\/nl.linkedin.com\/company\/good-life-international","https:\/\/www.bol.com\/nl\/nl\/m\/mollers\/","https:\/\/mollersomega3.nl\/en\/"],"foundingDate":"1854","areaServed":["GB","IE","US","CA","AU","NZ","NL"],"knowsAbout":["omega-3","cod liver oil","fish oil","DHA","EPA","vitamin D"],"description":"Norwegian premium omega-3 brand since 1854. Cod liver oil and fish oil supplements with omega-3, vitamins A, D and E."}]}},"_links":{"self":[{"href":"https:\/\/mollersomega3.nl\/fr\/wp-json\/wp\/v2\/product\/1006078","targetHints":{"allow":["GET"]}}],"collection":[{"href":"https:\/\/mollersomega3.nl\/fr\/wp-json\/wp\/v2\/product"}],"about":[{"href":"https:\/\/mollersomega3.nl\/fr\/wp-json\/wp\/v2\/types\/product"}],"replies":[{"embeddable":true,"href":"https:\/\/mollersomega3.nl\/fr\/wp-json\/wp\/v2\/comments?post=1006078"}],"wp:featuredmedia":[{"embeddable":true,"href":"https:\/\/mollersomega3.nl\/fr\/wp-json\/wp\/v2\/media\/1007368"}],"wp:attachment":[{"href":"https:\/\/mollersomega3.nl\/fr\/wp-json\/wp\/v2\/media?parent=1006078"}],"wp:term":[{"taxonomy":"product_brand","embeddable":true,"href":"https:\/\/mollersomega3.nl\/fr\/wp-json\/wp\/v2\/product_brand?post=1006078"},{"taxonomy":"product_cat","embeddable":true,"href":"https:\/\/mollersomega3.nl\/fr\/wp-json\/wp\/v2\/product_cat?post=1006078"},{"taxonomy":"product_tag","embeddable":true,"href":"https:\/\/mollersomega3.nl\/fr\/wp-json\/wp\/v2\/product_tag?post=1006078"}],"curies":[{"name":"wp","href":"https:\/\/api.w.org\/{rel}","templated":true}]}}