{"id":1006080,"date":"2024-08-27T16:11:07","date_gmt":"2024-08-27T14:11:07","guid":{"rendered":"https:\/\/mollersomega3.nl\/product\/mollers-omega-3-pack-avantage-famille-3x-250ml-capsules-dhuile-de-foie-de-morue\/"},"modified":"2025-10-14T13:07:01","modified_gmt":"2025-10-14T11:07:01","slug":"mollers-omega-3-pack-avantage-famille-3x-250ml-capsules-dhuile-de-foie-de-morue","status":"publish","type":"product","link":"https:\/\/mollersomega3.nl\/fr\/product\/mollers-omega-3-pack-avantage-famille-3x-250ml-capsules-dhuile-de-foie-de-morue\/","title":{"rendered":"M\u00f6ller&#8217;s Omega-3 Pack Avantage Famille 3x 250ml + Capsules d&#8217;huile de foie de morue"},"content":{"rendered":"<p><strong>Les om\u00e9ga-3 sont bons pour votre r\u00e9sistance, votre c\u0153ur et votre cerveau. Et pour les enfants, un bon apport en om\u00e9ga-3 est particuli\u00e8rement important ! Ils assurent, par exemple, un bon d\u00e9veloppement de leur cerveau. C&#8217;est pourquoi le Conseil de la sant\u00e9 recommande de manger du poisson gras 1 \u00e0 2 fois par semaine. Mais&#8230; ce n&#8217;est \u00e9videmment pas toujours possible. <\/strong><\/p>\n<p>Ce pack contient trois flacons d&#8217;huile de poisson de haute qualit\u00e9 M\u00f6ller&#8217;s Omega-3, regorgeant d&#8217;acides gras om\u00e9ga-3 et de vitamines A, D et E, et en prime, vous recevez un pot de capsules d&#8217;huile de foie de morue. Ces capsules sont id\u00e9ales pour les d\u00e9placements et si vous pr\u00e9f\u00e9rez ne pas prendre d&#8217;huile liquide, afin de profiter \u00e0 tout moment et en tout lieu des bienfaits de M\u00f6ller&#8217;s pour la sant\u00e9.<\/p>\n<h3>Contenu du M\u00f6ller&#8217;s Omega-3 Pack Avantage Famille<\/h3>\n<ul>\n<li>3 flacons au go\u00fbt de votre choix : naturel, citron, tutti frutti, pomme<\/li>\n<li>M\u00f6ller&#8217;s Omega-3 Capsules d&#8217;huile de foie de morue<\/li>\n<\/ul>\n<h2>Pourquoi des om\u00e9ga-3 pour ma famille ?<\/h2>\n<p><strong>M\u00f6ller&#8217;s Omega-3 soutient le d\u00e9veloppement de votre enfant :<\/strong><\/p>\n<ul>\n<li>\u00c9l\u00e9ments constitutifs essentiels pour le cerveau<\/li>\n<li>D\u00e9veloppement d&#8217;une vision nette<\/li>\n<li>Un bon coup de pouce pour la r\u00e9sistance<\/li>\n<\/ul>\n<p><strong>Votre dose quotidienne d&#8217;\u00e9nergie et de r\u00e9sistance :<\/strong><\/p>\n<ul>\n<li>Brainfood pour le cerveau<\/li>\n<li>Fonction cardiaque et vaisseaux sanguins sains<\/li>\n<li>Syst\u00e8me immunitaire fort<\/li>\n<\/ul>\n<p><em>Un apport quotidien de 250 mg de DHA et d&#8217;EPA soutient le cerveau, le c\u0153ur et les yeux. La vitamine D contribue au maintien d&#8217;une r\u00e9sistance saine et d&#8217;os, de dents et de muscles solides. <\/em><\/p>\n<h2>Qu&#8217;est-ce que M\u00f6ller&#8217;s Omega-3 ?<\/h2>\n<p><img decoding=\"async\" class=\"wp-image-811 alignright\" style=\"margin: 0.5em 0px 0.5em 1em; height: 39px; text-align: left; color: #333333; text-transform: none; text-indent: 0px; letter-spacing: normal; font-size: 16px; font-style: normal; font-variant: normal; font-weight: 400; text-decoration: none; max-width: 100%; float: right;\" src=\"https:\/\/mollersomega3.nl\/wp-content\/uploads\/2020\/06\/noorse-vlag.png\" alt=\"\" width=\"54\" height=\"59\" \/>M\u00f6ller&#8217;s Omega-3 est de l&#8217;huile de poisson norv\u00e9gienne pure. Une combinaison unique d&#8217;om\u00e9ga-3 naturels (900 mg de DHA et d&#8217;EPA par cuill\u00e8re \u00e0 dessert) et de vitamines A, D et E.<\/p>\n<ul>\n<li>Huile de foie de morue pure avec un go\u00fbt de poisson naturellement doux (Naturel), un go\u00fbt de citron frais (Citron), un go\u00fbt de pomme doux (Pomme) ou un d\u00e9licieux go\u00fbt de fruits (Tutti Frutti) ; toutes les saveurs ont \u00e9t\u00e9 r\u00e9compens\u00e9es par le <a href=\"https:\/\/mollersomega3.nl\/fr\/lhuile-de-foie-de-morue-au-meilleur-gout\/\">Superior Taste Award<\/a> pour leur go\u00fbt exceptionnellement bon.<\/li>\n<li>100% de cabillaud arctique sauvage, p\u00each\u00e9 durablement pr\u00e8s des \u00eeles Lofoten en Norv\u00e8ge.<\/li>\n<li>Om\u00e9ga-3 de haute qualit\u00e9 sous sa forme la plus pure, compl\u00e9t\u00e9 par les vitamines A, D3 et E.<\/li>\n<li>Huile de poisson fra\u00eeche avec une tr\u00e8s faible valeur d&#8217;oxydation (totox &lt; 5) ; ne provoque donc pas de remont\u00e9es acides.<\/li>\n<li>Les acides gras om\u00e9ga-3 conservent leur forme naturelle de triglyc\u00e9rides, ce qui les rend mieux absorb\u00e9s par le corps que les esters \u00e9thyliques.<\/li>\n<li>Liquide, donc facile \u00e0 prendre ; seulement une cuill\u00e8re \u00e0 dessert par jour.<\/li>\n<\/ul>\n<p>L&#8217;huile de M\u00f6ller \u00ab s est de tr\u00e8s haute qualit\u00e9, notamment gr\u00e2ce \u00e0 un <a href=\"https:\/\/mollersomega3.nl\/fr\/qualite-et-purete-de-norvege\/\">processus de production<\/a> tr\u00e8s unique et soign\u00e9. M\u00f6ller \u00bb s Omega-3 est disponible en <a href=\"https:\/\/mollersomega3.nl\/producten\/\">4 saveurs<\/a> et en <a href=\"https:\/\/mollersomega3.nl\/producten\/\">g\u00e9lules<\/a>.<\/p>\n<h3>Contenu 1 flacon<\/h3>\n<p>Un flacon de M\u00f6ller&#8217;s Omega-3 contient 250 ml = 50 portions quotidiennes.<\/p>\n<h3>Ingr\u00e9dients<\/h3>\n<p>Huile de foie de morue issue de la p\u00eache durable de cabillaud arctique (<strong>poisson<\/strong>), ac\u00e9tate de dl-\u03b1-tocoph\u00e9ryle (vitamine E) et tocoph\u00e9rol naturel (antioxydant).<\/p>\n<p>M\u00f6ller \u00ab s Omega-3 Citron contient un ar\u00f4me naturel de citron. M\u00f6ller&#8217;s Omega-3 Pomme contient un ar\u00f4me naturel de pomme. M\u00f6ller \u00bb s Omega-3 Tutti Frutti contient un ar\u00f4me naturel de fruits.<\/p>\n<p>M\u00f6ller&#8217;s Omega-3 ne contient pas de conservateurs, pas de colorants ni d&#8217;ar\u00f4mes artificiels, et pas de sucres ni d&#8217;\u00e9dulcorants.<\/p>\n<table dir=\"ltr\" border=\"2\" rules=\"all\" cellspacing=\"2\" cellpadding=\"1\">\n<tbody>\n<tr align=\"left\" valign=\"top\">\n<td align=\"left\" valign=\"middle\">\n<h3>Valeurs nutritionnelles<\/h3>\n<\/td>\n<td align=\"left\" valign=\"middle\">\n<h3>Pour 5 ml<\/h3>\n<\/td>\n<\/tr>\n<tr align=\"left\" valign=\"top\">\n<td align=\"left\" valign=\"middle\">Acides gras om\u00e9ga-3<\/td>\n<td align=\"left\" valign=\"middle\">1,1 g<\/td>\n<\/tr>\n<tr align=\"left\" valign=\"top\">\n<td align=\"left\" valign=\"middle\">\u2013 DHA<\/td>\n<td align=\"left\" valign=\"middle\">0,5 g<\/td>\n<\/tr>\n<tr align=\"left\" valign=\"top\">\n<td align=\"left\" valign=\"middle\">\u2013 EPA<\/td>\n<td align=\"left\" valign=\"middle\">0,4 g<\/td>\n<\/tr>\n<tr align=\"left\" valign=\"top\">\n<td align=\"left\" valign=\"middle\">Vitamine D<\/td>\n<td align=\"left\" valign=\"middle\">10 mcg (200 %*)<\/td>\n<\/tr>\n<tr align=\"left\" valign=\"top\">\n<td align=\"left\" valign=\"middle\">Vitamine A<\/td>\n<td align=\"left\" valign=\"middle\">250 mcg (31 %*)<\/td>\n<\/tr>\n<tr align=\"left\" valign=\"top\">\n<td align=\"left\" valign=\"middle\">Vitamine E<\/td>\n<td align=\"left\" valign=\"middle\">3 mg (25 %*)<\/td>\n<\/tr>\n<\/tbody>\n<\/table>\n<p>* De l&#8217;apport de r\u00e9f\u00e9rence.<\/p>\n<h3>Quantit\u00e9 journali\u00e8re recommand\u00e9e<\/h3>\n<h4>Quantit\u00e9 recommand\u00e9e pour les adultes et les enfants \u00e0 partir de 3 ans<\/h4>\n<p>Quantit\u00e9 quotidienne recommand\u00e9e pour les enfants \u00e0 partir de 3 ans et les adultes : <strong>5 ml<\/strong> (= 1 cuill\u00e8re \u00e0 dessert).<br \/>\n\u00c9galement recommand\u00e9 pour les femmes enceintes et allaitantes.<\/p>\n<p>Il est pr\u00e9f\u00e9rable de prendre l&#8217;huile avec un repas, pour une absorption optimale des nutriments.<\/p>\n<h3>Conserver au r\u00e9frig\u00e9rateur<\/h3>\n<p>Nous recommandons de conserver la bouteille <span style=\"text-decoration: underline;\">non ouverte<\/span> \u00e0 temp\u00e9rature ambiante.<br \/>\nPour un go\u00fbt optimal et frais, conservez la bouteille <span style=\"text-decoration: underline;\">ouverte<\/span> au r\u00e9frig\u00e9rateur. Apr\u00e8s ouverture, M\u00f6ller&#8217;s se conserve 3 mois. Il est toujours prudent de garder les compl\u00e9ments alimentaires hors de port\u00e9e des jeunes enfants.<\/p>\n<p><em><strong>Pour les valeurs nutritionnelles et les ingr\u00e9dients des capsules d&#8217;huile de foie de morue : <a href=\"https:\/\/mollersomega3.nl\/fr\/product\/mollers-omega-3-capsules-dhuile-de-foie-de-morue-160-capsules\/\">cliquez ici<\/a>.<\/strong><\/em><\/p>\n","protected":false},"excerpt":{"rendered":"<p>Votre famille consomme-t-elle suffisamment d&#8217;om\u00e9ga-3 ? Les om\u00e9ga-3 sont importants pour un cerveau, un c\u0153ur et un syst\u00e8me immunitaire sains et contribuent \u00e0 la croissance et au d\u00e9veloppement des enfants. Avec ce pack avantage famille M\u00f6ller&#8217;s, vous \u00eates au bon endroit !<\/p>\n<p><strong>\u00c9tape 1 :<\/strong> Via le menu de s\u00e9lection ci-dessous, vous pouvez indiquer les saveurs que vous souhaitez recevoir. <strong>Choisissez 3 flacons au total<\/strong>.<\/p>\n<p><strong>\u00c9tape 2 :<\/strong> Lorsque 3 flacons sont s\u00e9lectionn\u00e9s, le bouton \u00ab Ajouter au panier \u00bb devient <strong>vert fonc\u00e9<\/strong>. Vous pouvez maintenant l&#8217;ajouter \u00e0 votre panier !<\/p>\n","protected":false},"featured_media":1007288,"comment_status":"open","ping_status":"closed","template":"","meta":{"_yoast_wpseo_focuskw":"M\u00f6ller's omega-3 pack avantage famille","_yoast_wpseo_title":"M\u00f6ller's Omega-3 Pack Avantage Famille","_yoast_wpseo_metadesc":"Prenez soin de vous et de votre famille. M\u00f6ller's est une source pure d'om\u00e9ga-3 avec de la vitamine D pour le cerveau, le c\u0153ur et la r\u00e9sistance. Profitez d\u00e8s maintenant de plus de 40 \u20ac de r\u00e9duction !","_monsterinsights_skip_tracking":false,"_monsterinsights_sitenote_active":false,"_monsterinsights_sitenote_note":"","_monsterinsights_sitenote_category":0},"product_brand":[],"product_cat":[586],"product_tag":[590],"class_list":{"0":"post-1006080","1":"product","2":"type-product","3":"status-publish","4":"has-post-thumbnail","6":"product_cat-packs","7":"product_tag-foie","9":"first","10":"instock","11":"sale","12":"taxable","13":"shipping-taxable","14":"purchasable","15":"product-type-woosb"},"wcpa_form_fields":null,"yoast_head":"<!-- This site is optimized with the Yoast SEO Premium plugin v25.1 (Yoast SEO v25.1) - https:\/\/yoast.com\/wordpress\/plugins\/seo\/ -->\n<title>M\u00f6ller&#039;s Omega-3 Pack Avantage Famille<\/title>\n<meta name=\"description\" content=\"Prenez soin de vous et de votre famille. M\u00f6ller&#039;s est une source pure d&#039;om\u00e9ga-3 avec de la vitamine D pour le cerveau, le c\u0153ur et la r\u00e9sistance. Profitez d\u00e8s maintenant de plus de 40 \u20ac de r\u00e9duction !\" \/>\n<meta name=\"robots\" content=\"index, follow, max-snippet:-1, max-image-preview:large, max-video-preview:-1\" \/>\n<link rel=\"canonical\" href=\"https:\/\/mollersomega3.nl\/product\/mollers-omega-3-familie-voordeelpakket-3x-250ml-levertraancapsules\/\" \/>\n<meta property=\"og:locale\" content=\"fr_FR\" \/>\n<meta property=\"og:type\" content=\"article\" \/>\n<meta property=\"og:title\" content=\"M\u00f6ller&#039;s Omega-3 Pack Avantage Famille 3x 250ml + Capsules d&#039;huile de foie de morue\" \/>\n<meta property=\"og:description\" content=\"Prenez soin de vous et de votre famille. M\u00f6ller&#039;s est une source pure d&#039;om\u00e9ga-3 avec de la vitamine D pour le cerveau, le c\u0153ur et la r\u00e9sistance. Profitez d\u00e8s maintenant de plus de 40 \u20ac de r\u00e9duction !\" \/>\n<meta property=\"og:url\" content=\"https:\/\/mollersomega3.nl\/product\/mollers-omega-3-familie-voordeelpakket-3x-250ml-levertraancapsules\/\" \/>\n<meta property=\"og:site_name\" content=\"M\u00f6llers Omega-3\" \/>\n<meta property=\"article:publisher\" content=\"https:\/\/www.facebook.com\/mollersomega3nl\" \/>\n<meta property=\"article:modified_time\" content=\"2025-10-14T11:07:01+00:00\" \/>\n<meta property=\"og:image\" content=\"https:\/\/mollersomega3.nl\/wp-content\/uploads\/2024\/08\/Mollers_familiepakket_1000x1000.jpg\" \/>\n\t<meta property=\"og:image:width\" content=\"1000\" \/>\n\t<meta property=\"og:image:height\" content=\"1000\" \/>\n\t<meta property=\"og:image:type\" content=\"image\/jpeg\" \/>\n<meta name=\"twitter:card\" content=\"summary_large_image\" \/>\n<meta name=\"twitter:site\" content=\"@mollersomega3nl\" \/>\n<meta name=\"twitter:label1\" content=\"Est. reading time\" \/>\n\t<meta name=\"twitter:data1\" content=\"4 minutes\" \/>\n<script type=\"application\/ld+json\" class=\"yoast-schema-graph\">{\"@context\":\"https:\/\/schema.org\",\"@graph\":[{\"@type\":\"WebPage\",\"@id\":\"https:\/\/mollersomega3.nl\/product\/mollers-omega-3-familie-voordeelpakket-3x-250ml-levertraancapsules\/\",\"url\":\"https:\/\/mollersomega3.nl\/product\/mollers-omega-3-familie-voordeelpakket-3x-250ml-levertraancapsules\/\",\"name\":\"M\u00f6ller's Omega-3 Pack Avantage Famille\",\"isPartOf\":{\"@id\":\"https:\/\/mollersomega3.nl\/#website\"},\"primaryImageOfPage\":{\"@id\":\"https:\/\/mollersomega3.nl\/product\/mollers-omega-3-familie-voordeelpakket-3x-250ml-levertraancapsules\/#primaryimage\"},\"image\":{\"@id\":\"https:\/\/mollersomega3.nl\/product\/mollers-omega-3-familie-voordeelpakket-3x-250ml-levertraancapsules\/#primaryimage\"},\"thumbnailUrl\":\"https:\/\/mollersomega3.nl\/wp-content\/uploads\/2024\/08\/Mollers_familiepakket_1000x1000.jpg\",\"datePublished\":\"2024-08-27T14:11:07+00:00\",\"dateModified\":\"2025-10-14T11:07:01+00:00\",\"description\":\"Prenez soin de vous et de votre famille. M\u00f6ller's est une source pure d'om\u00e9ga-3 avec de la vitamine D pour le cerveau, le c\u0153ur et la r\u00e9sistance. Profitez d\u00e8s maintenant de plus de 40 \u20ac de r\u00e9duction !\",\"breadcrumb\":{\"@id\":\"https:\/\/mollersomega3.nl\/product\/mollers-omega-3-familie-voordeelpakket-3x-250ml-levertraancapsules\/#breadcrumb\"},\"inLanguage\":\"fr-FR\",\"potentialAction\":[{\"@type\":\"ReadAction\",\"target\":[\"https:\/\/mollersomega3.nl\/product\/mollers-omega-3-familie-voordeelpakket-3x-250ml-levertraancapsules\/\"]}]},{\"@type\":\"ImageObject\",\"inLanguage\":\"fr-FR\",\"@id\":\"https:\/\/mollersomega3.nl\/product\/mollers-omega-3-familie-voordeelpakket-3x-250ml-levertraancapsules\/#primaryimage\",\"url\":\"https:\/\/mollersomega3.nl\/wp-content\/uploads\/2024\/08\/Mollers_familiepakket_1000x1000.jpg\",\"contentUrl\":\"https:\/\/mollersomega3.nl\/wp-content\/uploads\/2024\/08\/Mollers_familiepakket_1000x1000.jpg\",\"width\":1000,\"height\":1000},{\"@type\":\"BreadcrumbList\",\"@id\":\"https:\/\/mollersomega3.nl\/product\/mollers-omega-3-familie-voordeelpakket-3x-250ml-levertraancapsules\/#breadcrumb\",\"itemListElement\":[{\"@type\":\"ListItem\",\"position\":1,\"name\":\"Accueil\",\"item\":\"https:\/\/mollersomega3.nl\/fr\/\"},{\"@type\":\"ListItem\",\"position\":2,\"name\":\"Produits\",\"item\":\"https:\/\/mollersomega3.nl\/producten\/\"},{\"@type\":\"ListItem\",\"position\":3,\"name\":\"M\u00f6ller&#8217;s Omega-3 Pack Avantage Famille 3x 250ml + Capsules d&#8217;huile de foie de morue\"}]},{\"@type\":\"WebSite\",\"@id\":\"https:\/\/mollersomega3.nl\/#website\",\"url\":\"https:\/\/mollersomega3.nl\/\",\"name\":\"M\u00f6llers Omega-3\",\"description\":\"A Spoonful of Life since 1854\",\"publisher\":{\"@id\":\"https:\/\/mollersomega3.nl\/#organization\"},\"potentialAction\":[{\"@type\":\"SearchAction\",\"target\":{\"@type\":\"EntryPoint\",\"urlTemplate\":\"https:\/\/mollersomega3.nl\/?s={search_term_string}\"},\"query-input\":{\"@type\":\"PropertyValueSpecification\",\"valueRequired\":true,\"valueName\":\"search_term_string\"}}],\"inLanguage\":\"fr-FR\"},{\"@type\":\"Organization\",\"@id\":\"https:\/\/mollersomega3.nl\/#organization\",\"name\":\"M\u00f6llers Omega-3\",\"url\":\"https:\/\/mollersomega3.nl\/\",\"logo\":{\"@type\":\"ImageObject\",\"inLanguage\":\"fr-FR\",\"@id\":\"https:\/\/mollersomega3.nl\/#\/schema\/logo\/image\/\",\"url\":\"https:\/\/mollersomega3.nl\/wp-content\/uploads\/2020\/07\/mollers-logo-bestellingen.png\",\"contentUrl\":\"https:\/\/mollersomega3.nl\/wp-content\/uploads\/2020\/07\/mollers-logo-bestellingen.png\",\"width\":250,\"height\":86,\"caption\":\"M\u00f6llers Omega-3\"},\"image\":{\"@id\":\"https:\/\/mollersomega3.nl\/#\/schema\/logo\/image\/\"},\"sameAs\":[\"https:\/\/www.facebook.com\/MollersOmega3NL\",\"https:\/\/www.instagram.com\/mollersomega3nl\/\",\"https:\/\/nl.linkedin.com\/company\/good-life-international\",\"https:\/\/www.bol.com\/nl\/nl\/m\/mollers\/\",\"https:\/\/mollersomega3.nl\/en\/\"],\"foundingDate\":\"1854\",\"areaServed\":[\"GB\",\"IE\",\"US\",\"CA\",\"AU\",\"NZ\",\"NL\"],\"knowsAbout\":[\"omega-3\",\"cod liver oil\",\"fish oil\",\"DHA\",\"EPA\",\"vitamin D\"],\"description\":\"Norwegian premium omega-3 brand since 1854. Cod liver oil and fish oil supplements with omega-3, vitamins A, D and E.\"}]}<\/script>\n<!-- \/ Yoast SEO Premium plugin. -->","yoast_head_json":{"title":"M\u00f6ller's Omega-3 Pack Avantage Famille","description":"Prenez soin de vous et de votre famille. M\u00f6ller's est une source pure d'om\u00e9ga-3 avec de la vitamine D pour le cerveau, le c\u0153ur et la r\u00e9sistance. Profitez d\u00e8s maintenant de plus de 40 \u20ac de r\u00e9duction !","robots":{"index":"index","follow":"follow","max-snippet":"max-snippet:-1","max-image-preview":"max-image-preview:large","max-video-preview":"max-video-preview:-1"},"canonical":"https:\/\/mollersomega3.nl\/product\/mollers-omega-3-familie-voordeelpakket-3x-250ml-levertraancapsules\/","og_locale":"fr_FR","og_type":"article","og_title":"M\u00f6ller's Omega-3 Pack Avantage Famille 3x 250ml + Capsules d'huile de foie de morue","og_description":"Prenez soin de vous et de votre famille. M\u00f6ller's est une source pure d'om\u00e9ga-3 avec de la vitamine D pour le cerveau, le c\u0153ur et la r\u00e9sistance. Profitez d\u00e8s maintenant de plus de 40 \u20ac de r\u00e9duction !","og_url":"https:\/\/mollersomega3.nl\/product\/mollers-omega-3-familie-voordeelpakket-3x-250ml-levertraancapsules\/","og_site_name":"M\u00f6llers Omega-3","article_publisher":"https:\/\/www.facebook.com\/mollersomega3nl","article_modified_time":"2025-10-14T11:07:01+00:00","og_image":[{"width":1000,"height":1000,"url":"https:\/\/mollersomega3.nl\/wp-content\/uploads\/2024\/08\/Mollers_familiepakket_1000x1000.jpg","type":"image\/jpeg"}],"twitter_card":"summary_large_image","twitter_site":"@mollersomega3nl","twitter_misc":{"Est. reading time":"4 minutes"},"schema":{"@context":"https:\/\/schema.org","@graph":[{"@type":"WebPage","@id":"https:\/\/mollersomega3.nl\/product\/mollers-omega-3-familie-voordeelpakket-3x-250ml-levertraancapsules\/","url":"https:\/\/mollersomega3.nl\/product\/mollers-omega-3-familie-voordeelpakket-3x-250ml-levertraancapsules\/","name":"M\u00f6ller's Omega-3 Pack Avantage Famille","isPartOf":{"@id":"https:\/\/mollersomega3.nl\/#website"},"primaryImageOfPage":{"@id":"https:\/\/mollersomega3.nl\/product\/mollers-omega-3-familie-voordeelpakket-3x-250ml-levertraancapsules\/#primaryimage"},"image":{"@id":"https:\/\/mollersomega3.nl\/product\/mollers-omega-3-familie-voordeelpakket-3x-250ml-levertraancapsules\/#primaryimage"},"thumbnailUrl":"https:\/\/mollersomega3.nl\/wp-content\/uploads\/2024\/08\/Mollers_familiepakket_1000x1000.jpg","datePublished":"2024-08-27T14:11:07+00:00","dateModified":"2025-10-14T11:07:01+00:00","description":"Prenez soin de vous et de votre famille. M\u00f6ller's est une source pure d'om\u00e9ga-3 avec de la vitamine D pour le cerveau, le c\u0153ur et la r\u00e9sistance. Profitez d\u00e8s maintenant de plus de 40 \u20ac de r\u00e9duction !","breadcrumb":{"@id":"https:\/\/mollersomega3.nl\/product\/mollers-omega-3-familie-voordeelpakket-3x-250ml-levertraancapsules\/#breadcrumb"},"inLanguage":"fr-FR","potentialAction":[{"@type":"ReadAction","target":["https:\/\/mollersomega3.nl\/product\/mollers-omega-3-familie-voordeelpakket-3x-250ml-levertraancapsules\/"]}]},{"@type":"ImageObject","inLanguage":"fr-FR","@id":"https:\/\/mollersomega3.nl\/product\/mollers-omega-3-familie-voordeelpakket-3x-250ml-levertraancapsules\/#primaryimage","url":"https:\/\/mollersomega3.nl\/wp-content\/uploads\/2024\/08\/Mollers_familiepakket_1000x1000.jpg","contentUrl":"https:\/\/mollersomega3.nl\/wp-content\/uploads\/2024\/08\/Mollers_familiepakket_1000x1000.jpg","width":1000,"height":1000},{"@type":"BreadcrumbList","@id":"https:\/\/mollersomega3.nl\/product\/mollers-omega-3-familie-voordeelpakket-3x-250ml-levertraancapsules\/#breadcrumb","itemListElement":[{"@type":"ListItem","position":1,"name":"Accueil","item":"https:\/\/mollersomega3.nl\/fr\/"},{"@type":"ListItem","position":2,"name":"Produits","item":"https:\/\/mollersomega3.nl\/producten\/"},{"@type":"ListItem","position":3,"name":"M\u00f6ller&#8217;s Omega-3 Pack Avantage Famille 3x 250ml + Capsules d&#8217;huile de foie de morue"}]},{"@type":"WebSite","@id":"https:\/\/mollersomega3.nl\/#website","url":"https:\/\/mollersomega3.nl\/","name":"M\u00f6llers Omega-3","description":"A Spoonful of Life since 1854","publisher":{"@id":"https:\/\/mollersomega3.nl\/#organization"},"potentialAction":[{"@type":"SearchAction","target":{"@type":"EntryPoint","urlTemplate":"https:\/\/mollersomega3.nl\/?s={search_term_string}"},"query-input":{"@type":"PropertyValueSpecification","valueRequired":true,"valueName":"search_term_string"}}],"inLanguage":"fr-FR"},{"@type":"Organization","@id":"https:\/\/mollersomega3.nl\/#organization","name":"M\u00f6llers Omega-3","url":"https:\/\/mollersomega3.nl\/","logo":{"@type":"ImageObject","inLanguage":"fr-FR","@id":"https:\/\/mollersomega3.nl\/#\/schema\/logo\/image\/","url":"https:\/\/mollersomega3.nl\/wp-content\/uploads\/2020\/07\/mollers-logo-bestellingen.png","contentUrl":"https:\/\/mollersomega3.nl\/wp-content\/uploads\/2020\/07\/mollers-logo-bestellingen.png","width":250,"height":86,"caption":"M\u00f6llers Omega-3"},"image":{"@id":"https:\/\/mollersomega3.nl\/#\/schema\/logo\/image\/"},"sameAs":["https:\/\/www.facebook.com\/MollersOmega3NL","https:\/\/www.instagram.com\/mollersomega3nl\/","https:\/\/nl.linkedin.com\/company\/good-life-international","https:\/\/www.bol.com\/nl\/nl\/m\/mollers\/","https:\/\/mollersomega3.nl\/en\/"],"foundingDate":"1854","areaServed":["GB","IE","US","CA","AU","NZ","NL"],"knowsAbout":["omega-3","cod liver oil","fish oil","DHA","EPA","vitamin D"],"description":"Norwegian premium omega-3 brand since 1854. Cod liver oil and fish oil supplements with omega-3, vitamins A, D and E."}]}},"_links":{"self":[{"href":"https:\/\/mollersomega3.nl\/fr\/wp-json\/wp\/v2\/product\/1006080","targetHints":{"allow":["GET"]}}],"collection":[{"href":"https:\/\/mollersomega3.nl\/fr\/wp-json\/wp\/v2\/product"}],"about":[{"href":"https:\/\/mollersomega3.nl\/fr\/wp-json\/wp\/v2\/types\/product"}],"replies":[{"embeddable":true,"href":"https:\/\/mollersomega3.nl\/fr\/wp-json\/wp\/v2\/comments?post=1006080"}],"wp:featuredmedia":[{"embeddable":true,"href":"https:\/\/mollersomega3.nl\/fr\/wp-json\/wp\/v2\/media\/1007288"}],"wp:attachment":[{"href":"https:\/\/mollersomega3.nl\/fr\/wp-json\/wp\/v2\/media?parent=1006080"}],"wp:term":[{"taxonomy":"product_brand","embeddable":true,"href":"https:\/\/mollersomega3.nl\/fr\/wp-json\/wp\/v2\/product_brand?post=1006080"},{"taxonomy":"product_cat","embeddable":true,"href":"https:\/\/mollersomega3.nl\/fr\/wp-json\/wp\/v2\/product_cat?post=1006080"},{"taxonomy":"product_tag","embeddable":true,"href":"https:\/\/mollersomega3.nl\/fr\/wp-json\/wp\/v2\/product_tag?post=1006080"}],"curies":[{"name":"wp","href":"https:\/\/api.w.org\/{rel}","templated":true}]}}