{"id":1006082,"date":"2020-06-10T13:59:14","date_gmt":"2020-06-10T11:59:14","guid":{"rendered":"https:\/\/mollersomega3.nl\/product\/mollers-omega-3-capsules-dhuile-de-poisson\/"},"modified":"2026-04-07T10:31:32","modified_gmt":"2026-04-07T08:31:32","slug":"mollers-omega-3-capsules-dhuile-de-poisson","status":"publish","type":"product","link":"https:\/\/mollersomega3.nl\/fr\/product\/mollers-omega-3-capsules-dhuile-de-poisson\/","title":{"rendered":"M\u00f6ller&#8217;s Omega-3 Capsules d&#8217;huile de poisson"},"content":{"rendered":"<p><strong>Mangez-vous suffisamment de poisson gras ? Cette huile de poisson concentr\u00e9e avec om\u00e9ga-3 et vitamines A, D et E permet de combler les carences et de maintenir les niveaux appropri\u00e9s. Bon pour le c\u0153ur et les vaisseaux sanguins, pour un cerveau sain et un syst\u00e8me immunitaire fort.  <\/strong><\/p>\n<h2>Que sont les capsules d&#8217;huile de poisson M\u00f6ller&#8217;s Omega-3 ?<\/h2>\n<p><img decoding=\"async\" class=\"alignright wp-image-3418\" src=\"https:\/\/mollersomega3.nl\/wp-content\/uploads\/2020\/06\/FOS_mandatory_RGB.png\" alt=\"Friend of the Sea M\u00f6ller's Omega-3 Capsules d'huile de poisson\" width=\"150\" height=\"150\" srcset=\"https:\/\/mollersomega3.nl\/wp-content\/uploads\/2020\/06\/FOS_mandatory_RGB.png 392w, https:\/\/mollersomega3.nl\/wp-content\/uploads\/2020\/06\/FOS_mandatory_RGB-300x301.png 300w, https:\/\/mollersomega3.nl\/wp-content\/uploads\/2020\/06\/FOS_mandatory_RGB-100x100.png 100w\" sizes=\"(max-width: 150px) 100vw, 150px\" \/>Les capsules d&#8217;huile de poisson M\u00f6ller&#8217;s Omega-3 sont des capsules d&#8217;huile de poisson concentr\u00e9es, pratiques \u00e0 emporter ou si vous pr\u00e9f\u00e9rez prendre des capsules plut\u00f4t que de <a href=\"https:\/\/mollersomega3.nl\/product\/mollers-omega-3-citroen\/\">l&#8217;huile de poisson liquide<\/a>. Combinaison unique d&#8217;om\u00e9ga-3 naturels (530 mg de DHA et EPA pour 2 capsules) et de vitamines A, D et E. <\/p>\n<ul>\n<li>Huile de poisson pure concentr\u00e9e en capsules avec un l\u00e9ger go\u00fbt de vanille.<\/li>\n<li>Provenant de sardines et d&#8217;anchois, p\u00each\u00e9s durablement dans les eaux propres du Pacifique Sud (certifi\u00e9 Friend of the Sea).<\/li>\n<li>La production, la purification et les contr\u00f4les stricts sont effectu\u00e9s dans notre propre usine en Norv\u00e8ge, comme pour l&#8217;huile de foie de morue M\u00f6ller&#8217;s Omega-3.<\/li>\n<li>Om\u00e9ga-3 de haute qualit\u00e9 (530 mg DHA + EPA), complet avec vitamines A, D3 et E.<\/li>\n<li>Huile de poisson fra\u00eeche avec une tr\u00e8s faible valeur d&#8217;oxydation (totox &lt; 4) ; ne provoque donc pas de remont\u00e9es acides.<\/li>\n<li>Les acides gras om\u00e9ga-3 conservent leur forme naturelle de triglyc\u00e9rides, ce qui permet une meilleure absorption par l&#8217;organisme.<\/li>\n<\/ul>\n<p>M\u00f6ller&#8217;s Omega-3 est \u00e9galement disponible en <a href=\"https:\/\/mollersomega3.nl\/producten\/\">4 saveurs d&#8217;huile de foie de morue liquide<\/a> et en <a href=\"https:\/\/mollersomega3.nl\/product\/mollers-omega-3-levertraancapsules\/\">capsules d&#8217;huile de foie de morue<\/a>.<\/p>\n<p><a href=\"https:\/\/mollersomega3.nl\/wat-is-het-verschil-tussen-mollers-levertraancapsules-en-mollers-visoliecapsules\/\">Lisez ici plus d&#8217;informations sur les diff\u00e9rences entre les capsules d&#8217;huile de foie de morue et les capsules d&#8217;huile de poisson M\u00f6ller&#8217;s.<\/a><\/p>\n<h3>Contenu<\/h3>\n<p>112 capsules = 56 portions journali\u00e8res.<\/p>\n<h3>Ingr\u00e9dients<\/h3>\n<p><strong>Huile de poisson<\/strong> (triglyc\u00e9rides) provenant d&#8217;anchois et de sardines, glyc\u00e9rol, g\u00e9latine bovine (capsule), palmitate de r\u00e9tinyle (vitamine A), chol\u00e9calcif\u00e9rol (vitamine D), dl-\u03b1-tocoph\u00e9ryl ac\u00e9tate (vitamine E), ar\u00f4me vanille et tocoph\u00e9rol naturel (antioxydant).  <\/p>\n<p>Les capsules d&#8217;huile de poisson M\u00f6ller&#8217;s Omega-3 ne contiennent ni conservateurs, ni colorants ou ar\u00f4mes artificiels, ni sucres ou \u00e9dulcorants. La g\u00e9latine des capsules est certifi\u00e9e halal. <\/p>\n<table dir=\"ltr\" border=\"2\" rules=\"all\" cellspacing=\"2\" cellpadding=\"1\">\n<tbody>\n<tr align=\"left\" valign=\"top\">\n<td align=\"left\" valign=\"middle\">\n<h3>Valeurs nutritionnelles<\/h3>\n<\/td>\n<td align=\"left\" valign=\"middle\">\n<h3>Pour 2 capsules<\/h3>\n<\/td>\n<\/tr>\n<tr align=\"left\" valign=\"top\">\n<td align=\"left\" valign=\"middle\">Acides gras om\u00e9ga-3<\/td>\n<td align=\"left\" valign=\"middle\">640 mg<\/td>\n<\/tr>\n<tr align=\"left\" valign=\"top\">\n<td align=\"left\" valign=\"middle\">\u2013 EPA\/DHA<\/td>\n<td align=\"left\" valign=\"middle\">530 mg<\/td>\n<\/tr>\n<tr align=\"left\" valign=\"top\">\n<td align=\"left\" valign=\"middle\">Vitamine D<\/td>\n<td align=\"left\" valign=\"middle\">15 mcg (300%*)<\/td>\n<\/tr>\n<tr align=\"left\" valign=\"top\">\n<td align=\"left\" valign=\"middle\">Vitamine A<\/td>\n<td align=\"left\" valign=\"middle\">250 mcg (31%*)<\/td>\n<\/tr>\n<tr align=\"left\" valign=\"top\">\n<td align=\"left\" valign=\"middle\">Vitamine E<\/td>\n<td align=\"left\" valign=\"middle\">10 mg (83%*)<\/td>\n<\/tr>\n<\/tbody>\n<\/table>\n<p>* De l&#8217;apport de r\u00e9f\u00e9rence.<\/p>\n<h3>Quantit\u00e9 journali\u00e8re recommand\u00e9e<\/h3>\n<p>Prendre <strong>2 capsules<\/strong> une fois par jour avec de l&#8217;eau et avaler, de pr\u00e9f\u00e9rence pendant le repas.<br \/>\nPour les adultes et les enfants capables d&#8217;avaler des capsules enti\u00e8res. \u00c9galement recommand\u00e9 pour les femmes enceintes et allaitantes. <\/p>\n<h3>Conserver dans un endroit frais et sec<\/h3>\n<p>Conserver dans un endroit frais et sec. Il est toujours conseill\u00e9 de garder les compl\u00e9ments alimentaires hors de port\u00e9e des jeunes enfants.<\/p>\n","protected":false},"excerpt":{"rendered":"<ul>\n<li>Huile de poisson concentr\u00e9e sous forme de capsules pratiques<\/li>\n<li>530 mg d&#8217;EPA et DHA par 2 capsules<\/li>\n<li>Compl\u00e9t\u00e9 avec les vitamines A, D3 et E<\/li>\n<li>Seulement 2 capsules par jour<\/li>\n<\/ul>\n","protected":false},"featured_media":1006083,"comment_status":"open","ping_status":"closed","template":"","meta":{"_yoast_wpseo_focuskw":"capsules","_yoast_wpseo_title":"M\u00f6ller's Omega-3 Capsules d'huile de poisson avec vitamines A, D et E","_yoast_wpseo_metadesc":"Les capsules d'huile de poisson M\u00f6ller's Omega-3 sont pratiques en voyage ou si vous pr\u00e9f\u00e9rez prendre des capsules plut\u00f4t que de l'huile de poisson liquide.","_monsterinsights_skip_tracking":false,"_monsterinsights_sitenote_active":false,"_monsterinsights_sitenote_note":"","_monsterinsights_sitenote_category":0},"product_brand":[],"product_cat":[547],"product_tag":[],"class_list":{"0":"post-1006082","1":"product","2":"type-product","3":"status-publish","4":"has-post-thumbnail","6":"product_cat-gelules","8":"first","9":"outofstock","10":"taxable","11":"shipping-taxable","12":"purchasable","13":"product-type-simple"},"wcpa_form_fields":null,"yoast_head":"<!-- This site is optimized with the Yoast SEO Premium plugin v25.1 (Yoast SEO v25.1) - https:\/\/yoast.com\/wordpress\/plugins\/seo\/ -->\n<title>M\u00f6ller&#039;s Omega-3 Capsules d&#039;huile de poisson avec vitamines A, D et E<\/title>\n<meta name=\"description\" content=\"Les capsules d&#039;huile de poisson M\u00f6ller&#039;s Omega-3 sont pratiques en voyage ou si vous pr\u00e9f\u00e9rez prendre des capsules plut\u00f4t que de l&#039;huile de poisson liquide.\" \/>\n<meta name=\"robots\" content=\"index, follow, max-snippet:-1, max-image-preview:large, max-video-preview:-1\" \/>\n<link rel=\"canonical\" href=\"https:\/\/mollersomega3.nl\/product\/voedingssupplementen-visolie\/\" \/>\n<meta property=\"og:locale\" content=\"fr_FR\" \/>\n<meta property=\"og:type\" content=\"article\" \/>\n<meta property=\"og:title\" content=\"M\u00f6ller&#039;s Omega-3 Capsules d&#039;huile de poisson\" \/>\n<meta property=\"og:description\" content=\"Les capsules d&#039;huile de poisson M\u00f6ller&#039;s Omega-3 sont pratiques en voyage ou si vous pr\u00e9f\u00e9rez prendre des capsules plut\u00f4t que de l&#039;huile de poisson liquide.\" \/>\n<meta property=\"og:url\" content=\"https:\/\/mollersomega3.nl\/product\/voedingssupplementen-visolie\/\" \/>\n<meta property=\"og:site_name\" content=\"M\u00f6llers Omega-3\" \/>\n<meta property=\"article:publisher\" content=\"https:\/\/www.facebook.com\/mollersomega3nl\" \/>\n<meta property=\"article:modified_time\" content=\"2026-04-07T08:31:32+00:00\" \/>\n<meta property=\"og:image\" content=\"https:\/\/mollersomega3.nl\/wp-content\/uploads\/2020\/06\/Visoliecapsules_1594x1062.png\" \/>\n\t<meta property=\"og:image:width\" content=\"1062\" \/>\n\t<meta property=\"og:image:height\" content=\"1594\" \/>\n\t<meta property=\"og:image:type\" content=\"image\/png\" \/>\n<meta name=\"twitter:card\" content=\"summary_large_image\" \/>\n<meta name=\"twitter:site\" content=\"@mollersomega3nl\" \/>\n<meta name=\"twitter:label1\" content=\"Est. reading time\" \/>\n\t<meta name=\"twitter:data1\" content=\"2 minutes\" \/>\n<script type=\"application\/ld+json\" class=\"yoast-schema-graph\">{\"@context\":\"https:\/\/schema.org\",\"@graph\":[{\"@type\":\"WebPage\",\"@id\":\"https:\/\/mollersomega3.nl\/product\/voedingssupplementen-visolie\/\",\"url\":\"https:\/\/mollersomega3.nl\/product\/voedingssupplementen-visolie\/\",\"name\":\"M\u00f6ller's Omega-3 Capsules d'huile de poisson avec vitamines A, D et E\",\"isPartOf\":{\"@id\":\"https:\/\/mollersomega3.nl\/#website\"},\"primaryImageOfPage\":{\"@id\":\"https:\/\/mollersomega3.nl\/product\/voedingssupplementen-visolie\/#primaryimage\"},\"image\":{\"@id\":\"https:\/\/mollersomega3.nl\/product\/voedingssupplementen-visolie\/#primaryimage\"},\"thumbnailUrl\":\"https:\/\/mollersomega3.nl\/wp-content\/uploads\/2020\/06\/Visoliecapsules_1594x1062.png\",\"datePublished\":\"2020-06-10T11:59:14+00:00\",\"dateModified\":\"2026-04-07T08:31:32+00:00\",\"description\":\"Les capsules d'huile de poisson M\u00f6ller's Omega-3 sont pratiques en voyage ou si vous pr\u00e9f\u00e9rez prendre des capsules plut\u00f4t que de l'huile de poisson liquide.\",\"breadcrumb\":{\"@id\":\"https:\/\/mollersomega3.nl\/product\/voedingssupplementen-visolie\/#breadcrumb\"},\"inLanguage\":\"fr-FR\",\"potentialAction\":[{\"@type\":\"ReadAction\",\"target\":[\"https:\/\/mollersomega3.nl\/product\/voedingssupplementen-visolie\/\"]}]},{\"@type\":\"ImageObject\",\"inLanguage\":\"fr-FR\",\"@id\":\"https:\/\/mollersomega3.nl\/product\/voedingssupplementen-visolie\/#primaryimage\",\"url\":\"https:\/\/mollersomega3.nl\/wp-content\/uploads\/2020\/06\/Visoliecapsules_1594x1062.png\",\"contentUrl\":\"https:\/\/mollersomega3.nl\/wp-content\/uploads\/2020\/06\/Visoliecapsules_1594x1062.png\",\"width\":1062,\"height\":1594},{\"@type\":\"BreadcrumbList\",\"@id\":\"https:\/\/mollersomega3.nl\/product\/voedingssupplementen-visolie\/#breadcrumb\",\"itemListElement\":[{\"@type\":\"ListItem\",\"position\":1,\"name\":\"Accueil\",\"item\":\"https:\/\/mollersomega3.nl\/fr\/\"},{\"@type\":\"ListItem\",\"position\":2,\"name\":\"Produits\",\"item\":\"https:\/\/mollersomega3.nl\/producten\/\"},{\"@type\":\"ListItem\",\"position\":3,\"name\":\"M\u00f6ller&#8217;s Omega-3 Capsules d&#8217;huile de poisson\"}]},{\"@type\":\"WebSite\",\"@id\":\"https:\/\/mollersomega3.nl\/#website\",\"url\":\"https:\/\/mollersomega3.nl\/\",\"name\":\"M\u00f6llers Omega-3\",\"description\":\"A Spoonful of Life since 1854\",\"publisher\":{\"@id\":\"https:\/\/mollersomega3.nl\/#organization\"},\"potentialAction\":[{\"@type\":\"SearchAction\",\"target\":{\"@type\":\"EntryPoint\",\"urlTemplate\":\"https:\/\/mollersomega3.nl\/?s={search_term_string}\"},\"query-input\":{\"@type\":\"PropertyValueSpecification\",\"valueRequired\":true,\"valueName\":\"search_term_string\"}}],\"inLanguage\":\"fr-FR\"},{\"@type\":\"Organization\",\"@id\":\"https:\/\/mollersomega3.nl\/#organization\",\"name\":\"M\u00f6llers Omega-3\",\"url\":\"https:\/\/mollersomega3.nl\/\",\"logo\":{\"@type\":\"ImageObject\",\"inLanguage\":\"fr-FR\",\"@id\":\"https:\/\/mollersomega3.nl\/#\/schema\/logo\/image\/\",\"url\":\"https:\/\/mollersomega3.nl\/wp-content\/uploads\/2020\/07\/mollers-logo-bestellingen.png\",\"contentUrl\":\"https:\/\/mollersomega3.nl\/wp-content\/uploads\/2020\/07\/mollers-logo-bestellingen.png\",\"width\":250,\"height\":86,\"caption\":\"M\u00f6llers Omega-3\"},\"image\":{\"@id\":\"https:\/\/mollersomega3.nl\/#\/schema\/logo\/image\/\"},\"sameAs\":[\"https:\/\/www.facebook.com\/MollersOmega3NL\",\"https:\/\/www.instagram.com\/mollersomega3nl\/\",\"https:\/\/nl.linkedin.com\/company\/good-life-international\",\"https:\/\/www.bol.com\/nl\/nl\/m\/mollers\/\",\"https:\/\/mollersomega3.nl\/en\/\"],\"foundingDate\":\"1854\",\"areaServed\":[\"GB\",\"IE\",\"US\",\"CA\",\"AU\",\"NZ\",\"NL\"],\"knowsAbout\":[\"omega-3\",\"cod liver oil\",\"fish oil\",\"DHA\",\"EPA\",\"vitamin D\"],\"description\":\"Norwegian premium omega-3 brand since 1854. Cod liver oil and fish oil supplements with omega-3, vitamins A, D and E.\"}]}<\/script>\n<!-- \/ Yoast SEO Premium plugin. -->","yoast_head_json":{"title":"M\u00f6ller's Omega-3 Capsules d'huile de poisson avec vitamines A, D et E","description":"Les capsules d'huile de poisson M\u00f6ller's Omega-3 sont pratiques en voyage ou si vous pr\u00e9f\u00e9rez prendre des capsules plut\u00f4t que de l'huile de poisson liquide.","robots":{"index":"index","follow":"follow","max-snippet":"max-snippet:-1","max-image-preview":"max-image-preview:large","max-video-preview":"max-video-preview:-1"},"canonical":"https:\/\/mollersomega3.nl\/product\/voedingssupplementen-visolie\/","og_locale":"fr_FR","og_type":"article","og_title":"M\u00f6ller's Omega-3 Capsules d'huile de poisson","og_description":"Les capsules d'huile de poisson M\u00f6ller's Omega-3 sont pratiques en voyage ou si vous pr\u00e9f\u00e9rez prendre des capsules plut\u00f4t que de l'huile de poisson liquide.","og_url":"https:\/\/mollersomega3.nl\/product\/voedingssupplementen-visolie\/","og_site_name":"M\u00f6llers Omega-3","article_publisher":"https:\/\/www.facebook.com\/mollersomega3nl","article_modified_time":"2026-04-07T08:31:32+00:00","og_image":[{"width":1062,"height":1594,"url":"https:\/\/mollersomega3.nl\/wp-content\/uploads\/2020\/06\/Visoliecapsules_1594x1062.png","type":"image\/png"}],"twitter_card":"summary_large_image","twitter_site":"@mollersomega3nl","twitter_misc":{"Est. reading time":"2 minutes"},"schema":{"@context":"https:\/\/schema.org","@graph":[{"@type":"WebPage","@id":"https:\/\/mollersomega3.nl\/product\/voedingssupplementen-visolie\/","url":"https:\/\/mollersomega3.nl\/product\/voedingssupplementen-visolie\/","name":"M\u00f6ller's Omega-3 Capsules d'huile de poisson avec vitamines A, D et E","isPartOf":{"@id":"https:\/\/mollersomega3.nl\/#website"},"primaryImageOfPage":{"@id":"https:\/\/mollersomega3.nl\/product\/voedingssupplementen-visolie\/#primaryimage"},"image":{"@id":"https:\/\/mollersomega3.nl\/product\/voedingssupplementen-visolie\/#primaryimage"},"thumbnailUrl":"https:\/\/mollersomega3.nl\/wp-content\/uploads\/2020\/06\/Visoliecapsules_1594x1062.png","datePublished":"2020-06-10T11:59:14+00:00","dateModified":"2026-04-07T08:31:32+00:00","description":"Les capsules d'huile de poisson M\u00f6ller's Omega-3 sont pratiques en voyage ou si vous pr\u00e9f\u00e9rez prendre des capsules plut\u00f4t que de l'huile de poisson liquide.","breadcrumb":{"@id":"https:\/\/mollersomega3.nl\/product\/voedingssupplementen-visolie\/#breadcrumb"},"inLanguage":"fr-FR","potentialAction":[{"@type":"ReadAction","target":["https:\/\/mollersomega3.nl\/product\/voedingssupplementen-visolie\/"]}]},{"@type":"ImageObject","inLanguage":"fr-FR","@id":"https:\/\/mollersomega3.nl\/product\/voedingssupplementen-visolie\/#primaryimage","url":"https:\/\/mollersomega3.nl\/wp-content\/uploads\/2020\/06\/Visoliecapsules_1594x1062.png","contentUrl":"https:\/\/mollersomega3.nl\/wp-content\/uploads\/2020\/06\/Visoliecapsules_1594x1062.png","width":1062,"height":1594},{"@type":"BreadcrumbList","@id":"https:\/\/mollersomega3.nl\/product\/voedingssupplementen-visolie\/#breadcrumb","itemListElement":[{"@type":"ListItem","position":1,"name":"Accueil","item":"https:\/\/mollersomega3.nl\/fr\/"},{"@type":"ListItem","position":2,"name":"Produits","item":"https:\/\/mollersomega3.nl\/producten\/"},{"@type":"ListItem","position":3,"name":"M\u00f6ller&#8217;s Omega-3 Capsules d&#8217;huile de poisson"}]},{"@type":"WebSite","@id":"https:\/\/mollersomega3.nl\/#website","url":"https:\/\/mollersomega3.nl\/","name":"M\u00f6llers Omega-3","description":"A Spoonful of Life since 1854","publisher":{"@id":"https:\/\/mollersomega3.nl\/#organization"},"potentialAction":[{"@type":"SearchAction","target":{"@type":"EntryPoint","urlTemplate":"https:\/\/mollersomega3.nl\/?s={search_term_string}"},"query-input":{"@type":"PropertyValueSpecification","valueRequired":true,"valueName":"search_term_string"}}],"inLanguage":"fr-FR"},{"@type":"Organization","@id":"https:\/\/mollersomega3.nl\/#organization","name":"M\u00f6llers Omega-3","url":"https:\/\/mollersomega3.nl\/","logo":{"@type":"ImageObject","inLanguage":"fr-FR","@id":"https:\/\/mollersomega3.nl\/#\/schema\/logo\/image\/","url":"https:\/\/mollersomega3.nl\/wp-content\/uploads\/2020\/07\/mollers-logo-bestellingen.png","contentUrl":"https:\/\/mollersomega3.nl\/wp-content\/uploads\/2020\/07\/mollers-logo-bestellingen.png","width":250,"height":86,"caption":"M\u00f6llers Omega-3"},"image":{"@id":"https:\/\/mollersomega3.nl\/#\/schema\/logo\/image\/"},"sameAs":["https:\/\/www.facebook.com\/MollersOmega3NL","https:\/\/www.instagram.com\/mollersomega3nl\/","https:\/\/nl.linkedin.com\/company\/good-life-international","https:\/\/www.bol.com\/nl\/nl\/m\/mollers\/","https:\/\/mollersomega3.nl\/en\/"],"foundingDate":"1854","areaServed":["GB","IE","US","CA","AU","NZ","NL"],"knowsAbout":["omega-3","cod liver oil","fish oil","DHA","EPA","vitamin D"],"description":"Norwegian premium omega-3 brand since 1854. Cod liver oil and fish oil supplements with omega-3, vitamins A, D and E."}]}},"_links":{"self":[{"href":"https:\/\/mollersomega3.nl\/fr\/wp-json\/wp\/v2\/product\/1006082","targetHints":{"allow":["GET"]}}],"collection":[{"href":"https:\/\/mollersomega3.nl\/fr\/wp-json\/wp\/v2\/product"}],"about":[{"href":"https:\/\/mollersomega3.nl\/fr\/wp-json\/wp\/v2\/types\/product"}],"replies":[{"embeddable":true,"href":"https:\/\/mollersomega3.nl\/fr\/wp-json\/wp\/v2\/comments?post=1006082"}],"wp:featuredmedia":[{"embeddable":true,"href":"https:\/\/mollersomega3.nl\/fr\/wp-json\/wp\/v2\/media\/1006083"}],"wp:attachment":[{"href":"https:\/\/mollersomega3.nl\/fr\/wp-json\/wp\/v2\/media?parent=1006082"}],"wp:term":[{"taxonomy":"product_brand","embeddable":true,"href":"https:\/\/mollersomega3.nl\/fr\/wp-json\/wp\/v2\/product_brand?post=1006082"},{"taxonomy":"product_cat","embeddable":true,"href":"https:\/\/mollersomega3.nl\/fr\/wp-json\/wp\/v2\/product_cat?post=1006082"},{"taxonomy":"product_tag","embeddable":true,"href":"https:\/\/mollersomega3.nl\/fr\/wp-json\/wp\/v2\/product_tag?post=1006082"}],"curies":[{"name":"wp","href":"https:\/\/api.w.org\/{rel}","templated":true}]}}