{"id":1006094,"date":"2020-11-02T16:55:26","date_gmt":"2020-11-02T15:55:26","guid":{"rendered":"https:\/\/mollersomega3.nl\/product\/pack-booster-immunitaire-mollers-2x-250ml\/"},"modified":"2020-11-02T16:55:26","modified_gmt":"2020-11-02T15:55:26","slug":"pack-booster-immunitaire-mollers-2x-250ml","status":"publish","type":"product","link":"https:\/\/mollersomega3.nl\/fr\/product\/pack-booster-immunitaire-mollers-2x-250ml\/","title":{"rendered":"Pack Booster Immunitaire M\u00f6ller&#8217;s 2x 250ml"},"content":{"rendered":"<p><strong>Les om\u00e9ga-3 et la vitamine D donnent un v\u00e9ritable coup de pouce \u00e0 votre immunit\u00e9 ! Une cuill\u00e8re d&#8217;Om\u00e9ga-3 M\u00f6ller&#8217;s par jour vous aide \u00e0 rester en bonne sant\u00e9 et contribue \u00e0 un syst\u00e8me immunitaire sain. <\/strong><\/p>\n<p>Donnez un coup de pouce \u00e0 votre immunit\u00e9 !<\/p>\n<h3>Contenu du pack Booster Immunitaire<\/h3>\n<ul>\n<li>2 flacons d&#8217;Om\u00e9ga-3 M\u00f6ller&#8217;s (250 ml) dans les parfums de votre choix : Naturel, Citron, Pomme, Tutti Frutti<\/li>\n<\/ul>\n<h2>Qu&#8217;est-ce que l&#8217;Om\u00e9ga-3 M\u00f6ller&#8217;s ?<\/h2>\n<p><img decoding=\"async\" class=\"wp-image-811 alignright\" style=\"margin: 0.5em 0px 0.5em 1em; height: 39px; text-align: left; color: #333333; text-transform: none; text-indent: 0px; letter-spacing: normal; font-size: 16px; font-style: normal; font-variant: normal; font-weight: 400; text-decoration: none; max-width: 100%; float: right;\" src=\"https:\/\/mollersomega3.nl\/wp-content\/uploads\/2020\/06\/noorse-vlag.png\" alt=\"\" width=\"54\" height=\"59\">L&#8217;Om\u00e9ga-3 M\u00f6ller&#8217;s est une huile de poisson norv\u00e9gienne pure. Une combinaison unique d&#8217;om\u00e9ga-3 naturels (900 mg de DHA et EPA par cuill\u00e8re \u00e0 dessert) et de vitamines A, D et E. <\/p>\n<ul>\n<li>Huile de foie de morue pure avec un go\u00fbt de poisson naturellement doux (Naturel), un go\u00fbt de citron frais (Citron), un go\u00fbt de pomme doux (Pomme) ou un d\u00e9licieux go\u00fbt de fruits (Tutti Frutti) ; tous les parfums sont r\u00e9compens\u00e9s par le <a href=\"https:\/\/mollersomega3.nl\/fr\/lhuile-de-foie-de-morue-au-meilleur-gout\/\">Superior Taste Award<\/a> pour un go\u00fbt exceptionnellement bon.<\/li>\n<li>100% de cabillaud arctique sauvage, p\u00each\u00e9 durablement pr\u00e8s des \u00eeles Lofoten en Norv\u00e8ge.<\/li>\n<li>Om\u00e9ga-3 de haute qualit\u00e9 sous sa forme la plus pure, compl\u00e9t\u00e9 par les vitamines A, D3 et E.<\/li>\n<li>Huile de poisson fra\u00eeche avec une tr\u00e8s faible valeur d&#8217;oxydation (totox &lt; 5) ; ne provoque donc pas de remont\u00e9es acides.<\/li>\n<li>Les acides gras om\u00e9ga-3 conservent leur forme naturelle de triglyc\u00e9rides, ce qui les rend mieux absorb\u00e9s par le corps que les esters \u00e9thyliques.<\/li>\n<li>Liquide, donc facile \u00e0 prendre ; seulement une cuill\u00e8re \u00e0 dessert par jour.<\/li>\n<\/ul>\n<p>L&#8217;huile de M\u00f6ller \u00ab s est de tr\u00e8s haute qualit\u00e9, notamment gr\u00e2ce \u00e0 un <a href=\"https:\/\/mollersomega3.nl\/fr\/qualite-et-purete-de-norvege\/\">processus de production<\/a> tr\u00e8s unique et soign\u00e9. M\u00f6ller \u00bb s Omega-3 est disponible en <a href=\"https:\/\/mollersomega3.nl\/producten\/\">4 saveurs<\/a> et en <a href=\"https:\/\/mollersomega3.nl\/producten\/\">g\u00e9lules<\/a>. <\/p>\n<h3>Contenu 1 flacon<\/h3>\n<p>250 ml = 50 portions quotidiennes.<\/p>\n<h3>Ingr\u00e9dients<\/h3>\n<p>Huile de foie de morue provenant de cabillaud arctique p\u00each\u00e9 de mani\u00e8re durable (<strong>poisson<\/strong>), dl-\u03b1-tocoph\u00e9rylac\u00e9tate (vitamine E) et tocoph\u00e9rol naturel (antioxydant).<\/p>\n<p>L&#8217;Om\u00e9ga-3 Citron M\u00f6ller&#8217;s contient un ar\u00f4me naturel de citron. L&#8217;Om\u00e9ga-3 Pomme M\u00f6ller&#8217;s contient un ar\u00f4me naturel de pomme. L&#8217;Om\u00e9ga-3 Tutti Frutti M\u00f6ller&#8217;s contient un ar\u00f4me naturel de fruits.  <\/p>\n<p>M\u00f6ller&#8217;s Omega-3 ne contient pas de conservateurs, pas de colorants ni d&#8217;ar\u00f4mes artificiels, et pas de sucres ni d&#8217;\u00e9dulcorants.<\/p>\n<table dir=\"ltr\" border=\"2\" rules=\"all\" cellspacing=\"2\" cellpadding=\"1\">\n<tbody>\n<tr align=\"left\" valign=\"top\">\n<td align=\"left\" valign=\"middle\">\n<h3>Valeurs nutritionnelles<\/h3>\n<\/td>\n<td align=\"left\" valign=\"middle\">\n<h3>Pour 5 ml<\/h3>\n<\/td>\n<\/tr>\n<tr align=\"left\" valign=\"top\">\n<td align=\"left\" valign=\"middle\">Acides gras om\u00e9ga-3<\/td>\n<td align=\"left\" valign=\"middle\">1,1 g<\/td>\n<\/tr>\n<tr align=\"left\" valign=\"top\">\n<td align=\"left\" valign=\"middle\">\u2013 DHA<\/td>\n<td align=\"left\" valign=\"middle\">0,5 g<\/td>\n<\/tr>\n<tr align=\"left\" valign=\"top\">\n<td align=\"left\" valign=\"middle\">\u2013 EPA<\/td>\n<td align=\"left\" valign=\"middle\">0,4 g<\/td>\n<\/tr>\n<tr align=\"left\" valign=\"top\">\n<td align=\"left\" valign=\"middle\">Vitamine D<\/td>\n<td align=\"left\" valign=\"middle\">10 mcg (200 %*)<\/td>\n<\/tr>\n<tr align=\"left\" valign=\"top\">\n<td align=\"left\" valign=\"middle\">Vitamine A<\/td>\n<td align=\"left\" valign=\"middle\">250 mcg (31 %*)<\/td>\n<\/tr>\n<tr align=\"left\" valign=\"top\">\n<td align=\"left\" valign=\"middle\">Vitamine E<\/td>\n<td align=\"left\" valign=\"middle\">3 mg (25 %*)<\/td>\n<\/tr>\n<\/tbody>\n<\/table>\n<p>* De l&#8217;apport de r\u00e9f\u00e9rence.<\/p>\n<h3>Quantit\u00e9 journali\u00e8re recommand\u00e9e<\/h3>\n<h4>Quantit\u00e9 recommand\u00e9e pour les adultes et les enfants \u00e0 partir de 3 ans<\/h4>\n<p>Quantit\u00e9 quotidienne recommand\u00e9e pour les enfants \u00e0 partir de 3 ans et les adultes : <strong>5 ml<\/strong> (= 1 cuill\u00e8re \u00e0 dessert).<br \/>\n\u00c9galement recommand\u00e9 pour les femmes enceintes et allaitantes.<\/p>\n<p>Il est pr\u00e9f\u00e9rable de prendre l&#8217;huile avec un repas, pour une absorption optimale des nutriments.<\/p>\n<h4>Quantit\u00e9 recommand\u00e9e pour les enfants \u00e0 partir de 6 mois<\/h4>\n<p>Quantit\u00e9 quotidienne recommand\u00e9e pour les enfants \u00e0 partir de 6 mois : <strong>2,5 ml<\/strong> (= 1\/2 cuill\u00e8re \u00e0 dessert).<br \/>\nIl est conseill\u00e9 de commencer par une demi-cuill\u00e8re \u00e0 dessert par jour. Une fois que l&#8217;enfant est habitu\u00e9 \u00e0 l&#8217;huile, cette quantit\u00e9 peut \u00eatre augment\u00e9e \u00e0 1 cuill\u00e8re \u00e0 dessert par jour. <\/p>\n<p>Les enfants \u00e0 partir de 6 mois b\u00e9n\u00e9ficient \u00e9galement de l&#8217;huile de foie de morue. Les acides gras om\u00e9ga-3 sont n\u00e9cessaires pour la croissance et le d\u00e9veloppement normaux des enfants. L&#8217;om\u00e9ga-3 (DHA) est un \u00e9l\u00e9ment essentiel pour le cerveau et soutient \u00e9galement le d\u00e9veloppement de la vision. La vitamine D est essentielle pour un bon d\u00e9veloppement des os et des dents (voir \u00ab Pour qui \u00bb). Le Conseil de la Sant\u00e9 recommande de donner un suppl\u00e9ment de vitamine D aux enfants jusqu&#8217;\u00e0 4 ans.    <\/p>\n<h3>Conserver au r\u00e9frig\u00e9rateur<\/h3>\n<p>Nous recommandons de conserver la bouteille <span style=\"text-decoration: underline;\">non ouverte<\/span> \u00e0 temp\u00e9rature ambiante.<br \/>\nPour un go\u00fbt optimal et frais, conservez la bouteille <span style=\"text-decoration: underline;\">ouverte<\/span> au r\u00e9frig\u00e9rateur. Apr\u00e8s ouverture, M\u00f6ller&#8217;s se conserve 3 mois. Il est toujours prudent de garder les compl\u00e9ments alimentaires hors de port\u00e9e des jeunes enfants.<\/p>\n","protected":false},"excerpt":{"rendered":"<ul>\n<li>Pack avantageux avec 2 flacons dans le parfum de votre choix<\/li>\n<li>15 % de r\u00e9duction<\/li>\n<li>Donnez un coup de pouce \u00e0 votre immunit\u00e9<\/li>\n<\/ul>\n<p>Les om\u00e9ga-3 et la vitamine D donnent un v\u00e9ritable coup de pouce \u00e0 votre immunit\u00e9 ! L&#8217;Om\u00e9ga-3 M\u00f6ller&#8217;s est une huile de poisson norv\u00e9gienne pure avec des om\u00e9ga-3 naturels et des vitamines A et D. Facile \u00e0 prendre \u00e0 la cuill\u00e8re. Sentez-vous bien avec M\u00f6ller&#8217;s !  <\/p>\n<p><strong>\u00c9tape 1 : <\/strong>Via le menu de s\u00e9lection ci-dessous, vous pouvez indiquer quels parfums vous souhaitez recevoir. <strong>Choisissez 2 flacons au total<\/strong>.<\/p>\n<p><strong>\u00c9tape 2 : <\/strong>Lorsque 2 flacons sont s\u00e9lectionn\u00e9s, le bouton \u00ab Ajouter au panier \u00bb prendra une couleur <strong>vert fonc\u00e9<\/strong>. Vous pouvez maintenant l&#8217;ajouter \u00e0 votre panier ! <\/p>\n","protected":false},"featured_media":1006917,"comment_status":"open","ping_status":"closed","template":"","meta":{"_yoast_wpseo_focuskw":"boost immunitaire","_yoast_wpseo_title":"","_yoast_wpseo_metadesc":"Les om\u00e9ga-3 et la vitamine D donnent un v\u00e9ritable coup de pouce \u00e0 votre immunit\u00e9 ! L'Om\u00e9ga-3 M\u00f6ller's est une huile de poisson norv\u00e9gienne pure avec des om\u00e9ga-3 naturels et des vitamines A et D.","_monsterinsights_skip_tracking":false,"_monsterinsights_sitenote_active":false,"_monsterinsights_sitenote_note":"","_monsterinsights_sitenote_category":0},"product_brand":[],"product_cat":[586],"product_tag":[],"class_list":{"0":"post-1006094","1":"product","2":"type-product","3":"status-publish","4":"has-post-thumbnail","6":"product_cat-packs","8":"first","9":"instock","10":"taxable","11":"shipping-taxable","12":"purchasable","13":"product-type-woosb"},"wcpa_form_fields":null,"yoast_head":"<!-- This site is optimized with the Yoast SEO Premium plugin v25.1 (Yoast SEO v25.1) - https:\/\/yoast.com\/wordpress\/plugins\/seo\/ -->\n<title>Pack Booster Immunitaire M\u00f6ller&#039;s 2x 250ml - M\u00f6llers Omega-3<\/title>\n<meta name=\"description\" content=\"Les om\u00e9ga-3 et la vitamine D donnent un v\u00e9ritable coup de pouce \u00e0 votre immunit\u00e9 ! L&#039;Om\u00e9ga-3 M\u00f6ller&#039;s est une huile de poisson norv\u00e9gienne pure avec des om\u00e9ga-3 naturels et des vitamines A et D.\" \/>\n<meta name=\"robots\" content=\"index, follow, max-snippet:-1, max-image-preview:large, max-video-preview:-1\" \/>\n<link rel=\"canonical\" href=\"https:\/\/mollersomega3.nl\/product\/mollers-weerstandbooster-pakket-2x-250ml\/\" \/>\n<meta property=\"og:locale\" content=\"fr_FR\" \/>\n<meta property=\"og:type\" content=\"article\" \/>\n<meta property=\"og:title\" content=\"Pack Booster Immunitaire M\u00f6ller&#039;s 2x 250ml\" \/>\n<meta property=\"og:description\" content=\"Les om\u00e9ga-3 et la vitamine D donnent un v\u00e9ritable coup de pouce \u00e0 votre immunit\u00e9 ! L&#039;Om\u00e9ga-3 M\u00f6ller&#039;s est une huile de poisson norv\u00e9gienne pure avec des om\u00e9ga-3 naturels et des vitamines A et D.\" \/>\n<meta property=\"og:url\" content=\"https:\/\/mollersomega3.nl\/product\/mollers-weerstandbooster-pakket-2x-250ml\/\" \/>\n<meta property=\"og:site_name\" content=\"M\u00f6llers Omega-3\" \/>\n<meta property=\"article:publisher\" content=\"https:\/\/www.facebook.com\/mollersomega3nl\" \/>\n<meta property=\"og:image\" content=\"https:\/\/mollersomega3.nl\/wp-content\/uploads\/2020\/11\/Mollers-weerstandbooster_2x_citroen_RGB_600x600.png\" \/>\n\t<meta property=\"og:image:width\" content=\"600\" \/>\n\t<meta property=\"og:image:height\" content=\"600\" \/>\n\t<meta property=\"og:image:type\" content=\"image\/png\" \/>\n<meta name=\"twitter:card\" content=\"summary_large_image\" \/>\n<meta name=\"twitter:site\" content=\"@mollersomega3nl\" \/>\n<meta name=\"twitter:label1\" content=\"Est. reading time\" \/>\n\t<meta name=\"twitter:data1\" content=\"3 minutes\" \/>\n<script type=\"application\/ld+json\" class=\"yoast-schema-graph\">{\"@context\":\"https:\/\/schema.org\",\"@graph\":[{\"@type\":\"WebPage\",\"@id\":\"https:\/\/mollersomega3.nl\/product\/mollers-weerstandbooster-pakket-2x-250ml\/\",\"url\":\"https:\/\/mollersomega3.nl\/product\/mollers-weerstandbooster-pakket-2x-250ml\/\",\"name\":\"Pack Booster Immunitaire M\u00f6ller's 2x 250ml - M\u00f6llers Omega-3\",\"isPartOf\":{\"@id\":\"https:\/\/mollersomega3.nl\/#website\"},\"primaryImageOfPage\":{\"@id\":\"https:\/\/mollersomega3.nl\/product\/mollers-weerstandbooster-pakket-2x-250ml\/#primaryimage\"},\"image\":{\"@id\":\"https:\/\/mollersomega3.nl\/product\/mollers-weerstandbooster-pakket-2x-250ml\/#primaryimage\"},\"thumbnailUrl\":\"https:\/\/mollersomega3.nl\/wp-content\/uploads\/2020\/11\/Mollers-weerstandbooster_2x_citroen_RGB_600x600.png\",\"datePublished\":\"2020-11-02T15:55:26+00:00\",\"description\":\"Les om\u00e9ga-3 et la vitamine D donnent un v\u00e9ritable coup de pouce \u00e0 votre immunit\u00e9 ! L'Om\u00e9ga-3 M\u00f6ller's est une huile de poisson norv\u00e9gienne pure avec des om\u00e9ga-3 naturels et des vitamines A et D.\",\"breadcrumb\":{\"@id\":\"https:\/\/mollersomega3.nl\/product\/mollers-weerstandbooster-pakket-2x-250ml\/#breadcrumb\"},\"inLanguage\":\"fr-FR\",\"potentialAction\":[{\"@type\":\"ReadAction\",\"target\":[\"https:\/\/mollersomega3.nl\/product\/mollers-weerstandbooster-pakket-2x-250ml\/\"]}]},{\"@type\":\"ImageObject\",\"inLanguage\":\"fr-FR\",\"@id\":\"https:\/\/mollersomega3.nl\/product\/mollers-weerstandbooster-pakket-2x-250ml\/#primaryimage\",\"url\":\"https:\/\/mollersomega3.nl\/wp-content\/uploads\/2020\/11\/Mollers-weerstandbooster_2x_citroen_RGB_600x600.png\",\"contentUrl\":\"https:\/\/mollersomega3.nl\/wp-content\/uploads\/2020\/11\/Mollers-weerstandbooster_2x_citroen_RGB_600x600.png\",\"width\":600,\"height\":600},{\"@type\":\"BreadcrumbList\",\"@id\":\"https:\/\/mollersomega3.nl\/product\/mollers-weerstandbooster-pakket-2x-250ml\/#breadcrumb\",\"itemListElement\":[{\"@type\":\"ListItem\",\"position\":1,\"name\":\"Accueil\",\"item\":\"https:\/\/mollersomega3.nl\/fr\/\"},{\"@type\":\"ListItem\",\"position\":2,\"name\":\"Produits\",\"item\":\"https:\/\/mollersomega3.nl\/producten\/\"},{\"@type\":\"ListItem\",\"position\":3,\"name\":\"Pack Booster Immunitaire M\u00f6ller&#8217;s 2x 250ml\"}]},{\"@type\":\"WebSite\",\"@id\":\"https:\/\/mollersomega3.nl\/#website\",\"url\":\"https:\/\/mollersomega3.nl\/\",\"name\":\"M\u00f6llers Omega-3\",\"description\":\"A Spoonful of Life since 1854\",\"publisher\":{\"@id\":\"https:\/\/mollersomega3.nl\/#organization\"},\"potentialAction\":[{\"@type\":\"SearchAction\",\"target\":{\"@type\":\"EntryPoint\",\"urlTemplate\":\"https:\/\/mollersomega3.nl\/?s={search_term_string}\"},\"query-input\":{\"@type\":\"PropertyValueSpecification\",\"valueRequired\":true,\"valueName\":\"search_term_string\"}}],\"inLanguage\":\"fr-FR\"},{\"@type\":\"Organization\",\"@id\":\"https:\/\/mollersomega3.nl\/#organization\",\"name\":\"M\u00f6llers Omega-3\",\"url\":\"https:\/\/mollersomega3.nl\/\",\"logo\":{\"@type\":\"ImageObject\",\"inLanguage\":\"fr-FR\",\"@id\":\"https:\/\/mollersomega3.nl\/#\/schema\/logo\/image\/\",\"url\":\"https:\/\/mollersomega3.nl\/wp-content\/uploads\/2020\/07\/mollers-logo-bestellingen.png\",\"contentUrl\":\"https:\/\/mollersomega3.nl\/wp-content\/uploads\/2020\/07\/mollers-logo-bestellingen.png\",\"width\":250,\"height\":86,\"caption\":\"M\u00f6llers Omega-3\"},\"image\":{\"@id\":\"https:\/\/mollersomega3.nl\/#\/schema\/logo\/image\/\"},\"sameAs\":[\"https:\/\/www.facebook.com\/MollersOmega3NL\",\"https:\/\/www.instagram.com\/mollersomega3nl\/\",\"https:\/\/nl.linkedin.com\/company\/good-life-international\",\"https:\/\/www.bol.com\/nl\/nl\/m\/mollers\/\",\"https:\/\/mollersomega3.nl\/en\/\"],\"foundingDate\":\"1854\",\"areaServed\":[\"GB\",\"IE\",\"US\",\"CA\",\"AU\",\"NZ\",\"NL\"],\"knowsAbout\":[\"omega-3\",\"cod liver oil\",\"fish oil\",\"DHA\",\"EPA\",\"vitamin D\"],\"description\":\"Norwegian premium omega-3 brand since 1854. Cod liver oil and fish oil supplements with omega-3, vitamins A, D and E.\"}]}<\/script>\n<!-- \/ Yoast SEO Premium plugin. -->","yoast_head_json":{"title":"Pack Booster Immunitaire M\u00f6ller's 2x 250ml - M\u00f6llers Omega-3","description":"Les om\u00e9ga-3 et la vitamine D donnent un v\u00e9ritable coup de pouce \u00e0 votre immunit\u00e9 ! L'Om\u00e9ga-3 M\u00f6ller's est une huile de poisson norv\u00e9gienne pure avec des om\u00e9ga-3 naturels et des vitamines A et D.","robots":{"index":"index","follow":"follow","max-snippet":"max-snippet:-1","max-image-preview":"max-image-preview:large","max-video-preview":"max-video-preview:-1"},"canonical":"https:\/\/mollersomega3.nl\/product\/mollers-weerstandbooster-pakket-2x-250ml\/","og_locale":"fr_FR","og_type":"article","og_title":"Pack Booster Immunitaire M\u00f6ller's 2x 250ml","og_description":"Les om\u00e9ga-3 et la vitamine D donnent un v\u00e9ritable coup de pouce \u00e0 votre immunit\u00e9 ! L'Om\u00e9ga-3 M\u00f6ller's est une huile de poisson norv\u00e9gienne pure avec des om\u00e9ga-3 naturels et des vitamines A et D.","og_url":"https:\/\/mollersomega3.nl\/product\/mollers-weerstandbooster-pakket-2x-250ml\/","og_site_name":"M\u00f6llers Omega-3","article_publisher":"https:\/\/www.facebook.com\/mollersomega3nl","og_image":[{"width":600,"height":600,"url":"https:\/\/mollersomega3.nl\/wp-content\/uploads\/2020\/11\/Mollers-weerstandbooster_2x_citroen_RGB_600x600.png","type":"image\/png"}],"twitter_card":"summary_large_image","twitter_site":"@mollersomega3nl","twitter_misc":{"Est. reading time":"3 minutes"},"schema":{"@context":"https:\/\/schema.org","@graph":[{"@type":"WebPage","@id":"https:\/\/mollersomega3.nl\/product\/mollers-weerstandbooster-pakket-2x-250ml\/","url":"https:\/\/mollersomega3.nl\/product\/mollers-weerstandbooster-pakket-2x-250ml\/","name":"Pack Booster Immunitaire M\u00f6ller's 2x 250ml - M\u00f6llers Omega-3","isPartOf":{"@id":"https:\/\/mollersomega3.nl\/#website"},"primaryImageOfPage":{"@id":"https:\/\/mollersomega3.nl\/product\/mollers-weerstandbooster-pakket-2x-250ml\/#primaryimage"},"image":{"@id":"https:\/\/mollersomega3.nl\/product\/mollers-weerstandbooster-pakket-2x-250ml\/#primaryimage"},"thumbnailUrl":"https:\/\/mollersomega3.nl\/wp-content\/uploads\/2020\/11\/Mollers-weerstandbooster_2x_citroen_RGB_600x600.png","datePublished":"2020-11-02T15:55:26+00:00","description":"Les om\u00e9ga-3 et la vitamine D donnent un v\u00e9ritable coup de pouce \u00e0 votre immunit\u00e9 ! L'Om\u00e9ga-3 M\u00f6ller's est une huile de poisson norv\u00e9gienne pure avec des om\u00e9ga-3 naturels et des vitamines A et D.","breadcrumb":{"@id":"https:\/\/mollersomega3.nl\/product\/mollers-weerstandbooster-pakket-2x-250ml\/#breadcrumb"},"inLanguage":"fr-FR","potentialAction":[{"@type":"ReadAction","target":["https:\/\/mollersomega3.nl\/product\/mollers-weerstandbooster-pakket-2x-250ml\/"]}]},{"@type":"ImageObject","inLanguage":"fr-FR","@id":"https:\/\/mollersomega3.nl\/product\/mollers-weerstandbooster-pakket-2x-250ml\/#primaryimage","url":"https:\/\/mollersomega3.nl\/wp-content\/uploads\/2020\/11\/Mollers-weerstandbooster_2x_citroen_RGB_600x600.png","contentUrl":"https:\/\/mollersomega3.nl\/wp-content\/uploads\/2020\/11\/Mollers-weerstandbooster_2x_citroen_RGB_600x600.png","width":600,"height":600},{"@type":"BreadcrumbList","@id":"https:\/\/mollersomega3.nl\/product\/mollers-weerstandbooster-pakket-2x-250ml\/#breadcrumb","itemListElement":[{"@type":"ListItem","position":1,"name":"Accueil","item":"https:\/\/mollersomega3.nl\/fr\/"},{"@type":"ListItem","position":2,"name":"Produits","item":"https:\/\/mollersomega3.nl\/producten\/"},{"@type":"ListItem","position":3,"name":"Pack Booster Immunitaire M\u00f6ller&#8217;s 2x 250ml"}]},{"@type":"WebSite","@id":"https:\/\/mollersomega3.nl\/#website","url":"https:\/\/mollersomega3.nl\/","name":"M\u00f6llers Omega-3","description":"A Spoonful of Life since 1854","publisher":{"@id":"https:\/\/mollersomega3.nl\/#organization"},"potentialAction":[{"@type":"SearchAction","target":{"@type":"EntryPoint","urlTemplate":"https:\/\/mollersomega3.nl\/?s={search_term_string}"},"query-input":{"@type":"PropertyValueSpecification","valueRequired":true,"valueName":"search_term_string"}}],"inLanguage":"fr-FR"},{"@type":"Organization","@id":"https:\/\/mollersomega3.nl\/#organization","name":"M\u00f6llers Omega-3","url":"https:\/\/mollersomega3.nl\/","logo":{"@type":"ImageObject","inLanguage":"fr-FR","@id":"https:\/\/mollersomega3.nl\/#\/schema\/logo\/image\/","url":"https:\/\/mollersomega3.nl\/wp-content\/uploads\/2020\/07\/mollers-logo-bestellingen.png","contentUrl":"https:\/\/mollersomega3.nl\/wp-content\/uploads\/2020\/07\/mollers-logo-bestellingen.png","width":250,"height":86,"caption":"M\u00f6llers Omega-3"},"image":{"@id":"https:\/\/mollersomega3.nl\/#\/schema\/logo\/image\/"},"sameAs":["https:\/\/www.facebook.com\/MollersOmega3NL","https:\/\/www.instagram.com\/mollersomega3nl\/","https:\/\/nl.linkedin.com\/company\/good-life-international","https:\/\/www.bol.com\/nl\/nl\/m\/mollers\/","https:\/\/mollersomega3.nl\/en\/"],"foundingDate":"1854","areaServed":["GB","IE","US","CA","AU","NZ","NL"],"knowsAbout":["omega-3","cod liver oil","fish oil","DHA","EPA","vitamin D"],"description":"Norwegian premium omega-3 brand since 1854. Cod liver oil and fish oil supplements with omega-3, vitamins A, D and E."}]}},"_links":{"self":[{"href":"https:\/\/mollersomega3.nl\/fr\/wp-json\/wp\/v2\/product\/1006094","targetHints":{"allow":["GET"]}}],"collection":[{"href":"https:\/\/mollersomega3.nl\/fr\/wp-json\/wp\/v2\/product"}],"about":[{"href":"https:\/\/mollersomega3.nl\/fr\/wp-json\/wp\/v2\/types\/product"}],"replies":[{"embeddable":true,"href":"https:\/\/mollersomega3.nl\/fr\/wp-json\/wp\/v2\/comments?post=1006094"}],"wp:featuredmedia":[{"embeddable":true,"href":"https:\/\/mollersomega3.nl\/fr\/wp-json\/wp\/v2\/media\/1006917"}],"wp:attachment":[{"href":"https:\/\/mollersomega3.nl\/fr\/wp-json\/wp\/v2\/media?parent=1006094"}],"wp:term":[{"taxonomy":"product_brand","embeddable":true,"href":"https:\/\/mollersomega3.nl\/fr\/wp-json\/wp\/v2\/product_brand?post=1006094"},{"taxonomy":"product_cat","embeddable":true,"href":"https:\/\/mollersomega3.nl\/fr\/wp-json\/wp\/v2\/product_cat?post=1006094"},{"taxonomy":"product_tag","embeddable":true,"href":"https:\/\/mollersomega3.nl\/fr\/wp-json\/wp\/v2\/product_tag?post=1006094"}],"curies":[{"name":"wp","href":"https:\/\/api.w.org\/{rel}","templated":true}]}}