{"id":1006095,"date":"2021-03-03T14:29:55","date_gmt":"2021-03-03T13:29:55","guid":{"rendered":"https:\/\/mollersomega3.nl\/product\/mollers-omega-3-capsules-dhuile-de-foie-de-morue-160-capsules\/"},"modified":"2025-07-04T09:26:23","modified_gmt":"2025-07-04T07:26:23","slug":"mollers-omega-3-capsules-dhuile-de-foie-de-morue-160-capsules","status":"publish","type":"product","link":"https:\/\/mollersomega3.nl\/fr\/product\/mollers-omega-3-capsules-dhuile-de-foie-de-morue-160-capsules\/","title":{"rendered":"M\u00f6ller&#8217;s Om\u00e9ga-3 Capsules d&#8217;huile de foie de morue \u2013 160 capsules"},"content":{"rendered":"<h2>Maintenant aussi disponible en capsules !<\/h2>\n<p><strong>Vous pr\u00e9f\u00e9rez prendre des capsules plut\u00f4t que de l&#8217;huile de foie de morue liquide ? Alors ces capsules d&#8217;huile de foie de morue M\u00f6ller&#8217;s Om\u00e9ga-3 sont faites pour vous.  <\/strong><\/p>\n<h2>Que sont les capsules d&#8217;huile de foie de morue M\u00f6ller&#8217;s Om\u00e9ga-3 ?<\/h2>\n<p><img decoding=\"async\" class=\"wp-image-811 alignright\" style=\"margin: 0.5em 0px 0.5em 1em; height: 39px; text-align: left; color: #333333; text-transform: none; text-indent: 0px; letter-spacing: normal; font-size: 16px; font-style: normal; font-variant: normal; font-weight: 400; text-decoration: none; max-width: 100%; float: right;\" src=\"https:\/\/mollersomega3.nl\/wp-content\/uploads\/2020\/06\/noorse-vlag.png\" alt=\"\" width=\"54\" height=\"59\">Capsules d&#8217;huile de foie de morue M\u00f6ller&#8217;s Om\u00e9ga-3 de morue sauvage norv\u00e9gienne : huile de foie de morue pure sous forme de capsules pratiques. Une combinaison unique d&#8217;om\u00e9ga-3 naturels et de vitamines A, D et E. <\/p>\n<ul>\n<li>Huile de foie de morue norv\u00e9gienne pure en capsules avec un l\u00e9ger go\u00fbt de vanille : pour tous ceux qui recherchent de l&#8217;huile de foie de morue mais pr\u00e9f\u00e8rent les capsules.<\/li>\n<li>100% de cabillaud arctique sauvage, p\u00each\u00e9 durablement pr\u00e8s des \u00eeles Lofoten en Norv\u00e8ge.<\/li>\n<li>Om\u00e9ga-3 de haute qualit\u00e9, avec vitamines A, D3 et E.<\/li>\n<li>Huile de poisson fra\u00eeche avec une tr\u00e8s faible valeur d&#8217;oxydation (totox &lt; 5) ; ne provoque donc pas de remont\u00e9es acides.<\/li>\n<li>Les acides gras om\u00e9ga-3 conservent leur forme naturelle de triglyc\u00e9rides, ce qui les rend mieux absorb\u00e9s par le corps que les esters \u00e9thyliques.<\/li>\n<\/ul>\n<p>L&#8217;huile dans les capsules de foie de morue de M\u00f6ller \u00ab s est de tr\u00e8s haute qualit\u00e9, notamment gr\u00e2ce \u00e0 un <a href=\"https:\/\/mollersomega3.nl\/noorse-kwaliteit-en-zuiverheid\/\">processus de production<\/a> unique et minutieux. M\u00f6ller \u00bb s Om\u00e9ga-3 est \u00e9galement disponible en <a href=\"https:\/\/mollersomega3.nl\/producten\/\">4 saveurs d&#8217;huile de foie de morue liquide<\/a>. <\/p>\n<h3>Contenu<\/h3>\n<p>160 capsules<\/p>\n<h3>Ingr\u00e9dients<\/h3>\n<p><strong>Huile de foie de morue,<\/strong> g\u00e9latine bovine (capsule), glyc\u00e9rol, dl-\u03b1-tocoph\u00e9ryl ac\u00e9tate (vitamine E), tocoph\u00e9rol naturel (antioxydant), ar\u00f4me vanille, palmitate de r\u00e9tinyle (vitamine A), chol\u00e9calcif\u00e9rol (vitamine D). <\/p>\n<p>Les capsules d&#8217;huile de foie de morue M\u00f6ller&#8217;s Om\u00e9ga-3 ne contiennent ni conservateurs, ni colorants ou ar\u00f4mes artificiels, ni sucres ou \u00e9dulcorants. La g\u00e9latine des capsules est certifi\u00e9e halal. <\/p>\n<table dir=\"ltr\" border=\"2\" rules=\"all\" cellspacing=\"2\" cellpadding=\"1\">\n<tbody>\n<tr align=\"left\" valign=\"top\">\n<td align=\"left\" valign=\"middle\">\n<h3>Valeurs nutritionnelles<\/h3>\n<\/td>\n<td align=\"left\" valign=\"middle\">\n<h3>Pour 2 capsules<\/h3>\n<\/td>\n<td align=\"left\" valign=\"middle\">\n<h3>Pour 4 capsules<\/h3>\n<\/td>\n<\/tr>\n<tr align=\"left\" valign=\"top\">\n<td align=\"left\" valign=\"middle\">Acides gras Om\u00e9ga-3<\/td>\n<td align=\"left\" valign=\"middle\">310 mg<\/td>\n<td align=\"left\" valign=\"middle\">620 mg<\/td>\n<\/tr>\n<tr align=\"left\" valign=\"top\">\n<td align=\"left\" valign=\"middle\">\u2013 DHA<\/td>\n<td align=\"left\" valign=\"middle\">150 mg<\/td>\n<td align=\"left\" valign=\"middle\">300 mg<\/td>\n<\/tr>\n<tr align=\"left\" valign=\"top\">\n<td align=\"left\" valign=\"middle\">\u2013 EPA<\/td>\n<td align=\"left\" valign=\"middle\">100 mg<\/td>\n<td align=\"left\" valign=\"middle\">200 mg<\/td>\n<\/tr>\n<tr align=\"left\" valign=\"top\">\n<td align=\"left\" valign=\"middle\">Vitamine D<\/td>\n<td align=\"left\" valign=\"middle\">7,5 mcg (150%*)<\/td>\n<td align=\"left\" valign=\"middle\">15 mcg (300%*)<\/td>\n<\/tr>\n<tr align=\"left\" valign=\"top\">\n<td align=\"left\" valign=\"middle\">Vitamine A<\/td>\n<td align=\"left\" valign=\"middle\">125 mcg (16%*)<\/td>\n<td align=\"left\" valign=\"middle\">250 mcg (31%*)<\/td>\n<\/tr>\n<tr align=\"left\" valign=\"top\">\n<td align=\"left\" valign=\"middle\">Vitamine E<\/td>\n<td align=\"left\" valign=\"middle\">\u2013<\/td>\n<td align=\"left\" valign=\"middle\">3 mg (25%*)<\/td>\n<\/tr>\n<\/tbody>\n<\/table>\n<p>* De l&#8217;apport de r\u00e9f\u00e9rence.<\/p>\n<p><em>Pour 2 capsules, la teneur en vitamine E n&#8217;est pas indiqu\u00e9e car elle est inf\u00e9rieure \u00e0 15 % de l&#8217;apport de r\u00e9f\u00e9rence.<\/em><\/p>\n<h3>Quantit\u00e9 journali\u00e8re recommand\u00e9e<\/h3>\n<p>Prendre <strong>2-4 capsules<\/strong> une fois par jour avec de l&#8217;eau, de pr\u00e9f\u00e9rence pendant le repas.<br \/>\nPour les adultes et les enfants capables d&#8217;avaler des capsules enti\u00e8res. \u00c9galement recommand\u00e9 pour les femmes enceintes et allaitantes. <\/p>\n<h3>Conserver dans un endroit frais et sec<\/h3>\n<p>Conserver dans un endroit frais et sec. Il est toujours conseill\u00e9 de garder les compl\u00e9ments alimentaires hors de port\u00e9e des jeunes enfants. <\/p>\n<h2>Quelle est la diff\u00e9rence entre les capsules d&#8217;huile de foie de morue M\u00f6ller \u00ab s et les capsules d&#8217;huile de poisson M\u00f6ller \u00bb s Om\u00e9ga-3 ?<\/h2>\n<p>La principale diff\u00e9rence entre les deux est que les capsules d&#8217;huile de foie de morue contiennent de l&#8217;<strong>huile de foie de morue<\/strong> et les capsules Om\u00e9ga-3 contiennent de l&#8217;<strong>huile de poisson<\/strong>. Vous pouvez trouver les diff\u00e9rences entre l&#8217;huile de foie de morue et l&#8217;huile de poisson <a href=\"https:\/\/mollersomega3.nl\/verschillen-tussen-levertraan-en-visolie\/\">ici<\/a>. <\/p>\n<p>Toutes les diff\u00e9rences sont :<\/p>\n<table dir=\"ltr\" border=\"2\" rules=\"all\" cellspacing=\"2\" cellpadding=\"1\">\n<tbody>\n<tr align=\"left\" valign=\"top\">\n<td align=\"left\" valign=\"middle\">\n<h3>Capsules d&#8217;huile de foie de morue M\u00f6ller&#8217;s Om\u00e9ga-3<\/h3>\n<\/td>\n<td align=\"left\" valign=\"middle\">\n<h3>Capsules M\u00f6ller&#8217;s Om\u00e9ga-3<\/h3>\n<\/td>\n<\/tr>\n<tr align=\"left\" valign=\"top\">\n<td align=\"left\" valign=\"middle\"><strong>Huile de foie de morue,<\/strong> provenant de morue arctique sauvage de Norv\u00e8ge.<\/td>\n<td align=\"left\" valign=\"middle\"><strong>Huile de poisson,<\/strong> provenant de sardines et d&#8217;anchois des eaux propres du Pacifique Sud.<\/td>\n<\/tr>\n<tr align=\"left\" valign=\"top\">\n<td align=\"left\" valign=\"middle\">Huile de foie de morue pure avec une teneur en om\u00e9ga-3 de 155 mg par capsule.<\/td>\n<td align=\"left\" valign=\"middle\">Huile de poisson tr\u00e8s concentr\u00e9e, avec une teneur exceptionnellement \u00e9lev\u00e9e en om\u00e9ga-3 par capsule (320 mg).<\/td>\n<\/tr>\n<tr align=\"left\" valign=\"top\">\n<td align=\"left\" valign=\"middle\">Contient proportionnellement plus de DHA que d&#8217;EPA.<\/td>\n<td align=\"left\" valign=\"middle\">Contient proportionnellement plus d&#8217;EPA que de DHA.<\/td>\n<\/tr>\n<tr align=\"left\" valign=\"top\">\n<td align=\"left\" valign=\"middle\">Les vitamines A et D sont en partie naturellement pr\u00e9sentes dans l&#8217;huile, mais sont compl\u00e9t\u00e9es.<\/td>\n<td align=\"left\" valign=\"middle\">Ne contient pas naturellement de vitamines A et D, mais celles-ci sont ajout\u00e9es.<\/td>\n<\/tr>\n<tr align=\"left\" valign=\"top\">\n<td align=\"left\" valign=\"middle\">160 capsules par bo\u00eete.<\/td>\n<td align=\"left\" valign=\"middle\">112 capsules par bo\u00eete.<\/td>\n<\/tr>\n<\/tbody>\n<\/table>\n<p>Les deux types de capsules sont de haute qualit\u00e9, riches en om\u00e9ga-3 et en vitamines A, D et E. De plus, les capsules sont de m\u00eame taille et faciles \u00e0 avaler.<\/p>\n<p><a href=\"https:\/\/mollersomega3.nl\/wat-is-het-verschil-tussen-mollers-levertraancapsules-en-mollers-visoliecapsules\/\">En savoir plus sur les diff\u00e9rences entre les capsules d&#8217;huile de foie de morue et d&#8217;huile de poisson M\u00f6ller&#8217;s.<\/a><\/p>\n","protected":false},"excerpt":{"rendered":"<ul>\n<li>Huile de foie de morue sous forme pratique de capsules<\/li>\n<li>Pour tous ceux qui recherchent de l&#8217;huile de foie de morue mais pr\u00e9f\u00e8rent les capsules<\/li>\n<li>250 mg de DHA et EPA pour 2 capsules<\/li>\n<li>Compl\u00e9t\u00e9 avec les vitamines A, D3 et E<\/li>\n<\/ul>\n","protected":false},"featured_media":1006866,"comment_status":"open","ping_status":"closed","template":"","meta":{"_yoast_wpseo_focuskw":"capsules d'huile de foie de morue","_yoast_wpseo_title":"%%title%% %%sep%% Huile de foie de morue norv\u00e9gienne %%page%%","_yoast_wpseo_metadesc":"Capsules d'huile de foie de morue M\u00f6ller's Om\u00e9ga-3 de morue sauvage norv\u00e9gienne : huile de foie de morue pure sous forme de capsules pratiques. Om\u00e9ga-3 avec vitamines A, D et E.","_monsterinsights_skip_tracking":false,"_monsterinsights_sitenote_active":false,"_monsterinsights_sitenote_note":"","_monsterinsights_sitenote_category":0},"product_brand":[],"product_cat":[547],"product_tag":[],"class_list":{"0":"post-1006095","1":"product","2":"type-product","3":"status-publish","4":"has-post-thumbnail","6":"product_cat-gelules","8":"first","9":"instock","10":"taxable","11":"shipping-taxable","12":"purchasable","13":"product-type-simple"},"wcpa_form_fields":null,"yoast_head":"<!-- This site is optimized with the Yoast SEO Premium plugin v25.1 (Yoast SEO v25.1) - https:\/\/yoast.com\/wordpress\/plugins\/seo\/ -->\n<title>M\u00f6ller&#039;s Om\u00e9ga-3 Capsules d&#039;huile de foie de morue - 160 capsules - Huile de foie de morue norv\u00e9gienne<\/title>\n<meta name=\"description\" content=\"Capsules d&#039;huile de foie de morue M\u00f6ller&#039;s Om\u00e9ga-3 de morue sauvage norv\u00e9gienne : huile de foie de morue pure sous forme de capsules pratiques. Om\u00e9ga-3 avec vitamines A, D et E.\" \/>\n<meta name=\"robots\" content=\"index, follow, max-snippet:-1, max-image-preview:large, max-video-preview:-1\" \/>\n<link rel=\"canonical\" href=\"https:\/\/mollersomega3.nl\/fr\/product\/mollers-omega-3-capsules-dhuile-de-foie-de-morue-160-capsules\/\" \/>\n<meta property=\"og:locale\" content=\"fr_FR\" \/>\n<meta property=\"og:type\" content=\"article\" \/>\n<meta property=\"og:title\" content=\"M\u00f6ller&#039;s Om\u00e9ga-3 Capsules d&#039;huile de foie de morue - 160 capsules\" \/>\n<meta property=\"og:description\" content=\"Capsules d&#039;huile de foie de morue M\u00f6ller&#039;s Om\u00e9ga-3 de morue sauvage norv\u00e9gienne : huile de foie de morue pure sous forme de capsules pratiques. Om\u00e9ga-3 avec vitamines A, D et E.\" \/>\n<meta property=\"og:url\" content=\"https:\/\/mollersomega3.nl\/fr\/product\/mollers-omega-3-capsules-dhuile-de-foie-de-morue-160-capsules\/\" \/>\n<meta property=\"og:site_name\" content=\"M\u00f6llers Omega-3\" \/>\n<meta property=\"article:publisher\" content=\"https:\/\/www.facebook.com\/mollersomega3nl\" \/>\n<meta property=\"article:modified_time\" content=\"2025-07-04T07:26:23+00:00\" \/>\n<meta property=\"og:image\" content=\"https:\/\/mollersomega3.nl\/fr\/wp-content\/uploads\/2021\/03\/Mo\u0308llers_Tran_120caps.png\" \/>\n\t<meta property=\"og:image:width\" content=\"1062\" \/>\n\t<meta property=\"og:image:height\" content=\"1594\" \/>\n\t<meta property=\"og:image:type\" content=\"image\/png\" \/>\n<meta name=\"twitter:card\" content=\"summary_large_image\" \/>\n<meta name=\"twitter:site\" content=\"@mollersomega3nl\" \/>\n<meta name=\"twitter:label1\" content=\"Est. reading time\" \/>\n\t<meta name=\"twitter:data1\" content=\"4 minutes\" \/>\n<script type=\"application\/ld+json\" class=\"yoast-schema-graph\">{\"@context\":\"https:\/\/schema.org\",\"@graph\":[{\"@type\":\"WebPage\",\"@id\":\"https:\/\/mollersomega3.nl\/fr\/product\/mollers-omega-3-capsules-dhuile-de-foie-de-morue-160-capsules\/\",\"url\":\"https:\/\/mollersomega3.nl\/fr\/product\/mollers-omega-3-capsules-dhuile-de-foie-de-morue-160-capsules\/\",\"name\":\"M\u00f6ller's Om\u00e9ga-3 Capsules d'huile de foie de morue - 160 capsules - Huile de foie de morue norv\u00e9gienne\",\"isPartOf\":{\"@id\":\"https:\/\/mollersomega3.nl\/#website\"},\"primaryImageOfPage\":{\"@id\":\"https:\/\/mollersomega3.nl\/fr\/product\/mollers-omega-3-capsules-dhuile-de-foie-de-morue-160-capsules\/#primaryimage\"},\"image\":{\"@id\":\"https:\/\/mollersomega3.nl\/fr\/product\/mollers-omega-3-capsules-dhuile-de-foie-de-morue-160-capsules\/#primaryimage\"},\"thumbnailUrl\":\"https:\/\/mollersomega3.nl\/wp-content\/uploads\/2021\/03\/Mo\u0308llers_Tran_120caps.png\",\"datePublished\":\"2021-03-03T13:29:55+00:00\",\"dateModified\":\"2025-07-04T07:26:23+00:00\",\"description\":\"Capsules d'huile de foie de morue M\u00f6ller's Om\u00e9ga-3 de morue sauvage norv\u00e9gienne : huile de foie de morue pure sous forme de capsules pratiques. Om\u00e9ga-3 avec vitamines A, D et E.\",\"breadcrumb\":{\"@id\":\"https:\/\/mollersomega3.nl\/fr\/product\/mollers-omega-3-capsules-dhuile-de-foie-de-morue-160-capsules\/#breadcrumb\"},\"inLanguage\":\"fr-FR\",\"potentialAction\":[{\"@type\":\"ReadAction\",\"target\":[\"https:\/\/mollersomega3.nl\/fr\/product\/mollers-omega-3-capsules-dhuile-de-foie-de-morue-160-capsules\/\"]}]},{\"@type\":\"ImageObject\",\"inLanguage\":\"fr-FR\",\"@id\":\"https:\/\/mollersomega3.nl\/fr\/product\/mollers-omega-3-capsules-dhuile-de-foie-de-morue-160-capsules\/#primaryimage\",\"url\":\"https:\/\/mollersomega3.nl\/wp-content\/uploads\/2021\/03\/Mo\u0308llers_Tran_120caps.png\",\"contentUrl\":\"https:\/\/mollersomega3.nl\/wp-content\/uploads\/2021\/03\/Mo\u0308llers_Tran_120caps.png\",\"width\":1062,\"height\":1594},{\"@type\":\"BreadcrumbList\",\"@id\":\"https:\/\/mollersomega3.nl\/fr\/product\/mollers-omega-3-capsules-dhuile-de-foie-de-morue-160-capsules\/#breadcrumb\",\"itemListElement\":[{\"@type\":\"ListItem\",\"position\":1,\"name\":\"Accueil\",\"item\":\"https:\/\/mollersomega3.nl\/fr\/\"},{\"@type\":\"ListItem\",\"position\":2,\"name\":\"Produits\",\"item\":\"https:\/\/mollersomega3.nl\/producten\/\"},{\"@type\":\"ListItem\",\"position\":3,\"name\":\"M\u00f6ller&#8217;s Om\u00e9ga-3 Capsules d&#8217;huile de foie de morue \u2013 160 capsules\"}]},{\"@type\":\"WebSite\",\"@id\":\"https:\/\/mollersomega3.nl\/#website\",\"url\":\"https:\/\/mollersomega3.nl\/\",\"name\":\"M\u00f6llers Omega-3\",\"description\":\"A Spoonful of Life since 1854\",\"publisher\":{\"@id\":\"https:\/\/mollersomega3.nl\/#organization\"},\"potentialAction\":[{\"@type\":\"SearchAction\",\"target\":{\"@type\":\"EntryPoint\",\"urlTemplate\":\"https:\/\/mollersomega3.nl\/?s={search_term_string}\"},\"query-input\":{\"@type\":\"PropertyValueSpecification\",\"valueRequired\":true,\"valueName\":\"search_term_string\"}}],\"inLanguage\":\"fr-FR\"},{\"@type\":\"Organization\",\"@id\":\"https:\/\/mollersomega3.nl\/#organization\",\"name\":\"M\u00f6llers Omega-3\",\"url\":\"https:\/\/mollersomega3.nl\/\",\"logo\":{\"@type\":\"ImageObject\",\"inLanguage\":\"fr-FR\",\"@id\":\"https:\/\/mollersomega3.nl\/#\/schema\/logo\/image\/\",\"url\":\"https:\/\/mollersomega3.nl\/wp-content\/uploads\/2020\/07\/mollers-logo-bestellingen.png\",\"contentUrl\":\"https:\/\/mollersomega3.nl\/wp-content\/uploads\/2020\/07\/mollers-logo-bestellingen.png\",\"width\":250,\"height\":86,\"caption\":\"M\u00f6llers Omega-3\"},\"image\":{\"@id\":\"https:\/\/mollersomega3.nl\/#\/schema\/logo\/image\/\"},\"sameAs\":[\"https:\/\/www.facebook.com\/MollersOmega3NL\",\"https:\/\/www.instagram.com\/mollersomega3nl\/\",\"https:\/\/nl.linkedin.com\/company\/good-life-international\",\"https:\/\/www.bol.com\/nl\/nl\/m\/mollers\/\",\"https:\/\/mollersomega3.nl\/en\/\"],\"foundingDate\":\"1854\",\"areaServed\":[\"GB\",\"IE\",\"US\",\"CA\",\"AU\",\"NZ\",\"NL\"],\"knowsAbout\":[\"omega-3\",\"cod liver oil\",\"fish oil\",\"DHA\",\"EPA\",\"vitamin D\"],\"description\":\"Norwegian premium omega-3 brand since 1854. Cod liver oil and fish oil supplements with omega-3, vitamins A, D and E.\"}]}<\/script>\n<!-- \/ Yoast SEO Premium plugin. -->","yoast_head_json":{"title":"M\u00f6ller's Om\u00e9ga-3 Capsules d'huile de foie de morue - 160 capsules - Huile de foie de morue norv\u00e9gienne","description":"Capsules d'huile de foie de morue M\u00f6ller's Om\u00e9ga-3 de morue sauvage norv\u00e9gienne : huile de foie de morue pure sous forme de capsules pratiques. Om\u00e9ga-3 avec vitamines A, D et E.","robots":{"index":"index","follow":"follow","max-snippet":"max-snippet:-1","max-image-preview":"max-image-preview:large","max-video-preview":"max-video-preview:-1"},"canonical":"https:\/\/mollersomega3.nl\/fr\/product\/mollers-omega-3-capsules-dhuile-de-foie-de-morue-160-capsules\/","og_locale":"fr_FR","og_type":"article","og_title":"M\u00f6ller's Om\u00e9ga-3 Capsules d'huile de foie de morue - 160 capsules","og_description":"Capsules d'huile de foie de morue M\u00f6ller's Om\u00e9ga-3 de morue sauvage norv\u00e9gienne : huile de foie de morue pure sous forme de capsules pratiques. Om\u00e9ga-3 avec vitamines A, D et E.","og_url":"https:\/\/mollersomega3.nl\/fr\/product\/mollers-omega-3-capsules-dhuile-de-foie-de-morue-160-capsules\/","og_site_name":"M\u00f6llers Omega-3","article_publisher":"https:\/\/www.facebook.com\/mollersomega3nl","article_modified_time":"2025-07-04T07:26:23+00:00","og_image":[{"width":1062,"height":1594,"url":"https:\/\/mollersomega3.nl\/fr\/wp-content\/uploads\/2021\/03\/Mo\u0308llers_Tran_120caps.png","type":"image\/png"}],"twitter_card":"summary_large_image","twitter_site":"@mollersomega3nl","twitter_misc":{"Est. reading time":"4 minutes"},"schema":{"@context":"https:\/\/schema.org","@graph":[{"@type":"WebPage","@id":"https:\/\/mollersomega3.nl\/fr\/product\/mollers-omega-3-capsules-dhuile-de-foie-de-morue-160-capsules\/","url":"https:\/\/mollersomega3.nl\/fr\/product\/mollers-omega-3-capsules-dhuile-de-foie-de-morue-160-capsules\/","name":"M\u00f6ller's Om\u00e9ga-3 Capsules d'huile de foie de morue - 160 capsules - Huile de foie de morue norv\u00e9gienne","isPartOf":{"@id":"https:\/\/mollersomega3.nl\/#website"},"primaryImageOfPage":{"@id":"https:\/\/mollersomega3.nl\/fr\/product\/mollers-omega-3-capsules-dhuile-de-foie-de-morue-160-capsules\/#primaryimage"},"image":{"@id":"https:\/\/mollersomega3.nl\/fr\/product\/mollers-omega-3-capsules-dhuile-de-foie-de-morue-160-capsules\/#primaryimage"},"thumbnailUrl":"https:\/\/mollersomega3.nl\/wp-content\/uploads\/2021\/03\/Mo\u0308llers_Tran_120caps.png","datePublished":"2021-03-03T13:29:55+00:00","dateModified":"2025-07-04T07:26:23+00:00","description":"Capsules d'huile de foie de morue M\u00f6ller's Om\u00e9ga-3 de morue sauvage norv\u00e9gienne : huile de foie de morue pure sous forme de capsules pratiques. Om\u00e9ga-3 avec vitamines A, D et E.","breadcrumb":{"@id":"https:\/\/mollersomega3.nl\/fr\/product\/mollers-omega-3-capsules-dhuile-de-foie-de-morue-160-capsules\/#breadcrumb"},"inLanguage":"fr-FR","potentialAction":[{"@type":"ReadAction","target":["https:\/\/mollersomega3.nl\/fr\/product\/mollers-omega-3-capsules-dhuile-de-foie-de-morue-160-capsules\/"]}]},{"@type":"ImageObject","inLanguage":"fr-FR","@id":"https:\/\/mollersomega3.nl\/fr\/product\/mollers-omega-3-capsules-dhuile-de-foie-de-morue-160-capsules\/#primaryimage","url":"https:\/\/mollersomega3.nl\/wp-content\/uploads\/2021\/03\/Mo\u0308llers_Tran_120caps.png","contentUrl":"https:\/\/mollersomega3.nl\/wp-content\/uploads\/2021\/03\/Mo\u0308llers_Tran_120caps.png","width":1062,"height":1594},{"@type":"BreadcrumbList","@id":"https:\/\/mollersomega3.nl\/fr\/product\/mollers-omega-3-capsules-dhuile-de-foie-de-morue-160-capsules\/#breadcrumb","itemListElement":[{"@type":"ListItem","position":1,"name":"Accueil","item":"https:\/\/mollersomega3.nl\/fr\/"},{"@type":"ListItem","position":2,"name":"Produits","item":"https:\/\/mollersomega3.nl\/producten\/"},{"@type":"ListItem","position":3,"name":"M\u00f6ller&#8217;s Om\u00e9ga-3 Capsules d&#8217;huile de foie de morue \u2013 160 capsules"}]},{"@type":"WebSite","@id":"https:\/\/mollersomega3.nl\/#website","url":"https:\/\/mollersomega3.nl\/","name":"M\u00f6llers Omega-3","description":"A Spoonful of Life since 1854","publisher":{"@id":"https:\/\/mollersomega3.nl\/#organization"},"potentialAction":[{"@type":"SearchAction","target":{"@type":"EntryPoint","urlTemplate":"https:\/\/mollersomega3.nl\/?s={search_term_string}"},"query-input":{"@type":"PropertyValueSpecification","valueRequired":true,"valueName":"search_term_string"}}],"inLanguage":"fr-FR"},{"@type":"Organization","@id":"https:\/\/mollersomega3.nl\/#organization","name":"M\u00f6llers Omega-3","url":"https:\/\/mollersomega3.nl\/","logo":{"@type":"ImageObject","inLanguage":"fr-FR","@id":"https:\/\/mollersomega3.nl\/#\/schema\/logo\/image\/","url":"https:\/\/mollersomega3.nl\/wp-content\/uploads\/2020\/07\/mollers-logo-bestellingen.png","contentUrl":"https:\/\/mollersomega3.nl\/wp-content\/uploads\/2020\/07\/mollers-logo-bestellingen.png","width":250,"height":86,"caption":"M\u00f6llers Omega-3"},"image":{"@id":"https:\/\/mollersomega3.nl\/#\/schema\/logo\/image\/"},"sameAs":["https:\/\/www.facebook.com\/MollersOmega3NL","https:\/\/www.instagram.com\/mollersomega3nl\/","https:\/\/nl.linkedin.com\/company\/good-life-international","https:\/\/www.bol.com\/nl\/nl\/m\/mollers\/","https:\/\/mollersomega3.nl\/en\/"],"foundingDate":"1854","areaServed":["GB","IE","US","CA","AU","NZ","NL"],"knowsAbout":["omega-3","cod liver oil","fish oil","DHA","EPA","vitamin D"],"description":"Norwegian premium omega-3 brand since 1854. Cod liver oil and fish oil supplements with omega-3, vitamins A, D and E."}]}},"_links":{"self":[{"href":"https:\/\/mollersomega3.nl\/fr\/wp-json\/wp\/v2\/product\/1006095","targetHints":{"allow":["GET"]}}],"collection":[{"href":"https:\/\/mollersomega3.nl\/fr\/wp-json\/wp\/v2\/product"}],"about":[{"href":"https:\/\/mollersomega3.nl\/fr\/wp-json\/wp\/v2\/types\/product"}],"replies":[{"embeddable":true,"href":"https:\/\/mollersomega3.nl\/fr\/wp-json\/wp\/v2\/comments?post=1006095"}],"wp:featuredmedia":[{"embeddable":true,"href":"https:\/\/mollersomega3.nl\/fr\/wp-json\/wp\/v2\/media\/1006866"}],"wp:attachment":[{"href":"https:\/\/mollersomega3.nl\/fr\/wp-json\/wp\/v2\/media?parent=1006095"}],"wp:term":[{"taxonomy":"product_brand","embeddable":true,"href":"https:\/\/mollersomega3.nl\/fr\/wp-json\/wp\/v2\/product_brand?post=1006095"},{"taxonomy":"product_cat","embeddable":true,"href":"https:\/\/mollersomega3.nl\/fr\/wp-json\/wp\/v2\/product_cat?post=1006095"},{"taxonomy":"product_tag","embeddable":true,"href":"https:\/\/mollersomega3.nl\/fr\/wp-json\/wp\/v2\/product_tag?post=1006095"}],"curies":[{"name":"wp","href":"https:\/\/api.w.org\/{rel}","templated":true}]}}