{"id":1008780,"date":"2026-01-16T13:05:23","date_gmt":"2026-01-16T12:05:23","guid":{"rendered":"https:\/\/mollersomega3.nl\/?post_type=product&#038;p=1008780"},"modified":"2026-02-13T09:29:59","modified_gmt":"2026-02-13T08:29:59","slug":"mollers-omega-3-levertraan-voordeelpakket-6-x-250ml","status":"publish","type":"product","link":"https:\/\/mollersomega3.nl\/fr\/product\/mollers-omega-3-levertraan-voordeelpakket-6-x-250ml\/","title":{"rendered":"M\u00f6ller\u2019s Omega-3 Levertraan Voordeelpakket \u2013 6 x 250ml"},"content":{"rendered":"<h3><strong>M\u00f6ller\u2019s levertraan vloeibaar: voel je fit met een lepel omega-3 visolie per dag.<br \/>\n<\/strong><strong>Nu extra voordelig als voordeelpakket: 6 flessen om je keukenkastje aan te vullen, in smaken naar keuze.<\/strong><\/h3>\n<p>Ondersteun de gezondheid van je hart, hersenen en immuunsysteem met dit M\u00f6ller&#8217;s Omega-3 voordeelpakket. Met \u00e9\u00e9n lepel M\u00f6ller\u2019s Omega-3 visolie per dag krijg je een unieke combinatie van onmisbare visvetzuren en vitamines binnen. Afkomstig van duurzaam gevangen Arctische kabeljauw uit Noorwegen.<\/p>\n<h3>Inhoud van het Voordeelpakket<\/h3>\n<ul>\n<li>6 flessen M\u00f6ller\u2019s Omega-3 (250 ml) in smaken naar keuze: Naturel, Citroen, Appel, Tutti Frutti<\/li>\n<\/ul>\n<h2>Wat is M\u00f6ller\u2019s Omega-3?<\/h2>\n<p>M\u00f6ller\u2019s Omega-3 is pure Noorse visolie. Een unieke combinatie van natuurlijke omega-3 (900 mg DHA en EPA per dessertlepel) en vitamine A, D en E.<\/p>\n<ul>\n<li>Zuivere levertraan met een van nature zachte vissmaak (Naturel), een frisse citroensmaak (Citroen), een zachte Appelsmaak (Appel) of een lekkere fruitsmaak (Tutti Frutti); alle smaken zijn bekroond met\u00a0<a href=\"https:\/\/mollersomega3.nl\/superior-taste-award\/\">Superior Taste Award<\/a>\u00a0voor uitzonderlijk goede smaak.<\/li>\n<li>100% van wilde Arctische kabeljauw, duurzaam gevangen bij Lofoten in Noorwegen.<\/li>\n<li>Hoogwaardige omega-3 in de puurste vorm, compleet met vitamine A, D3 en E.<\/li>\n<li>Verse visolie met zeer lage oxidatiewaarde (totox &lt; 5); geeft daardoor geen oprispingen.<\/li>\n<li>De omega-3 vetzuren hebben hun natuurlijke triglyceridevorm, waardoor ze beter in het lichaam worden opgenomen dan ethylesters.<\/li>\n<li>Vloeibaar, waardoor gemakkelijk in te nemen; slechts \u00e9\u00e9n dessertlepel per dag.<\/li>\n<\/ul>\n<p>De olie van M\u00f6ller\u2019s is van hele hoge kwaliteit, mede door een zeer uniek en zorgvuldig\u00a0<a href=\"https:\/\/mollersomega3.nl\/noorse-kwaliteit-en-zuiverheid\/\">productieproces<\/a>. M\u00f6ller\u2019s Omega-3 is verkrijgbaar in\u00a0<a href=\"https:\/\/mollersomega3.nl\/producten\/\">4 smaken<\/a>\u00a0en in\u00a0<a href=\"https:\/\/mollersomega3.nl\/producten\/\">capsules<\/a>.<\/p>\n<h3>Inhoud 1 fles<\/h3>\n<p>250 ml = 50 dagelijkse porties.<\/p>\n<h3>Ingredi\u00ebnten<\/h3>\n<p>Levertraan afkomstig van duurzaam gevangen Arctische kabeljauw (<strong>vis<\/strong>), dl-\u03b1-tocoferylacetaat (vitamine E) en natuurlijke tocoferol (antioxidant).<\/p>\n<p>M\u00f6ller\u2019s Omega-3 Citroen bevat natuurlijk citroenaroma. M\u00f6ller\u2019s Omega-3 Appel bevat natuurlijk appelaroma. M\u00f6ller\u2019s Omega-3 Tutti Frutti bevat natuurlijk fruitaroma.<\/p>\n<p>M\u00f6ller\u2019s Omega-3 bevat geen conserveringsmiddelen, geen kunstmatige kleur- of smaakstoffen en geen suikers of zoetstoffen.<\/p>\n<table dir=\"ltr\" border=\"2\" rules=\"all\" cellspacing=\"2\" cellpadding=\"1\">\n<tbody>\n<tr align=\"left\" valign=\"top\">\n<td align=\"left\" valign=\"middle\">\n<h3>Voedingswaarde<\/h3>\n<\/td>\n<td align=\"left\" valign=\"middle\">\n<h3>Per 5 ml<\/h3>\n<\/td>\n<\/tr>\n<tr align=\"left\" valign=\"top\">\n<td align=\"left\" valign=\"middle\">Omega-3 vetzuren<\/td>\n<td align=\"left\" valign=\"middle\">1,1 g<\/td>\n<\/tr>\n<tr align=\"left\" valign=\"top\">\n<td align=\"left\" valign=\"middle\">\u2013 DHA<\/td>\n<td align=\"left\" valign=\"middle\">0,5 g<\/td>\n<\/tr>\n<tr align=\"left\" valign=\"top\">\n<td align=\"left\" valign=\"middle\">\u2013 EPA<\/td>\n<td align=\"left\" valign=\"middle\">0,4 g<\/td>\n<\/tr>\n<tr align=\"left\" valign=\"top\">\n<td align=\"left\" valign=\"middle\">Vitamine D<\/td>\n<td align=\"left\" valign=\"middle\">10 mcg (200%*)<\/td>\n<\/tr>\n<tr align=\"left\" valign=\"top\">\n<td align=\"left\" valign=\"middle\">Vitamine A<\/td>\n<td align=\"left\" valign=\"middle\">250 mcg (31%*)<\/td>\n<\/tr>\n<tr align=\"left\" valign=\"top\">\n<td align=\"left\" valign=\"middle\">Vitamine E<\/td>\n<td align=\"left\" valign=\"middle\">3 mg (25%*)<\/td>\n<\/tr>\n<\/tbody>\n<\/table>\n<p>* Van referentie-inname.<\/p>\n<p><strong>De voordelen van M\u00f6ller&#8217;s levertraanolie:<\/strong><\/p>\n<ul>\n<li>Omega-3 vetzuren zijn goed voor je hart, hersenen en gezichtsvermogen.<\/li>\n<li>Vitamine D zorgt voor een sterk immuunsysteem en sterke botten.<\/li>\n<li>Vitamine A ondersteunt je gezichtsvermogen.<\/li>\n<li>Vitamine E beschermt de cellen in je lichaam.<\/li>\n<li>De vloeibare levertraan slik je makkelijk door.<\/li>\n<\/ul>\n<h3>Aanbevolen dagelijkse hoeveelheid<\/h3>\n<h4>Advieshoeveelheid voor volwassenen en kinderen vanaf 3 jaar<\/h4>\n<p>Aanbevolen dagelijkse hoeveelheid voor kinderen vanaf 3 jaar en volwassenen:\u00a0<strong>5 ml<\/strong>\u00a0(= 1 dessertlepel).<br \/>\nOok aanbevolen voor zwangere vrouwen en vrouwen die borstvoeding geven.<\/p>\n<p>Neem de olie bij voorkeur bij de maaltijd in, voor optimale opname van de voedingsstoffen.<\/p>\n<h4>Advieshoeveelheid voor kinderen vanaf 6 maanden<\/h4>\n<p>Aanbevolen dagelijkse hoeveelheid voor kinderen vanaf 6 maanden:\u00a0<strong>2,5 ml\u00a0<\/strong>(= 1\/2 dessertlepel).<br \/>\nHet advies is om te beginnen met een halve dessertlepel per dag. Zodra het kindje gewend is aan de olie, kan deze hoeveelheid opgebouwd worden naar 1 dessertlepel per dag.<\/p>\n<p>Ook kinderen vanaf 6 maanden hebben baat bij levertraan. Omega-3 vetzuren zijn nodig voor de normale groei en ontwikkeling van kinderen. Omega-3 (DHA) is een belangrijke bouwsteen voor de hersenen en ondersteunt daarnaast de ontwikkeling van het gezichtsvermogen. Vitamine D is essentieel voor een goede ontwikkeling van botten en tanden (zie \u2018Voor wie\u2019). De Gezondheidsraad adviseert om kinderen tot 4 jaar extra vitamine D te geven.<\/p>\n<h3>In koelkast bewaren<\/h3>\n<p>We adviseren om de\u00a0ongeopende\u00a0fles bij kamertemperatuur te bewaren.<br \/>\nBewaar voor een optimale frisse smaak de\u00a0geopende\u00a0fles in de koelkast. Na opening is M\u00f6ller\u2019s 3 maanden houdbaar. Het is altijd verstandig om voedingssupplementen buiten bereik van jonge kinderen te bewaren.<\/p>\n<h3><strong>Over M\u00f6ller\u2019s: omega-3 experts sinds 1854<\/strong><\/h3>\n<p>M\u00f6ller\u2019s is h\u00e9t omega-3 merk in Scandinavi\u00eb. Sinds 1854 verbeteren de specialisten continu de kwaliteit, zuiverheid, smaak en duurzaamheid van hun producten. De Noorse Gezondheidsautoriteit adviseert het zelfs als standaard onderdeel van de dagelijkse voeding.<\/p>\n","protected":false},"excerpt":{"rendered":"<ul>\n<li>Voordeelpakket met 6 flessen in smaak naar keuze<\/li>\n<li>28% korting<\/li>\n<li>Vul je keukenkastje nu extra voordelig aan!<\/li>\n<\/ul>\n<p><strong>Stap 1:\u00a0<\/strong>Via onderstaand keuzemenu kun je aangeven welke smaken je graag wilt ontvangen. <strong>Kies in totaal 6 flessen<\/strong>.<\/p>\n<p><strong>Stap 2: <\/strong>Wanneer 6 flessen geselecteerd zijn, zal de knop &#8220;In winkelmandje&#8221; <strong>donkergroen<\/strong> kleuren. Je kunt het nu toevoegen aan je winkelmand!<\/p>\n","protected":false},"featured_media":1008781,"comment_status":"open","ping_status":"closed","template":"","meta":{"_yoast_wpseo_focuskw":"M\u00f6ller's Omega-3 levertraan","_yoast_wpseo_title":"","_yoast_wpseo_metadesc":"Pure Noorse visolie met omega-3 en vitamine A, D en E. Ondersteun de gezondheid van je hart, hersenen en immuunsysteem met dit M\u00f6ller's Voordeelpakket.","_monsterinsights_skip_tracking":false,"_monsterinsights_sitenote_active":false,"_monsterinsights_sitenote_note":"","_monsterinsights_sitenote_category":0},"product_brand":[],"product_cat":[170,21],"product_tag":[],"class_list":{"0":"post-1008780","1":"product","2":"type-product","3":"status-publish","4":"has-post-thumbnail","6":"product_cat-pakketten","7":"product_cat-producten","9":"first","10":"instock","11":"sale","12":"taxable","13":"shipping-taxable","14":"purchasable","15":"product-type-woosb"},"wcpa_form_fields":null,"yoast_head":"<!-- This site is optimized with the Yoast SEO Premium plugin v25.1 (Yoast SEO v25.1) - https:\/\/yoast.com\/wordpress\/plugins\/seo\/ -->\n<title>M\u00f6ller\u2019s Omega-3 Levertraan Voordeelpakket - 6 x 250ml - M\u00f6llers Omega-3<\/title>\n<meta name=\"description\" content=\"Pure Noorse visolie met omega-3 en vitamine A, D en E. Ondersteun de gezondheid van je hart, hersenen en immuunsysteem met dit M\u00f6ller&#039;s Voordeelpakket.\" \/>\n<meta name=\"robots\" content=\"index, follow, max-snippet:-1, max-image-preview:large, max-video-preview:-1\" \/>\n<link rel=\"canonical\" href=\"https:\/\/mollersomega3.nl\/product\/mollers-omega-3-levertraan-voordeelpakket-6-x-250ml\/\" \/>\n<meta property=\"og:locale\" content=\"fr_FR\" \/>\n<meta property=\"og:type\" content=\"article\" \/>\n<meta property=\"og:title\" content=\"M\u00f6ller\u2019s Omega-3 Levertraan Voordeelpakket - 6 x 250ml\" \/>\n<meta property=\"og:description\" content=\"Pure Noorse visolie met omega-3 en vitamine A, D en E. Ondersteun de gezondheid van je hart, hersenen en immuunsysteem met dit M\u00f6ller&#039;s Voordeelpakket.\" \/>\n<meta property=\"og:url\" content=\"https:\/\/mollersomega3.nl\/product\/mollers-omega-3-levertraan-voordeelpakket-6-x-250ml\/\" \/>\n<meta property=\"og:site_name\" content=\"M\u00f6llers Omega-3\" \/>\n<meta property=\"article:publisher\" content=\"https:\/\/www.facebook.com\/mollersomega3nl\" \/>\n<meta property=\"article:modified_time\" content=\"2026-02-13T08:29:59+00:00\" \/>\n<meta property=\"og:image\" content=\"https:\/\/mollersomega3.nl\/wp-content\/uploads\/2026\/01\/citroen-6st.jpg\" \/>\n\t<meta property=\"og:image:width\" content=\"1000\" \/>\n\t<meta property=\"og:image:height\" content=\"1000\" \/>\n\t<meta property=\"og:image:type\" content=\"image\/jpeg\" \/>\n<meta name=\"twitter:card\" content=\"summary_large_image\" \/>\n<meta name=\"twitter:site\" content=\"@mollersomega3nl\" \/>\n<meta name=\"twitter:label1\" content=\"Est. reading time\" \/>\n\t<meta name=\"twitter:data1\" content=\"4 minutes\" \/>\n<script type=\"application\/ld+json\" class=\"yoast-schema-graph\">{\"@context\":\"https:\/\/schema.org\",\"@graph\":[{\"@type\":\"WebPage\",\"@id\":\"https:\/\/mollersomega3.nl\/product\/mollers-omega-3-levertraan-voordeelpakket-6-x-250ml\/\",\"url\":\"https:\/\/mollersomega3.nl\/product\/mollers-omega-3-levertraan-voordeelpakket-6-x-250ml\/\",\"name\":\"M\u00f6ller\u2019s Omega-3 Levertraan Voordeelpakket - 6 x 250ml - M\u00f6llers Omega-3\",\"isPartOf\":{\"@id\":\"https:\/\/mollersomega3.nl\/#website\"},\"primaryImageOfPage\":{\"@id\":\"https:\/\/mollersomega3.nl\/product\/mollers-omega-3-levertraan-voordeelpakket-6-x-250ml\/#primaryimage\"},\"image\":{\"@id\":\"https:\/\/mollersomega3.nl\/product\/mollers-omega-3-levertraan-voordeelpakket-6-x-250ml\/#primaryimage\"},\"thumbnailUrl\":\"https:\/\/mollersomega3.nl\/wp-content\/uploads\/2026\/01\/citroen-6st.jpg\",\"datePublished\":\"2026-01-16T12:05:23+00:00\",\"dateModified\":\"2026-02-13T08:29:59+00:00\",\"description\":\"Pure Noorse visolie met omega-3 en vitamine A, D en E. Ondersteun de gezondheid van je hart, hersenen en immuunsysteem met dit M\u00f6ller's Voordeelpakket.\",\"breadcrumb\":{\"@id\":\"https:\/\/mollersomega3.nl\/product\/mollers-omega-3-levertraan-voordeelpakket-6-x-250ml\/#breadcrumb\"},\"inLanguage\":\"fr-FR\",\"potentialAction\":[{\"@type\":\"ReadAction\",\"target\":[\"https:\/\/mollersomega3.nl\/product\/mollers-omega-3-levertraan-voordeelpakket-6-x-250ml\/\"]}]},{\"@type\":\"ImageObject\",\"inLanguage\":\"fr-FR\",\"@id\":\"https:\/\/mollersomega3.nl\/product\/mollers-omega-3-levertraan-voordeelpakket-6-x-250ml\/#primaryimage\",\"url\":\"https:\/\/mollersomega3.nl\/wp-content\/uploads\/2026\/01\/citroen-6st.jpg\",\"contentUrl\":\"https:\/\/mollersomega3.nl\/wp-content\/uploads\/2026\/01\/citroen-6st.jpg\",\"width\":1000,\"height\":1000},{\"@type\":\"BreadcrumbList\",\"@id\":\"https:\/\/mollersomega3.nl\/product\/mollers-omega-3-levertraan-voordeelpakket-6-x-250ml\/#breadcrumb\",\"itemListElement\":[{\"@type\":\"ListItem\",\"position\":1,\"name\":\"Accueil\",\"item\":\"https:\/\/mollersomega3.nl\/fr\/\"},{\"@type\":\"ListItem\",\"position\":2,\"name\":\"Produits\",\"item\":\"https:\/\/mollersomega3.nl\/producten\/\"},{\"@type\":\"ListItem\",\"position\":3,\"name\":\"M\u00f6ller\u2019s Omega-3 Levertraan Voordeelpakket \u2013 6 x 250ml\"}]},{\"@type\":\"WebSite\",\"@id\":\"https:\/\/mollersomega3.nl\/#website\",\"url\":\"https:\/\/mollersomega3.nl\/\",\"name\":\"M\u00f6llers Omega-3\",\"description\":\"A Spoonful of Life since 1854\",\"publisher\":{\"@id\":\"https:\/\/mollersomega3.nl\/#organization\"},\"potentialAction\":[{\"@type\":\"SearchAction\",\"target\":{\"@type\":\"EntryPoint\",\"urlTemplate\":\"https:\/\/mollersomega3.nl\/?s={search_term_string}\"},\"query-input\":{\"@type\":\"PropertyValueSpecification\",\"valueRequired\":true,\"valueName\":\"search_term_string\"}}],\"inLanguage\":\"fr-FR\"},{\"@type\":\"Organization\",\"@id\":\"https:\/\/mollersomega3.nl\/#organization\",\"name\":\"M\u00f6llers Omega-3\",\"url\":\"https:\/\/mollersomega3.nl\/\",\"logo\":{\"@type\":\"ImageObject\",\"inLanguage\":\"fr-FR\",\"@id\":\"https:\/\/mollersomega3.nl\/#\/schema\/logo\/image\/\",\"url\":\"https:\/\/mollersomega3.nl\/wp-content\/uploads\/2020\/07\/mollers-logo-bestellingen.png\",\"contentUrl\":\"https:\/\/mollersomega3.nl\/wp-content\/uploads\/2020\/07\/mollers-logo-bestellingen.png\",\"width\":250,\"height\":86,\"caption\":\"M\u00f6llers Omega-3\"},\"image\":{\"@id\":\"https:\/\/mollersomega3.nl\/#\/schema\/logo\/image\/\"},\"sameAs\":[\"https:\/\/www.facebook.com\/MollersOmega3NL\",\"https:\/\/www.instagram.com\/mollersomega3nl\/\",\"https:\/\/nl.linkedin.com\/company\/good-life-international\",\"https:\/\/www.bol.com\/nl\/nl\/m\/mollers\/\",\"https:\/\/mollersomega3.nl\/en\/\"],\"foundingDate\":\"1854\",\"areaServed\":[\"GB\",\"IE\",\"US\",\"CA\",\"AU\",\"NZ\",\"NL\"],\"knowsAbout\":[\"omega-3\",\"cod liver oil\",\"fish oil\",\"DHA\",\"EPA\",\"vitamin D\"],\"description\":\"Norwegian premium omega-3 brand since 1854. Cod liver oil and fish oil supplements with omega-3, vitamins A, D and E.\"}]}<\/script>\n<!-- \/ Yoast SEO Premium plugin. -->","yoast_head_json":{"title":"M\u00f6ller\u2019s Omega-3 Levertraan Voordeelpakket - 6 x 250ml - M\u00f6llers Omega-3","description":"Pure Noorse visolie met omega-3 en vitamine A, D en E. Ondersteun de gezondheid van je hart, hersenen en immuunsysteem met dit M\u00f6ller's Voordeelpakket.","robots":{"index":"index","follow":"follow","max-snippet":"max-snippet:-1","max-image-preview":"max-image-preview:large","max-video-preview":"max-video-preview:-1"},"canonical":"https:\/\/mollersomega3.nl\/product\/mollers-omega-3-levertraan-voordeelpakket-6-x-250ml\/","og_locale":"fr_FR","og_type":"article","og_title":"M\u00f6ller\u2019s Omega-3 Levertraan Voordeelpakket - 6 x 250ml","og_description":"Pure Noorse visolie met omega-3 en vitamine A, D en E. Ondersteun de gezondheid van je hart, hersenen en immuunsysteem met dit M\u00f6ller's Voordeelpakket.","og_url":"https:\/\/mollersomega3.nl\/product\/mollers-omega-3-levertraan-voordeelpakket-6-x-250ml\/","og_site_name":"M\u00f6llers Omega-3","article_publisher":"https:\/\/www.facebook.com\/mollersomega3nl","article_modified_time":"2026-02-13T08:29:59+00:00","og_image":[{"width":1000,"height":1000,"url":"https:\/\/mollersomega3.nl\/wp-content\/uploads\/2026\/01\/citroen-6st.jpg","type":"image\/jpeg"}],"twitter_card":"summary_large_image","twitter_site":"@mollersomega3nl","twitter_misc":{"Est. reading time":"4 minutes"},"schema":{"@context":"https:\/\/schema.org","@graph":[{"@type":"WebPage","@id":"https:\/\/mollersomega3.nl\/product\/mollers-omega-3-levertraan-voordeelpakket-6-x-250ml\/","url":"https:\/\/mollersomega3.nl\/product\/mollers-omega-3-levertraan-voordeelpakket-6-x-250ml\/","name":"M\u00f6ller\u2019s Omega-3 Levertraan Voordeelpakket - 6 x 250ml - M\u00f6llers Omega-3","isPartOf":{"@id":"https:\/\/mollersomega3.nl\/#website"},"primaryImageOfPage":{"@id":"https:\/\/mollersomega3.nl\/product\/mollers-omega-3-levertraan-voordeelpakket-6-x-250ml\/#primaryimage"},"image":{"@id":"https:\/\/mollersomega3.nl\/product\/mollers-omega-3-levertraan-voordeelpakket-6-x-250ml\/#primaryimage"},"thumbnailUrl":"https:\/\/mollersomega3.nl\/wp-content\/uploads\/2026\/01\/citroen-6st.jpg","datePublished":"2026-01-16T12:05:23+00:00","dateModified":"2026-02-13T08:29:59+00:00","description":"Pure Noorse visolie met omega-3 en vitamine A, D en E. Ondersteun de gezondheid van je hart, hersenen en immuunsysteem met dit M\u00f6ller's Voordeelpakket.","breadcrumb":{"@id":"https:\/\/mollersomega3.nl\/product\/mollers-omega-3-levertraan-voordeelpakket-6-x-250ml\/#breadcrumb"},"inLanguage":"fr-FR","potentialAction":[{"@type":"ReadAction","target":["https:\/\/mollersomega3.nl\/product\/mollers-omega-3-levertraan-voordeelpakket-6-x-250ml\/"]}]},{"@type":"ImageObject","inLanguage":"fr-FR","@id":"https:\/\/mollersomega3.nl\/product\/mollers-omega-3-levertraan-voordeelpakket-6-x-250ml\/#primaryimage","url":"https:\/\/mollersomega3.nl\/wp-content\/uploads\/2026\/01\/citroen-6st.jpg","contentUrl":"https:\/\/mollersomega3.nl\/wp-content\/uploads\/2026\/01\/citroen-6st.jpg","width":1000,"height":1000},{"@type":"BreadcrumbList","@id":"https:\/\/mollersomega3.nl\/product\/mollers-omega-3-levertraan-voordeelpakket-6-x-250ml\/#breadcrumb","itemListElement":[{"@type":"ListItem","position":1,"name":"Accueil","item":"https:\/\/mollersomega3.nl\/fr\/"},{"@type":"ListItem","position":2,"name":"Produits","item":"https:\/\/mollersomega3.nl\/producten\/"},{"@type":"ListItem","position":3,"name":"M\u00f6ller\u2019s Omega-3 Levertraan Voordeelpakket \u2013 6 x 250ml"}]},{"@type":"WebSite","@id":"https:\/\/mollersomega3.nl\/#website","url":"https:\/\/mollersomega3.nl\/","name":"M\u00f6llers Omega-3","description":"A Spoonful of Life since 1854","publisher":{"@id":"https:\/\/mollersomega3.nl\/#organization"},"potentialAction":[{"@type":"SearchAction","target":{"@type":"EntryPoint","urlTemplate":"https:\/\/mollersomega3.nl\/?s={search_term_string}"},"query-input":{"@type":"PropertyValueSpecification","valueRequired":true,"valueName":"search_term_string"}}],"inLanguage":"fr-FR"},{"@type":"Organization","@id":"https:\/\/mollersomega3.nl\/#organization","name":"M\u00f6llers Omega-3","url":"https:\/\/mollersomega3.nl\/","logo":{"@type":"ImageObject","inLanguage":"fr-FR","@id":"https:\/\/mollersomega3.nl\/#\/schema\/logo\/image\/","url":"https:\/\/mollersomega3.nl\/wp-content\/uploads\/2020\/07\/mollers-logo-bestellingen.png","contentUrl":"https:\/\/mollersomega3.nl\/wp-content\/uploads\/2020\/07\/mollers-logo-bestellingen.png","width":250,"height":86,"caption":"M\u00f6llers Omega-3"},"image":{"@id":"https:\/\/mollersomega3.nl\/#\/schema\/logo\/image\/"},"sameAs":["https:\/\/www.facebook.com\/MollersOmega3NL","https:\/\/www.instagram.com\/mollersomega3nl\/","https:\/\/nl.linkedin.com\/company\/good-life-international","https:\/\/www.bol.com\/nl\/nl\/m\/mollers\/","https:\/\/mollersomega3.nl\/en\/"],"foundingDate":"1854","areaServed":["GB","IE","US","CA","AU","NZ","NL"],"knowsAbout":["omega-3","cod liver oil","fish oil","DHA","EPA","vitamin D"],"description":"Norwegian premium omega-3 brand since 1854. Cod liver oil and fish oil supplements with omega-3, vitamins A, D and E."}]}},"_links":{"self":[{"href":"https:\/\/mollersomega3.nl\/fr\/wp-json\/wp\/v2\/product\/1008780","targetHints":{"allow":["GET"]}}],"collection":[{"href":"https:\/\/mollersomega3.nl\/fr\/wp-json\/wp\/v2\/product"}],"about":[{"href":"https:\/\/mollersomega3.nl\/fr\/wp-json\/wp\/v2\/types\/product"}],"replies":[{"embeddable":true,"href":"https:\/\/mollersomega3.nl\/fr\/wp-json\/wp\/v2\/comments?post=1008780"}],"wp:featuredmedia":[{"embeddable":true,"href":"https:\/\/mollersomega3.nl\/fr\/wp-json\/wp\/v2\/media\/1008781"}],"wp:attachment":[{"href":"https:\/\/mollersomega3.nl\/fr\/wp-json\/wp\/v2\/media?parent=1008780"}],"wp:term":[{"taxonomy":"product_brand","embeddable":true,"href":"https:\/\/mollersomega3.nl\/fr\/wp-json\/wp\/v2\/product_brand?post=1008780"},{"taxonomy":"product_cat","embeddable":true,"href":"https:\/\/mollersomega3.nl\/fr\/wp-json\/wp\/v2\/product_cat?post=1008780"},{"taxonomy":"product_tag","embeddable":true,"href":"https:\/\/mollersomega3.nl\/fr\/wp-json\/wp\/v2\/product_tag?post=1008780"}],"curies":[{"name":"wp","href":"https:\/\/api.w.org\/{rel}","templated":true}]}}