{"id":1005785,"date":"2025-04-24T11:26:06","date_gmt":"2025-04-24T09:26:06","guid":{"rendered":"https:\/\/mollersomega3.nl\/mollers-tamamen-balik-yagina-odaklaniyor\/"},"modified":"2026-03-25T11:50:24","modified_gmt":"2026-03-25T10:50:24","slug":"mollers-tamamen-balik-yagina-odaklaniyor","status":"publish","type":"page","link":"https:\/\/mollersomega3.nl\/tr\/mollers-tamamen-balik-yagina-odaklaniyor\/","title":{"rendered":"M\u00f6ller&#8217;s tamamen bal\u0131k ya\u011f\u0131na odaklan\u0131yor"},"content":{"rendered":"<p>M\u00f6ller&#8217;s Omega-3, 1854&#8217;ten beri bal\u0131k ya\u011f\u0131ndan elde edilen y\u00fcksek kaliteli omega-3 ile tan\u0131nmaktad\u0131r. Bal\u0131k ya\u011f\u0131, do\u011fru oranda en y\u00fcksek do\u011fal omega-3 ve DHA\/EPA i\u00e7eri\u011fine sahip en saf bal\u0131k ya\u011f\u0131d\u0131r. Ayr\u0131ca do\u011fal A, D ve E vitaminleri i\u00e7erir.  <\/p><p>M\u00f6ller \u201cs Omega-3, bal\u0131k ya\u011f\u0131 segmentinde bal\u0131k ya\u011f\u0131 ile benzersiz bir konum elde etti. Bu konumu daha da g\u00fc\u00e7lendirmek ve bal\u0131k ya\u011f\u0131n\u0131n kalitesini daha fazla vurgulamak i\u00e7in, kendimizi tamamen y\u00fcksek kaliteli bal\u0131k ya\u011f\u0131na odaklama karar\u0131 ald\u0131k. Bu, bal\u0131k ya\u011f\u0131 kaps\u00fcllerinden (112 adet) vazge\u00e7ti\u011fimiz anlam\u0131na geliyor. Bu \u00fcr\u00fcn i\u00e7in m\u00fckemmel alternatif, kaps\u00fcl formunda y\u00fcksek kaliteli ve saf bal\u0131k ya\u011f\u0131 olan M\u00f6ller\u201d s Omega-3 Bal\u0131k Ya\u011f\u0131 Kaps\u00fclleridir (160 adet).   <\/p><div class=\"wp-block-buttons is-content-justification-center is-layout-flex wp-container-core-buttons-is-layout-16018d1d wp-block-buttons-is-layout-flex\"><div class=\"wp-block-button\"><a class=\"wp-block-button__link has-luminous-vivid-amber-background-color has-background wp-element-button\" href=\"https:\/\/mollersomega3.nl\/en\/product\/mollers-omega-3-cod-liver-oil-capsules\/\">Bal\u0131k ya\u011f\u0131 kaps\u00fcllerine git<\/a><\/div><\/div>","protected":false},"excerpt":{"rendered":"<p>M\u00f6ller&#8217;s Omega-3, 1854&#8217;ten beri bal\u0131k ya\u011f\u0131ndan elde edilen y\u00fcksek kaliteli omega-3 ile tan\u0131nmaktad\u0131r. Bal\u0131k ya\u011f\u0131, do\u011fru oranda en y\u00fcksek do\u011fal omega-3 ve DHA\/EPA i\u00e7eri\u011fine sahip en saf bal\u0131k ya\u011f\u0131d\u0131r. Ayr\u0131ca do\u011fal A, D ve E vitaminleri i\u00e7erir. M\u00f6ller \u201cs Omega-3, bal\u0131k ya\u011f\u0131 segmentinde bal\u0131k ya\u011f\u0131 ile benzersiz bir konum elde etti. Bu konumu daha da [&hellip;]<\/p>\n","protected":false},"author":3328,"featured_media":1007396,"parent":0,"menu_order":0,"comment_status":"closed","ping_status":"closed","template":"","meta":{"_yoast_wpseo_focuskw":"Bal\u0131k Ya\u011f\u0131","_yoast_wpseo_title":"%%title%%","_yoast_wpseo_metadesc":"Kendimizi tamamen y\u00fcksek kaliteli bal\u0131k ya\u011f\u0131na odaklama karar\u0131 ald\u0131k. Bu nedenle bal\u0131k ya\u011f\u0131 kaps\u00fcllerini \u00fcretmeyi durduruyoruz.","_monsterinsights_skip_tracking":false,"_monsterinsights_sitenote_active":false,"_monsterinsights_sitenote_note":"","_monsterinsights_sitenote_category":0,"footnotes":""},"class_list":["post-1005785","page","type-page","status-publish","has-post-thumbnail","hentry"],"yoast_head":"<!-- This site is optimized with the Yoast SEO Premium plugin v25.1 (Yoast SEO v25.1) - https:\/\/yoast.com\/wordpress\/plugins\/seo\/ -->\n<title>M\u00f6ller&#039;s tamamen bal\u0131k ya\u011f\u0131na odaklan\u0131yor<\/title>\n<meta name=\"description\" content=\"Kendimizi tamamen y\u00fcksek kaliteli bal\u0131k ya\u011f\u0131na odaklama karar\u0131 ald\u0131k. Bu nedenle bal\u0131k ya\u011f\u0131 kaps\u00fcllerini \u00fcretmeyi durduruyoruz.\" \/>\n<meta name=\"robots\" content=\"index, follow, max-snippet:-1, max-image-preview:large, max-video-preview:-1\" \/>\n<link rel=\"canonical\" href=\"https:\/\/mollersomega3.nl\/?page_id=1005166\" \/>\n<meta property=\"og:locale\" content=\"tr_TR\" \/>\n<meta property=\"og:type\" content=\"article\" \/>\n<meta property=\"og:title\" content=\"M\u00f6ller&#039;s tamamen bal\u0131k ya\u011f\u0131na odaklan\u0131yor\" \/>\n<meta property=\"og:description\" content=\"Kendimizi tamamen y\u00fcksek kaliteli bal\u0131k ya\u011f\u0131na odaklama karar\u0131 ald\u0131k. Bu nedenle bal\u0131k ya\u011f\u0131 kaps\u00fcllerini \u00fcretmeyi durduruyoruz.\" \/>\n<meta property=\"og:url\" content=\"https:\/\/mollersomega3.nl\/?page_id=1005166\" \/>\n<meta property=\"og:site_name\" content=\"M\u00f6llers Omega-3\" \/>\n<meta property=\"article:publisher\" content=\"https:\/\/www.facebook.com\/mollersomega3nl\" \/>\n<meta property=\"article:modified_time\" content=\"2026-03-25T10:50:24+00:00\" \/>\n<meta property=\"og:image\" content=\"https:\/\/mollersomega3.nl\/wp-content\/uploads\/2025\/04\/visoliecaps-uit-assortiment.png\" \/>\n\t<meta property=\"og:image:width\" content=\"1024\" \/>\n\t<meta property=\"og:image:height\" content=\"499\" \/>\n\t<meta property=\"og:image:type\" content=\"image\/png\" \/>\n<meta name=\"twitter:card\" content=\"summary_large_image\" \/>\n<meta name=\"twitter:site\" content=\"@mollersomega3nl\" \/>\n<meta name=\"twitter:label1\" content=\"Est. reading time\" \/>\n\t<meta name=\"twitter:data1\" content=\"1 minute\" \/>\n<script type=\"application\/ld+json\" class=\"yoast-schema-graph\">{\"@context\":\"https:\/\/schema.org\",\"@graph\":[{\"@type\":\"WebPage\",\"@id\":\"https:\/\/mollersomega3.nl\/?page_id=1005166\",\"url\":\"https:\/\/mollersomega3.nl\/?page_id=1005166\",\"name\":\"M\u00f6ller's tamamen bal\u0131k ya\u011f\u0131na odaklan\u0131yor\",\"isPartOf\":{\"@id\":\"https:\/\/mollersomega3.nl\/#website\"},\"primaryImageOfPage\":{\"@id\":\"https:\/\/mollersomega3.nl\/?page_id=1005166#primaryimage\"},\"image\":{\"@id\":\"https:\/\/mollersomega3.nl\/?page_id=1005166#primaryimage\"},\"thumbnailUrl\":\"https:\/\/mollersomega3.nl\/wp-content\/uploads\/2025\/04\/visoliecaps-uit-assortiment.png\",\"datePublished\":\"2025-04-24T09:26:06+00:00\",\"dateModified\":\"2026-03-25T10:50:24+00:00\",\"description\":\"Kendimizi tamamen y\u00fcksek kaliteli bal\u0131k ya\u011f\u0131na odaklama karar\u0131 ald\u0131k. Bu nedenle bal\u0131k ya\u011f\u0131 kaps\u00fcllerini \u00fcretmeyi durduruyoruz.\",\"breadcrumb\":{\"@id\":\"https:\/\/mollersomega3.nl\/?page_id=1005166#breadcrumb\"},\"inLanguage\":\"tr-TR\",\"potentialAction\":[{\"@type\":\"ReadAction\",\"target\":[\"https:\/\/mollersomega3.nl\/?page_id=1005166\"]}]},{\"@type\":\"ImageObject\",\"inLanguage\":\"tr-TR\",\"@id\":\"https:\/\/mollersomega3.nl\/?page_id=1005166#primaryimage\",\"url\":\"https:\/\/mollersomega3.nl\/wp-content\/uploads\/2025\/04\/visoliecaps-uit-assortiment.png\",\"contentUrl\":\"https:\/\/mollersomega3.nl\/wp-content\/uploads\/2025\/04\/visoliecaps-uit-assortiment.png\",\"width\":1024,\"height\":499},{\"@type\":\"BreadcrumbList\",\"@id\":\"https:\/\/mollersomega3.nl\/?page_id=1005166#breadcrumb\",\"itemListElement\":[{\"@type\":\"ListItem\",\"position\":1,\"name\":\"Ana Sayfa\",\"item\":\"https:\/\/mollersomega3.nl\/tr\/\"},{\"@type\":\"ListItem\",\"position\":2,\"name\":\"M\u00f6ller&#8217;s tamamen bal\u0131k ya\u011f\u0131na odaklan\u0131yor\"}]},{\"@type\":\"WebSite\",\"@id\":\"https:\/\/mollersomega3.nl\/#website\",\"url\":\"https:\/\/mollersomega3.nl\/\",\"name\":\"M\u00f6llers Omega-3\",\"description\":\"A Spoonful of Life since 1854\",\"publisher\":{\"@id\":\"https:\/\/mollersomega3.nl\/#organization\"},\"potentialAction\":[{\"@type\":\"SearchAction\",\"target\":{\"@type\":\"EntryPoint\",\"urlTemplate\":\"https:\/\/mollersomega3.nl\/?s={search_term_string}\"},\"query-input\":{\"@type\":\"PropertyValueSpecification\",\"valueRequired\":true,\"valueName\":\"search_term_string\"}}],\"inLanguage\":\"tr-TR\"},{\"@type\":\"Organization\",\"@id\":\"https:\/\/mollersomega3.nl\/#organization\",\"name\":\"M\u00f6llers Omega-3\",\"url\":\"https:\/\/mollersomega3.nl\/\",\"logo\":{\"@type\":\"ImageObject\",\"inLanguage\":\"tr-TR\",\"@id\":\"https:\/\/mollersomega3.nl\/#\/schema\/logo\/image\/\",\"url\":\"https:\/\/mollersomega3.nl\/wp-content\/uploads\/2020\/07\/mollers-logo-bestellingen.png\",\"contentUrl\":\"https:\/\/mollersomega3.nl\/wp-content\/uploads\/2020\/07\/mollers-logo-bestellingen.png\",\"width\":250,\"height\":86,\"caption\":\"M\u00f6llers Omega-3\"},\"image\":{\"@id\":\"https:\/\/mollersomega3.nl\/#\/schema\/logo\/image\/\"},\"sameAs\":[\"https:\/\/www.facebook.com\/MollersOmega3NL\",\"https:\/\/www.instagram.com\/mollersomega3nl\/\",\"https:\/\/nl.linkedin.com\/company\/good-life-international\",\"https:\/\/www.bol.com\/nl\/nl\/m\/mollers\/\",\"https:\/\/mollersomega3.nl\/en\/\"],\"foundingDate\":\"1854\",\"areaServed\":[\"GB\",\"IE\",\"US\",\"CA\",\"AU\",\"NZ\",\"NL\"],\"knowsAbout\":[\"omega-3\",\"cod liver oil\",\"fish oil\",\"DHA\",\"EPA\",\"vitamin D\"],\"description\":\"Norwegian premium omega-3 brand since 1854. Cod liver oil and fish oil supplements with omega-3, vitamins A, D and E.\"}]}<\/script>\n<!-- \/ Yoast SEO Premium plugin. -->","yoast_head_json":{"title":"M\u00f6ller's tamamen bal\u0131k ya\u011f\u0131na odaklan\u0131yor","description":"Kendimizi tamamen y\u00fcksek kaliteli bal\u0131k ya\u011f\u0131na odaklama karar\u0131 ald\u0131k. Bu nedenle bal\u0131k ya\u011f\u0131 kaps\u00fcllerini \u00fcretmeyi durduruyoruz.","robots":{"index":"index","follow":"follow","max-snippet":"max-snippet:-1","max-image-preview":"max-image-preview:large","max-video-preview":"max-video-preview:-1"},"canonical":"https:\/\/mollersomega3.nl\/?page_id=1005166","og_locale":"tr_TR","og_type":"article","og_title":"M\u00f6ller's tamamen bal\u0131k ya\u011f\u0131na odaklan\u0131yor","og_description":"Kendimizi tamamen y\u00fcksek kaliteli bal\u0131k ya\u011f\u0131na odaklama karar\u0131 ald\u0131k. Bu nedenle bal\u0131k ya\u011f\u0131 kaps\u00fcllerini \u00fcretmeyi durduruyoruz.","og_url":"https:\/\/mollersomega3.nl\/?page_id=1005166","og_site_name":"M\u00f6llers Omega-3","article_publisher":"https:\/\/www.facebook.com\/mollersomega3nl","article_modified_time":"2026-03-25T10:50:24+00:00","og_image":[{"width":1024,"height":499,"url":"https:\/\/mollersomega3.nl\/wp-content\/uploads\/2025\/04\/visoliecaps-uit-assortiment.png","type":"image\/png"}],"twitter_card":"summary_large_image","twitter_site":"@mollersomega3nl","twitter_misc":{"Est. reading time":"1 minute"},"schema":{"@context":"https:\/\/schema.org","@graph":[{"@type":"WebPage","@id":"https:\/\/mollersomega3.nl\/?page_id=1005166","url":"https:\/\/mollersomega3.nl\/?page_id=1005166","name":"M\u00f6ller's tamamen bal\u0131k ya\u011f\u0131na odaklan\u0131yor","isPartOf":{"@id":"https:\/\/mollersomega3.nl\/#website"},"primaryImageOfPage":{"@id":"https:\/\/mollersomega3.nl\/?page_id=1005166#primaryimage"},"image":{"@id":"https:\/\/mollersomega3.nl\/?page_id=1005166#primaryimage"},"thumbnailUrl":"https:\/\/mollersomega3.nl\/wp-content\/uploads\/2025\/04\/visoliecaps-uit-assortiment.png","datePublished":"2025-04-24T09:26:06+00:00","dateModified":"2026-03-25T10:50:24+00:00","description":"Kendimizi tamamen y\u00fcksek kaliteli bal\u0131k ya\u011f\u0131na odaklama karar\u0131 ald\u0131k. Bu nedenle bal\u0131k ya\u011f\u0131 kaps\u00fcllerini \u00fcretmeyi durduruyoruz.","breadcrumb":{"@id":"https:\/\/mollersomega3.nl\/?page_id=1005166#breadcrumb"},"inLanguage":"tr-TR","potentialAction":[{"@type":"ReadAction","target":["https:\/\/mollersomega3.nl\/?page_id=1005166"]}]},{"@type":"ImageObject","inLanguage":"tr-TR","@id":"https:\/\/mollersomega3.nl\/?page_id=1005166#primaryimage","url":"https:\/\/mollersomega3.nl\/wp-content\/uploads\/2025\/04\/visoliecaps-uit-assortiment.png","contentUrl":"https:\/\/mollersomega3.nl\/wp-content\/uploads\/2025\/04\/visoliecaps-uit-assortiment.png","width":1024,"height":499},{"@type":"BreadcrumbList","@id":"https:\/\/mollersomega3.nl\/?page_id=1005166#breadcrumb","itemListElement":[{"@type":"ListItem","position":1,"name":"Ana Sayfa","item":"https:\/\/mollersomega3.nl\/tr\/"},{"@type":"ListItem","position":2,"name":"M\u00f6ller&#8217;s tamamen bal\u0131k ya\u011f\u0131na odaklan\u0131yor"}]},{"@type":"WebSite","@id":"https:\/\/mollersomega3.nl\/#website","url":"https:\/\/mollersomega3.nl\/","name":"M\u00f6llers Omega-3","description":"A Spoonful of Life since 1854","publisher":{"@id":"https:\/\/mollersomega3.nl\/#organization"},"potentialAction":[{"@type":"SearchAction","target":{"@type":"EntryPoint","urlTemplate":"https:\/\/mollersomega3.nl\/?s={search_term_string}"},"query-input":{"@type":"PropertyValueSpecification","valueRequired":true,"valueName":"search_term_string"}}],"inLanguage":"tr-TR"},{"@type":"Organization","@id":"https:\/\/mollersomega3.nl\/#organization","name":"M\u00f6llers Omega-3","url":"https:\/\/mollersomega3.nl\/","logo":{"@type":"ImageObject","inLanguage":"tr-TR","@id":"https:\/\/mollersomega3.nl\/#\/schema\/logo\/image\/","url":"https:\/\/mollersomega3.nl\/wp-content\/uploads\/2020\/07\/mollers-logo-bestellingen.png","contentUrl":"https:\/\/mollersomega3.nl\/wp-content\/uploads\/2020\/07\/mollers-logo-bestellingen.png","width":250,"height":86,"caption":"M\u00f6llers Omega-3"},"image":{"@id":"https:\/\/mollersomega3.nl\/#\/schema\/logo\/image\/"},"sameAs":["https:\/\/www.facebook.com\/MollersOmega3NL","https:\/\/www.instagram.com\/mollersomega3nl\/","https:\/\/nl.linkedin.com\/company\/good-life-international","https:\/\/www.bol.com\/nl\/nl\/m\/mollers\/","https:\/\/mollersomega3.nl\/en\/"],"foundingDate":"1854","areaServed":["GB","IE","US","CA","AU","NZ","NL"],"knowsAbout":["omega-3","cod liver oil","fish oil","DHA","EPA","vitamin D"],"description":"Norwegian premium omega-3 brand since 1854. Cod liver oil and fish oil supplements with omega-3, vitamins A, D and E."}]}},"_links":{"self":[{"href":"https:\/\/mollersomega3.nl\/tr\/wp-json\/wp\/v2\/pages\/1005785","targetHints":{"allow":["GET"]}}],"collection":[{"href":"https:\/\/mollersomega3.nl\/tr\/wp-json\/wp\/v2\/pages"}],"about":[{"href":"https:\/\/mollersomega3.nl\/tr\/wp-json\/wp\/v2\/types\/page"}],"author":[{"embeddable":true,"href":"https:\/\/mollersomega3.nl\/tr\/wp-json\/wp\/v2\/users\/3328"}],"replies":[{"embeddable":true,"href":"https:\/\/mollersomega3.nl\/tr\/wp-json\/wp\/v2\/comments?post=1005785"}],"version-history":[{"count":0,"href":"https:\/\/mollersomega3.nl\/tr\/wp-json\/wp\/v2\/pages\/1005785\/revisions"}],"wp:featuredmedia":[{"embeddable":true,"href":"https:\/\/mollersomega3.nl\/tr\/wp-json\/wp\/v2\/media\/1007396"}],"wp:attachment":[{"href":"https:\/\/mollersomega3.nl\/tr\/wp-json\/wp\/v2\/media?parent=1005785"}],"curies":[{"name":"wp","href":"https:\/\/api.w.org\/{rel}","templated":true}]}}