{"id":1005791,"date":"2024-07-16T14:46:24","date_gmt":"2024-07-16T12:46:24","guid":{"rendered":"https:\/\/mollersomega3.nl\/guncel-mollers-omega-3-teklifleri\/"},"modified":"2025-07-04T08:56:29","modified_gmt":"2025-07-04T06:56:29","slug":"guncel-mollers-omega-3-teklifleri","status":"publish","type":"page","link":"https:\/\/mollersomega3.nl\/tr\/guncel-mollers-omega-3-teklifleri\/","title":{"rendered":"G\u00fcncel M\u00f6ller&#8217;s Omega-3 teklifleri"},"content":{"rendered":"<p>G\u00fcncel M\u00f6ller&#8217;s Omega-3 teklifleri i\u00e7in bu sayfay\u0131 takip edin. <\/p><div style=\"height:20px\" aria-hidden=\"true\" class=\"wp-block-spacer\"><\/div><h2 class=\"wp-block-heading has-text-align-center\" id=\"h-huidige-aanbieding-en\"><strong>G\u00fcncel teklif(ler)<\/strong><\/h2><div style=\"height:20px\" aria-hidden=\"true\" class=\"wp-block-spacer\"><\/div><div class=\"wp-block-media-text alignwide is-stacked-on-mobile\" style=\"grid-template-columns:25% auto\"><figure class=\"wp-block-media-text__media\"><a href=\"https:\/\/www.kruidvat.nl\/mollers\/b\/MOLLER\" target=\"_blank\" rel=\"noreferrer noopener\"><img decoding=\"async\" width=\"250\" height=\"250\" src=\"https:\/\/mollersomega3.nl\/wp-content\/uploads\/2024\/07\/Kruidvat-vierkant.jpg\" alt=\"\" class=\"wp-image-1003026 size-full\" srcset=\"https:\/\/mollersomega3.nl\/wp-content\/uploads\/2024\/07\/Kruidvat-vierkant.jpg 250w, https:\/\/mollersomega3.nl\/wp-content\/uploads\/2024\/07\/Kruidvat-vierkant-100x100.jpg 100w\" sizes=\"(max-width: 250px) 100vw, 250px\" \/><\/a><\/figure><div class=\"wp-block-media-text__content\"><h3 class=\"wp-block-heading\" id=\"h-nu-25-korting-bij-kruidvat\">Kruidvat&#8217;ta \u015fimdi %25 indirim<\/h3>\n\n<p>Teklif 6 Temmuz 2025 tarihine kadar ge\u00e7erli<\/p>\n\n<p><strong>\u015eimdi sat\u0131n al:<\/strong> <a href=\"https:\/\/www.kruidvat.nl\/mollers\/b\/MOLLER\" target=\"_blank\" rel=\"noreferrer noopener nofollow\">Web ma\u011fazas\u0131na git<\/a><\/p><\/div><\/div><div style=\"height:20px\" aria-hidden=\"true\" class=\"wp-block-spacer\"><\/div><div class=\"wp-block-media-text alignwide is-stacked-on-mobile\" style=\"grid-template-columns:25% auto\"><figure class=\"wp-block-media-text__media\"><a href=\"https:\/\/www.gezondheidswinkel.nl\/m\/mollers\" target=\"_blank\" rel=\"noreferrer noopener\"><img decoding=\"async\" width=\"250\" height=\"250\" src=\"https:\/\/mollersomega3.nl\/wp-content\/uploads\/2024\/07\/GW.jpg\" alt=\"\" class=\"wp-image-1003032 size-full\" srcset=\"https:\/\/mollersomega3.nl\/wp-content\/uploads\/2024\/07\/GW.jpg 250w, https:\/\/mollersomega3.nl\/wp-content\/uploads\/2024\/07\/GW-100x100.jpg 100w\" sizes=\"(max-width: 250px) 100vw, 250px\" \/><\/a><\/figure><div class=\"wp-block-media-text__content\"><h3 class=\"wp-block-heading\" id=\"h-nu-25-korting-bij-g-amp-w-gezondheidswinkel\">G Gezondheidswinkel&#8217;de \u015fimdi %25 indirim<\/h3>\n\n<p>Teklif 27 Temmuz 2025 tarihine kadar ge\u00e7erli<\/p>\n\n<p><strong>\u015eimdi sat\u0131n al:<\/strong> <a href=\"https:\/\/www.gezondheidswinkel.nl\/m\/mollers\" target=\"_blank\" rel=\"noreferrer noopener nofollow\">Web ma\u011fazas\u0131na git<\/a><\/p><\/div><\/div><div style=\"height:20px\" aria-hidden=\"true\" class=\"wp-block-spacer\"><\/div><div style=\"height:0px\" aria-hidden=\"true\" class=\"wp-block-spacer\"><\/div><div class=\"wp-block-media-text alignwide is-stacked-on-mobile\" style=\"grid-template-columns:25% auto\"><figure class=\"wp-block-media-text__media\"><a href=\"https:\/\/mollersomega3.nl\/producten\/\"><img decoding=\"async\" width=\"250\" height=\"250\" src=\"https:\/\/mollersomega3.nl\/wp-content\/uploads\/2024\/07\/Mollers-logo-1.jpg\" alt=\"\" class=\"wp-image-1003049 size-full\" srcset=\"https:\/\/mollersomega3.nl\/wp-content\/uploads\/2024\/07\/Mollers-logo-1.jpg 250w, https:\/\/mollersomega3.nl\/wp-content\/uploads\/2024\/07\/Mollers-logo-1-100x100.jpg 100w\" sizes=\"(max-width: 250px) 100vw, 250px\" \/><\/a><\/figure><div class=\"wp-block-media-text__content\"><h3 class=\"wp-block-heading\" id=\"h-moller-s-omega-3-webshop\">M\u00f6ller&#8217;s Omega-3 web ma\u011fazas\u0131<strong> <\/strong><\/h3>\n\n<p><strong>Teklif:<\/strong> <br\/>2 \u00fcr\u00fcn al\u0131m\u0131nda t\u00fcm \u00fcr\u00fcn gam\u0131nda %15 indirim. <br\/>3+ \u00fcr\u00fcn al\u0131m\u0131nda t\u00fcm \u00fcr\u00fcn gam\u0131nda %20 indirim. <\/p>\n\n<p><em>\u0130ndirimli \u00fcr\u00fcnler hari\u00e7. <\/em><\/p>\n\n<p><strong>Al\u0131\u015fveri\u015f:<\/strong> <a href=\"https:\/\/mollersomega3.nl\/producten\/\">Web ma\u011fazas\u0131na git<\/a> <\/p><\/div><\/div><div style=\"height:20px\" aria-hidden=\"true\" class=\"wp-block-spacer\"><\/div><div style=\"height:20px\" aria-hidden=\"true\" class=\"wp-block-spacer\"><\/div><h2 class=\"wp-block-heading has-text-align-center\" id=\"h-waar-te-koop\"><strong>Nereden sat\u0131n al\u0131n\u0131r<\/strong> <\/h2><div style=\"height:20px\" aria-hidden=\"true\" class=\"wp-block-spacer\"><\/div><div class=\"wp-block-media-text alignwide is-stacked-on-mobile\" style=\"grid-template-columns:25% auto\"><figure class=\"wp-block-media-text__media\"><a href=\"https:\/\/www.kruidvat.nl\/mollers\/b\/MOLLER\" target=\"_blank\" rel=\"noreferrer noopener\"><img decoding=\"async\" width=\"250\" height=\"250\" src=\"https:\/\/mollersomega3.nl\/wp-content\/uploads\/2024\/07\/Kruidvat-vierkant.jpg\" alt=\"\" class=\"wp-image-1003026 size-full\" srcset=\"https:\/\/mollersomega3.nl\/wp-content\/uploads\/2024\/07\/Kruidvat-vierkant.jpg 250w, https:\/\/mollersomega3.nl\/wp-content\/uploads\/2024\/07\/Kruidvat-vierkant-100x100.jpg 100w\" sizes=\"(max-width: 250px) 100vw, 250px\" \/><\/a><\/figure><div class=\"wp-block-media-text__content\"><h3 class=\"wp-block-heading\" id=\"h-kruidvat\">Kruidvat<\/h3>\n\n<p><\/p>\n\n<p><strong>Al\u0131\u015fveri\u015f:<\/strong> <a href=\"https:\/\/www.kruidvat.nl\/mollers\/b\/MOLLER\" target=\"_blank\" rel=\"noreferrer noopener nofollow\">Web ma\u011fazas\u0131na git<\/a> <\/p><\/div><\/div><div style=\"height:20px\" aria-hidden=\"true\" class=\"wp-block-spacer\"><\/div><div class=\"wp-block-media-text alignwide is-stacked-on-mobile\" style=\"grid-template-columns:25% auto\"><figure class=\"wp-block-media-text__media\"><a href=\"https:\/\/www.etos.nl\/vitamines-mineralen-en-supplementen\/supplementen\/visolie-omega-3\/moller%E2%80%99s\/\" target=\"_blank\" rel=\"noreferrer noopener\"><img decoding=\"async\" width=\"250\" height=\"250\" src=\"https:\/\/mollersomega3.nl\/wp-content\/uploads\/2024\/07\/ETos.jpg\" alt=\"\" class=\"wp-image-1003028 size-full\" srcset=\"https:\/\/mollersomega3.nl\/wp-content\/uploads\/2024\/07\/ETos.jpg 250w, https:\/\/mollersomega3.nl\/wp-content\/uploads\/2024\/07\/ETos-100x100.jpg 100w\" sizes=\"(max-width: 250px) 100vw, 250px\" \/><\/a><\/figure><div class=\"wp-block-media-text__content\"><h3 class=\"wp-block-heading\" id=\"h-etos\">Etos<\/h3>\n\n<p><\/p>\n\n<p><strong>Al\u0131\u015fveri\u015f:<\/strong> <a href=\"https:\/\/www.etos.nl\/vitamines-mineralen-en-supplementen\/supplementen\/visolie-omega-3\/moller%E2%80%99s\/\" target=\"_blank\" rel=\"noreferrer noopener nofollow\">Web ma\u011fazas\u0131na git<\/a> <\/p><\/div><\/div><div style=\"height:20px\" aria-hidden=\"true\" class=\"wp-block-spacer\"><\/div><div class=\"wp-block-media-text alignwide is-stacked-on-mobile\" style=\"grid-template-columns:25% auto\"><figure class=\"wp-block-media-text__media\"><a href=\"https:\/\/www.vitaminstore.nl\/merk\/mollers\" target=\"_blank\" rel=\"noreferrer noopener\"><img decoding=\"async\" width=\"250\" height=\"250\" src=\"https:\/\/mollersomega3.nl\/wp-content\/uploads\/2024\/07\/Vitamin-store.jpg\" alt=\"\" class=\"wp-image-1003030 size-full\" srcset=\"https:\/\/mollersomega3.nl\/wp-content\/uploads\/2024\/07\/Vitamin-store.jpg 250w, https:\/\/mollersomega3.nl\/wp-content\/uploads\/2024\/07\/Vitamin-store-100x100.jpg 100w\" sizes=\"(max-width: 250px) 100vw, 250px\" \/><\/a><\/figure><div class=\"wp-block-media-text__content\"><h3 class=\"wp-block-heading\" id=\"h-vitaminstore\">Vitaminstore<\/h3>\n\n<p><\/p>\n\n<p><strong>Al\u0131\u015fveri\u015f:<\/strong> <a href=\"https:\/\/www.vitaminstore.nl\/merk\/mollers\" target=\"_blank\" rel=\"noreferrer noopener nofollow\">Web ma\u011fazas\u0131na git<\/a><\/p><\/div><\/div><div style=\"height:20px\" aria-hidden=\"true\" class=\"wp-block-spacer\"><\/div><div class=\"wp-block-media-text alignwide is-stacked-on-mobile\" style=\"grid-template-columns:25% auto\"><figure class=\"wp-block-media-text__media\"><a href=\"https:\/\/www.gezondheidswinkel.nl\/m\/mollers\" target=\"_blank\" rel=\"noreferrer noopener\"><img decoding=\"async\" width=\"250\" height=\"250\" src=\"https:\/\/mollersomega3.nl\/wp-content\/uploads\/2024\/07\/GW.jpg\" alt=\"\" class=\"wp-image-1003032 size-full\" srcset=\"https:\/\/mollersomega3.nl\/wp-content\/uploads\/2024\/07\/GW.jpg 250w, https:\/\/mollersomega3.nl\/wp-content\/uploads\/2024\/07\/GW-100x100.jpg 100w\" sizes=\"(max-width: 250px) 100vw, 250px\" \/><\/a><\/figure><div class=\"wp-block-media-text__content\"><h3 class=\"wp-block-heading\" id=\"h-g-amp-w-gezondheidswinkel\">G Gezondheidswinkel<\/h3>\n\n<p><\/p>\n\n<p><strong>Al\u0131\u015fveri\u015f:<\/strong> <a href=\"https:\/\/www.gezondheidswinkel.nl\/m\/mollers\" target=\"_blank\" rel=\"noreferrer noopener nofollow\">Web ma\u011fazas\u0131na git<\/a><\/p><\/div><\/div><div style=\"height:20px\" aria-hidden=\"true\" class=\"wp-block-spacer\"><\/div><div class=\"wp-block-media-text alignwide is-stacked-on-mobile\" style=\"grid-template-columns:25% auto\"><figure class=\"wp-block-media-text__media\"><a href=\"https:\/\/www.hollandandbarrett.nl\/shop\/brands\/moller-s\/\"><img decoding=\"async\" width=\"250\" height=\"250\" src=\"https:\/\/mollersomega3.nl\/wp-content\/uploads\/2024\/07\/HB.jpg\" alt=\"\" class=\"wp-image-1003021 size-full\" srcset=\"https:\/\/mollersomega3.nl\/wp-content\/uploads\/2024\/07\/HB.jpg 250w, https:\/\/mollersomega3.nl\/wp-content\/uploads\/2024\/07\/HB-100x100.jpg 100w\" sizes=\"(max-width: 250px) 100vw, 250px\" \/><\/a><\/figure><div class=\"wp-block-media-text__content\"><h3 class=\"wp-block-heading\" id=\"h-holland-amp-barrett\">Holland  Barrett <\/h3>\n\n<p><\/p>\n\n<p><strong>Al\u0131\u015fveri\u015f:<\/strong> <a href=\"https:\/\/www.hollandandbarrett.nl\/shop\/brands\/moller-s\/\" target=\"_blank\" rel=\"noreferrer noopener nofollow\">Web ma\u011fazas\u0131na git<\/a> <\/p><\/div><\/div><div style=\"height:20px\" aria-hidden=\"true\" class=\"wp-block-spacer\"><\/div><div class=\"wp-block-media-text alignwide is-stacked-on-mobile\" style=\"grid-template-columns:25% auto\"><figure class=\"wp-block-media-text__media\"><a href=\"https:\/\/www.erica.nl\/Zoek?q=mollers\" target=\"_blank\" rel=\"noreferrer noopener\"><img decoding=\"async\" width=\"250\" height=\"250\" src=\"https:\/\/mollersomega3.nl\/wp-content\/uploads\/2024\/07\/ERica.jpg\" alt=\"\" class=\"wp-image-1003035 size-full\" srcset=\"https:\/\/mollersomega3.nl\/wp-content\/uploads\/2024\/07\/ERica.jpg 250w, https:\/\/mollersomega3.nl\/wp-content\/uploads\/2024\/07\/ERica-100x100.jpg 100w\" sizes=\"(max-width: 250px) 100vw, 250px\" \/><\/a><\/figure><div class=\"wp-block-media-text__content\"><h3 class=\"wp-block-heading\" id=\"h-erica-kruiderijen\">Erica Kruiderijen<\/h3>\n\n<p><\/p>\n\n<p><strong>Al\u0131\u015fveri\u015f:<\/strong> <a href=\"https:\/\/www.erica.nl\/Zoek?q=mollers\" target=\"_blank\" rel=\"noreferrer noopener nofollow\">Web ma\u011fazas\u0131na git<\/a><\/p><\/div><\/div><div style=\"height:20px\" aria-hidden=\"true\" class=\"wp-block-spacer\"><\/div><div class=\"wp-block-media-text alignwide is-stacked-on-mobile\" style=\"grid-template-columns:25% auto\"><figure class=\"wp-block-media-text__media\"><a href=\"https:\/\/www.leef.nl\/#sqr:(q[M%C3%B6ller],f194379[Mollers])\" target=\"_blank\" rel=\"noreferrer noopener\"><img decoding=\"async\" width=\"250\" height=\"250\" src=\"https:\/\/mollersomega3.nl\/wp-content\/uploads\/2024\/07\/bewustwinkelen-1.jpg\" alt=\"\" class=\"wp-image-1003037 size-full\" srcset=\"https:\/\/mollersomega3.nl\/wp-content\/uploads\/2024\/07\/bewustwinkelen-1.jpg 250w, https:\/\/mollersomega3.nl\/wp-content\/uploads\/2024\/07\/bewustwinkelen-1-100x100.jpg 100w\" sizes=\"(max-width: 250px) 100vw, 250px\" \/><\/a><\/figure><div class=\"wp-block-media-text__content\"><h3 class=\"wp-block-heading\" id=\"h-leef-nl\">Leef.nl<\/h3>\n\n<p><\/p>\n\n<p><strong>Al\u0131\u015fveri\u015f:<\/strong> <a href=\"https:\/\/www.leef.nl\/#sqr:(q%5BM%C3%B6ller%5D,f194379%5BMollers%5D)\" target=\"_blank\" rel=\"noreferrer noopener nofollow\">Web ma\u011fazas\u0131na git<\/a><\/p><\/div><\/div><div style=\"height:20px\" aria-hidden=\"true\" class=\"wp-block-spacer\"><\/div><div class=\"wp-block-media-text alignwide is-stacked-on-mobile\" style=\"grid-template-columns:25% auto\"><figure class=\"wp-block-media-text__media\"><a href=\"https:\/\/www.ekoplaza.nl\/nl\/zoeken\/M%C3%B6ller's?merk=MOLLERS\" target=\"_blank\" rel=\"noreferrer noopener\"><img decoding=\"async\" width=\"250\" height=\"250\" src=\"https:\/\/mollersomega3.nl\/wp-content\/uploads\/2024\/07\/Ekoplaza.jpg\" alt=\"\" class=\"wp-image-1003038 size-full\" srcset=\"https:\/\/mollersomega3.nl\/wp-content\/uploads\/2024\/07\/Ekoplaza.jpg 250w, https:\/\/mollersomega3.nl\/wp-content\/uploads\/2024\/07\/Ekoplaza-100x100.jpg 100w\" sizes=\"(max-width: 250px) 100vw, 250px\" \/><\/a><\/figure><div class=\"wp-block-media-text__content\"><h3 class=\"wp-block-heading\" id=\"h-ekoplaza\">Ekoplaza<\/h3>\n\n<p><\/p>\n\n<p><strong>Al\u0131\u015fveri\u015f:<\/strong> <a href=\"https:\/\/www.ekoplaza.nl\/nl\/zoeken\/M%C3%B6ller's?merk=MOLLERS\" target=\"_blank\" rel=\"noreferrer noopener nofollow\">Web ma\u011fazas\u0131na git<\/a><\/p><\/div><\/div>","protected":false},"excerpt":{"rendered":"<p>G\u00fcncel M\u00f6ller&#8217;s Omega-3 teklifleri i\u00e7in bu sayfay\u0131 takip edin. G\u00fcncel teklif(ler) Kruidvat&#8217;ta \u015fimdi %25 indirim Teklif 6 Temmuz 2025 tarihine kadar ge\u00e7erli \u015eimdi sat\u0131n al: Web ma\u011fazas\u0131na git G Gezondheidswinkel&#8217;de \u015fimdi %25 indirim Teklif 27 Temmuz 2025 tarihine kadar ge\u00e7erli \u015eimdi sat\u0131n al: Web ma\u011fazas\u0131na git M\u00f6ller&#8217;s Omega-3 web ma\u011fazas\u0131 Teklif: 2 \u00fcr\u00fcn al\u0131m\u0131nda t\u00fcm [&hellip;]<\/p>\n","protected":false},"author":3328,"featured_media":0,"parent":0,"menu_order":0,"comment_status":"closed","ping_status":"closed","template":"","meta":{"_yoast_wpseo_focuskw":"M\u00f6ller's teklifleri","_yoast_wpseo_title":"G\u00fcncel %%title%% %%page%%","_yoast_wpseo_metadesc":"T\u00fcm g\u00fcncel M\u00f6ller's teklifleri i\u00e7in bu sayfay\u0131 takip edin. Hem online hem de yerel eczanenizde!","_monsterinsights_skip_tracking":false,"_monsterinsights_sitenote_active":false,"_monsterinsights_sitenote_note":"","_monsterinsights_sitenote_category":0,"footnotes":""},"class_list":["post-1005791","page","type-page","status-publish","hentry"],"yoast_head":"<!-- This site is optimized with the Yoast SEO Premium plugin v25.1 (Yoast SEO v25.1) - https:\/\/yoast.com\/wordpress\/plugins\/seo\/ -->\n<title>G\u00fcncel G\u00fcncel M\u00f6ller&#039;s Omega-3 teklifleri<\/title>\n<meta name=\"description\" content=\"T\u00fcm g\u00fcncel M\u00f6ller&#039;s teklifleri i\u00e7in bu sayfay\u0131 takip edin. Hem online hem de yerel eczanenizde!\" \/>\n<meta name=\"robots\" content=\"index, follow, max-snippet:-1, max-image-preview:large, max-video-preview:-1\" \/>\n<link rel=\"canonical\" href=\"https:\/\/mollersomega3.nl\/aanbiedingen\/\" \/>\n<meta property=\"og:locale\" content=\"tr_TR\" \/>\n<meta property=\"og:type\" content=\"article\" \/>\n<meta property=\"og:title\" content=\"G\u00fcncel M\u00f6ller&#039;s Omega-3 teklifleri\" \/>\n<meta property=\"og:description\" content=\"T\u00fcm g\u00fcncel M\u00f6ller&#039;s teklifleri i\u00e7in bu sayfay\u0131 takip edin. Hem online hem de yerel eczanenizde!\" \/>\n<meta property=\"og:url\" content=\"https:\/\/mollersomega3.nl\/aanbiedingen\/\" \/>\n<meta property=\"og:site_name\" content=\"M\u00f6llers Omega-3\" \/>\n<meta property=\"article:publisher\" content=\"https:\/\/www.facebook.com\/mollersomega3nl\" \/>\n<meta property=\"article:modified_time\" content=\"2025-07-04T06:56:29+00:00\" \/>\n<meta property=\"og:image\" content=\"https:\/\/mollersomega3.nl\/wp-content\/uploads\/2024\/07\/Kruidvat-vierkant.jpg\" \/>\n<meta name=\"twitter:card\" content=\"summary_large_image\" \/>\n<meta name=\"twitter:site\" content=\"@mollersomega3nl\" \/>\n<meta name=\"twitter:label1\" content=\"Est. reading time\" \/>\n\t<meta name=\"twitter:data1\" content=\"1 minute\" \/>\n<script type=\"application\/ld+json\" class=\"yoast-schema-graph\">{\"@context\":\"https:\/\/schema.org\",\"@graph\":[{\"@type\":\"WebPage\",\"@id\":\"https:\/\/mollersomega3.nl\/aanbiedingen\/\",\"url\":\"https:\/\/mollersomega3.nl\/aanbiedingen\/\",\"name\":\"G\u00fcncel G\u00fcncel M\u00f6ller's Omega-3 teklifleri\",\"isPartOf\":{\"@id\":\"https:\/\/mollersomega3.nl\/#website\"},\"primaryImageOfPage\":{\"@id\":\"https:\/\/mollersomega3.nl\/aanbiedingen\/#primaryimage\"},\"image\":{\"@id\":\"https:\/\/mollersomega3.nl\/aanbiedingen\/#primaryimage\"},\"thumbnailUrl\":\"https:\/\/mollersomega3.nl\/wp-content\/uploads\/2024\/07\/Kruidvat-vierkant.jpg\",\"datePublished\":\"2024-07-16T12:46:24+00:00\",\"dateModified\":\"2025-07-04T06:56:29+00:00\",\"description\":\"T\u00fcm g\u00fcncel M\u00f6ller's teklifleri i\u00e7in bu sayfay\u0131 takip edin. Hem online hem de yerel eczanenizde!\",\"breadcrumb\":{\"@id\":\"https:\/\/mollersomega3.nl\/aanbiedingen\/#breadcrumb\"},\"inLanguage\":\"tr-TR\",\"potentialAction\":[{\"@type\":\"ReadAction\",\"target\":[\"https:\/\/mollersomega3.nl\/aanbiedingen\/\"]}]},{\"@type\":\"ImageObject\",\"inLanguage\":\"tr-TR\",\"@id\":\"https:\/\/mollersomega3.nl\/aanbiedingen\/#primaryimage\",\"url\":\"https:\/\/mollersomega3.nl\/wp-content\/uploads\/2024\/07\/Kruidvat-vierkant.jpg\",\"contentUrl\":\"https:\/\/mollersomega3.nl\/wp-content\/uploads\/2024\/07\/Kruidvat-vierkant.jpg\"},{\"@type\":\"BreadcrumbList\",\"@id\":\"https:\/\/mollersomega3.nl\/aanbiedingen\/#breadcrumb\",\"itemListElement\":[{\"@type\":\"ListItem\",\"position\":1,\"name\":\"Ana Sayfa\",\"item\":\"https:\/\/mollersomega3.nl\/tr\/\"},{\"@type\":\"ListItem\",\"position\":2,\"name\":\"G\u00fcncel M\u00f6ller&#8217;s Omega-3 teklifleri\"}]},{\"@type\":\"WebSite\",\"@id\":\"https:\/\/mollersomega3.nl\/#website\",\"url\":\"https:\/\/mollersomega3.nl\/\",\"name\":\"M\u00f6llers Omega-3\",\"description\":\"A Spoonful of Life since 1854\",\"publisher\":{\"@id\":\"https:\/\/mollersomega3.nl\/#organization\"},\"potentialAction\":[{\"@type\":\"SearchAction\",\"target\":{\"@type\":\"EntryPoint\",\"urlTemplate\":\"https:\/\/mollersomega3.nl\/?s={search_term_string}\"},\"query-input\":{\"@type\":\"PropertyValueSpecification\",\"valueRequired\":true,\"valueName\":\"search_term_string\"}}],\"inLanguage\":\"tr-TR\"},{\"@type\":\"Organization\",\"@id\":\"https:\/\/mollersomega3.nl\/#organization\",\"name\":\"M\u00f6llers Omega-3\",\"url\":\"https:\/\/mollersomega3.nl\/\",\"logo\":{\"@type\":\"ImageObject\",\"inLanguage\":\"tr-TR\",\"@id\":\"https:\/\/mollersomega3.nl\/#\/schema\/logo\/image\/\",\"url\":\"https:\/\/mollersomega3.nl\/wp-content\/uploads\/2020\/07\/mollers-logo-bestellingen.png\",\"contentUrl\":\"https:\/\/mollersomega3.nl\/wp-content\/uploads\/2020\/07\/mollers-logo-bestellingen.png\",\"width\":250,\"height\":86,\"caption\":\"M\u00f6llers Omega-3\"},\"image\":{\"@id\":\"https:\/\/mollersomega3.nl\/#\/schema\/logo\/image\/\"},\"sameAs\":[\"https:\/\/www.facebook.com\/MollersOmega3NL\",\"https:\/\/www.instagram.com\/mollersomega3nl\/\",\"https:\/\/nl.linkedin.com\/company\/good-life-international\",\"https:\/\/www.bol.com\/nl\/nl\/m\/mollers\/\",\"https:\/\/mollersomega3.nl\/en\/\"],\"foundingDate\":\"1854\",\"areaServed\":[\"GB\",\"IE\",\"US\",\"CA\",\"AU\",\"NZ\",\"NL\"],\"knowsAbout\":[\"omega-3\",\"cod liver oil\",\"fish oil\",\"DHA\",\"EPA\",\"vitamin D\"],\"description\":\"Norwegian premium omega-3 brand since 1854. Cod liver oil and fish oil supplements with omega-3, vitamins A, D and E.\"}]}<\/script>\n<!-- \/ Yoast SEO Premium plugin. -->","yoast_head_json":{"title":"G\u00fcncel G\u00fcncel M\u00f6ller's Omega-3 teklifleri","description":"T\u00fcm g\u00fcncel M\u00f6ller's teklifleri i\u00e7in bu sayfay\u0131 takip edin. Hem online hem de yerel eczanenizde!","robots":{"index":"index","follow":"follow","max-snippet":"max-snippet:-1","max-image-preview":"max-image-preview:large","max-video-preview":"max-video-preview:-1"},"canonical":"https:\/\/mollersomega3.nl\/aanbiedingen\/","og_locale":"tr_TR","og_type":"article","og_title":"G\u00fcncel M\u00f6ller's Omega-3 teklifleri","og_description":"T\u00fcm g\u00fcncel M\u00f6ller's teklifleri i\u00e7in bu sayfay\u0131 takip edin. Hem online hem de yerel eczanenizde!","og_url":"https:\/\/mollersomega3.nl\/aanbiedingen\/","og_site_name":"M\u00f6llers Omega-3","article_publisher":"https:\/\/www.facebook.com\/mollersomega3nl","article_modified_time":"2025-07-04T06:56:29+00:00","og_image":[{"url":"https:\/\/mollersomega3.nl\/wp-content\/uploads\/2024\/07\/Kruidvat-vierkant.jpg","type":"","width":"","height":""}],"twitter_card":"summary_large_image","twitter_site":"@mollersomega3nl","twitter_misc":{"Est. reading time":"1 minute"},"schema":{"@context":"https:\/\/schema.org","@graph":[{"@type":"WebPage","@id":"https:\/\/mollersomega3.nl\/aanbiedingen\/","url":"https:\/\/mollersomega3.nl\/aanbiedingen\/","name":"G\u00fcncel G\u00fcncel M\u00f6ller's Omega-3 teklifleri","isPartOf":{"@id":"https:\/\/mollersomega3.nl\/#website"},"primaryImageOfPage":{"@id":"https:\/\/mollersomega3.nl\/aanbiedingen\/#primaryimage"},"image":{"@id":"https:\/\/mollersomega3.nl\/aanbiedingen\/#primaryimage"},"thumbnailUrl":"https:\/\/mollersomega3.nl\/wp-content\/uploads\/2024\/07\/Kruidvat-vierkant.jpg","datePublished":"2024-07-16T12:46:24+00:00","dateModified":"2025-07-04T06:56:29+00:00","description":"T\u00fcm g\u00fcncel M\u00f6ller's teklifleri i\u00e7in bu sayfay\u0131 takip edin. Hem online hem de yerel eczanenizde!","breadcrumb":{"@id":"https:\/\/mollersomega3.nl\/aanbiedingen\/#breadcrumb"},"inLanguage":"tr-TR","potentialAction":[{"@type":"ReadAction","target":["https:\/\/mollersomega3.nl\/aanbiedingen\/"]}]},{"@type":"ImageObject","inLanguage":"tr-TR","@id":"https:\/\/mollersomega3.nl\/aanbiedingen\/#primaryimage","url":"https:\/\/mollersomega3.nl\/wp-content\/uploads\/2024\/07\/Kruidvat-vierkant.jpg","contentUrl":"https:\/\/mollersomega3.nl\/wp-content\/uploads\/2024\/07\/Kruidvat-vierkant.jpg"},{"@type":"BreadcrumbList","@id":"https:\/\/mollersomega3.nl\/aanbiedingen\/#breadcrumb","itemListElement":[{"@type":"ListItem","position":1,"name":"Ana Sayfa","item":"https:\/\/mollersomega3.nl\/tr\/"},{"@type":"ListItem","position":2,"name":"G\u00fcncel M\u00f6ller&#8217;s Omega-3 teklifleri"}]},{"@type":"WebSite","@id":"https:\/\/mollersomega3.nl\/#website","url":"https:\/\/mollersomega3.nl\/","name":"M\u00f6llers Omega-3","description":"A Spoonful of Life since 1854","publisher":{"@id":"https:\/\/mollersomega3.nl\/#organization"},"potentialAction":[{"@type":"SearchAction","target":{"@type":"EntryPoint","urlTemplate":"https:\/\/mollersomega3.nl\/?s={search_term_string}"},"query-input":{"@type":"PropertyValueSpecification","valueRequired":true,"valueName":"search_term_string"}}],"inLanguage":"tr-TR"},{"@type":"Organization","@id":"https:\/\/mollersomega3.nl\/#organization","name":"M\u00f6llers Omega-3","url":"https:\/\/mollersomega3.nl\/","logo":{"@type":"ImageObject","inLanguage":"tr-TR","@id":"https:\/\/mollersomega3.nl\/#\/schema\/logo\/image\/","url":"https:\/\/mollersomega3.nl\/wp-content\/uploads\/2020\/07\/mollers-logo-bestellingen.png","contentUrl":"https:\/\/mollersomega3.nl\/wp-content\/uploads\/2020\/07\/mollers-logo-bestellingen.png","width":250,"height":86,"caption":"M\u00f6llers Omega-3"},"image":{"@id":"https:\/\/mollersomega3.nl\/#\/schema\/logo\/image\/"},"sameAs":["https:\/\/www.facebook.com\/MollersOmega3NL","https:\/\/www.instagram.com\/mollersomega3nl\/","https:\/\/nl.linkedin.com\/company\/good-life-international","https:\/\/www.bol.com\/nl\/nl\/m\/mollers\/","https:\/\/mollersomega3.nl\/en\/"],"foundingDate":"1854","areaServed":["GB","IE","US","CA","AU","NZ","NL"],"knowsAbout":["omega-3","cod liver oil","fish oil","DHA","EPA","vitamin D"],"description":"Norwegian premium omega-3 brand since 1854. Cod liver oil and fish oil supplements with omega-3, vitamins A, D and E."}]}},"_links":{"self":[{"href":"https:\/\/mollersomega3.nl\/tr\/wp-json\/wp\/v2\/pages\/1005791","targetHints":{"allow":["GET"]}}],"collection":[{"href":"https:\/\/mollersomega3.nl\/tr\/wp-json\/wp\/v2\/pages"}],"about":[{"href":"https:\/\/mollersomega3.nl\/tr\/wp-json\/wp\/v2\/types\/page"}],"author":[{"embeddable":true,"href":"https:\/\/mollersomega3.nl\/tr\/wp-json\/wp\/v2\/users\/3328"}],"replies":[{"embeddable":true,"href":"https:\/\/mollersomega3.nl\/tr\/wp-json\/wp\/v2\/comments?post=1005791"}],"version-history":[{"count":0,"href":"https:\/\/mollersomega3.nl\/tr\/wp-json\/wp\/v2\/pages\/1005791\/revisions"}],"wp:attachment":[{"href":"https:\/\/mollersomega3.nl\/tr\/wp-json\/wp\/v2\/media?parent=1005791"}],"curies":[{"name":"wp","href":"https:\/\/api.w.org\/{rel}","templated":true}]}}