{"id":1005810,"date":"2021-02-04T16:40:28","date_gmt":"2021-02-04T15:40:28","guid":{"rendered":"https:\/\/mollersomega3.nl\/ucretsiz-e-kitap-saglikli-ve-formda-ama-nasil\/"},"modified":"2021-02-04T16:40:28","modified_gmt":"2021-02-04T15:40:28","slug":"ucretsiz-e-kitap-saglikli-ve-formda-ama-nasil","status":"publish","type":"page","link":"https:\/\/mollersomega3.nl\/tr\/ucretsiz-e-kitap-saglikli-ve-formda-ama-nasil\/","title":{"rendered":"\u00dccretsiz e-kitap: Sa\u011fl\u0131kl\u0131 ve Formda, Ama Nas\u0131l&#8230;?"},"content":{"rendered":"<h2>\u00d6zel olarak senin i\u00e7in<\/h2>\n<div class=\"btn-mollers-download\"><a href=\"https:\/\/mollersomega3.nl\/wp-content\/uploads\/2022\/05\/2022_digitale_versie_Fit_en_Gezond_Mollers_Omega3.pdf\" target=\"_blank\" rel=\"noopener\">E-kitab\u0131n\u0131 indir<\/a><\/div>\n","protected":false},"excerpt":{"rendered":"<p>\u00d6zel olarak senin i\u00e7in E-kitab\u0131n\u0131 indir<\/p>\n","protected":false},"author":1,"featured_media":1006571,"parent":0,"menu_order":0,"comment_status":"closed","ping_status":"closed","template":"template-fullwidth.php","meta":{"_yoast_wpseo_focuskw":"","_yoast_wpseo_title":"","_yoast_wpseo_metadesc":"","_monsterinsights_skip_tracking":false,"_monsterinsights_sitenote_active":false,"_monsterinsights_sitenote_note":"","_monsterinsights_sitenote_category":0,"footnotes":""},"class_list":["post-1005810","page","type-page","status-publish","has-post-thumbnail","hentry"],"yoast_head":"<!-- This site is optimized with the Yoast SEO Premium plugin v25.1 (Yoast SEO v25.1) - https:\/\/yoast.com\/wordpress\/plugins\/seo\/ -->\n<title>\u00dccretsiz e-kitap: Sa\u011fl\u0131kl\u0131 ve Formda, Ama Nas\u0131l...? - M\u00f6llers Omega-3<\/title>\n<meta name=\"robots\" content=\"noindex, nofollow\" \/>\n<meta property=\"og:locale\" content=\"tr_TR\" \/>\n<meta property=\"og:type\" content=\"article\" \/>\n<meta property=\"og:title\" content=\"\u00dccretsiz e-kitap: Sa\u011fl\u0131kl\u0131 ve Formda, Ama Nas\u0131l...?\" \/>\n<meta property=\"og:description\" content=\"\u00d6zel olarak senin i\u00e7in E-kitab\u0131n\u0131 indir\" \/>\n<meta property=\"og:url\" content=\"https:\/\/mollersomega3.nl\/gratis-e-book-fit-en-gezond\/\" \/>\n<meta property=\"og:site_name\" content=\"M\u00f6llers Omega-3\" \/>\n<meta property=\"article:publisher\" content=\"https:\/\/www.facebook.com\/mollersomega3nl\" \/>\n<meta property=\"og:image\" content=\"https:\/\/mollersomega3.nl\/wp-content\/uploads\/2021\/02\/mollesomega3-kaft-ebook.png\" \/>\n\t<meta property=\"og:image:width\" content=\"800\" \/>\n\t<meta property=\"og:image:height\" content=\"1122\" \/>\n\t<meta property=\"og:image:type\" content=\"image\/png\" \/>\n<meta name=\"twitter:card\" content=\"summary_large_image\" \/>\n<meta name=\"twitter:site\" content=\"@mollersomega3nl\" \/>\n<script type=\"application\/ld+json\" class=\"yoast-schema-graph\">{\"@context\":\"https:\/\/schema.org\",\"@graph\":[{\"@type\":\"WebPage\",\"@id\":\"https:\/\/mollersomega3.nl\/gratis-e-book-fit-en-gezond\/\",\"url\":\"https:\/\/mollersomega3.nl\/gratis-e-book-fit-en-gezond\/\",\"name\":\"\u00dccretsiz e-kitap: Sa\u011fl\u0131kl\u0131 ve Formda, Ama Nas\u0131l...? - M\u00f6llers Omega-3\",\"isPartOf\":{\"@id\":\"https:\/\/mollersomega3.nl\/#website\"},\"primaryImageOfPage\":{\"@id\":\"https:\/\/mollersomega3.nl\/gratis-e-book-fit-en-gezond\/#primaryimage\"},\"image\":{\"@id\":\"https:\/\/mollersomega3.nl\/gratis-e-book-fit-en-gezond\/#primaryimage\"},\"thumbnailUrl\":\"https:\/\/mollersomega3.nl\/wp-content\/uploads\/2021\/02\/mollesomega3-kaft-ebook.png\",\"datePublished\":\"2021-02-04T15:40:28+00:00\",\"breadcrumb\":{\"@id\":\"https:\/\/mollersomega3.nl\/gratis-e-book-fit-en-gezond\/#breadcrumb\"},\"inLanguage\":\"tr-TR\",\"potentialAction\":[{\"@type\":\"ReadAction\",\"target\":[\"https:\/\/mollersomega3.nl\/gratis-e-book-fit-en-gezond\/\"]}]},{\"@type\":\"ImageObject\",\"inLanguage\":\"tr-TR\",\"@id\":\"https:\/\/mollersomega3.nl\/gratis-e-book-fit-en-gezond\/#primaryimage\",\"url\":\"https:\/\/mollersomega3.nl\/wp-content\/uploads\/2021\/02\/mollesomega3-kaft-ebook.png\",\"contentUrl\":\"https:\/\/mollersomega3.nl\/wp-content\/uploads\/2021\/02\/mollesomega3-kaft-ebook.png\",\"width\":800,\"height\":1122},{\"@type\":\"BreadcrumbList\",\"@id\":\"https:\/\/mollersomega3.nl\/gratis-e-book-fit-en-gezond\/#breadcrumb\",\"itemListElement\":[{\"@type\":\"ListItem\",\"position\":1,\"name\":\"Ana Sayfa\",\"item\":\"https:\/\/mollersomega3.nl\/tr\/\"},{\"@type\":\"ListItem\",\"position\":2,\"name\":\"\u00dccretsiz e-kitap: Sa\u011fl\u0131kl\u0131 ve Formda, Ama Nas\u0131l&#8230;?\"}]},{\"@type\":\"WebSite\",\"@id\":\"https:\/\/mollersomega3.nl\/#website\",\"url\":\"https:\/\/mollersomega3.nl\/\",\"name\":\"M\u00f6llers Omega-3\",\"description\":\"A Spoonful of Life since 1854\",\"publisher\":{\"@id\":\"https:\/\/mollersomega3.nl\/#organization\"},\"potentialAction\":[{\"@type\":\"SearchAction\",\"target\":{\"@type\":\"EntryPoint\",\"urlTemplate\":\"https:\/\/mollersomega3.nl\/?s={search_term_string}\"},\"query-input\":{\"@type\":\"PropertyValueSpecification\",\"valueRequired\":true,\"valueName\":\"search_term_string\"}}],\"inLanguage\":\"tr-TR\"},{\"@type\":\"Organization\",\"@id\":\"https:\/\/mollersomega3.nl\/#organization\",\"name\":\"M\u00f6llers Omega-3\",\"url\":\"https:\/\/mollersomega3.nl\/\",\"logo\":{\"@type\":\"ImageObject\",\"inLanguage\":\"tr-TR\",\"@id\":\"https:\/\/mollersomega3.nl\/#\/schema\/logo\/image\/\",\"url\":\"https:\/\/mollersomega3.nl\/wp-content\/uploads\/2020\/07\/mollers-logo-bestellingen.png\",\"contentUrl\":\"https:\/\/mollersomega3.nl\/wp-content\/uploads\/2020\/07\/mollers-logo-bestellingen.png\",\"width\":250,\"height\":86,\"caption\":\"M\u00f6llers Omega-3\"},\"image\":{\"@id\":\"https:\/\/mollersomega3.nl\/#\/schema\/logo\/image\/\"},\"sameAs\":[\"https:\/\/www.facebook.com\/MollersOmega3NL\",\"https:\/\/www.instagram.com\/mollersomega3nl\/\",\"https:\/\/nl.linkedin.com\/company\/good-life-international\",\"https:\/\/www.bol.com\/nl\/nl\/m\/mollers\/\",\"https:\/\/mollersomega3.nl\/en\/\"],\"foundingDate\":\"1854\",\"areaServed\":[\"GB\",\"IE\",\"US\",\"CA\",\"AU\",\"NZ\",\"NL\"],\"knowsAbout\":[\"omega-3\",\"cod liver oil\",\"fish oil\",\"DHA\",\"EPA\",\"vitamin D\"],\"description\":\"Norwegian premium omega-3 brand since 1854. Cod liver oil and fish oil supplements with omega-3, vitamins A, D and E.\"}]}<\/script>\n<!-- \/ Yoast SEO Premium plugin. -->","yoast_head_json":{"title":"\u00dccretsiz e-kitap: Sa\u011fl\u0131kl\u0131 ve Formda, Ama Nas\u0131l...? - M\u00f6llers Omega-3","robots":{"index":"noindex","follow":"nofollow"},"og_locale":"tr_TR","og_type":"article","og_title":"\u00dccretsiz e-kitap: Sa\u011fl\u0131kl\u0131 ve Formda, Ama Nas\u0131l...?","og_description":"\u00d6zel olarak senin i\u00e7in E-kitab\u0131n\u0131 indir","og_url":"https:\/\/mollersomega3.nl\/gratis-e-book-fit-en-gezond\/","og_site_name":"M\u00f6llers Omega-3","article_publisher":"https:\/\/www.facebook.com\/mollersomega3nl","og_image":[{"width":800,"height":1122,"url":"https:\/\/mollersomega3.nl\/wp-content\/uploads\/2021\/02\/mollesomega3-kaft-ebook.png","type":"image\/png"}],"twitter_card":"summary_large_image","twitter_site":"@mollersomega3nl","schema":{"@context":"https:\/\/schema.org","@graph":[{"@type":"WebPage","@id":"https:\/\/mollersomega3.nl\/gratis-e-book-fit-en-gezond\/","url":"https:\/\/mollersomega3.nl\/gratis-e-book-fit-en-gezond\/","name":"\u00dccretsiz e-kitap: Sa\u011fl\u0131kl\u0131 ve Formda, Ama Nas\u0131l...? - M\u00f6llers Omega-3","isPartOf":{"@id":"https:\/\/mollersomega3.nl\/#website"},"primaryImageOfPage":{"@id":"https:\/\/mollersomega3.nl\/gratis-e-book-fit-en-gezond\/#primaryimage"},"image":{"@id":"https:\/\/mollersomega3.nl\/gratis-e-book-fit-en-gezond\/#primaryimage"},"thumbnailUrl":"https:\/\/mollersomega3.nl\/wp-content\/uploads\/2021\/02\/mollesomega3-kaft-ebook.png","datePublished":"2021-02-04T15:40:28+00:00","breadcrumb":{"@id":"https:\/\/mollersomega3.nl\/gratis-e-book-fit-en-gezond\/#breadcrumb"},"inLanguage":"tr-TR","potentialAction":[{"@type":"ReadAction","target":["https:\/\/mollersomega3.nl\/gratis-e-book-fit-en-gezond\/"]}]},{"@type":"ImageObject","inLanguage":"tr-TR","@id":"https:\/\/mollersomega3.nl\/gratis-e-book-fit-en-gezond\/#primaryimage","url":"https:\/\/mollersomega3.nl\/wp-content\/uploads\/2021\/02\/mollesomega3-kaft-ebook.png","contentUrl":"https:\/\/mollersomega3.nl\/wp-content\/uploads\/2021\/02\/mollesomega3-kaft-ebook.png","width":800,"height":1122},{"@type":"BreadcrumbList","@id":"https:\/\/mollersomega3.nl\/gratis-e-book-fit-en-gezond\/#breadcrumb","itemListElement":[{"@type":"ListItem","position":1,"name":"Ana Sayfa","item":"https:\/\/mollersomega3.nl\/tr\/"},{"@type":"ListItem","position":2,"name":"\u00dccretsiz e-kitap: Sa\u011fl\u0131kl\u0131 ve Formda, Ama Nas\u0131l&#8230;?"}]},{"@type":"WebSite","@id":"https:\/\/mollersomega3.nl\/#website","url":"https:\/\/mollersomega3.nl\/","name":"M\u00f6llers Omega-3","description":"A Spoonful of Life since 1854","publisher":{"@id":"https:\/\/mollersomega3.nl\/#organization"},"potentialAction":[{"@type":"SearchAction","target":{"@type":"EntryPoint","urlTemplate":"https:\/\/mollersomega3.nl\/?s={search_term_string}"},"query-input":{"@type":"PropertyValueSpecification","valueRequired":true,"valueName":"search_term_string"}}],"inLanguage":"tr-TR"},{"@type":"Organization","@id":"https:\/\/mollersomega3.nl\/#organization","name":"M\u00f6llers Omega-3","url":"https:\/\/mollersomega3.nl\/","logo":{"@type":"ImageObject","inLanguage":"tr-TR","@id":"https:\/\/mollersomega3.nl\/#\/schema\/logo\/image\/","url":"https:\/\/mollersomega3.nl\/wp-content\/uploads\/2020\/07\/mollers-logo-bestellingen.png","contentUrl":"https:\/\/mollersomega3.nl\/wp-content\/uploads\/2020\/07\/mollers-logo-bestellingen.png","width":250,"height":86,"caption":"M\u00f6llers Omega-3"},"image":{"@id":"https:\/\/mollersomega3.nl\/#\/schema\/logo\/image\/"},"sameAs":["https:\/\/www.facebook.com\/MollersOmega3NL","https:\/\/www.instagram.com\/mollersomega3nl\/","https:\/\/nl.linkedin.com\/company\/good-life-international","https:\/\/www.bol.com\/nl\/nl\/m\/mollers\/","https:\/\/mollersomega3.nl\/en\/"],"foundingDate":"1854","areaServed":["GB","IE","US","CA","AU","NZ","NL"],"knowsAbout":["omega-3","cod liver oil","fish oil","DHA","EPA","vitamin D"],"description":"Norwegian premium omega-3 brand since 1854. Cod liver oil and fish oil supplements with omega-3, vitamins A, D and E."}]}},"_links":{"self":[{"href":"https:\/\/mollersomega3.nl\/tr\/wp-json\/wp\/v2\/pages\/1005810","targetHints":{"allow":["GET"]}}],"collection":[{"href":"https:\/\/mollersomega3.nl\/tr\/wp-json\/wp\/v2\/pages"}],"about":[{"href":"https:\/\/mollersomega3.nl\/tr\/wp-json\/wp\/v2\/types\/page"}],"author":[{"embeddable":true,"href":"https:\/\/mollersomega3.nl\/tr\/wp-json\/wp\/v2\/users\/1"}],"replies":[{"embeddable":true,"href":"https:\/\/mollersomega3.nl\/tr\/wp-json\/wp\/v2\/comments?post=1005810"}],"version-history":[{"count":0,"href":"https:\/\/mollersomega3.nl\/tr\/wp-json\/wp\/v2\/pages\/1005810\/revisions"}],"wp:featuredmedia":[{"embeddable":true,"href":"https:\/\/mollersomega3.nl\/tr\/wp-json\/wp\/v2\/media\/1006571"}],"wp:attachment":[{"href":"https:\/\/mollersomega3.nl\/tr\/wp-json\/wp\/v2\/media?parent=1005810"}],"curies":[{"name":"wp","href":"https:\/\/api.w.org\/{rel}","templated":true}]}}