{"id":1005811,"date":"2023-10-12T08:18:08","date_gmt":"2023-10-12T06:18:08","guid":{"rendered":"https:\/\/mollersomega3.nl\/cocuklarinizin-buyumesini-gunde-sadece-bir-kasik-mollers-omega-3-ile-destekleyin\/"},"modified":"2025-07-04T08:59:24","modified_gmt":"2025-07-04T06:59:24","slug":"cocuklarinizin-buyumesini-gunde-sadece-bir-kasik-mollers-omega-3-ile-destekleyin","status":"publish","type":"page","link":"https:\/\/mollersomega3.nl\/tr\/cocuklarinizin-buyumesini-gunde-sadece-bir-kasik-mollers-omega-3-ile-destekleyin\/","title":{"rendered":"\u00c7ocuklar\u0131n\u0131z\u0131n b\u00fcy\u00fcmesini g\u00fcnde sadece bir ka\u015f\u0131k M\u00f6ller&#8217;s Omega-3 ile destekleyin!"},"content":{"rendered":"<p>\u00c7ocuklar tam b\u00fcy\u00fcme \u00e7a\u011f\u0131ndalar! Do\u011fumdan ergenli\u011fe kadar b\u00fcy\u00fck geli\u015fmeler g\u00f6sterirler. Sa\u011fl\u0131kl\u0131 b\u00fcy\u00fcmek i\u00e7in \u00e7ocu\u011funuzun <a href=\"https:\/\/mollersomega3.nl\/tr\/omega-3un-cocugunuz-icin-neden-onemli-oldugu-ve-gununuze-zahmetsizce-nasil-ekleyebileceginiz\/\">\u00e7e\u015fitli besin maddelerine<\/a> ihtiyac\u0131 vard\u0131r ve omega-3, b\u00fcy\u00fcme ve geli\u015fme i\u00e7in temel ve vazge\u00e7ilmez bir yap\u0131 ta\u015f\u0131d\u0131r. Ayr\u0131ca Sa\u011fl\u0131k Kurulu, b\u00fcy\u00fcme ve geli\u015fmeyi optimum d\u00fczeyde desteklemek i\u00e7in \u00e7ocu\u011funuza ek D vitamini vermenizi de tavsiye eder.   <\/p><p>M\u00f6ller&#8217;s Omega-3, saf <strong>omega-3<\/strong> ve <strong>A-D-E vitaminleri<\/strong> a\u00e7\u0131s\u0131ndan zengin kayna\u011f\u0131 ile tan\u0131n\u0131r ve <a href=\"https:\/\/mollersomega3.nl\/tr\/mollers-omega-3-balik-yagi-ile-kendinize-iyi-bakin\/\" target=\"_blank\" rel=\"noreferrer noopener\">kendimiz<\/a> ve \u00e7ocuklar\u0131m\u0131z i\u00e7in bir\u00e7ok sa\u011fl\u0131k faydas\u0131 sunar. Hangileri oldu\u011funu okumaya devam edin. <\/p><div class=\"wp-block-media-text alignwide\" style=\"grid-template-columns:15% auto\"><figure class=\"wp-block-media-text__media\"><img decoding=\"async\" width=\"300\" height=\"300\" src=\"https:\/\/mollersomega3.nl\/wp-content\/uploads\/2024\/01\/Brain_Pictogram.jpg\" alt=\"\" class=\"wp-image-1001875 size-full\" srcset=\"https:\/\/mollersomega3.nl\/wp-content\/uploads\/2024\/01\/Brain_Pictogram.jpg 300w, https:\/\/mollersomega3.nl\/wp-content\/uploads\/2024\/01\/Brain_Pictogram-100x100.jpg 100w\" sizes=\"(max-width: 300px) 100vw, 300px\" \/><\/figure><div class=\"wp-block-media-text__content\"><h2 class=\"wp-block-heading has-text-align-left\" id=\"h-brainfood-voor-de-hersenen\"><strong>Beyin i\u00e7in besin<\/strong><\/h2><\/div><\/div><p><\/p><p>Omega-3 ya\u011f asitleri, \u00e7ocuklar\u0131m\u0131z\u0131n beyin b\u00fcy\u00fcmesi ve geli\u015fiminde son derece \u00f6nemli bir rol oynar. D\u00fc\u015f\u00fcnme yetene\u011fini ve konsantrasyonu iyile\u015ftirmeye yard\u0131mc\u0131 olur ve beynin optimum \u015fekilde geli\u015fmesini sa\u011flar. G\u00fcnde 250 mg DHA al\u0131m\u0131 beyin geli\u015fimini destekler.  <\/p><div class=\"wp-block-media-text alignwide\" style=\"grid-template-columns:15% auto\"><figure class=\"wp-block-media-text__media\"><img decoding=\"async\" width=\"300\" height=\"300\" src=\"https:\/\/mollersomega3.nl\/wp-content\/uploads\/2024\/01\/Bones_Pictogram.jpg\" alt=\"\" class=\"wp-image-1001876 size-full\" srcset=\"https:\/\/mollersomega3.nl\/wp-content\/uploads\/2024\/01\/Bones_Pictogram.jpg 300w, https:\/\/mollersomega3.nl\/wp-content\/uploads\/2024\/01\/Bones_Pictogram-100x100.jpg 100w\" sizes=\"(max-width: 300px) 100vw, 300px\" \/><\/figure><div class=\"wp-block-media-text__content\"><h2 class=\"wp-block-heading has-text-align-left\" id=\"h-sterke-botten-en-tanden\"><strong>G\u00fc\u00e7l\u00fc kemikler ve di\u015fler<\/strong><\/h2><\/div><\/div><p><\/p><p>D vitamini, <em>D3 vitamini formunda<\/em>, \u00e7ocuklarda sa\u011fl\u0131kl\u0131 kemik ve di\u015f geli\u015fimi i\u00e7in gereklidir. Kalsiyum ve fosforun iyi emilmesini sa\u011flar, bu da b\u00fcy\u00fcme s\u0131ras\u0131nda g\u00fc\u00e7l\u00fc kemikler ve iyi di\u015f sa\u011fl\u0131\u011f\u0131 geli\u015fimi i\u00e7in \u00e7ok \u00f6nemlidir. Sa\u011fl\u0131k Kurulu, \u00e7ocuklar i\u00e7in ek D vitamini al\u0131m\u0131n\u0131 tavsiye eder.  <\/p><div class=\"wp-block-media-text alignwide\" style=\"grid-template-columns:15% auto\"><figure class=\"wp-block-media-text__media\"><img decoding=\"async\" width=\"300\" height=\"300\" src=\"https:\/\/mollersomega3.nl\/wp-content\/uploads\/2024\/01\/Immune_system_Pictogram-300-x-300.jpg\" alt=\"\" class=\"wp-image-1001874 size-full\" srcset=\"https:\/\/mollersomega3.nl\/wp-content\/uploads\/2024\/01\/Immune_system_Pictogram-300-x-300.jpg 300w, https:\/\/mollersomega3.nl\/wp-content\/uploads\/2024\/01\/Immune_system_Pictogram-300-x-300-100x100.jpg 100w\" sizes=\"(max-width: 300px) 100vw, 300px\" \/><\/figure><div class=\"wp-block-media-text__content\"><h2 class=\"wp-block-heading has-text-align-left\" id=\"h-een-flinke-boost-voor-het-immuunsysteem\"><strong>Ba\u011f\u0131\u015f\u0131kl\u0131k sistemi i\u00e7in g\u00fc\u00e7l\u00fc bir destek<\/strong><\/h2><\/div><\/div><p><\/p><p>\u00c7ocu\u011funuzun ba\u011f\u0131\u015f\u0131kl\u0131k sistemi s\u00fcrekli geli\u015fim halindedir ve optimum i\u015flev g\u00f6rebilmesi i\u00e7in do\u011fru besinlere ihtiya\u00e7 duyar. M\u00f6ller&#8217;s, omega-3&#8217;\u00fcn yan\u0131 s\u0131ra, ba\u011f\u0131\u015f\u0131kl\u0131k sistemlerini desteklemede ve hastal\u0131k yap\u0131c\u0131 organizmalara kar\u015f\u0131 diren\u00e7lerini g\u00fc\u00e7lendirmede \u00f6nemli rol oynayan A ve D vitaminlerini de i\u00e7erir. Ayr\u0131ca omega-3 ya\u011f asitleri iltihaplanmay\u0131 azaltmaya ve enfeksiyonlarla sava\u015fmaya yard\u0131mc\u0131 olur. Bu, \u00e7ocuklar\u0131n\u0131z i\u00e7in daha az hastal\u0131k izni ve daha fazla oyun zaman\u0131 demektir.   <\/p><div class=\"wp-block-media-text alignwide\" style=\"grid-template-columns:15% auto\"><figure class=\"wp-block-media-text__media\"><img decoding=\"async\" width=\"300\" height=\"300\" src=\"https:\/\/mollersomega3.nl\/wp-content\/uploads\/2024\/01\/Vision_Pictogram.jpg\" alt=\"\" class=\"wp-image-1001880 size-full\" srcset=\"https:\/\/mollersomega3.nl\/wp-content\/uploads\/2024\/01\/Vision_Pictogram.jpg 300w, https:\/\/mollersomega3.nl\/wp-content\/uploads\/2024\/01\/Vision_Pictogram-100x100.jpg 100w\" sizes=\"(max-width: 300px) 100vw, 300px\" \/><\/figure><div class=\"wp-block-media-text__content\"><h2 class=\"wp-block-heading has-text-align-left\" id=\"h-een-scherp-gezichtsvermogen\"><strong>Keskin g\u00f6r\u00fc\u015f<\/strong><\/h2><\/div><\/div><p><\/p><p>Ayr\u0131ca omega-3 ve A vitamini, keskin g\u00f6r\u00fc\u015f geli\u015fimine katk\u0131da bulunur. G\u00f6zlerinin iyi \u00e7al\u0131\u015fmas\u0131n\u0131 sa\u011flayarak, etraflar\u0131ndaki d\u00fcnyay\u0131 net bir \u015fekilde g\u00f6rmelerini sa\u011flar. <\/p><div class=\"wp-block-media-text alignwide\" style=\"grid-template-columns:15% auto\"><figure class=\"wp-block-media-text__media\"><img decoding=\"async\" width=\"300\" height=\"300\" src=\"https:\/\/mollersomega3.nl\/wp-content\/uploads\/2024\/01\/Heart_Pictogram.jpg\" alt=\"\" class=\"wp-image-1001877 size-full\" srcset=\"https:\/\/mollersomega3.nl\/wp-content\/uploads\/2024\/01\/Heart_Pictogram.jpg 300w, https:\/\/mollersomega3.nl\/wp-content\/uploads\/2024\/01\/Heart_Pictogram-100x100.jpg 100w\" sizes=\"(max-width: 300px) 100vw, 300px\" \/><\/figure><div class=\"wp-block-media-text__content\"><h2 class=\"wp-block-heading has-text-align-left\" id=\"h-hartverwarmende-bescherming\"><strong>Kalp \u0131s\u0131tan koruma<\/strong><\/h2><\/div><\/div><p><\/p><p>Omega-3 ya\u011f asitleri sadece beyin i\u00e7in de\u011fil, ayn\u0131 zamanda \u00e7ocuklar\u0131n kalbi i\u00e7in de \u00f6nemlidir. Koruyucu bir kalkan g\u00f6revi g\u00f6r\u00fcr ve o k\u00fc\u00e7\u00fck kalbi sa\u011fl\u0131kl\u0131 tutar, b\u00f6ylece ileriki ya\u015flarda da kalp ile ilgili sorunlar\u0131n riskini azalt\u0131r. <\/p><div class=\"wp-block-media-text alignwide\" style=\"grid-template-columns:15% auto\"><figure class=\"wp-block-media-text__media\"><img decoding=\"async\" width=\"300\" height=\"300\" src=\"https:\/\/mollersomega3.nl\/wp-content\/uploads\/2024\/01\/JointsPictogram.jpg\" alt=\"\" class=\"wp-image-1001878 size-full\" srcset=\"https:\/\/mollersomega3.nl\/wp-content\/uploads\/2024\/01\/JointsPictogram.jpg 300w, https:\/\/mollersomega3.nl\/wp-content\/uploads\/2024\/01\/JointsPictogram-100x100.jpg 100w\" sizes=\"(max-width: 300px) 100vw, 300px\" \/><\/figure><div class=\"wp-block-media-text__content\"><h2 class=\"wp-block-heading has-text-align-left\" id=\"h-een-nbsp-gezonde-huid\"><strong>Sa\u011fl\u0131kl\u0131 bir cilt<\/strong><\/h2><\/div><\/div><p><\/p><p>A ve E vitaminleri sa\u011fl\u0131kl\u0131 bir cilt i\u00e7in gizli silahlar gibidir. E vitamini, g\u00fc\u00e7l\u00fc bir antioksidan olarak cilt h\u00fccrelerini hasara kar\u015f\u0131 korurken, A vitamini \u00e7ocuklarda cilt sorunlar\u0131 riskini azalt\u0131r. B\u00f6ylece g\u00fcnde bir ka\u015f\u0131k M\u00f6ller&#8217;s, \u00e7ocuklar\u0131m\u0131z\u0131 kuruluk ve tahri\u015flere kar\u015f\u0131 koruyabilir.  <\/p><h2 class=\"wp-block-heading\" id=\"h-probeer-nu-moller-s-omega-3-nbsp\">\u015eimdi M\u00f6ller&#8217;s Omega-3&#8217;\u00fc deneyin! <\/h2><p>Ebeveyn olarak \u00e7ocuklar\u0131m\u0131z\u0131n sa\u011fl\u0131\u011f\u0131n\u0131 korumaktan daha \u00e7ok istedi\u011fimiz bir \u015fey yoktur. M\u00f6ller&#8217;s Omega-3, k\u00fc\u00e7\u00fcklerinizin sa\u011fl\u0131\u011f\u0131n\u0131 desteklemek i\u00e7in \u00f6zel olarak tasarlanm\u0131\u015f, Norve\u00e7&#8217;ten gelen en y\u00fcksek kalitede bir \u00fcr\u00fcnd\u00fcr. \u00c7ocuklar\u0131n\u0131z\u0131n bay\u0131laca\u011f\u0131 4 lezzetli tat ile g\u00fcnde sadece bir ka\u015f\u0131k, optimum dozda omega-3 ve A, D ve E vitaminleri sa\u011flar. \u00c7ocu\u011funuza bol oyun keyfi ve umut verici bir gelecek i\u00e7in omega-3 ile optimum deste\u011fi verin!  <\/p><h2 class=\"wp-block-heading\" id=\"h-hoe-kan-ik-omega-3-aan-mijn-kind-geven\">\u00c7ocu\u011fuma omega-3&#8217;\u00fc nas\u0131l verebilirim?<\/h2><p>\u00c7ocu\u011funuza omega-3 vermenin kaps\u00fcller, s\u0131v\u0131 takviyeler veya ya\u011fl\u0131 bal\u0131k gibi omega-3 ya\u011f asitlerinden zengin g\u0131dalar gibi \u00e7e\u015fitli yollar\u0131 vard\u0131r. \u00d6zellikle s\u0131v\u0131 bal\u0131k ya\u011f\u0131 <a href=\"https:\/\/mollersomega3.nl\/product\/mollers-omega-3-citroen\/\" target=\"_blank\" rel=\"noreferrer noopener\">M\u00f6ller \u201cs Omega-3 Limon\u201d<\/a> ve <a href=\"https:\/\/mollersomega3.nl\/product\/mollers-omega-3-tutti-frutti\/\" target=\"_blank\" rel=\"noreferrer noopener\">M\u00f6llers Omega-3 Tutti Frutti<\/a> \u00e7ocuklar taraf\u0131ndan \u00e7ok be\u011fenilir! <\/p><p><strong>\u00c7ocu\u011funuza bol oyun keyfi ve umut verici bir gelecek i\u00e7in omega-3 ile optimum deste\u011fi verin!<\/strong><\/p>","protected":false},"excerpt":{"rendered":"<p>\u00c7ocuklar tam b\u00fcy\u00fcme \u00e7a\u011f\u0131ndalar! Do\u011fumdan ergenli\u011fe kadar b\u00fcy\u00fck geli\u015fmeler g\u00f6sterirler. Sa\u011fl\u0131kl\u0131 b\u00fcy\u00fcmek i\u00e7in \u00e7ocu\u011funuzun \u00e7e\u015fitli besin maddelerine ihtiyac\u0131 vard\u0131r ve omega-3, b\u00fcy\u00fcme ve geli\u015fme i\u00e7in temel ve vazge\u00e7ilmez bir yap\u0131 ta\u015f\u0131d\u0131r. Ayr\u0131ca Sa\u011fl\u0131k Kurulu, b\u00fcy\u00fcme ve geli\u015fmeyi optimum d\u00fczeyde desteklemek i\u00e7in \u00e7ocu\u011funuza ek D vitamini vermenizi de tavsiye eder. M\u00f6ller&#8217;s Omega-3, saf omega-3 ve A-D-E [&hellip;]<\/p>\n","protected":false},"author":3328,"featured_media":1007191,"parent":0,"menu_order":0,"comment_status":"closed","ping_status":"closed","template":"","meta":{"_yoast_wpseo_focuskw":"\u00e7ocuklar i\u00e7in omega-3","_yoast_wpseo_title":"M\u00f6ller's Omega-3 ile \u00c7ocu\u011funuzun B\u00fcy\u00fcmesini Destekleyin!","_yoast_wpseo_metadesc":"Omega 3'\u00fcn \u00e7ocu\u011funuzun b\u00fcy\u00fcmesi i\u00e7in \u00f6nemli oldu\u011funu biliyor muydunuz? Bir ka\u015f\u0131k M\u00f6ller's ile beyin ve kemik geli\u015fimini desteklersiniz.","_monsterinsights_skip_tracking":false,"_monsterinsights_sitenote_active":false,"_monsterinsights_sitenote_note":"","_monsterinsights_sitenote_category":0,"footnotes":""},"class_list":["post-1005811","page","type-page","status-publish","has-post-thumbnail","hentry"],"yoast_head":"<!-- This site is optimized with the Yoast SEO Premium plugin v25.1 (Yoast SEO v25.1) - https:\/\/yoast.com\/wordpress\/plugins\/seo\/ -->\n<title>M\u00f6ller&#039;s Omega-3 ile \u00c7ocu\u011funuzun B\u00fcy\u00fcmesini Destekleyin!<\/title>\n<meta name=\"description\" content=\"Omega 3&#039;\u00fcn \u00e7ocu\u011funuzun b\u00fcy\u00fcmesi i\u00e7in \u00f6nemli oldu\u011funu biliyor muydunuz? Bir ka\u015f\u0131k M\u00f6ller&#039;s ile beyin ve kemik geli\u015fimini desteklersiniz.\" \/>\n<meta name=\"robots\" content=\"index, follow, max-snippet:-1, max-image-preview:large, max-video-preview:-1\" \/>\n<link rel=\"canonical\" href=\"https:\/\/mollersomega3.nl\/tr\/cocuklarinizin-buyumesini-gunde-sadece-bir-kasik-mollers-omega-3-ile-destekleyin\/\" \/>\n<meta property=\"og:locale\" content=\"tr_TR\" \/>\n<meta property=\"og:type\" content=\"article\" \/>\n<meta property=\"og:title\" content=\"\u00c7ocuklar\u0131n\u0131z\u0131n b\u00fcy\u00fcmesini g\u00fcnde sadece bir ka\u015f\u0131k M\u00f6ller&#039;s Omega-3 ile destekleyin!\" \/>\n<meta property=\"og:description\" content=\"Omega 3&#039;\u00fcn \u00e7ocu\u011funuzun b\u00fcy\u00fcmesi i\u00e7in \u00f6nemli oldu\u011funu biliyor muydunuz? Bir ka\u015f\u0131k M\u00f6ller&#039;s ile beyin ve kemik geli\u015fimini desteklersiniz.\" \/>\n<meta property=\"og:url\" content=\"https:\/\/mollersomega3.nl\/tr\/cocuklarinizin-buyumesini-gunde-sadece-bir-kasik-mollers-omega-3-ile-destekleyin\/\" \/>\n<meta property=\"og:site_name\" content=\"M\u00f6llers Omega-3\" \/>\n<meta property=\"article:publisher\" content=\"https:\/\/www.facebook.com\/mollersomega3nl\" \/>\n<meta property=\"article:modified_time\" content=\"2025-07-04T06:59:24+00:00\" \/>\n<meta property=\"og:image\" content=\"https:\/\/mollersomega3.nl\/tr\/wp-content\/uploads\/2024\/01\/Zorg-voor-elkaar-Mollers-Omega-3-kids-nieuw.jpg\" \/>\n\t<meta property=\"og:image:width\" content=\"1200\" \/>\n\t<meta property=\"og:image:height\" content=\"500\" \/>\n\t<meta property=\"og:image:type\" content=\"image\/jpeg\" \/>\n<meta name=\"twitter:card\" content=\"summary_large_image\" \/>\n<meta name=\"twitter:site\" content=\"@mollersomega3nl\" \/>\n<meta name=\"twitter:label1\" content=\"Est. reading time\" \/>\n\t<meta name=\"twitter:data1\" content=\"3 minutes\" \/>\n<script type=\"application\/ld+json\" class=\"yoast-schema-graph\">{\"@context\":\"https:\/\/schema.org\",\"@graph\":[{\"@type\":\"WebPage\",\"@id\":\"https:\/\/mollersomega3.nl\/tr\/cocuklarinizin-buyumesini-gunde-sadece-bir-kasik-mollers-omega-3-ile-destekleyin\/\",\"url\":\"https:\/\/mollersomega3.nl\/tr\/cocuklarinizin-buyumesini-gunde-sadece-bir-kasik-mollers-omega-3-ile-destekleyin\/\",\"name\":\"M\u00f6ller's Omega-3 ile \u00c7ocu\u011funuzun B\u00fcy\u00fcmesini Destekleyin!\",\"isPartOf\":{\"@id\":\"https:\/\/mollersomega3.nl\/#website\"},\"primaryImageOfPage\":{\"@id\":\"https:\/\/mollersomega3.nl\/tr\/cocuklarinizin-buyumesini-gunde-sadece-bir-kasik-mollers-omega-3-ile-destekleyin\/#primaryimage\"},\"image\":{\"@id\":\"https:\/\/mollersomega3.nl\/tr\/cocuklarinizin-buyumesini-gunde-sadece-bir-kasik-mollers-omega-3-ile-destekleyin\/#primaryimage\"},\"thumbnailUrl\":\"https:\/\/mollersomega3.nl\/wp-content\/uploads\/2024\/01\/Zorg-voor-elkaar-Mollers-Omega-3-kids-nieuw.jpg\",\"datePublished\":\"2023-10-12T06:18:08+00:00\",\"dateModified\":\"2025-07-04T06:59:24+00:00\",\"description\":\"Omega 3'\u00fcn \u00e7ocu\u011funuzun b\u00fcy\u00fcmesi i\u00e7in \u00f6nemli oldu\u011funu biliyor muydunuz? Bir ka\u015f\u0131k M\u00f6ller's ile beyin ve kemik geli\u015fimini desteklersiniz.\",\"breadcrumb\":{\"@id\":\"https:\/\/mollersomega3.nl\/tr\/cocuklarinizin-buyumesini-gunde-sadece-bir-kasik-mollers-omega-3-ile-destekleyin\/#breadcrumb\"},\"inLanguage\":\"tr-TR\",\"potentialAction\":[{\"@type\":\"ReadAction\",\"target\":[\"https:\/\/mollersomega3.nl\/tr\/cocuklarinizin-buyumesini-gunde-sadece-bir-kasik-mollers-omega-3-ile-destekleyin\/\"]}]},{\"@type\":\"ImageObject\",\"inLanguage\":\"tr-TR\",\"@id\":\"https:\/\/mollersomega3.nl\/tr\/cocuklarinizin-buyumesini-gunde-sadece-bir-kasik-mollers-omega-3-ile-destekleyin\/#primaryimage\",\"url\":\"https:\/\/mollersomega3.nl\/wp-content\/uploads\/2024\/01\/Zorg-voor-elkaar-Mollers-Omega-3-kids-nieuw.jpg\",\"contentUrl\":\"https:\/\/mollersomega3.nl\/wp-content\/uploads\/2024\/01\/Zorg-voor-elkaar-Mollers-Omega-3-kids-nieuw.jpg\",\"width\":1200,\"height\":500},{\"@type\":\"BreadcrumbList\",\"@id\":\"https:\/\/mollersomega3.nl\/tr\/cocuklarinizin-buyumesini-gunde-sadece-bir-kasik-mollers-omega-3-ile-destekleyin\/#breadcrumb\",\"itemListElement\":[{\"@type\":\"ListItem\",\"position\":1,\"name\":\"Ana Sayfa\",\"item\":\"https:\/\/mollersomega3.nl\/tr\/\"},{\"@type\":\"ListItem\",\"position\":2,\"name\":\"\u00c7ocuklar\u0131n\u0131z\u0131n b\u00fcy\u00fcmesini g\u00fcnde sadece bir ka\u015f\u0131k M\u00f6ller&#8217;s Omega-3 ile destekleyin!\"}]},{\"@type\":\"WebSite\",\"@id\":\"https:\/\/mollersomega3.nl\/#website\",\"url\":\"https:\/\/mollersomega3.nl\/\",\"name\":\"M\u00f6llers Omega-3\",\"description\":\"A Spoonful of Life since 1854\",\"publisher\":{\"@id\":\"https:\/\/mollersomega3.nl\/#organization\"},\"potentialAction\":[{\"@type\":\"SearchAction\",\"target\":{\"@type\":\"EntryPoint\",\"urlTemplate\":\"https:\/\/mollersomega3.nl\/?s={search_term_string}\"},\"query-input\":{\"@type\":\"PropertyValueSpecification\",\"valueRequired\":true,\"valueName\":\"search_term_string\"}}],\"inLanguage\":\"tr-TR\"},{\"@type\":\"Organization\",\"@id\":\"https:\/\/mollersomega3.nl\/#organization\",\"name\":\"M\u00f6llers Omega-3\",\"url\":\"https:\/\/mollersomega3.nl\/\",\"logo\":{\"@type\":\"ImageObject\",\"inLanguage\":\"tr-TR\",\"@id\":\"https:\/\/mollersomega3.nl\/#\/schema\/logo\/image\/\",\"url\":\"https:\/\/mollersomega3.nl\/wp-content\/uploads\/2020\/07\/mollers-logo-bestellingen.png\",\"contentUrl\":\"https:\/\/mollersomega3.nl\/wp-content\/uploads\/2020\/07\/mollers-logo-bestellingen.png\",\"width\":250,\"height\":86,\"caption\":\"M\u00f6llers Omega-3\"},\"image\":{\"@id\":\"https:\/\/mollersomega3.nl\/#\/schema\/logo\/image\/\"},\"sameAs\":[\"https:\/\/www.facebook.com\/MollersOmega3NL\",\"https:\/\/www.instagram.com\/mollersomega3nl\/\",\"https:\/\/nl.linkedin.com\/company\/good-life-international\",\"https:\/\/www.bol.com\/nl\/nl\/m\/mollers\/\",\"https:\/\/mollersomega3.nl\/en\/\"],\"foundingDate\":\"1854\",\"areaServed\":[\"GB\",\"IE\",\"US\",\"CA\",\"AU\",\"NZ\",\"NL\"],\"knowsAbout\":[\"omega-3\",\"cod liver oil\",\"fish oil\",\"DHA\",\"EPA\",\"vitamin D\"],\"description\":\"Norwegian premium omega-3 brand since 1854. Cod liver oil and fish oil supplements with omega-3, vitamins A, D and E.\"}]}<\/script>\n<!-- \/ Yoast SEO Premium plugin. -->","yoast_head_json":{"title":"M\u00f6ller's Omega-3 ile \u00c7ocu\u011funuzun B\u00fcy\u00fcmesini Destekleyin!","description":"Omega 3'\u00fcn \u00e7ocu\u011funuzun b\u00fcy\u00fcmesi i\u00e7in \u00f6nemli oldu\u011funu biliyor muydunuz? Bir ka\u015f\u0131k M\u00f6ller's ile beyin ve kemik geli\u015fimini desteklersiniz.","robots":{"index":"index","follow":"follow","max-snippet":"max-snippet:-1","max-image-preview":"max-image-preview:large","max-video-preview":"max-video-preview:-1"},"canonical":"https:\/\/mollersomega3.nl\/tr\/cocuklarinizin-buyumesini-gunde-sadece-bir-kasik-mollers-omega-3-ile-destekleyin\/","og_locale":"tr_TR","og_type":"article","og_title":"\u00c7ocuklar\u0131n\u0131z\u0131n b\u00fcy\u00fcmesini g\u00fcnde sadece bir ka\u015f\u0131k M\u00f6ller's Omega-3 ile destekleyin!","og_description":"Omega 3'\u00fcn \u00e7ocu\u011funuzun b\u00fcy\u00fcmesi i\u00e7in \u00f6nemli oldu\u011funu biliyor muydunuz? Bir ka\u015f\u0131k M\u00f6ller's ile beyin ve kemik geli\u015fimini desteklersiniz.","og_url":"https:\/\/mollersomega3.nl\/tr\/cocuklarinizin-buyumesini-gunde-sadece-bir-kasik-mollers-omega-3-ile-destekleyin\/","og_site_name":"M\u00f6llers Omega-3","article_publisher":"https:\/\/www.facebook.com\/mollersomega3nl","article_modified_time":"2025-07-04T06:59:24+00:00","og_image":[{"width":1200,"height":500,"url":"https:\/\/mollersomega3.nl\/tr\/wp-content\/uploads\/2024\/01\/Zorg-voor-elkaar-Mollers-Omega-3-kids-nieuw.jpg","type":"image\/jpeg"}],"twitter_card":"summary_large_image","twitter_site":"@mollersomega3nl","twitter_misc":{"Est. reading time":"3 minutes"},"schema":{"@context":"https:\/\/schema.org","@graph":[{"@type":"WebPage","@id":"https:\/\/mollersomega3.nl\/tr\/cocuklarinizin-buyumesini-gunde-sadece-bir-kasik-mollers-omega-3-ile-destekleyin\/","url":"https:\/\/mollersomega3.nl\/tr\/cocuklarinizin-buyumesini-gunde-sadece-bir-kasik-mollers-omega-3-ile-destekleyin\/","name":"M\u00f6ller's Omega-3 ile \u00c7ocu\u011funuzun B\u00fcy\u00fcmesini Destekleyin!","isPartOf":{"@id":"https:\/\/mollersomega3.nl\/#website"},"primaryImageOfPage":{"@id":"https:\/\/mollersomega3.nl\/tr\/cocuklarinizin-buyumesini-gunde-sadece-bir-kasik-mollers-omega-3-ile-destekleyin\/#primaryimage"},"image":{"@id":"https:\/\/mollersomega3.nl\/tr\/cocuklarinizin-buyumesini-gunde-sadece-bir-kasik-mollers-omega-3-ile-destekleyin\/#primaryimage"},"thumbnailUrl":"https:\/\/mollersomega3.nl\/wp-content\/uploads\/2024\/01\/Zorg-voor-elkaar-Mollers-Omega-3-kids-nieuw.jpg","datePublished":"2023-10-12T06:18:08+00:00","dateModified":"2025-07-04T06:59:24+00:00","description":"Omega 3'\u00fcn \u00e7ocu\u011funuzun b\u00fcy\u00fcmesi i\u00e7in \u00f6nemli oldu\u011funu biliyor muydunuz? Bir ka\u015f\u0131k M\u00f6ller's ile beyin ve kemik geli\u015fimini desteklersiniz.","breadcrumb":{"@id":"https:\/\/mollersomega3.nl\/tr\/cocuklarinizin-buyumesini-gunde-sadece-bir-kasik-mollers-omega-3-ile-destekleyin\/#breadcrumb"},"inLanguage":"tr-TR","potentialAction":[{"@type":"ReadAction","target":["https:\/\/mollersomega3.nl\/tr\/cocuklarinizin-buyumesini-gunde-sadece-bir-kasik-mollers-omega-3-ile-destekleyin\/"]}]},{"@type":"ImageObject","inLanguage":"tr-TR","@id":"https:\/\/mollersomega3.nl\/tr\/cocuklarinizin-buyumesini-gunde-sadece-bir-kasik-mollers-omega-3-ile-destekleyin\/#primaryimage","url":"https:\/\/mollersomega3.nl\/wp-content\/uploads\/2024\/01\/Zorg-voor-elkaar-Mollers-Omega-3-kids-nieuw.jpg","contentUrl":"https:\/\/mollersomega3.nl\/wp-content\/uploads\/2024\/01\/Zorg-voor-elkaar-Mollers-Omega-3-kids-nieuw.jpg","width":1200,"height":500},{"@type":"BreadcrumbList","@id":"https:\/\/mollersomega3.nl\/tr\/cocuklarinizin-buyumesini-gunde-sadece-bir-kasik-mollers-omega-3-ile-destekleyin\/#breadcrumb","itemListElement":[{"@type":"ListItem","position":1,"name":"Ana Sayfa","item":"https:\/\/mollersomega3.nl\/tr\/"},{"@type":"ListItem","position":2,"name":"\u00c7ocuklar\u0131n\u0131z\u0131n b\u00fcy\u00fcmesini g\u00fcnde sadece bir ka\u015f\u0131k M\u00f6ller&#8217;s Omega-3 ile destekleyin!"}]},{"@type":"WebSite","@id":"https:\/\/mollersomega3.nl\/#website","url":"https:\/\/mollersomega3.nl\/","name":"M\u00f6llers Omega-3","description":"A Spoonful of Life since 1854","publisher":{"@id":"https:\/\/mollersomega3.nl\/#organization"},"potentialAction":[{"@type":"SearchAction","target":{"@type":"EntryPoint","urlTemplate":"https:\/\/mollersomega3.nl\/?s={search_term_string}"},"query-input":{"@type":"PropertyValueSpecification","valueRequired":true,"valueName":"search_term_string"}}],"inLanguage":"tr-TR"},{"@type":"Organization","@id":"https:\/\/mollersomega3.nl\/#organization","name":"M\u00f6llers Omega-3","url":"https:\/\/mollersomega3.nl\/","logo":{"@type":"ImageObject","inLanguage":"tr-TR","@id":"https:\/\/mollersomega3.nl\/#\/schema\/logo\/image\/","url":"https:\/\/mollersomega3.nl\/wp-content\/uploads\/2020\/07\/mollers-logo-bestellingen.png","contentUrl":"https:\/\/mollersomega3.nl\/wp-content\/uploads\/2020\/07\/mollers-logo-bestellingen.png","width":250,"height":86,"caption":"M\u00f6llers Omega-3"},"image":{"@id":"https:\/\/mollersomega3.nl\/#\/schema\/logo\/image\/"},"sameAs":["https:\/\/www.facebook.com\/MollersOmega3NL","https:\/\/www.instagram.com\/mollersomega3nl\/","https:\/\/nl.linkedin.com\/company\/good-life-international","https:\/\/www.bol.com\/nl\/nl\/m\/mollers\/","https:\/\/mollersomega3.nl\/en\/"],"foundingDate":"1854","areaServed":["GB","IE","US","CA","AU","NZ","NL"],"knowsAbout":["omega-3","cod liver oil","fish oil","DHA","EPA","vitamin D"],"description":"Norwegian premium omega-3 brand since 1854. Cod liver oil and fish oil supplements with omega-3, vitamins A, D and E."}]}},"_links":{"self":[{"href":"https:\/\/mollersomega3.nl\/tr\/wp-json\/wp\/v2\/pages\/1005811","targetHints":{"allow":["GET"]}}],"collection":[{"href":"https:\/\/mollersomega3.nl\/tr\/wp-json\/wp\/v2\/pages"}],"about":[{"href":"https:\/\/mollersomega3.nl\/tr\/wp-json\/wp\/v2\/types\/page"}],"author":[{"embeddable":true,"href":"https:\/\/mollersomega3.nl\/tr\/wp-json\/wp\/v2\/users\/3328"}],"replies":[{"embeddable":true,"href":"https:\/\/mollersomega3.nl\/tr\/wp-json\/wp\/v2\/comments?post=1005811"}],"version-history":[{"count":0,"href":"https:\/\/mollersomega3.nl\/tr\/wp-json\/wp\/v2\/pages\/1005811\/revisions"}],"wp:featuredmedia":[{"embeddable":true,"href":"https:\/\/mollersomega3.nl\/tr\/wp-json\/wp\/v2\/media\/1007191"}],"wp:attachment":[{"href":"https:\/\/mollersomega3.nl\/tr\/wp-json\/wp\/v2\/media?parent=1005811"}],"curies":[{"name":"wp","href":"https:\/\/api.w.org\/{rel}","templated":true}]}}