{"id":1005815,"date":"2025-02-13T07:44:46","date_gmt":"2025-02-13T06:44:46","guid":{"rendered":"https:\/\/mollersomega3.nl\/mollers-omega-3-artik-kruidvatta\/"},"modified":"2025-07-04T09:19:32","modified_gmt":"2025-07-04T07:19:32","slug":"mollers-omega-3-artik-kruidvatta","status":"publish","type":"page","link":"https:\/\/mollersomega3.nl\/tr\/mollers-omega-3-artik-kruidvatta\/","title":{"rendered":"M\u00f6ller&#8217;s Omega-3 art\u0131k Kruidvat&#8217;ta!"},"content":{"rendered":"<p><strong>Yo\u011fun bir hayat\u0131n\u0131z m\u0131 var? O zaman sa\u011flam bir temele g\u00fcvenebilmelisiniz. <\/strong> M\u00f6ller&#8217;s Omega-3 sa\u011fl\u0131\u011f\u0131n\u0131z\u0131 her g\u00fcn destekler. \u0130yi haber: g\u00fcvenilir bal\u0131k ya\u011f\u0131m\u0131z\u0131 Kruidvat ma\u011fazalar\u0131nda ve <a href=\"https:\/\/www.kruidvat.nl\/mollers\/b\/MOLLER\" rel=\"nofollow\">\u00e7evrimi\u00e7i<\/a> bulabilirsiniz. Norve\u00e7 bal\u0131k ya\u011f\u0131m\u0131z, sa\u011fl\u0131kl\u0131 kalp, keskin zihin ve g\u00fc\u00e7l\u00fc bir ba\u011f\u0131\u015f\u0131kl\u0131k sistemine katk\u0131da bulunan EPA ve DHA temel ya\u011f asitlerinden zengindir.  <\/p><h2 class=\"wp-block-heading\">Neden M\u00f6ller&#8217;s Omega-3&#8217;\u00fc se\u00e7melisiniz?<\/h2><ul class=\"wp-block-list\"><li><strong>Y\u00fcksek kalite:<\/strong> Bal\u0131k ya\u011f\u0131m\u0131z s\u00fcrd\u00fcr\u00fclebilir Arktik morinas\u0131ndan elde edilir ve maksimum safl\u0131k i\u00e7in \u00f6zenle ar\u0131t\u0131l\u0131r. Bal\u0131k ya\u011f\u0131m\u0131z %100 a\u011f\u0131r metallerden ar\u0131nd\u0131r\u0131lm\u0131\u015ft\u0131r!  <\/li>\n\n<li><strong>EPA ve DHA a\u00e7\u0131s\u0131ndan zengin:<\/strong> Bu omega-3 ya\u011f asitleri kalbin, g\u00f6rme yetene\u011finin ve beynin normal i\u015fleyi\u015fini destekler.<\/li>\n\n<li><strong>Ekstra destek i\u00e7in D vitamini:<\/strong> Ba\u011f\u0131\u015f\u0131kl\u0131k sistemine yard\u0131mc\u0131 olur ve g\u00fc\u00e7l\u00fc kemiklere katk\u0131da bulunur.<\/li>\n\n<li><strong>Gen\u00e7 ve ya\u015fl\u0131lar i\u00e7in uygundur:<\/strong> Omega-3 yeti\u015fkinlerin ve gen\u00e7lerin beyin, g\u00f6z ve kalbini destekler, ayn\u0131 zamanda <a href=\"https:\/\/mollersomega3.nl\/tr\/omega-3un-cocugunuz-icin-neden-onemli-oldugu-ve-gununuze-zahmetsizce-nasil-ekleyebileceginiz\/\">\u00e7ocuklar\u0131n geli\u015fimi i\u00e7in de gereklidir<\/a>. M\u00f6ller&#8217;s&#8217;in s\u0131v\u0131 bal\u0131k ya\u011f\u0131, kaps\u00fcllerle u\u011fra\u015fmadan kolayca al\u0131nabilir! <\/li>\n\n<li><strong>170 y\u0131l\u0131 a\u015fk\u0131n deneyim:<\/strong> M\u00f6ller&#8217;s, omega-3 takviyeleri konusunda g\u00fcvenilir bir isimdir. Dahas\u0131, M\u00f6ller&#8217;s d\u00fcnyan\u0131n en eski bal\u0131k ya\u011f\u0131 tedarik\u00e7isidir! \u0130skandinavya&#8217;n\u0131n 1 numaral\u0131 omega-3&#8217;\u00fc!  <\/li><\/ul><p><a href=\"https:\/\/mollersomega3.nl\/tr\/neden-mollers\/\">Bu sayfada<\/a> m\u00fc\u015fterilerin neden M\u00f6ller&#8217;s Omega-3&#8217;\u00fc se\u00e7ti\u011fini ayr\u0131nt\u0131l\u0131 olarak anlat\u0131yoruz. <\/p><h2 class=\"wp-block-heading\">M\u00f6ller&#8217;s Omega-3&#8217;\u00fc Kruidvat&#8217;ta nerede bulabilirsiniz?<\/h2><p>M\u00f6ller&#8217;s Omega-3 hem \u00e7evrimi\u00e7i hem de Kruidvat ma\u011fazalar\u0131nda mevcuttur. \u00c7ok say\u0131daki \u015fubeden birini ziyaret edin veya <a href=\"https:\/\/www.kruidvat.nl\/mollers\/b\/MOLLER\">Kruidvat.nl<\/a> \u00fczerinden kolayca sipari\u015f verin. \u015eu anda s\u0131v\u0131 bal\u0131k ya\u011f\u0131m\u0131z \u015fu tatlarda mevcuttur: <\/p><ul class=\"wp-block-list\"><li><strong><a href=\"https:\/\/www.kruidvat.nl\/mollers-omega-3-citroen-visolie\/p\/6092287\">M\u00f6ller&#8217;s Omega-3 S\u0131v\u0131 Limon<\/a><\/strong> \u2013 ferah tat, yeti\u015fkinlerin favorisi<\/li>\n\n<li><a href=\"https:\/\/www.kruidvat.nl\/mollers-omega-3-tutti-frutti-visolie\/p\/6092308\"><strong>M\u00f6ller&#8217;s Omega-3 Tutti Frutti<\/strong><\/a> \u2013 \u00f6zel olarak \u00e7ocuklar i\u00e7in geli\u015ftirilmi\u015ftir<\/li><\/ul><p> \u00dcr\u00fcnlerimizi Kruidvat&#8217;ta \u201cKalp ve Kan Damarlar\u0131\u201d reyonunda bulabilirsiniz.<\/p><h2 class=\"wp-block-heading\">Kruidvat&#8217;taki bal\u0131k ya\u011f\u0131 hakk\u0131nda daha fazla bilgi mi istiyorsunuz?<\/h2><p>Kruidvat&#8217;taki bal\u0131k ya\u011f\u0131 \u00e7e\u015fitleri ve M\u00f6ller&#8217;s Omega-3&#8217;\u00fcn neden farkl\u0131 oldu\u011fu hakk\u0131nda daha fazla bilgi edinmek ister misiniz? <a href=\"https:\/\/mollersomega3.nl\/tr\/neden-balik-yagi-takviyesi-almayi-dusunmelisiniz\/\">Ayr\u0131nt\u0131l\u0131 makalemizi buradan okuyun<\/a>.  <\/p><h2 class=\"wp-block-heading\" id=\"h-wanneer-is-moller-s-omega-3-in-de-aanbieding-bij-kruidvat\">M\u00f6ller&#8217;s Omega-3 ne zaman Kruidvat&#8217;ta indirimde olacak?<\/h2><p>Kruidvat ve di\u011fer ma\u011fazalardaki t\u00fcm g\u00fcncel M\u00f6ller&#8217;s Omega-3 indirimleri i\u00e7in <a href=\"https:\/\/mollersomega3.nl\/tr\/guncel-mollers-omega-3-teklifleri\/\">indirimler sayfam\u0131z\u0131<\/a> takip edin! <\/p><h2 class=\"wp-block-heading\">M\u00f6ller&#8217;s Omega-3 \u2013 1854&#8217;ten beri Norve\u00e7 klasi\u011fi<\/h2><p><strong>Her g\u00fcn bir ka\u015f\u0131k. Kalbiniz i\u00e7in. Beyniniz i\u00e7in. Kendiniz i\u00e7in.   <\/strong><\/p><h2 class=\"wp-block-heading\">S\u0131k Sorulan Sorular<\/h2><h3 class=\"wp-block-heading\" id=\"h-is-omega-3-belangrijk-voor-mijn-gezondheid\">Omega-3 sa\u011fl\u0131\u011f\u0131m i\u00e7in \u00f6nemli mi? <\/h3><p>Kesinlikle. Omega-3 ya\u011f asitleri sa\u011fl\u0131\u011f\u0131n\u0131z i\u00e7in ger\u00e7ekten \u00f6nemlidir! Bunlar temel ya\u011f asitleridir, yani v\u00fccudunuz bunlar\u0131 \u00fcretemez ve beslenme yoluyla alman\u0131z gerekir. <a href=\"https:\/\/mollersomega3.nl\/tr\/neden-balik-yagi-takviyesi-almayi-dusunmelisiniz\/\">Burada<\/a> neden g\u00fcnl\u00fck rutininize bir bal\u0131k ya\u011f\u0131 takviyesi eklemeniz gerekti\u011fini anlat\u0131yoruz.   <\/p><h3 class=\"wp-block-heading\">M\u00f6ller&#8217;s Omega-3&#8217;\u00fc di\u011fer bal\u0131k ya\u011f\u0131 \u00fcr\u00fcnlerinden farkl\u0131 k\u0131lan nedir?<\/h3><p>Ya\u011f\u0131m\u0131z taze, s\u00fcrd\u00fcr\u00fclebilir \u015fekilde avlanan morinadan elde edilir ve do\u011fal omega-3 ya\u011f asitleri ile D vitamini benzersiz ve y\u00fcksek kaliteli bir kombinasyonunu i\u00e7erir.<\/p><h3 class=\"wp-block-heading\" id=\"h-bevat-kruidvat-visolie-ook-vitamine-d\">Kruidvat bal\u0131k ya\u011f\u0131 D vitamini i\u00e7eriyor mu? <\/h3><p>Hay\u0131r, Kruidvat bal\u0131k ya\u011f\u0131 D vitamini i\u00e7ermez. Bal\u0131k karaci\u011feri ya\u011f\u0131 do\u011fal olarak D vitamini i\u00e7erir, bu \u00f6zellikle k\u0131\u015f aylar\u0131nda \u00e7ok \u00f6nemlidir. <\/p><h3 class=\"wp-block-heading\" id=\"h-wat-is-het-verschil-tussen-moller-s-omega-3-en-kruidvat-visolie\">M\u00f6ller&#8217;s Omega-3 ile Kruidvat bal\u0131k ya\u011f\u0131 aras\u0131ndaki fark nedir?<\/h3><p>M\u00f6ller \u201cs, Norve\u00e7 morina karaci\u011ferinden saf omega-3 i\u00e7erir, 24 saat i\u00e7inde benzersiz bir buhar i\u015flemiyle \u00fcretilir ve en y\u00fcksek kalitede ya\u011f elde edilir. Bir\u00e7ok market markas\u0131nda men\u015fei ve safl\u0131k net de\u011fildir. Ayr\u0131ca M\u00f6ller\u201d s Omega-3 do\u011fal olarak A, D3 ve E vitaminlerini de i\u00e7erir.  <\/p><h3 class=\"wp-block-heading\">M\u00f6ller&#8217;s Omega-3 nas\u0131l kullan\u0131l\u0131r?<\/h3><p>Optimal emilim i\u00e7in g\u00fcnde bir \u00e7ay ka\u015f\u0131\u011f\u0131 M\u00f6ller&#8217;s Omega-3&#8217;\u00fc \u00f6\u011f\u00fcn ile birlikte al\u0131n. <br\/>\u0130pucu: Unutmamak i\u00e7in sabit bir zamanda almaya \u00e7al\u0131\u015f\u0131n!<\/p><h3 class=\"wp-block-heading\">M\u00f6ller&#8217;s Omega-3&#8217;\u00fc di\u011fer takviyelerle birlikte kullanabilir miyim?<\/h3><p>Evet, ancak ba\u015fka takviyeler kullan\u0131yorsan\u0131z her zaman bir doktora veya sa\u011fl\u0131k uzman\u0131na dan\u0131\u015f\u0131n.<\/p><h3 class=\"wp-block-heading\" id=\"h-is-moller-s-omega-3-ook-geschikt-voor-kinderen\">M\u00f6ller&#8217;s Omega-3 \u00e7ocuklar i\u00e7in de uygun mu?<\/h3><p>Evet, M\u00f6ller&#8217;s Omega-3 \u00f6zellikle \u00e7ocuklar i\u00e7in de \u00e7ok uygundur. S\u0131v\u0131 formu sayesinde bal\u0131k ya\u011f\u0131n\u0131 almak kolayd\u0131r. Ayr\u0131ca omega-3 ya\u011f asitleri ve A, D ve E vitaminleri \u00e7ocuklar\u0131n b\u00fcy\u00fcmesi ve geli\u015fimi i\u00e7in son derece \u00f6nemlidir. G\u00fcnde bir ka\u015f\u0131k (5ml) buna katk\u0131da bulunur. M\u00f6ller&#8217;s Omega-3 gen\u00e7 ve ya\u015fl\u0131 herkes i\u00e7in uygundur. M\u00f6ller&#8217;s Omega-3 Tutti Frutti \u00e7ocuklar\u0131n favori tad\u0131d\u0131r!      <\/p>","protected":false},"excerpt":{"rendered":"<p>Yo\u011fun bir hayat\u0131n\u0131z m\u0131 var? O zaman sa\u011flam bir temele g\u00fcvenebilmelisiniz. M\u00f6ller&#8217;s Omega-3 sa\u011fl\u0131\u011f\u0131n\u0131z\u0131 her g\u00fcn destekler. \u0130yi haber: g\u00fcvenilir bal\u0131k ya\u011f\u0131m\u0131z\u0131 Kruidvat ma\u011fazalar\u0131nda ve \u00e7evrimi\u00e7i bulabilirsiniz. Norve\u00e7 bal\u0131k ya\u011f\u0131m\u0131z, sa\u011fl\u0131kl\u0131 kalp, keskin zihin ve g\u00fc\u00e7l\u00fc bir ba\u011f\u0131\u015f\u0131kl\u0131k sistemine katk\u0131da bulunan EPA ve DHA temel ya\u011f asitlerinden zengindir. Neden M\u00f6ller&#8217;s Omega-3&#8217;\u00fc se\u00e7melisiniz? Bu sayfada m\u00fc\u015fterilerin [&hellip;]<\/p>\n","protected":false},"author":3328,"featured_media":1007357,"parent":0,"menu_order":0,"comment_status":"closed","ping_status":"closed","template":"","meta":{"_yoast_wpseo_focuskw":"kruidvat","_yoast_wpseo_title":"%%title%% %%page%%","_yoast_wpseo_metadesc":"Kruidvat'ta y\u00fcksek kaliteli bir omega-3 takviyesi mi ar\u0131yorsunuz? A-D-E vitaminli M\u00f6ller's Omega-3, gen\u00e7lerin ve ya\u015fl\u0131lar\u0131n favorisi.","_monsterinsights_skip_tracking":false,"_monsterinsights_sitenote_active":false,"_monsterinsights_sitenote_note":"","_monsterinsights_sitenote_category":0,"footnotes":""},"class_list":["post-1005815","page","type-page","status-publish","has-post-thumbnail","hentry"],"yoast_head":"<!-- This site is optimized with the Yoast SEO Premium plugin v25.1 (Yoast SEO v25.1) - https:\/\/yoast.com\/wordpress\/plugins\/seo\/ -->\n<title>M\u00f6ller&#039;s Omega-3 art\u0131k Kruidvat&#039;ta!<\/title>\n<meta name=\"description\" content=\"Kruidvat&#039;ta y\u00fcksek kaliteli bir omega-3 takviyesi mi ar\u0131yorsunuz? A-D-E vitaminli M\u00f6ller&#039;s Omega-3, gen\u00e7lerin ve ya\u015fl\u0131lar\u0131n favorisi.\" \/>\n<meta name=\"robots\" content=\"index, follow, max-snippet:-1, max-image-preview:large, max-video-preview:-1\" \/>\n<link rel=\"canonical\" href=\"https:\/\/mollersomega3.nl\/kruidvat\/\" \/>\n<meta property=\"og:locale\" content=\"tr_TR\" \/>\n<meta property=\"og:type\" content=\"article\" \/>\n<meta property=\"og:title\" content=\"M\u00f6ller&#039;s Omega-3 art\u0131k Kruidvat&#039;ta!\" \/>\n<meta property=\"og:description\" content=\"Kruidvat&#039;ta y\u00fcksek kaliteli bir omega-3 takviyesi mi ar\u0131yorsunuz? A-D-E vitaminli M\u00f6ller&#039;s Omega-3, gen\u00e7lerin ve ya\u015fl\u0131lar\u0131n favorisi.\" \/>\n<meta property=\"og:url\" content=\"https:\/\/mollersomega3.nl\/kruidvat\/\" \/>\n<meta property=\"og:site_name\" content=\"M\u00f6llers Omega-3\" \/>\n<meta property=\"article:publisher\" content=\"https:\/\/www.facebook.com\/mollersomega3nl\" \/>\n<meta property=\"article:modified_time\" content=\"2025-07-04T07:19:32+00:00\" \/>\n<meta property=\"og:image\" content=\"https:\/\/mollersomega3.nl\/wp-content\/uploads\/2025\/02\/Azize-Kruidvat.jpg\" \/>\n\t<meta property=\"og:image:width\" content=\"900\" \/>\n\t<meta property=\"og:image:height\" content=\"352\" \/>\n\t<meta property=\"og:image:type\" content=\"image\/jpeg\" \/>\n<meta name=\"twitter:card\" content=\"summary_large_image\" \/>\n<meta name=\"twitter:site\" content=\"@mollersomega3nl\" \/>\n<meta name=\"twitter:label1\" content=\"Est. reading time\" \/>\n\t<meta name=\"twitter:data1\" content=\"4 minutes\" \/>\n<script type=\"application\/ld+json\" class=\"yoast-schema-graph\">{\"@context\":\"https:\/\/schema.org\",\"@graph\":[{\"@type\":\"WebPage\",\"@id\":\"https:\/\/mollersomega3.nl\/kruidvat\/\",\"url\":\"https:\/\/mollersomega3.nl\/kruidvat\/\",\"name\":\"M\u00f6ller's Omega-3 art\u0131k Kruidvat'ta!\",\"isPartOf\":{\"@id\":\"https:\/\/mollersomega3.nl\/#website\"},\"primaryImageOfPage\":{\"@id\":\"https:\/\/mollersomega3.nl\/kruidvat\/#primaryimage\"},\"image\":{\"@id\":\"https:\/\/mollersomega3.nl\/kruidvat\/#primaryimage\"},\"thumbnailUrl\":\"https:\/\/mollersomega3.nl\/wp-content\/uploads\/2025\/02\/Azize-Kruidvat.jpg\",\"datePublished\":\"2025-02-13T06:44:46+00:00\",\"dateModified\":\"2025-07-04T07:19:32+00:00\",\"description\":\"Kruidvat'ta y\u00fcksek kaliteli bir omega-3 takviyesi mi ar\u0131yorsunuz? A-D-E vitaminli M\u00f6ller's Omega-3, gen\u00e7lerin ve ya\u015fl\u0131lar\u0131n favorisi.\",\"breadcrumb\":{\"@id\":\"https:\/\/mollersomega3.nl\/kruidvat\/#breadcrumb\"},\"inLanguage\":\"tr-TR\",\"potentialAction\":[{\"@type\":\"ReadAction\",\"target\":[\"https:\/\/mollersomega3.nl\/kruidvat\/\"]}]},{\"@type\":\"ImageObject\",\"inLanguage\":\"tr-TR\",\"@id\":\"https:\/\/mollersomega3.nl\/kruidvat\/#primaryimage\",\"url\":\"https:\/\/mollersomega3.nl\/wp-content\/uploads\/2025\/02\/Azize-Kruidvat.jpg\",\"contentUrl\":\"https:\/\/mollersomega3.nl\/wp-content\/uploads\/2025\/02\/Azize-Kruidvat.jpg\",\"width\":900,\"height\":352},{\"@type\":\"BreadcrumbList\",\"@id\":\"https:\/\/mollersomega3.nl\/kruidvat\/#breadcrumb\",\"itemListElement\":[{\"@type\":\"ListItem\",\"position\":1,\"name\":\"Ana Sayfa\",\"item\":\"https:\/\/mollersomega3.nl\/tr\/\"},{\"@type\":\"ListItem\",\"position\":2,\"name\":\"M\u00f6ller&#8217;s Omega-3 art\u0131k Kruidvat&#8217;ta!\"}]},{\"@type\":\"WebSite\",\"@id\":\"https:\/\/mollersomega3.nl\/#website\",\"url\":\"https:\/\/mollersomega3.nl\/\",\"name\":\"M\u00f6llers Omega-3\",\"description\":\"A Spoonful of Life since 1854\",\"publisher\":{\"@id\":\"https:\/\/mollersomega3.nl\/#organization\"},\"potentialAction\":[{\"@type\":\"SearchAction\",\"target\":{\"@type\":\"EntryPoint\",\"urlTemplate\":\"https:\/\/mollersomega3.nl\/?s={search_term_string}\"},\"query-input\":{\"@type\":\"PropertyValueSpecification\",\"valueRequired\":true,\"valueName\":\"search_term_string\"}}],\"inLanguage\":\"tr-TR\"},{\"@type\":\"Organization\",\"@id\":\"https:\/\/mollersomega3.nl\/#organization\",\"name\":\"M\u00f6llers Omega-3\",\"url\":\"https:\/\/mollersomega3.nl\/\",\"logo\":{\"@type\":\"ImageObject\",\"inLanguage\":\"tr-TR\",\"@id\":\"https:\/\/mollersomega3.nl\/#\/schema\/logo\/image\/\",\"url\":\"https:\/\/mollersomega3.nl\/wp-content\/uploads\/2020\/07\/mollers-logo-bestellingen.png\",\"contentUrl\":\"https:\/\/mollersomega3.nl\/wp-content\/uploads\/2020\/07\/mollers-logo-bestellingen.png\",\"width\":250,\"height\":86,\"caption\":\"M\u00f6llers Omega-3\"},\"image\":{\"@id\":\"https:\/\/mollersomega3.nl\/#\/schema\/logo\/image\/\"},\"sameAs\":[\"https:\/\/www.facebook.com\/MollersOmega3NL\",\"https:\/\/www.instagram.com\/mollersomega3nl\/\",\"https:\/\/nl.linkedin.com\/company\/good-life-international\",\"https:\/\/www.bol.com\/nl\/nl\/m\/mollers\/\",\"https:\/\/mollersomega3.nl\/en\/\"],\"foundingDate\":\"1854\",\"areaServed\":[\"GB\",\"IE\",\"US\",\"CA\",\"AU\",\"NZ\",\"NL\"],\"knowsAbout\":[\"omega-3\",\"cod liver oil\",\"fish oil\",\"DHA\",\"EPA\",\"vitamin D\"],\"description\":\"Norwegian premium omega-3 brand since 1854. Cod liver oil and fish oil supplements with omega-3, vitamins A, D and E.\"}]}<\/script>\n<!-- \/ Yoast SEO Premium plugin. -->","yoast_head_json":{"title":"M\u00f6ller's Omega-3 art\u0131k Kruidvat'ta!","description":"Kruidvat'ta y\u00fcksek kaliteli bir omega-3 takviyesi mi ar\u0131yorsunuz? A-D-E vitaminli M\u00f6ller's Omega-3, gen\u00e7lerin ve ya\u015fl\u0131lar\u0131n favorisi.","robots":{"index":"index","follow":"follow","max-snippet":"max-snippet:-1","max-image-preview":"max-image-preview:large","max-video-preview":"max-video-preview:-1"},"canonical":"https:\/\/mollersomega3.nl\/kruidvat\/","og_locale":"tr_TR","og_type":"article","og_title":"M\u00f6ller's Omega-3 art\u0131k Kruidvat'ta!","og_description":"Kruidvat'ta y\u00fcksek kaliteli bir omega-3 takviyesi mi ar\u0131yorsunuz? A-D-E vitaminli M\u00f6ller's Omega-3, gen\u00e7lerin ve ya\u015fl\u0131lar\u0131n favorisi.","og_url":"https:\/\/mollersomega3.nl\/kruidvat\/","og_site_name":"M\u00f6llers Omega-3","article_publisher":"https:\/\/www.facebook.com\/mollersomega3nl","article_modified_time":"2025-07-04T07:19:32+00:00","og_image":[{"width":900,"height":352,"url":"https:\/\/mollersomega3.nl\/wp-content\/uploads\/2025\/02\/Azize-Kruidvat.jpg","type":"image\/jpeg"}],"twitter_card":"summary_large_image","twitter_site":"@mollersomega3nl","twitter_misc":{"Est. reading time":"4 minutes"},"schema":{"@context":"https:\/\/schema.org","@graph":[{"@type":"WebPage","@id":"https:\/\/mollersomega3.nl\/kruidvat\/","url":"https:\/\/mollersomega3.nl\/kruidvat\/","name":"M\u00f6ller's Omega-3 art\u0131k Kruidvat'ta!","isPartOf":{"@id":"https:\/\/mollersomega3.nl\/#website"},"primaryImageOfPage":{"@id":"https:\/\/mollersomega3.nl\/kruidvat\/#primaryimage"},"image":{"@id":"https:\/\/mollersomega3.nl\/kruidvat\/#primaryimage"},"thumbnailUrl":"https:\/\/mollersomega3.nl\/wp-content\/uploads\/2025\/02\/Azize-Kruidvat.jpg","datePublished":"2025-02-13T06:44:46+00:00","dateModified":"2025-07-04T07:19:32+00:00","description":"Kruidvat'ta y\u00fcksek kaliteli bir omega-3 takviyesi mi ar\u0131yorsunuz? A-D-E vitaminli M\u00f6ller's Omega-3, gen\u00e7lerin ve ya\u015fl\u0131lar\u0131n favorisi.","breadcrumb":{"@id":"https:\/\/mollersomega3.nl\/kruidvat\/#breadcrumb"},"inLanguage":"tr-TR","potentialAction":[{"@type":"ReadAction","target":["https:\/\/mollersomega3.nl\/kruidvat\/"]}]},{"@type":"ImageObject","inLanguage":"tr-TR","@id":"https:\/\/mollersomega3.nl\/kruidvat\/#primaryimage","url":"https:\/\/mollersomega3.nl\/wp-content\/uploads\/2025\/02\/Azize-Kruidvat.jpg","contentUrl":"https:\/\/mollersomega3.nl\/wp-content\/uploads\/2025\/02\/Azize-Kruidvat.jpg","width":900,"height":352},{"@type":"BreadcrumbList","@id":"https:\/\/mollersomega3.nl\/kruidvat\/#breadcrumb","itemListElement":[{"@type":"ListItem","position":1,"name":"Ana Sayfa","item":"https:\/\/mollersomega3.nl\/tr\/"},{"@type":"ListItem","position":2,"name":"M\u00f6ller&#8217;s Omega-3 art\u0131k Kruidvat&#8217;ta!"}]},{"@type":"WebSite","@id":"https:\/\/mollersomega3.nl\/#website","url":"https:\/\/mollersomega3.nl\/","name":"M\u00f6llers Omega-3","description":"A Spoonful of Life since 1854","publisher":{"@id":"https:\/\/mollersomega3.nl\/#organization"},"potentialAction":[{"@type":"SearchAction","target":{"@type":"EntryPoint","urlTemplate":"https:\/\/mollersomega3.nl\/?s={search_term_string}"},"query-input":{"@type":"PropertyValueSpecification","valueRequired":true,"valueName":"search_term_string"}}],"inLanguage":"tr-TR"},{"@type":"Organization","@id":"https:\/\/mollersomega3.nl\/#organization","name":"M\u00f6llers Omega-3","url":"https:\/\/mollersomega3.nl\/","logo":{"@type":"ImageObject","inLanguage":"tr-TR","@id":"https:\/\/mollersomega3.nl\/#\/schema\/logo\/image\/","url":"https:\/\/mollersomega3.nl\/wp-content\/uploads\/2020\/07\/mollers-logo-bestellingen.png","contentUrl":"https:\/\/mollersomega3.nl\/wp-content\/uploads\/2020\/07\/mollers-logo-bestellingen.png","width":250,"height":86,"caption":"M\u00f6llers Omega-3"},"image":{"@id":"https:\/\/mollersomega3.nl\/#\/schema\/logo\/image\/"},"sameAs":["https:\/\/www.facebook.com\/MollersOmega3NL","https:\/\/www.instagram.com\/mollersomega3nl\/","https:\/\/nl.linkedin.com\/company\/good-life-international","https:\/\/www.bol.com\/nl\/nl\/m\/mollers\/","https:\/\/mollersomega3.nl\/en\/"],"foundingDate":"1854","areaServed":["GB","IE","US","CA","AU","NZ","NL"],"knowsAbout":["omega-3","cod liver oil","fish oil","DHA","EPA","vitamin D"],"description":"Norwegian premium omega-3 brand since 1854. Cod liver oil and fish oil supplements with omega-3, vitamins A, D and E."}]}},"_links":{"self":[{"href":"https:\/\/mollersomega3.nl\/tr\/wp-json\/wp\/v2\/pages\/1005815","targetHints":{"allow":["GET"]}}],"collection":[{"href":"https:\/\/mollersomega3.nl\/tr\/wp-json\/wp\/v2\/pages"}],"about":[{"href":"https:\/\/mollersomega3.nl\/tr\/wp-json\/wp\/v2\/types\/page"}],"author":[{"embeddable":true,"href":"https:\/\/mollersomega3.nl\/tr\/wp-json\/wp\/v2\/users\/3328"}],"replies":[{"embeddable":true,"href":"https:\/\/mollersomega3.nl\/tr\/wp-json\/wp\/v2\/comments?post=1005815"}],"version-history":[{"count":0,"href":"https:\/\/mollersomega3.nl\/tr\/wp-json\/wp\/v2\/pages\/1005815\/revisions"}],"wp:featuredmedia":[{"embeddable":true,"href":"https:\/\/mollersomega3.nl\/tr\/wp-json\/wp\/v2\/media\/1007357"}],"wp:attachment":[{"href":"https:\/\/mollersomega3.nl\/tr\/wp-json\/wp\/v2\/media?parent=1005815"}],"curies":[{"name":"wp","href":"https:\/\/api.w.org\/{rel}","templated":true}]}}