{"id":1005817,"date":"2021-02-25T13:37:01","date_gmt":"2021-02-25T12:37:01","guid":{"rendered":"https:\/\/mollersomega3.nl\/kayit-onaylandi\/"},"modified":"2021-02-25T13:37:01","modified_gmt":"2021-02-25T12:37:01","slug":"kayit-onaylandi","status":"publish","type":"page","link":"https:\/\/mollersomega3.nl\/tr\/kayit-onaylandi\/","title":{"rendered":"Kay\u0131t onayland\u0131"},"content":{"rendered":"<p>B\u00fclten aboneli\u011finiz onayland\u0131! Art\u0131k M\u00f6ller&#8217;s Omega-3&#8217;ten en son haberleri e-posta kutunuzda alacaks\u0131n\u0131z. D\u0130KKAT! Bu e-posta spam klas\u00f6r\u00fcne d\u00fc\u015febilir. Bu nedenle spam kutunuzu her zaman kontrol edin.    <\/p>\n<p>Bundan b\u00f6yle a\u015fa\u011f\u0131daki konularda e-posta ile bilgilendirileceksiniz:<\/p>\n<ul>\n<li>En son haberler<\/li>\n<li>En g\u00fcncel bilimsel ara\u015ft\u0131rmalar<\/li>\n<li>Yeni \u00fcr\u00fcnler<\/li>\n<li>Yeni sat\u0131\u015f noktalar\u0131<\/li>\n<li>E\u011flenceli \u00e7ekili\u015fler<\/li>\n<li>Ve&#8230; en iyi teklifler ve indirim kodlar\u0131<\/li>\n<\/ul>\n<p>Birka\u00e7 dakika i\u00e7inde \u201cFormda ve Sa\u011fl\u0131kl\u0131, ama nas\u0131l&#8230;\u201d E-kitab\u0131n\u0131 indirmek i\u00e7in bir ba\u011flant\u0131 i\u00e7eren bir e-posta alacaks\u0131n\u0131z.<\/p>\n<p><img decoding=\"async\" class=\"alignleft wp-image-2641\" src=\"https:\/\/mollersomega3.nl\/wp-content\/uploads\/2021\/02\/mollesomega3-kaft-ebook.png\" alt=\"M\u00f6ller's Omega-3 - Formda ve Sa\u011fl\u0131kl\u0131, ama nas\u0131l...?\" width=\"200\" height=\"281\" srcset=\"https:\/\/mollersomega3.nl\/wp-content\/uploads\/2021\/02\/mollesomega3-kaft-ebook.png 800w, https:\/\/mollersomega3.nl\/wp-content\/uploads\/2021\/02\/mollesomega3-kaft-ebook-768x1077.png 768w, https:\/\/mollersomega3.nl\/wp-content\/uploads\/2021\/02\/mollesomega3-kaft-ebook-300x421.png 300w, https:\/\/mollersomega3.nl\/wp-content\/uploads\/2021\/02\/mollesomega3-kaft-ebook-600x842.png 600w\" sizes=\"(max-width: 200px) 100vw, 200px\" \/><\/p>\n","protected":false},"excerpt":{"rendered":"<p>B\u00fclten aboneli\u011finiz onayland\u0131! Art\u0131k M\u00f6ller&#8217;s Omega-3&#8217;ten en son haberleri e-posta kutunuzda alacaks\u0131n\u0131z. D\u0130KKAT! Bu e-posta spam klas\u00f6r\u00fcne d\u00fc\u015febilir. Bu nedenle spam kutunuzu her zaman kontrol edin. Bundan b\u00f6yle a\u015fa\u011f\u0131daki konularda e-posta ile bilgilendirileceksiniz: En son haberler En g\u00fcncel bilimsel ara\u015ft\u0131rmalar Yeni \u00fcr\u00fcnler Yeni sat\u0131\u015f noktalar\u0131 E\u011flenceli \u00e7ekili\u015fler Ve&#8230; en iyi teklifler ve indirim kodlar\u0131 Birka\u00e7 [&hellip;]<\/p>\n","protected":false},"author":2,"featured_media":0,"parent":0,"menu_order":0,"comment_status":"closed","ping_status":"closed","template":"","meta":{"_yoast_wpseo_focuskw":"kay\u0131t","_yoast_wpseo_title":"","_yoast_wpseo_metadesc":"B\u00fclten aboneli\u011finiz onayland\u0131. Art\u0131k M\u00f6ller's Omega-3'ten en son haberleri e-posta kutunuzda alacaks\u0131n\u0131z.","_monsterinsights_skip_tracking":false,"_monsterinsights_sitenote_active":false,"_monsterinsights_sitenote_note":"","_monsterinsights_sitenote_category":0,"footnotes":""},"class_list":["post-1005817","page","type-page","status-publish","hentry"],"yoast_head":"<!-- This site is optimized with the Yoast SEO Premium plugin v25.1 (Yoast SEO v25.1) - https:\/\/yoast.com\/wordpress\/plugins\/seo\/ -->\n<title>Kay\u0131t onayland\u0131 - M\u00f6llers Omega-3<\/title>\n<meta name=\"description\" content=\"B\u00fclten aboneli\u011finiz onayland\u0131. Art\u0131k M\u00f6ller&#039;s Omega-3&#039;ten en son haberleri e-posta kutunuzda alacaks\u0131n\u0131z.\" \/>\n<meta name=\"robots\" content=\"index, follow, max-snippet:-1, max-image-preview:large, max-video-preview:-1\" \/>\n<link rel=\"canonical\" href=\"https:\/\/mollersomega3.nl\/inschrijving-bevestigd\/\" \/>\n<meta property=\"og:locale\" content=\"tr_TR\" \/>\n<meta property=\"og:type\" content=\"article\" \/>\n<meta property=\"og:title\" content=\"Kay\u0131t onayland\u0131\" \/>\n<meta property=\"og:description\" content=\"B\u00fclten aboneli\u011finiz onayland\u0131. Art\u0131k M\u00f6ller&#039;s Omega-3&#039;ten en son haberleri e-posta kutunuzda alacaks\u0131n\u0131z.\" \/>\n<meta property=\"og:url\" content=\"https:\/\/mollersomega3.nl\/inschrijving-bevestigd\/\" \/>\n<meta property=\"og:site_name\" content=\"M\u00f6llers Omega-3\" \/>\n<meta property=\"article:publisher\" content=\"https:\/\/www.facebook.com\/mollersomega3nl\" \/>\n<meta property=\"og:image\" content=\"https:\/\/mollersomega3.nl\/wp-content\/uploads\/2021\/02\/mollesomega3-kaft-ebook.png\" \/>\n<meta name=\"twitter:card\" content=\"summary_large_image\" \/>\n<meta name=\"twitter:site\" content=\"@mollersomega3nl\" \/>\n<meta name=\"twitter:label1\" content=\"Est. reading time\" \/>\n\t<meta name=\"twitter:data1\" content=\"1 minute\" \/>\n<script type=\"application\/ld+json\" class=\"yoast-schema-graph\">{\"@context\":\"https:\/\/schema.org\",\"@graph\":[{\"@type\":\"WebPage\",\"@id\":\"https:\/\/mollersomega3.nl\/inschrijving-bevestigd\/\",\"url\":\"https:\/\/mollersomega3.nl\/inschrijving-bevestigd\/\",\"name\":\"Kay\u0131t onayland\u0131 - M\u00f6llers Omega-3\",\"isPartOf\":{\"@id\":\"https:\/\/mollersomega3.nl\/#website\"},\"primaryImageOfPage\":{\"@id\":\"https:\/\/mollersomega3.nl\/inschrijving-bevestigd\/#primaryimage\"},\"image\":{\"@id\":\"https:\/\/mollersomega3.nl\/inschrijving-bevestigd\/#primaryimage\"},\"thumbnailUrl\":\"https:\/\/mollersomega3.nl\/wp-content\/uploads\/2021\/02\/mollesomega3-kaft-ebook.png\",\"datePublished\":\"2021-02-25T12:37:01+00:00\",\"description\":\"B\u00fclten aboneli\u011finiz onayland\u0131. Art\u0131k M\u00f6ller's Omega-3'ten en son haberleri e-posta kutunuzda alacaks\u0131n\u0131z.\",\"breadcrumb\":{\"@id\":\"https:\/\/mollersomega3.nl\/inschrijving-bevestigd\/#breadcrumb\"},\"inLanguage\":\"tr-TR\",\"potentialAction\":[{\"@type\":\"ReadAction\",\"target\":[\"https:\/\/mollersomega3.nl\/inschrijving-bevestigd\/\"]}]},{\"@type\":\"ImageObject\",\"inLanguage\":\"tr-TR\",\"@id\":\"https:\/\/mollersomega3.nl\/inschrijving-bevestigd\/#primaryimage\",\"url\":\"https:\/\/mollersomega3.nl\/wp-content\/uploads\/2021\/02\/mollesomega3-kaft-ebook.png\",\"contentUrl\":\"https:\/\/mollersomega3.nl\/wp-content\/uploads\/2021\/02\/mollesomega3-kaft-ebook.png\"},{\"@type\":\"BreadcrumbList\",\"@id\":\"https:\/\/mollersomega3.nl\/inschrijving-bevestigd\/#breadcrumb\",\"itemListElement\":[{\"@type\":\"ListItem\",\"position\":1,\"name\":\"Ana Sayfa\",\"item\":\"https:\/\/mollersomega3.nl\/tr\/\"},{\"@type\":\"ListItem\",\"position\":2,\"name\":\"Kay\u0131t onayland\u0131\"}]},{\"@type\":\"WebSite\",\"@id\":\"https:\/\/mollersomega3.nl\/#website\",\"url\":\"https:\/\/mollersomega3.nl\/\",\"name\":\"M\u00f6llers Omega-3\",\"description\":\"A Spoonful of Life since 1854\",\"publisher\":{\"@id\":\"https:\/\/mollersomega3.nl\/#organization\"},\"potentialAction\":[{\"@type\":\"SearchAction\",\"target\":{\"@type\":\"EntryPoint\",\"urlTemplate\":\"https:\/\/mollersomega3.nl\/?s={search_term_string}\"},\"query-input\":{\"@type\":\"PropertyValueSpecification\",\"valueRequired\":true,\"valueName\":\"search_term_string\"}}],\"inLanguage\":\"tr-TR\"},{\"@type\":\"Organization\",\"@id\":\"https:\/\/mollersomega3.nl\/#organization\",\"name\":\"M\u00f6llers Omega-3\",\"url\":\"https:\/\/mollersomega3.nl\/\",\"logo\":{\"@type\":\"ImageObject\",\"inLanguage\":\"tr-TR\",\"@id\":\"https:\/\/mollersomega3.nl\/#\/schema\/logo\/image\/\",\"url\":\"https:\/\/mollersomega3.nl\/wp-content\/uploads\/2020\/07\/mollers-logo-bestellingen.png\",\"contentUrl\":\"https:\/\/mollersomega3.nl\/wp-content\/uploads\/2020\/07\/mollers-logo-bestellingen.png\",\"width\":250,\"height\":86,\"caption\":\"M\u00f6llers Omega-3\"},\"image\":{\"@id\":\"https:\/\/mollersomega3.nl\/#\/schema\/logo\/image\/\"},\"sameAs\":[\"https:\/\/www.facebook.com\/MollersOmega3NL\",\"https:\/\/www.instagram.com\/mollersomega3nl\/\",\"https:\/\/nl.linkedin.com\/company\/good-life-international\",\"https:\/\/www.bol.com\/nl\/nl\/m\/mollers\/\",\"https:\/\/mollersomega3.nl\/en\/\"],\"foundingDate\":\"1854\",\"areaServed\":[\"GB\",\"IE\",\"US\",\"CA\",\"AU\",\"NZ\",\"NL\"],\"knowsAbout\":[\"omega-3\",\"cod liver oil\",\"fish oil\",\"DHA\",\"EPA\",\"vitamin D\"],\"description\":\"Norwegian premium omega-3 brand since 1854. Cod liver oil and fish oil supplements with omega-3, vitamins A, D and E.\"}]}<\/script>\n<!-- \/ Yoast SEO Premium plugin. -->","yoast_head_json":{"title":"Kay\u0131t onayland\u0131 - M\u00f6llers Omega-3","description":"B\u00fclten aboneli\u011finiz onayland\u0131. Art\u0131k M\u00f6ller's Omega-3'ten en son haberleri e-posta kutunuzda alacaks\u0131n\u0131z.","robots":{"index":"index","follow":"follow","max-snippet":"max-snippet:-1","max-image-preview":"max-image-preview:large","max-video-preview":"max-video-preview:-1"},"canonical":"https:\/\/mollersomega3.nl\/inschrijving-bevestigd\/","og_locale":"tr_TR","og_type":"article","og_title":"Kay\u0131t onayland\u0131","og_description":"B\u00fclten aboneli\u011finiz onayland\u0131. Art\u0131k M\u00f6ller's Omega-3'ten en son haberleri e-posta kutunuzda alacaks\u0131n\u0131z.","og_url":"https:\/\/mollersomega3.nl\/inschrijving-bevestigd\/","og_site_name":"M\u00f6llers Omega-3","article_publisher":"https:\/\/www.facebook.com\/mollersomega3nl","og_image":[{"url":"https:\/\/mollersomega3.nl\/wp-content\/uploads\/2021\/02\/mollesomega3-kaft-ebook.png","type":"","width":"","height":""}],"twitter_card":"summary_large_image","twitter_site":"@mollersomega3nl","twitter_misc":{"Est. reading time":"1 minute"},"schema":{"@context":"https:\/\/schema.org","@graph":[{"@type":"WebPage","@id":"https:\/\/mollersomega3.nl\/inschrijving-bevestigd\/","url":"https:\/\/mollersomega3.nl\/inschrijving-bevestigd\/","name":"Kay\u0131t onayland\u0131 - M\u00f6llers Omega-3","isPartOf":{"@id":"https:\/\/mollersomega3.nl\/#website"},"primaryImageOfPage":{"@id":"https:\/\/mollersomega3.nl\/inschrijving-bevestigd\/#primaryimage"},"image":{"@id":"https:\/\/mollersomega3.nl\/inschrijving-bevestigd\/#primaryimage"},"thumbnailUrl":"https:\/\/mollersomega3.nl\/wp-content\/uploads\/2021\/02\/mollesomega3-kaft-ebook.png","datePublished":"2021-02-25T12:37:01+00:00","description":"B\u00fclten aboneli\u011finiz onayland\u0131. Art\u0131k M\u00f6ller's Omega-3'ten en son haberleri e-posta kutunuzda alacaks\u0131n\u0131z.","breadcrumb":{"@id":"https:\/\/mollersomega3.nl\/inschrijving-bevestigd\/#breadcrumb"},"inLanguage":"tr-TR","potentialAction":[{"@type":"ReadAction","target":["https:\/\/mollersomega3.nl\/inschrijving-bevestigd\/"]}]},{"@type":"ImageObject","inLanguage":"tr-TR","@id":"https:\/\/mollersomega3.nl\/inschrijving-bevestigd\/#primaryimage","url":"https:\/\/mollersomega3.nl\/wp-content\/uploads\/2021\/02\/mollesomega3-kaft-ebook.png","contentUrl":"https:\/\/mollersomega3.nl\/wp-content\/uploads\/2021\/02\/mollesomega3-kaft-ebook.png"},{"@type":"BreadcrumbList","@id":"https:\/\/mollersomega3.nl\/inschrijving-bevestigd\/#breadcrumb","itemListElement":[{"@type":"ListItem","position":1,"name":"Ana Sayfa","item":"https:\/\/mollersomega3.nl\/tr\/"},{"@type":"ListItem","position":2,"name":"Kay\u0131t onayland\u0131"}]},{"@type":"WebSite","@id":"https:\/\/mollersomega3.nl\/#website","url":"https:\/\/mollersomega3.nl\/","name":"M\u00f6llers Omega-3","description":"A Spoonful of Life since 1854","publisher":{"@id":"https:\/\/mollersomega3.nl\/#organization"},"potentialAction":[{"@type":"SearchAction","target":{"@type":"EntryPoint","urlTemplate":"https:\/\/mollersomega3.nl\/?s={search_term_string}"},"query-input":{"@type":"PropertyValueSpecification","valueRequired":true,"valueName":"search_term_string"}}],"inLanguage":"tr-TR"},{"@type":"Organization","@id":"https:\/\/mollersomega3.nl\/#organization","name":"M\u00f6llers Omega-3","url":"https:\/\/mollersomega3.nl\/","logo":{"@type":"ImageObject","inLanguage":"tr-TR","@id":"https:\/\/mollersomega3.nl\/#\/schema\/logo\/image\/","url":"https:\/\/mollersomega3.nl\/wp-content\/uploads\/2020\/07\/mollers-logo-bestellingen.png","contentUrl":"https:\/\/mollersomega3.nl\/wp-content\/uploads\/2020\/07\/mollers-logo-bestellingen.png","width":250,"height":86,"caption":"M\u00f6llers Omega-3"},"image":{"@id":"https:\/\/mollersomega3.nl\/#\/schema\/logo\/image\/"},"sameAs":["https:\/\/www.facebook.com\/MollersOmega3NL","https:\/\/www.instagram.com\/mollersomega3nl\/","https:\/\/nl.linkedin.com\/company\/good-life-international","https:\/\/www.bol.com\/nl\/nl\/m\/mollers\/","https:\/\/mollersomega3.nl\/en\/"],"foundingDate":"1854","areaServed":["GB","IE","US","CA","AU","NZ","NL"],"knowsAbout":["omega-3","cod liver oil","fish oil","DHA","EPA","vitamin D"],"description":"Norwegian premium omega-3 brand since 1854. Cod liver oil and fish oil supplements with omega-3, vitamins A, D and E."}]}},"_links":{"self":[{"href":"https:\/\/mollersomega3.nl\/tr\/wp-json\/wp\/v2\/pages\/1005817","targetHints":{"allow":["GET"]}}],"collection":[{"href":"https:\/\/mollersomega3.nl\/tr\/wp-json\/wp\/v2\/pages"}],"about":[{"href":"https:\/\/mollersomega3.nl\/tr\/wp-json\/wp\/v2\/types\/page"}],"author":[{"embeddable":true,"href":"https:\/\/mollersomega3.nl\/tr\/wp-json\/wp\/v2\/users\/2"}],"replies":[{"embeddable":true,"href":"https:\/\/mollersomega3.nl\/tr\/wp-json\/wp\/v2\/comments?post=1005817"}],"version-history":[{"count":0,"href":"https:\/\/mollersomega3.nl\/tr\/wp-json\/wp\/v2\/pages\/1005817\/revisions"}],"wp:attachment":[{"href":"https:\/\/mollersomega3.nl\/tr\/wp-json\/wp\/v2\/media?parent=1005817"}],"curies":[{"name":"wp","href":"https:\/\/api.w.org\/{rel}","templated":true}]}}