{"id":1005822,"date":"2021-02-09T18:21:25","date_gmt":"2021-02-09T17:21:25","guid":{"rendered":"https:\/\/mollersomega3.nl\/profesyoneller-icin-bilimsel-bilgiler\/"},"modified":"2021-02-09T18:21:25","modified_gmt":"2021-02-09T17:21:25","slug":"profesyoneller-icin-bilimsel-bilgiler","status":"publish","type":"page","link":"https:\/\/mollersomega3.nl\/tr\/profesyoneller-icin-bilimsel-bilgiler\/","title":{"rendered":"Profesyoneller i\u00e7in bilimsel bilgiler"},"content":{"rendered":"<p>Profesyoneller i\u00e7in burada ilgili ba\u011flant\u0131larla birlikte en son bilimsel ara\u015ft\u0131rmalar\u0131 payla\u015f\u0131yoruz. M\u00f6ller&#8217;s Omega-3, omega-3 ya\u011f asitleri ve A, D ve E vitaminleri bak\u0131m\u0131ndan zengin saf bal\u0131k ya\u011f\u0131d\u0131r. Omega-3, D vitamini, bal\u0131k ya\u011f\u0131, bal\u0131k ya\u011f\u0131 ve COVID-19 hakk\u0131ndaki g\u00fcncel makaleler burada listelenmektedir. EFSA taraf\u0131ndan onaylanan sa\u011fl\u0131k beyanlar\u0131n\u0131 <a href=\"https:\/\/mollersomega3.nl\/voor-het-hele-lichaam\/\" target=\"_blank\" rel=\"noopener\">burada<\/a> bulabilirsiniz.  <\/p>\n<h2>COVID-19<\/h2>\n<h3>D3 Vitamini ve COVID-19 hastal\u0131k \u015fiddeti<\/h3>\n<p><em>3 \u015eubat 2022, bilimsel makale ba\u011flant\u0131s\u0131: <a href=\"https:\/\/journals.plos.org\/plosone\/article?id=10.1371\/journal.pone.0263069\" target=\"_blank\" rel=\"noopener\">Pre-infection 25-hydroxyvitamin D3 levels and association with severity of COVID-19 illness.<\/a><\/em><\/p>\n<p>Pandemi ba\u015flang\u0131c\u0131ndan bu yana, D vitamini ve COVID-19 vir\u00fcs\u00fcnden kaynaklanan hastal\u0131k aras\u0131ndaki ili\u015fki hakk\u0131nda bir\u00e7ok ara\u015ft\u0131rma raporu yay\u0131nlanm\u0131\u015ft\u0131r. Bu son ara\u015ft\u0131rman\u0131n sonucu \u015f\u00f6yleydi: \u201cHastaneye yat\u0131r\u0131lan COVID-19 hastalar\u0131nda, enfeksiyon \u00f6ncesi D vitamini eksikli\u011fi, hastal\u0131\u011f\u0131n \u015fiddeti ve \u00f6l\u00fcm oran\u0131 ile ili\u015fkilendirildi.\u201d <\/p>\n<h3 class=\"article-header__title\">Omega-3 ya\u011f asitleri ve COVID-19&#8217;dan \u00f6l\u00fcm riski<\/h3>\n<p><em>20 Ocak 2021, bilimsel makale ba\u011flant\u0131s\u0131: <a href=\"https:\/\/www.plefa.com\/article\/S0952-3278(21)00013-2\/fulltext\" target=\"_blank\" rel=\"noopener\">Blood omega-3 fatty acids and death from COVID-19: A pilot study<\/a><\/em><\/p>\n<p>20 Ocak 2021&#8217;de omega-3 indeks seviyesi ve COVID-19&#8217;dan \u00f6l\u00fcm riski aras\u0131ndaki ili\u015fki hakk\u0131nda yeni bir \u00e7al\u0131\u015fma yay\u0131nland\u0131. Yazarlardan biri, omega-3 ara\u015ft\u0131rmalar\u0131 alan\u0131nda d\u00fcnyan\u0131n en iyi bilim insanlar\u0131ndan biri olan Prof. William Harris&#8217;tir. Bu, 100 hasta ile yap\u0131lan bir pilot \u00e7al\u0131\u015fmad\u0131r. Bu ara\u015ft\u0131rman\u0131n sonu\u00e7lar\u0131 <span class=\"VIiyi\" lang=\"nl\"><span class=\"JLqJ4b ChMk0b\" data-language-for-alternatives=\"nl\" data-language-to-translate-into=\"auto\" data-phrase-index=\"0\"><strong>y\u00fcksek omega-3 indeksinin COVID-19&#8217;dan \u00f6l\u00fcm riskini azaltabilece\u011fini<\/strong><\/span><\/span> \u00f6ne s\u00fcrmektedir.    <\/p>\n<p>Bu, y\u00fcksek omega-3 kan seviyelerinin COVID-19 enfeksiyonundan \u00f6l\u00fcm riskini azaltabilece\u011fine dair ilk do\u011frudan kan\u0131tt\u0131r. Makale 20 Ocak 2021&#8217;de <span class=\"VIiyi\" lang=\"nl\"><span class=\"JLqJ4b ChMk0b\" data-language-for-alternatives=\"nl\" data-language-to-translate-into=\"auto\" data-phrase-index=\"1\">Prostaglandins, Leukotrienes and Essential Fatty Acids<\/span><\/span> dergisinde yay\u0131nland\u0131. <\/p>\n<h3>Omega-3 ya\u011f asitleri, D vitamini ve COVID-19<\/h3>\n<p><em>30 Kas\u0131m 2020, bilimsel makale ba\u011flant\u0131s\u0131: <\/em><em><a href=\"https:\/\/www.medrxiv.org\/content\/10.1101\/2020.11.27.20239087v1\" target=\"_blank\" rel=\"noopener\">Dietary supplements during the COVID-19 pandemic: insights from 1.4M users of the COVID Symptom Study app \u2013 a longitudinal app-based community survey<\/a><\/em><\/p>\n<p>Pandeminin ba\u015flang\u0131c\u0131ndan bu yana, yakla\u015f\u0131k 1,4 milyon ki\u015fi besin takviyesi kullan\u0131m\u0131 hakk\u0131ndaki bir ankete kat\u0131ld\u0131. Birle\u015fik Krall\u0131k, Amerika Birle\u015fik Devletleri ve \u0130sve\u00e7&#8217;ten kat\u0131l\u0131mc\u0131lar ara\u015ft\u0131rma pop\u00fclasyonunu olu\u015fturdu. 2020 y\u0131l\u0131 sonunda bu sonu\u00e7lar a\u00e7\u0131kland\u0131.  <\/p>\n<p>Bu g\u00f6zlemsel ara\u015ft\u0131rmada, <strong>kad\u0131nlarda probiyotik, omega-3 ya\u011f asitleri, multivitamin veya D vitamini takviyesi kullan\u0131m\u0131 ile SARS-CoV-2 i\u00e7in pozitif test sonucu alma riski aras\u0131nda m\u00fctevaz\u0131 ama anlaml\u0131 bir ili\u015fki g\u00f6zlemlendi<\/strong>. Erkeklerde belirgin bir fayda g\u00f6zlemlenmedi ve C vitamini, sar\u0131msak veya \u00e7inkonun erkekler veya kad\u0131nlar \u00fczerinde herhangi bir etkisi g\u00f6r\u00fclmedi. <\/p>\n<h2>Beyin<\/h2>\n<p>GOED (Global Organization for EPA and DHA omega-3), omega-3 ve beyin hastal\u0131klar\u0131 hakk\u0131ndaki en ilgin\u00e7 ara\u015ft\u0131rmalar\u0131n bir \u00f6zetini haz\u0131rlad\u0131.<\/p>\n<p>\u00d6zeti (\u0130ngilizce) buradan indirebilirsiniz: <a href=\"https:\/\/mollersomega3.nl\/wp-content\/uploads\/2021\/03\/Brain-Health-Monograph.pdf\" target=\"_blank\" rel=\"noopener\">Brain Health Monograph<\/a><\/p>\n<h3>Omega-3 a\u00e7\u0131s\u0131ndan zengin beslenme ile daha az migren<\/h3>\n<p><em>1 Temmuz 2021, bilimsel makale ba\u011flant\u0131s\u0131:<\/em> <a href=\"https:\/\/www.bmj.com\/content\/374\/bmj.n1448\" target=\"_blank\" rel=\"noopener\"><em>Dietary alteration of n-3 and n-6 fatty acids for headache reduction in adults with migraine: randomized controlled trial.<\/em><\/a><\/p>\n<p>Omega-3 ya\u011f asitlerinden zengin bir diyet, normal omega-3 ve omega-6 ya\u011f asidi al\u0131m\u0131na k\u0131yasla migrende ba\u015f a\u011fr\u0131s\u0131 s\u0131kl\u0131\u011f\u0131n\u0131 ve \u015fiddetini azalt\u0131r.<\/p>\n<p>Bu ara\u015ft\u0131rma, migrende omega-3 ya\u011f asitlerinin \u00f6nemini g\u00f6stermektedir. Baz\u0131 durumlarda, beslenme m\u00fcdahalesi ila\u00e7 kadar etkili olmu\u015ftur. <\/p>\n<h2>Kalp<\/h2>\n<p>GOED (Global Organization for EPA and DHA omega-3), omega-3 ve kalp hastal\u0131klar\u0131 hakk\u0131ndaki en ilgin\u00e7 ara\u015ft\u0131rmalar\u0131n bir \u00f6zetini haz\u0131rlad\u0131.<\/p>\n<p>\u00d6zeti (\u0130ngilizce) buradan indirebilirsiniz: <a href=\"https:\/\/mollersomega3.nl\/wp-content\/uploads\/2021\/03\/Cardiovascular-Health-Monograph.pdf\" target=\"_blank\" rel=\"noopener\">Cardiovascular Health Monograph<\/a><\/p>\n<h3>Y\u00fcksek Omega-3 \u0130ndeksi ya\u015fam beklentisini 5 y\u0131l art\u0131r\u0131yor<\/h3>\n<p><em>22 Temmuz 2021, bilimsel makale ba\u011flant\u0131s\u0131: <a href=\"https:\/\/academic.oup.com\/ajcn\/article\/114\/4\/1447\/6301120\" target=\"_blank\" rel=\"noopener\">Using an erythrocyte fatty acid fingerprint to predict risk of all-cause mortality: the Framingham Offspring Cohort.<\/a><\/em><\/p>\n<p>Omega-3 kan seviyesinin \u00f6l\u00fcm riski i\u00e7in iyi bir g\u00f6sterge oldu\u011fu ortaya \u00e7\u0131kt\u0131. Kandaki y\u00fcksek omega-3 de\u011ferleri ya\u015fam beklentisini neredeyse be\u015f y\u0131l art\u0131r\u0131yor. Bu, sigaray\u0131 b\u0131rakman\u0131n ya\u015fam beklentisi \u00fczerindeki etkisine benzer.  <\/p>\n<p>Kandaki omega-3&#8217;teki %1&#8217;lik bir art\u0131\u015f, sigaray\u0131 b\u0131rakmaya benzer \u015fekilde \u00f6l\u00fcm riskinde bir d\u00fc\u015f\u00fc\u015fle ili\u015fkilidir.<\/p>\n<h3>Omega-3 dozaj\u0131n\u0131n kardiyovask\u00fcler parametreler ve kalp-damar hastal\u0131klar\u0131n\u0131n \u00f6nlenmesi \u00fczerindeki etkisi<\/h3>\n<p><em>17 Eyl\u00fcl 2020, bilimsel makale ba\u011flant\u0131s\u0131: <a href=\"https:\/\/www.mayoclinicproceedings.org\/article\/S0025-6196(20)30985-X\/fulltext\" target=\"_blank\" rel=\"noopener\">Effect of Omega-3 Dosage on Cardiovascular Outcomes \u2013 <span class=\"article-header__sub-title\">An Updated Meta-Analysis and Meta-Regression of Interventional Trials<\/span><\/a><\/em><\/p>\n<p>Bu \u00e7al\u0131\u015fman\u0131n sonucu \u015fudur: Kalp ve damar hastal\u0131klar\u0131 d\u00fcnya \u00e7ap\u0131nda \u00f6nde gelen \u00f6l\u00fcm nedeni olmaya devam ediyor. EPA ve DHA takviyesi, kalp ve damar hastal\u0131klar\u0131n\u0131n \u00f6nlenmesi i\u00e7in etkili bir ya\u015fam tarz\u0131 stratejisidir ve koruyucu etki muhtemelen dozla birlikte artmaktad\u0131r. <\/p>\n<p>Bu ara\u015ft\u0131rman\u0131n kullan\u0131\u015fl\u0131 bir infografi\u011fine ba\u011flant\u0131: <a href=\"https:\/\/www.goedomega3.com\/storage\/app\/media\/GOED%20Current%20assets\/2020%2009%20September\/GOED-Consumer-web.pdf\" target=\"_blank\" rel=\"noopener\">EPA and DHA omega-3s are associated with improved heart health.<\/a> <\/p>\n<p>G\u00fcnde en az 1000 mg EPA + DHA al\u0131nmas\u0131 \u00f6nerilir.<\/p>\n<h2>G\u00f6zler ve g\u00f6rme<\/h2>\n<p>GOED (Global Organization for EPA and DHA omega-3), omega-3 ve g\u00f6z hastal\u0131klar\u0131 hakk\u0131ndaki en ilgin\u00e7 ara\u015ft\u0131rmalar\u0131n bir \u00f6zetini haz\u0131rlad\u0131.<\/p>\n<p>\u00d6zeti (\u0130ngilizce) buradan indirebilirsiniz: <a href=\"https:\/\/mollersomega3.nl\/wp-content\/uploads\/2021\/03\/Eye-Health-Monograph.pdf\" target=\"_blank\" rel=\"noopener\">Eye Health Monograph<\/a><\/p>\n<h2>Eklemler<\/h2>\n<p>GOED (Global Organization for EPA and DHA omega-3), omega-3 ve eklem hastal\u0131klar\u0131 hakk\u0131ndaki en ilgin\u00e7 ara\u015ft\u0131rmalar\u0131n bir \u00f6zetini haz\u0131rlad\u0131.<\/p>\n<p>\u00d6zeti (\u0130ngilizce) buradan indirebilirsiniz: <a href=\"https:\/\/mollersomega3.nl\/wp-content\/uploads\/2021\/03\/Joint-Health-Monograph.pdf\" target=\"_blank\" rel=\"noopener\">Joint Health Monograph<\/a><\/p>\n<h2>Hamilelik<\/h2>\n<h3>DHA erken do\u011fum riskini azalt\u0131yor<\/h3>\n<p><em>17 May\u0131s 2021, bilimsel makale ba\u011flant\u0131s\u0131: <\/em><a href=\"https:\/\/www.thelancet.com\/journals\/eclinm\/article\/PIIS2589-5370(21)00185-1\/fulltext\" target=\"_blank\" rel=\"noopener\"><em>Higher dose docosahexaenoic acid supplementation during pregnancy and early preterm birth: A randomised, double-blind, adaptive-design superiority trial<\/em><\/a><\/p>\n<p>Dr. Susan Carlson ve meslekta\u015flar\u0131n\u0131n ADORE \u00e7al\u0131\u015fmas\u0131 (Assessment of DHA on Reducing Early Preterm Birth) May\u0131s 2021&#8217;de yay\u0131nland\u0131: &#8220;Bu randomize klinik \u00e7al\u0131\u015fman\u0131n sonu\u00e7lar\u0131, g\u00fcnl\u00fck 1000 mg DHA takviyesinin, 34 haftal\u0131k gebelikten \u00f6nce erken do\u011fumlar\u0131 (Early Preterm Birth) azaltmada 200 mg&#8217;dan muhtemelen daha iyi oldu\u011funu ve d\u00fc\u015f\u00fck DHA seviyesine sahip hamile kad\u0131nlarda \u00e7ok daha etkili oldu\u011funu g\u00f6stermektedir.&#8221; Daha y\u00fcksek DHA dozaj\u0131, erken do\u011fuma kar\u015f\u0131 korumada daha etkili g\u00f6r\u00fcnmektedir.<\/p>\n","protected":false},"excerpt":{"rendered":"<p>Profesyoneller i\u00e7in burada ilgili ba\u011flant\u0131larla birlikte en son bilimsel ara\u015ft\u0131rmalar\u0131 payla\u015f\u0131yoruz. M\u00f6ller&#8217;s Omega-3, omega-3 ya\u011f asitleri ve A, D ve E vitaminleri bak\u0131m\u0131ndan zengin saf bal\u0131k ya\u011f\u0131d\u0131r. Omega-3, D vitamini, bal\u0131k ya\u011f\u0131, bal\u0131k ya\u011f\u0131 ve COVID-19 hakk\u0131ndaki g\u00fcncel makaleler burada listelenmektedir. EFSA taraf\u0131ndan onaylanan sa\u011fl\u0131k beyanlar\u0131n\u0131 burada bulabilirsiniz. COVID-19 D3 Vitamini ve COVID-19 hastal\u0131k \u015fiddeti [&hellip;]<\/p>\n","protected":false},"author":2,"featured_media":0,"parent":0,"menu_order":0,"comment_status":"closed","ping_status":"closed","template":"","meta":{"_yoast_wpseo_focuskw":"bilimsel","_yoast_wpseo_title":"","_yoast_wpseo_metadesc":"Profesyoneller i\u00e7in burada en son bilimsel ara\u015ft\u0131rmalar\u0131 payla\u015f\u0131yoruz. M\u00f6ller's Omega-3, omega-3, A-D-E vitaminleri i\u00e7eren bal\u0131k ya\u011f\u0131d\u0131r.","_monsterinsights_skip_tracking":false,"_monsterinsights_sitenote_active":false,"_monsterinsights_sitenote_note":"","_monsterinsights_sitenote_category":0,"footnotes":""},"class_list":["post-1005822","page","type-page","status-publish","hentry"],"yoast_head":"<!-- This site is optimized with the Yoast SEO Premium plugin v25.1 (Yoast SEO v25.1) - https:\/\/yoast.com\/wordpress\/plugins\/seo\/ -->\n<title>Profesyoneller i\u00e7in bilimsel bilgiler - M\u00f6llers Omega-3<\/title>\n<meta name=\"description\" content=\"Profesyoneller i\u00e7in burada en son bilimsel ara\u015ft\u0131rmalar\u0131 payla\u015f\u0131yoruz. M\u00f6ller&#039;s Omega-3, omega-3, A-D-E vitaminleri i\u00e7eren bal\u0131k ya\u011f\u0131d\u0131r.\" \/>\n<meta name=\"robots\" content=\"index, follow, max-snippet:-1, max-image-preview:large, max-video-preview:-1\" \/>\n<link rel=\"canonical\" href=\"https:\/\/mollersomega3.nl\/wetenschappelijke-informatie-voor-professionals\/\" \/>\n<meta property=\"og:locale\" content=\"tr_TR\" \/>\n<meta property=\"og:type\" content=\"article\" \/>\n<meta property=\"og:title\" content=\"Profesyoneller i\u00e7in bilimsel bilgiler\" \/>\n<meta property=\"og:description\" content=\"Profesyoneller i\u00e7in burada en son bilimsel ara\u015ft\u0131rmalar\u0131 payla\u015f\u0131yoruz. M\u00f6ller&#039;s Omega-3, omega-3, A-D-E vitaminleri i\u00e7eren bal\u0131k ya\u011f\u0131d\u0131r.\" \/>\n<meta property=\"og:url\" content=\"https:\/\/mollersomega3.nl\/wetenschappelijke-informatie-voor-professionals\/\" \/>\n<meta property=\"og:site_name\" content=\"M\u00f6llers Omega-3\" \/>\n<meta property=\"article:publisher\" content=\"https:\/\/www.facebook.com\/mollersomega3nl\" \/>\n<meta property=\"og:image\" content=\"https:\/\/mollersomega3.nl\/wp-content\/uploads\/2020\/12\/Mollers_logo_Flag_omega3_ENG_vertical_641x589_300PPI.png\" \/>\n\t<meta property=\"og:image:width\" content=\"641\" \/>\n\t<meta property=\"og:image:height\" content=\"589\" \/>\n\t<meta property=\"og:image:type\" content=\"image\/png\" \/>\n<meta name=\"twitter:card\" content=\"summary_large_image\" \/>\n<meta name=\"twitter:site\" content=\"@mollersomega3nl\" \/>\n<meta name=\"twitter:label1\" content=\"Est. reading time\" \/>\n\t<meta name=\"twitter:data1\" content=\"5 minutes\" \/>\n<script type=\"application\/ld+json\" class=\"yoast-schema-graph\">{\"@context\":\"https:\/\/schema.org\",\"@graph\":[{\"@type\":\"WebPage\",\"@id\":\"https:\/\/mollersomega3.nl\/wetenschappelijke-informatie-voor-professionals\/\",\"url\":\"https:\/\/mollersomega3.nl\/wetenschappelijke-informatie-voor-professionals\/\",\"name\":\"Profesyoneller i\u00e7in bilimsel bilgiler - M\u00f6llers Omega-3\",\"isPartOf\":{\"@id\":\"https:\/\/mollersomega3.nl\/#website\"},\"datePublished\":\"2021-02-09T17:21:25+00:00\",\"description\":\"Profesyoneller i\u00e7in burada en son bilimsel ara\u015ft\u0131rmalar\u0131 payla\u015f\u0131yoruz. M\u00f6ller's Omega-3, omega-3, A-D-E vitaminleri i\u00e7eren bal\u0131k ya\u011f\u0131d\u0131r.\",\"breadcrumb\":{\"@id\":\"https:\/\/mollersomega3.nl\/wetenschappelijke-informatie-voor-professionals\/#breadcrumb\"},\"inLanguage\":\"tr-TR\",\"potentialAction\":[{\"@type\":\"ReadAction\",\"target\":[\"https:\/\/mollersomega3.nl\/wetenschappelijke-informatie-voor-professionals\/\"]}]},{\"@type\":\"BreadcrumbList\",\"@id\":\"https:\/\/mollersomega3.nl\/wetenschappelijke-informatie-voor-professionals\/#breadcrumb\",\"itemListElement\":[{\"@type\":\"ListItem\",\"position\":1,\"name\":\"Ana Sayfa\",\"item\":\"https:\/\/mollersomega3.nl\/tr\/\"},{\"@type\":\"ListItem\",\"position\":2,\"name\":\"Profesyoneller i\u00e7in bilimsel bilgiler\"}]},{\"@type\":\"WebSite\",\"@id\":\"https:\/\/mollersomega3.nl\/#website\",\"url\":\"https:\/\/mollersomega3.nl\/\",\"name\":\"M\u00f6llers Omega-3\",\"description\":\"A Spoonful of Life since 1854\",\"publisher\":{\"@id\":\"https:\/\/mollersomega3.nl\/#organization\"},\"potentialAction\":[{\"@type\":\"SearchAction\",\"target\":{\"@type\":\"EntryPoint\",\"urlTemplate\":\"https:\/\/mollersomega3.nl\/?s={search_term_string}\"},\"query-input\":{\"@type\":\"PropertyValueSpecification\",\"valueRequired\":true,\"valueName\":\"search_term_string\"}}],\"inLanguage\":\"tr-TR\"},{\"@type\":\"Organization\",\"@id\":\"https:\/\/mollersomega3.nl\/#organization\",\"name\":\"M\u00f6llers Omega-3\",\"url\":\"https:\/\/mollersomega3.nl\/\",\"logo\":{\"@type\":\"ImageObject\",\"inLanguage\":\"tr-TR\",\"@id\":\"https:\/\/mollersomega3.nl\/#\/schema\/logo\/image\/\",\"url\":\"https:\/\/mollersomega3.nl\/wp-content\/uploads\/2020\/07\/mollers-logo-bestellingen.png\",\"contentUrl\":\"https:\/\/mollersomega3.nl\/wp-content\/uploads\/2020\/07\/mollers-logo-bestellingen.png\",\"width\":250,\"height\":86,\"caption\":\"M\u00f6llers Omega-3\"},\"image\":{\"@id\":\"https:\/\/mollersomega3.nl\/#\/schema\/logo\/image\/\"},\"sameAs\":[\"https:\/\/www.facebook.com\/MollersOmega3NL\",\"https:\/\/www.instagram.com\/mollersomega3nl\/\",\"https:\/\/nl.linkedin.com\/company\/good-life-international\",\"https:\/\/www.bol.com\/nl\/nl\/m\/mollers\/\",\"https:\/\/mollersomega3.nl\/en\/\"],\"foundingDate\":\"1854\",\"areaServed\":[\"GB\",\"IE\",\"US\",\"CA\",\"AU\",\"NZ\",\"NL\"],\"knowsAbout\":[\"omega-3\",\"cod liver oil\",\"fish oil\",\"DHA\",\"EPA\",\"vitamin D\"],\"description\":\"Norwegian premium omega-3 brand since 1854. Cod liver oil and fish oil supplements with omega-3, vitamins A, D and E.\"}]}<\/script>\n<!-- \/ Yoast SEO Premium plugin. -->","yoast_head_json":{"title":"Profesyoneller i\u00e7in bilimsel bilgiler - M\u00f6llers Omega-3","description":"Profesyoneller i\u00e7in burada en son bilimsel ara\u015ft\u0131rmalar\u0131 payla\u015f\u0131yoruz. M\u00f6ller's Omega-3, omega-3, A-D-E vitaminleri i\u00e7eren bal\u0131k ya\u011f\u0131d\u0131r.","robots":{"index":"index","follow":"follow","max-snippet":"max-snippet:-1","max-image-preview":"max-image-preview:large","max-video-preview":"max-video-preview:-1"},"canonical":"https:\/\/mollersomega3.nl\/wetenschappelijke-informatie-voor-professionals\/","og_locale":"tr_TR","og_type":"article","og_title":"Profesyoneller i\u00e7in bilimsel bilgiler","og_description":"Profesyoneller i\u00e7in burada en son bilimsel ara\u015ft\u0131rmalar\u0131 payla\u015f\u0131yoruz. M\u00f6ller's Omega-3, omega-3, A-D-E vitaminleri i\u00e7eren bal\u0131k ya\u011f\u0131d\u0131r.","og_url":"https:\/\/mollersomega3.nl\/wetenschappelijke-informatie-voor-professionals\/","og_site_name":"M\u00f6llers Omega-3","article_publisher":"https:\/\/www.facebook.com\/mollersomega3nl","og_image":[{"width":641,"height":589,"url":"https:\/\/mollersomega3.nl\/wp-content\/uploads\/2020\/12\/Mollers_logo_Flag_omega3_ENG_vertical_641x589_300PPI.png","type":"image\/png"}],"twitter_card":"summary_large_image","twitter_site":"@mollersomega3nl","twitter_misc":{"Est. reading time":"5 minutes"},"schema":{"@context":"https:\/\/schema.org","@graph":[{"@type":"WebPage","@id":"https:\/\/mollersomega3.nl\/wetenschappelijke-informatie-voor-professionals\/","url":"https:\/\/mollersomega3.nl\/wetenschappelijke-informatie-voor-professionals\/","name":"Profesyoneller i\u00e7in bilimsel bilgiler - M\u00f6llers Omega-3","isPartOf":{"@id":"https:\/\/mollersomega3.nl\/#website"},"datePublished":"2021-02-09T17:21:25+00:00","description":"Profesyoneller i\u00e7in burada en son bilimsel ara\u015ft\u0131rmalar\u0131 payla\u015f\u0131yoruz. M\u00f6ller's Omega-3, omega-3, A-D-E vitaminleri i\u00e7eren bal\u0131k ya\u011f\u0131d\u0131r.","breadcrumb":{"@id":"https:\/\/mollersomega3.nl\/wetenschappelijke-informatie-voor-professionals\/#breadcrumb"},"inLanguage":"tr-TR","potentialAction":[{"@type":"ReadAction","target":["https:\/\/mollersomega3.nl\/wetenschappelijke-informatie-voor-professionals\/"]}]},{"@type":"BreadcrumbList","@id":"https:\/\/mollersomega3.nl\/wetenschappelijke-informatie-voor-professionals\/#breadcrumb","itemListElement":[{"@type":"ListItem","position":1,"name":"Ana Sayfa","item":"https:\/\/mollersomega3.nl\/tr\/"},{"@type":"ListItem","position":2,"name":"Profesyoneller i\u00e7in bilimsel bilgiler"}]},{"@type":"WebSite","@id":"https:\/\/mollersomega3.nl\/#website","url":"https:\/\/mollersomega3.nl\/","name":"M\u00f6llers Omega-3","description":"A Spoonful of Life since 1854","publisher":{"@id":"https:\/\/mollersomega3.nl\/#organization"},"potentialAction":[{"@type":"SearchAction","target":{"@type":"EntryPoint","urlTemplate":"https:\/\/mollersomega3.nl\/?s={search_term_string}"},"query-input":{"@type":"PropertyValueSpecification","valueRequired":true,"valueName":"search_term_string"}}],"inLanguage":"tr-TR"},{"@type":"Organization","@id":"https:\/\/mollersomega3.nl\/#organization","name":"M\u00f6llers Omega-3","url":"https:\/\/mollersomega3.nl\/","logo":{"@type":"ImageObject","inLanguage":"tr-TR","@id":"https:\/\/mollersomega3.nl\/#\/schema\/logo\/image\/","url":"https:\/\/mollersomega3.nl\/wp-content\/uploads\/2020\/07\/mollers-logo-bestellingen.png","contentUrl":"https:\/\/mollersomega3.nl\/wp-content\/uploads\/2020\/07\/mollers-logo-bestellingen.png","width":250,"height":86,"caption":"M\u00f6llers Omega-3"},"image":{"@id":"https:\/\/mollersomega3.nl\/#\/schema\/logo\/image\/"},"sameAs":["https:\/\/www.facebook.com\/MollersOmega3NL","https:\/\/www.instagram.com\/mollersomega3nl\/","https:\/\/nl.linkedin.com\/company\/good-life-international","https:\/\/www.bol.com\/nl\/nl\/m\/mollers\/","https:\/\/mollersomega3.nl\/en\/"],"foundingDate":"1854","areaServed":["GB","IE","US","CA","AU","NZ","NL"],"knowsAbout":["omega-3","cod liver oil","fish oil","DHA","EPA","vitamin D"],"description":"Norwegian premium omega-3 brand since 1854. Cod liver oil and fish oil supplements with omega-3, vitamins A, D and E."}]}},"_links":{"self":[{"href":"https:\/\/mollersomega3.nl\/tr\/wp-json\/wp\/v2\/pages\/1005822","targetHints":{"allow":["GET"]}}],"collection":[{"href":"https:\/\/mollersomega3.nl\/tr\/wp-json\/wp\/v2\/pages"}],"about":[{"href":"https:\/\/mollersomega3.nl\/tr\/wp-json\/wp\/v2\/types\/page"}],"author":[{"embeddable":true,"href":"https:\/\/mollersomega3.nl\/tr\/wp-json\/wp\/v2\/users\/2"}],"replies":[{"embeddable":true,"href":"https:\/\/mollersomega3.nl\/tr\/wp-json\/wp\/v2\/comments?post=1005822"}],"version-history":[{"count":0,"href":"https:\/\/mollersomega3.nl\/tr\/wp-json\/wp\/v2\/pages\/1005822\/revisions"}],"wp:attachment":[{"href":"https:\/\/mollersomega3.nl\/tr\/wp-json\/wp\/v2\/media?parent=1005822"}],"curies":[{"name":"wp","href":"https:\/\/api.w.org\/{rel}","templated":true}]}}