{"id":1005823,"date":"2025-02-20T14:58:52","date_gmt":"2025-02-20T13:58:52","guid":{"rendered":"https:\/\/mollersomega3.nl\/holland-barrettta-mollers-omega-3-en-kaliteli-balik-yagi-icin-en-iyi-secim\/"},"modified":"2025-07-04T08:59:40","modified_gmt":"2025-07-04T06:59:40","slug":"holland-barrettta-mollers-omega-3-en-kaliteli-balik-yagi-icin-en-iyi-secim","status":"publish","type":"page","link":"https:\/\/mollersomega3.nl\/tr\/holland-barrettta-mollers-omega-3-en-kaliteli-balik-yagi-icin-en-iyi-secim\/","title":{"rendered":"Holland  Barrett&#8217;ta M\u00f6ller&#8217;s Omega-3 \u2013 En kaliteli bal\u0131k ya\u011f\u0131 i\u00e7in en iyi se\u00e7im"},"content":{"rendered":"<p>Y\u00fcksek kaliteli bir omega-3 takviyesi mi ar\u0131yorsunuz? O zaman M\u00f6ller&#8217;s Omega-3, Holland  Barrett raflar\u0131ndaki en iyi se\u00e7imdir. 170 y\u0131l\u0131 a\u015fk\u0131n deneyimiyle M\u00f6ller&#8217;s, saf, s\u00fcrd\u00fcr\u00fclebilir ve bilimsel olarak kan\u0131tlanm\u0131\u015f bal\u0131k ya\u011f\u0131 garantisi sunar. Kalp sa\u011fl\u0131\u011f\u0131n\u0131z\u0131, beyin fonksiyonlar\u0131n\u0131z\u0131 veya ba\u011f\u0131\u015f\u0131kl\u0131k sisteminizi desteklemek istiyorsan\u0131z, M\u00f6ller&#8217;s Omega-3 temel ya\u011f asitleri EPA ve DHA&#8217;n\u0131n optimal dengesini sunar. \u00dcr\u00fcnlerimiz Holland  Barrett&#8217;ta <a href=\"https:\/\/www.hollandandbarrett.nl\/shop\/brands\/moller-s\/\" rel=\"nofollow\">hem \u00e7evrimi\u00e7i<\/a> hem de ma\u011fazada mevcuttur.     <\/p><h2 class=\"wp-block-heading\" id=\"h-waarom-moller-s-omega-3-bij-holland-amp-barrett\">Neden Holland  Barrett&#8217;ta M\u00f6ller&#8217;s Omega-3?<\/h2><p>Holland  Barrett, Hollanda&#8217;n\u0131n en g\u00fcvenilir sa\u011fl\u0131k ma\u011fazalar\u0131ndan biridir. Kaliteli besin takviyeleri arayan t\u00fcketiciler, uzman tavsiyesi ve geni\u015f \u00fcr\u00fcn yelpazesi i\u00e7in buraya gelir. M\u00f6ller&#8217;s Omega-3 \u015fu \u00f6zellikleriyle bu \u00fcr\u00fcn yelpazesine m\u00fckemmel uyum sa\u011flar:  <\/p><ul class=\"wp-block-list\"><li><strong>Premium kalite:<\/strong> Norve\u00e7&#8217;in temiz sular\u0131ndan s\u00fcrd\u00fcr\u00fclebilir \u015fekilde avlanan Arktik morinadan \u00fcretilmi\u015ftir.<\/li>\n\n<li><strong>Optimum safl\u0131k:<\/strong> en y\u00fcksek kalitede saf bal\u0131k ya\u011f\u0131 garantisi i\u00e7in tamamen ar\u0131nd\u0131r\u0131lm\u0131\u015ft\u0131r.<\/li>\n\n<li><strong>Bilimsel olarak kan\u0131tlanm\u0131\u015f faydalar:<\/strong> \u00f6nerilen g\u00fcnl\u00fck EPA ve DHA miktar\u0131 ile A, D ve E vitaminleriyle kalp, beyin ve ba\u011f\u0131\u015f\u0131kl\u0131k sistemini destekler.<\/li>\n\n<li><strong>S\u00fcrd\u00fcr\u00fclebilirlik ve \u015feffafl\u0131k:<\/strong> s\u00fcrd\u00fcr\u00fclebilir bal\u0131k\u00e7\u0131l\u0131ktan elde edilir.<\/li><\/ul><p><a href=\"https:\/\/mollersomega3.nl\/waarom-mollers\/\">Bu sayfada<\/a> m\u00fc\u015fterilerin neden M\u00f6ller&#8217;s Omega-3&#8217;\u00fc tercih etti\u011fini detayl\u0131 olarak anlat\u0131yoruz. <\/p><h2 class=\"wp-block-heading\" id=\"h-wat-maakt-moller-s-uniek-binnen-het-schap-van-holland-amp-barrett\">Holland  Barrett raflar\u0131nda M\u00f6ller&#8217;s&#8217;i benzersiz k\u0131lan nedir?<\/h2><p>Holland  Barrett&#8217;ta \u00e7e\u015fitli bal\u0131k ya\u011f\u0131 ve omega-3 takviyeleri bulabilirsiniz, ancak M\u00f6ller&#8217;s \u015fu \u00f6zellikleriyle \u00f6ne \u00e7\u0131kar:<\/p><ul class=\"wp-block-list\"><li><strong>Safl\u0131k ve tazelik:<\/strong> oksidasyonu ve besin de\u011feri kayb\u0131n\u0131 \u00f6nlemek i\u00e7in bal\u0131k av\u0131ndan hemen sonra i\u015flenir.<\/li>\n\n<li><strong>En y\u00fcksek omega-3 konsantrasyonu:<\/strong> di\u011fer bir\u00e7ok markadan daha fazla EPA ve DHA i\u00e7erir.<\/li>\n\n<li><strong>D vitamini a\u00e7\u0131s\u0131ndan zengin:<\/strong> kemikler, kaslar ve ba\u011f\u0131\u015f\u0131kl\u0131k fonksiyonu i\u00e7in \u00f6nemlidir.<\/li>\n\n<li><strong>S\u0131v\u0131 ve kaps\u00fcl formunda:<\/strong> her ya\u015fa uygun ve kullan\u0131m\u0131 kolay.<\/li><\/ul><h2 class=\"wp-block-heading\" id=\"h-de-gezondheidsvoordelen-van-moller-s-omega-3\">M\u00f6ller&#8217;s Omega-3&#8217;\u00fcn sa\u011fl\u0131k faydalar\u0131<\/h2><h3 class=\"wp-block-heading\" id=\"h-1-omega-3-ondersteunt-de-hartgezondheid\">1. Omega-3 kalp sa\u011fl\u0131\u011f\u0131n\u0131 destekler<\/h3><p>Omega-3 ya\u011f asitleri sa\u011fl\u0131kl\u0131 bir kalp i\u00e7in vazge\u00e7ilmezdir. EPA ve DHA, normal kan bas\u0131nc\u0131n\u0131n ve sa\u011fl\u0131kl\u0131 trigliserit seviyelerinin korunmas\u0131na katk\u0131da bulunur. M\u00f6ller&#8217;s Omega-3&#8217;\u00fcn d\u00fczenli kullan\u0131m\u0131 kalbinizi formda tutman\u0131za yard\u0131mc\u0131 olur.  <\/p><h3 class=\"wp-block-heading\" id=\"h-2-omega-3-is-essentieel-voor-de-hersenen\">2. Omega-3 beyin i\u00e7in gereklidir<\/h3><p>Beyninizin b\u00fcy\u00fck bir k\u0131sm\u0131n\u0131n ya\u011fdan olu\u015ftu\u011funu biliyor muydunuz? DHA, beyin fonksiyonu ve bili\u015fsel sa\u011fl\u0131k i\u00e7in \u00e7ok \u00f6nemli bir ya\u011f asididir. Ara\u015ft\u0131rmalar, omega-3 takviyesinin konsantrasyon, haf\u0131za ve ruh haline katk\u0131da bulunabilece\u011fini g\u00f6stermektedir.  <\/p><h3 class=\"wp-block-heading\" id=\"h-3-omega-3-versterkt-het-immuunsysteem\">3. Omega-3 ba\u011f\u0131\u015f\u0131kl\u0131k sistemini g\u00fc\u00e7lendirir<\/h3><p>M\u00f6ller&#8217;s Omega-3, omega-3 ve D vitamini kombinasyonu sayesinde ba\u011f\u0131\u015f\u0131kl\u0131k sisteminizi g\u00fc\u00e7lendirmeye yard\u0131mc\u0131 olur. Bu \u00f6zellikle g\u00fcne\u015f \u0131\u015f\u0131\u011f\u0131na maruz kalman\u0131n ve do\u011fal D vitamini \u00fcretiminin azald\u0131\u011f\u0131 k\u0131\u015f aylar\u0131nda \u00f6nemlidir. <\/p><h2 class=\"wp-block-heading\" id=\"h-het-assortiment-moller-s-omega-3-bij-holland-amp-barrett\">Holland  Barrett&#8217;ta M\u00f6ller&#8217;s Omega-3 \u00fcr\u00fcn yelpazesi<\/h2><p>Holland  Barrett geni\u015f bir M\u00f6ller&#8217;s Omega-3 \u00fcr\u00fcn yelpazesi sunar. \u0130\u015fte baz\u0131 pop\u00fcler se\u00e7enekler: <\/p><h3 class=\"wp-block-heading\" id=\"h-1-moller-s-omega-3-levertraan-citroen\">1. M\u00f6ller&#8217;s Omega-3 Limon Aromal\u0131 Bal\u0131k Ya\u011f\u0131<\/h3><p><a href=\"https:\/\/www.hollandandbarrett.nl\/shop\/product\/mollers-levertraan-citroen-60032979\" rel=\"nofollow\">Ferah limon aromal\u0131<\/a> s\u0131v\u0131 bal\u0131k ya\u011f\u0131, lezzetli bir tada sahip s\u0131v\u0131 takviye tercih edenler i\u00e7in ideal. En \u00e7ok satan \u00fcr\u00fcn\u00fcm\u00fcz! <\/p><h3 class=\"wp-block-heading\" id=\"h-2-moller-s-omega-3-levertraan-tutti-frutti\">2. M\u00f6ller&#8217;s Omega-3 Tutti Frutti Aromal\u0131 Bal\u0131k Ya\u011f\u0131<\/h3><p><a href=\"https:\/\/www.hollandandbarrett.nl\/shop\/product\/mollers-omega-3-tutti-frutti-60043272\" rel=\"nofollow\">Harika meyve aromal\u0131<\/a> s\u0131v\u0131 bal\u0131k ya\u011f\u0131. M\u00f6ller&#8217;s Omega-3 Tutti Frutti \u00e7ocuklar\u0131n favori aromas\u0131d\u0131r. <\/p><h3 class=\"wp-block-heading\" id=\"h-3-moller-s-omega-3-levertraan-naturel\">3. M\u00f6ller&#8217;s Omega-3 Sade Bal\u0131k Ya\u011f\u0131<\/h3><p>Saf Norve\u00e7 bal\u0131k ya\u011f\u0131, omega-3 ve A, D ve E vitaminleri bak\u0131m\u0131ndan zengin. Genel sa\u011fl\u0131k i\u00e7in ideal. M\u00f6ller&#8217;s Omega-3 sade bal\u0131k ya\u011f\u0131n\u0131z\u0131 Holland  Barrett&#8217;tan <a href=\"https:\/\/www.hollandandbarrett.nl\/shop\/product\/mollers-levertraan-naturel-60032980\">buradan<\/a> sipari\u015f edin.  <\/p><h3 class=\"wp-block-heading\" id=\"h-4-moller-s-omega-3-levertraancapsules\">4. M\u00f6ller&#8217;s Omega-3 Bal\u0131k Ya\u011f\u0131 Kaps\u00fclleri<\/h3><p>M\u00f6ller&#8217;s&#8217;in <a href=\"https:\/\/www.hollandandbarrett.nl\/shop\/product\/mollers-levertraan-capsules-60050272\" rel=\"nofollow\">bal\u0131k ya\u011f\u0131 kaps\u00fclleri<\/a> 160 kaps\u00fcl i\u00e7erir ve 40-80 g\u00fcnl\u00fck kullan\u0131m sa\u011flar. Omega-3 ve bal\u0131k ya\u011f\u0131n\u0131n faydalar\u0131n\u0131 kaps\u00fcl formunda almak isteyenler i\u00e7in uygun bir se\u00e7enek. <\/p><p>T\u00fcm \u00fcr\u00fcn yelpazesini <a href=\"https:\/\/www.hollandandbarrett.nl\/shop\/brands\/moller-s\/\">Holland  Barrett&#8217;ta<\/a> inceleyin.<\/p><h2 class=\"wp-block-heading\" id=\"h-waarom-kiezen-voor-omega-3-van-moller-s\">Neden M\u00f6ller&#8217;s omega-3&#8217;\u00fc tercih etmelisiniz?<\/h2><ul class=\"wp-block-list\"><li>Y\u00fcksek kaliteli bal\u0131k ya\u011f\u0131 \u00fcretiminde <strong>170 y\u0131l\u0131 a\u015fk\u0131n deneyim<\/strong>.<\/li>\n\n<li>Maksimum sa\u011fl\u0131k faydalar\u0131 i\u00e7in <strong>bilimsel ara\u015ft\u0131rmalarla desteklenmi\u015ftir<\/strong>.<\/li>\n\n<li>\u00c7evre ve okyanuslar i\u00e7in <strong>s\u00fcrd\u00fcr\u00fclebilir<\/strong>.<\/li>\n\n<li>D\u00fcnya \u00e7ap\u0131nda <strong>sa\u011fl\u0131k uzmanlar\u0131 taraf\u0131ndan \u00f6nerilir<\/strong><\/li><\/ul><h2 class=\"wp-block-heading\" id=\"h-waar-koop-je-moller-s-omega-3\">M\u00f6ller&#8217;s Omega-3&#8217;\u00fc nereden sat\u0131n alabilirsiniz?<\/h2><p>M\u00f6ller&#8217;s Omega-3&#8217;\u00fc Holland  Barrett&#8217;tan hem \u00e7evrimi\u00e7i hem de fiziksel ma\u011fazalardan kolayca sat\u0131n alabilirsiniz. Web sitesi \u00fczerinden kolayca sipari\u015f verin ve en iyi fiyat ve h\u0131zl\u0131 teslimat avantaj\u0131ndan yararlan\u0131n. Holland  Barrett&#8217;taki M\u00f6ller&#8217;s Omega-3 \u00fcr\u00fcn yelpazesini <a href=\"https:\/\/www.hollandandbarrett.nl\/shop\/brands\/moller-s\/\">buradan<\/a> inceleyin.  <\/p><h2 class=\"wp-block-heading\" id=\"h-kies-voor-de-beste-omega-3\">En iyi omega-3&#8217;\u00fc se\u00e7in<\/h2><p>Holland  Barrett&#8217;ta y\u00fcksek kaliteli bir omega-3 takviyesi ar\u0131yorsan\u0131z, M\u00f6ller&#8217;s Omega-3 \u015f\u00fcphesiz en iyi se\u00e7imdir. Safl\u0131k, s\u00fcrd\u00fcr\u00fclebilirlik ve bilimsel olarak kan\u0131tlanm\u0131\u015f faydalar aras\u0131nda m\u00fckemmel bir denge ile M\u00f6ller&#8217;s, sa\u011fl\u0131\u011f\u0131n\u0131zdan en iyi \u015fekilde yararlanman\u0131za yard\u0131mc\u0131 olur. <\/p><p>Daha fazla beklemeyin ve M\u00f6ller&#8217;s Omega-3&#8217;\u00fcn faydalar\u0131n\u0131 Holland  Barrett&#8217;ta ke\u015ffedin. <a href=\"https:\/\/www.hollandandbarrett.nl\/shop\/brands\/moller-s\/\"><\/a><a href=\"https:\/\/www.hollandandbarrett.nl\/shop\/brands\/moller-s\/\">Hemen sipari\u015f verin!<\/a><\/p><h2 class=\"wp-block-heading\">S\u0131k Sorulan Sorular<\/h2><h3 class=\"wp-block-heading\">M\u00f6ller&#8217;s Omega-3&#8217;\u00fc di\u011fer bal\u0131k ya\u011f\u0131 \u00fcr\u00fcnlerinden farkl\u0131 k\u0131lan nedir?<\/h3><p>Ya\u011f\u0131m\u0131z taze, s\u00fcrd\u00fcr\u00fclebilir \u015fekilde avlanan morinadan elde edilir ve do\u011fal omega-3 ya\u011f asitleri ile D vitaminin e\u015fsiz ve y\u00fcksek kaliteli bir kombinasyonunu i\u00e7erir.<\/p><h3 class=\"wp-block-heading\" id=\"h-hoe-gebruik-je-moller-s-omega-3\">M\u00f6ller&#8217;s Omega-3 nas\u0131l kullan\u0131l\u0131r?<\/h3><p>A\u015fa\u011f\u0131daki dozaj\u0131 \u00f6neriyoruz:<\/p><ul class=\"wp-block-list\"><li><strong>Yeti\u015fkinler ve 3 ya\u015f \u00fcst\u00fc \u00e7ocuklar:<\/strong> g\u00fcnde 1 yemek ka\u015f\u0131\u011f\u0131 (5 ml) s\u0131v\u0131 bal\u0131k ya\u011f\u0131 veya 2 kaps\u00fcl.<\/li>\n\n<li><strong>6 ayl\u0131ktan b\u00fcy\u00fck bebekler:<\/strong> g\u00fcnde yar\u0131m ka\u015f\u0131k ile ba\u015flay\u0131p g\u00fcnde 1 ka\u015f\u0131\u011fa kadar art\u0131r\u0131labilir.<\/li><\/ul><p><strong>Hamile kad\u0131nlar ve emzirme d\u00f6neminde omega-3<\/strong> bebe\u011fin beyin ve g\u00f6z geli\u015fimi i\u00e7in \u00f6zellikle \u00f6nemlidir.<\/p><p>Optimal emilim i\u00e7in M\u00f6ller&#8217;s Omega-3&#8217;\u00fc tercihen yemekle birlikte al\u0131n.<\/p><h3 class=\"wp-block-heading\">M\u00f6ller&#8217;s Omega-3&#8217;\u00fc di\u011fer takviyelerle birlikte kullanabilir miyim?<\/h3><p>Evet, ancak ba\u015fka takviyeler kullan\u0131yorsan\u0131z her zaman bir doktora veya sa\u011fl\u0131k uzman\u0131na dan\u0131\u015f\u0131n.<\/p><h3 class=\"wp-block-heading\" id=\"h-is-moller-s-omega-3-ook-geschikt-voor-kinderen\">M\u00f6ller&#8217;s Omega-3 \u00e7ocuklar i\u00e7in de uygun mu?<\/h3><p><strong>Evet<\/strong>, M\u00f6ller \u201cs Omega-3 <strong>\u00f6zellikle \u00e7ocuklar i\u00e7in \u00e7ok uygundur<\/strong>. S\u0131v\u0131 formu sayesinde bal\u0131k ya\u011f\u0131n\u0131 almak kolayd\u0131r. Ayr\u0131ca omega-3 ya\u011f asitleri ve <strong>A, D ve E vitaminleri<\/strong> \u00e7ocuklar\u0131n <strong>b\u00fcy\u00fcme ve geli\u015fimi<\/strong> i\u00e7in son derece \u00f6nemlidir. G\u00fcnde bir ka\u015f\u0131k (5ml) buna katk\u0131da bulunur. M\u00f6ller\u201d s Omega-3 her ya\u015fa uygundur. Tutti Frutti \u00e7ocuklar\u0131n favori aromas\u0131d\u0131r.     <\/p>","protected":false},"excerpt":{"rendered":"<p>Y\u00fcksek kaliteli bir omega-3 takviyesi mi ar\u0131yorsunuz? O zaman M\u00f6ller&#8217;s Omega-3, Holland Barrett raflar\u0131ndaki en iyi se\u00e7imdir. 170 y\u0131l\u0131 a\u015fk\u0131n deneyimiyle M\u00f6ller&#8217;s, saf, s\u00fcrd\u00fcr\u00fclebilir ve bilimsel olarak kan\u0131tlanm\u0131\u015f bal\u0131k ya\u011f\u0131 garantisi sunar. Kalp sa\u011fl\u0131\u011f\u0131n\u0131z\u0131, beyin fonksiyonlar\u0131n\u0131z\u0131 veya ba\u011f\u0131\u015f\u0131kl\u0131k sisteminizi desteklemek istiyorsan\u0131z, M\u00f6ller&#8217;s Omega-3 temel ya\u011f asitleri EPA ve DHA&#8217;n\u0131n optimal dengesini sunar. \u00dcr\u00fcnlerimiz Holland Barrett&#8217;ta [&hellip;]<\/p>\n","protected":false},"author":3328,"featured_media":1007360,"parent":0,"menu_order":0,"comment_status":"closed","ping_status":"closed","template":"","meta":{"_yoast_wpseo_focuskw":"Holland Barrett","_yoast_wpseo_title":"M\u00f6ller's Omega-3 - \u015eimdi Holland Barrett'ta!","_yoast_wpseo_metadesc":"Holland Barrett'ta y\u00fcksek kaliteli bir bal\u0131k ya\u011f\u0131 takviyesi mi ar\u0131yorsunuz? A-D-E vitaminli M\u00f6ller's Omega-3, gen\u00e7lerin ve ya\u015fl\u0131lar\u0131n favorisi.","_monsterinsights_skip_tracking":false,"_monsterinsights_sitenote_active":false,"_monsterinsights_sitenote_note":"","_monsterinsights_sitenote_category":0,"footnotes":""},"class_list":["post-1005823","page","type-page","status-publish","has-post-thumbnail","hentry"],"yoast_head":"<!-- This site is optimized with the Yoast SEO Premium plugin v25.1 (Yoast SEO v25.1) - https:\/\/yoast.com\/wordpress\/plugins\/seo\/ -->\n<title>M\u00f6ller&#039;s Omega-3 - \u015eimdi Holland Barrett&#039;ta!<\/title>\n<meta name=\"description\" content=\"Holland Barrett&#039;ta y\u00fcksek kaliteli bir bal\u0131k ya\u011f\u0131 takviyesi mi ar\u0131yorsunuz? A-D-E vitaminli M\u00f6ller&#039;s Omega-3, gen\u00e7lerin ve ya\u015fl\u0131lar\u0131n favorisi.\" \/>\n<meta name=\"robots\" content=\"index, follow, max-snippet:-1, max-image-preview:large, max-video-preview:-1\" \/>\n<link rel=\"canonical\" href=\"https:\/\/mollersomega3.nl\/holland-barrett\/\" \/>\n<meta property=\"og:locale\" content=\"tr_TR\" \/>\n<meta property=\"og:type\" content=\"article\" \/>\n<meta property=\"og:title\" content=\"Holland Barrett&#039;ta M\u00f6ller&#039;s Omega-3 \u2013 En kaliteli bal\u0131k ya\u011f\u0131 i\u00e7in en iyi se\u00e7im\" \/>\n<meta property=\"og:description\" content=\"Holland Barrett&#039;ta y\u00fcksek kaliteli bir bal\u0131k ya\u011f\u0131 takviyesi mi ar\u0131yorsunuz? A-D-E vitaminli M\u00f6ller&#039;s Omega-3, gen\u00e7lerin ve ya\u015fl\u0131lar\u0131n favorisi.\" \/>\n<meta property=\"og:url\" content=\"https:\/\/mollersomega3.nl\/holland-barrett\/\" \/>\n<meta property=\"og:site_name\" content=\"M\u00f6llers Omega-3\" \/>\n<meta property=\"article:publisher\" content=\"https:\/\/www.facebook.com\/mollersomega3nl\" \/>\n<meta property=\"article:modified_time\" content=\"2025-07-04T06:59:40+00:00\" \/>\n<meta property=\"og:image\" content=\"https:\/\/mollersomega3.nl\/wp-content\/uploads\/2025\/02\/Middel-4.png\" \/>\n\t<meta property=\"og:image:width\" content=\"907\" \/>\n\t<meta property=\"og:image:height\" content=\"352\" \/>\n\t<meta property=\"og:image:type\" content=\"image\/png\" \/>\n<meta name=\"twitter:card\" content=\"summary_large_image\" \/>\n<meta name=\"twitter:site\" content=\"@mollersomega3nl\" \/>\n<meta name=\"twitter:label1\" content=\"Est. reading time\" \/>\n\t<meta name=\"twitter:data1\" content=\"6 minutes\" \/>\n<script type=\"application\/ld+json\" class=\"yoast-schema-graph\">{\"@context\":\"https:\/\/schema.org\",\"@graph\":[{\"@type\":\"WebPage\",\"@id\":\"https:\/\/mollersomega3.nl\/holland-barrett\/\",\"url\":\"https:\/\/mollersomega3.nl\/holland-barrett\/\",\"name\":\"M\u00f6ller's Omega-3 - \u015eimdi Holland Barrett'ta!\",\"isPartOf\":{\"@id\":\"https:\/\/mollersomega3.nl\/#website\"},\"primaryImageOfPage\":{\"@id\":\"https:\/\/mollersomega3.nl\/holland-barrett\/#primaryimage\"},\"image\":{\"@id\":\"https:\/\/mollersomega3.nl\/holland-barrett\/#primaryimage\"},\"thumbnailUrl\":\"https:\/\/mollersomega3.nl\/wp-content\/uploads\/2025\/02\/Middel-4.png\",\"datePublished\":\"2025-02-20T13:58:52+00:00\",\"dateModified\":\"2025-07-04T06:59:40+00:00\",\"description\":\"Holland Barrett'ta y\u00fcksek kaliteli bir bal\u0131k ya\u011f\u0131 takviyesi mi ar\u0131yorsunuz? A-D-E vitaminli M\u00f6ller's Omega-3, gen\u00e7lerin ve ya\u015fl\u0131lar\u0131n favorisi.\",\"breadcrumb\":{\"@id\":\"https:\/\/mollersomega3.nl\/holland-barrett\/#breadcrumb\"},\"inLanguage\":\"tr-TR\",\"potentialAction\":[{\"@type\":\"ReadAction\",\"target\":[\"https:\/\/mollersomega3.nl\/holland-barrett\/\"]}]},{\"@type\":\"ImageObject\",\"inLanguage\":\"tr-TR\",\"@id\":\"https:\/\/mollersomega3.nl\/holland-barrett\/#primaryimage\",\"url\":\"https:\/\/mollersomega3.nl\/wp-content\/uploads\/2025\/02\/Middel-4.png\",\"contentUrl\":\"https:\/\/mollersomega3.nl\/wp-content\/uploads\/2025\/02\/Middel-4.png\",\"width\":907,\"height\":352},{\"@type\":\"BreadcrumbList\",\"@id\":\"https:\/\/mollersomega3.nl\/holland-barrett\/#breadcrumb\",\"itemListElement\":[{\"@type\":\"ListItem\",\"position\":1,\"name\":\"Ana Sayfa\",\"item\":\"https:\/\/mollersomega3.nl\/tr\/\"},{\"@type\":\"ListItem\",\"position\":2,\"name\":\"Holland Barrett&#8217;ta M\u00f6ller&#8217;s Omega-3 \u2013 En kaliteli bal\u0131k ya\u011f\u0131 i\u00e7in en iyi se\u00e7im\"}]},{\"@type\":\"WebSite\",\"@id\":\"https:\/\/mollersomega3.nl\/#website\",\"url\":\"https:\/\/mollersomega3.nl\/\",\"name\":\"M\u00f6llers Omega-3\",\"description\":\"A Spoonful of Life since 1854\",\"publisher\":{\"@id\":\"https:\/\/mollersomega3.nl\/#organization\"},\"potentialAction\":[{\"@type\":\"SearchAction\",\"target\":{\"@type\":\"EntryPoint\",\"urlTemplate\":\"https:\/\/mollersomega3.nl\/?s={search_term_string}\"},\"query-input\":{\"@type\":\"PropertyValueSpecification\",\"valueRequired\":true,\"valueName\":\"search_term_string\"}}],\"inLanguage\":\"tr-TR\"},{\"@type\":\"Organization\",\"@id\":\"https:\/\/mollersomega3.nl\/#organization\",\"name\":\"M\u00f6llers Omega-3\",\"url\":\"https:\/\/mollersomega3.nl\/\",\"logo\":{\"@type\":\"ImageObject\",\"inLanguage\":\"tr-TR\",\"@id\":\"https:\/\/mollersomega3.nl\/#\/schema\/logo\/image\/\",\"url\":\"https:\/\/mollersomega3.nl\/wp-content\/uploads\/2020\/07\/mollers-logo-bestellingen.png\",\"contentUrl\":\"https:\/\/mollersomega3.nl\/wp-content\/uploads\/2020\/07\/mollers-logo-bestellingen.png\",\"width\":250,\"height\":86,\"caption\":\"M\u00f6llers Omega-3\"},\"image\":{\"@id\":\"https:\/\/mollersomega3.nl\/#\/schema\/logo\/image\/\"},\"sameAs\":[\"https:\/\/www.facebook.com\/MollersOmega3NL\",\"https:\/\/www.instagram.com\/mollersomega3nl\/\",\"https:\/\/nl.linkedin.com\/company\/good-life-international\",\"https:\/\/www.bol.com\/nl\/nl\/m\/mollers\/\",\"https:\/\/mollersomega3.nl\/en\/\"],\"foundingDate\":\"1854\",\"areaServed\":[\"GB\",\"IE\",\"US\",\"CA\",\"AU\",\"NZ\",\"NL\"],\"knowsAbout\":[\"omega-3\",\"cod liver oil\",\"fish oil\",\"DHA\",\"EPA\",\"vitamin D\"],\"description\":\"Norwegian premium omega-3 brand since 1854. Cod liver oil and fish oil supplements with omega-3, vitamins A, D and E.\"}]}<\/script>\n<!-- \/ Yoast SEO Premium plugin. -->","yoast_head_json":{"title":"M\u00f6ller's Omega-3 - \u015eimdi Holland Barrett'ta!","description":"Holland Barrett'ta y\u00fcksek kaliteli bir bal\u0131k ya\u011f\u0131 takviyesi mi ar\u0131yorsunuz? A-D-E vitaminli M\u00f6ller's Omega-3, gen\u00e7lerin ve ya\u015fl\u0131lar\u0131n favorisi.","robots":{"index":"index","follow":"follow","max-snippet":"max-snippet:-1","max-image-preview":"max-image-preview:large","max-video-preview":"max-video-preview:-1"},"canonical":"https:\/\/mollersomega3.nl\/holland-barrett\/","og_locale":"tr_TR","og_type":"article","og_title":"Holland Barrett'ta M\u00f6ller's Omega-3 \u2013 En kaliteli bal\u0131k ya\u011f\u0131 i\u00e7in en iyi se\u00e7im","og_description":"Holland Barrett'ta y\u00fcksek kaliteli bir bal\u0131k ya\u011f\u0131 takviyesi mi ar\u0131yorsunuz? A-D-E vitaminli M\u00f6ller's Omega-3, gen\u00e7lerin ve ya\u015fl\u0131lar\u0131n favorisi.","og_url":"https:\/\/mollersomega3.nl\/holland-barrett\/","og_site_name":"M\u00f6llers Omega-3","article_publisher":"https:\/\/www.facebook.com\/mollersomega3nl","article_modified_time":"2025-07-04T06:59:40+00:00","og_image":[{"width":907,"height":352,"url":"https:\/\/mollersomega3.nl\/wp-content\/uploads\/2025\/02\/Middel-4.png","type":"image\/png"}],"twitter_card":"summary_large_image","twitter_site":"@mollersomega3nl","twitter_misc":{"Est. reading time":"6 minutes"},"schema":{"@context":"https:\/\/schema.org","@graph":[{"@type":"WebPage","@id":"https:\/\/mollersomega3.nl\/holland-barrett\/","url":"https:\/\/mollersomega3.nl\/holland-barrett\/","name":"M\u00f6ller's Omega-3 - \u015eimdi Holland Barrett'ta!","isPartOf":{"@id":"https:\/\/mollersomega3.nl\/#website"},"primaryImageOfPage":{"@id":"https:\/\/mollersomega3.nl\/holland-barrett\/#primaryimage"},"image":{"@id":"https:\/\/mollersomega3.nl\/holland-barrett\/#primaryimage"},"thumbnailUrl":"https:\/\/mollersomega3.nl\/wp-content\/uploads\/2025\/02\/Middel-4.png","datePublished":"2025-02-20T13:58:52+00:00","dateModified":"2025-07-04T06:59:40+00:00","description":"Holland Barrett'ta y\u00fcksek kaliteli bir bal\u0131k ya\u011f\u0131 takviyesi mi ar\u0131yorsunuz? A-D-E vitaminli M\u00f6ller's Omega-3, gen\u00e7lerin ve ya\u015fl\u0131lar\u0131n favorisi.","breadcrumb":{"@id":"https:\/\/mollersomega3.nl\/holland-barrett\/#breadcrumb"},"inLanguage":"tr-TR","potentialAction":[{"@type":"ReadAction","target":["https:\/\/mollersomega3.nl\/holland-barrett\/"]}]},{"@type":"ImageObject","inLanguage":"tr-TR","@id":"https:\/\/mollersomega3.nl\/holland-barrett\/#primaryimage","url":"https:\/\/mollersomega3.nl\/wp-content\/uploads\/2025\/02\/Middel-4.png","contentUrl":"https:\/\/mollersomega3.nl\/wp-content\/uploads\/2025\/02\/Middel-4.png","width":907,"height":352},{"@type":"BreadcrumbList","@id":"https:\/\/mollersomega3.nl\/holland-barrett\/#breadcrumb","itemListElement":[{"@type":"ListItem","position":1,"name":"Ana Sayfa","item":"https:\/\/mollersomega3.nl\/tr\/"},{"@type":"ListItem","position":2,"name":"Holland Barrett&#8217;ta M\u00f6ller&#8217;s Omega-3 \u2013 En kaliteli bal\u0131k ya\u011f\u0131 i\u00e7in en iyi se\u00e7im"}]},{"@type":"WebSite","@id":"https:\/\/mollersomega3.nl\/#website","url":"https:\/\/mollersomega3.nl\/","name":"M\u00f6llers Omega-3","description":"A Spoonful of Life since 1854","publisher":{"@id":"https:\/\/mollersomega3.nl\/#organization"},"potentialAction":[{"@type":"SearchAction","target":{"@type":"EntryPoint","urlTemplate":"https:\/\/mollersomega3.nl\/?s={search_term_string}"},"query-input":{"@type":"PropertyValueSpecification","valueRequired":true,"valueName":"search_term_string"}}],"inLanguage":"tr-TR"},{"@type":"Organization","@id":"https:\/\/mollersomega3.nl\/#organization","name":"M\u00f6llers Omega-3","url":"https:\/\/mollersomega3.nl\/","logo":{"@type":"ImageObject","inLanguage":"tr-TR","@id":"https:\/\/mollersomega3.nl\/#\/schema\/logo\/image\/","url":"https:\/\/mollersomega3.nl\/wp-content\/uploads\/2020\/07\/mollers-logo-bestellingen.png","contentUrl":"https:\/\/mollersomega3.nl\/wp-content\/uploads\/2020\/07\/mollers-logo-bestellingen.png","width":250,"height":86,"caption":"M\u00f6llers Omega-3"},"image":{"@id":"https:\/\/mollersomega3.nl\/#\/schema\/logo\/image\/"},"sameAs":["https:\/\/www.facebook.com\/MollersOmega3NL","https:\/\/www.instagram.com\/mollersomega3nl\/","https:\/\/nl.linkedin.com\/company\/good-life-international","https:\/\/www.bol.com\/nl\/nl\/m\/mollers\/","https:\/\/mollersomega3.nl\/en\/"],"foundingDate":"1854","areaServed":["GB","IE","US","CA","AU","NZ","NL"],"knowsAbout":["omega-3","cod liver oil","fish oil","DHA","EPA","vitamin D"],"description":"Norwegian premium omega-3 brand since 1854. Cod liver oil and fish oil supplements with omega-3, vitamins A, D and E."}]}},"_links":{"self":[{"href":"https:\/\/mollersomega3.nl\/tr\/wp-json\/wp\/v2\/pages\/1005823","targetHints":{"allow":["GET"]}}],"collection":[{"href":"https:\/\/mollersomega3.nl\/tr\/wp-json\/wp\/v2\/pages"}],"about":[{"href":"https:\/\/mollersomega3.nl\/tr\/wp-json\/wp\/v2\/types\/page"}],"author":[{"embeddable":true,"href":"https:\/\/mollersomega3.nl\/tr\/wp-json\/wp\/v2\/users\/3328"}],"replies":[{"embeddable":true,"href":"https:\/\/mollersomega3.nl\/tr\/wp-json\/wp\/v2\/comments?post=1005823"}],"version-history":[{"count":0,"href":"https:\/\/mollersomega3.nl\/tr\/wp-json\/wp\/v2\/pages\/1005823\/revisions"}],"wp:featuredmedia":[{"embeddable":true,"href":"https:\/\/mollersomega3.nl\/tr\/wp-json\/wp\/v2\/media\/1007360"}],"wp:attachment":[{"href":"https:\/\/mollersomega3.nl\/tr\/wp-json\/wp\/v2\/media?parent=1005823"}],"curies":[{"name":"wp","href":"https:\/\/api.w.org\/{rel}","templated":true}]}}