{"id":1005872,"date":"2021-02-04T14:45:52","date_gmt":"2021-02-04T13:45:52","guid":{"rendered":"https:\/\/mollersomega3.nl\/nasil-formda-ve-saglikli-kalabilirsiniz\/"},"modified":"2021-02-04T14:45:52","modified_gmt":"2021-02-04T13:45:52","slug":"nasil-formda-ve-saglikli-kalabilirsiniz","status":"publish","type":"page","link":"https:\/\/mollersomega3.nl\/tr\/nasil-formda-ve-saglikli-kalabilirsiniz\/","title":{"rendered":"Nas\u0131l formda ve sa\u011fl\u0131kl\u0131 kalabilirsiniz?"},"content":{"rendered":"<h2>B\u00fcltenimize kaydolun ve \u00fccretsiz E-kitab\u0131 al\u0131n!<\/h2>\n<p><em>Sizin gibi formda ve sa\u011fl\u0131kl\u0131 kalmak isteyen ki\u015filer taraf\u0131ndan 1.000&#8217;den fazla kez indirildi!<\/em><br \/>\n<iframe src=\"https:\/\/mailchi.mp\/mollersomega3.nl\/hoe-word-je-fit-en-gezond\" style=\"max-width:380px; height:360px; border:none;\"><\/iframe><\/p>\n","protected":false},"excerpt":{"rendered":"<p>B\u00fcltenimize kaydolun ve \u00fccretsiz E-kitab\u0131 al\u0131n! Sizin gibi formda ve sa\u011fl\u0131kl\u0131 kalmak isteyen ki\u015filer taraf\u0131ndan 1.000&#8217;den fazla kez indirildi!<\/p>\n","protected":false},"author":1,"featured_media":1006571,"parent":0,"menu_order":0,"comment_status":"closed","ping_status":"closed","template":"template-fullwidth.php","meta":{"_yoast_wpseo_focuskw":"","_yoast_wpseo_title":"","_yoast_wpseo_metadesc":"","_monsterinsights_skip_tracking":false,"_monsterinsights_sitenote_active":false,"_monsterinsights_sitenote_note":"","_monsterinsights_sitenote_category":0,"footnotes":""},"class_list":["post-1005872","page","type-page","status-publish","has-post-thumbnail","hentry"],"yoast_head":"<!-- This site is optimized with the Yoast SEO Premium plugin v25.1 (Yoast SEO v25.1) - https:\/\/yoast.com\/wordpress\/plugins\/seo\/ -->\n<title>Nas\u0131l formda ve sa\u011fl\u0131kl\u0131 kalabilirsiniz? - M\u00f6llers Omega-3<\/title>\n<meta name=\"robots\" content=\"noindex, nofollow\" \/>\n<meta property=\"og:locale\" content=\"tr_TR\" \/>\n<meta property=\"og:type\" content=\"article\" \/>\n<meta property=\"og:title\" content=\"Nas\u0131l formda ve sa\u011fl\u0131kl\u0131 kalabilirsiniz?\" \/>\n<meta property=\"og:description\" content=\"B\u00fcltenimize kaydolun ve \u00fccretsiz E-kitab\u0131 al\u0131n! Sizin gibi formda ve sa\u011fl\u0131kl\u0131 kalmak isteyen ki\u015filer taraf\u0131ndan 1.000&#8217;den fazla kez indirildi!\" \/>\n<meta property=\"og:url\" content=\"https:\/\/mollersomega3.nl\/tr\/nasil-formda-ve-saglikli-kalabilirsiniz\/\" \/>\n<meta property=\"og:site_name\" content=\"M\u00f6llers Omega-3\" \/>\n<meta property=\"article:publisher\" content=\"https:\/\/www.facebook.com\/mollersomega3nl\" \/>\n<meta property=\"og:image\" content=\"https:\/\/mollersomega3.nl\/tr\/wp-content\/uploads\/2021\/02\/mollesomega3-kaft-ebook.png\" \/>\n\t<meta property=\"og:image:width\" content=\"800\" \/>\n\t<meta property=\"og:image:height\" content=\"1122\" \/>\n\t<meta property=\"og:image:type\" content=\"image\/png\" \/>\n<meta name=\"twitter:card\" content=\"summary_large_image\" \/>\n<meta name=\"twitter:site\" content=\"@mollersomega3nl\" \/>\n<script type=\"application\/ld+json\" class=\"yoast-schema-graph\">{\"@context\":\"https:\/\/schema.org\",\"@graph\":[{\"@type\":\"WebPage\",\"@id\":\"https:\/\/mollersomega3.nl\/tr\/nasil-formda-ve-saglikli-kalabilirsiniz\/\",\"url\":\"https:\/\/mollersomega3.nl\/tr\/nasil-formda-ve-saglikli-kalabilirsiniz\/\",\"name\":\"Nas\u0131l formda ve sa\u011fl\u0131kl\u0131 kalabilirsiniz? - M\u00f6llers Omega-3\",\"isPartOf\":{\"@id\":\"https:\/\/mollersomega3.nl\/#website\"},\"primaryImageOfPage\":{\"@id\":\"https:\/\/mollersomega3.nl\/tr\/nasil-formda-ve-saglikli-kalabilirsiniz\/#primaryimage\"},\"image\":{\"@id\":\"https:\/\/mollersomega3.nl\/tr\/nasil-formda-ve-saglikli-kalabilirsiniz\/#primaryimage\"},\"thumbnailUrl\":\"https:\/\/mollersomega3.nl\/wp-content\/uploads\/2021\/02\/mollesomega3-kaft-ebook.png\",\"datePublished\":\"2021-02-04T13:45:52+00:00\",\"breadcrumb\":{\"@id\":\"https:\/\/mollersomega3.nl\/tr\/nasil-formda-ve-saglikli-kalabilirsiniz\/#breadcrumb\"},\"inLanguage\":\"tr-TR\",\"potentialAction\":[{\"@type\":\"ReadAction\",\"target\":[\"https:\/\/mollersomega3.nl\/tr\/nasil-formda-ve-saglikli-kalabilirsiniz\/\"]}]},{\"@type\":\"ImageObject\",\"inLanguage\":\"tr-TR\",\"@id\":\"https:\/\/mollersomega3.nl\/tr\/nasil-formda-ve-saglikli-kalabilirsiniz\/#primaryimage\",\"url\":\"https:\/\/mollersomega3.nl\/wp-content\/uploads\/2021\/02\/mollesomega3-kaft-ebook.png\",\"contentUrl\":\"https:\/\/mollersomega3.nl\/wp-content\/uploads\/2021\/02\/mollesomega3-kaft-ebook.png\",\"width\":800,\"height\":1122},{\"@type\":\"BreadcrumbList\",\"@id\":\"https:\/\/mollersomega3.nl\/tr\/nasil-formda-ve-saglikli-kalabilirsiniz\/#breadcrumb\",\"itemListElement\":[{\"@type\":\"ListItem\",\"position\":1,\"name\":\"Ana Sayfa\",\"item\":\"https:\/\/mollersomega3.nl\/tr\/\"},{\"@type\":\"ListItem\",\"position\":2,\"name\":\"Nas\u0131l formda ve sa\u011fl\u0131kl\u0131 kalabilirsiniz?\"}]},{\"@type\":\"WebSite\",\"@id\":\"https:\/\/mollersomega3.nl\/#website\",\"url\":\"https:\/\/mollersomega3.nl\/\",\"name\":\"M\u00f6llers Omega-3\",\"description\":\"A Spoonful of Life since 1854\",\"publisher\":{\"@id\":\"https:\/\/mollersomega3.nl\/#organization\"},\"potentialAction\":[{\"@type\":\"SearchAction\",\"target\":{\"@type\":\"EntryPoint\",\"urlTemplate\":\"https:\/\/mollersomega3.nl\/?s={search_term_string}\"},\"query-input\":{\"@type\":\"PropertyValueSpecification\",\"valueRequired\":true,\"valueName\":\"search_term_string\"}}],\"inLanguage\":\"tr-TR\"},{\"@type\":\"Organization\",\"@id\":\"https:\/\/mollersomega3.nl\/#organization\",\"name\":\"M\u00f6llers Omega-3\",\"url\":\"https:\/\/mollersomega3.nl\/\",\"logo\":{\"@type\":\"ImageObject\",\"inLanguage\":\"tr-TR\",\"@id\":\"https:\/\/mollersomega3.nl\/#\/schema\/logo\/image\/\",\"url\":\"https:\/\/mollersomega3.nl\/wp-content\/uploads\/2020\/07\/mollers-logo-bestellingen.png\",\"contentUrl\":\"https:\/\/mollersomega3.nl\/wp-content\/uploads\/2020\/07\/mollers-logo-bestellingen.png\",\"width\":250,\"height\":86,\"caption\":\"M\u00f6llers Omega-3\"},\"image\":{\"@id\":\"https:\/\/mollersomega3.nl\/#\/schema\/logo\/image\/\"},\"sameAs\":[\"https:\/\/www.facebook.com\/MollersOmega3NL\",\"https:\/\/www.instagram.com\/mollersomega3nl\/\",\"https:\/\/nl.linkedin.com\/company\/good-life-international\",\"https:\/\/www.bol.com\/nl\/nl\/m\/mollers\/\",\"https:\/\/mollersomega3.nl\/en\/\"],\"foundingDate\":\"1854\",\"areaServed\":[\"GB\",\"IE\",\"US\",\"CA\",\"AU\",\"NZ\",\"NL\"],\"knowsAbout\":[\"omega-3\",\"cod liver oil\",\"fish oil\",\"DHA\",\"EPA\",\"vitamin D\"],\"description\":\"Norwegian premium omega-3 brand since 1854. Cod liver oil and fish oil supplements with omega-3, vitamins A, D and E.\"}]}<\/script>\n<!-- \/ Yoast SEO Premium plugin. -->","yoast_head_json":{"title":"Nas\u0131l formda ve sa\u011fl\u0131kl\u0131 kalabilirsiniz? - M\u00f6llers Omega-3","robots":{"index":"noindex","follow":"nofollow"},"og_locale":"tr_TR","og_type":"article","og_title":"Nas\u0131l formda ve sa\u011fl\u0131kl\u0131 kalabilirsiniz?","og_description":"B\u00fcltenimize kaydolun ve \u00fccretsiz E-kitab\u0131 al\u0131n! Sizin gibi formda ve sa\u011fl\u0131kl\u0131 kalmak isteyen ki\u015filer taraf\u0131ndan 1.000&#8217;den fazla kez indirildi!","og_url":"https:\/\/mollersomega3.nl\/tr\/nasil-formda-ve-saglikli-kalabilirsiniz\/","og_site_name":"M\u00f6llers Omega-3","article_publisher":"https:\/\/www.facebook.com\/mollersomega3nl","og_image":[{"width":800,"height":1122,"url":"https:\/\/mollersomega3.nl\/tr\/wp-content\/uploads\/2021\/02\/mollesomega3-kaft-ebook.png","type":"image\/png"}],"twitter_card":"summary_large_image","twitter_site":"@mollersomega3nl","schema":{"@context":"https:\/\/schema.org","@graph":[{"@type":"WebPage","@id":"https:\/\/mollersomega3.nl\/tr\/nasil-formda-ve-saglikli-kalabilirsiniz\/","url":"https:\/\/mollersomega3.nl\/tr\/nasil-formda-ve-saglikli-kalabilirsiniz\/","name":"Nas\u0131l formda ve sa\u011fl\u0131kl\u0131 kalabilirsiniz? - M\u00f6llers Omega-3","isPartOf":{"@id":"https:\/\/mollersomega3.nl\/#website"},"primaryImageOfPage":{"@id":"https:\/\/mollersomega3.nl\/tr\/nasil-formda-ve-saglikli-kalabilirsiniz\/#primaryimage"},"image":{"@id":"https:\/\/mollersomega3.nl\/tr\/nasil-formda-ve-saglikli-kalabilirsiniz\/#primaryimage"},"thumbnailUrl":"https:\/\/mollersomega3.nl\/wp-content\/uploads\/2021\/02\/mollesomega3-kaft-ebook.png","datePublished":"2021-02-04T13:45:52+00:00","breadcrumb":{"@id":"https:\/\/mollersomega3.nl\/tr\/nasil-formda-ve-saglikli-kalabilirsiniz\/#breadcrumb"},"inLanguage":"tr-TR","potentialAction":[{"@type":"ReadAction","target":["https:\/\/mollersomega3.nl\/tr\/nasil-formda-ve-saglikli-kalabilirsiniz\/"]}]},{"@type":"ImageObject","inLanguage":"tr-TR","@id":"https:\/\/mollersomega3.nl\/tr\/nasil-formda-ve-saglikli-kalabilirsiniz\/#primaryimage","url":"https:\/\/mollersomega3.nl\/wp-content\/uploads\/2021\/02\/mollesomega3-kaft-ebook.png","contentUrl":"https:\/\/mollersomega3.nl\/wp-content\/uploads\/2021\/02\/mollesomega3-kaft-ebook.png","width":800,"height":1122},{"@type":"BreadcrumbList","@id":"https:\/\/mollersomega3.nl\/tr\/nasil-formda-ve-saglikli-kalabilirsiniz\/#breadcrumb","itemListElement":[{"@type":"ListItem","position":1,"name":"Ana Sayfa","item":"https:\/\/mollersomega3.nl\/tr\/"},{"@type":"ListItem","position":2,"name":"Nas\u0131l formda ve sa\u011fl\u0131kl\u0131 kalabilirsiniz?"}]},{"@type":"WebSite","@id":"https:\/\/mollersomega3.nl\/#website","url":"https:\/\/mollersomega3.nl\/","name":"M\u00f6llers Omega-3","description":"A Spoonful of Life since 1854","publisher":{"@id":"https:\/\/mollersomega3.nl\/#organization"},"potentialAction":[{"@type":"SearchAction","target":{"@type":"EntryPoint","urlTemplate":"https:\/\/mollersomega3.nl\/?s={search_term_string}"},"query-input":{"@type":"PropertyValueSpecification","valueRequired":true,"valueName":"search_term_string"}}],"inLanguage":"tr-TR"},{"@type":"Organization","@id":"https:\/\/mollersomega3.nl\/#organization","name":"M\u00f6llers Omega-3","url":"https:\/\/mollersomega3.nl\/","logo":{"@type":"ImageObject","inLanguage":"tr-TR","@id":"https:\/\/mollersomega3.nl\/#\/schema\/logo\/image\/","url":"https:\/\/mollersomega3.nl\/wp-content\/uploads\/2020\/07\/mollers-logo-bestellingen.png","contentUrl":"https:\/\/mollersomega3.nl\/wp-content\/uploads\/2020\/07\/mollers-logo-bestellingen.png","width":250,"height":86,"caption":"M\u00f6llers Omega-3"},"image":{"@id":"https:\/\/mollersomega3.nl\/#\/schema\/logo\/image\/"},"sameAs":["https:\/\/www.facebook.com\/MollersOmega3NL","https:\/\/www.instagram.com\/mollersomega3nl\/","https:\/\/nl.linkedin.com\/company\/good-life-international","https:\/\/www.bol.com\/nl\/nl\/m\/mollers\/","https:\/\/mollersomega3.nl\/en\/"],"foundingDate":"1854","areaServed":["GB","IE","US","CA","AU","NZ","NL"],"knowsAbout":["omega-3","cod liver oil","fish oil","DHA","EPA","vitamin D"],"description":"Norwegian premium omega-3 brand since 1854. Cod liver oil and fish oil supplements with omega-3, vitamins A, D and E."}]}},"_links":{"self":[{"href":"https:\/\/mollersomega3.nl\/tr\/wp-json\/wp\/v2\/pages\/1005872","targetHints":{"allow":["GET"]}}],"collection":[{"href":"https:\/\/mollersomega3.nl\/tr\/wp-json\/wp\/v2\/pages"}],"about":[{"href":"https:\/\/mollersomega3.nl\/tr\/wp-json\/wp\/v2\/types\/page"}],"author":[{"embeddable":true,"href":"https:\/\/mollersomega3.nl\/tr\/wp-json\/wp\/v2\/users\/1"}],"replies":[{"embeddable":true,"href":"https:\/\/mollersomega3.nl\/tr\/wp-json\/wp\/v2\/comments?post=1005872"}],"version-history":[{"count":0,"href":"https:\/\/mollersomega3.nl\/tr\/wp-json\/wp\/v2\/pages\/1005872\/revisions"}],"wp:featuredmedia":[{"embeddable":true,"href":"https:\/\/mollersomega3.nl\/tr\/wp-json\/wp\/v2\/media\/1006571"}],"wp:attachment":[{"href":"https:\/\/mollersomega3.nl\/tr\/wp-json\/wp\/v2\/media?parent=1005872"}],"curies":[{"name":"wp","href":"https:\/\/api.w.org\/{rel}","templated":true}]}}