{"id":1005876,"date":"2020-07-09T18:04:57","date_gmt":"2020-07-09T16:04:57","guid":{"rendered":"https:\/\/mollersomega3.nl\/nereden-satin-alinir\/"},"modified":"2025-07-04T09:02:14","modified_gmt":"2025-07-04T07:02:14","slug":"nereden-satin-alinir","status":"publish","type":"page","link":"https:\/\/mollersomega3.nl\/tr\/nereden-satin-alinir\/","title":{"rendered":"Nereden Sat\u0131n Al\u0131n\u0131r"},"content":{"rendered":"<h2>M\u00f6ller&#8217;s Omega-3 nereden sat\u0131n al\u0131nabilir?<\/h2>\n<p>M\u00f6ller&#8217;s Omega-3 \u00fcr\u00fcnleri <a href=\"https:\/\/mollersomega3.nl\/producten\/\">resmi web ma\u011fazas\u0131ndan<\/a> temin edilebilir. Ayr\u0131ca M\u00f6ller&#8217;s eczanelerde, vitamin ma\u011fazalar\u0131nda, do\u011fal \u00fcr\u00fcn ma\u011fazalar\u0131nda, sa\u011fl\u0131k \u00fcr\u00fcnleri satan ma\u011fazalarda ve <a href=\"https:\/\/www.bewustwinkelen.nl\/zoeken\/mollers\">Bewustwinkelen.nl<\/a> ile <a href=\"https:\/\/www.bol.com\/nl\/nl\/w\/moller-s-omega-3-artikelen-maxim-sportvoeding\/1234098\/4296492588\/?rating=all\">bol.com<\/a> \u00fczerinden sat\u0131n al\u0131nabilir.<br \/>\nM\u00f6ller&#8217;s Omega-3, di\u011ferlerinin yan\u0131 s\u0131ra <a href=\"https:\/\/www.hollandandbarrett.nl\/shop\/vitamines-supplementen\/supplementen\/visolie-omega\/?t=brand_moller-s\">Holland&amp;Barrett<\/a>, <a href=\"https:\/\/www.etos.nl\/search\/?q=mollers\">Etos<\/a>, <a href=\"https:\/\/www.gezondheidswinkel.nl\/producten?q=moller\">G&amp;W Gezondheidswinkels<\/a>, <a href=\"https:\/\/www.erica.eu\/Zoek?q=mollers\">Erica Kruiderijen<\/a>, <a href=\"https:\/\/www.vitaminstore.nl\/search?SearchTerms=mollers\">Vitaminstore<\/a>, <a href=\"https:\/\/www.kruidvat.nl\/mollers\/b\/MOLLER\">Kruidvat<\/a>, <a href=\"https:\/\/www.ekoplaza.nl\/search\/?qry=mollers\">Ekoplaza<\/a> ve <a href=\"https:\/\/www.koopjesdrogisterij.nl\/categorie\/gezondheid-vitamines\/vetzuren?merk=mollers\">Koopjesdrogisterij<\/a>&#8216;de sat\u0131lmaktad\u0131r.    <\/p>\n<p>Tabii ki resmi M\u00f6ller&#8217;s Omega-3 web ma\u011fazam\u0131z\u0131 da ziyaret edebilirsiniz:<\/p>\n<p><a href=\"https:\/\/mollersomega3.nl\/voedingssupplementen\/\"><img decoding=\"async\" class=\"alignnone wp-image-2006\" src=\"https:\/\/mollersomega3.nl\/wp-content\/uploads\/2020\/12\/Mollers_logo_Flag_omega3_ENG_vertical_641x589_300PPI.png\" alt=\"nereden sat\u0131n al\u0131n\u0131r\" width=\"200\" height=\"184\" srcset=\"https:\/\/mollersomega3.nl\/wp-content\/uploads\/2020\/12\/Mollers_logo_Flag_omega3_ENG_vertical_641x589_300PPI.png 641w, https:\/\/mollersomega3.nl\/wp-content\/uploads\/2020\/12\/Mollers_logo_Flag_omega3_ENG_vertical_641x589_300PPI-300x276.png 300w, https:\/\/mollersomega3.nl\/wp-content\/uploads\/2020\/12\/Mollers_logo_Flag_omega3_ENG_vertical_641x589_300PPI-600x551.png 600w\" sizes=\"(max-width: 200px) 100vw, 200px\" \/><\/a><\/p>\n<h2>Ma\u011fazalar ve profesyoneller i\u00e7in sat\u0131n alma se\u00e7enekleri nelerdir?<\/h2>\n<p>M\u00f6ller \u201cs Omega-3&#8217;\u00fc ma\u011fazan\u0131zda, klini\u011finizde veya web sitenizde satmak veya tavsiye etmekle ilgileniyor musunuz? \u00c7e\u015fitli toptanc\u0131larla \u00e7al\u0131\u015f\u0131yoruz. M\u00f6ller\u201d s \u00fcr\u00fcn yelpazesinden \u00fcr\u00fcnleri \u015fu toptanc\u0131lardan sat\u0131n alabilirsiniz: <a href=\"https:\/\/www.varuvo.nl\/nl\/assortiment\/zoeken\/?q=mollers\">Varuvo<\/a>, <a href=\"https:\/\/www.hollandpharma.nl\/nl\/assortiment\/zoeken\/?q=mollers\">Holland Pharma<\/a>, <a href=\"https:\/\/www.udea.nl\/search\/?qry=mollers\">Udea<\/a>, Naproz ve <a href=\"https:\/\/customers.unipharma.nl\/nl\/products?query=mollers\">Unipharma<\/a>.  <\/p>\n<p>T\u00fcm sat\u0131n alma se\u00e7enekleri i\u00e7in bizimle ileti\u015fime ge\u00e7in: <a href=\"mailto:info@mollersomega3.nl\" target=\"_blank\" rel=\"noopener\">info@mollersomega3.nl<\/a>.<\/p>\n<h2>M\u00f6ller&#8217;s Omega-3 Sat\u0131\u015f Noktalar\u0131<\/h2>\n<p><a title=\"Gezond &amp; Wel Web Ma\u011fazas\u0131\" href=\"https:\/\/www.gezondheidswinkel.nl\/m\/mollers\" target=\"_blank\" rel=\"noopener noreferrer\"><img decoding=\"async\" class=\"alignnone\" title=\"G&amp;W\" src=\"https:\/\/mollersomega3.nl\/wp-content\/themes\/Mollers-theme\/images\/logos\/gw.jpg\" alt=\"G&amp;W  \" width=\"233\" height=\"93\"><\/a><\/p>\n<p><a title=\"Vitaminstore Web Ma\u011fazas\u0131\" href=\"https:\/\/www.vitaminstore.nl\/search?SearchTerms=mollers\" target=\"_blank\" rel=\"noopener noreferrer\"><img decoding=\"async\" class=\"alignnone\" title=\"Vitaminstore M\u00f6ller's\" src=\"https:\/\/mollersomega3.nl\/wp-content\/themes\/Mollers-theme\/images\/logos\/vitaminstore.jpg\" alt=\"Vitaminstore M\u00f6ller's Nereden Sat\u0131n Al\u0131n\u0131r \" width=\"300\" height=\"120\"><\/a><\/p>\n<p><a title=\"Bewustwinkelen M\u00f6ller's\" href=\"https:\/\/www.bewustwinkelen.nl\/zoeken\/mollers\" target=\"_blank\" rel=\"noopener noreferrer\"><img decoding=\"async\" class=\"alignnone\" title=\"Bewustwinkelen M\u00f6ller's\" src=\"https:\/\/mollersomega3.nl\/wp-content\/themes\/Mollers-theme\/images\/logos\/bewustwinkelen.jpg\" alt=\"Bewustwinkelen Nereden Sat\u0131n Al\u0131n\u0131r \" width=\"300\" height=\"120\"><\/a><a title=\"Holland &amp; Barrett Web Ma\u011fazas\u0131\" href=\"https:\/\/www.hollandandbarrett.nl\/shop\/brands\/moller-s\/\" target=\"_blank\" rel=\"noopener noreferrer\"><br \/>\n<\/a>    <a title=\"Erica Web Ma\u011fazas\u0131\" href=\"https:\/\/www.erica.eu\/Zoek?q=mollers\" target=\"_blank\" rel=\"noopener noreferrer\"><img decoding=\"async\" class=\"alignnone\" title=\"Erica Kruiderijen\" src=\"https:\/\/mollersomega3.nl\/wp-content\/themes\/Mollers-theme\/images\/logos\/erica.jpg\" alt=\"Erica Kruiderijen  \"><\/a><\/p>\n<p><a title=\"Holland &amp; Barrett Web Ma\u011fazas\u0131\" href=\"https:\/\/www.hollandandbarrett.nl\/shop\/vitamines-supplementen\/supplementen\/visolie-omega\/?t=brand%3Amoller-s\" target=\"_blank\" rel=\"noopener noreferrer\"><img decoding=\"async\" class=\"alignnone\" title=\"Holland Barrett M\u00f6ller's\" src=\"https:\/\/mollersomega3.nl\/wp-content\/themes\/Mollers-theme\/images\/logos\/hollandbarrett.jpg\" alt=\"Holland Barrett Nereden Sat\u0131n Al\u0131n\u0131r \" width=\"300\" height=\"120\"><\/a><\/p><figure class=\"wp-block-image size-full is-resized\"><a href=\"https:\/\/www.kruidvat.nl\/mollers\/b\/MOLLER\"><img decoding=\"async\" class=\"wp-image-1002929\" src=\"https:\/\/mollersomega3.nl\/wp-content\/uploads\/2024\/06\/Kruidvat-logo.png\" alt=\"Kruidvat\" width=\"276\" height=\"72\" srcset=\"https:\/\/mollersomega3.nl\/wp-content\/uploads\/2024\/06\/Kruidvat-logo.png 1500w, https:\/\/mollersomega3.nl\/wp-content\/uploads\/2024\/06\/Kruidvat-logo-768x201.png 768w, https:\/\/mollersomega3.nl\/wp-content\/uploads\/2024\/06\/Kruidvat-logo-300x79.png 300w, https:\/\/mollersomega3.nl\/wp-content\/uploads\/2024\/06\/Kruidvat-logo-600x157.png 600w\" sizes=\"(max-width: 276px) 100vw, 276px\" \/><\/a><\/figure><p><a title=\"Ekoplaza Web Ma\u011fazas\u0131\" href=\"https:\/\/www.ekoplaza.nl\/search\/?qry=mollers\" target=\"_blank\" rel=\"noopener noreferrer\"><img decoding=\"async\" class=\"alignnone\" title=\"Ekoplaza\" src=\"https:\/\/mollersomega3.nl\/wp-content\/themes\/Mollers-theme\/images\/logos\/ekoplaza.jpg\" alt=\"Ekoplaza Nereden Sat\u0131n Al\u0131n\u0131r \"><\/a><\/p>\n<p><a title=\"Etos M\u00f6ller's\" href=\"https:\/\/www.etos.nl\/search\/?q=mollers\" target=\"_blank\" rel=\"noopener noreferrer\"><img decoding=\"async\" class=\"alignnone\" title=\"Etos M\u00f6ller's\" src=\"https:\/\/mollersomega3.nl\/wp-content\/themes\/Mollers-theme\/images\/logos\/etos.jpg\" alt=\"Etos M\u00f6ller's Nereden Sat\u0131n Al\u0131n\u0131r\" width=\"300\" height=\"120\"><\/a><\/p>\n<p><a href=\"https:\/\/www.drogistbewustbeter.nl\/\"><img decoding=\"async\" class=\"alignleft wp-image-2779\" src=\"https:\/\/mollersomega3.nl\/wp-content\/uploads\/2021\/02\/125939AC-F6B8-4C75-B0CA-63294DDD2A57.jpg\" alt=\"Drogist Bewust Beter\" width=\"300\" height=\"87\" srcset=\"https:\/\/mollersomega3.nl\/wp-content\/uploads\/2021\/02\/125939AC-F6B8-4C75-B0CA-63294DDD2A57.jpg 1280w, https:\/\/mollersomega3.nl\/wp-content\/uploads\/2021\/02\/125939AC-F6B8-4C75-B0CA-63294DDD2A57-768x223.jpg 768w, https:\/\/mollersomega3.nl\/wp-content\/uploads\/2021\/02\/125939AC-F6B8-4C75-B0CA-63294DDD2A57-300x87.jpg 300w, https:\/\/mollersomega3.nl\/wp-content\/uploads\/2021\/02\/125939AC-F6B8-4C75-B0CA-63294DDD2A57-600x174.jpg 600w\" sizes=\"(max-width: 300px) 100vw, 300px\" \/><\/a><\/p>","protected":false},"excerpt":{"rendered":"<p>M\u00f6ller&#8217;s Omega-3 nereden sat\u0131n al\u0131nabilir? M\u00f6ller&#8217;s Omega-3 \u00fcr\u00fcnleri resmi web ma\u011fazas\u0131ndan temin edilebilir. Ayr\u0131ca M\u00f6ller&#8217;s eczanelerde, vitamin ma\u011fazalar\u0131nda, do\u011fal \u00fcr\u00fcn ma\u011fazalar\u0131nda, sa\u011fl\u0131k \u00fcr\u00fcnleri satan ma\u011fazalarda ve Bewustwinkelen.nl ile bol.com \u00fczerinden sat\u0131n al\u0131nabilir. M\u00f6ller&#8217;s Omega-3, di\u011ferlerinin yan\u0131 s\u0131ra Holland&amp;Barrett, Etos, G&amp;W Gezondheidswinkels, Erica Kruiderijen, Vitaminstore, Kruidvat, Ekoplaza ve Koopjesdrogisterij&#8216;de sat\u0131lmaktad\u0131r. Tabii ki resmi M\u00f6ller&#8217;s Omega-3 web [&hellip;]<\/p>\n","protected":false},"author":2,"featured_media":0,"parent":0,"menu_order":0,"comment_status":"closed","ping_status":"closed","template":"","meta":{"_yoast_wpseo_focuskw":"Nereden Sat\u0131n Al\u0131n\u0131r","_yoast_wpseo_title":"%%title%% %%sep%% Sat\u0131\u015f Noktalar\u0131 %%sep%% %%sitename%%","_yoast_wpseo_metadesc":"M\u00f6ller's Omega-3 nereden sat\u0131n al\u0131nabilir? Resmi web ma\u011fazas\u0131ndan, eczanelerden, vitamin ma\u011fazalar\u0131ndan, do\u011fal \u00fcr\u00fcn ma\u011fazalar\u0131ndan ve sa\u011fl\u0131k \u00fcr\u00fcnleri satan ma\u011fazalardan.","_monsterinsights_skip_tracking":false,"_monsterinsights_sitenote_active":false,"_monsterinsights_sitenote_note":"","_monsterinsights_sitenote_category":0,"footnotes":""},"class_list":["post-1005876","page","type-page","status-publish","hentry"],"yoast_head":"<!-- This site is optimized with the Yoast SEO Premium plugin v25.1 (Yoast SEO v25.1) - https:\/\/yoast.com\/wordpress\/plugins\/seo\/ -->\n<title>Nereden Sat\u0131n Al\u0131n\u0131r - Sat\u0131\u015f Noktalar\u0131 - M\u00f6llers Omega-3<\/title>\n<meta name=\"description\" content=\"M\u00f6ller&#039;s Omega-3 nereden sat\u0131n al\u0131nabilir? Resmi web ma\u011fazas\u0131ndan, eczanelerden, vitamin ma\u011fazalar\u0131ndan, do\u011fal \u00fcr\u00fcn ma\u011fazalar\u0131ndan ve sa\u011fl\u0131k \u00fcr\u00fcnleri satan ma\u011fazalardan.\" \/>\n<meta name=\"robots\" content=\"index, follow, max-snippet:-1, max-image-preview:large, max-video-preview:-1\" \/>\n<link rel=\"canonical\" href=\"https:\/\/mollersomega3.nl\/tr\/nereden-satin-alinir\/\" \/>\n<meta property=\"og:locale\" content=\"tr_TR\" \/>\n<meta property=\"og:type\" content=\"article\" \/>\n<meta property=\"og:title\" content=\"Nereden Sat\u0131n Al\u0131n\u0131r\" \/>\n<meta property=\"og:description\" content=\"M\u00f6ller&#039;s Omega-3 nereden sat\u0131n al\u0131nabilir? Resmi web ma\u011fazas\u0131ndan, eczanelerden, vitamin ma\u011fazalar\u0131ndan, do\u011fal \u00fcr\u00fcn ma\u011fazalar\u0131ndan ve sa\u011fl\u0131k \u00fcr\u00fcnleri satan ma\u011fazalardan.\" \/>\n<meta property=\"og:url\" content=\"https:\/\/mollersomega3.nl\/tr\/nereden-satin-alinir\/\" \/>\n<meta property=\"og:site_name\" content=\"M\u00f6llers Omega-3\" \/>\n<meta property=\"article:publisher\" content=\"https:\/\/www.facebook.com\/mollersomega3nl\" \/>\n<meta property=\"article:modified_time\" content=\"2025-07-04T07:02:14+00:00\" \/>\n<meta property=\"og:image\" content=\"https:\/\/mollersomega3.nl\/wp-content\/uploads\/2020\/12\/Mollers_logo_Flag_omega3_ENG_vertical_641x589_300PPI.png\" \/>\n<meta name=\"twitter:card\" content=\"summary_large_image\" \/>\n<meta name=\"twitter:site\" content=\"@mollersomega3nl\" \/>\n<meta name=\"twitter:label1\" content=\"Est. reading time\" \/>\n\t<meta name=\"twitter:data1\" content=\"1 minute\" \/>\n<script type=\"application\/ld+json\" class=\"yoast-schema-graph\">{\"@context\":\"https:\/\/schema.org\",\"@graph\":[{\"@type\":\"WebPage\",\"@id\":\"https:\/\/mollersomega3.nl\/tr\/nereden-satin-alinir\/\",\"url\":\"https:\/\/mollersomega3.nl\/tr\/nereden-satin-alinir\/\",\"name\":\"Nereden Sat\u0131n Al\u0131n\u0131r - Sat\u0131\u015f Noktalar\u0131 - M\u00f6llers Omega-3\",\"isPartOf\":{\"@id\":\"https:\/\/mollersomega3.nl\/#website\"},\"primaryImageOfPage\":{\"@id\":\"https:\/\/mollersomega3.nl\/tr\/nereden-satin-alinir\/#primaryimage\"},\"image\":{\"@id\":\"https:\/\/mollersomega3.nl\/tr\/nereden-satin-alinir\/#primaryimage\"},\"thumbnailUrl\":\"https:\/\/mollersomega3.nl\/wp-content\/uploads\/2020\/12\/Mollers_logo_Flag_omega3_ENG_vertical_641x589_300PPI.png\",\"datePublished\":\"2020-07-09T16:04:57+00:00\",\"dateModified\":\"2025-07-04T07:02:14+00:00\",\"description\":\"M\u00f6ller's Omega-3 nereden sat\u0131n al\u0131nabilir? Resmi web ma\u011fazas\u0131ndan, eczanelerden, vitamin ma\u011fazalar\u0131ndan, do\u011fal \u00fcr\u00fcn ma\u011fazalar\u0131ndan ve sa\u011fl\u0131k \u00fcr\u00fcnleri satan ma\u011fazalardan.\",\"breadcrumb\":{\"@id\":\"https:\/\/mollersomega3.nl\/tr\/nereden-satin-alinir\/#breadcrumb\"},\"inLanguage\":\"tr-TR\",\"potentialAction\":[{\"@type\":\"ReadAction\",\"target\":[\"https:\/\/mollersomega3.nl\/tr\/nereden-satin-alinir\/\"]}]},{\"@type\":\"ImageObject\",\"inLanguage\":\"tr-TR\",\"@id\":\"https:\/\/mollersomega3.nl\/tr\/nereden-satin-alinir\/#primaryimage\",\"url\":\"https:\/\/mollersomega3.nl\/wp-content\/uploads\/2020\/12\/Mollers_logo_Flag_omega3_ENG_vertical_641x589_300PPI.png\",\"contentUrl\":\"https:\/\/mollersomega3.nl\/wp-content\/uploads\/2020\/12\/Mollers_logo_Flag_omega3_ENG_vertical_641x589_300PPI.png\"},{\"@type\":\"BreadcrumbList\",\"@id\":\"https:\/\/mollersomega3.nl\/tr\/nereden-satin-alinir\/#breadcrumb\",\"itemListElement\":[{\"@type\":\"ListItem\",\"position\":1,\"name\":\"Ana Sayfa\",\"item\":\"https:\/\/mollersomega3.nl\/tr\/\"},{\"@type\":\"ListItem\",\"position\":2,\"name\":\"Nereden Sat\u0131n Al\u0131n\u0131r\"}]},{\"@type\":\"WebSite\",\"@id\":\"https:\/\/mollersomega3.nl\/#website\",\"url\":\"https:\/\/mollersomega3.nl\/\",\"name\":\"M\u00f6llers Omega-3\",\"description\":\"A Spoonful of Life since 1854\",\"publisher\":{\"@id\":\"https:\/\/mollersomega3.nl\/#organization\"},\"potentialAction\":[{\"@type\":\"SearchAction\",\"target\":{\"@type\":\"EntryPoint\",\"urlTemplate\":\"https:\/\/mollersomega3.nl\/?s={search_term_string}\"},\"query-input\":{\"@type\":\"PropertyValueSpecification\",\"valueRequired\":true,\"valueName\":\"search_term_string\"}}],\"inLanguage\":\"tr-TR\"},{\"@type\":\"Organization\",\"@id\":\"https:\/\/mollersomega3.nl\/#organization\",\"name\":\"M\u00f6llers Omega-3\",\"url\":\"https:\/\/mollersomega3.nl\/\",\"logo\":{\"@type\":\"ImageObject\",\"inLanguage\":\"tr-TR\",\"@id\":\"https:\/\/mollersomega3.nl\/#\/schema\/logo\/image\/\",\"url\":\"https:\/\/mollersomega3.nl\/wp-content\/uploads\/2020\/07\/mollers-logo-bestellingen.png\",\"contentUrl\":\"https:\/\/mollersomega3.nl\/wp-content\/uploads\/2020\/07\/mollers-logo-bestellingen.png\",\"width\":250,\"height\":86,\"caption\":\"M\u00f6llers Omega-3\"},\"image\":{\"@id\":\"https:\/\/mollersomega3.nl\/#\/schema\/logo\/image\/\"},\"sameAs\":[\"https:\/\/www.facebook.com\/MollersOmega3NL\",\"https:\/\/www.instagram.com\/mollersomega3nl\/\",\"https:\/\/nl.linkedin.com\/company\/good-life-international\",\"https:\/\/www.bol.com\/nl\/nl\/m\/mollers\/\",\"https:\/\/mollersomega3.nl\/en\/\"],\"foundingDate\":\"1854\",\"areaServed\":[\"GB\",\"IE\",\"US\",\"CA\",\"AU\",\"NZ\",\"NL\"],\"knowsAbout\":[\"omega-3\",\"cod liver oil\",\"fish oil\",\"DHA\",\"EPA\",\"vitamin D\"],\"description\":\"Norwegian premium omega-3 brand since 1854. Cod liver oil and fish oil supplements with omega-3, vitamins A, D and E.\"}]}<\/script>\n<!-- \/ Yoast SEO Premium plugin. -->","yoast_head_json":{"title":"Nereden Sat\u0131n Al\u0131n\u0131r - Sat\u0131\u015f Noktalar\u0131 - M\u00f6llers Omega-3","description":"M\u00f6ller's Omega-3 nereden sat\u0131n al\u0131nabilir? Resmi web ma\u011fazas\u0131ndan, eczanelerden, vitamin ma\u011fazalar\u0131ndan, do\u011fal \u00fcr\u00fcn ma\u011fazalar\u0131ndan ve sa\u011fl\u0131k \u00fcr\u00fcnleri satan ma\u011fazalardan.","robots":{"index":"index","follow":"follow","max-snippet":"max-snippet:-1","max-image-preview":"max-image-preview:large","max-video-preview":"max-video-preview:-1"},"canonical":"https:\/\/mollersomega3.nl\/tr\/nereden-satin-alinir\/","og_locale":"tr_TR","og_type":"article","og_title":"Nereden Sat\u0131n Al\u0131n\u0131r","og_description":"M\u00f6ller's Omega-3 nereden sat\u0131n al\u0131nabilir? Resmi web ma\u011fazas\u0131ndan, eczanelerden, vitamin ma\u011fazalar\u0131ndan, do\u011fal \u00fcr\u00fcn ma\u011fazalar\u0131ndan ve sa\u011fl\u0131k \u00fcr\u00fcnleri satan ma\u011fazalardan.","og_url":"https:\/\/mollersomega3.nl\/tr\/nereden-satin-alinir\/","og_site_name":"M\u00f6llers Omega-3","article_publisher":"https:\/\/www.facebook.com\/mollersomega3nl","article_modified_time":"2025-07-04T07:02:14+00:00","og_image":[{"url":"https:\/\/mollersomega3.nl\/wp-content\/uploads\/2020\/12\/Mollers_logo_Flag_omega3_ENG_vertical_641x589_300PPI.png","type":"","width":"","height":""}],"twitter_card":"summary_large_image","twitter_site":"@mollersomega3nl","twitter_misc":{"Est. reading time":"1 minute"},"schema":{"@context":"https:\/\/schema.org","@graph":[{"@type":"WebPage","@id":"https:\/\/mollersomega3.nl\/tr\/nereden-satin-alinir\/","url":"https:\/\/mollersomega3.nl\/tr\/nereden-satin-alinir\/","name":"Nereden Sat\u0131n Al\u0131n\u0131r - Sat\u0131\u015f Noktalar\u0131 - M\u00f6llers Omega-3","isPartOf":{"@id":"https:\/\/mollersomega3.nl\/#website"},"primaryImageOfPage":{"@id":"https:\/\/mollersomega3.nl\/tr\/nereden-satin-alinir\/#primaryimage"},"image":{"@id":"https:\/\/mollersomega3.nl\/tr\/nereden-satin-alinir\/#primaryimage"},"thumbnailUrl":"https:\/\/mollersomega3.nl\/wp-content\/uploads\/2020\/12\/Mollers_logo_Flag_omega3_ENG_vertical_641x589_300PPI.png","datePublished":"2020-07-09T16:04:57+00:00","dateModified":"2025-07-04T07:02:14+00:00","description":"M\u00f6ller's Omega-3 nereden sat\u0131n al\u0131nabilir? Resmi web ma\u011fazas\u0131ndan, eczanelerden, vitamin ma\u011fazalar\u0131ndan, do\u011fal \u00fcr\u00fcn ma\u011fazalar\u0131ndan ve sa\u011fl\u0131k \u00fcr\u00fcnleri satan ma\u011fazalardan.","breadcrumb":{"@id":"https:\/\/mollersomega3.nl\/tr\/nereden-satin-alinir\/#breadcrumb"},"inLanguage":"tr-TR","potentialAction":[{"@type":"ReadAction","target":["https:\/\/mollersomega3.nl\/tr\/nereden-satin-alinir\/"]}]},{"@type":"ImageObject","inLanguage":"tr-TR","@id":"https:\/\/mollersomega3.nl\/tr\/nereden-satin-alinir\/#primaryimage","url":"https:\/\/mollersomega3.nl\/wp-content\/uploads\/2020\/12\/Mollers_logo_Flag_omega3_ENG_vertical_641x589_300PPI.png","contentUrl":"https:\/\/mollersomega3.nl\/wp-content\/uploads\/2020\/12\/Mollers_logo_Flag_omega3_ENG_vertical_641x589_300PPI.png"},{"@type":"BreadcrumbList","@id":"https:\/\/mollersomega3.nl\/tr\/nereden-satin-alinir\/#breadcrumb","itemListElement":[{"@type":"ListItem","position":1,"name":"Ana Sayfa","item":"https:\/\/mollersomega3.nl\/tr\/"},{"@type":"ListItem","position":2,"name":"Nereden Sat\u0131n Al\u0131n\u0131r"}]},{"@type":"WebSite","@id":"https:\/\/mollersomega3.nl\/#website","url":"https:\/\/mollersomega3.nl\/","name":"M\u00f6llers Omega-3","description":"A Spoonful of Life since 1854","publisher":{"@id":"https:\/\/mollersomega3.nl\/#organization"},"potentialAction":[{"@type":"SearchAction","target":{"@type":"EntryPoint","urlTemplate":"https:\/\/mollersomega3.nl\/?s={search_term_string}"},"query-input":{"@type":"PropertyValueSpecification","valueRequired":true,"valueName":"search_term_string"}}],"inLanguage":"tr-TR"},{"@type":"Organization","@id":"https:\/\/mollersomega3.nl\/#organization","name":"M\u00f6llers Omega-3","url":"https:\/\/mollersomega3.nl\/","logo":{"@type":"ImageObject","inLanguage":"tr-TR","@id":"https:\/\/mollersomega3.nl\/#\/schema\/logo\/image\/","url":"https:\/\/mollersomega3.nl\/wp-content\/uploads\/2020\/07\/mollers-logo-bestellingen.png","contentUrl":"https:\/\/mollersomega3.nl\/wp-content\/uploads\/2020\/07\/mollers-logo-bestellingen.png","width":250,"height":86,"caption":"M\u00f6llers Omega-3"},"image":{"@id":"https:\/\/mollersomega3.nl\/#\/schema\/logo\/image\/"},"sameAs":["https:\/\/www.facebook.com\/MollersOmega3NL","https:\/\/www.instagram.com\/mollersomega3nl\/","https:\/\/nl.linkedin.com\/company\/good-life-international","https:\/\/www.bol.com\/nl\/nl\/m\/mollers\/","https:\/\/mollersomega3.nl\/en\/"],"foundingDate":"1854","areaServed":["GB","IE","US","CA","AU","NZ","NL"],"knowsAbout":["omega-3","cod liver oil","fish oil","DHA","EPA","vitamin D"],"description":"Norwegian premium omega-3 brand since 1854. Cod liver oil and fish oil supplements with omega-3, vitamins A, D and E."}]}},"_links":{"self":[{"href":"https:\/\/mollersomega3.nl\/tr\/wp-json\/wp\/v2\/pages\/1005876","targetHints":{"allow":["GET"]}}],"collection":[{"href":"https:\/\/mollersomega3.nl\/tr\/wp-json\/wp\/v2\/pages"}],"about":[{"href":"https:\/\/mollersomega3.nl\/tr\/wp-json\/wp\/v2\/types\/page"}],"author":[{"embeddable":true,"href":"https:\/\/mollersomega3.nl\/tr\/wp-json\/wp\/v2\/users\/2"}],"replies":[{"embeddable":true,"href":"https:\/\/mollersomega3.nl\/tr\/wp-json\/wp\/v2\/comments?post=1005876"}],"version-history":[{"count":0,"href":"https:\/\/mollersomega3.nl\/tr\/wp-json\/wp\/v2\/pages\/1005876\/revisions"}],"wp:attachment":[{"href":"https:\/\/mollersomega3.nl\/tr\/wp-json\/wp\/v2\/media?parent=1005876"}],"curies":[{"name":"wp","href":"https:\/\/api.w.org\/{rel}","templated":true}]}}