{"id":1005878,"date":"2020-07-20T17:07:29","date_gmt":"2020-07-20T15:07:29","guid":{"rendered":"https:\/\/mollersomega3.nl\/omega-3-ve-cocuk-gelisimi\/"},"modified":"2020-07-20T17:07:29","modified_gmt":"2020-07-20T15:07:29","slug":"omega-3-ve-cocuk-gelisimi","status":"publish","type":"page","link":"https:\/\/mollersomega3.nl\/tr\/omega-3-ve-cocuk-gelisimi\/","title":{"rendered":"Omega 3 ve \u00e7ocuk geli\u015fimi"},"content":{"rendered":"<h2>Omega-3, \u00e7ocuklar\u0131n geli\u015fimi i\u00e7in \u00f6nemlidir<\/h2>\n<p>M\u00f6ller&#8217;s Omega-3, \u00e7ocuklar\u0131n geli\u015fimi \u00fczerinde olumlu bir etkiye sahiptir. Bilimsel iddialar \u015funlard\u0131r: kemik geli\u015fimi, beyin geli\u015fimi ve ba\u011f\u0131\u015f\u0131kl\u0131k sistemi deste\u011fi. Bu nedenle \u00e7ok \u00f6nemli! \u00c7\u00fcnk\u00fc her anne \u00e7ocu\u011fu i\u00e7in en iyisini ister.   <\/p>\n<h3>Beyin ve g\u00f6z geli\u015fimi<\/h3>\n<p>M\u00f6ller&#8217;s Omega-3, omega-3 ya\u011f asidi DHA&#8217;n\u0131n y\u00fcksek dozunu i\u00e7erir. DHA, <a href=\"https:\/\/mollersomega3.nl\/hersenen-en-omega-3-vetzuur-dha\/\">beyin<\/a>* i\u00e7in \u00f6nemli bir yap\u0131 ta\u015f\u0131d\u0131r. Ayr\u0131ca <a href=\"https:\/\/mollersomega3.nl\/ogen\/\">g\u00f6rme yetene\u011fi<\/a>* i\u00e7in de iyidir. K\u00fc\u00e7\u00fck \u00e7ocuklar i\u00e7in ek DHA al\u0131m\u0131 \u00f6nerilir. Bu, sinir sistemlerinin geli\u015fimine katk\u0131da bulunabilir.    <\/p>\n<p>* Faydal\u0131 etki, g\u00fcnl\u00fck 250 mg DHA al\u0131m\u0131yla elde edilir.<\/p>\n<h3>Kemik ve di\u015f geli\u015fimi<\/h3>\n<p>D vitamini, <a href=\"https:\/\/mollersomega3.nl\/vitamine-d-voor-botten-tanden-spieren\/\">kemik ve di\u015flerin<\/a> sa\u011fl\u0131kl\u0131 geli\u015fimi i\u00e7in gereklidir. Hollanda Sa\u011fl\u0131k Konseyi, 4 ya\u015f\u0131na kadar olan \u00e7ocuklara g\u00fcnde ek olarak 10 mikrogram D vitamini verilmesini tavsiye eder. G\u00fcnl\u00fck \u00f6nerilen M\u00f6ller&#8217;s Omega-3 miktar\u0131 10 mikrogram D vitamini i\u00e7erir. G\u00fcnde 5 ml yani 1 tatl\u0131 ka\u015f\u0131\u011f\u0131 verin.  <\/p>\n<p>Ayr\u0131ca D vitamini, sa\u011fl\u0131kl\u0131 bir ba\u011f\u0131\u015f\u0131kl\u0131k sistemini ve iyi bir kas fonksiyonunu destekler.<\/p>\n<h3>Ba\u011f\u0131\u015f\u0131kl\u0131k sistemi<\/h3>\n<p>M\u00f6ller&#8217;s Omega-3&#8217;teki A ve D vitaminleri, \u00e7ocuklar\u0131n da <a href=\"https:\/\/mollersomega3.nl\/immuunsysteem\/\">ba\u011f\u0131\u015f\u0131kl\u0131k sistemini<\/a> destekler.<\/p>\n<h2>Ayr\u0131ca M\u00f6ller&#8217;s Omega-3:<\/h2>\n<ul>\n<li>S\u0131v\u0131 formu sayesinde al\u0131m\u0131 \u00e7ok kolayd\u0131r. Bu, kaps\u00fclleri yutmakta zorlanan \u00e7ocuklar i\u00e7in ger\u00e7ek bir \u00e7\u00f6z\u00fcmd\u00fcr. Bu ayn\u0131 zamanda baz\u0131 yeti\u015fkinler i\u00e7in de ge\u00e7erlidir.  <\/li>\n<li>Do\u011fal bir takviyedir. Hap de\u011fil, kaps\u00fcl de\u011fil. Jelatin k\u0131l\u0131flar ve di\u011fer gereksiz katk\u0131 maddeleri i\u00e7ermez. Morina karaci\u011feri do\u011fal olarak A ve D vitamini bak\u0131m\u0131ndan zengindir. Bu, kaps\u00fcl bal\u0131k ya\u011f\u0131n\u0131n aksine bir durumdur.   <\/li>\n<li>Sa\u011fl\u0131kl\u0131 omega-3 ya\u011f asitleri a\u00e7\u0131s\u0131ndan ola\u011fan\u00fcst\u00fc zengindir.<\/li>\n<li>T\u00fcm aile i\u00e7in do\u011fal bir takviyedir. <a href=\"https:\/\/mollersomega3.nl\/wat-is-omega-3\/\">Omega-3<\/a> ve <a href=\"https:\/\/mollersomega3.nl\/wat-zijn-vitamine-a-d-en-e\/\">A ve D vitaminleri<\/a> yeti\u015fkinler i\u00e7in de \u00f6nemlidir! Beyin, kalp, ba\u011f\u0131\u015f\u0131kl\u0131k, cilt, g\u00f6zler ve genel sa\u011fl\u0131k i\u00e7in. <\/li>\n<li>Lezzetli aromalarda (limon, elma ve tutti frutti) mevcuttur. \u00c7ocu\u011funuz her g\u00fcn kendisi isteyecek! <\/li>\n<li>Her g\u00fcn 1 ka\u015f\u0131k bal\u0131k ya\u011f\u0131. B\u00f6ylece aileniz, \u00e7o\u011fu insan\u0131n kolayca eksikli\u011fini ya\u015fad\u0131\u011f\u0131 yeterli omega-3 ve D vitamini al\u0131m\u0131n\u0131 garanti eder. <\/li>\n<\/ul>\n<p>K\u0131sacas\u0131: t\u00fcm aile i\u00e7in harika bir takviye!<\/p>\n<h2>M\u00f6ller&#8217;s Omega-3, 6 ayl\u0131ktan itibaren \u00e7ocuklar i\u00e7in uygundur<\/h2>\n<h3>6 ay ve \u00fczeri \u00e7ocuklar i\u00e7in \u00f6nerilen miktar<\/h3>\n<p>6 ay ve \u00fczeri \u00e7ocuklar i\u00e7in \u00f6nerilen g\u00fcnl\u00fck miktar: <strong>2,5 ml <\/strong>(= 1\/2 tatl\u0131 ka\u015f\u0131\u011f\u0131).<br \/>\nTavsiye, g\u00fcnde yar\u0131m tatl\u0131 ka\u015f\u0131\u011f\u0131 ile ba\u015flamakt\u0131r. Bebek ya\u011fa al\u0131\u015ft\u0131ktan sonra, bu miktar g\u00fcnde 1 tatl\u0131 ka\u015f\u0131\u011f\u0131na (= 5 ml) \u00e7\u0131kar\u0131labilir. <\/p>\n<p>6 ayl\u0131ktan itibaren \u00e7ocuklar da bal\u0131k ya\u011f\u0131ndan faydalan\u0131r. Omega-3 ya\u011f asitleri, \u00e7ocuklar\u0131n normal b\u00fcy\u00fcmesi ve geli\u015fimi i\u00e7in gereklidir. Omega-3 (DHA), beyin i\u00e7in \u00f6nemli bir yap\u0131 ta\u015f\u0131d\u0131r ve ayr\u0131ca g\u00f6rme yetene\u011finin geli\u015fimini destekler. D vitamini, kemik ve di\u015flerin sa\u011fl\u0131kl\u0131 geli\u015fimi i\u00e7in gereklidir. Sa\u011fl\u0131k Konseyi, 4 ya\u015f\u0131na kadar olan \u00e7ocuklara ek D vitamini verilmesini tavsiye eder.    <\/p>\n<h3>Yeti\u015fkinler ve 3 ya\u015f \u00fcst\u00fc \u00e7ocuklar i\u00e7in \u00f6nerilen miktar<\/h3>\n<p>3 ya\u015f ve \u00fczeri \u00e7ocuklar ve yeti\u015fkinler i\u00e7in \u00f6nerilen g\u00fcnl\u00fck miktar: <strong>5 ml<\/strong> (= 1 tatl\u0131 ka\u015f\u0131\u011f\u0131).<br \/>\nHamile ve emziren kad\u0131nlar i\u00e7in de \u00f6nerilir.<\/p>\n<p>Besin maddelerinin optimal emilimi i\u00e7in ya\u011f\u0131 tercihen yemekle birlikte al\u0131n.<\/p>\n<h2>M\u00f6ller&#8217;s Omega-3 Tutti Frutti, \u00e7ocuklar\u0131n favori lezzetidir<\/h2>\n<p>Tutti Frutti, \u00e7ocu\u011funuzun her g\u00fcn b\u00fcy\u00fck bir zevkle alaca\u011f\u0131 omega-3&#8217;t\u00fcr. Lezzetli meyve aromas\u0131, bir\u00e7ok \u00e7ocu\u011fun her g\u00fcn M\u00f6ller&#8217;s istemesini sa\u011flar. Omega-3, D vitamini ve lezzetli bir tat a\u00e7\u0131s\u0131ndan y\u00fcksek. \u00c7ocu\u011funuzun b\u00fcy\u00fcmesi ve geli\u015fimi i\u00e7in her \u015fey!   <\/p>\n<div class=\"woocommerce columns-4 \"><ul class=\"products columns-4\">\n<li class=\"product type-product post-1005965 status-publish first instock product_cat-urunler has-post-thumbnail taxable shipping-taxable purchasable product-type-simple\">\n\t<a href=\"https:\/\/mollersomega3.nl\/tr\/product\/mollers-omega-3-balik-yagi-elma-250ml\/\" class=\"woocommerce-LoopProduct-link woocommerce-loop-product__link\"><div class=\"thumbnail-wrapper\"><img decoding=\"async\" width=\"1584\" height=\"2792\" src=\"https:\/\/mollersomega3.nl\/wp-content\/uploads\/2021\/03\/Mollers_Appel_TA25.png\" class=\"attachment-shop_catalog size-shop_catalog wp-post-image\" alt=\"\" srcset=\"https:\/\/mollersomega3.nl\/wp-content\/uploads\/2021\/03\/Mollers_Appel_TA25.png 1584w, https:\/\/mollersomega3.nl\/wp-content\/uploads\/2021\/03\/Mollers_Appel_TA25-768x1354.png 768w, https:\/\/mollersomega3.nl\/wp-content\/uploads\/2021\/03\/Mollers_Appel_TA25-871x1536.png 871w, https:\/\/mollersomega3.nl\/wp-content\/uploads\/2021\/03\/Mollers_Appel_TA25-1162x2048.png 1162w, https:\/\/mollersomega3.nl\/wp-content\/uploads\/2021\/03\/Mollers_Appel_TA25-300x529.png 300w, https:\/\/mollersomega3.nl\/wp-content\/uploads\/2021\/03\/Mollers_Appel_TA25-600x1058.png 600w\" sizes=\"(max-width: 1584px) 100vw, 1584px\" data-xooWscFly=\"fly\" \/><\/div><h2 class=\"woocommerce-loop-product__title\">M\u00f6ller&#8217;s Omega-3 Bal\u0131k Ya\u011f\u0131 Elma \u2013 250ml<\/h2><div class=\"star-rating\" role=\"img\" aria-label=\"5 \u00fczerinden 4.71 oy ald\u0131\"><span style=\"width:94.2%\">5 \u00fczerinden <strong class=\"rating\">4.71<\/strong> oy ald\u0131<\/span><\/div>\n\t<span class=\"price\"><span class=\"woocommerce-Price-amount amount\"><bdi><span class=\"woocommerce-Price-currencySymbol\">&euro;<\/span>28,30<\/bdi><\/span><span class=\"price-suffix\"><\/span><\/span>\n<\/a><a href=\"?add-to-cart=1005965\" aria-describedby=\"woocommerce_loop_add_to_cart_link_describedby_1005965\" data-quantity=\"1\" class=\"button product_type_simple add_to_cart_button ajax_add_to_cart\" data-product_id=\"1005965\" data-product_sku=\"ML1004\" aria-label=\"Sepete ekle: \u201cM\u00f6ller&#039;s Omega-3 Bal\u0131k Ya\u011f\u0131 Elma - 250ml\u201d\" rel=\"nofollow\" data-success_message=\"&quot;M\u00f6ller&#039;s Omega-3 Bal\u0131k Ya\u011f\u0131 Elma - 250ml&quot; sepetinize eklendi\">Sepete ekle<\/a>\t<span id=\"woocommerce_loop_add_to_cart_link_describedby_1005965\" class=\"screen-reader-text\">\n\t\t\t<\/span>\n<span class=\"gtm4wp_productdata\" style=\"display:none; visibility:hidden;\" data-gtm4wp_product_data=\"{&quot;internal_id&quot;:1005965,&quot;item_id&quot;:&quot;ML1004&quot;,&quot;item_name&quot;:&quot;M\\u00f6ller&#039;s Omega-3 Bal\\u0131k Ya\\u011f\\u0131 Elma - 250ml&quot;,&quot;sku&quot;:&quot;ML1004&quot;,&quot;price&quot;:28.3,&quot;stocklevel&quot;:null,&quot;stockstatus&quot;:&quot;instock&quot;,&quot;google_business_vertical&quot;:&quot;retail&quot;,&quot;item_category&quot;:&quot;\\u00dcr\\u00fcnler&quot;,&quot;id&quot;:&quot;ML1004&quot;,&quot;productlink&quot;:&quot;https:\\\/\\\/mollersomega3.nl\\\/tr\\\/product\\\/mollers-omega-3-balik-yagi-elma-250ml\\\/&quot;,&quot;item_list_name&quot;:&quot;General Product List&quot;,&quot;index&quot;:1,&quot;product_type&quot;:&quot;simple&quot;,&quot;item_brand&quot;:&quot;&quot;}\"><\/span><\/li>\n<li class=\"product type-product post-1005840 status-publish instock product_cat-urunler has-post-thumbnail taxable shipping-taxable purchasable product-type-simple\">\n\t<a href=\"https:\/\/mollersomega3.nl\/tr\/product\/mollers-omega-3-balik-yagi-limon-250ml\/\" class=\"woocommerce-LoopProduct-link woocommerce-loop-product__link\"><div class=\"thumbnail-wrapper\"><img decoding=\"async\" width=\"1584\" height=\"2792\" src=\"https:\/\/mollersomega3.nl\/wp-content\/uploads\/2020\/06\/Mollers_Citroen_TA25_moeest-gekozen.png\" class=\"attachment-shop_catalog size-shop_catalog wp-post-image\" alt=\"\" srcset=\"https:\/\/mollersomega3.nl\/wp-content\/uploads\/2020\/06\/Mollers_Citroen_TA25_moeest-gekozen.png 1584w, https:\/\/mollersomega3.nl\/wp-content\/uploads\/2020\/06\/Mollers_Citroen_TA25_moeest-gekozen-768x1354.png 768w, https:\/\/mollersomega3.nl\/wp-content\/uploads\/2020\/06\/Mollers_Citroen_TA25_moeest-gekozen-871x1536.png 871w, https:\/\/mollersomega3.nl\/wp-content\/uploads\/2020\/06\/Mollers_Citroen_TA25_moeest-gekozen-1162x2048.png 1162w, https:\/\/mollersomega3.nl\/wp-content\/uploads\/2020\/06\/Mollers_Citroen_TA25_moeest-gekozen-300x529.png 300w, https:\/\/mollersomega3.nl\/wp-content\/uploads\/2020\/06\/Mollers_Citroen_TA25_moeest-gekozen-600x1058.png 600w\" sizes=\"(max-width: 1584px) 100vw, 1584px\" data-xooWscFly=\"fly\" \/><\/div><h2 class=\"woocommerce-loop-product__title\">M\u00f6ller&#8217;s Omega-3 Bal\u0131k Ya\u011f\u0131 Limon \u2013 250ml<\/h2><div class=\"star-rating\" role=\"img\" aria-label=\"5 \u00fczerinden 4.85 oy ald\u0131\"><span style=\"width:97%\">5 \u00fczerinden <strong class=\"rating\">4.85<\/strong> oy ald\u0131<\/span><\/div>\n\t<span class=\"price\"><span class=\"woocommerce-Price-amount amount\"><bdi><span class=\"woocommerce-Price-currencySymbol\">&euro;<\/span>28,30<\/bdi><\/span><span class=\"price-suffix\"><\/span><\/span>\n<\/a><a href=\"?add-to-cart=1005840\" aria-describedby=\"woocommerce_loop_add_to_cart_link_describedby_1005840\" data-quantity=\"1\" class=\"button product_type_simple add_to_cart_button ajax_add_to_cart\" data-product_id=\"1005840\" data-product_sku=\"ML1003\" aria-label=\"Sepete ekle: \u201cM\u00f6ller&#039;s Omega-3 Bal\u0131k Ya\u011f\u0131 Limon - 250ml\u201d\" rel=\"nofollow\" data-success_message=\"&quot;M\u00f6ller&#039;s Omega-3 Bal\u0131k Ya\u011f\u0131 Limon - 250ml&quot; sepetinize eklendi\">Sepete ekle<\/a>\t<span id=\"woocommerce_loop_add_to_cart_link_describedby_1005840\" class=\"screen-reader-text\">\n\t\t\t<\/span>\n<span class=\"gtm4wp_productdata\" style=\"display:none; visibility:hidden;\" data-gtm4wp_product_data=\"{&quot;internal_id&quot;:1005840,&quot;item_id&quot;:&quot;ML1003&quot;,&quot;item_name&quot;:&quot;M\\u00f6ller&#039;s Omega-3 Bal\\u0131k Ya\\u011f\\u0131 Limon - 250ml&quot;,&quot;sku&quot;:&quot;ML1003&quot;,&quot;price&quot;:28.3,&quot;stocklevel&quot;:null,&quot;stockstatus&quot;:&quot;instock&quot;,&quot;google_business_vertical&quot;:&quot;retail&quot;,&quot;item_category&quot;:&quot;\\u00dcr\\u00fcnler&quot;,&quot;id&quot;:&quot;ML1003&quot;,&quot;productlink&quot;:&quot;https:\\\/\\\/mollersomega3.nl\\\/tr\\\/product\\\/mollers-omega-3-balik-yagi-limon-250ml\\\/&quot;,&quot;item_list_name&quot;:&quot;General Product List&quot;,&quot;index&quot;:2,&quot;product_type&quot;:&quot;simple&quot;,&quot;item_brand&quot;:&quot;&quot;}\"><\/span><\/li>\n<li class=\"product type-product post-1005859 status-publish instock product_cat-urunler has-post-thumbnail taxable shipping-taxable purchasable product-type-simple\">\n\t<a href=\"https:\/\/mollersomega3.nl\/tr\/product\/mollers-omega-3-balik-yagi-tutti-frutti-250ml-cocuklarin-favorisi\/\" class=\"woocommerce-LoopProduct-link woocommerce-loop-product__link\"><div class=\"thumbnail-wrapper\"><img decoding=\"async\" width=\"1584\" height=\"2792\" src=\"https:\/\/mollersomega3.nl\/wp-content\/uploads\/2020\/06\/Mollers_TF_TA25_favoriet-van-kinderen.png\" class=\"attachment-shop_catalog size-shop_catalog wp-post-image\" alt=\"\" srcset=\"https:\/\/mollersomega3.nl\/wp-content\/uploads\/2020\/06\/Mollers_TF_TA25_favoriet-van-kinderen.png 1584w, https:\/\/mollersomega3.nl\/wp-content\/uploads\/2020\/06\/Mollers_TF_TA25_favoriet-van-kinderen-768x1354.png 768w, https:\/\/mollersomega3.nl\/wp-content\/uploads\/2020\/06\/Mollers_TF_TA25_favoriet-van-kinderen-871x1536.png 871w, https:\/\/mollersomega3.nl\/wp-content\/uploads\/2020\/06\/Mollers_TF_TA25_favoriet-van-kinderen-1162x2048.png 1162w, https:\/\/mollersomega3.nl\/wp-content\/uploads\/2020\/06\/Mollers_TF_TA25_favoriet-van-kinderen-300x529.png 300w, https:\/\/mollersomega3.nl\/wp-content\/uploads\/2020\/06\/Mollers_TF_TA25_favoriet-van-kinderen-600x1058.png 600w\" sizes=\"(max-width: 1584px) 100vw, 1584px\" data-xooWscFly=\"fly\" \/><\/div><h2 class=\"woocommerce-loop-product__title\">M\u00f6ller&#8217;s Omega-3 Bal\u0131k Ya\u011f\u0131 Tutti Frutti \u2013 250ml \u2013 \u00c7ocuklar\u0131n Favorisi<\/h2><div class=\"star-rating\" role=\"img\" aria-label=\"5 \u00fczerinden 4.96 oy ald\u0131\"><span style=\"width:99.2%\">5 \u00fczerinden <strong class=\"rating\">4.96<\/strong> oy ald\u0131<\/span><\/div>\n\t<span class=\"price\"><span class=\"woocommerce-Price-amount amount\"><bdi><span class=\"woocommerce-Price-currencySymbol\">&euro;<\/span>28,30<\/bdi><\/span><span class=\"price-suffix\"><\/span><\/span>\n<\/a><a href=\"?add-to-cart=1005859\" aria-describedby=\"woocommerce_loop_add_to_cart_link_describedby_1005859\" data-quantity=\"1\" class=\"button product_type_simple add_to_cart_button ajax_add_to_cart\" data-product_id=\"1005859\" data-product_sku=\"ML1005\" aria-label=\"Sepete ekle: \u201cM\u00f6ller&#039;s Omega-3 Bal\u0131k Ya\u011f\u0131 Tutti Frutti - 250ml - \u00c7ocuklar\u0131n Favorisi\u201d\" rel=\"nofollow\" data-success_message=\"&quot;M\u00f6ller&#039;s Omega-3 Bal\u0131k Ya\u011f\u0131 Tutti Frutti - 250ml - \u00c7ocuklar\u0131n Favorisi&quot; sepetinize eklendi\">Sepete ekle<\/a>\t<span id=\"woocommerce_loop_add_to_cart_link_describedby_1005859\" class=\"screen-reader-text\">\n\t\t\t<\/span>\n<span class=\"gtm4wp_productdata\" style=\"display:none; visibility:hidden;\" data-gtm4wp_product_data=\"{&quot;internal_id&quot;:1005859,&quot;item_id&quot;:&quot;ML1005&quot;,&quot;item_name&quot;:&quot;M\\u00f6ller&#039;s Omega-3 Bal\\u0131k Ya\\u011f\\u0131 Tutti Frutti - 250ml - \\u00c7ocuklar\\u0131n Favorisi&quot;,&quot;sku&quot;:&quot;ML1005&quot;,&quot;price&quot;:28.3,&quot;stocklevel&quot;:null,&quot;stockstatus&quot;:&quot;instock&quot;,&quot;google_business_vertical&quot;:&quot;retail&quot;,&quot;item_category&quot;:&quot;\\u00dcr\\u00fcnler&quot;,&quot;id&quot;:&quot;ML1005&quot;,&quot;productlink&quot;:&quot;https:\\\/\\\/mollersomega3.nl\\\/tr\\\/product\\\/mollers-omega-3-balik-yagi-tutti-frutti-250ml-cocuklarin-favorisi\\\/&quot;,&quot;item_list_name&quot;:&quot;General Product List&quot;,&quot;index&quot;:3,&quot;product_type&quot;:&quot;simple&quot;,&quot;item_brand&quot;:&quot;&quot;}\"><\/span><\/li>\n<\/ul>\n<\/div>\n","protected":false},"excerpt":{"rendered":"<p>Omega-3, \u00e7ocuklar\u0131n geli\u015fimi i\u00e7in \u00f6nemlidir M\u00f6ller&#8217;s Omega-3, \u00e7ocuklar\u0131n geli\u015fimi \u00fczerinde olumlu bir etkiye sahiptir. Bilimsel iddialar \u015funlard\u0131r: kemik geli\u015fimi, beyin geli\u015fimi ve ba\u011f\u0131\u015f\u0131kl\u0131k sistemi deste\u011fi. Bu nedenle \u00e7ok \u00f6nemli! \u00c7\u00fcnk\u00fc her anne \u00e7ocu\u011fu i\u00e7in en iyisini ister. Beyin ve g\u00f6z geli\u015fimi M\u00f6ller&#8217;s Omega-3, omega-3 ya\u011f asidi DHA&#8217;n\u0131n y\u00fcksek dozunu i\u00e7erir. DHA, beyin* i\u00e7in \u00f6nemli bir [&hellip;]<\/p>\n","protected":false},"author":2,"featured_media":0,"parent":0,"menu_order":0,"comment_status":"closed","ping_status":"closed","template":"","meta":{"_yoast_wpseo_focuskw":"\u00c7ocuk geli\u015fimi","_yoast_wpseo_title":"%%title%%","_yoast_wpseo_metadesc":"\u00c7ocuk geli\u015fimi. M\u00f6ller's Omega-3, kemik geli\u015fimi, beyin geli\u015fimi ve ba\u011f\u0131\u015f\u0131kl\u0131k sistemi \u00fczerinde olumlu bir etkiye sahiptir.","_monsterinsights_skip_tracking":false,"_monsterinsights_sitenote_active":false,"_monsterinsights_sitenote_note":"","_monsterinsights_sitenote_category":0,"footnotes":""},"class_list":["post-1005878","page","type-page","status-publish","hentry"],"yoast_head":"<!-- This site is optimized with the Yoast SEO Premium plugin v25.1 (Yoast SEO v25.1) - https:\/\/yoast.com\/wordpress\/plugins\/seo\/ -->\n<title>Omega 3 ve \u00e7ocuk geli\u015fimi<\/title>\n<meta name=\"description\" content=\"\u00c7ocuk geli\u015fimi. M\u00f6ller&#039;s Omega-3, kemik geli\u015fimi, beyin geli\u015fimi ve ba\u011f\u0131\u015f\u0131kl\u0131k sistemi \u00fczerinde olumlu bir etkiye sahiptir.\" \/>\n<meta name=\"robots\" content=\"index, follow, max-snippet:-1, max-image-preview:large, max-video-preview:-1\" \/>\n<link rel=\"canonical\" href=\"https:\/\/mollersomega3.nl\/tr\/omega-3-ve-cocuk-gelisimi\/\" \/>\n<meta property=\"og:locale\" content=\"tr_TR\" \/>\n<meta property=\"og:type\" content=\"article\" \/>\n<meta property=\"og:title\" content=\"Omega 3 ve \u00e7ocuk geli\u015fimi\" \/>\n<meta property=\"og:description\" content=\"\u00c7ocuk geli\u015fimi. M\u00f6ller&#039;s Omega-3, kemik geli\u015fimi, beyin geli\u015fimi ve ba\u011f\u0131\u015f\u0131kl\u0131k sistemi \u00fczerinde olumlu bir etkiye sahiptir.\" \/>\n<meta property=\"og:url\" content=\"https:\/\/mollersomega3.nl\/tr\/omega-3-ve-cocuk-gelisimi\/\" \/>\n<meta property=\"og:site_name\" content=\"M\u00f6llers Omega-3\" \/>\n<meta property=\"article:publisher\" content=\"https:\/\/www.facebook.com\/mollersomega3nl\" \/>\n<meta property=\"og:image\" content=\"https:\/\/mollersomega3.nl\/wp-content\/uploads\/2020\/12\/Mollers_logo_Flag_omega3_ENG_vertical_641x589_300PPI.png\" \/>\n\t<meta property=\"og:image:width\" content=\"641\" \/>\n\t<meta property=\"og:image:height\" content=\"589\" \/>\n\t<meta property=\"og:image:type\" content=\"image\/png\" \/>\n<meta name=\"twitter:card\" content=\"summary_large_image\" \/>\n<meta name=\"twitter:site\" content=\"@mollersomega3nl\" \/>\n<meta name=\"twitter:label1\" content=\"Est. reading time\" \/>\n\t<meta name=\"twitter:data1\" content=\"3 minutes\" \/>\n<script type=\"application\/ld+json\" class=\"yoast-schema-graph\">{\"@context\":\"https:\/\/schema.org\",\"@graph\":[{\"@type\":\"WebPage\",\"@id\":\"https:\/\/mollersomega3.nl\/tr\/omega-3-ve-cocuk-gelisimi\/\",\"url\":\"https:\/\/mollersomega3.nl\/tr\/omega-3-ve-cocuk-gelisimi\/\",\"name\":\"Omega 3 ve \u00e7ocuk geli\u015fimi\",\"isPartOf\":{\"@id\":\"https:\/\/mollersomega3.nl\/#website\"},\"datePublished\":\"2020-07-20T15:07:29+00:00\",\"description\":\"\u00c7ocuk geli\u015fimi. M\u00f6ller's Omega-3, kemik geli\u015fimi, beyin geli\u015fimi ve ba\u011f\u0131\u015f\u0131kl\u0131k sistemi \u00fczerinde olumlu bir etkiye sahiptir.\",\"breadcrumb\":{\"@id\":\"https:\/\/mollersomega3.nl\/tr\/omega-3-ve-cocuk-gelisimi\/#breadcrumb\"},\"inLanguage\":\"tr-TR\",\"potentialAction\":[{\"@type\":\"ReadAction\",\"target\":[\"https:\/\/mollersomega3.nl\/tr\/omega-3-ve-cocuk-gelisimi\/\"]}]},{\"@type\":\"BreadcrumbList\",\"@id\":\"https:\/\/mollersomega3.nl\/tr\/omega-3-ve-cocuk-gelisimi\/#breadcrumb\",\"itemListElement\":[{\"@type\":\"ListItem\",\"position\":1,\"name\":\"Ana Sayfa\",\"item\":\"https:\/\/mollersomega3.nl\/tr\/\"},{\"@type\":\"ListItem\",\"position\":2,\"name\":\"Omega 3 ve \u00e7ocuk geli\u015fimi\"}]},{\"@type\":\"WebSite\",\"@id\":\"https:\/\/mollersomega3.nl\/#website\",\"url\":\"https:\/\/mollersomega3.nl\/\",\"name\":\"M\u00f6llers Omega-3\",\"description\":\"A Spoonful of Life since 1854\",\"publisher\":{\"@id\":\"https:\/\/mollersomega3.nl\/#organization\"},\"potentialAction\":[{\"@type\":\"SearchAction\",\"target\":{\"@type\":\"EntryPoint\",\"urlTemplate\":\"https:\/\/mollersomega3.nl\/?s={search_term_string}\"},\"query-input\":{\"@type\":\"PropertyValueSpecification\",\"valueRequired\":true,\"valueName\":\"search_term_string\"}}],\"inLanguage\":\"tr-TR\"},{\"@type\":\"Organization\",\"@id\":\"https:\/\/mollersomega3.nl\/#organization\",\"name\":\"M\u00f6llers Omega-3\",\"url\":\"https:\/\/mollersomega3.nl\/\",\"logo\":{\"@type\":\"ImageObject\",\"inLanguage\":\"tr-TR\",\"@id\":\"https:\/\/mollersomega3.nl\/#\/schema\/logo\/image\/\",\"url\":\"https:\/\/mollersomega3.nl\/wp-content\/uploads\/2020\/07\/mollers-logo-bestellingen.png\",\"contentUrl\":\"https:\/\/mollersomega3.nl\/wp-content\/uploads\/2020\/07\/mollers-logo-bestellingen.png\",\"width\":250,\"height\":86,\"caption\":\"M\u00f6llers Omega-3\"},\"image\":{\"@id\":\"https:\/\/mollersomega3.nl\/#\/schema\/logo\/image\/\"},\"sameAs\":[\"https:\/\/www.facebook.com\/MollersOmega3NL\",\"https:\/\/www.instagram.com\/mollersomega3nl\/\",\"https:\/\/nl.linkedin.com\/company\/good-life-international\",\"https:\/\/www.bol.com\/nl\/nl\/m\/mollers\/\",\"https:\/\/mollersomega3.nl\/en\/\"],\"foundingDate\":\"1854\",\"areaServed\":[\"GB\",\"IE\",\"US\",\"CA\",\"AU\",\"NZ\",\"NL\"],\"knowsAbout\":[\"omega-3\",\"cod liver oil\",\"fish oil\",\"DHA\",\"EPA\",\"vitamin D\"],\"description\":\"Norwegian premium omega-3 brand since 1854. Cod liver oil and fish oil supplements with omega-3, vitamins A, D and E.\"}]}<\/script>\n<!-- \/ Yoast SEO Premium plugin. -->","yoast_head_json":{"title":"Omega 3 ve \u00e7ocuk geli\u015fimi","description":"\u00c7ocuk geli\u015fimi. M\u00f6ller's Omega-3, kemik geli\u015fimi, beyin geli\u015fimi ve ba\u011f\u0131\u015f\u0131kl\u0131k sistemi \u00fczerinde olumlu bir etkiye sahiptir.","robots":{"index":"index","follow":"follow","max-snippet":"max-snippet:-1","max-image-preview":"max-image-preview:large","max-video-preview":"max-video-preview:-1"},"canonical":"https:\/\/mollersomega3.nl\/tr\/omega-3-ve-cocuk-gelisimi\/","og_locale":"tr_TR","og_type":"article","og_title":"Omega 3 ve \u00e7ocuk geli\u015fimi","og_description":"\u00c7ocuk geli\u015fimi. M\u00f6ller's Omega-3, kemik geli\u015fimi, beyin geli\u015fimi ve ba\u011f\u0131\u015f\u0131kl\u0131k sistemi \u00fczerinde olumlu bir etkiye sahiptir.","og_url":"https:\/\/mollersomega3.nl\/tr\/omega-3-ve-cocuk-gelisimi\/","og_site_name":"M\u00f6llers Omega-3","article_publisher":"https:\/\/www.facebook.com\/mollersomega3nl","og_image":[{"width":641,"height":589,"url":"https:\/\/mollersomega3.nl\/wp-content\/uploads\/2020\/12\/Mollers_logo_Flag_omega3_ENG_vertical_641x589_300PPI.png","type":"image\/png"}],"twitter_card":"summary_large_image","twitter_site":"@mollersomega3nl","twitter_misc":{"Est. reading time":"3 minutes"},"schema":{"@context":"https:\/\/schema.org","@graph":[{"@type":"WebPage","@id":"https:\/\/mollersomega3.nl\/tr\/omega-3-ve-cocuk-gelisimi\/","url":"https:\/\/mollersomega3.nl\/tr\/omega-3-ve-cocuk-gelisimi\/","name":"Omega 3 ve \u00e7ocuk geli\u015fimi","isPartOf":{"@id":"https:\/\/mollersomega3.nl\/#website"},"datePublished":"2020-07-20T15:07:29+00:00","description":"\u00c7ocuk geli\u015fimi. M\u00f6ller's Omega-3, kemik geli\u015fimi, beyin geli\u015fimi ve ba\u011f\u0131\u015f\u0131kl\u0131k sistemi \u00fczerinde olumlu bir etkiye sahiptir.","breadcrumb":{"@id":"https:\/\/mollersomega3.nl\/tr\/omega-3-ve-cocuk-gelisimi\/#breadcrumb"},"inLanguage":"tr-TR","potentialAction":[{"@type":"ReadAction","target":["https:\/\/mollersomega3.nl\/tr\/omega-3-ve-cocuk-gelisimi\/"]}]},{"@type":"BreadcrumbList","@id":"https:\/\/mollersomega3.nl\/tr\/omega-3-ve-cocuk-gelisimi\/#breadcrumb","itemListElement":[{"@type":"ListItem","position":1,"name":"Ana Sayfa","item":"https:\/\/mollersomega3.nl\/tr\/"},{"@type":"ListItem","position":2,"name":"Omega 3 ve \u00e7ocuk geli\u015fimi"}]},{"@type":"WebSite","@id":"https:\/\/mollersomega3.nl\/#website","url":"https:\/\/mollersomega3.nl\/","name":"M\u00f6llers Omega-3","description":"A Spoonful of Life since 1854","publisher":{"@id":"https:\/\/mollersomega3.nl\/#organization"},"potentialAction":[{"@type":"SearchAction","target":{"@type":"EntryPoint","urlTemplate":"https:\/\/mollersomega3.nl\/?s={search_term_string}"},"query-input":{"@type":"PropertyValueSpecification","valueRequired":true,"valueName":"search_term_string"}}],"inLanguage":"tr-TR"},{"@type":"Organization","@id":"https:\/\/mollersomega3.nl\/#organization","name":"M\u00f6llers Omega-3","url":"https:\/\/mollersomega3.nl\/","logo":{"@type":"ImageObject","inLanguage":"tr-TR","@id":"https:\/\/mollersomega3.nl\/#\/schema\/logo\/image\/","url":"https:\/\/mollersomega3.nl\/wp-content\/uploads\/2020\/07\/mollers-logo-bestellingen.png","contentUrl":"https:\/\/mollersomega3.nl\/wp-content\/uploads\/2020\/07\/mollers-logo-bestellingen.png","width":250,"height":86,"caption":"M\u00f6llers Omega-3"},"image":{"@id":"https:\/\/mollersomega3.nl\/#\/schema\/logo\/image\/"},"sameAs":["https:\/\/www.facebook.com\/MollersOmega3NL","https:\/\/www.instagram.com\/mollersomega3nl\/","https:\/\/nl.linkedin.com\/company\/good-life-international","https:\/\/www.bol.com\/nl\/nl\/m\/mollers\/","https:\/\/mollersomega3.nl\/en\/"],"foundingDate":"1854","areaServed":["GB","IE","US","CA","AU","NZ","NL"],"knowsAbout":["omega-3","cod liver oil","fish oil","DHA","EPA","vitamin D"],"description":"Norwegian premium omega-3 brand since 1854. Cod liver oil and fish oil supplements with omega-3, vitamins A, D and E."}]}},"_links":{"self":[{"href":"https:\/\/mollersomega3.nl\/tr\/wp-json\/wp\/v2\/pages\/1005878","targetHints":{"allow":["GET"]}}],"collection":[{"href":"https:\/\/mollersomega3.nl\/tr\/wp-json\/wp\/v2\/pages"}],"about":[{"href":"https:\/\/mollersomega3.nl\/tr\/wp-json\/wp\/v2\/types\/page"}],"author":[{"embeddable":true,"href":"https:\/\/mollersomega3.nl\/tr\/wp-json\/wp\/v2\/users\/2"}],"replies":[{"embeddable":true,"href":"https:\/\/mollersomega3.nl\/tr\/wp-json\/wp\/v2\/comments?post=1005878"}],"version-history":[{"count":0,"href":"https:\/\/mollersomega3.nl\/tr\/wp-json\/wp\/v2\/pages\/1005878\/revisions"}],"wp:attachment":[{"href":"https:\/\/mollersomega3.nl\/tr\/wp-json\/wp\/v2\/media?parent=1005878"}],"curies":[{"name":"wp","href":"https:\/\/api.w.org\/{rel}","templated":true}]}}