{"id":1005884,"date":"2020-07-09T17:38:07","date_gmt":"2020-07-09T15:38:07","guid":{"rendered":"https:\/\/mollersomega3.nl\/siparis-iade\/"},"modified":"2025-09-23T15:44:27","modified_gmt":"2025-09-23T13:44:27","slug":"siparis-iade","status":"publish","type":"page","link":"https:\/\/mollersomega3.nl\/tr\/siparis-iade\/","title":{"rendered":"Sipari\u015f  iade"},"content":{"rendered":"<h2 class=\"wp-block-heading\" id=\"h-bestellen\"><strong>Sipari\u015f<\/strong><\/h2><p>T\u00fcm M\u00f6ller&#8217;s Omega-3 \u00fcr\u00fcnlerini web ma\u011fazam\u0131zdan kolayca ve h\u0131zl\u0131ca sipari\u015f edebilirsiniz. Her \u00fcr\u00fcn\u00fcn yan\u0131nda \u00fcr\u00fcn\u00fc sepete eklemek i\u00e7in bir sipari\u015f d\u00fc\u011fmesi bulunur. Sepetiniz tamamland\u0131\u011f\u0131nda, &#8216;Sepeti G\u00f6r\u00fcnt\u00fcle&#8217; d\u00fc\u011fmesine bas\u0131n ve sipari\u015f vermek i\u00e7in ad\u0131mlar\u0131 izleyin. Sipari\u015f onayland\u0131\u011f\u0131nda, e-posta ile bir onay alacaks\u0131n\u0131z.   <\/p><h3 class=\"wp-block-heading\" id=\"h-betaalwijzen-bij-bestellen\"><strong>\u00d6deme y\u00f6ntemleri<\/strong><\/h3><p>A\u015fa\u011f\u0131daki \u00f6deme y\u00f6ntemleri desteklenmektedir:<\/p><p>IDEAL<br\/>PayPal<br\/>Bancontact<br\/>Klarna \u2013 sonradan \u00f6deme (belirli \u00fclkeler i\u00e7in)<br\/>Kredi Kart\u0131<\/p><h3 class=\"wp-block-heading\" id=\"h-levertermijn\"><strong>Teslimat s\u00fcresi<\/strong><\/h3><p>Hollanda&#8217;da teslimat s\u00fcresi 1-2 i\u015f g\u00fcn\u00fcd\u00fcr. Avrupa&#8217;daki di\u011fer \u00fclkeler i\u00e7in bu s\u00fcre 5 i\u015f g\u00fcn\u00fcne kadar \u00e7\u0131kabilir. Sipari\u015finiz g\u00f6nderildi\u011finde, takip edebilmeniz i\u00e7in size Takip  \u0130zleme kodu i\u00e7eren bir e-posta g\u00f6nderilecektir.<br\/>Resmi tatil d\u00f6nemlerinde teslimat s\u00fcresinin daha uzun olabilece\u011fini l\u00fctfen g\u00f6z \u00f6n\u00fcnde bulundurun.  <\/p><p><strong>Hollanda ve Bel\u00e7ika&#8217;ya g\u00f6nderimde dikkat!<\/strong> Bu g\u00f6nderimler PostNL \u00fczerinden yap\u0131lmaktad\u0131r. Evde olmad\u0131\u011f\u0131n\u0131z takdirde, paket genellikle en yak\u0131n <a href=\"https:\/\/www.postnl.nl\/klantenservice\/postnl-punten\/dichtstbijzijnde-postnl-punten-openingstijden\/\">PostNL noktas\u0131na<\/a> teslim edilir. Paketiniz burada maksimum 7 g\u00fcn saklan\u0131r. Bu s\u00fcre sonunda iade edilir ve maalesef yeni kargo \u00fccreti talep etmek zorunda kal\u0131r\u0131z. Takip  \u0130zleme kodunuzu takip edin, paketinizin ne zaman ve nereye teslim edilece\u011fini buradan her zaman \u00f6\u011frenebilirsiniz.    <\/p><h3 class=\"wp-block-heading\" id=\"h-verzendkosten\"><strong>Kargo \u00fccretleri<\/strong><\/h3><p>Hollanda, Bel\u00e7ika ve Almanya&#8217;da minimum 39\u20ac&#8217;luk sipari\u015flerde kargo \u00fccretsizdir. Yani kargo \u00fccreti \u00f6demezsiniz! Avrupa&#8217;daki di\u011fer \u00fclkelere g\u00f6nderim \u00fccretleri i\u00e7in a\u015fa\u011f\u0131daki tabloya bak\u0131n\u0131z.  <\/p><h3 class=\"wp-block-heading\" id=\"h-retourneren\"><strong>\u0130ade<\/strong><\/h3><p>\u00dcr\u00fcnler, a\u00e7\u0131lmam\u0131\u015f olmalar\u0131 \u015fart\u0131yla, paketin teslim al\u0131nmas\u0131ndan itibaren 14 g\u00fcn i\u00e7inde iade edilebilir. \u0130ade masraflar\u0131 size aittir. \u00d6dedi\u011finiz tutar size geri \u00f6denecektir. Sipari\u015finizi iade etmek isterseniz, l\u00fctfen bizimle <a href=\"https:\/\/mollersomega3.nl\/tr\/musteri-hizmetleri\/\">ileti\u015fime<\/a> ge\u00e7in.   <\/p><h3 class=\"wp-block-heading\" id=\"h-verzendkosten-per-land\"><strong>\u00dclkelere g\u00f6re<\/strong> <strong>kargo \u00fccretleri<\/strong><\/h3><div class=\"wp-block-columns is-layout-flex wp-container-core-columns-is-layout-9d6595d7 wp-block-columns-is-layout-flex\"><div class=\"wp-block-column is-layout-flow wp-block-column-is-layout-flow\" style=\"flex-basis:100%\"><div class=\"wp-block-columns is-layout-flex wp-container-core-columns-is-layout-9d6595d7 wp-block-columns-is-layout-flex\"><div class=\"wp-block-column is-layout-flow wp-block-column-is-layout-flow\" style=\"flex-basis:100%\"><figure class=\"wp-block-table\"><table class=\"has-fixed-layout\"><tbody><tr><td><b>\u00dclke<\/b><\/td><td><strong>\u00dccretsiz kargo limiti<\/strong><\/td><td><b>Kargo<\/b><strong>\u00fccreti<\/strong><\/td><\/tr><tr><td>Bel\u00e7ika<\/td><td>39\u20ac<\/td><td>6,50\u20ac<\/td><\/tr><tr><td>Bulgaristan<\/td><td>150\u20ac<\/td><td>20,50\u20ac<\/td><\/tr><tr><td>K\u0131br\u0131s<\/td><td>150\u20ac<\/td><td>20,30\u20ac<\/td><\/tr><tr><td>Danimarka<\/td><td>150\u20ac<\/td><td>19,95\u20ac<\/td><\/tr><tr><td>Almanya<\/td><td>39\u20ac<\/td><td>6,50\u20ac<\/td><\/tr><tr><td>Estonya<\/td><td>150\u20ac<\/td><td>20,95\u20ac<\/td><\/tr><tr><td>Finlandiya<\/td><td>150\u20ac<\/td><td>25,95\u20ac<\/td><\/tr><tr><td>Fransa<\/td><td>110\u20ac<\/td><td>11,75\u20ac<\/td><\/tr><tr><td>Yunanistan<\/td><td>150\u20ac<\/td><td>21,20\u20ac<\/td><\/tr><tr><td>Macaristan<\/td><td>150\u20ac<\/td><td>20,94\u20ac<\/td><\/tr><tr><td>\u0130rlanda<\/td><td>110\u20ac<\/td><td>19,50\u20ac<\/td><\/tr><tr><td>\u0130talya<\/td><td>110\u20ac<\/td><td>9,95\u20ac<\/td><\/tr><tr><td>H\u0131rvatistan<\/td><td>150\u20ac<\/td><td>21,30\u20ac<\/td><\/tr><tr><td>Letonya<\/td><td>150\u20ac<\/td><td>20,75\u20ac<\/td><\/tr><tr><td>Litvanya<\/td><td>150\u20ac<\/td><td>20,75\u20ac<\/td><\/tr><tr><td>L\u00fcksemburg<\/td><td>110\u20ac<\/td><td>18,70\u20ac<\/td><\/tr><tr><td>Malta<\/td><td>150\u20ac<\/td><td>20,30\u20ac<\/td><\/tr><tr><td>Monako<\/td><td>110\u20ac<\/td><td>11,75\u20ac<\/td><\/tr><tr><td>Hollanda<\/td><td>39\u20ac<\/td><td>6,50\u20ac<\/td><\/tr><tr><td>Norve\u00e7<\/td><td>200\u20ac<\/td><td>30,95\u20ac<\/td><\/tr><tr><td>Avusturya<\/td><td>110\u20ac<\/td><td>8,40\u20ac<\/td><\/tr><tr><td>Polonya<\/td><td>110\u20ac<\/td><td>7,82\u20ac<\/td><\/tr><tr><td>Portekiz<\/td><td>150\u20ac<\/td><td>20,95\u20ac<\/td><\/tr><tr><td>Romanya<\/td><td>110\u20ac<\/td><td>9,95\u20ac<\/td><\/tr><tr><td>Slovenya<\/td><td>110\u20ac<\/td><td>18\u20ac<\/td><\/tr><tr><td>Slovakya<\/td><td>110\u20ac<\/td><td>19,75\u20ac<\/td><\/tr><tr><td>\u0130spanya<\/td><td>110\u20ac<\/td><td>10,95\u20ac<\/td><\/tr><tr><td>\u00c7ek Cumhuriyeti<\/td><td>110\u20ac<\/td><td>17,95\u20ac<\/td><\/tr><tr><td>\u0130sve\u00e7<\/td><td>150\u20ac<\/td><td>24,75\u20ac<\/td><\/tr><\/tbody><\/table><\/figure><\/div><\/div><\/div><\/div><p><\/p>","protected":false},"excerpt":{"rendered":"<p>Sipari\u015f T\u00fcm M\u00f6ller&#8217;s Omega-3 \u00fcr\u00fcnlerini web ma\u011fazam\u0131zdan kolayca ve h\u0131zl\u0131ca sipari\u015f edebilirsiniz. Her \u00fcr\u00fcn\u00fcn yan\u0131nda \u00fcr\u00fcn\u00fc sepete eklemek i\u00e7in bir sipari\u015f d\u00fc\u011fmesi bulunur. Sepetiniz tamamland\u0131\u011f\u0131nda, &#8216;Sepeti G\u00f6r\u00fcnt\u00fcle&#8217; d\u00fc\u011fmesine bas\u0131n ve sipari\u015f vermek i\u00e7in ad\u0131mlar\u0131 izleyin. Sipari\u015f onayland\u0131\u011f\u0131nda, e-posta ile bir onay alacaks\u0131n\u0131z. \u00d6deme y\u00f6ntemleri A\u015fa\u011f\u0131daki \u00f6deme y\u00f6ntemleri desteklenmektedir: IDEALPayPalBancontactKlarna \u2013 sonradan \u00f6deme (belirli \u00fclkeler i\u00e7in)Kredi [&hellip;]<\/p>\n","protected":false},"author":2,"featured_media":0,"parent":0,"menu_order":0,"comment_status":"closed","ping_status":"closed","template":"","meta":{"_yoast_wpseo_focuskw":"Sipari\u015f","_yoast_wpseo_title":"M\u00f6ller's \u00fcr\u00fcnlerinin %%title%% %%sep%% %%sitename%%","_yoast_wpseo_metadesc":"M\u00f6ller's Omega-3 \u00fcr\u00fcnlerini web ma\u011fazam\u0131zdan kolayca ve h\u0131zl\u0131ca sipari\u015f edebilirsiniz. E-posta ile onay. 30\u20ac ve \u00fczeri sipari\u015flerde \u00fccretsiz kargo.","_monsterinsights_skip_tracking":false,"_monsterinsights_sitenote_active":false,"_monsterinsights_sitenote_note":"","_monsterinsights_sitenote_category":0,"footnotes":""},"class_list":["post-1005884","page","type-page","status-publish","hentry"],"yoast_head":"<!-- This site is optimized with the Yoast SEO Premium plugin v25.1 (Yoast SEO v25.1) - https:\/\/yoast.com\/wordpress\/plugins\/seo\/ -->\n<title>M\u00f6ller&#039;s \u00fcr\u00fcnlerinin Sipari\u015f iade - M\u00f6llers Omega-3<\/title>\n<meta name=\"description\" content=\"M\u00f6ller&#039;s Omega-3 \u00fcr\u00fcnlerini web ma\u011fazam\u0131zdan kolayca ve h\u0131zl\u0131ca sipari\u015f edebilirsiniz. E-posta ile onay. 30\u20ac ve \u00fczeri sipari\u015flerde \u00fccretsiz kargo.\" \/>\n<meta name=\"robots\" content=\"index, follow, max-snippet:-1, max-image-preview:large, max-video-preview:-1\" \/>\n<link rel=\"canonical\" href=\"https:\/\/mollersomega3.nl\/bestellen-retourneren\/\" \/>\n<meta property=\"og:locale\" content=\"tr_TR\" \/>\n<meta property=\"og:type\" content=\"article\" \/>\n<meta property=\"og:title\" content=\"Sipari\u015f iade\" \/>\n<meta property=\"og:description\" content=\"M\u00f6ller&#039;s Omega-3 \u00fcr\u00fcnlerini web ma\u011fazam\u0131zdan kolayca ve h\u0131zl\u0131ca sipari\u015f edebilirsiniz. E-posta ile onay. 30\u20ac ve \u00fczeri sipari\u015flerde \u00fccretsiz kargo.\" \/>\n<meta property=\"og:url\" content=\"https:\/\/mollersomega3.nl\/bestellen-retourneren\/\" \/>\n<meta property=\"og:site_name\" content=\"M\u00f6llers Omega-3\" \/>\n<meta property=\"article:publisher\" content=\"https:\/\/www.facebook.com\/mollersomega3nl\" \/>\n<meta property=\"article:modified_time\" content=\"2025-09-23T13:44:27+00:00\" \/>\n<meta property=\"og:image\" content=\"https:\/\/mollersomega3.nl\/wp-content\/uploads\/2020\/12\/Mollers_logo_Flag_omega3_ENG_vertical_641x589_300PPI.png\" \/>\n\t<meta property=\"og:image:width\" content=\"641\" \/>\n\t<meta property=\"og:image:height\" content=\"589\" \/>\n\t<meta property=\"og:image:type\" content=\"image\/png\" \/>\n<meta name=\"twitter:card\" content=\"summary_large_image\" \/>\n<meta name=\"twitter:site\" content=\"@mollersomega3nl\" \/>\n<meta name=\"twitter:label1\" content=\"Est. reading time\" \/>\n\t<meta name=\"twitter:data1\" content=\"2 minutes\" \/>\n<script type=\"application\/ld+json\" class=\"yoast-schema-graph\">{\"@context\":\"https:\/\/schema.org\",\"@graph\":[{\"@type\":\"WebPage\",\"@id\":\"https:\/\/mollersomega3.nl\/bestellen-retourneren\/\",\"url\":\"https:\/\/mollersomega3.nl\/bestellen-retourneren\/\",\"name\":\"M\u00f6ller's \u00fcr\u00fcnlerinin Sipari\u015f iade - M\u00f6llers Omega-3\",\"isPartOf\":{\"@id\":\"https:\/\/mollersomega3.nl\/#website\"},\"datePublished\":\"2020-07-09T15:38:07+00:00\",\"dateModified\":\"2025-09-23T13:44:27+00:00\",\"description\":\"M\u00f6ller's Omega-3 \u00fcr\u00fcnlerini web ma\u011fazam\u0131zdan kolayca ve h\u0131zl\u0131ca sipari\u015f edebilirsiniz. E-posta ile onay. 30\u20ac ve \u00fczeri sipari\u015flerde \u00fccretsiz kargo.\",\"breadcrumb\":{\"@id\":\"https:\/\/mollersomega3.nl\/bestellen-retourneren\/#breadcrumb\"},\"inLanguage\":\"tr-TR\",\"potentialAction\":[{\"@type\":\"ReadAction\",\"target\":[\"https:\/\/mollersomega3.nl\/bestellen-retourneren\/\"]}]},{\"@type\":\"BreadcrumbList\",\"@id\":\"https:\/\/mollersomega3.nl\/bestellen-retourneren\/#breadcrumb\",\"itemListElement\":[{\"@type\":\"ListItem\",\"position\":1,\"name\":\"Ana Sayfa\",\"item\":\"https:\/\/mollersomega3.nl\/tr\/\"},{\"@type\":\"ListItem\",\"position\":2,\"name\":\"Sipari\u015f iade\"}]},{\"@type\":\"WebSite\",\"@id\":\"https:\/\/mollersomega3.nl\/#website\",\"url\":\"https:\/\/mollersomega3.nl\/\",\"name\":\"M\u00f6llers Omega-3\",\"description\":\"A Spoonful of Life since 1854\",\"publisher\":{\"@id\":\"https:\/\/mollersomega3.nl\/#organization\"},\"potentialAction\":[{\"@type\":\"SearchAction\",\"target\":{\"@type\":\"EntryPoint\",\"urlTemplate\":\"https:\/\/mollersomega3.nl\/?s={search_term_string}\"},\"query-input\":{\"@type\":\"PropertyValueSpecification\",\"valueRequired\":true,\"valueName\":\"search_term_string\"}}],\"inLanguage\":\"tr-TR\"},{\"@type\":\"Organization\",\"@id\":\"https:\/\/mollersomega3.nl\/#organization\",\"name\":\"M\u00f6llers Omega-3\",\"url\":\"https:\/\/mollersomega3.nl\/\",\"logo\":{\"@type\":\"ImageObject\",\"inLanguage\":\"tr-TR\",\"@id\":\"https:\/\/mollersomega3.nl\/#\/schema\/logo\/image\/\",\"url\":\"https:\/\/mollersomega3.nl\/wp-content\/uploads\/2020\/07\/mollers-logo-bestellingen.png\",\"contentUrl\":\"https:\/\/mollersomega3.nl\/wp-content\/uploads\/2020\/07\/mollers-logo-bestellingen.png\",\"width\":250,\"height\":86,\"caption\":\"M\u00f6llers Omega-3\"},\"image\":{\"@id\":\"https:\/\/mollersomega3.nl\/#\/schema\/logo\/image\/\"},\"sameAs\":[\"https:\/\/www.facebook.com\/MollersOmega3NL\",\"https:\/\/www.instagram.com\/mollersomega3nl\/\",\"https:\/\/nl.linkedin.com\/company\/good-life-international\",\"https:\/\/www.bol.com\/nl\/nl\/m\/mollers\/\",\"https:\/\/mollersomega3.nl\/en\/\"],\"foundingDate\":\"1854\",\"areaServed\":[\"GB\",\"IE\",\"US\",\"CA\",\"AU\",\"NZ\",\"NL\"],\"knowsAbout\":[\"omega-3\",\"cod liver oil\",\"fish oil\",\"DHA\",\"EPA\",\"vitamin D\"],\"description\":\"Norwegian premium omega-3 brand since 1854. Cod liver oil and fish oil supplements with omega-3, vitamins A, D and E.\"}]}<\/script>\n<!-- \/ Yoast SEO Premium plugin. -->","yoast_head_json":{"title":"M\u00f6ller's \u00fcr\u00fcnlerinin Sipari\u015f iade - M\u00f6llers Omega-3","description":"M\u00f6ller's Omega-3 \u00fcr\u00fcnlerini web ma\u011fazam\u0131zdan kolayca ve h\u0131zl\u0131ca sipari\u015f edebilirsiniz. E-posta ile onay. 30\u20ac ve \u00fczeri sipari\u015flerde \u00fccretsiz kargo.","robots":{"index":"index","follow":"follow","max-snippet":"max-snippet:-1","max-image-preview":"max-image-preview:large","max-video-preview":"max-video-preview:-1"},"canonical":"https:\/\/mollersomega3.nl\/bestellen-retourneren\/","og_locale":"tr_TR","og_type":"article","og_title":"Sipari\u015f iade","og_description":"M\u00f6ller's Omega-3 \u00fcr\u00fcnlerini web ma\u011fazam\u0131zdan kolayca ve h\u0131zl\u0131ca sipari\u015f edebilirsiniz. E-posta ile onay. 30\u20ac ve \u00fczeri sipari\u015flerde \u00fccretsiz kargo.","og_url":"https:\/\/mollersomega3.nl\/bestellen-retourneren\/","og_site_name":"M\u00f6llers Omega-3","article_publisher":"https:\/\/www.facebook.com\/mollersomega3nl","article_modified_time":"2025-09-23T13:44:27+00:00","og_image":[{"width":641,"height":589,"url":"https:\/\/mollersomega3.nl\/wp-content\/uploads\/2020\/12\/Mollers_logo_Flag_omega3_ENG_vertical_641x589_300PPI.png","type":"image\/png"}],"twitter_card":"summary_large_image","twitter_site":"@mollersomega3nl","twitter_misc":{"Est. reading time":"2 minutes"},"schema":{"@context":"https:\/\/schema.org","@graph":[{"@type":"WebPage","@id":"https:\/\/mollersomega3.nl\/bestellen-retourneren\/","url":"https:\/\/mollersomega3.nl\/bestellen-retourneren\/","name":"M\u00f6ller's \u00fcr\u00fcnlerinin Sipari\u015f iade - M\u00f6llers Omega-3","isPartOf":{"@id":"https:\/\/mollersomega3.nl\/#website"},"datePublished":"2020-07-09T15:38:07+00:00","dateModified":"2025-09-23T13:44:27+00:00","description":"M\u00f6ller's Omega-3 \u00fcr\u00fcnlerini web ma\u011fazam\u0131zdan kolayca ve h\u0131zl\u0131ca sipari\u015f edebilirsiniz. E-posta ile onay. 30\u20ac ve \u00fczeri sipari\u015flerde \u00fccretsiz kargo.","breadcrumb":{"@id":"https:\/\/mollersomega3.nl\/bestellen-retourneren\/#breadcrumb"},"inLanguage":"tr-TR","potentialAction":[{"@type":"ReadAction","target":["https:\/\/mollersomega3.nl\/bestellen-retourneren\/"]}]},{"@type":"BreadcrumbList","@id":"https:\/\/mollersomega3.nl\/bestellen-retourneren\/#breadcrumb","itemListElement":[{"@type":"ListItem","position":1,"name":"Ana Sayfa","item":"https:\/\/mollersomega3.nl\/tr\/"},{"@type":"ListItem","position":2,"name":"Sipari\u015f iade"}]},{"@type":"WebSite","@id":"https:\/\/mollersomega3.nl\/#website","url":"https:\/\/mollersomega3.nl\/","name":"M\u00f6llers Omega-3","description":"A Spoonful of Life since 1854","publisher":{"@id":"https:\/\/mollersomega3.nl\/#organization"},"potentialAction":[{"@type":"SearchAction","target":{"@type":"EntryPoint","urlTemplate":"https:\/\/mollersomega3.nl\/?s={search_term_string}"},"query-input":{"@type":"PropertyValueSpecification","valueRequired":true,"valueName":"search_term_string"}}],"inLanguage":"tr-TR"},{"@type":"Organization","@id":"https:\/\/mollersomega3.nl\/#organization","name":"M\u00f6llers Omega-3","url":"https:\/\/mollersomega3.nl\/","logo":{"@type":"ImageObject","inLanguage":"tr-TR","@id":"https:\/\/mollersomega3.nl\/#\/schema\/logo\/image\/","url":"https:\/\/mollersomega3.nl\/wp-content\/uploads\/2020\/07\/mollers-logo-bestellingen.png","contentUrl":"https:\/\/mollersomega3.nl\/wp-content\/uploads\/2020\/07\/mollers-logo-bestellingen.png","width":250,"height":86,"caption":"M\u00f6llers Omega-3"},"image":{"@id":"https:\/\/mollersomega3.nl\/#\/schema\/logo\/image\/"},"sameAs":["https:\/\/www.facebook.com\/MollersOmega3NL","https:\/\/www.instagram.com\/mollersomega3nl\/","https:\/\/nl.linkedin.com\/company\/good-life-international","https:\/\/www.bol.com\/nl\/nl\/m\/mollers\/","https:\/\/mollersomega3.nl\/en\/"],"foundingDate":"1854","areaServed":["GB","IE","US","CA","AU","NZ","NL"],"knowsAbout":["omega-3","cod liver oil","fish oil","DHA","EPA","vitamin D"],"description":"Norwegian premium omega-3 brand since 1854. Cod liver oil and fish oil supplements with omega-3, vitamins A, D and E."}]}},"_links":{"self":[{"href":"https:\/\/mollersomega3.nl\/tr\/wp-json\/wp\/v2\/pages\/1005884","targetHints":{"allow":["GET"]}}],"collection":[{"href":"https:\/\/mollersomega3.nl\/tr\/wp-json\/wp\/v2\/pages"}],"about":[{"href":"https:\/\/mollersomega3.nl\/tr\/wp-json\/wp\/v2\/types\/page"}],"author":[{"embeddable":true,"href":"https:\/\/mollersomega3.nl\/tr\/wp-json\/wp\/v2\/users\/2"}],"replies":[{"embeddable":true,"href":"https:\/\/mollersomega3.nl\/tr\/wp-json\/wp\/v2\/comments?post=1005884"}],"version-history":[{"count":0,"href":"https:\/\/mollersomega3.nl\/tr\/wp-json\/wp\/v2\/pages\/1005884\/revisions"}],"wp:attachment":[{"href":"https:\/\/mollersomega3.nl\/tr\/wp-json\/wp\/v2\/media?parent=1005884"}],"curies":[{"name":"wp","href":"https:\/\/api.w.org\/{rel}","templated":true}]}}