{"id":1005891,"date":"2020-06-06T19:35:29","date_gmt":"2020-06-06T17:35:29","guid":{"rendered":"https:\/\/mollersomega3.nl\/gozler\/"},"modified":"2020-06-06T19:35:29","modified_gmt":"2020-06-06T17:35:29","slug":"gozler","status":"publish","type":"page","link":"https:\/\/mollersomega3.nl\/tr\/gozler\/","title":{"rendered":"G\u00f6zler"},"content":{"rendered":"<h2>G\u00f6zler i\u00e7in Omega-3 ya\u011f asitleri ve A vitamini<\/h2>\n<h3>Retina, en y\u00fcksek DHA omega-3 ya\u011f asidi konsantrasyonuna sahip organd\u0131r<\/h3>\n<p>G\u00f6zlerin retinas\u0131nda karma\u015f\u0131k fotoresept\u00f6rler bulunur. Bunlara \u00e7ubuklar ve koniler de diyoruz. Bu sayede renkleri g\u00f6rebilir ve gri tonlar\u0131 ay\u0131rt edebiliriz. Ya\u015fam\u0131n ilk evrelerinde giderek daha net g\u00f6rebiliriz. Ya\u015fland\u0131k\u00e7a g\u00f6r\u00fc\u015f\u00fcm\u00fcz k\u00f6t\u00fcle\u015fir. Bunun nedeni resept\u00f6rlerin duyarl\u0131l\u0131\u011f\u0131n\u0131n kademeli olarak azalmas\u0131d\u0131r.     <\/p>\n<p>Omega-3 ya\u011f asidi DHA, retinan\u0131n \u00f6nemli bir bile\u015fenidir. \u00c7ocuklar\u0131n g\u00f6rme yetisinin geli\u015fimine katk\u0131da bulunur. \u0130leri ya\u015flarda iyi g\u00f6rme yetisinin korunmas\u0131na katk\u0131 sa\u011flar.  <\/p>\n<h3>\u00c7ocu\u011funuza da d\u00fcnyaya g\u00fczel bir bak\u0131\u015f a\u00e7\u0131s\u0131 verin<span style=\"font-weight: 400;\"> <\/span><\/h3>\n<p><span style=\"font-weight: 400;\">Omega-3&#8217;\u00fcn g\u00fcc\u00fc g\u00f6zlere kadar uzan\u0131r, burada g\u00f6zlerin geli\u015fimine katk\u0131da bulunur ve \u00e7ocuklarda sa\u011fl\u0131kl\u0131 g\u00f6rme yetisini destekler. B\u00f6ylece \u00e7evrelerindeki d\u00fcnyay\u0131 iyi alg\u0131layabilirler!  <\/span><\/p>\n<h3>M\u00f6ller&#8217;s Omega-3 g\u00f6rme yetisini destekler<\/h3>\n<p>Retinadaki \u00e7ubuklar ve koniler, v\u00fccuttaki t\u00fcm h\u00fccreler aras\u0131nda en y\u00fcksek DHA konsantrasyonunu i\u00e7erir. Bu nedenle DHA ya\u011f asidi retinan\u0131n \u00f6nemli bir yap\u0131 ta\u015f\u0131d\u0131r.<br \/>\nAyr\u0131ca bu ya\u011f asidi retinay\u0131 oksidatif strese kar\u015f\u0131 korur. Oksidatif stres, di\u011fer \u015feylerin yan\u0131 s\u0131ra makula dejenerasyonu ile ili\u015fkilidir. Bu da DHA&#8217;n\u0131n ya\u015flanmayla birlikte g\u00f6rme bozuklu\u011fu riskini azaltt\u0131\u011f\u0131 anlam\u0131na gelir. G\u00fcnl\u00fck 250 mg DHA al\u0131m\u0131yla faydal\u0131 etki elde edilir. M\u00f6ller&#8217;s Omega-3, g\u00fcnl\u00fck porsiyonda 600 mg DHA ya\u011f asidi i\u00e7erir.     <\/p>\n<p>M\u00f6ller&#8217;s Omega-3&#8217;teki A vitamini de g\u00f6rme yetisi i\u00e7in \u00f6nemlidir. G\u00f6zlerin alacakaranl\u0131k \u0131\u015f\u0131\u011f\u0131na uyum sa\u011flamas\u0131n\u0131 sa\u011flar. Eksiklik gece k\u00f6rl\u00fc\u011f\u00fcne yol a\u00e7abilir. Ve bu da sonu\u00e7ta k\u00f6rl\u00fc\u011fe neden olabilir. A vitaminine retinol da denir.    <\/p>\n<p><img decoding=\"async\" class=\"alignnone wp-image-460\" src=\"https:\/\/mollersomega3.nl\/wp-content\/uploads\/2020\/06\/icoontjes-groen-los_ogen.png\" alt=\"g\u00f6zler \" width=\"150\" height=\"150\" srcset=\"https:\/\/mollersomega3.nl\/wp-content\/uploads\/2020\/06\/icoontjes-groen-los_ogen.png 417w, https:\/\/mollersomega3.nl\/wp-content\/uploads\/2020\/06\/icoontjes-groen-los_ogen-300x301.png 300w, https:\/\/mollersomega3.nl\/wp-content\/uploads\/2020\/06\/icoontjes-groen-los_ogen-100x100.png 100w\" sizes=\"(max-width: 150px) 100vw, 150px\" \/><\/p>\n<p><strong>Biliyor muydun&#8230; g\u00f6zlerin \u00e7evresindeki kaslar\u0131n v\u00fccudun en aktif kaslar\u0131 oldu\u011funu?<\/strong><\/p>\n","protected":false},"excerpt":{"rendered":"<p>G\u00f6zler i\u00e7in Omega-3 ya\u011f asitleri ve A vitamini Retina, en y\u00fcksek DHA omega-3 ya\u011f asidi konsantrasyonuna sahip organd\u0131r G\u00f6zlerin retinas\u0131nda karma\u015f\u0131k fotoresept\u00f6rler bulunur. Bunlara \u00e7ubuklar ve koniler de diyoruz. Bu sayede renkleri g\u00f6rebilir ve gri tonlar\u0131 ay\u0131rt edebiliriz. Ya\u015fam\u0131n ilk evrelerinde giderek daha net g\u00f6rebiliriz. Ya\u015fland\u0131k\u00e7a g\u00f6r\u00fc\u015f\u00fcm\u00fcz k\u00f6t\u00fcle\u015fir. Bunun nedeni resept\u00f6rlerin duyarl\u0131l\u0131\u011f\u0131n\u0131n kademeli olarak azalmas\u0131d\u0131r. [&hellip;]<\/p>\n","protected":false},"author":1,"featured_media":0,"parent":0,"menu_order":0,"comment_status":"closed","ping_status":"closed","template":"","meta":{"_yoast_wpseo_focuskw":"g\u00f6zler","_yoast_wpseo_title":"%%title%% %%sep%% DHA ve g\u00f6rme %%sep%% %%sitename%%","_yoast_wpseo_metadesc":"G\u00f6zler ve omega-3. DHA, \u00e7ocuklarda g\u00f6rme yetisinin geli\u015fimine ve ileri ya\u015flarda korunmas\u0131na katk\u0131da bulunur.","_monsterinsights_skip_tracking":false,"_monsterinsights_sitenote_active":false,"_monsterinsights_sitenote_note":"","_monsterinsights_sitenote_category":0,"footnotes":""},"class_list":["post-1005891","page","type-page","status-publish","hentry"],"yoast_head":"<!-- This site is optimized with the Yoast SEO Premium plugin v25.1 (Yoast SEO v25.1) - https:\/\/yoast.com\/wordpress\/plugins\/seo\/ -->\n<title>G\u00f6zler - DHA ve g\u00f6rme - M\u00f6llers Omega-3<\/title>\n<meta name=\"description\" content=\"G\u00f6zler ve omega-3. DHA, \u00e7ocuklarda g\u00f6rme yetisinin geli\u015fimine ve ileri ya\u015flarda korunmas\u0131na katk\u0131da bulunur.\" \/>\n<meta name=\"robots\" content=\"index, follow, max-snippet:-1, max-image-preview:large, max-video-preview:-1\" \/>\n<link rel=\"canonical\" href=\"https:\/\/mollersomega3.nl\/ogen\/\" \/>\n<meta property=\"og:locale\" content=\"tr_TR\" \/>\n<meta property=\"og:type\" content=\"article\" \/>\n<meta property=\"og:title\" content=\"G\u00f6zler\" \/>\n<meta property=\"og:description\" content=\"G\u00f6zler ve omega-3. DHA, \u00e7ocuklarda g\u00f6rme yetisinin geli\u015fimine ve ileri ya\u015flarda korunmas\u0131na katk\u0131da bulunur.\" \/>\n<meta property=\"og:url\" content=\"https:\/\/mollersomega3.nl\/ogen\/\" \/>\n<meta property=\"og:site_name\" content=\"M\u00f6llers Omega-3\" \/>\n<meta property=\"article:publisher\" content=\"https:\/\/www.facebook.com\/mollersomega3nl\" \/>\n<meta property=\"og:image\" content=\"https:\/\/mollersomega3.nl\/wp-content\/uploads\/2020\/06\/icoontjes-groen-los_ogen.png\" \/>\n<meta name=\"twitter:card\" content=\"summary_large_image\" \/>\n<meta name=\"twitter:site\" content=\"@mollersomega3nl\" \/>\n<meta name=\"twitter:label1\" content=\"Est. reading time\" \/>\n\t<meta name=\"twitter:data1\" content=\"2 minutes\" \/>\n<script type=\"application\/ld+json\" class=\"yoast-schema-graph\">{\"@context\":\"https:\/\/schema.org\",\"@graph\":[{\"@type\":\"WebPage\",\"@id\":\"https:\/\/mollersomega3.nl\/ogen\/\",\"url\":\"https:\/\/mollersomega3.nl\/ogen\/\",\"name\":\"G\u00f6zler - DHA ve g\u00f6rme - M\u00f6llers Omega-3\",\"isPartOf\":{\"@id\":\"https:\/\/mollersomega3.nl\/#website\"},\"primaryImageOfPage\":{\"@id\":\"https:\/\/mollersomega3.nl\/ogen\/#primaryimage\"},\"image\":{\"@id\":\"https:\/\/mollersomega3.nl\/ogen\/#primaryimage\"},\"thumbnailUrl\":\"https:\/\/mollersomega3.nl\/wp-content\/uploads\/2020\/06\/icoontjes-groen-los_ogen.png\",\"datePublished\":\"2020-06-06T17:35:29+00:00\",\"description\":\"G\u00f6zler ve omega-3. DHA, \u00e7ocuklarda g\u00f6rme yetisinin geli\u015fimine ve ileri ya\u015flarda korunmas\u0131na katk\u0131da bulunur.\",\"breadcrumb\":{\"@id\":\"https:\/\/mollersomega3.nl\/ogen\/#breadcrumb\"},\"inLanguage\":\"tr-TR\",\"potentialAction\":[{\"@type\":\"ReadAction\",\"target\":[\"https:\/\/mollersomega3.nl\/ogen\/\"]}]},{\"@type\":\"ImageObject\",\"inLanguage\":\"tr-TR\",\"@id\":\"https:\/\/mollersomega3.nl\/ogen\/#primaryimage\",\"url\":\"https:\/\/mollersomega3.nl\/wp-content\/uploads\/2020\/06\/icoontjes-groen-los_ogen.png\",\"contentUrl\":\"https:\/\/mollersomega3.nl\/wp-content\/uploads\/2020\/06\/icoontjes-groen-los_ogen.png\"},{\"@type\":\"BreadcrumbList\",\"@id\":\"https:\/\/mollersomega3.nl\/ogen\/#breadcrumb\",\"itemListElement\":[{\"@type\":\"ListItem\",\"position\":1,\"name\":\"Ana Sayfa\",\"item\":\"https:\/\/mollersomega3.nl\/tr\/\"},{\"@type\":\"ListItem\",\"position\":2,\"name\":\"G\u00f6zler\"}]},{\"@type\":\"WebSite\",\"@id\":\"https:\/\/mollersomega3.nl\/#website\",\"url\":\"https:\/\/mollersomega3.nl\/\",\"name\":\"M\u00f6llers Omega-3\",\"description\":\"A Spoonful of Life since 1854\",\"publisher\":{\"@id\":\"https:\/\/mollersomega3.nl\/#organization\"},\"potentialAction\":[{\"@type\":\"SearchAction\",\"target\":{\"@type\":\"EntryPoint\",\"urlTemplate\":\"https:\/\/mollersomega3.nl\/?s={search_term_string}\"},\"query-input\":{\"@type\":\"PropertyValueSpecification\",\"valueRequired\":true,\"valueName\":\"search_term_string\"}}],\"inLanguage\":\"tr-TR\"},{\"@type\":\"Organization\",\"@id\":\"https:\/\/mollersomega3.nl\/#organization\",\"name\":\"M\u00f6llers Omega-3\",\"url\":\"https:\/\/mollersomega3.nl\/\",\"logo\":{\"@type\":\"ImageObject\",\"inLanguage\":\"tr-TR\",\"@id\":\"https:\/\/mollersomega3.nl\/#\/schema\/logo\/image\/\",\"url\":\"https:\/\/mollersomega3.nl\/wp-content\/uploads\/2020\/07\/mollers-logo-bestellingen.png\",\"contentUrl\":\"https:\/\/mollersomega3.nl\/wp-content\/uploads\/2020\/07\/mollers-logo-bestellingen.png\",\"width\":250,\"height\":86,\"caption\":\"M\u00f6llers Omega-3\"},\"image\":{\"@id\":\"https:\/\/mollersomega3.nl\/#\/schema\/logo\/image\/\"},\"sameAs\":[\"https:\/\/www.facebook.com\/MollersOmega3NL\",\"https:\/\/www.instagram.com\/mollersomega3nl\/\",\"https:\/\/nl.linkedin.com\/company\/good-life-international\",\"https:\/\/www.bol.com\/nl\/nl\/m\/mollers\/\",\"https:\/\/mollersomega3.nl\/en\/\"],\"foundingDate\":\"1854\",\"areaServed\":[\"GB\",\"IE\",\"US\",\"CA\",\"AU\",\"NZ\",\"NL\"],\"knowsAbout\":[\"omega-3\",\"cod liver oil\",\"fish oil\",\"DHA\",\"EPA\",\"vitamin D\"],\"description\":\"Norwegian premium omega-3 brand since 1854. Cod liver oil and fish oil supplements with omega-3, vitamins A, D and E.\"}]}<\/script>\n<!-- \/ Yoast SEO Premium plugin. -->","yoast_head_json":{"title":"G\u00f6zler - DHA ve g\u00f6rme - M\u00f6llers Omega-3","description":"G\u00f6zler ve omega-3. DHA, \u00e7ocuklarda g\u00f6rme yetisinin geli\u015fimine ve ileri ya\u015flarda korunmas\u0131na katk\u0131da bulunur.","robots":{"index":"index","follow":"follow","max-snippet":"max-snippet:-1","max-image-preview":"max-image-preview:large","max-video-preview":"max-video-preview:-1"},"canonical":"https:\/\/mollersomega3.nl\/ogen\/","og_locale":"tr_TR","og_type":"article","og_title":"G\u00f6zler","og_description":"G\u00f6zler ve omega-3. DHA, \u00e7ocuklarda g\u00f6rme yetisinin geli\u015fimine ve ileri ya\u015flarda korunmas\u0131na katk\u0131da bulunur.","og_url":"https:\/\/mollersomega3.nl\/ogen\/","og_site_name":"M\u00f6llers Omega-3","article_publisher":"https:\/\/www.facebook.com\/mollersomega3nl","og_image":[{"url":"https:\/\/mollersomega3.nl\/wp-content\/uploads\/2020\/06\/icoontjes-groen-los_ogen.png","type":"","width":"","height":""}],"twitter_card":"summary_large_image","twitter_site":"@mollersomega3nl","twitter_misc":{"Est. reading time":"2 minutes"},"schema":{"@context":"https:\/\/schema.org","@graph":[{"@type":"WebPage","@id":"https:\/\/mollersomega3.nl\/ogen\/","url":"https:\/\/mollersomega3.nl\/ogen\/","name":"G\u00f6zler - DHA ve g\u00f6rme - M\u00f6llers Omega-3","isPartOf":{"@id":"https:\/\/mollersomega3.nl\/#website"},"primaryImageOfPage":{"@id":"https:\/\/mollersomega3.nl\/ogen\/#primaryimage"},"image":{"@id":"https:\/\/mollersomega3.nl\/ogen\/#primaryimage"},"thumbnailUrl":"https:\/\/mollersomega3.nl\/wp-content\/uploads\/2020\/06\/icoontjes-groen-los_ogen.png","datePublished":"2020-06-06T17:35:29+00:00","description":"G\u00f6zler ve omega-3. DHA, \u00e7ocuklarda g\u00f6rme yetisinin geli\u015fimine ve ileri ya\u015flarda korunmas\u0131na katk\u0131da bulunur.","breadcrumb":{"@id":"https:\/\/mollersomega3.nl\/ogen\/#breadcrumb"},"inLanguage":"tr-TR","potentialAction":[{"@type":"ReadAction","target":["https:\/\/mollersomega3.nl\/ogen\/"]}]},{"@type":"ImageObject","inLanguage":"tr-TR","@id":"https:\/\/mollersomega3.nl\/ogen\/#primaryimage","url":"https:\/\/mollersomega3.nl\/wp-content\/uploads\/2020\/06\/icoontjes-groen-los_ogen.png","contentUrl":"https:\/\/mollersomega3.nl\/wp-content\/uploads\/2020\/06\/icoontjes-groen-los_ogen.png"},{"@type":"BreadcrumbList","@id":"https:\/\/mollersomega3.nl\/ogen\/#breadcrumb","itemListElement":[{"@type":"ListItem","position":1,"name":"Ana Sayfa","item":"https:\/\/mollersomega3.nl\/tr\/"},{"@type":"ListItem","position":2,"name":"G\u00f6zler"}]},{"@type":"WebSite","@id":"https:\/\/mollersomega3.nl\/#website","url":"https:\/\/mollersomega3.nl\/","name":"M\u00f6llers Omega-3","description":"A Spoonful of Life since 1854","publisher":{"@id":"https:\/\/mollersomega3.nl\/#organization"},"potentialAction":[{"@type":"SearchAction","target":{"@type":"EntryPoint","urlTemplate":"https:\/\/mollersomega3.nl\/?s={search_term_string}"},"query-input":{"@type":"PropertyValueSpecification","valueRequired":true,"valueName":"search_term_string"}}],"inLanguage":"tr-TR"},{"@type":"Organization","@id":"https:\/\/mollersomega3.nl\/#organization","name":"M\u00f6llers Omega-3","url":"https:\/\/mollersomega3.nl\/","logo":{"@type":"ImageObject","inLanguage":"tr-TR","@id":"https:\/\/mollersomega3.nl\/#\/schema\/logo\/image\/","url":"https:\/\/mollersomega3.nl\/wp-content\/uploads\/2020\/07\/mollers-logo-bestellingen.png","contentUrl":"https:\/\/mollersomega3.nl\/wp-content\/uploads\/2020\/07\/mollers-logo-bestellingen.png","width":250,"height":86,"caption":"M\u00f6llers Omega-3"},"image":{"@id":"https:\/\/mollersomega3.nl\/#\/schema\/logo\/image\/"},"sameAs":["https:\/\/www.facebook.com\/MollersOmega3NL","https:\/\/www.instagram.com\/mollersomega3nl\/","https:\/\/nl.linkedin.com\/company\/good-life-international","https:\/\/www.bol.com\/nl\/nl\/m\/mollers\/","https:\/\/mollersomega3.nl\/en\/"],"foundingDate":"1854","areaServed":["GB","IE","US","CA","AU","NZ","NL"],"knowsAbout":["omega-3","cod liver oil","fish oil","DHA","EPA","vitamin D"],"description":"Norwegian premium omega-3 brand since 1854. Cod liver oil and fish oil supplements with omega-3, vitamins A, D and E."}]}},"_links":{"self":[{"href":"https:\/\/mollersomega3.nl\/tr\/wp-json\/wp\/v2\/pages\/1005891","targetHints":{"allow":["GET"]}}],"collection":[{"href":"https:\/\/mollersomega3.nl\/tr\/wp-json\/wp\/v2\/pages"}],"about":[{"href":"https:\/\/mollersomega3.nl\/tr\/wp-json\/wp\/v2\/types\/page"}],"author":[{"embeddable":true,"href":"https:\/\/mollersomega3.nl\/tr\/wp-json\/wp\/v2\/users\/1"}],"replies":[{"embeddable":true,"href":"https:\/\/mollersomega3.nl\/tr\/wp-json\/wp\/v2\/comments?post=1005891"}],"version-history":[{"count":0,"href":"https:\/\/mollersomega3.nl\/tr\/wp-json\/wp\/v2\/pages\/1005891\/revisions"}],"wp:attachment":[{"href":"https:\/\/mollersomega3.nl\/tr\/wp-json\/wp\/v2\/media?parent=1005891"}],"curies":[{"name":"wp","href":"https:\/\/api.w.org\/{rel}","templated":true}]}}