{"id":1005892,"date":"2020-06-10T10:56:55","date_gmt":"2020-06-10T08:56:55","guid":{"rendered":"https:\/\/mollersomega3.nl\/kemikler-disler-ve-kaslar-icin-d-vitamini\/"},"modified":"2020-06-10T10:56:55","modified_gmt":"2020-06-10T08:56:55","slug":"kemikler-disler-ve-kaslar-icin-d-vitamini","status":"publish","type":"page","link":"https:\/\/mollersomega3.nl\/tr\/kemikler-disler-ve-kaslar-icin-d-vitamini\/","title":{"rendered":"Kemikler, di\u015fler ve kaslar i\u00e7in D vitamini"},"content":{"rendered":"<div class=\"columns\">\n<div class=\"column main\">\n<div class=\"category-view\">\n<div class=\"category-cms\">\n<p>M\u00f6ller&#8217;s Omega-3, D3 vitamini a\u00e7\u0131s\u0131ndan zengindir. Bu D vitamini, g\u00fc\u00e7l\u00fc kemikler, di\u015fler ve kaslar\u0131n korunmas\u0131 i\u00e7in gereklidir. <\/p>\n<h2>Kaslar<\/h2>\n<p>M\u00f6ller&#8217;s Omega-3&#8217;teki D vitamini, kalsiyumun daha iyi emilimini sa\u011flar. Kaslar\u0131m\u0131z ancak g\u00fcne\u015f \u0131\u015f\u0131\u011f\u0131 veya beslenme yoluyla yeterli D vitamini ald\u0131\u011f\u0131m\u0131zda d\u00fczg\u00fcn \u00e7al\u0131\u015fabilir. <a href=\"https:\/\/mollersomega3.nl\/wat-betekent-een-vitamine-d-tekort-voor-mijn-lichaam\/\">D vitamini eksikli\u011fi<\/a> kas zay\u0131fl\u0131\u011f\u0131na ve kas kramplar\u0131na neden olabilir. D vitamini kas geli\u015fimini ve kas fonksiyonunu destekler.   <\/p>\n<h2>Kemikler &amp; di\u015fler<\/h2>\n<p>\u0130nsan iskeleti, tam olarak 206 adet olmak \u00fczere bir\u00e7ok farkl\u0131 t\u00fcrde kemik ve kemik\u00e7ikten olu\u015fur. Yeti\u015fkin di\u015flerimizde 32 di\u015f vard\u0131r ve bunlar\u0131 m\u00fcmk\u00fcn oldu\u011funca uzun s\u00fcre sa\u011fl\u0131kl\u0131 ve g\u00fc\u00e7l\u00fc tutmak isteriz. D vitamini, g\u00fc\u00e7l\u00fc kemikler ve di\u015flerin korunmas\u0131 i\u00e7in \u00f6nemlidir. Kalsiyum gibi minerallerin ba\u011f\u0131rsaklarda daha iyi emilmesini sa\u011flar. Kalsiyum, kemik olu\u015fumu ve y\u00fcksek kemik yo\u011funlu\u011fu, yani g\u00fc\u00e7l\u00fc kemikler i\u00e7in gereklidir.    <\/p>\n<p><img decoding=\"async\" class=\"alignnone wp-image-462\" src=\"https:\/\/mollersomega3.nl\/wp-content\/uploads\/2020\/06\/icoontjes-groen-los_botten.png\" alt=\"Kemikler i\u00e7in D vitamini\" width=\"150\" height=\"150\" srcset=\"https:\/\/mollersomega3.nl\/wp-content\/uploads\/2020\/06\/icoontjes-groen-los_botten.png 417w, https:\/\/mollersomega3.nl\/wp-content\/uploads\/2020\/06\/icoontjes-groen-los_botten-300x301.png 300w, https:\/\/mollersomega3.nl\/wp-content\/uploads\/2020\/06\/icoontjes-groen-los_botten-100x100.png 100w\" sizes=\"(max-width: 150px) 100vw, 150px\" \/> <img decoding=\"async\" class=\"alignnone wp-image-461\" src=\"https:\/\/mollersomega3.nl\/wp-content\/uploads\/2020\/06\/icoontjes-groen-los_tand.png\" alt=\"D vitamini - kemikler di\u015fler kaslar\" width=\"150\" height=\"150\" srcset=\"https:\/\/mollersomega3.nl\/wp-content\/uploads\/2020\/06\/icoontjes-groen-los_tand.png 417w, https:\/\/mollersomega3.nl\/wp-content\/uploads\/2020\/06\/icoontjes-groen-los_tand-300x301.png 300w, https:\/\/mollersomega3.nl\/wp-content\/uploads\/2020\/06\/icoontjes-groen-los_tand-100x100.png 100w\" sizes=\"(max-width: 150px) 100vw, 150px\" \/><\/p>\n<p><strong>Biliyor muydunuz&#8230; bir bebe\u011fin yeti\u015fkinden daha fazla kemi\u011fi vard\u0131r?<\/strong> <strong>Ya\u015fland\u0131k\u00e7a baz\u0131 kemikler birbirine kayna\u015f\u0131r.<\/strong><\/p>\n<\/div>\n<\/div>\n<\/div>\n<\/div>\n","protected":false},"excerpt":{"rendered":"<p>M\u00f6ller&#8217;s Omega-3, D3 vitamini a\u00e7\u0131s\u0131ndan zengindir. Bu D vitamini, g\u00fc\u00e7l\u00fc kemikler, di\u015fler ve kaslar\u0131n korunmas\u0131 i\u00e7in gereklidir. Kaslar M\u00f6ller&#8217;s Omega-3&#8217;teki D vitamini, kalsiyumun daha iyi emilimini sa\u011flar. Kaslar\u0131m\u0131z ancak g\u00fcne\u015f \u0131\u015f\u0131\u011f\u0131 veya beslenme yoluyla yeterli D vitamini ald\u0131\u011f\u0131m\u0131zda d\u00fczg\u00fcn \u00e7al\u0131\u015fabilir. D vitamini eksikli\u011fi kas zay\u0131fl\u0131\u011f\u0131na ve kas kramplar\u0131na neden olabilir. D vitamini kas geli\u015fimini ve [&hellip;]<\/p>\n","protected":false},"author":1,"featured_media":0,"parent":0,"menu_order":0,"comment_status":"closed","ping_status":"closed","template":"","meta":{"_yoast_wpseo_focuskw":"Kemikler i\u00e7in D vitamini","_yoast_wpseo_title":"","_yoast_wpseo_metadesc":"Kemikler, di\u015fler ve kaslar i\u00e7in D vitamini. M\u00f6ller's Omega-3, kalsiyumun daha iyi emilimini sa\u011flar. G\u00fc\u00e7l\u00fc kemikler ve di\u015fler i\u00e7in gereklidir.","_monsterinsights_skip_tracking":false,"_monsterinsights_sitenote_active":false,"_monsterinsights_sitenote_note":"","_monsterinsights_sitenote_category":0,"footnotes":""},"class_list":["post-1005892","page","type-page","status-publish","hentry"],"yoast_head":"<!-- This site is optimized with the Yoast SEO Premium plugin v25.1 (Yoast SEO v25.1) - https:\/\/yoast.com\/wordpress\/plugins\/seo\/ -->\n<title>Kemikler, di\u015fler ve kaslar i\u00e7in D vitamini - M\u00f6llers Omega-3<\/title>\n<meta name=\"description\" content=\"Kemikler, di\u015fler ve kaslar i\u00e7in D vitamini. M\u00f6ller&#039;s Omega-3, kalsiyumun daha iyi emilimini sa\u011flar. G\u00fc\u00e7l\u00fc kemikler ve di\u015fler i\u00e7in gereklidir.\" \/>\n<meta name=\"robots\" content=\"index, follow, max-snippet:-1, max-image-preview:large, max-video-preview:-1\" \/>\n<link rel=\"canonical\" href=\"https:\/\/mollersomega3.nl\/vitamine-d-voor-botten-tanden-spieren\/\" \/>\n<meta property=\"og:locale\" content=\"tr_TR\" \/>\n<meta property=\"og:type\" content=\"article\" \/>\n<meta property=\"og:title\" content=\"Kemikler, di\u015fler ve kaslar i\u00e7in D vitamini\" \/>\n<meta property=\"og:description\" content=\"Kemikler, di\u015fler ve kaslar i\u00e7in D vitamini. M\u00f6ller&#039;s Omega-3, kalsiyumun daha iyi emilimini sa\u011flar. G\u00fc\u00e7l\u00fc kemikler ve di\u015fler i\u00e7in gereklidir.\" \/>\n<meta property=\"og:url\" content=\"https:\/\/mollersomega3.nl\/vitamine-d-voor-botten-tanden-spieren\/\" \/>\n<meta property=\"og:site_name\" content=\"M\u00f6llers Omega-3\" \/>\n<meta property=\"article:publisher\" content=\"https:\/\/www.facebook.com\/mollersomega3nl\" \/>\n<meta property=\"og:image\" content=\"https:\/\/mollersomega3.nl\/wp-content\/uploads\/2020\/06\/icoontjes-groen-los_botten.png\" \/>\n<meta name=\"twitter:card\" content=\"summary_large_image\" \/>\n<meta name=\"twitter:site\" content=\"@mollersomega3nl\" \/>\n<meta name=\"twitter:label1\" content=\"Est. reading time\" \/>\n\t<meta name=\"twitter:data1\" content=\"1 minute\" \/>\n<script type=\"application\/ld+json\" class=\"yoast-schema-graph\">{\"@context\":\"https:\/\/schema.org\",\"@graph\":[{\"@type\":\"WebPage\",\"@id\":\"https:\/\/mollersomega3.nl\/vitamine-d-voor-botten-tanden-spieren\/\",\"url\":\"https:\/\/mollersomega3.nl\/vitamine-d-voor-botten-tanden-spieren\/\",\"name\":\"Kemikler, di\u015fler ve kaslar i\u00e7in D vitamini - M\u00f6llers Omega-3\",\"isPartOf\":{\"@id\":\"https:\/\/mollersomega3.nl\/#website\"},\"primaryImageOfPage\":{\"@id\":\"https:\/\/mollersomega3.nl\/vitamine-d-voor-botten-tanden-spieren\/#primaryimage\"},\"image\":{\"@id\":\"https:\/\/mollersomega3.nl\/vitamine-d-voor-botten-tanden-spieren\/#primaryimage\"},\"thumbnailUrl\":\"https:\/\/mollersomega3.nl\/wp-content\/uploads\/2020\/06\/icoontjes-groen-los_botten.png\",\"datePublished\":\"2020-06-10T08:56:55+00:00\",\"description\":\"Kemikler, di\u015fler ve kaslar i\u00e7in D vitamini. M\u00f6ller's Omega-3, kalsiyumun daha iyi emilimini sa\u011flar. G\u00fc\u00e7l\u00fc kemikler ve di\u015fler i\u00e7in gereklidir.\",\"breadcrumb\":{\"@id\":\"https:\/\/mollersomega3.nl\/vitamine-d-voor-botten-tanden-spieren\/#breadcrumb\"},\"inLanguage\":\"tr-TR\",\"potentialAction\":[{\"@type\":\"ReadAction\",\"target\":[\"https:\/\/mollersomega3.nl\/vitamine-d-voor-botten-tanden-spieren\/\"]}]},{\"@type\":\"ImageObject\",\"inLanguage\":\"tr-TR\",\"@id\":\"https:\/\/mollersomega3.nl\/vitamine-d-voor-botten-tanden-spieren\/#primaryimage\",\"url\":\"https:\/\/mollersomega3.nl\/wp-content\/uploads\/2020\/06\/icoontjes-groen-los_botten.png\",\"contentUrl\":\"https:\/\/mollersomega3.nl\/wp-content\/uploads\/2020\/06\/icoontjes-groen-los_botten.png\"},{\"@type\":\"BreadcrumbList\",\"@id\":\"https:\/\/mollersomega3.nl\/vitamine-d-voor-botten-tanden-spieren\/#breadcrumb\",\"itemListElement\":[{\"@type\":\"ListItem\",\"position\":1,\"name\":\"Ana Sayfa\",\"item\":\"https:\/\/mollersomega3.nl\/tr\/\"},{\"@type\":\"ListItem\",\"position\":2,\"name\":\"Kemikler, di\u015fler ve kaslar i\u00e7in D vitamini\"}]},{\"@type\":\"WebSite\",\"@id\":\"https:\/\/mollersomega3.nl\/#website\",\"url\":\"https:\/\/mollersomega3.nl\/\",\"name\":\"M\u00f6llers Omega-3\",\"description\":\"A Spoonful of Life since 1854\",\"publisher\":{\"@id\":\"https:\/\/mollersomega3.nl\/#organization\"},\"potentialAction\":[{\"@type\":\"SearchAction\",\"target\":{\"@type\":\"EntryPoint\",\"urlTemplate\":\"https:\/\/mollersomega3.nl\/?s={search_term_string}\"},\"query-input\":{\"@type\":\"PropertyValueSpecification\",\"valueRequired\":true,\"valueName\":\"search_term_string\"}}],\"inLanguage\":\"tr-TR\"},{\"@type\":\"Organization\",\"@id\":\"https:\/\/mollersomega3.nl\/#organization\",\"name\":\"M\u00f6llers Omega-3\",\"url\":\"https:\/\/mollersomega3.nl\/\",\"logo\":{\"@type\":\"ImageObject\",\"inLanguage\":\"tr-TR\",\"@id\":\"https:\/\/mollersomega3.nl\/#\/schema\/logo\/image\/\",\"url\":\"https:\/\/mollersomega3.nl\/wp-content\/uploads\/2020\/07\/mollers-logo-bestellingen.png\",\"contentUrl\":\"https:\/\/mollersomega3.nl\/wp-content\/uploads\/2020\/07\/mollers-logo-bestellingen.png\",\"width\":250,\"height\":86,\"caption\":\"M\u00f6llers Omega-3\"},\"image\":{\"@id\":\"https:\/\/mollersomega3.nl\/#\/schema\/logo\/image\/\"},\"sameAs\":[\"https:\/\/www.facebook.com\/MollersOmega3NL\",\"https:\/\/www.instagram.com\/mollersomega3nl\/\",\"https:\/\/nl.linkedin.com\/company\/good-life-international\",\"https:\/\/www.bol.com\/nl\/nl\/m\/mollers\/\",\"https:\/\/mollersomega3.nl\/en\/\"],\"foundingDate\":\"1854\",\"areaServed\":[\"GB\",\"IE\",\"US\",\"CA\",\"AU\",\"NZ\",\"NL\"],\"knowsAbout\":[\"omega-3\",\"cod liver oil\",\"fish oil\",\"DHA\",\"EPA\",\"vitamin D\"],\"description\":\"Norwegian premium omega-3 brand since 1854. Cod liver oil and fish oil supplements with omega-3, vitamins A, D and E.\"}]}<\/script>\n<!-- \/ Yoast SEO Premium plugin. -->","yoast_head_json":{"title":"Kemikler, di\u015fler ve kaslar i\u00e7in D vitamini - M\u00f6llers Omega-3","description":"Kemikler, di\u015fler ve kaslar i\u00e7in D vitamini. M\u00f6ller's Omega-3, kalsiyumun daha iyi emilimini sa\u011flar. G\u00fc\u00e7l\u00fc kemikler ve di\u015fler i\u00e7in gereklidir.","robots":{"index":"index","follow":"follow","max-snippet":"max-snippet:-1","max-image-preview":"max-image-preview:large","max-video-preview":"max-video-preview:-1"},"canonical":"https:\/\/mollersomega3.nl\/vitamine-d-voor-botten-tanden-spieren\/","og_locale":"tr_TR","og_type":"article","og_title":"Kemikler, di\u015fler ve kaslar i\u00e7in D vitamini","og_description":"Kemikler, di\u015fler ve kaslar i\u00e7in D vitamini. M\u00f6ller's Omega-3, kalsiyumun daha iyi emilimini sa\u011flar. G\u00fc\u00e7l\u00fc kemikler ve di\u015fler i\u00e7in gereklidir.","og_url":"https:\/\/mollersomega3.nl\/vitamine-d-voor-botten-tanden-spieren\/","og_site_name":"M\u00f6llers Omega-3","article_publisher":"https:\/\/www.facebook.com\/mollersomega3nl","og_image":[{"url":"https:\/\/mollersomega3.nl\/wp-content\/uploads\/2020\/06\/icoontjes-groen-los_botten.png","type":"","width":"","height":""}],"twitter_card":"summary_large_image","twitter_site":"@mollersomega3nl","twitter_misc":{"Est. reading time":"1 minute"},"schema":{"@context":"https:\/\/schema.org","@graph":[{"@type":"WebPage","@id":"https:\/\/mollersomega3.nl\/vitamine-d-voor-botten-tanden-spieren\/","url":"https:\/\/mollersomega3.nl\/vitamine-d-voor-botten-tanden-spieren\/","name":"Kemikler, di\u015fler ve kaslar i\u00e7in D vitamini - M\u00f6llers Omega-3","isPartOf":{"@id":"https:\/\/mollersomega3.nl\/#website"},"primaryImageOfPage":{"@id":"https:\/\/mollersomega3.nl\/vitamine-d-voor-botten-tanden-spieren\/#primaryimage"},"image":{"@id":"https:\/\/mollersomega3.nl\/vitamine-d-voor-botten-tanden-spieren\/#primaryimage"},"thumbnailUrl":"https:\/\/mollersomega3.nl\/wp-content\/uploads\/2020\/06\/icoontjes-groen-los_botten.png","datePublished":"2020-06-10T08:56:55+00:00","description":"Kemikler, di\u015fler ve kaslar i\u00e7in D vitamini. M\u00f6ller's Omega-3, kalsiyumun daha iyi emilimini sa\u011flar. G\u00fc\u00e7l\u00fc kemikler ve di\u015fler i\u00e7in gereklidir.","breadcrumb":{"@id":"https:\/\/mollersomega3.nl\/vitamine-d-voor-botten-tanden-spieren\/#breadcrumb"},"inLanguage":"tr-TR","potentialAction":[{"@type":"ReadAction","target":["https:\/\/mollersomega3.nl\/vitamine-d-voor-botten-tanden-spieren\/"]}]},{"@type":"ImageObject","inLanguage":"tr-TR","@id":"https:\/\/mollersomega3.nl\/vitamine-d-voor-botten-tanden-spieren\/#primaryimage","url":"https:\/\/mollersomega3.nl\/wp-content\/uploads\/2020\/06\/icoontjes-groen-los_botten.png","contentUrl":"https:\/\/mollersomega3.nl\/wp-content\/uploads\/2020\/06\/icoontjes-groen-los_botten.png"},{"@type":"BreadcrumbList","@id":"https:\/\/mollersomega3.nl\/vitamine-d-voor-botten-tanden-spieren\/#breadcrumb","itemListElement":[{"@type":"ListItem","position":1,"name":"Ana Sayfa","item":"https:\/\/mollersomega3.nl\/tr\/"},{"@type":"ListItem","position":2,"name":"Kemikler, di\u015fler ve kaslar i\u00e7in D vitamini"}]},{"@type":"WebSite","@id":"https:\/\/mollersomega3.nl\/#website","url":"https:\/\/mollersomega3.nl\/","name":"M\u00f6llers Omega-3","description":"A Spoonful of Life since 1854","publisher":{"@id":"https:\/\/mollersomega3.nl\/#organization"},"potentialAction":[{"@type":"SearchAction","target":{"@type":"EntryPoint","urlTemplate":"https:\/\/mollersomega3.nl\/?s={search_term_string}"},"query-input":{"@type":"PropertyValueSpecification","valueRequired":true,"valueName":"search_term_string"}}],"inLanguage":"tr-TR"},{"@type":"Organization","@id":"https:\/\/mollersomega3.nl\/#organization","name":"M\u00f6llers Omega-3","url":"https:\/\/mollersomega3.nl\/","logo":{"@type":"ImageObject","inLanguage":"tr-TR","@id":"https:\/\/mollersomega3.nl\/#\/schema\/logo\/image\/","url":"https:\/\/mollersomega3.nl\/wp-content\/uploads\/2020\/07\/mollers-logo-bestellingen.png","contentUrl":"https:\/\/mollersomega3.nl\/wp-content\/uploads\/2020\/07\/mollers-logo-bestellingen.png","width":250,"height":86,"caption":"M\u00f6llers Omega-3"},"image":{"@id":"https:\/\/mollersomega3.nl\/#\/schema\/logo\/image\/"},"sameAs":["https:\/\/www.facebook.com\/MollersOmega3NL","https:\/\/www.instagram.com\/mollersomega3nl\/","https:\/\/nl.linkedin.com\/company\/good-life-international","https:\/\/www.bol.com\/nl\/nl\/m\/mollers\/","https:\/\/mollersomega3.nl\/en\/"],"foundingDate":"1854","areaServed":["GB","IE","US","CA","AU","NZ","NL"],"knowsAbout":["omega-3","cod liver oil","fish oil","DHA","EPA","vitamin D"],"description":"Norwegian premium omega-3 brand since 1854. Cod liver oil and fish oil supplements with omega-3, vitamins A, D and E."}]}},"_links":{"self":[{"href":"https:\/\/mollersomega3.nl\/tr\/wp-json\/wp\/v2\/pages\/1005892","targetHints":{"allow":["GET"]}}],"collection":[{"href":"https:\/\/mollersomega3.nl\/tr\/wp-json\/wp\/v2\/pages"}],"about":[{"href":"https:\/\/mollersomega3.nl\/tr\/wp-json\/wp\/v2\/types\/page"}],"author":[{"embeddable":true,"href":"https:\/\/mollersomega3.nl\/tr\/wp-json\/wp\/v2\/users\/1"}],"replies":[{"embeddable":true,"href":"https:\/\/mollersomega3.nl\/tr\/wp-json\/wp\/v2\/comments?post=1005892"}],"version-history":[{"count":0,"href":"https:\/\/mollersomega3.nl\/tr\/wp-json\/wp\/v2\/pages\/1005892\/revisions"}],"wp:attachment":[{"href":"https:\/\/mollersomega3.nl\/tr\/wp-json\/wp\/v2\/media?parent=1005892"}],"curies":[{"name":"wp","href":"https:\/\/api.w.org\/{rel}","templated":true}]}}